{"id":50706,"date":"2023-11-20T17:44:13","date_gmt":"2023-11-20T16:44:13","guid":{"rendered":"https:\/\/www.m-stickers.com\/?post_type=product&#038;p=50706"},"modified":"2025-02-25T16:36:17","modified_gmt":"2025-02-25T15:36:17","slug":"paquete-de-20-llantas","status":"publish","type":"product","link":"https:\/\/www.m-stickers.com\/es\/produit\/pack-20-l\/","title":{"rendered":"Pack 20 \u2013 L"},"content":{"rendered":"<p><strong>Paquete 20 adhesivos M-Stickers m\u00e1s vendidos<\/strong><\/p>\n<p>Pack de 90 kits decorativos para llantas de moto<\/p>\n<div class=\"elementor-element elementor-element-5851b63 elementor-widget elementor-widget-heading\" data-id=\"5851b63\" data-element_type=\"widget\" data-widget_type=\"heading.default\">\n<div class=\"elementor-widget-container\">\n<h2 class=\"elementor-heading-title elementor-size-medium\">Este pack incluye:<\/h2>\n<\/div>\n<\/div>\n<section class=\"elementor-section elementor-inner-section elementor-element elementor-element-4a8a9a5 elementor-section-boxed elementor-section-height-default elementor-section-height-default\" data-id=\"4a8a9a5\" data-element_type=\"section\">\n<div class=\"elementor-container elementor-column-gap-default\">\n<div class=\"elementor-row\">\n<div class=\"elementor-column elementor-col-20 elementor-inner-column elementor-element elementor-element-95bfa79\" data-id=\"95bfa79\" data-element_type=\"column\">\n<div class=\"elementor-column-wrap elementor-element-populated\">\n<div class=\"elementor-widget-wrap\">\n<div class=\"elementor-element elementor-element-15b8d29 elementor-widget elementor-widget-text-editor\" data-id=\"15b8d29\" data-element_type=\"widget\" data-widget_type=\"text-editor.default\">\n<div class=\"elementor-widget-container\">\n<div class=\"elementor-text-editor elementor-clearfix\">\n<table dir=\"ltr\" style=\"height: 520px;\" border=\"1\" width=\"503\" cellspacing=\"0\" cellpadding=\"0\">\n<colgroup>\n<col width=\"168\" \/>\n<col width=\"89\" \/>\n<col width=\"39\" \/>\n<col width=\"39\" \/>\n<col width=\"191\" \/>\n<col width=\"60\" \/>\n<col width=\"33\" \/>\n<col width=\"33\" \/>\n<col width=\"184\" \/>\n<col width=\"59\" \/>\n<col width=\"33\" \/><\/colgroup>\n<tbody>\n<tr>\n<td data-sheets-value=\"{&quot;1&quot;:2,&quot;2&quot;:&quot;Marque\/model&quot;}\"><span style=\"text-decoration: underline;\"><strong>Marca\/modelo<\/strong><\/span><\/td>\n<td data-sheets-value=\"{&quot;1&quot;:2,&quot;2&quot;:&quot;couleurs&quot;}\"><span style=\"text-decoration: underline;\"><strong>Colores<\/strong><\/span><\/td>\n<td data-sheets-value=\"{&quot;1&quot;:2,&quot;2&quot;:&quot;kit&quot;}\"><span style=\"text-decoration: underline;\"><strong>kit<\/strong><\/span><\/td>\n<td data-sheets-value=\"{&quot;1&quot;:2,&quot;2&quot;:&quot;|&quot;}\"><span style=\"text-decoration: underline;\"><strong>|<\/strong><\/span><\/td>\n<td data-sheets-value=\"{&quot;1&quot;:2,&quot;2&quot;:&quot;Marque\/model&quot;}\"><span style=\"text-decoration: underline;\"><strong>Marca\/modelo<\/strong><\/span><\/td>\n<td data-sheets-value=\"{&quot;1&quot;:2,&quot;2&quot;:&quot;couleurs&quot;}\"><span style=\"text-decoration: underline;\"><strong>Colores<\/strong><\/span><\/td>\n<td data-sheets-value=\"{&quot;1&quot;:2,&quot;2&quot;:&quot;kit&quot;}\"><span style=\"text-decoration: underline;\"><strong>kit<\/strong><\/span><\/td>\n<td data-sheets-value=\"{&quot;1&quot;:2,&quot;2&quot;:&quot;|&quot;}\"><span style=\"text-decoration: underline;\"><strong>|<\/strong><\/span><\/td>\n<td data-sheets-value=\"{&quot;1&quot;:2,&quot;2&quot;:&quot;Marque\/model&quot;}\"><\/td>\n<td data-sheets-value=\"{&quot;1&quot;:2,&quot;2&quot;:&quot;couleurs&quot;}\"><\/td>\n<td data-sheets-value=\"{&quot;1&quot;:2,&quot;2&quot;:&quot;kit&quot;}\"><\/td>\n<\/tr>\n<tr>\n<td data-sheets-value=\"{&quot;1&quot;:2,&quot;2&quot;:&quot;1.Yamaha MT-07&quot;}\">Yamaha <strong>MT-07<\/strong><\/td>\n<td data-sheets-value=\"{&quot;1&quot;:2,&quot;2&quot;:&quot;C\/B\/J\/R\/Bl\/N&quot;}\" data-sheets-textstyleruns=\"{&quot;1&quot;:0,&quot;2&quot;:{&quot;2&quot;:{&quot;1&quot;:2,&quot;2&quot;:65535}}}?{&quot;1&quot;:1}?{&quot;1&quot;:2,&quot;2&quot;:{&quot;2&quot;:{&quot;1&quot;:2,&quot;2&quot;:255}}}?{&quot;1&quot;:3}?{&quot;1&quot;:4,&quot;2&quot;:{&quot;2&quot;:{&quot;1&quot;:2,&quot;2&quot;:16776960}}}?{&quot;1&quot;:5}?{&quot;1&quot;:6,&quot;2&quot;:{&quot;2&quot;:{&quot;1&quot;:2,&quot;2&quot;:16711680}}}?{&quot;1&quot;:7}?{&quot;1&quot;:8,&quot;2&quot;:{&quot;2&quot;:{&quot;1&quot;:2,&quot;2&quot;:16777215}}}?{&quot;1&quot;:10}\"><strong><span style=\"color: #00ccff;\">C<\/span>\u2013<span style=\"color: #0000ff;\">B<\/span>\u2013<span style=\"color: #ffff00;\">J<\/span>\u2013<span style=\"color: #ff0000;\">R<\/span>\u2013<span style=\"color: #ffffff;\">Bl<\/span>\u2013<span style=\"color: #000000;\">N<\/span><\/strong><\/td>\n<td data-sheets-value=\"{&quot;1&quot;:3,&quot;3&quot;:20}\">7<\/td>\n<td data-sheets-value=\"{&quot;1&quot;:2,&quot;2&quot;:&quot;|&quot;}\"><strong>|<\/strong><\/td>\n<td data-sheets-value=\"{&quot;1&quot;:2,&quot;2&quot;:&quot;12.Suzuki GSR 750&quot;}\">Suzuki <strong>GSR 750<\/strong><\/td>\n<td><strong><span style=\"color: #00ccff;\">C<\/span>\u2013<span style=\"color: #0000ff;\">B<\/span>\u2013<span style=\"color: #ff0000;\">R<\/span>\u2013<span style=\"color: #ffffff;\">Bl<\/span><\/strong><\/td>\n<td data-sheets-value=\"{&quot;1&quot;:3,&quot;3&quot;:9}\">4<\/td>\n<td data-sheets-value=\"{&quot;1&quot;:2,&quot;2&quot;:&quot;|&quot;}\"><strong>|<\/strong><\/td>\n<td data-sheets-value=\"{&quot;1&quot;:2,&quot;2&quot;:&quot;22.Yamaha Tracer 9 Gt&quot;}\"><\/td>\n<td><\/td>\n<td data-sheets-value=\"{&quot;1&quot;:3,&quot;3&quot;:6}\"><\/td>\n<\/tr>\n<tr>\n<td data-sheets-value=\"{&quot;1&quot;:2,&quot;2&quot;:&quot;2.Kawasaki Z900&quot;}\">2.Kawasaki <strong>Z900<\/strong><\/td>\n<td data-sheets-value=\"{&quot;1&quot;:2,&quot;2&quot;:&quot;B\/V\/Bl\/N&quot;}\" data-sheets-textstyleruns=\"{&quot;1&quot;:0,&quot;2&quot;:{&quot;2&quot;:{&quot;1&quot;:2,&quot;2&quot;:255}}}?{&quot;1&quot;:1}?{&quot;1&quot;:2,&quot;2&quot;:{&quot;2&quot;:{&quot;1&quot;:2,&quot;2&quot;:65280}}}?{&quot;1&quot;:3}?{&quot;1&quot;:4,&quot;2&quot;:{&quot;2&quot;:{&quot;1&quot;:2,&quot;2&quot;:16777215}}}?{&quot;1&quot;:6}\"><strong><span style=\"color: #0000ff;\">B<\/span>\u2013<span style=\"color: #00ff00;\">V<\/span>\u2013<span style=\"color: #ffffff;\">Bl<\/span>\u2013<span style=\"color: #000000;\">N<\/span><\/strong><\/td>\n<td data-sheets-value=\"{&quot;1&quot;:3,&quot;3&quot;:15}\">6<\/td>\n<td data-sheets-value=\"{&quot;1&quot;:2,&quot;2&quot;:&quot;|&quot;}\"><strong>|<\/strong><\/td>\n<td data-sheets-value=\"{&quot;1&quot;:2,&quot;2&quot;:&quot;13.Suzuki Bandit 600&quot;}\">12.Suzuki <strong>Bandido 600<\/strong><\/td>\n<td><strong><span style=\"color: #0000ff;\">B<\/span>\u2013<span style=\"color: #ff0000;\">R<\/span>\u2013<span style=\"color: #ffffff;\">Bl<\/span>\u2013<span style=\"color: #000000;\">N<\/span><\/strong><\/td>\n<td data-sheets-value=\"{&quot;1&quot;:3,&quot;3&quot;:9}\">4<\/td>\n<td data-sheets-value=\"{&quot;1&quot;:2,&quot;2&quot;:&quot;|&quot;}\"><strong>|<\/strong><\/td>\n<td data-sheets-value=\"{&quot;1&quot;:2,&quot;2&quot;:&quot;23.Suzuki GSX-R 1000&quot;}\"><\/td>\n<td><\/td>\n<td data-sheets-value=\"{&quot;1&quot;:3,&quot;3&quot;:6}\"><\/td>\n<\/tr>\n<tr>\n<td data-sheets-value=\"{&quot;1&quot;:2,&quot;2&quot;:&quot;3.Honda Hornet CB750&quot;}\">3.Honda <strong>Hornet CB750<\/strong><\/td>\n<td data-sheets-value=\"{&quot;1&quot;:2,&quot;2&quot;:&quot;J\/R\/Bl\/N&quot;}\" data-sheets-textstyleruns=\"{&quot;1&quot;:0,&quot;2&quot;:{&quot;2&quot;:{&quot;1&quot;:2,&quot;2&quot;:16776960}}}?{&quot;1&quot;:1}?{&quot;1&quot;:2,&quot;2&quot;:{&quot;2&quot;:{&quot;1&quot;:2,&quot;2&quot;:16711680}}}?{&quot;1&quot;:3}?{&quot;1&quot;:4,&quot;2&quot;:{&quot;2&quot;:{&quot;1&quot;:2,&quot;2&quot;:16777215}}}?{&quot;1&quot;:6}\"><strong><span style=\"color: #ffff00;\">J<\/span>\u2013<span style=\"color: #ff0000;\">R<\/span>\u2013<span style=\"color: #ffffff;\">Bl<\/span>\u2013<span style=\"color: #000000;\">N<\/span><\/strong><\/td>\n<td data-sheets-value=\"{&quot;1&quot;:3,&quot;3&quot;:20}\">6<\/td>\n<td data-sheets-value=\"{&quot;1&quot;:2,&quot;2&quot;:&quot;|&quot;}\"><strong>|<\/strong><\/td>\n<td data-sheets-value=\"{&quot;1&quot;:2,&quot;2&quot;:&quot;14.Kawasaki Versys 1000&quot;}\">13.Kawasaki <strong>Versys 1000<\/strong><\/td>\n<td><strong><span style=\"color: #00ff00;\">V<\/span>\u2013<span style=\"color: #ff0000;\">R<\/span>\u2013<span style=\"color: #ff6600;\">O<span style=\"color: #000000;\">\u2013<\/span><\/span><span style=\"color: #ffffff;\">Bl<\/span><\/strong><\/td>\n<td data-sheets-value=\"{&quot;1&quot;:3,&quot;3&quot;:9}\">4<\/td>\n<td data-sheets-value=\"{&quot;1&quot;:2,&quot;2&quot;:&quot;|&quot;}\"><strong>|<\/strong><\/td>\n<td data-sheets-value=\"{&quot;1&quot;:2,&quot;2&quot;:&quot;24.Speed Triple 1200 RS&quot;}\"><\/td>\n<td><\/td>\n<td data-sheets-value=\"{&quot;1&quot;:3,&quot;3&quot;:5}\"><\/td>\n<\/tr>\n<tr>\n<td data-sheets-value=\"{&quot;1&quot;:2,&quot;2&quot;:&quot;4.Kawasaki Z750&quot;}\">4.Kawasaki <strong>Z750<\/strong><\/td>\n<td data-sheets-value=\"{&quot;1&quot;:2,&quot;2&quot;:&quot;V\/R\/O\/Bl\/N&quot;}\" data-sheets-textstyleruns=\"{&quot;1&quot;:0,&quot;2&quot;:{&quot;2&quot;:{&quot;1&quot;:2,&quot;2&quot;:65280}}}?{&quot;1&quot;:1}?{&quot;1&quot;:2,&quot;2&quot;:{&quot;2&quot;:{&quot;1&quot;:2,&quot;2&quot;:16711680}}}?{&quot;1&quot;:3}?{&quot;1&quot;:4,&quot;2&quot;:{&quot;2&quot;:{&quot;1&quot;:2,&quot;2&quot;:16750848}}}?{&quot;1&quot;:5}?{&quot;1&quot;:6,&quot;2&quot;:{&quot;2&quot;:{&quot;1&quot;:2,&quot;2&quot;:16777215}}}?{&quot;1&quot;:8}\"><strong><span style=\"color: #00ff00;\">V<\/span>\u2013<span style=\"color: #ff0000;\">R<\/span>\u2013<span style=\"color: #ff6600;\">O<\/span>\u2013<span style=\"color: #ffffff;\">Bl<\/span>\u2013<span style=\"color: #000000;\">N<\/span><\/strong><\/td>\n<td data-sheets-value=\"{&quot;1&quot;:3,&quot;3&quot;:15}\">6<\/td>\n<td data-sheets-value=\"{&quot;1&quot;:2,&quot;2&quot;:&quot;|&quot;}\"><strong>|<\/strong><\/td>\n<td data-sheets-value=\"{&quot;1&quot;:2,&quot;2&quot;:&quot;15.Aprilia Tuono V4&quot;}\">14. Aprilia <strong>Tuono V4<\/strong><\/td>\n<td><strong><span style=\"color: #ff0000;\">R<\/span>\u2013<span style=\"color: #ff6600;\">O<span style=\"color: #000000;\">\u2013<\/span><\/span><span style=\"color: #ffffff;\">Bl<\/span>\u2013<span style=\"color: #000000;\">N<\/span><\/strong><\/td>\n<td data-sheets-value=\"{&quot;1&quot;:3,&quot;3&quot;:9}\">4<\/td>\n<td data-sheets-value=\"{&quot;1&quot;:2,&quot;2&quot;:&quot;|&quot;}\"><strong>|<\/strong><\/td>\n<td data-sheets-value=\"{&quot;1&quot;:2,&quot;2&quot;:&quot;25.Yamaha MT10&quot;}\"><\/td>\n<td><\/td>\n<td data-sheets-value=\"{&quot;1&quot;:3,&quot;3&quot;:5}\"><\/td>\n<\/tr>\n<tr>\n<td data-sheets-value=\"{&quot;1&quot;:2,&quot;2&quot;:&quot;5.Street Triple 765 RS&quot;}\">5.Street Triple <strong>765 RS<\/strong><\/td>\n<td data-sheets-value=\"{&quot;1&quot;:2,&quot;2&quot;:&quot;J\/R\/Bl\/N&quot;}\"><strong><span style=\"color: #ffff00;\">J<\/span>\u2013<span style=\"color: #ff0000;\">R<\/span>\u2013<span style=\"color: #ffffff;\">Bl<\/span>\u2013<span style=\"color: #000000;\">N<\/span><\/strong><\/td>\n<td data-sheets-value=\"{&quot;1&quot;:3,&quot;3&quot;:10}\">6<\/td>\n<td data-sheets-value=\"{&quot;1&quot;:2,&quot;2&quot;:&quot;|&quot;}\"><strong>|<\/strong><\/td>\n<td data-sheets-value=\"{&quot;1&quot;:2,&quot;2&quot;:&quot;16.BMW F900R&quot;}\">15.BMW <strong>F900R<\/strong><\/td>\n<td><strong><span style=\"color: #0000ff;\">B<\/span>\u2013<span style=\"color: #ff0000;\">R<\/span>\u2013<span style=\"color: #ffffff;\">Bl<\/span><\/strong><\/td>\n<td data-sheets-value=\"{&quot;1&quot;:3,&quot;3&quot;:8}\">3<\/td>\n<td data-sheets-value=\"{&quot;1&quot;:2,&quot;2&quot;:&quot;|&quot;}\"><strong>|<\/strong><\/td>\n<td data-sheets-value=\"{&quot;1&quot;:2,&quot;2&quot;:&quot;26.BMW S1000R&quot;}\"><\/td>\n<td><\/td>\n<td data-sheets-value=\"{&quot;1&quot;:3,&quot;3&quot;:5}\"><\/td>\n<\/tr>\n<tr>\n<td data-sheets-value=\"{&quot;1&quot;:2,&quot;2&quot;:&quot;6.Triumph Trident&quot;}\">6.Triumph <strong>Trident<\/strong><\/td>\n<td data-sheets-value=\"{&quot;1&quot;:2,&quot;2&quot;:&quot;R\/J\/Bl&quot;}\"><strong><span style=\"color: #ffff00;\">J<\/span>\u2013<span style=\"color: #ff0000;\">R<\/span>\u2013<span style=\"color: #ffffff;\">Bl<\/span><\/strong><\/td>\n<td data-sheets-value=\"{&quot;1&quot;:3,&quot;3&quot;:10}\">5<\/td>\n<td data-sheets-value=\"{&quot;1&quot;:2,&quot;2&quot;:&quot;|&quot;}\"><strong>|<\/strong><\/td>\n<td data-sheets-value=\"{&quot;1&quot;:2,&quot;2&quot;:&quot;17.KTM Superduke 1290 R&quot;}\">16.KTM <strong>Superduke 1290 R<\/strong><\/td>\n<td><strong><span style=\"color: #ff6600;\">O<span style=\"color: #000000;\">\u2013<\/span><\/span><span style=\"color: #ffffff;\">Bl<\/span>\u2013<span style=\"color: #000000;\">N<\/span><\/strong><\/td>\n<td data-sheets-value=\"{&quot;1&quot;:3,&quot;3&quot;:8}\">3<\/td>\n<td data-sheets-value=\"{&quot;1&quot;:2,&quot;2&quot;:&quot;|&quot;}\"><strong>|<\/strong><\/td>\n<td data-sheets-value=\"{&quot;1&quot;:2,&quot;2&quot;:&quot;27.Kawasaki ER6-N&quot;}\"><\/td>\n<td><\/td>\n<td data-sheets-value=\"{&quot;1&quot;:3,&quot;3&quot;:5}\"><\/td>\n<\/tr>\n<tr>\n<td data-sheets-value=\"{&quot;1&quot;:2,&quot;2&quot;:&quot;7.Yamaha MT-09&quot;}\">7.Yamaha <strong>MT-09<\/strong><\/td>\n<td data-sheets-value=\"{&quot;1&quot;:2,&quot;2&quot;:&quot;C\/B\/J\/R\/Bl\/N&quot;}\"><strong><span style=\"color: #00ccff;\">C<\/span>\u2013<span style=\"color: #0000ff;\">B<\/span>\u2013<span style=\"color: #ffff00;\">J<\/span>\u2013<span style=\"color: #ff0000;\">R<\/span>\u2013<span style=\"color: #ffffff;\">Bl<\/span>\u2013<span style=\"color: #000000;\">N<\/span><\/strong><\/td>\n<td data-sheets-value=\"{&quot;1&quot;:3,&quot;3&quot;:10}\">5<\/td>\n<td data-sheets-value=\"{&quot;1&quot;:2,&quot;2&quot;:&quot;|&quot;}\"><strong>|<\/strong><\/td>\n<td data-sheets-value=\"{&quot;1&quot;:2,&quot;2&quot;:&quot;18.Suzuki bandit 650&quot;}\">17.Suzuki <strong>Bandidas 650<\/strong><\/td>\n<td><strong><span style=\"color: #0000ff;\">B<\/span>\u2013<span style=\"color: #ff0000;\">R<\/span>\u2013<span style=\"color: #ffffff;\">Bl<\/span><\/strong><\/td>\n<td data-sheets-value=\"{&quot;1&quot;:3,&quot;3&quot;:8}\">3<\/td>\n<td data-sheets-value=\"{&quot;1&quot;:2,&quot;2&quot;:&quot;|&quot;}\"><strong>|<\/strong><\/td>\n<td data-sheets-value=\"{&quot;1&quot;:2,&quot;2&quot;:&quot;28.Honda NT 1100&quot;}\"><\/td>\n<td><\/td>\n<td data-sheets-value=\"{&quot;1&quot;:3,&quot;3&quot;:5}\"><\/td>\n<\/tr>\n<tr>\n<td data-sheets-value=\"{&quot;1&quot;:2,&quot;2&quot;:&quot;8.Honda Hornet 600&quot;}\">8.Honda <strong>Avispa 600<\/strong><\/td>\n<td><strong><span style=\"color: #0000ff;\">B<\/span>\u2013<span style=\"color: #ffff00;\">J<\/span>\u2013<span style=\"color: #ffffff;\">Bl<\/span>\u2013<span style=\"color: #000000;\">N<\/span><\/strong><\/td>\n<td data-sheets-value=\"{&quot;1&quot;:3,&quot;3&quot;:10}\">5<\/td>\n<td data-sheets-value=\"{&quot;1&quot;:2,&quot;2&quot;:&quot;|&quot;}\"><strong>|<\/strong><\/td>\n<td data-sheets-value=\"{&quot;1&quot;:2,&quot;2&quot;:&quot;19.Honda CB 650 R&quot;}\">18.Honda <strong>CB 650 R<\/strong><\/td>\n<td><strong><span style=\"color: #0000ff;\">B<\/span>\u2013<span style=\"color: #ff0000;\">R<\/span>\u2013<span style=\"color: #ffffff;\">Bl<\/span><\/strong><\/td>\n<td data-sheets-value=\"{&quot;1&quot;:3,&quot;3&quot;:7}\">3<\/td>\n<td data-sheets-value=\"{&quot;1&quot;:2,&quot;2&quot;:&quot;|&quot;}\"><strong>|<\/strong><\/td>\n<td data-sheets-value=\"{&quot;1&quot;:2,&quot;2&quot;:&quot;29.KTM Duke 790&quot;}\"><\/td>\n<td><\/td>\n<td data-sheets-value=\"{&quot;1&quot;:3,&quot;3&quot;:5}\"><\/td>\n<\/tr>\n<tr>\n<td data-sheets-value=\"{&quot;1&quot;:2,&quot;2&quot;:&quot;9.Kawasaki Z800&quot;}\">9.Kawasaki <strong>Z800<\/strong><\/td>\n<td><strong><span style=\"color: #00ff00;\">V<\/span>\u2013<span style=\"color: #ff0000;\">R<\/span>\u2013<span style=\"color: #ff6600;\">O<span style=\"color: #000000;\">\u2013<\/span><\/span><span style=\"color: #ffffff;\">Bl<\/span><\/strong><\/td>\n<td data-sheets-value=\"{&quot;1&quot;:3,&quot;3&quot;:10}\">5<\/td>\n<td data-sheets-value=\"{&quot;1&quot;:2,&quot;2&quot;:&quot;|&quot;}\"><strong>|<\/strong><\/td>\n<td data-sheets-value=\"{&quot;1&quot;:2,&quot;2&quot;:&quot;20.Kawasaki Z650&quot;}\">19.Kawasaki <strong>Z650<\/strong><\/td>\n<td><strong><span style=\"color: #00ff00;\">V<\/span>\u2013<span style=\"color: #ff0000;\">R<\/span>\u2013<span style=\"color: #ffffff;\">Bl<\/span><\/strong><\/td>\n<td data-sheets-value=\"{&quot;1&quot;:3,&quot;3&quot;:7}\">3<\/td>\n<td data-sheets-value=\"{&quot;1&quot;:2,&quot;2&quot;:&quot;|&quot;}\"><strong>|<\/strong><\/td>\n<td data-sheets-value=\"{&quot;1&quot;:2,&quot;2&quot;:&quot;30.Suzuki GSX-S 1000&quot;}\"><\/td>\n<td><\/td>\n<td data-sheets-value=\"{&quot;1&quot;:3,&quot;3&quot;:5}\"><\/td>\n<\/tr>\n<tr>\n<td data-sheets-value=\"{&quot;1&quot;:2,&quot;2&quot;:&quot;10.Kawasaki Z1000&quot;}\">10.Kawasaki <strong>Z1000<\/strong><\/td>\n<td><strong><span style=\"color: #00ff00;\">V<\/span>\u2013<span style=\"color: #ff0000;\">R<\/span>\u2013<span style=\"color: #ff6600;\">O<span style=\"color: #000000;\">\u2013<\/span><\/span><span style=\"color: #ffffff;\">Bl<\/span>\u2013<span style=\"color: #000000;\">N<\/span><\/strong><\/td>\n<td data-sheets-value=\"{&quot;1&quot;:3,&quot;3&quot;:10}\">5<\/td>\n<td data-sheets-value=\"{&quot;1&quot;:2,&quot;2&quot;:&quot;|&quot;}\"><strong>|<\/strong><\/td>\n<td data-sheets-value=\"{&quot;1&quot;:2,&quot;2&quot;:&quot;21.Yamaha R1&quot;}\">20.Yamaha <strong>R1<\/strong><\/td>\n<td><strong><span style=\"color: #0000ff;\">B<\/span>\u2013<span style=\"color: #ff0000;\">R<\/span>\u2013<span style=\"color: #ffffff;\">Bl<\/span><\/strong><\/td>\n<td data-sheets-value=\"{&quot;1&quot;:3,&quot;3&quot;:7}\">3<\/td>\n<td data-sheets-value=\"{&quot;1&quot;:2,&quot;2&quot;:&quot;|&quot;}\"><strong>|<\/strong><\/td>\n<td data-sheets-value=\"{&quot;1&quot;:2,&quot;2&quot;:&quot;30.Suzuki GSX-S 950&quot;}\"><\/td>\n<td><\/td>\n<td data-sheets-value=\"{&quot;1&quot;:3,&quot;3&quot;:5}\"><\/td>\n<\/tr>\n<\/tbody>\n<\/table>\n<\/div>\n<\/div>\n<\/div>\n<\/div>\n<\/div>\n<\/div>\n<\/div>\n<\/div>\n<\/section>\n<p>&nbsp;<\/p>\n<p>&nbsp;<\/p>\n<div class=\"elementor-column elementor-col-20 elementor-inner-column elementor-element elementor-element-95bfa79\" data-id=\"95bfa79\" data-element_type=\"column\">\n<div class=\"elementor-column-wrap elementor-element-populated\">\n<div class=\"elementor-widget-wrap\">\n<div class=\"elementor-element elementor-element-15b8d29 elementor-widget elementor-widget-text-editor\" data-id=\"15b8d29\" data-element_type=\"widget\" data-widget_type=\"text-editor.default\">\n<div class=\"elementor-widget-container\">\n<ul>\n<li>C = Cian<\/li>\n<li>Azul<\/li>\n<li>Verde<\/li>\n<li>Naranja<\/li>\n<li>Amarillo<\/li>\n<li>R = Rojo<\/li>\n<li>Rosa<\/li>\n<li>Blanco<\/li>\n<li>N = Noir<\/li>\n<\/ul>\n<p>Calidad profesional con fijaci\u00f3n permanente. Adhesivos con  cola monom\u00e9rica 100% que permite una fijaci\u00f3n permanente, as\u00ed como resistencia a las salpicaduras de agua y a los rayos UV.<br \/>\nNuestros Vinilos de alta calidad est\u00e1n dise\u00f1ados y fabricados en Francia.<\/p>\n<\/div>\n<\/div>\n<\/div>\n<\/div>\n<\/div>\n<div class=\"elementor-column elementor-col-20 elementor-inner-column elementor-element elementor-element-26aa75f\" data-id=\"26aa75f\" data-element_type=\"column\">\n<div class=\"elementor-column-wrap elementor-element-populated\">\n<div class=\"elementor-widget-wrap\">\n<div class=\"elementor-element elementor-element-1b860e7 elementor-widget elementor-widget-text-editor\" data-id=\"1b860e7\" data-element_type=\"widget\" data-widget_type=\"text-editor.default\">\n<div class=\"elementor-widget-container\">\n<div class=\"elementor-text-editor elementor-clearfix\">Los kits tambi\u00e9n est\u00e1n disponibles en los efectos: Fl\u00faor \/ reflectante \/ hologr\u00e1fico \/ luminiscente<\/div>\n<div><\/div>\n<h3><a href=\"https:\/\/www.m-stickers.com\/es\/contacto-pro\/\"><strong>\u00a1Cont\u00e1ctenos para cualquier solicitud de paquete personalizado!<\/strong><\/a><\/h3>\n<\/div>\n<\/div>\n<\/div>\n<\/div>\n<\/div>\n<section class=\"elementor-section elementor-inner-section elementor-element elementor-element-4a8a9a5 elementor-section-boxed elementor-section-height-default elementor-section-height-default\" data-id=\"4a8a9a5\" data-element_type=\"section\">\n<div class=\"elementor-container elementor-column-gap-default\">\n<div class=\"elementor-row\">\n<div class=\"elementor-column elementor-col-20 elementor-inner-column elementor-element elementor-element-26aa75f\" data-id=\"26aa75f\" data-element_type=\"column\">\n<div class=\"elementor-column-wrap elementor-element-populated\">\n<div class=\"elementor-widget-wrap\">\n<div class=\"elementor-element elementor-element-1b860e7 elementor-widget elementor-widget-text-editor\" data-id=\"1b860e7\" data-element_type=\"widget\" data-widget_type=\"text-editor.default\">\n<div class=\"elementor-widget-container\">\n<h3><\/h3>\n<\/div>\n<\/div>\n<\/div>\n<\/div>\n<\/div>\n<div class=\"elementor-column elementor-col-20 elementor-inner-column elementor-element elementor-element-fa43e7e\" data-id=\"fa43e7e\" data-element_type=\"column\">\n<div class=\"elementor-column-wrap elementor-element-populated\">\n<div class=\"elementor-widget-wrap\">\n<div class=\"elementor-element elementor-element-cba19c4 elementor-widget elementor-widget-text-editor\" data-id=\"cba19c4\" data-element_type=\"widget\" data-widget_type=\"text-editor.default\">\n<div class=\"elementor-widget-container\">\n<div class=\"elementor-text-editor elementor-clearfix\"><\/div>\n<\/div>\n<\/div>\n<\/div>\n<\/div>\n<\/div>\n<div class=\"elementor-column elementor-col-20 elementor-inner-column elementor-element elementor-element-ce30ccb\" data-id=\"ce30ccb\" data-element_type=\"column\">\n<div class=\"elementor-column-wrap elementor-element-populated\">\n<div class=\"elementor-widget-wrap\">\n<div class=\"elementor-element elementor-element-6c7db60 elementor-widget elementor-widget-text-editor\" data-id=\"6c7db60\" data-element_type=\"widget\" data-widget_type=\"text-editor.default\">\n<div class=\"elementor-widget-container\">\n<div class=\"elementor-text-editor elementor-clearfix\"><\/div>\n<\/div>\n<\/div>\n<\/div>\n<\/div>\n<\/div>\n<div class=\"elementor-column elementor-col-20 elementor-inner-column elementor-element elementor-element-098041d\" data-id=\"098041d\" data-element_type=\"column\">\n<div class=\"elementor-column-wrap elementor-element-populated\">\n<div class=\"elementor-widget-wrap\">\n<div class=\"elementor-element elementor-element-971dbdf elementor-widget elementor-widget-text-editor\" data-id=\"971dbdf\" data-element_type=\"widget\" data-widget_type=\"text-editor.default\">\n<div class=\"elementor-widget-container\">\n<div class=\"elementor-text-editor elementor-clearfix\"><\/div>\n<\/div>\n<\/div>\n<\/div>\n<\/div>\n<\/div>\n<\/div>\n<\/div>\n<\/section>","protected":false},"excerpt":{"rendered":"<p><strong>Paquete 20 adhesivos M-Stickers m\u00e1s vendidos<\/strong><\/p>\n<p>Pack de 90 kits decorativos para llantas de moto<\/p>","protected":false},"featured_media":50707,"comment_status":"open","ping_status":"closed","template":"","meta":[],"product_brand":[],"product_cat":[1133],"product_tag":[],"class_list":{"0":"post-50706","1":"product","2":"type-product","3":"status-publish","4":"has-post-thumbnail","6":"product_cat-pack","7":"product_shipping_class-standard","9":"entry","10":"has-media","12":"first","13":"instock","14":"sale","15":"taxable","16":"shipping-taxable","17":"purchasable","18":"product-type-simple","19":"col","20":"span_1_of_5","21":"owp-content-center","22":"item-entry","23":"owp-thumbs-layout-horizontal","24":"owp-btn-big","25":"owp-tabs-layout-horizontal","26":"has-no-thumbnails"},"ase":null,"_links":{"self":[{"href":"https:\/\/www.m-stickers.com\/es\/wp-json\/wp\/v2\/product\/50706","targetHints":{"allow":["GET"]}}],"collection":[{"href":"https:\/\/www.m-stickers.com\/es\/wp-json\/wp\/v2\/product"}],"about":[{"href":"https:\/\/www.m-stickers.com\/es\/wp-json\/wp\/v2\/types\/product"}],"replies":[{"embeddable":true,"href":"https:\/\/www.m-stickers.com\/es\/wp-json\/wp\/v2\/comments?post=50706"}],"wp:featuredmedia":[{"embeddable":true,"href":"https:\/\/www.m-stickers.com\/es\/wp-json\/wp\/v2\/media\/50707"}],"wp:attachment":[{"href":"https:\/\/www.m-stickers.com\/es\/wp-json\/wp\/v2\/media?parent=50706"}],"wp:term":[{"taxonomy":"product_brand","embeddable":true,"href":"https:\/\/www.m-stickers.com\/es\/wp-json\/wp\/v2\/product_brand?post=50706"},{"taxonomy":"product_cat","embeddable":true,"href":"https:\/\/www.m-stickers.com\/es\/wp-json\/wp\/v2\/product_cat?post=50706"},{"taxonomy":"product_tag","embeddable":true,"href":"https:\/\/www.m-stickers.com\/es\/wp-json\/wp\/v2\/product_tag?post=50706"}],"curies":[{"name":"(No translation possible without context.  \"wp\" is ambiguous.)","href":"https:\/\/api.w.org\/{rel}","templated":true}]}}