{"id":50758,"date":"2023-11-20T18:03:46","date_gmt":"2023-11-20T17:03:46","guid":{"rendered":"https:\/\/www.m-stickers.com\/?post_type=product&#038;p=50758"},"modified":"2025-02-25T16:36:18","modified_gmt":"2025-02-25T15:36:18","slug":"paquete-marca-m","status":"publish","type":"product","link":"https:\/\/www.m-stickers.com\/es\/produit\/pack-marque-m\/","title":{"rendered":"Pack de Marca \u2013 M"},"content":{"rendered":"<p><strong>Pack de 5 M-Stickers m\u00e1s vendidos para la marca seleccionada<\/strong><\/p>\n<p>Pack de 15 kits decorativos llantas moto<\/p>\n<div class=\"elementor-element elementor-element-5851b63 elementor-widget elementor-widget-heading\" data-id=\"5851b63\" data-element_type=\"widget\" data-widget_type=\"heading.default\">\n<div class=\"elementor-widget-container\"><\/div>\n<\/div>\n<div class=\"elementor-column elementor-col-20 elementor-inner-column elementor-element elementor-element-95bfa79\" data-id=\"95bfa79\" data-element_type=\"column\">\n<div class=\"elementor-column-wrap elementor-element-populated\">\n<div class=\"elementor-widget-wrap\">\n<div class=\"elementor-element elementor-element-15b8d29 elementor-widget elementor-widget-text-editor\" data-id=\"15b8d29\" data-element_type=\"widget\" data-widget_type=\"text-editor.default\">\n<div class=\"elementor-widget-container\">\n<p>Calidad profesional con fijaci\u00f3n permanente. Adhesivos con  cola monom\u00e9rica 100% que permite una fijaci\u00f3n permanente, as\u00ed como resistencia a las salpicaduras de agua y a los rayos UV.<br \/>\nNuestros Vinilos de alta calidad est\u00e1n dise\u00f1ados y fabricados en Francia.<\/p>\n<\/div>\n<\/div>\n<\/div>\n<\/div>\n<\/div>\n<div class=\"elementor-column elementor-col-20 elementor-inner-column elementor-element elementor-element-26aa75f\" data-id=\"26aa75f\" data-element_type=\"column\">\n<div class=\"elementor-column-wrap elementor-element-populated\">\n<div class=\"elementor-widget-wrap\">\n<div class=\"elementor-element elementor-element-1b860e7 elementor-widget elementor-widget-text-editor\" data-id=\"1b860e7\" data-element_type=\"widget\" data-widget_type=\"text-editor.default\">\n<div class=\"elementor-widget-container\">\n<div class=\"elementor-text-editor elementor-clearfix\">Los kits tambi\u00e9n est\u00e1n disponibles en los efectos: Fl\u00faor \/ reflectante \/ hologr\u00e1fico \/ luminiscente<\/div>\n<div><\/div>\n<h3><a href=\"https:\/\/www.m-stickers.com\/es\/contacto-pro\/\"><strong>\u00a1Cont\u00e1ctenos para cualquier solicitud de paquete personalizado!<\/strong><\/a><\/h3>\n<\/div>\n<\/div>\n<\/div>\n<\/div>\n<\/div>\n<section class=\"elementor-section elementor-inner-section elementor-element elementor-element-4a8a9a5 elementor-section-boxed elementor-section-height-default elementor-section-height-default\" data-id=\"4a8a9a5\" data-element_type=\"section\">\n<div class=\"elementor-container elementor-column-gap-default\">\n<div class=\"elementor-row\">\n<div class=\"elementor-column elementor-col-20 elementor-inner-column elementor-element elementor-element-26aa75f\" data-id=\"26aa75f\" data-element_type=\"column\">\n<div class=\"elementor-column-wrap elementor-element-populated\">\n<div class=\"elementor-widget-wrap\">\n<div class=\"elementor-element elementor-element-1b860e7 elementor-widget elementor-widget-text-editor\" data-id=\"1b860e7\" data-element_type=\"widget\" data-widget_type=\"text-editor.default\">\n<div class=\"elementor-widget-container\">\n<h3><\/h3>\n<\/div>\n<\/div>\n<\/div>\n<\/div>\n<\/div>\n<div class=\"elementor-column elementor-col-20 elementor-inner-column elementor-element elementor-element-fa43e7e\" data-id=\"fa43e7e\" data-element_type=\"column\">\n<div class=\"elementor-column-wrap elementor-element-populated\">\n<div class=\"elementor-widget-wrap\">\n<div class=\"elementor-element elementor-element-cba19c4 elementor-widget elementor-widget-text-editor\" data-id=\"cba19c4\" data-element_type=\"widget\" data-widget_type=\"text-editor.default\">\n<div class=\"elementor-widget-container\">\n<div class=\"elementor-text-editor elementor-clearfix\"><\/div>\n<\/div>\n<\/div>\n<\/div>\n<\/div>\n<\/div>\n<div class=\"elementor-column elementor-col-20 elementor-inner-column elementor-element elementor-element-ce30ccb\" data-id=\"ce30ccb\" data-element_type=\"column\">\n<div class=\"elementor-column-wrap elementor-element-populated\">\n<div class=\"elementor-widget-wrap\">\n<div class=\"elementor-element elementor-element-6c7db60 elementor-widget elementor-widget-text-editor\" data-id=\"6c7db60\" data-element_type=\"widget\" data-widget_type=\"text-editor.default\">\n<div class=\"elementor-widget-container\">\n<div class=\"elementor-text-editor elementor-clearfix\"><\/div>\n<\/div>\n<\/div>\n<\/div>\n<\/div>\n<\/div>\n<div class=\"elementor-column elementor-col-20 elementor-inner-column elementor-element elementor-element-098041d\" data-id=\"098041d\" data-element_type=\"column\">\n<div class=\"elementor-column-wrap elementor-element-populated\">\n<div class=\"elementor-widget-wrap\">\n<div class=\"elementor-element elementor-element-971dbdf elementor-widget elementor-widget-text-editor\" data-id=\"971dbdf\" data-element_type=\"widget\" data-widget_type=\"text-editor.default\">\n<div class=\"elementor-widget-container\">\n<div class=\"elementor-text-editor elementor-clearfix\"><\/div>\n<\/div>\n<\/div>\n<\/div>\n<\/div>\n<\/div>\n<\/div>\n<\/div>\n<\/section>","protected":false},"excerpt":{"rendered":"<p><strong>Pack 5 adhesivos m\u00e1s vendidos M-Stickers para la marca seleccionada<\/strong><\/p>\n<p>Pack de 15 kits decorativos llantas moto<\/p>\n<p>Indique la marca deseada en la nota de pedido.<\/p>","protected":false},"featured_media":50760,"comment_status":"open","ping_status":"closed","template":"","meta":[],"product_brand":[],"product_cat":[1133],"product_tag":[],"class_list":{"0":"post-50758","1":"product","2":"type-product","3":"status-publish","4":"has-post-thumbnail","6":"product_cat-pack","7":"product_shipping_class-standard","9":"entry","10":"has-media","12":"first","13":"instock","14":"sale","15":"taxable","16":"shipping-taxable","17":"purchasable","18":"product-type-simple","19":"col","20":"span_1_of_5","21":"owp-content-center","22":"item-entry","23":"owp-thumbs-layout-horizontal","24":"owp-btn-big","25":"owp-tabs-layout-horizontal","26":"has-no-thumbnails"},"ase":null,"_links":{"self":[{"href":"https:\/\/www.m-stickers.com\/es\/wp-json\/wp\/v2\/product\/50758","targetHints":{"allow":["GET"]}}],"collection":[{"href":"https:\/\/www.m-stickers.com\/es\/wp-json\/wp\/v2\/product"}],"about":[{"href":"https:\/\/www.m-stickers.com\/es\/wp-json\/wp\/v2\/types\/product"}],"replies":[{"embeddable":true,"href":"https:\/\/www.m-stickers.com\/es\/wp-json\/wp\/v2\/comments?post=50758"}],"wp:featuredmedia":[{"embeddable":true,"href":"https:\/\/www.m-stickers.com\/es\/wp-json\/wp\/v2\/media\/50760"}],"wp:attachment":[{"href":"https:\/\/www.m-stickers.com\/es\/wp-json\/wp\/v2\/media?parent=50758"}],"wp:term":[{"taxonomy":"product_brand","embeddable":true,"href":"https:\/\/www.m-stickers.com\/es\/wp-json\/wp\/v2\/product_brand?post=50758"},{"taxonomy":"product_cat","embeddable":true,"href":"https:\/\/www.m-stickers.com\/es\/wp-json\/wp\/v2\/product_cat?post=50758"},{"taxonomy":"product_tag","embeddable":true,"href":"https:\/\/www.m-stickers.com\/es\/wp-json\/wp\/v2\/product_tag?post=50758"}],"curies":[{"name":"(No translation possible without context.  \"wp\" is ambiguous.)","href":"https:\/\/api.w.org\/{rel}","templated":true}]}}