{"id":52157,"date":"2024-01-05T11:03:22","date_gmt":"2024-01-05T10:03:22","guid":{"rendered":"https:\/\/www.m-stickers.com\/?post_type=product&#038;p=52157"},"modified":"2026-02-13T16:51:09","modified_gmt":"2026-02-13T15:51:09","slug":"calcomanias-llantas-honda-cbr650r-naranja-fluor-liquidacion","status":"publish","type":"product","link":"https:\/\/www.m-stickers.com\/es\/produit\/stickers-jantes-honda-cbr650r-orange-fluo-destockage\/","title":{"rendered":"Pegatinas para llantas Honda CB 650 R Rojo &amp; Negro \u2013 Liquidaci\u00f3n"},"content":{"rendered":"<h2><strong><span style=\"color: #ff0000;\">Liquidaci\u00f3n<\/span><\/strong><\/h2>\n<p data-start=\"313\" data-end=\"578\">Aporta un estilo agresivo y racing a tu moto con este <strong data-start=\"371\" data-end=\"426\">kit de pegatinas para llantas Honda CB 650 R rojo y negro<\/strong>, dise\u00f1ado espec\u00edficamente para los <strong data-start=\"456\" data-end=\"476\">llantas de 17 pulgadas<\/strong>. Ideal para realzar el car\u00e1cter deportivo de su CB 650 R con un contraste potente y moderno.<\/p>\n<p data-start=\"580\" data-end=\"625\">Este kit completo para ambas **llantas** incluye:<\/p>\n<ul data-start=\"626\" data-end=\"798\">\n<li data-start=\"626\" data-end=\"656\">\n<p data-start=\"628\" data-end=\"656\">20 tiras para llantas Dise\u00f1o 1 rojo<\/p>\n<\/li>\n<li data-start=\"657\" data-end=\"694\">\n<p data-start=\"659\" data-end=\"694\">20 tiras para llantas precurvadas<\/p>\n<\/li>\n<li data-start=\"695\" data-end=\"736\">\n<p data-start=\"697\" data-end=\"736\">4 pegatinas interiores de llantas Honda<\/p>\n<\/li>\n<li data-start=\"737\" data-end=\"781\">\n<p data-start=\"739\" data-end=\"781\">4 pegatinas interiores de llanta CB 650 R<\/p>\n<\/li>\n<li data-start=\"782\" data-end=\"798\">\n<p data-start=\"784\" data-end=\"798\">1 logo Honda<\/p>\n<\/li>\n<\/ul>\n<p data-start=\"800\" data-end=\"972\">Fabricados en <strong data-start=\"813\" data-end=\"838\">vinilos de alta calidad<\/strong> con pegamento pol\u00edmero (sujeci\u00f3n permanente), estas calcoman\u00edas ofrecen una excelente resistencia al agua, a los rayos UV y a las condiciones de la carretera.<\/p>\n<p data-start=\"974\" data-end=\"1128\">\u2714 Calidad profesional<br data-start=\"999\" data-end=\"1002\" \/>\u2714 Acabado brillante original<br data-start=\"1032\" data-end=\"1035\" \/>\u2714 F\u00e1cil instalaci\u00f3n<br data-start=\"1048\" data-end=\"1051\" \/>\u2714 Dise\u00f1ados y fabricados en Francia<br data-start=\"1082\" data-end=\"1085\" \/>\u2714 Dise\u00f1ados por motoristas para motoristas<\/p>\n<p data-start=\"1130\" data-end=\"1260\">Condici\u00f3n del producto: <strong data-start=\"1148\" data-end=\"1159\">corregir<\/strong> \u2013 perfecto para disfrutar de un <strong data-start=\"1189\" data-end=\"1218\">precio reducido en liquidaci\u00f3n<\/strong> mientras se mantiene una calidad duradera.<\/p>\n<p data-start=\"1262\" data-end=\"1375\">\u00bfQuieres un kit decorativo completo a juego? Tambi\u00e9n puedes crear un dise\u00f1o a medida en M-Stickers.com.<\/p>","protected":false},"excerpt":{"rendered":"<h2><strong><span style=\"color: #ff0000;\">Liquidaci\u00f3n<\/span><\/strong><\/h2>\n<p data-start=\"313\" data-end=\"578\">Aporta un estilo agresivo y racing a tu moto con este <strong data-start=\"371\" data-end=\"426\">kit de pegatinas para llantas Honda CB 650 R rojo y negro<\/strong>, dise\u00f1ado espec\u00edficamente para los <strong data-start=\"456\" data-end=\"476\">llantas de 17 pulgadas<\/strong>. Ideal para realzar el car\u00e1cter deportivo de su CB 650 R con un contraste potente y moderno.<\/p>\n<p data-start=\"580\" data-end=\"625\">Este kit completo para ambas **llantas** incluye:<\/p>\n<ul data-start=\"626\" data-end=\"798\">\n<li data-start=\"626\" data-end=\"656\">\n<p data-start=\"628\" data-end=\"656\">20 tiras para llantas Dise\u00f1o 1 rojo<\/p>\n<\/li>\n<li data-start=\"657\" data-end=\"694\">\n<p data-start=\"659\" data-end=\"694\">20 tiras para llantas precurvadas<\/p>\n<\/li>\n<li data-start=\"695\" data-end=\"736\">\n<p data-start=\"697\" data-end=\"736\">4 pegatinas interiores de llantas Honda<\/p>\n<\/li>\n<li data-start=\"737\" data-end=\"781\">\n<p data-start=\"739\" data-end=\"781\">4 pegatinas interiores de llanta CB 650 R<\/p>\n<\/li>\n<li data-start=\"782\" data-end=\"798\">\n<p data-start=\"784\" data-end=\"798\">1 logo Honda<\/p>\n<\/li>\n<\/ul>\n<p data-start=\"800\" data-end=\"972\">Fabricados en <strong data-start=\"813\" data-end=\"838\">vinilos de alta calidad<\/strong> con pegamento pol\u00edmero (sujeci\u00f3n permanente), estas calcoman\u00edas ofrecen una excelente resistencia al agua, a los rayos UV y a las condiciones de la carretera.<\/p>\n<p data-start=\"974\" data-end=\"1128\">\u2714 Calidad profesional<br data-start=\"999\" data-end=\"1002\" \/>\u2714 Acabado brillante original<br data-start=\"1032\" data-end=\"1035\" \/>\u2714 F\u00e1cil instalaci\u00f3n<br data-start=\"1048\" data-end=\"1051\" \/>\u2714 Dise\u00f1ados y fabricados en Francia<br data-start=\"1082\" data-end=\"1085\" \/>\u2714 Dise\u00f1ados por motoristas para motoristas<\/p>\n<p data-start=\"1130\" data-end=\"1260\">Condici\u00f3n del producto: <strong data-start=\"1148\" data-end=\"1159\">corregir<\/strong> \u2013 perfecto para disfrutar de un <strong data-start=\"1189\" data-end=\"1218\">precio reducido en liquidaci\u00f3n<\/strong> mientras se mantiene una calidad duradera.<\/p>\n<p data-start=\"1262\" data-end=\"1375\">\u00bfQuieres un kit decorativo completo a juego? Tambi\u00e9n puedes crear un dise\u00f1o a medida en M-Stickers.com.<\/p>","protected":false},"featured_media":58531,"comment_status":"open","ping_status":"closed","template":"","meta":[],"product_brand":[],"product_cat":[929,963],"product_tag":[779,545,375,931,139,374,932,935,127],"class_list":{"0":"post-52157","1":"product","2":"type-product","3":"status-publish","4":"has-post-thumbnail","6":"product_cat-destockage","7":"product_cat-stickers-honda-pas-cher","8":"product_tag-650-r","9":"product_tag-cb","10":"product_tag-cb650r","11":"product_tag-destockage","12":"product_tag-honda","13":"product_tag-honda-cb650r","14":"product_tag-promotion","15":"product_tag-reduction","16":"product_tag-stickers-jantes","17":"product_shipping_class-standard","19":"entry","20":"has-media","22":"first","23":"instock","24":"sale","25":"taxable","26":"shipping-taxable","27":"purchasable","28":"product-type-simple","29":"col","30":"span_1_of_5","31":"owp-content-center","32":"item-entry","33":"owp-thumbs-layout-horizontal","34":"owp-btn-big","35":"owp-tabs-layout-horizontal","36":"has-no-thumbnails"},"ase":null,"_links":{"self":[{"href":"https:\/\/www.m-stickers.com\/es\/wp-json\/wp\/v2\/product\/52157","targetHints":{"allow":["GET"]}}],"collection":[{"href":"https:\/\/www.m-stickers.com\/es\/wp-json\/wp\/v2\/product"}],"about":[{"href":"https:\/\/www.m-stickers.com\/es\/wp-json\/wp\/v2\/types\/product"}],"replies":[{"embeddable":true,"href":"https:\/\/www.m-stickers.com\/es\/wp-json\/wp\/v2\/comments?post=52157"}],"wp:featuredmedia":[{"embeddable":true,"href":"https:\/\/www.m-stickers.com\/es\/wp-json\/wp\/v2\/media\/58531"}],"wp:attachment":[{"href":"https:\/\/www.m-stickers.com\/es\/wp-json\/wp\/v2\/media?parent=52157"}],"wp:term":[{"taxonomy":"product_brand","embeddable":true,"href":"https:\/\/www.m-stickers.com\/es\/wp-json\/wp\/v2\/product_brand?post=52157"},{"taxonomy":"product_cat","embeddable":true,"href":"https:\/\/www.m-stickers.com\/es\/wp-json\/wp\/v2\/product_cat?post=52157"},{"taxonomy":"product_tag","embeddable":true,"href":"https:\/\/www.m-stickers.com\/es\/wp-json\/wp\/v2\/product_tag?post=52157"}],"curies":[{"name":"(No translation possible without context.  \"wp\" is ambiguous.)","href":"https:\/\/api.w.org\/{rel}","templated":true}]}}