{"id":52305,"date":"2024-01-08T10:02:31","date_gmt":"2024-01-08T09:02:31","guid":{"rendered":"https:\/\/www.m-stickers.com\/?post_type=product&#038;p=52305"},"modified":"2026-03-01T11:20:30","modified_gmt":"2026-03-01T10:20:30","slug":"calcomanias-de-llantas-suzuki-gsx-s-liquidacion","status":"publish","type":"product","link":"https:\/\/www.m-stickers.com\/es\/produit\/stickers-jante-suzuki-gsx-s-destockage\/","title":{"rendered":"Pegatinas para llantas Suzuki GSX-S Blanco &amp; Rojo \u2013 Liquidaci\u00f3n"},"content":{"rendered":"<p data-start=\"307\" data-end=\"562\">A\u00f1ada un estilo de competici\u00f3n y din\u00e1mico a su motocicleta con este <strong data-start=\"366\" data-end=\"419\">Kit de **pegatinas** de **llanta** Suzuki GSX-S blanco y rojo<\/strong>, dise\u00f1ado espec\u00edficamente para los <strong data-start=\"449\" data-end=\"469\">llantas de 17 pulgadas<\/strong>. Ideal para personalizar tu GSX-S manteniendo un aspecto limpio y profesional.<\/p>\n<p data-start=\"564\" data-end=\"605\">Este kit completo para 2 llantas incluye:<\/p>\n<ul data-start=\"606\" data-end=\"788\">\n<li data-start=\"606\" data-end=\"638\">\n<p data-start=\"608\" data-end=\"638\">Liserets pre-curvados de 8 mm<\/p>\n<\/li>\n<li data-start=\"639\" data-end=\"685\">\n<p data-start=\"641\" data-end=\"685\">8 peque\u00f1os stickers SUZUKI para las 2 llantas<\/p>\n<\/li>\n<li data-start=\"686\" data-end=\"728\">\n<p data-start=\"688\" data-end=\"728\">4 adhesivos interiores para llantas Suzuki<\/p>\n<\/li>\n<li data-start=\"729\" data-end=\"770\">\n<p data-start=\"731\" data-end=\"770\">4 pegatinas interiores para llantas GSX-S<\/p>\n<\/li>\n<li data-start=\"771\" data-end=\"788\">\n<p data-start=\"773\" data-end=\"788\">1 logo Suzuki<\/p>\n<\/li>\n<\/ul>\n<p data-start=\"790\" data-end=\"980\">Fabricados en <strong data-start=\"803\" data-end=\"840\">vinilo de calidad profesional<\/strong>, estas pegatinas garantizan una <strong data-start=\"872\" data-end=\"892\">equipamiento permanente<\/strong>, una excelente resistencia a los rayos UV, a las salpicaduras de agua y a las condiciones de la carretera.<\/p>\n<p data-start=\"982\" data-end=\"1075\">F\u00e1ciles de colocar gracias a su corte preciso, ofrecen un acabado limpio, duradero y deportivo.<\/p>\n<p data-start=\"1077\" data-end=\"1206\">Disfruta de esta <strong data-start=\"1095\" data-end=\"1118\">Oferta de liquidaci\u00f3n<\/strong> para equipar su Suzuki GSX-S a precio reducido y darle un aspecto moderno y asertivo.<\/p>","protected":false},"excerpt":{"rendered":"<ul>\n<li style=\"list-style-type: none;\">\n<ul>\n<li>\n<p data-start=\"307\" data-end=\"562\">A\u00f1ada un estilo de competici\u00f3n y din\u00e1mico a su motocicleta con este <strong data-start=\"366\" data-end=\"419\">Kit de **pegatinas** de **llanta** Suzuki GSX-S blanco y rojo<\/strong>, dise\u00f1ado espec\u00edficamente para los <strong data-start=\"449\" data-end=\"469\">llantas de 17 pulgadas<\/strong>. Ideal para personalizar tu GSX-S manteniendo un aspecto limpio y profesional.<\/p>\n<p data-start=\"564\" data-end=\"605\">Este kit completo para 2 llantas incluye:<\/p>\n<ul data-start=\"606\" data-end=\"788\">\n<li data-start=\"606\" data-end=\"638\">\n<p data-start=\"608\" data-end=\"638\">Liserets pre-curvados de 8 mm<\/p>\n<\/li>\n<li data-start=\"639\" data-end=\"685\">\n<p data-start=\"641\" data-end=\"685\">8 peque\u00f1os stickers SUZUKI para las 2 llantas<\/p>\n<\/li>\n<li data-start=\"686\" data-end=\"728\">\n<p data-start=\"688\" data-end=\"728\">4 adhesivos interiores para llantas Suzuki<\/p>\n<\/li>\n<li data-start=\"729\" data-end=\"770\">\n<p data-start=\"731\" data-end=\"770\">4 pegatinas interiores para llantas GSX-S<\/p>\n<\/li>\n<li data-start=\"771\" data-end=\"788\">\n<p data-start=\"773\" data-end=\"788\">1 logo Suzuki<\/p>\n<\/li>\n<\/ul>\n<p data-start=\"790\" data-end=\"980\">Fabricados en <strong data-start=\"803\" data-end=\"840\">vinilo de calidad profesional<\/strong>, estas pegatinas garantizan una <strong data-start=\"872\" data-end=\"892\">equipamiento permanente<\/strong>, una excelente resistencia a los rayos UV, a las salpicaduras de agua y a las condiciones de la carretera.<\/p>\n<p data-start=\"982\" data-end=\"1075\">F\u00e1ciles de colocar gracias a su corte preciso, ofrecen un acabado limpio, duradero y deportivo.<\/p>\n<p data-start=\"1077\" data-end=\"1206\">Disfruta de esta <strong data-start=\"1095\" data-end=\"1118\">Oferta de liquidaci\u00f3n<\/strong> para equipar su Suzuki GSX-S a precio reducido y darle un aspecto moderno y asertivo.<\/p>\n<\/li>\n<\/ul>\n<\/li>\n<\/ul>\n<h3><\/h3>","protected":false},"featured_media":52306,"comment_status":"open","ping_status":"closed","template":"","meta":[],"product_brand":[],"product_cat":[929,938],"product_tag":[931,173,171,932,935,1158,138,127,137,622],"class_list":{"0":"post-52305","1":"product","2":"type-product","3":"status-publish","4":"has-post-thumbnail","6":"product_cat-destockage","7":"product_cat-sticker-suzuki-pas-cher","8":"product_tag-destockage","9":"product_tag-gsx-s","10":"product_tag-gsxs","11":"product_tag-promotion","12":"product_tag-reduction","13":"product_tag-reductions","14":"product_tag-stickers","15":"product_tag-stickers-jantes","16":"product_tag-suzuki","17":"product_tag-suzuki-gsxs","18":"product_shipping_class-standard","20":"entry","21":"has-media","23":"first","24":"outofstock","25":"sale","26":"taxable","27":"shipping-taxable","28":"purchasable","29":"product-type-simple","30":"col","31":"span_1_of_5","32":"owp-content-center","33":"item-entry","34":"owp-thumbs-layout-horizontal","35":"owp-btn-big","36":"owp-tabs-layout-horizontal","37":"has-no-thumbnails"},"ase":null,"_links":{"self":[{"href":"https:\/\/www.m-stickers.com\/es\/wp-json\/wp\/v2\/product\/52305","targetHints":{"allow":["GET"]}}],"collection":[{"href":"https:\/\/www.m-stickers.com\/es\/wp-json\/wp\/v2\/product"}],"about":[{"href":"https:\/\/www.m-stickers.com\/es\/wp-json\/wp\/v2\/types\/product"}],"replies":[{"embeddable":true,"href":"https:\/\/www.m-stickers.com\/es\/wp-json\/wp\/v2\/comments?post=52305"}],"wp:featuredmedia":[{"embeddable":true,"href":"https:\/\/www.m-stickers.com\/es\/wp-json\/wp\/v2\/media\/52306"}],"wp:attachment":[{"href":"https:\/\/www.m-stickers.com\/es\/wp-json\/wp\/v2\/media?parent=52305"}],"wp:term":[{"taxonomy":"product_brand","embeddable":true,"href":"https:\/\/www.m-stickers.com\/es\/wp-json\/wp\/v2\/product_brand?post=52305"},{"taxonomy":"product_cat","embeddable":true,"href":"https:\/\/www.m-stickers.com\/es\/wp-json\/wp\/v2\/product_cat?post=52305"},{"taxonomy":"product_tag","embeddable":true,"href":"https:\/\/www.m-stickers.com\/es\/wp-json\/wp\/v2\/product_tag?post=52305"}],"curies":[{"name":"(No translation possible without context.  \"wp\" is ambiguous.)","href":"https:\/\/api.w.org\/{rel}","templated":true}]}}