{"id":54619,"date":"2024-03-02T15:55:16","date_gmt":"2024-03-02T14:55:16","guid":{"rendered":"https:\/\/www.m-stickers.com\/?post_type=product&#038;p=54619"},"modified":"2025-02-25T16:36:33","modified_gmt":"2025-02-25T15:36:33","slug":"kit-de-decoracion-carrera-de-abejas-luminosas","status":"publish","type":"product","link":"https:\/\/www.m-stickers.com\/es\/produit\/kit-deco-light-bee-race\/","title":{"rendered":"Kit de decoraci\u00f3n LIGHT-BEE \u2013 Carrera"},"content":{"rendered":"<h1>Kit de decoraci\u00f3n LIGHT-BEE \u2013 Carrera:<\/h1>\n<p>Nuestro kit de decoraci\u00f3n completo para LIGHT-BEE a partir de 2021 incluye calcoman\u00edas para:<\/p>\n<ul>\n<li>Marco<\/li>\n<li>Bater\u00eda<\/li>\n<li>Placa de matr\u00edcula<\/li>\n<li>El guardabarros delantero y piezas complementarias (en algunos modelos)<\/li>\n<\/ul>\n<p>El kit incluye 29 calcoman\u00edas.<\/p>\n<p>Calcoman\u00edas gruesas para una aplicaci\u00f3n m\u00e1s f\u00e1cil y durabilidad prolongada, protegiendo los carenados de golpes y astillas.<\/p>\n<p>Vinilos con una cola monom\u00e9rica 100% que proporciona una fijaci\u00f3n permanente, as\u00ed como resistencia a las salpicaduras de agua y a los rayos UV.  Vinilos termoformables para una mejor cobertura de los carenados. Nuestros vinilos de alta calidad est\u00e1n dise\u00f1ados y fabricados en Francia.<\/p>\n<hr \/>\n<h2>Kit decorativo LIGHT BEE - \u00bfC\u00f3mo aplicarlos?<\/h2>\n<p>Nuestro kit decorativo SUR-RON LIGHT-BEE es f\u00e1cil de instalar. Sin importar el tama\u00f1o o la superficie del carenado, el proceso sigue siendo el mismo. A continuaci\u00f3n, encontrar\u00e1s un tutorial para ayudarte a aplicar correctamente tu kit de vinilos Suzuki. <span style=\"color: #ff0000;\">Antes que nada, aqu\u00ed est\u00e1n las precauciones que se deben tomar:<\/span><\/p>\n<ul>\n<li>Verificar que los carenados est\u00e9n perfectamente lisos.<\/li>\n<li>Limpiar bien y desengrasar los carenados con agua jabonosa\/alcohol. <span style=\"color: #ff0000;\">No usar WD40 ni otros productos con silicona.\u00a0<\/span>Los pl\u00e1sticos deben estar perfectamente limpios.<\/li>\n<li>Si las calcoman\u00edas no se pegan inmediatamente, gu\u00e1rdalas en un lugar seco y protegido de la luz solar.<\/li>\n<li>\u00a0Al momento de la instalaci\u00f3n, elija una superficie con una temperatura de al menos 15\u00b0C, protegida del viento y el polvo. Tambi\u00e9n es posible calentar las piezas antes de aplicar los adhesivos para asegurar una buena adherencia. Una temperatura demasiado fr\u00eda no permitir\u00e1 una adherencia \u00f3ptima de los adhesivos.<\/li>\n<li>A\u00f1ada nuestro <a href=\"https:\/\/www.m-stickers.com\/es\/product\/raclette-de-pose-translates-to-bandeja-de-colocacion-or-bandeja-de-aplicacion-in-spanish-the-best-choice-depends-on-the-specific-context\/\">Placa de raclette con adhesivo<\/a> a tu pedido para no perder la colocaci\u00f3n de tus pegatinas de llanta de moto.<\/li>\n<li>Despu\u00e9s de la colocaci\u00f3n, evitar el contacto con el fr\u00edo y la humedad para asegurar una buena adherencia de los adhesivos.<\/li>\n<\/ul>\n<p><a href=\"https:\/\/www.m-stickers.com\/es\/tutorial-de-colocacion-kit-de-decoracion-carenados\/\"><strong>GU\u00cdA completa para instalar el kit de decoraci\u00f3n Surron: <img decoding=\"async\" class=\"alignnone wp-image-6382\" src=\"https:\/\/www.m-stickers.com\/wp-content\/uploads\/2021\/01\/bouton-tuto-300x74.png\" alt=\"\" width=\"150\" height=\"37\" srcset=\"https:\/\/www.m-stickers.com\/wp-content\/uploads\/2021\/01\/bouton-tuto-300x74.png 300w, https:\/\/www.m-stickers.com\/wp-content\/uploads\/2021\/01\/bouton-tuto.png 413w\" sizes=\"(max-width: 150px) 100vw, 150px\" \/><\/strong><\/a><\/p>\n<h4>V\u00eddeo tutorial completo sobre la instalaci\u00f3n del kit de decoraci\u00f3n:<\/h4>\n<p><iframe title=\"Reproductor de v\u00eddeo de YouTube\" src=\"https:\/\/www.youtube.com\/embed\/Qwdx5urMfbY\" width=\"560\" height=\"315\" frameborder=\"0\" allowfullscreen=\"allowfullscreen\"><\/iframe><\/p>\n<hr \/>\n<h2>\u00bfEs posible personalizar mi kit de decoraci\u00f3n para motocross SUR-RON LIGHT-BEE?<\/h2>\n<p>Personaliza tu kit decorativo como lo imaginas y a\u00f1ade logotipos o texto personalizado rellenando este formulario aqu\u00ed: <strong><a href=\"https:\/\/www.m-stickers.com\/es\/product\/tu-moto-no-esta-registrada-como-kit-de-decoracion\/\">PERSONALIZA TU KIT DECORATIVO<\/a><\/strong> \u00a1Para una personalizaci\u00f3n completa, a\u00f1ade pegatinas de llanta a tu SUR-RON LIGHT-BEE aqu\u00ed: <a href=\"https:\/\/www.m-stickers.com\/es\/configurador\/configurar\/19690\/\"><strong>Adhesivos para ruedas<\/strong><\/a><\/p>\n<p>&nbsp;<\/p>\n<hr \/>\n<h2>Kit de deco LIGHT-BEE, \u00bfqu\u00e9 colores son posibles?<\/h2>\n<p>Nuestros kits decorativos de motocross est\u00e1n disponibles por defecto en los siguientes colores: Rojo \/ azul \/ Blanco \/ Negro \/ amarillo. \u00a1Tambi\u00e9n puedes elegir el color que desees con nuestra opci\u00f3n de color espec\u00edfica o yendo a nuestro configurador!<\/p>\n<hr \/>\n<h4>\u00bfUna pregunta sobre el kit decorativo de carenado? \u00bfUna solicitud de personalizaci\u00f3n? No dude en ponerse en contacto con nosotros a trav\u00e9s de la p\u00e1gina de contacto: <a href=\"https:\/\/www.m-stickers.com\/es\/contacto\/\"><img decoding=\"async\" class=\"alignnone wp-image-6381\" src=\"https:\/\/www.m-stickers.com\/wp-content\/uploads\/2021\/01\/bouton-contact-300x74.png\" alt=\"\" width=\"150\" height=\"37\" srcset=\"https:\/\/www.m-stickers.com\/wp-content\/uploads\/2021\/01\/bouton-contact-300x74.png 300w, https:\/\/www.m-stickers.com\/wp-content\/uploads\/2021\/01\/bouton-contact.png 413w\" sizes=\"(max-width: 150px) 100vw, 150px\" \/><\/a><\/h4>\n<p>&nbsp;<\/p>","protected":false},"excerpt":{"rendered":"<h1>Kit de decoraci\u00f3n LIGHT-BEE \u2013 Carrera:<\/h1>\n<p>Nuestro kit de decoraci\u00f3n completo para LIGHT-BEE a partir de 2021 incluye calcoman\u00edas para:<\/p>\n<ul>\n<li>Marco<\/li>\n<li>Bater\u00eda<\/li>\n<li>Placa de matr\u00edcula<\/li>\n<li>El guardabarros delantero y piezas complementarias (en algunos modelos)<\/li>\n<\/ul>\n<p>El kit incluye 29 calcoman\u00edas.<\/p>\n<h2><\/h2>","protected":false},"featured_media":54623,"comment_status":"open","ping_status":"closed","template":"","meta":[],"product_brand":[],"product_cat":[156,1235,1236],"product_tag":[1240,1241,1238,1239,1237],"class_list":{"0":"post-54619","1":"product","2":"type-product","3":"status-publish","4":"has-post-thumbnail","6":"product_cat-kit-deco","7":"product_cat-kit-deco-sur-ron","8":"product_cat-kit-deco-sur-ron-light-bee","9":"product_tag-light-bee","10":"product_tag-lightbee","11":"product_tag-sur-ron","12":"product_tag-sur-ron-light-bee","13":"product_tag-surron","14":"product_shipping_class-standard","16":"entry","17":"has-media","19":"first","20":"instock","21":"taxable","22":"shipping-taxable","23":"purchasable","24":"product-type-variable","25":"has-default-attributes","26":"col","27":"span_1_of_5","28":"owp-content-center","29":"item-entry","30":"owp-thumbs-layout-horizontal","31":"owp-btn-big","32":"owp-tabs-layout-horizontal","33":"has-no-thumbnails"},"ase":null,"_links":{"self":[{"href":"https:\/\/www.m-stickers.com\/es\/wp-json\/wp\/v2\/product\/54619","targetHints":{"allow":["GET"]}}],"collection":[{"href":"https:\/\/www.m-stickers.com\/es\/wp-json\/wp\/v2\/product"}],"about":[{"href":"https:\/\/www.m-stickers.com\/es\/wp-json\/wp\/v2\/types\/product"}],"replies":[{"embeddable":true,"href":"https:\/\/www.m-stickers.com\/es\/wp-json\/wp\/v2\/comments?post=54619"}],"wp:featuredmedia":[{"embeddable":true,"href":"https:\/\/www.m-stickers.com\/es\/wp-json\/wp\/v2\/media\/54623"}],"wp:attachment":[{"href":"https:\/\/www.m-stickers.com\/es\/wp-json\/wp\/v2\/media?parent=54619"}],"wp:term":[{"taxonomy":"product_brand","embeddable":true,"href":"https:\/\/www.m-stickers.com\/es\/wp-json\/wp\/v2\/product_brand?post=54619"},{"taxonomy":"product_cat","embeddable":true,"href":"https:\/\/www.m-stickers.com\/es\/wp-json\/wp\/v2\/product_cat?post=54619"},{"taxonomy":"product_tag","embeddable":true,"href":"https:\/\/www.m-stickers.com\/es\/wp-json\/wp\/v2\/product_tag?post=54619"}],"curies":[{"name":"(No translation possible without context.  \"wp\" is ambiguous.)","href":"https:\/\/api.w.org\/{rel}","templated":true}]}}