{"id":56073,"date":"2024-05-30T17:27:02","date_gmt":"2024-05-30T15:27:02","guid":{"rendered":"https:\/\/www.m-stickers.com\/?post_type=product&#038;p=56073"},"modified":"2026-02-12T20:09:09","modified_gmt":"2026-02-12T19:09:09","slug":"calcomanias-originales-suzuki-hayabusa","status":"publish","type":"product","link":"https:\/\/www.m-stickers.com\/es\/produit\/stickers-dorigine-suzuki-hayabusa\/","title":{"rendered":"Calcoman\u00edas originales \u2013 Suzuki Hayabusa"},"content":{"rendered":"<h2>Calcoman\u00edas originales - Suzuki Hayabusa<\/h2>\n<p>Calcoman\u00edas originales para Honda Suzuki Hayabusa para personalizar. Nuestro kit incluye:<\/p>\n<ul>\n<li>2 Calcoman\u00edas Hayabusa para carenados izquierdo y derecho<\/li>\n<li>2 Calcoman\u00edas para dep\u00f3sito Suzuki<\/li>\n<li>2 Calcoman\u00edas Hayabusa para la cubierta trasera.<\/li>\n<li>Calidad profesional con ajuste permanente<\/li>\n<\/ul>\n<p>Seg\u00fan opci\u00f3n seleccionada<\/p>\n<p>Calcoman\u00edas con adhesivo mon\u00f3mero 100% que garantizan una fijaci\u00f3n permanente y resistencia a las salpicaduras de agua y a los rayos UV.<br \/>\nNuestros Vinilos de alta calidad est\u00e1n dise\u00f1ados y fabricados en Francia.<\/p>\n<hr \/>\n<h3>Calcoman\u00edas originales \u2013 Suzuki Hayabusa \u2013 \u00bfc\u00f3mo colocarlas?<\/h3>\n<p>El kit de pegatinas original de la Hayabusa es f\u00e1cil de instalar en el carenado original de la moto; el proceso es el mismo. A continuaci\u00f3n, encontrar\u00e1 un tutorial que le ayudar\u00e1 a instalar correctamente su kit de pegatinas original. <span style=\"color: #ff0000;\">Antes que nada, aqu\u00ed est\u00e1n las precauciones que se deben tomar:<\/span><\/p>\n<ul>\n<li>Comprobar que la superficie est\u00e9 perfectamente lisa.<\/li>\n<li>Limpiar bien y desengrasar los carenados con nuestro producto <a href=\"https:\/\/www.m-stickers.com\/es\/product-category\/limpiador-de-llantas\/\">Limpiador espec\u00edfico para calcoman\u00edas<\/a> o con agua y jab\u00f3n. <span style=\"color: #ff0000;\">No usar WD40 ni otros productos con silicona.\u00a0<\/span>La superficie debe estar perfectamente limpia.<\/li>\n<li>No manipular las pegatinas por el lado del pegamento.<\/li>\n<li>Si las calcoman\u00edas no se pegan inmediatamente, gu\u00e1rdalas en un lugar seco y protegido de la luz solar.<\/li>\n<li>\u00a0Para la colocaci\u00f3n, elegir una pieza con una temperatura de al menos 15\u00b0C, protegida del viento y del polvo. Tambi\u00e9n se puede calentar la superficie antes de pegar las calcas para asegurar una buena adherencia. Una temperatura demasiado fr\u00eda no permitir\u00e1 una adhesi\u00f3n \u00f3ptima de las calcas.<\/li>\n<li>A\u00f1ada nuestro <a href=\"https:\/\/www.m-stickers.com\/es\/product\/raclette-de-pose-translates-to-bandeja-de-colocacion-or-bandeja-de-aplicacion-in-spanish-the-best-choice-depends-on-the-specific-context\/\">Placa de raclette con adhesivo<\/a> a tu pedido para no perderte la instalaci\u00f3n de tus stickers originales<\/li>\n<li>Despu\u00e9s de la aplicaci\u00f3n, evitar el contacto con el fr\u00edo y la humedad para garantizar una buena adherencia de los adhesivos.<\/li>\n<\/ul>\n<hr \/>\n<h2>\u00bfEs posible personalizar mis calcoman\u00edas originales Suzuki Hayabusa?<\/h2>\n<p>Nuestro producto b\u00e1sico incluye \u00fanicamente los 2 logotipos Hayabusa en los carenados derecho e izquierdo de la motocicleta.  Se pueden seleccionar las opciones 2 y\/o 3 para a\u00f1adir las calcoman\u00edas Suzuki y Hayabusa en el dep\u00f3sito y la tapa trasera.<\/p>\n<p>\u00a1Personaliza tus adhesivos con nuestros efectos! Ofrecemos para tu kit de origen los efectos: Hologr\u00e1fico \/ Fotoluminiscente \/ Retrorreflectante \/ Fluo \/ Brillante \/ Mate. <strong>Por favor, proporciona el texto en franc\u00e9s que deseas traducir al espa\u00f1ol. <a href=\"https:\/\/www.m-stickers.com\/es\/nuestros-adhesivos\/\">\u00a1Con\u00f3cenos aqu\u00ed para m\u00e1s informaci\u00f3n sobre nuestros efectos de pegatinas!<\/a><\/strong><\/p>\n<hr \/>\n<h3>Kit decorativo Honda Hayabusa, \u00bfqu\u00e9 colores son posibles?<\/h3>\n<p>Nuestros kits originales de moto est\u00e1n disponibles por defecto en los siguientes colores: Blanco \/ Negro \/ Rojo \/ Naranja \/ Amarillo \/ Verde \/ Cian \/ Azul \/ Rosa. \u00a1Tambi\u00e9n puede elegir el color que desee con nuestra opci\u00f3n de color espec\u00edfica o yendo a nuestro configurador!<\/p>\n<hr \/>\n<h4>\u00bfTiene alguna pregunta sobre nuestros kits decorativos originales? \u00bfTiene alguna solicitud de personalizaci\u00f3n? No dude en ponerse en contacto con nosotros a trav\u00e9s de la p\u00e1gina de contacto: <a href=\"https:\/\/www.m-stickers.com\/es\/contacto\/\"><img decoding=\"async\" class=\"alignnone wp-image-6381\" src=\"https:\/\/www.m-stickers.com\/wp-content\/uploads\/2021\/01\/bouton-contact-300x74.png\" alt=\"\" width=\"150\" height=\"37\" srcset=\"https:\/\/www.m-stickers.com\/wp-content\/uploads\/2021\/01\/bouton-contact-300x74.png 300w, https:\/\/www.m-stickers.com\/wp-content\/uploads\/2021\/01\/bouton-contact.png 413w\" sizes=\"(max-width: 150px) 100vw, 150px\" \/><\/a><\/h4>","protected":false},"excerpt":{"rendered":"<h2>Calcoman\u00edas originales - Hayabusa<\/h2>\n<p>Calcoman\u00edas originales para Honda Suzuki Hayabusa para personalizar. Nuestro kit incluye:<\/p>\n<ul>\n<li>2 Calcoman\u00edas Hayabusa para carenados izquierdo y derecho<\/li>\n<li>2 Calcoman\u00edas para dep\u00f3sito Suzuki<\/li>\n<li>2 Calcoman\u00edas Hayabusa para la cubierta trasera.<\/li>\n<\/ul>\n<p>Seg\u00fan opci\u00f3n seleccionada<\/p>\n<p><span style=\"color: #ff0000;\"><strong>El kit incluye: 2 pegatinas logo Hayabusa para carenados.<\/strong><\/span><\/p>\n<p>Es posible a\u00f1adir con las opciones 1 y\/o 2 las calcoman\u00edas Suzuki y Hayabusa para el dep\u00f3sito y la tapa trasera. Los colores y acabados son a elegir.<\/p>","protected":false},"featured_media":56083,"comment_status":"open","ping_status":"closed","template":"","meta":[],"product_brand":[],"product_cat":[558,15,1247],"product_tag":[1137,1250,1254,1059,1251,1252,1253],"class_list":{"0":"post-56073","1":"product","2":"type-product","3":"status-publish","4":"has-post-thumbnail","6":"product_cat-kit-deco-suzuki","7":"product_cat-kits-stickers-jantes-moto-complet","8":"product_cat-stickers-origine-hayabusa","9":"product_tag-hayabusa","10":"product_tag-sticker-dorigine","11":"product_tag-sticker-hayabusa","12":"product_tag-stickers-dorigine","13":"product_tag-stickers-dorigine-hayabusa","14":"product_tag-stickers-hayabusa","15":"product_tag-suzuki-hayabusa","16":"product_shipping_class-standard","18":"entry","19":"has-media","21":"first","22":"instock","23":"taxable","24":"shipping-taxable","25":"purchasable","26":"product-type-variable","27":"has-default-attributes","28":"col","29":"span_1_of_5","30":"owp-content-center","31":"item-entry","32":"owp-thumbs-layout-horizontal","33":"owp-btn-big","34":"owp-tabs-layout-horizontal","35":"has-no-thumbnails"},"ase":null,"_links":{"self":[{"href":"https:\/\/www.m-stickers.com\/es\/wp-json\/wp\/v2\/product\/56073","targetHints":{"allow":["GET"]}}],"collection":[{"href":"https:\/\/www.m-stickers.com\/es\/wp-json\/wp\/v2\/product"}],"about":[{"href":"https:\/\/www.m-stickers.com\/es\/wp-json\/wp\/v2\/types\/product"}],"replies":[{"embeddable":true,"href":"https:\/\/www.m-stickers.com\/es\/wp-json\/wp\/v2\/comments?post=56073"}],"wp:featuredmedia":[{"embeddable":true,"href":"https:\/\/www.m-stickers.com\/es\/wp-json\/wp\/v2\/media\/56083"}],"wp:attachment":[{"href":"https:\/\/www.m-stickers.com\/es\/wp-json\/wp\/v2\/media?parent=56073"}],"wp:term":[{"taxonomy":"product_brand","embeddable":true,"href":"https:\/\/www.m-stickers.com\/es\/wp-json\/wp\/v2\/product_brand?post=56073"},{"taxonomy":"product_cat","embeddable":true,"href":"https:\/\/www.m-stickers.com\/es\/wp-json\/wp\/v2\/product_cat?post=56073"},{"taxonomy":"product_tag","embeddable":true,"href":"https:\/\/www.m-stickers.com\/es\/wp-json\/wp\/v2\/product_tag?post=56073"}],"curies":[{"name":"(No translation possible without context.  \"wp\" is ambiguous.)","href":"https:\/\/api.w.org\/{rel}","templated":true}]}}