{"id":56621,"date":"2024-06-25T09:58:45","date_gmt":"2024-06-25T07:58:45","guid":{"rendered":"https:\/\/www.m-stickers.com\/?post_type=product&#038;p=56621"},"modified":"2025-11-29T16:13:56","modified_gmt":"2025-11-29T15:13:56","slug":"decals-para-llantas-de-moto-electricas-liquidacion","status":"publish","type":"product","link":"https:\/\/www.m-stickers.com\/es\/produit\/stickers-jantes-moto-electro-destockage\/","title":{"rendered":"Calcoman\u00edas Llantas Moto - Electro (Liquidaci\u00f3n)"},"content":{"rendered":"<h2>Calcoman\u00edas de llantas Moto \u2013 Electro (kit para 2 llantas) <span style=\"color: #ff0000\">(Liquidaci\u00f3n)<\/span> :<\/h2>\n<p><strong>Transforma el aspecto de tu motocicleta con nuestras pegatinas de llanta de moto. Dise\u00f1ado para ambas llantas, este kit incluye todo lo que necesitas para una personalizaci\u00f3n \u00fanica y de calidad. Fabricado en Francia con vinilos de alta calidad, este kit est\u00e1 disponible en una gama de colores para combinar con tu estilo.<\/strong><\/p>\n<p>Calcoman\u00edas llantas moto \u2013 El\u00e9ctrico para las 2 llantas incluye:<\/p>\n<ul>\n<li>4 Calcoman\u00edas interiores de llanta delantera Electro<\/li>\n<li>4 Calcoman\u00edas interiores de llantas traseras El\u00e9ctrico<\/li>\n<\/ul>\n<p>Autoadhesivos con adhesivo mon\u00f3mero de 100\u00b5 que permite una adherencia permanente, as\u00ed como resistencia a salpicaduras de agua y a los rayos UV.<br \/>\nNuestros Vinilos de alta calidad est\u00e1n dise\u00f1ados y fabricados en Francia.<\/p>\n<hr \/>\n<h3>Calcoman\u00edas llantas moto Electro \u2013 \u00bfc\u00f3mo colocarlas?<\/h3>\n<p>El kit de pegatinas para llantas Electro es f\u00e1cil de instalar. No importa el tama\u00f1o o la superficie de la llanta, el proceso sigue siendo el mismo. A continuaci\u00f3n, encontrar\u00e1 un tutorial que le ayudar\u00e1 a instalar correctamente su kit de pegatinas para llantas. . <span style=\"color: #ff0000\">Antes que nada, aqu\u00ed est\u00e1n las precauciones que se deben tomar:<\/span><\/p>\n<ul>\n<li>Verificar que el aro debe estar perfectamente liso.<\/li>\n<li>Limpiar bien, desengrasar la llanta con nuestro producto. <a href=\"https:\/\/www.m-stickers.com\/es\/product\/limpiador-llantas-motos-adhesivos-100ml\/\"><span style=\"color: #ff0000\"><strong>Limpiador de llantas especial para adhesivos<\/strong><\/span><\/a>. O con agua jabonosa (puede no ser suficiente para eliminar todos los residuos de grasa). O alcohol. <span style=\"color: #ff0000\">No usar WD40 ni otros productos con silicona. <\/span>El aro debe estar perfectamente limpio.<\/li>\n<li>No manipular las pegatinas por el lado del pegamento.<\/li>\n<li>Si las calcoman\u00edas no se pegan inmediatamente, gu\u00e1rdalas en un lugar seco y protegido de la luz solar.<\/li>\n<li>Al momento de la instalaci\u00f3n, seleccione una pieza con una temperatura de al menos 15\u00b0C, protegida del viento y del polvo. Tambi\u00e9n es posible calentar la llanta antes de aplicar las calcoman\u00edas para asegurar una buena adherencia de los adhesivos. Una temperatura demasiado fr\u00eda no permitir\u00e1 una adherencia \u00f3ptima de las calcoman\u00edas.<\/li>\n<li>A\u00f1ada nuestro <a href=\"https:\/\/www.m-stickers.com\/es\/product\/raclette-de-pose-translates-to-bandeja-de-colocacion-or-bandeja-de-aplicacion-in-spanish-the-best-choice-depends-on-the-specific-context\/\">Placa de raclette con adhesivo<\/a> en tu pedido para no perderte la instalaci\u00f3n de tus stickers de llanta de moto<\/li>\n<li>Despu\u00e9s de la colocaci\u00f3n, evitar el contacto con el fr\u00edo y la humedad para asegurar una buena adherencia.<\/li>\n<\/ul>\n<p><strong><a href=\"https:\/\/www.m-stickers.com\/es\/como-colocar-tus-calcomanias-de-llantas-de-moto\/\">TUTORIAL completo para instalar tu kit de decoraci\u00f3n de llantas. <\/a><a href=\"https:\/\/www.m-stickers.com\/es\/como-colocar-tus-calcomanias-de-llantas-de-moto\/\"><img decoding=\"async\" class=\"alignnone wp-image-6382\" src=\"https:\/\/www.m-stickers.com\/wp-content\/uploads\/2021\/01\/bouton-tuto-300x74.png\" alt=\"\" width=\"150\" height=\"37\" srcset=\"https:\/\/www.m-stickers.com\/wp-content\/uploads\/2021\/01\/bouton-tuto-300x74.png 300w, https:\/\/www.m-stickers.com\/wp-content\/uploads\/2021\/01\/bouton-tuto.png 413w\" sizes=\"(max-width: 150px) 100vw, 150px\" \/><\/a><\/strong><\/p>\n<h4>V\u00eddeo tutorial completo de instalaci\u00f3n del kit de decoraci\u00f3n de llantas:<\/h4>\n<hr \/>\n<h2>\u00bfEs posible personalizar mis calcoman\u00edas para llantas Electro?<\/h2>\n<ul>\n<li>\u00a1Personaliza tus stickers de **llanta** de moto con nuestros efectos! Para tu kit decorativo de **llanta**, ofrecemos los efectos: Hologr\u00e1fico \/ Fotoluminiscente \/ Retrorreflectante \/ Fl\u00faor \/ Brillante \/ Mate \/ Reforzado \/ Dorado \/ Plateado. <strong>Por favor, proporciona el texto en franc\u00e9s que deseas traducir al espa\u00f1ol. <a href=\"https:\/\/www.m-stickers.com\/es\/nuestros-adhesivos\/\">\u00a1Descubre m\u00e1s sobre nuestros efectos de stickers aqu\u00ed! <\/a><\/strong><\/li>\n<li>Tambi\u00e9n puedes personalizar tu propio kit decorativo de llantas con una gran selecci\u00f3n de dise\u00f1os con nuestro<strong> <a href=\"https:\/\/www.m-stickers.com\/es\/categorie-configurator\/\">Configurador instant\u00e1neo<\/a><a href=\"https:\/\/www.m-stickers.com\/es\/categorie-configurator\/\"><img decoding=\"async\" class=\"alignnone wp-image-6380\" src=\"https:\/\/www.m-stickers.com\/wp-content\/uploads\/2021\/01\/bouton-configurator-3-300x74.png\" alt=\"\" width=\"150\" height=\"37\" srcset=\"https:\/\/www.m-stickers.com\/wp-content\/uploads\/2021\/01\/bouton-configurator-3-300x74.png 300w, https:\/\/www.m-stickers.com\/wp-content\/uploads\/2021\/01\/bouton-configurator-3.png 413w\" sizes=\"(max-width: 150px) 100vw, 150px\" \/><\/a><\/strong><\/li>\n<\/ul>\n<hr \/>\n<h3>Kit decorativo llanta Electro, \u00bfqu\u00e9 colores son posibles?<\/h3>\n<ul>\n<li>Nuestros kits decorativos de **llantas** de moto est\u00e1n disponibles por defecto en los siguientes colores: Blanco \/ Negro \/ Rojo \/ Naranja \/ Amarillo \/ Verde \/ Cian \/ Azul \/ Rosa. Tambi\u00e9n puedes elegir el color que desees con nuestra opci\u00f3n de color espec\u00edfico o visitando nuestro configurador.<\/li>\n<li>Cita <a href=\"https:\/\/www.m-stickers.com\/es\/etiquetas-de-gama-de-colores\/\">aqu\u00ed<\/a> Para encontrar todas nuestras opciones de color con<a href=\"https:\/\/www.m-stickers.com\/es\/etiquetas-de-gama-de-colores\/\"><strong> El muestrario M-Stickers.<\/strong><\/a><\/li>\n<\/ul>\n<hr \/>\n<h4>\u00bfTiene alguna pregunta sobre el kit decorativo para llantas? \u00bfSolicitud de personalizaci\u00f3n? No dude en contactarnos a trav\u00e9s de la p\u00e1gina de contacto: <a href=\"https:\/\/www.m-stickers.com\/es\/contacto\/\"><img decoding=\"async\" class=\"alignnone wp-image-6381\" src=\"https:\/\/www.m-stickers.com\/wp-content\/uploads\/2021\/01\/bouton-contact-300x74.png\" alt=\"\" width=\"150\" height=\"37\" srcset=\"https:\/\/www.m-stickers.com\/wp-content\/uploads\/2021\/01\/bouton-contact-300x74.png 300w, https:\/\/www.m-stickers.com\/wp-content\/uploads\/2021\/01\/bouton-contact.png 413w\" sizes=\"(max-width: 150px) 100vw, 150px\" \/><\/a><\/h4>\n<p><span style=\"color: #999999\"><strong>Palabras Clave:<\/strong> Calcoman\u00edas para motos, calcoman\u00edas para llantas, kit de decoraci\u00f3n para motos, calcoman\u00edas para llantas, kit de decoraci\u00f3n para motos, calcoman\u00edas para llantas, personalizaci\u00f3n de motos, vinilos de alta calidad, tutorial para colocar calcoman\u00edas, personalizaci\u00f3n de llantas, efectos de las calcoman\u00edas, colores personalizados.<\/span><\/p>","protected":false},"excerpt":{"rendered":"<p><br data-mce-bogus=\"1\"><\/p>","protected":false},"featured_media":56640,"comment_status":"open","ping_status":"closed","template":"","meta":[],"product_brand":[],"product_cat":[929,1257],"product_tag":[931,1261,1259,933,932,1258,127],"class_list":{"0":"post-56621","1":"product","2":"type-product","3":"status-publish","4":"has-post-thumbnail","6":"product_cat-destockage","7":"product_cat-interieur-de-jante","8":"product_tag-destockage","9":"product_tag-electro","10":"product_tag-interieur-jante","11":"product_tag-promo","12":"product_tag-promotion","13":"product_tag-stickers-jante","14":"product_tag-stickers-jantes","15":"product_shipping_class-standard","17":"entry","18":"has-media","20":"first","21":"instock","22":"sale","23":"taxable","24":"shipping-taxable","25":"purchasable","26":"product-type-variable","27":"has-default-attributes","28":"col","29":"span_1_of_5","30":"owp-content-center","31":"item-entry","32":"owp-thumbs-layout-horizontal","33":"owp-btn-big","34":"owp-tabs-layout-horizontal","35":"has-no-thumbnails"},"ase":null,"_links":{"self":[{"href":"https:\/\/www.m-stickers.com\/es\/wp-json\/wp\/v2\/product\/56621","targetHints":{"allow":["GET"]}}],"collection":[{"href":"https:\/\/www.m-stickers.com\/es\/wp-json\/wp\/v2\/product"}],"about":[{"href":"https:\/\/www.m-stickers.com\/es\/wp-json\/wp\/v2\/types\/product"}],"replies":[{"embeddable":true,"href":"https:\/\/www.m-stickers.com\/es\/wp-json\/wp\/v2\/comments?post=56621"}],"wp:featuredmedia":[{"embeddable":true,"href":"https:\/\/www.m-stickers.com\/es\/wp-json\/wp\/v2\/media\/56640"}],"wp:attachment":[{"href":"https:\/\/www.m-stickers.com\/es\/wp-json\/wp\/v2\/media?parent=56621"}],"wp:term":[{"taxonomy":"product_brand","embeddable":true,"href":"https:\/\/www.m-stickers.com\/es\/wp-json\/wp\/v2\/product_brand?post=56621"},{"taxonomy":"product_cat","embeddable":true,"href":"https:\/\/www.m-stickers.com\/es\/wp-json\/wp\/v2\/product_cat?post=56621"},{"taxonomy":"product_tag","embeddable":true,"href":"https:\/\/www.m-stickers.com\/es\/wp-json\/wp\/v2\/product_tag?post=56621"}],"curies":[{"name":"(No translation possible without context.  \"wp\" is ambiguous.)","href":"https:\/\/api.w.org\/{rel}","templated":true}]}}