{"id":56908,"date":"2024-06-25T16:42:16","date_gmt":"2024-06-25T14:42:16","guid":{"rendered":"https:\/\/www.m-stickers.com\/?post_type=product&#038;p=56908"},"modified":"2025-02-25T16:36:59","modified_gmt":"2025-02-25T15:36:59","slug":"aro-kawasaki-zx-10r","status":"publish","type":"product","link":"https:\/\/www.m-stickers.com\/es\/produit\/liseret-kawasaki-zx-10r\/","title":{"rendered":"Raya \u2013 Kawasaki \u2013 ZX-10R"},"content":{"rendered":"<h2>Raya \u2013 Kawasaki \u2013 ZX-10R <span style=\"color: #ff0000;\">(Liquidaci\u00f3n)<\/span> :<\/h2>\n<p><strong>Tira<\/strong><\/p>\n<p>Ruedas Kawasaki ZX-10R - Banda de llanta<\/p>\n<ul>\n<li>10 llantas Kawasaki \u2013 ZX-10R<\/li>\n<li>Se adapta a todas las llantas<\/li>\n<li>Fondo<\/li>\n<\/ul>\n<p>Autoadhesivos con adhesivo mon\u00f3mero de 100\u00b5 que permite una adherencia permanente, as\u00ed como resistencia a salpicaduras de agua y a los rayos UV.<br \/>\nNuestros Vinilos de alta calidad est\u00e1n dise\u00f1ados y fabricados en Francia.<\/p>\n<hr \/>\n<h3>Calcoman\u00edas de Moto \u2013 \u00bfc\u00f3mo pegarlas?<\/h3>\n<p>Nuestros adhesivos para llantas de moto son f\u00e1ciles de aplicar. Independientemente del tama\u00f1o o la superficie, el proceso sigue siendo el mismo. A continuaci\u00f3n, encontrar\u00e1s un tutorial para ayudarte a aplicar correctamente tu adhesivo para moto. . <span style=\"color: #ff0000;\">Antes que nada, aqu\u00ed est\u00e1n las precauciones que se deben tomar:<\/span><\/p>\n<ul>\n<li>Comprobar que la superficie est\u00e9 perfectamente lisa.<\/li>\n<li>Bien nettoyer, d\u00e9graisser la surface avec notre produit <a href=\"https:\/\/www.m-stickers.com\/es\/product\/limpiador-llantas-motos-adhesivos-100ml\/\"><span style=\"color: #ff0000;\"><strong>Limpiador de llantas especial para adhesivos<\/strong><\/span><\/a>. O con agua jabonosa (puede no ser suficiente para eliminar todos los residuos de grasa). O alcohol. <span style=\"color: #ff0000;\">No usar WD40 ni otros productos con silicona. <\/span>La superficie debe estar perfectamente limpia.<\/li>\n<li>No manipular las pegatinas por el lado del pegamento.<\/li>\n<li>Si las calcoman\u00edas no se pegan inmediatamente, gu\u00e1rdalas en un lugar seco y protegido de la luz solar.<\/li>\n<li>Para la colocaci\u00f3n, elegir una pieza con una temperatura de al menos 15\u00b0C, protegida del viento y del polvo. Tambi\u00e9n se puede calentar la superficie antes de pegar las calcas para asegurar una buena adherencia. Una temperatura demasiado fr\u00eda no permitir\u00e1 una adhesi\u00f3n \u00f3ptima de las calcas.<\/li>\n<li>A\u00f1ada nuestro <a href=\"https:\/\/www.m-stickers.com\/es\/product\/raclette-de-pose-translates-to-bandeja-de-colocacion-or-bandeja-de-aplicacion-in-spanish-the-best-choice-depends-on-the-specific-context\/\">Placa de raclette con adhesivo<\/a> en tu pedido para no perderte la instalaci\u00f3n de tus stickers de llanta de moto<\/li>\n<li>Despu\u00e9s de la colocaci\u00f3n, evitar el contacto con el fr\u00edo y la humedad para asegurar una buena adherencia.<\/li>\n<\/ul>\n<p><strong><a href=\"https:\/\/www.m-stickers.com\/es\/como-colocar-tus-calcomanias-de-llantas-de-moto\/\">Tutorial completo para colocar calcoman\u00edas para motos <\/a><a href=\"https:\/\/www.m-stickers.com\/es\/como-colocar-tus-calcomanias-de-llantas-de-moto\/\"><img decoding=\"async\" class=\"alignnone wp-image-6382\" src=\"https:\/\/www.m-stickers.com\/wp-content\/uploads\/2021\/01\/bouton-tuto-300x74.png\" alt=\"\" width=\"150\" height=\"37\" srcset=\"https:\/\/www.m-stickers.com\/wp-content\/uploads\/2021\/01\/bouton-tuto-300x74.png 300w, https:\/\/www.m-stickers.com\/wp-content\/uploads\/2021\/01\/bouton-tuto.png 413w\" sizes=\"(max-width: 150px) 100vw, 150px\" \/><\/a><\/strong><\/p>\n<h4>V\u00eddeo tutorial completo de instalaci\u00f3n del kit de decoraci\u00f3n de llantas:<\/h4>\n<p><iframe title=\"Reproductor de v\u00eddeo de YouTube\" src=\"https:\/\/www.youtube.com\/embed\/1AJhkFaZIsk\" width=\"1120\" height=\"630\" frameborder=\"0\" allowfullscreen=\"allowfullscreen\" data-mce-fragment=\"1\"><\/iframe><\/p>\n<hr \/>\n<h2>\u00bfEs posible personalizar mis llantas?<\/h2>\n<ul>\n<li>\u00a1Personaliza tus tiras de llanta de moto con nuestros efectos! Para tu kit decorativo de llanta, ofrecemos los efectos: Hologr\u00e1fico \/ Fotoluminiscente \/ Retrorreflectante \/ Fluo \/ Brillante \/ Mate \/ Reforzado \/ Dorado \/ Plateado. <strong>Por favor, proporciona el texto en franc\u00e9s que deseas traducir al espa\u00f1ol. <a href=\"https:\/\/www.m-stickers.com\/es\/nuestros-adhesivos\/\">\u00a1Descubre m\u00e1s sobre nuestros efectos de stickers aqu\u00ed! <\/a><\/strong><\/li>\n<li>Tambi\u00e9n puedes personalizar tu propio kit decorativo de llantas con una gran selecci\u00f3n de dise\u00f1os con nuestro<strong> <a href=\"https:\/\/www.m-stickers.com\/es\/categorie-configurator\/\">Configurador instant\u00e1neo<\/a><a href=\"https:\/\/www.m-stickers.com\/es\/categorie-configurator\/\"><img decoding=\"async\" class=\"alignnone wp-image-6380\" src=\"https:\/\/www.m-stickers.com\/wp-content\/uploads\/2021\/01\/bouton-configurator-3-300x74.png\" alt=\"\" width=\"150\" height=\"37\" srcset=\"https:\/\/www.m-stickers.com\/wp-content\/uploads\/2021\/01\/bouton-configurator-3-300x74.png 300w, https:\/\/www.m-stickers.com\/wp-content\/uploads\/2021\/01\/bouton-configurator-3.png 413w\" sizes=\"(max-width: 150px) 100vw, 150px\" \/><\/a><\/strong><\/li>\n<\/ul>\n<hr \/>\n<h3>Tirador de llanta moto, \u00bfqu\u00e9 colores hay disponibles?<\/h3>\n<ul>\n<li>Nuestros sets de tiras para llantas de moto est\u00e1n disponibles por defecto en los siguientes colores: Blanco \/ Negro \/ Rojo \/ Naranja \/ Amarillo \/ Verde \/ Cian \/ Azul \/ Rosa. Tambi\u00e9n puedes elegir el color que desees con nuestra opci\u00f3n de color espec\u00edfica o yendo a nuestro configurador.<\/li>\n<li>Cita <a href=\"https:\/\/www.m-stickers.com\/es\/etiquetas-de-gama-de-colores\/\">aqu\u00ed<\/a> Para encontrar todas nuestras opciones de color con<a href=\"https:\/\/www.m-stickers.com\/es\/etiquetas-de-gama-de-colores\/\"><strong> El muestrario M-Stickers.<\/strong><\/a><\/li>\n<\/ul>\n<hr \/>\n<h4>\u00bfTienes alguna pregunta sobre las tiras de llanta de motocicleta? \u00bfUna solicitud de personalizaci\u00f3n? No dudes en contactarnos a trav\u00e9s de la p\u00e1gina de contacto: <a href=\"https:\/\/www.m-stickers.com\/es\/contacto\/\"><img decoding=\"async\" class=\"alignnone wp-image-6381\" src=\"https:\/\/www.m-stickers.com\/wp-content\/uploads\/2021\/01\/bouton-contact-300x74.png\" alt=\"\" width=\"150\" height=\"37\" srcset=\"https:\/\/www.m-stickers.com\/wp-content\/uploads\/2021\/01\/bouton-contact-300x74.png 300w, https:\/\/www.m-stickers.com\/wp-content\/uploads\/2021\/01\/bouton-contact.png 413w\" sizes=\"(max-width: 150px) 100vw, 150px\" \/><\/a><\/h4>\n<p><span style=\"color: #999999;\"><strong>Palabras Clave:<\/strong> Molduras de moto, Molduras de llantas, kit de molduras de moto, moldura de llanta, kit decorativo de moto, calcoman\u00edas de llantas, personalizaci\u00f3n de motos, vinilos de alta calidad, tutorial de colocaci\u00f3n de calcoman\u00edas, personalizaci\u00f3n de llantas, efectos de calcoman\u00edas, colores personalizados.<\/span><\/p>","protected":false},"excerpt":{"rendered":"<h2>Tirador de llanta moto - Kawasaki - ZX-10R<\/h2>\n<ul>\n<li>Juego de 10 llantas<\/li>\n<li>Todo tipo de llantas (Negras)<\/li>\n<\/ul>","protected":false},"featured_media":56907,"comment_status":"open","ping_status":"closed","template":"","meta":[],"product_brand":[],"product_cat":[1282,114],"product_tag":[931,204,406,1283,1284,1302,1301,1300,933,932],"class_list":{"0":"post-56908","1":"product","2":"type-product","3":"status-publish","4":"has-post-thumbnail","6":"product_cat-liseret-kawasaki","7":"product_cat-stickers","8":"product_tag-destockage","9":"product_tag-kawasaki","10":"product_tag-liseret-jante","11":"product_tag-liseret-jante-kawasaki","12":"product_tag-liseret-kawasaki","13":"product_tag-liseret-zx-10-r","14":"product_tag-liseret-zx-10r","15":"product_tag-liseret-zx10r","16":"product_tag-promo","17":"product_tag-promotion","18":"product_shipping_class-standard","20":"entry","21":"has-media","23":"first","24":"instock","25":"taxable","26":"shipping-taxable","27":"purchasable","28":"product-type-variable","29":"has-default-attributes","30":"col","31":"span_1_of_5","32":"owp-content-center","33":"item-entry","34":"owp-thumbs-layout-horizontal","35":"owp-btn-big","36":"owp-tabs-layout-horizontal","37":"has-no-thumbnails"},"ase":null,"_links":{"self":[{"href":"https:\/\/www.m-stickers.com\/es\/wp-json\/wp\/v2\/product\/56908","targetHints":{"allow":["GET"]}}],"collection":[{"href":"https:\/\/www.m-stickers.com\/es\/wp-json\/wp\/v2\/product"}],"about":[{"href":"https:\/\/www.m-stickers.com\/es\/wp-json\/wp\/v2\/types\/product"}],"replies":[{"embeddable":true,"href":"https:\/\/www.m-stickers.com\/es\/wp-json\/wp\/v2\/comments?post=56908"}],"wp:featuredmedia":[{"embeddable":true,"href":"https:\/\/www.m-stickers.com\/es\/wp-json\/wp\/v2\/media\/56907"}],"wp:attachment":[{"href":"https:\/\/www.m-stickers.com\/es\/wp-json\/wp\/v2\/media?parent=56908"}],"wp:term":[{"taxonomy":"product_brand","embeddable":true,"href":"https:\/\/www.m-stickers.com\/es\/wp-json\/wp\/v2\/product_brand?post=56908"},{"taxonomy":"product_cat","embeddable":true,"href":"https:\/\/www.m-stickers.com\/es\/wp-json\/wp\/v2\/product_cat?post=56908"},{"taxonomy":"product_tag","embeddable":true,"href":"https:\/\/www.m-stickers.com\/es\/wp-json\/wp\/v2\/product_tag?post=56908"}],"curies":[{"name":"(No translation possible without context.  \"wp\" is ambiguous.)","href":"https:\/\/api.w.org\/{rel}","templated":true}]}}