{"id":57440,"date":"2024-07-15T17:01:18","date_gmt":"2024-07-15T15:01:18","guid":{"rendered":"https:\/\/www.m-stickers.com\/?post_type=product&#038;p=57440"},"modified":"2026-02-17T17:34:56","modified_gmt":"2026-02-17T16:34:56","slug":"pegatinas-de-casco-de-motocicleta-sonrisas-liquidacion","status":"publish","type":"product","link":"https:\/\/www.m-stickers.com\/es\/produit\/stickers-casque-moto-smile-destockage\/","title":{"rendered":"Stickers para casco de moto \u2013 Sonrisa (Liquidaci\u00f3n)"},"content":{"rendered":"<h2>Pegatinas casco motocicleta Smile<span style=\"color: #ff0000;\">Liquidaci\u00f3n<\/span>) :<\/h2>\n<p>Nuestro kit de pegatinas para casco de moto Smile incluye:<\/p>\n<ul>\n<li>1 gran pegatina\/calcoman\u00eda Sonrisa de 10 cm de alto por 57 cm de ancho<\/li>\n<li>Etiquetas de alta calidad de impresi\u00f3n y alta resistencia.<\/li>\n<\/ul>\n<p>Etiquetas con adhesivo mon\u00f3mero 100% que proporciona una fijaci\u00f3n permanente, as\u00ed como resistencia a las salpicaduras de agua y a los rayos UV.<br \/>\nNuestros Vinilos de alta calidad est\u00e1n dise\u00f1ados y fabricados en Francia.<\/p>\n<hr \/>\n<h3>Pegatinas para casco de moto Smile \u2013 \u00bfC\u00f3mo colocarlas?<\/h3>\n<p>Nuestras pegatinas para casco de moto son universales y f\u00e1ciles de aplicar. Sea cual sea el tama\u00f1o o la superficie del casco, el proceso es el mismo. A continuaci\u00f3n, encontrar\u00e1 un tutorial que le ayudar\u00e1 a aplicar correctamente sus pegatinas para casco de moto Smile. . <span style=\"color: #ff0000;\">Antes que nada, aqu\u00ed est\u00e1n las precauciones que se deben tomar:<\/span><\/p>\n<ul>\n<li>Verificar que la superficie del casco sea perfectamente lisa.<\/li>\n<li>Limpiar bien y desengrasar el casco con agua jabonosa\/alcohol. <span style=\"color: #ff0000;\">No usar WD40 ni otros productos con silicona.\u00a0<\/span>El casco debe estar perfectamente limpio.<\/li>\n<li>No manipular las pegatinas por el lado del pegamento.<\/li>\n<li>Si las calcoman\u00edas no se pegan inmediatamente, gu\u00e1rdalas en un lugar seco y protegido de la luz solar.<\/li>\n<li>\u00a0Para la colocaci\u00f3n, elegir una pieza con una temperatura de al menos 15\u00b0C, protegida del viento y del polvo. Tambi\u00e9n se puede calentar la superficie antes de pegar las calcas para asegurar una buena adherencia. Una temperatura demasiado fr\u00eda no permitir\u00e1 una adhesi\u00f3n \u00f3ptima de las calcas.<\/li>\n<li>A\u00f1ada nuestro <a href=\"https:\/\/www.m-stickers.com\/es\/product\/raclette-de-pose-translates-to-bandeja-de-colocacion-or-bandeja-de-aplicacion-in-spanish-the-best-choice-depends-on-the-specific-context\/\">Placa de raclette con adhesivo<\/a> en tu pedido para no perderte la instalaci\u00f3n de tus stickers de llanta de moto<\/li>\n<li>Despu\u00e9s de la colocaci\u00f3n, evitar el contacto con el fr\u00edo y la humedad para asegurar una buena adherencia de los adhesivos.<\/li>\n<\/ul>\n<p><strong>GU\u00cdA completa para colocar pegatinas en tu casco de moto: <img decoding=\"async\" class=\"alignnone wp-image-6382\" src=\"https:\/\/www.m-stickers.com\/wp-content\/uploads\/2021\/01\/bouton-tuto-300x74.png\" alt=\"\" width=\"150\" height=\"37\" srcset=\"https:\/\/www.m-stickers.com\/wp-content\/uploads\/2021\/01\/bouton-tuto-300x74.png 300w, https:\/\/www.m-stickers.com\/wp-content\/uploads\/2021\/01\/bouton-tuto.png 413w\" sizes=\"(max-width: 150px) 100vw, 150px\" \/><\/strong><\/p>\n<h4>V\u00eddeo tutorial completo de instalaci\u00f3n del kit de decoraci\u00f3n para casco de motocicleta:<\/h4>\n<p>&nbsp;<\/p>\n<hr \/>\n<h2>\u00bfEs posible personalizar vuestros vinilos para casco de moto?<\/h2>\n<p>\u00a1Es totalmente posible personalizar tus calcoman\u00edas para casco de motocicleta gracias a nuestros efectos! Le recomendamos nuestros adhesivos retrorreflectantes que garantizan, adem\u00e1s de un gran aspecto, una protecci\u00f3n adicional para los motociclistas que conducen de noche. Descubra tambi\u00e9n nuestros otros efectos de calcoman\u00edas para casco de motocicleta: Hologr\u00e1fico \/ Fotoluminiscente \/ Fluorescente \/ Brillante \/ Mate. <strong>Por favor, proporciona el texto en franc\u00e9s que deseas traducir al espa\u00f1ol. <a href=\"https:\/\/www.m-stickers.com\/es\/nuestros-adhesivos\/\">\u00a1Con\u00f3cenos aqu\u00ed para m\u00e1s informaci\u00f3n sobre nuestros efectos de pegatinas!<\/a><\/strong><\/p>\n<p>Tambi\u00e9n puedes crear y personalizar tus propias pegatinas para casco de moto directamente en nuestra web. <a href=\"https:\/\/sticker-personnalise.fr\/\"><span style=\"color: #ff0000;\"><strong>Persona personalizada<\/strong><\/span><\/a> ! <strong><a href=\"https:\/\/www.m-stickers.com\/es\/configurador\/configurar\/34367\/\">\u00a0<\/a><a href=\"https:\/\/sticker-personnalise.fr\/\"><img decoding=\"async\" class=\"alignnone wp-image-6380\" src=\"https:\/\/www.m-stickers.com\/wp-content\/uploads\/2021\/01\/bouton-configurator-3-300x74.png\" alt=\"\" width=\"150\" height=\"37\" srcset=\"https:\/\/www.m-stickers.com\/wp-content\/uploads\/2021\/01\/bouton-configurator-3-300x74.png 300w, https:\/\/www.m-stickers.com\/wp-content\/uploads\/2021\/01\/bouton-configurator-3.png 413w\" sizes=\"(max-width: 150px) 100vw, 150px\" \/><\/a><\/strong><\/p>\n<hr \/>\n<h3>Kit de decoraci\u00f3n para casco de moto, \u00bfqu\u00e9 colores son posibles?<\/h3>\n<p>Nuestros kit decorativos para casco de moto est\u00e1n disponibles por defecto en los siguientes colores: Blanco \/ Negro \/ Rojo \/ Naranja \/ Amarillo \/ Verde \/ Cian \/ Azul \/ Rosa. Adem\u00e1s, puede elegir el color que desee con nuestra opci\u00f3n de color espec\u00edfica o yendo a nuestro configurador.<\/p>\n<hr \/>\n<h4>\u00bfPreguntas sobre nuestras pegatinas para casco de moto? \u00bfUna solicitud de personalizaci\u00f3n? No dude en contactarnos a trav\u00e9s de la p\u00e1gina de contacto: <a href=\"https:\/\/www.m-stickers.com\/es\/contacto\/\"><img decoding=\"async\" class=\"alignnone wp-image-6381\" src=\"https:\/\/www.m-stickers.com\/wp-content\/uploads\/2021\/01\/bouton-contact-300x74.png\" alt=\"\" width=\"150\" height=\"37\" srcset=\"https:\/\/www.m-stickers.com\/wp-content\/uploads\/2021\/01\/bouton-contact-300x74.png 300w, https:\/\/www.m-stickers.com\/wp-content\/uploads\/2021\/01\/bouton-contact.png 413w\" sizes=\"(max-width: 150px) 100vw, 150px\" \/><\/a><\/h4>","protected":false},"excerpt":{"rendered":"<h2>Calcoman\u00edas para casco de moto Smile:<\/h2>\n<p>Nuestro kit de calcoman\u00edas para casco de motocicleta incluye:<\/p>\n<ul>\n<li>1 gran pegatina\/calcoman\u00eda Sonrisa de 10 cm de alto por 57 cm de ancho<\/li>\n<li>Etiquetas de alta calidad de impresi\u00f3n y alta resistencia.<\/li>\n<\/ul>\n<h3><strong><a href=\"https:\/\/sticker-personnalise.fr\/\">\u00a1Personaliza tus adhesivos para casco de moto directamente aqu\u00ed! <\/a><a href=\"https:\/\/sticker-personnalise.fr\/\"><img decoding=\"async\" class=\"alignnone wp-image-6380\" src=\"https:\/\/www.m-stickers.com\/wp-content\/uploads\/2021\/01\/bouton-configurator-3-300x74.png\" alt=\"\" width=\"150\" height=\"37\" srcset=\"https:\/\/www.m-stickers.com\/wp-content\/uploads\/2021\/01\/bouton-configurator-3-300x74.png 300w, https:\/\/www.m-stickers.com\/wp-content\/uploads\/2021\/01\/bouton-configurator-3.png 413w\" sizes=\"(max-width: 150px) 100vw, 150px\" \/><\/a><\/strong><\/h3>","protected":false},"featured_media":36136,"comment_status":"open","ping_status":"closed","template":"","meta":[],"product_brand":[],"product_cat":[929,968],"product_tag":[765,762,827,763,761,764],"class_list":{"0":"post-57440","1":"product","2":"type-product","3":"status-publish","4":"has-post-thumbnail","6":"product_cat-destockage","7":"product_cat-stickers-casque","8":"product_tag-autocollant-casque-moto","9":"product_tag-casque-moto","10":"product_tag-smile","11":"product_tag-sticker-casque-moto","12":"product_tag-stickers-casque-moto","13":"product_tag-stickers-pour-casque-moto","14":"product_shipping_class-standard","16":"entry","17":"has-media","19":"first","20":"instock","21":"sale","22":"taxable","23":"shipping-taxable","24":"purchasable","25":"product-type-variable","26":"has-default-attributes","27":"col","28":"span_1_of_5","29":"owp-content-center","30":"item-entry","31":"owp-thumbs-layout-horizontal","32":"owp-btn-big","33":"owp-tabs-layout-horizontal"},"ase":null,"_links":{"self":[{"href":"https:\/\/www.m-stickers.com\/es\/wp-json\/wp\/v2\/product\/57440","targetHints":{"allow":["GET"]}}],"collection":[{"href":"https:\/\/www.m-stickers.com\/es\/wp-json\/wp\/v2\/product"}],"about":[{"href":"https:\/\/www.m-stickers.com\/es\/wp-json\/wp\/v2\/types\/product"}],"replies":[{"embeddable":true,"href":"https:\/\/www.m-stickers.com\/es\/wp-json\/wp\/v2\/comments?post=57440"}],"wp:featuredmedia":[{"embeddable":true,"href":"https:\/\/www.m-stickers.com\/es\/wp-json\/wp\/v2\/media\/36136"}],"wp:attachment":[{"href":"https:\/\/www.m-stickers.com\/es\/wp-json\/wp\/v2\/media?parent=57440"}],"wp:term":[{"taxonomy":"product_brand","embeddable":true,"href":"https:\/\/www.m-stickers.com\/es\/wp-json\/wp\/v2\/product_brand?post=57440"},{"taxonomy":"product_cat","embeddable":true,"href":"https:\/\/www.m-stickers.com\/es\/wp-json\/wp\/v2\/product_cat?post=57440"},{"taxonomy":"product_tag","embeddable":true,"href":"https:\/\/www.m-stickers.com\/es\/wp-json\/wp\/v2\/product_tag?post=57440"}],"curies":[{"name":"(No translation possible without context.  \"wp\" is ambiguous.)","href":"https:\/\/api.w.org\/{rel}","templated":true}]}}