{"id":57494,"date":"2024-07-16T16:43:12","date_gmt":"2024-07-16T14:43:12","guid":{"rendered":"https:\/\/www.m-stickers.com\/?post_type=product&#038;p=57494"},"modified":"2025-06-11T10:34:02","modified_gmt":"2025-06-11T08:34:02","slug":"kit-decorativo-honda-cb-750-hornet","status":"publish","type":"product","link":"https:\/\/www.m-stickers.com\/es\/produit\/kit-deco-honda-cb-750-hornet\/","title":{"rendered":"Kit de decoraci\u00f3n - Honda CB 750 Hornet - Stinger"},"content":{"rendered":"<h2>Kit de calcas para carenados - Honda CB 750 Hornet<\/h2>\n<p>A\u00f1ade un toque de personalizaci\u00f3n a tu moto con sutileza gracias a nuestro kit decorativo para Honda CB 750 Hornet.<br \/>\nNuestro kit incluye:<\/p>\n<ul>\n<li>2 Adhesivos para los lados de tu dep\u00f3sito<\/li>\n<li>2 calcoman\u00edas para el carenado<\/li>\n<li>2 calcoman\u00edas para los laterales de la placa de faro<\/li>\n<li>Calidad profesional con uniforme permanente*<\/li>\n<\/ul>\n<p>Calcoman\u00edas con adhesivo mon\u00f3mero de 100 micras que proporciona una adherencia permanente, as\u00ed como resistencia a las salpicaduras de agua y a los rayos UV.<br \/>\nNuestros Vinilos de alta calidad est\u00e1n dise\u00f1ados y fabricados en Francia.<\/p>\n<hr \/>\n<h3>Pegatinas originales \u2013 Honda CB 750 Hornet \u2013 \u00bfc\u00f3mo colocarlas?<\/h3>\n<p>El **kit de pegatinas** original para la Honda Hornet CB750 es f\u00e1cil de instalar, sin importar el tama\u00f1o o la superficie donde se vayan a colocar las **pegatinas**, el proceso sigue siendo el mismo. A continuaci\u00f3n, encontrar\u00e1 un tutorial que le ayudar\u00e1 a instalar correctamente su **kit de pegatinas** original. <span style=\"color: #ff0000;\">Antes que nada, aqu\u00ed est\u00e1n las precauciones que se deben tomar:<\/span><\/p>\n<p>&nbsp;<\/p>\n<ul>\n<li>Limpiar bien y desengrasar la motocicleta con agua jabonosa\/alcohol. <span style=\"color: #ff0000;\">No usar WD40 ni otros productos con silicona.<\/span><\/li>\n<li>No manipular las pegatinas por el lado del pegamento.<\/li>\n<li>Si las calcoman\u00edas no se pegan inmediatamente, gu\u00e1rdalas en un lugar seco y protegido de la luz solar.<\/li>\n<li>\u00a0Al momento de la instalaci\u00f3n, seleccione una pieza con una temperatura de al menos 15\u00b0C, protegida del viento y del polvo. Tambi\u00e9n es posible calentar la llanta antes de aplicar las calcoman\u00edas para asegurar una buena adherencia de los adhesivos. Una temperatura demasiado fr\u00eda no permitir\u00e1 una adherencia \u00f3ptima de las calcoman\u00edas.<\/li>\n<li>A\u00f1ada nuestro <a href=\"https:\/\/www.m-stickers.com\/es\/product\/raclette-de-pose-translates-to-bandeja-de-colocacion-or-bandeja-de-aplicacion-in-spanish-the-best-choice-depends-on-the-specific-context\/\">placa de montaje <\/a>en tu pedido para no perderte la instalaci\u00f3n de tus stickers de llanta de moto<\/li>\n<li>Despu\u00e9s de la colocaci\u00f3n, evitar el contacto con el fr\u00edo y la humedad para asegurar una buena adherencia de los adhesivos.<\/li>\n<\/ul>\n<hr \/>\n<h2>\u00bfEs posible personalizar mis calcoman\u00edas originales \u2013 Kit de decoraci\u00f3n de carenados \u2013 Honda CB 750 Hornet?<\/h2>\n<p>\u00a1Personaliza tus calcoman\u00edas con nuestros efectos! Para tu kit original, ofrecemos los efectos: Hologr\u00e1fico \/ Fotoluminiscente \/ Retrorreflectante \/ Fluo \/ Brillante \/ Mate. <strong>Por favor, proporciona el texto en franc\u00e9s que deseas traducir al espa\u00f1ol. <a href=\"https:\/\/www.m-stickers.com\/es\/nuestros-adhesivos\/\">\u00a1Con\u00f3cenos aqu\u00ed para m\u00e1s informaci\u00f3n sobre nuestros efectos de pegatinas!<\/a><\/strong><\/p>\n<hr \/>\n<h3>Kit decorativo Honda Hornet, \u00bfqu\u00e9 colores son posibles?<\/h3>\n<p>Nuestros adhesivos est\u00e1n disponibles de forma predeterminada en los siguientes colores: Blanco \/ Negro \/ Rojo \/ Naranja \/ Amarillo \/ Verde \/ Cian \/ Azul \/ Rosa. \u00a1Tambi\u00e9n puedes elegir el color que desees con nuestra opci\u00f3n de color espec\u00edfica o yendo a nuestro configurador!<\/p>\n<hr \/>\n<h4>\u00bfPreguntas sobre nuestros kits decorativos? \u00bfUna solicitud de personalizaci\u00f3n? No dude en contactarnos a trav\u00e9s de la p\u00e1gina de contacto: <a href=\"https:\/\/www.m-stickers.com\/es\/contacto\/\"><img decoding=\"async\" class=\"alignnone wp-image-6381\" src=\"https:\/\/www.m-stickers.com\/wp-content\/uploads\/2021\/01\/bouton-contact-300x74.png\" alt=\"\" width=\"150\" height=\"37\" srcset=\"https:\/\/www.m-stickers.com\/wp-content\/uploads\/2021\/01\/bouton-contact-300x74.png 300w, https:\/\/www.m-stickers.com\/wp-content\/uploads\/2021\/01\/bouton-contact.png 413w\" sizes=\"(max-width: 150px) 100vw, 150px\" \/><\/a><\/h4>","protected":false},"excerpt":{"rendered":"<h2>Kit de calcas para carenados - Honda CB 750 Hornet<\/h2>\n<p>Nuestro Kit decorativo \u2013 Honda CB 750 Hornet incluye:<\/p>\n<ul>\n<li>2 Adhesivos para los lados de tu dep\u00f3sito<\/li>\n<li>2 calcoman\u00edas para el carenado<\/li>\n<li>2 calcoman\u00edas para los laterales de la placa de faro<\/li>\n<\/ul>\n<p>&nbsp;<\/p>","protected":false},"featured_media":57510,"comment_status":"open","ping_status":"closed","template":"","meta":[],"product_brand":[],"product_cat":[156,1248,1339],"product_tag":[992,991,139,1058,370,251,1337],"class_list":{"0":"post-57494","1":"product","2":"type-product","3":"status-publish","4":"has-post-thumbnail","6":"product_cat-kit-deco","7":"product_cat-kit-deco-honda","8":"product_cat-stickers-carenages","9":"product_tag-cb-750","10":"product_tag-cb750","11":"product_tag-honda","12":"product_tag-honda-hornet-750","13":"product_tag-hornet","14":"product_tag-kit-deco","15":"product_tag-kit-deco-hornet","16":"product_shipping_class-standard","18":"entry","19":"has-media","21":"first","22":"instock","23":"sale","24":"taxable","25":"shipping-taxable","26":"purchasable","27":"product-type-variable","28":"has-default-attributes","29":"col","30":"span_1_of_5","31":"owp-content-center","32":"item-entry","33":"owp-thumbs-layout-horizontal","34":"owp-btn-big","35":"owp-tabs-layout-horizontal"},"ase":null,"_links":{"self":[{"href":"https:\/\/www.m-stickers.com\/es\/wp-json\/wp\/v2\/product\/57494","targetHints":{"allow":["GET"]}}],"collection":[{"href":"https:\/\/www.m-stickers.com\/es\/wp-json\/wp\/v2\/product"}],"about":[{"href":"https:\/\/www.m-stickers.com\/es\/wp-json\/wp\/v2\/types\/product"}],"replies":[{"embeddable":true,"href":"https:\/\/www.m-stickers.com\/es\/wp-json\/wp\/v2\/comments?post=57494"}],"wp:featuredmedia":[{"embeddable":true,"href":"https:\/\/www.m-stickers.com\/es\/wp-json\/wp\/v2\/media\/57510"}],"wp:attachment":[{"href":"https:\/\/www.m-stickers.com\/es\/wp-json\/wp\/v2\/media?parent=57494"}],"wp:term":[{"taxonomy":"product_brand","embeddable":true,"href":"https:\/\/www.m-stickers.com\/es\/wp-json\/wp\/v2\/product_brand?post=57494"},{"taxonomy":"product_cat","embeddable":true,"href":"https:\/\/www.m-stickers.com\/es\/wp-json\/wp\/v2\/product_cat?post=57494"},{"taxonomy":"product_tag","embeddable":true,"href":"https:\/\/www.m-stickers.com\/es\/wp-json\/wp\/v2\/product_tag?post=57494"}],"curies":[{"name":"(No translation possible without context.  \"wp\" is ambiguous.)","href":"https:\/\/api.w.org\/{rel}","templated":true}]}}