{"id":58548,"date":"2024-08-15T15:32:01","date_gmt":"2024-08-15T13:32:01","guid":{"rendered":"https:\/\/www.m-stickers.com\/?post_type=product&#038;p=58548"},"modified":"2025-02-25T16:37:38","modified_gmt":"2025-02-25T15:37:38","slug":"calcomanias-de-llanta-haojue-dr-300","status":"publish","type":"product","link":"https:\/\/www.m-stickers.com\/es\/produit\/stickers-jante-haojue-dr-300\/","title":{"rendered":"Calcoman\u00edas llanta Haojue DR 300 \u2013 Rojo (Liquidaci\u00f3n)"},"content":{"rendered":"<h2><span style=\"color: #ff0000\">Liquidaci\u00f3n <\/span><\/h2>\n<h2>Calcoman\u00edas de llanta Haojue DR 300 (kit para 2 llantas)<\/h2>\n<p>El kit de decoraci\u00f3n de llantas de moto Haojue DR 300 de 17 pulgadas para las 2 llantas incluye:<\/p>\n<ul>\n<li>Los bordes pre-curvados de 8 mm con 8 peque\u00f1os adhesivos Haojue y 8 peque\u00f1os adhesivos de llanta DR 300 para las 2 llantas.<\/li>\n<li>4 Calcoman\u00edas interiores de llanta Haojue<\/li>\n<li>4 Calcoman\u00edas interiores para llantas DR 300<\/li>\n<li>1 Logotipos Haojue<\/li>\n<li>8 Etiquetas adicionales Dise\u00f1o 2<\/li>\n<li>Calidad profesional con uniforme permanente*<\/li>\n<\/ul>\n<p>Etiquetas con adhesivo mon\u00f3mero 100% que proporciona una fijaci\u00f3n permanente, as\u00ed como resistencia a las salpicaduras de agua y a los rayos UV.<br \/>\nNuestros Vinilos de alta calidad est\u00e1n dise\u00f1ados y fabricados en Francia.<\/p>\n<hr \/>\n<h3>Calcoman\u00edas para llantas de moto Haojue DR 300 \u2013 \u00bfC\u00f3mo colocarlas?<\/h3>\n<p>El kit de pegatinas para llantas de moto Haojue DR 300 es f\u00e1cil de colocar, sea cual sea el tama\u00f1o o la superficie de la llanta, el proceso sigue siendo el mismo. A continuaci\u00f3n encontrar\u00e1 un tutorial que le ayudar\u00e1 a colocar correctamente su kit de pegatinas para llantas Haojue DR 300. <span style=\"color: #ff0000\">Antes que nada, aqu\u00ed est\u00e1n las precauciones que se deben tomar:<\/span><\/p>\n<ul>\n<li>Verificar que el aro debe estar perfectamente liso.<\/li>\n<li>Limpiar bien y desengrasar la llanta con agua jabonosa\/alcohol. <span style=\"color: #ff0000\">No usar WD40 ni otros productos con silicona.\u00a0<\/span>El aro debe estar perfectamente limpio.<\/li>\n<li>No manipular las pegatinas por el lado del pegamento.<\/li>\n<li>Si las calcoman\u00edas no se pegan inmediatamente, gu\u00e1rdalas en un lugar seco y protegido de la luz solar.<\/li>\n<li>\u00a0Al momento de la instalaci\u00f3n, seleccione una pieza con una temperatura de al menos 15\u00b0C, protegida del viento y del polvo. Tambi\u00e9n es posible calentar la llanta antes de aplicar las calcoman\u00edas para asegurar una buena adherencia de los adhesivos. Una temperatura demasiado fr\u00eda no permitir\u00e1 una adherencia \u00f3ptima de las calcoman\u00edas.<\/li>\n<li>A\u00f1ada nuestro <a href=\"https:\/\/www.m-stickers.com\/es\/product\/raclette-de-pose-translates-to-bandeja-de-colocacion-or-bandeja-de-aplicacion-in-spanish-the-best-choice-depends-on-the-specific-context\/\">Placa de raclette con adhesivo<\/a> en tu pedido para no perderte la instalaci\u00f3n de tus stickers de llanta de moto<\/li>\n<li>Despu\u00e9s de la aplicaci\u00f3n, evitar el contacto con el fr\u00edo y la humedad para garantizar una buena adherencia de los adhesivos.<\/li>\n<\/ul>\n<p><strong><a href=\"https:\/\/www.m-stickers.com\/es\/como-colocar-tus-calcomanias-de-llantas-de-moto\/\">GU\u00cdA completa para instalar tu kit de decoraci\u00f3n de llantas: <\/a><a href=\"https:\/\/www.m-stickers.com\/es\/como-colocar-tus-calcomanias-de-llantas-de-moto\/\"><img decoding=\"async\" class=\"alignnone wp-image-6382\" src=\"https:\/\/www.m-stickers.com\/wp-content\/uploads\/2021\/01\/bouton-tuto-300x74.png\" alt=\"\" width=\"150\" height=\"37\" srcset=\"https:\/\/www.m-stickers.com\/wp-content\/uploads\/2021\/01\/bouton-tuto-300x74.png 300w, https:\/\/www.m-stickers.com\/wp-content\/uploads\/2021\/01\/bouton-tuto.png 413w\" sizes=\"(max-width: 150px) 100vw, 150px\" \/><\/a><\/strong><\/p>","protected":false},"excerpt":{"rendered":"<h2><span style=\"color: #ff0000\">Liquidaci\u00f3n<\/span><\/h2>\n<h2>Calcoman\u00edas para llantas de moto Haojue DR 300 (para 2 llantas)<\/h2>\n<p>El kit de decoraci\u00f3n de llantas de moto Haojue DR 300 de 17 pulgadas para las 2 llantas incluye:<\/p>\n<ul>\n<li>Los bordes pre-curvados de 8 mm con 8 peque\u00f1os adhesivos Haojue y 8 peque\u00f1os adhesivos de llanta DR 300 para las 2 llantas.<\/li>\n<li>4 Calcoman\u00edas interiores de llanta Haojue<\/li>\n<li>4 Calcoman\u00edas interiores para llantas DR 300<\/li>\n<li>1 Logotipos Haojue<\/li>\n<li>8 Etiquetas adicionales Dise\u00f1o 2<\/li>\n<\/ul>","protected":false},"featured_media":58553,"comment_status":"open","ping_status":"closed","template":"","meta":[],"product_brand":[],"product_cat":[929,1368],"product_tag":[931,1372,1371,1369,1373,932,935,138,1370,127],"class_list":{"0":"post-58548","1":"product","2":"type-product","3":"status-publish","4":"has-post-thumbnail","6":"product_cat-destockage","7":"product_cat-stickers-haojue-pas-cher","8":"product_tag-destockage","9":"product_tag-dr-300","10":"product_tag-dr300","11":"product_tag-haojue","12":"product_tag-haojue-dr300","13":"product_tag-promotion","14":"product_tag-reduction","15":"product_tag-stickers","16":"product_tag-stickers-haojue","17":"product_tag-stickers-jantes","18":"product_shipping_class-standard","20":"entry","21":"has-media","23":"first","24":"instock","25":"sale","26":"taxable","27":"shipping-taxable","28":"purchasable","29":"product-type-simple","30":"col","31":"span_1_of_5","32":"owp-content-center","33":"item-entry","34":"owp-thumbs-layout-horizontal","35":"owp-btn-big","36":"owp-tabs-layout-horizontal","37":"has-no-thumbnails"},"ase":null,"_links":{"self":[{"href":"https:\/\/www.m-stickers.com\/es\/wp-json\/wp\/v2\/product\/58548","targetHints":{"allow":["GET"]}}],"collection":[{"href":"https:\/\/www.m-stickers.com\/es\/wp-json\/wp\/v2\/product"}],"about":[{"href":"https:\/\/www.m-stickers.com\/es\/wp-json\/wp\/v2\/types\/product"}],"replies":[{"embeddable":true,"href":"https:\/\/www.m-stickers.com\/es\/wp-json\/wp\/v2\/comments?post=58548"}],"wp:featuredmedia":[{"embeddable":true,"href":"https:\/\/www.m-stickers.com\/es\/wp-json\/wp\/v2\/media\/58553"}],"wp:attachment":[{"href":"https:\/\/www.m-stickers.com\/es\/wp-json\/wp\/v2\/media?parent=58548"}],"wp:term":[{"taxonomy":"product_brand","embeddable":true,"href":"https:\/\/www.m-stickers.com\/es\/wp-json\/wp\/v2\/product_brand?post=58548"},{"taxonomy":"product_cat","embeddable":true,"href":"https:\/\/www.m-stickers.com\/es\/wp-json\/wp\/v2\/product_cat?post=58548"},{"taxonomy":"product_tag","embeddable":true,"href":"https:\/\/www.m-stickers.com\/es\/wp-json\/wp\/v2\/product_tag?post=58548"}],"curies":[{"name":"(No translation possible without context.  \"wp\" is ambiguous.)","href":"https:\/\/api.w.org\/{rel}","templated":true}]}}