{"id":58560,"date":"2024-08-15T16:44:22","date_gmt":"2024-08-15T14:44:22","guid":{"rendered":"https:\/\/www.m-stickers.com\/?post_type=product&#038;p=58560"},"modified":"2025-09-14T16:13:04","modified_gmt":"2025-09-14T14:13:04","slug":"stickers-dorigine-honda-cb-750-hornet-destockage","status":"publish","type":"product","link":"https:\/\/www.m-stickers.com\/es\/produit\/stickers-dorigine-honda-cb-750-hornet-destockage\/","title":{"rendered":"Calcoman\u00edas originales - Honda CB 750 Hornet (Liquidaci\u00f3n)"},"content":{"rendered":"<h2><strong><span style=\"color: #ff0000;\">Liquidaci\u00f3n<\/span><\/strong><\/h2>\n<h2>Pegatinas originales - Honda CB 750 Hornet:<\/h2>\n<p>Calcoman\u00edas originales de Honda CB750 Hornet para personalizar. Nuestro kit incluye:<\/p>\n<ul>\n<li>2 Logotipos Honda para dep\u00f3sito<\/li>\n<li>2 Calcoman\u00edas Avispa para red<\/li>\n<li>2 Calcoman\u00edas 750 para cubierta trasera<\/li>\n<li>Calidad profesional con uniforme permanente*<\/li>\n<\/ul>\n<p>Etiquetas con adhesivo mon\u00f3mero 100% que proporciona una fijaci\u00f3n permanente, as\u00ed como resistencia a las salpicaduras de agua y a los rayos UV.<br \/>\nNuestros Vinilos de alta calidad est\u00e1n dise\u00f1ados y fabricados en Francia.<\/p>\n<hr \/>\n<h3>Pegatinas originales \u2013 Honda CB 750 Hornet \u2013 \u00bfc\u00f3mo colocarlas?<\/h3>\n<p>El kit de pegatinas original de la Honda Hornet CB750 es f\u00e1cil de instalar, sea cual sea el tama\u00f1o o la superficie de la **llanta**, el proceso sigue siendo el mismo. A continuaci\u00f3n, encontrar\u00e1 un tutorial para ayudarle a instalar correctamente su kit de pegatinas original. <span style=\"color: #ff0000;\">Antes que nada, aqu\u00ed est\u00e1n las precauciones que se deben tomar:<\/span><\/p>\n<ul>\n<li>Verificar que el aro debe estar perfectamente liso.<\/li>\n<li>Limpiar bien y desengrasar la llanta con agua jabonosa\/alcohol. <span style=\"color: #ff0000;\">No usar WD40 ni otros productos con silicona.\u00a0<\/span>El aro debe estar perfectamente limpio.<\/li>\n<li>No manipular las pegatinas por el lado del pegamento.<\/li>\n<li>Si las calcoman\u00edas no se pegan inmediatamente, gu\u00e1rdalas en un lugar seco y protegido de la luz solar.<\/li>\n<li>\u00a0Al momento de la instalaci\u00f3n, seleccione una pieza con una temperatura de al menos 15\u00b0C, protegida del viento y del polvo. Tambi\u00e9n es posible calentar la llanta antes de aplicar las calcoman\u00edas para asegurar una buena adherencia de los adhesivos. Una temperatura demasiado fr\u00eda no permitir\u00e1 una adherencia \u00f3ptima de las calcoman\u00edas.<\/li>\n<li>A\u00f1ada nuestro <a href=\"https:\/\/www.m-stickers.com\/es\/product\/raclette-de-pose-translates-to-bandeja-de-colocacion-or-bandeja-de-aplicacion-in-spanish-the-best-choice-depends-on-the-specific-context\/\">Placa de raclette con adhesivo<\/a> en tu pedido para no perderte la instalaci\u00f3n de tus stickers de llanta de moto<\/li>\n<li>Despu\u00e9s de la aplicaci\u00f3n, evitar el contacto con el fr\u00edo y la humedad para garantizar una buena adherencia de los adhesivos.<\/li>\n<\/ul>","protected":false},"excerpt":{"rendered":"<h2><strong><span style=\"color: #ff0000;\" data-mce-style=\"color: #ff0000;\">Liquidaci\u00f3n<\/span><\/strong><\/h2>\n<h2>Pegatinas originales - Honda CB 750 Hornet:<\/h2>\n<p>Calcoman\u00edas originales de Honda CB750 Hornet para personalizar. Nuestro kit incluye:<\/p>\n<ul>\n<li>2 Logotipos Honda para dep\u00f3sito<\/li>\n<li>2 Calcoman\u00edas Avispa para red<\/li>\n<li>2 Calcoman\u00edas 750 para cubierta trasera<\/li>\n<\/ul>","protected":false},"featured_media":58590,"comment_status":"open","ping_status":"closed","template":"","meta":[],"product_brand":[],"product_cat":[929,963],"product_tag":[990,991,931,139,994,993,933,932,934,935,1250,1057],"class_list":{"0":"post-58560","1":"product","2":"type-product","3":"status-publish","4":"has-post-thumbnail","6":"product_cat-destockage","7":"product_cat-stickers-honda-pas-cher","8":"product_tag-cb-750-hornet","9":"product_tag-cb750","10":"product_tag-destockage","11":"product_tag-honda","12":"product_tag-honda-cb750","13":"product_tag-honda-cb750-hornet","14":"product_tag-promo","15":"product_tag-promotion","16":"product_tag-promotions","17":"product_tag-reduction","18":"product_tag-sticker-dorigine","19":"product_tag-stickers-dorigine-honda-hornet-cb-750","20":"product_shipping_class-standard","22":"entry","23":"has-media","25":"first","26":"instock","27":"taxable","28":"shipping-taxable","29":"product-type-variable","30":"col","31":"span_1_of_5","32":"owp-content-center","33":"item-entry","34":"owp-thumbs-layout-horizontal","35":"owp-btn-big","36":"owp-tabs-layout-horizontal","37":"has-no-thumbnails"},"ase":null,"_links":{"self":[{"href":"https:\/\/www.m-stickers.com\/es\/wp-json\/wp\/v2\/product\/58560","targetHints":{"allow":["GET"]}}],"collection":[{"href":"https:\/\/www.m-stickers.com\/es\/wp-json\/wp\/v2\/product"}],"about":[{"href":"https:\/\/www.m-stickers.com\/es\/wp-json\/wp\/v2\/types\/product"}],"replies":[{"embeddable":true,"href":"https:\/\/www.m-stickers.com\/es\/wp-json\/wp\/v2\/comments?post=58560"}],"wp:featuredmedia":[{"embeddable":true,"href":"https:\/\/www.m-stickers.com\/es\/wp-json\/wp\/v2\/media\/58590"}],"wp:attachment":[{"href":"https:\/\/www.m-stickers.com\/es\/wp-json\/wp\/v2\/media?parent=58560"}],"wp:term":[{"taxonomy":"product_brand","embeddable":true,"href":"https:\/\/www.m-stickers.com\/es\/wp-json\/wp\/v2\/product_brand?post=58560"},{"taxonomy":"product_cat","embeddable":true,"href":"https:\/\/www.m-stickers.com\/es\/wp-json\/wp\/v2\/product_cat?post=58560"},{"taxonomy":"product_tag","embeddable":true,"href":"https:\/\/www.m-stickers.com\/es\/wp-json\/wp\/v2\/product_tag?post=58560"}],"curies":[{"name":"(No translation possible without context.  \"wp\" is ambiguous.)","href":"https:\/\/api.w.org\/{rel}","templated":true}]}}