{"id":58632,"date":"2024-08-20T16:17:10","date_gmt":"2024-08-20T14:17:10","guid":{"rendered":"https:\/\/www.m-stickers.com\/?post_type=product&#038;p=58632"},"modified":"2025-02-25T16:37:40","modified_gmt":"2025-02-25T15:37:40","slug":"kit-decorativo-para-llantas-de-luz-abeja-exa","status":"publish","type":"product","link":"https:\/\/www.m-stickers.com\/es\/produit\/kit-deco-sur-ron-light-bee-exadestockage\/","title":{"rendered":"Kit de decoraci\u00f3n SUR-RON LIGHT-BEE \u2013 Exa (Liquidaci\u00f3n)"},"content":{"rendered":"<h2><span style=\"color: #ff0000\">Liquidaci\u00f3n <\/span><\/h2>\n<h1>Kit decorativo SUR-RON LIGHT-BEE \u2013 Exa:<\/h1>\n<p>Nuestro kit de decoraci\u00f3n completo para SUR-RON LIGHT-BEE a partir de 2021 incluye calcoman\u00edas para:<\/p>\n<ul>\n<li>Marco<\/li>\n<li>Bater\u00eda<\/li>\n<li>Placa de matr\u00edcula<\/li>\n<li>El guardabarros delantero y piezas complementarias (en algunos modelos)<\/li>\n<\/ul>\n<p>El kit incluye 29 calcoman\u00edas.<\/p>\n<p>Calcoman\u00edas gruesas para una aplicaci\u00f3n m\u00e1s f\u00e1cil y durabilidad prolongada, protegiendo los carenados de golpes y astillas.<\/p>\n<p>Calcoman\u00edas con adhesivo monom\u00e9rico 100% para una adherencia permanente, resistencia a salpicaduras de agua y rayos UV. Calcoman\u00edas termoformables para una mejor cobertura de los carenados. Nuestros vinilos de alta calidad est\u00e1n dise\u00f1ados y fabricados en Francia.<\/p>\n<hr \/>\n<h2>Kit decorativo SUR-RON LIGHT-BEE \u2013 \u00bfC\u00f3mo colocarlos?<\/h2>\n<p>Nuestro kit decorativo SUR-RON LIGHT-BEE es f\u00e1cil de instalar. Independientemente del tama\u00f1o o la superficie de los carenados, el procedimiento sigue siendo el mismo. A continuaci\u00f3n, encontrar\u00e1 un tutorial para ayudarle a instalar correctamente su kit de pegatinas de Suzuki. Antes de nada, aqu\u00ed tiene las precauciones que debe tomar:<\/p>\n<ul>\n<li>Verificar que los carenados est\u00e9n perfectamente lisos.<\/li>\n<li>Limpiar y desengrasar bien los carenados con agua jabonosa\/alcohol. No usar WD-40 ni otros productos con silicona. Los pl\u00e1sticos deben quedar completamente limpios.<\/li>\n<li>Si las calcoman\u00edas no se aplican inmediatamente, gu\u00e1rdelas en un lugar seco y alejado de la luz solar.<\/li>\n<li>\u00a0Al momento de la colocaci\u00f3n, elija una pieza con una temperatura de al menos 15\u00b0C, protegida del viento y del polvo. Tambi\u00e9n se puede calentar la carrocer\u00eda antes de aplicar las calcoman\u00edas para asegurar una buena adherencia de los adhesivos. Una temperatura demasiado fr\u00eda no permitir\u00e1 una adherencia \u00f3ptima de las calcoman\u00edas.<\/li>\n<li>A\u00f1ada nuestro\u00a0<a href=\"https:\/\/www.m-stickers.com\/es\/product\/raclette-de-pose-translates-to-bandeja-de-colocacion-or-bandeja-de-aplicacion-in-spanish-the-best-choice-depends-on-the-specific-context\/\">Placa de raclette con adhesivo<\/a>\u00a0a tu pedido para no perder la colocaci\u00f3n de tus pegatinas de llanta de moto.<\/li>\n<li>Despu\u00e9s de la colocaci\u00f3n, evitar el contacto con el fr\u00edo y la humedad para asegurar una buena adherencia de las calcoman\u00edas.<\/li>\n<\/ul>","protected":false},"excerpt":{"rendered":"<h2><span style=\"color: #ff0000\">Liquidaci\u00f3n <\/span><\/h2>\n<h1>Kit decorativo SUR-RON LIGHT-BEE \u2013 Exa:<\/h1>\n<ul>\n<li style=\"list-style-type: none\">\n<ul>\n<li>20 llantas precurvadas de 8 mm. Nuestro kit decorativo completo para SUR-RON LIGHT-BEE a partir de 2021 incluye calcoman\u00edas para:\n<ul>\n<li>Marco<\/li>\n<li>Bater\u00eda<\/li>\n<li>Placa de matr\u00edcula<\/li>\n<li>El guardabarros delantero y piezas complementarias (en algunos modelos)<\/li>\n<\/ul>\n<p>El kit incluye 29 calcoman\u00edas.<\/li>\n<\/ul>\n<\/li>\n<\/ul>","protected":false},"featured_media":58640,"comment_status":"open","ping_status":"closed","template":"","meta":[],"product_brand":[],"product_cat":[929,1378],"product_tag":[931,139,204,933,1131,932,935,1238,1239,1237],"class_list":{"0":"post-58632","1":"product","2":"type-product","3":"status-publish","4":"has-post-thumbnail","6":"product_cat-destockage","7":"product_cat-sur-ron-destockage","8":"product_tag-destockage","9":"product_tag-honda","10":"product_tag-kawasaki","11":"product_tag-promo","12":"product_tag-promos","13":"product_tag-promotion","14":"product_tag-reduction","15":"product_tag-sur-ron","16":"product_tag-sur-ron-light-bee","17":"product_tag-surron","18":"product_shipping_class-standard","20":"entry","21":"has-media","23":"first","24":"instock","25":"sale","26":"taxable","27":"shipping-taxable","28":"purchasable","29":"product-type-variable","30":"col","31":"span_1_of_5","32":"owp-content-center","33":"item-entry","34":"owp-thumbs-layout-horizontal","35":"owp-btn-big","36":"owp-tabs-layout-horizontal","37":"has-no-thumbnails"},"ase":null,"_links":{"self":[{"href":"https:\/\/www.m-stickers.com\/es\/wp-json\/wp\/v2\/product\/58632","targetHints":{"allow":["GET"]}}],"collection":[{"href":"https:\/\/www.m-stickers.com\/es\/wp-json\/wp\/v2\/product"}],"about":[{"href":"https:\/\/www.m-stickers.com\/es\/wp-json\/wp\/v2\/types\/product"}],"replies":[{"embeddable":true,"href":"https:\/\/www.m-stickers.com\/es\/wp-json\/wp\/v2\/comments?post=58632"}],"wp:featuredmedia":[{"embeddable":true,"href":"https:\/\/www.m-stickers.com\/es\/wp-json\/wp\/v2\/media\/58640"}],"wp:attachment":[{"href":"https:\/\/www.m-stickers.com\/es\/wp-json\/wp\/v2\/media?parent=58632"}],"wp:term":[{"taxonomy":"product_brand","embeddable":true,"href":"https:\/\/www.m-stickers.com\/es\/wp-json\/wp\/v2\/product_brand?post=58632"},{"taxonomy":"product_cat","embeddable":true,"href":"https:\/\/www.m-stickers.com\/es\/wp-json\/wp\/v2\/product_cat?post=58632"},{"taxonomy":"product_tag","embeddable":true,"href":"https:\/\/www.m-stickers.com\/es\/wp-json\/wp\/v2\/product_tag?post=58632"}],"curies":[{"name":"(No translation possible without context.  \"wp\" is ambiguous.)","href":"https:\/\/api.w.org\/{rel}","templated":true}]}}