{"id":60025,"date":"2024-10-02T16:40:58","date_gmt":"2024-10-02T14:40:58","guid":{"rendered":"https:\/\/www.m-stickers.com\/?post_type=product&#038;p=60025"},"modified":"2025-06-11T10:30:33","modified_gmt":"2025-06-11T08:30:33","slug":"juego-de-llantas-y-aros-decorativos-express","status":"publish","type":"product","link":"https:\/\/www.m-stickers.com\/es\/produit\/liserets-de-jantes-kit-express\/","title":{"rendered":"Kit de estribos de llantas EXPRESS \u2013 Entrega en 3 d\u00edas"},"content":{"rendered":"<h2>Juego de aros para llantas (kit para 2 llantas negras de 17 pulgadas)<\/h2>\n<p><strong>Transforma el aspecto de tu motocicleta con nuestros ribetes de llanta baratos dise\u00f1ados para motocicletas con dos llantas negras de 17 pulgadas. Este kit incluye todo lo que necesitas para una personalizaci\u00f3n de calidad. Fabricado en Francia con vinilos de alta calidad, este kit est\u00e1 disponible en una gama de colores para adaptarse a tu estilo.<\/strong><\/p>\n<ul>\n<li>20 Llantas precurvadas de 8mm<\/li>\n<li>8 Calcoman\u00edas interiores para llantas de la marca seleccionada (blanco) \u2013 4 grandes y 4 peque\u00f1as (tama\u00f1o adaptado a las llantas del modelo)<\/li>\n<\/ul>\n<p>Autoadhesivos con adhesivo mon\u00f3mero de 100\u00b5 que permite una adherencia permanente, as\u00ed como resistencia a salpicaduras de agua y a los rayos UV.<br \/>\nNuestros Vinilos de alta calidad est\u00e1n dise\u00f1ados y fabricados en Francia.<\/p>\n<hr \/>\n<h3>Ruedas y llanta moto baratas, \u00bfc\u00f3mo colocarlas?<\/h3>\n<p>El kit de tiras de llanta EXPRESS M-Stickers es f\u00e1cil de instalar. Independientemente del tama\u00f1o o la superficie de la llanta, el proceso sigue siendo el mismo. A continuaci\u00f3n, encontrar\u00e1 un tutorial que le ayudar\u00e1 a colocar sus pegatinas correctamente.<br \/>\n<span style=\"color: #ff0000;\">Antes que nada, aqu\u00ed est\u00e1n las precauciones que se deben tomar:<\/span><\/p>\n<ul>\n<li>Verificar que el aro debe estar perfectamente liso.<\/li>\n<li>Limpiar bien, desengrasar la llanta con nuestro producto. <a href=\"https:\/\/www.m-stickers.com\/es\/product\/limpiador-llantas-motos-adhesivos-100ml\/\"><span style=\"color: #ff0000;\"><strong>Limpiador de llantas especial para adhesivos<\/strong><\/span><\/a>. O con agua jabonosa (puede no ser suficiente para eliminar todos los residuos de grasa). O alcohol. <span style=\"color: #ff0000;\">No usar WD40 ni otros productos con silicona. <\/span>El aro debe estar perfectamente limpio.<\/li>\n<li>No manipular las pegatinas por el lado del pegamento.<\/li>\n<li>Si las calcoman\u00edas no se pegan inmediatamente, gu\u00e1rdalas en un lugar seco y protegido de la luz solar.<\/li>\n<li>Al momento de la instalaci\u00f3n, seleccione una pieza con una temperatura de al menos 15\u00b0C, protegida del viento y del polvo. Tambi\u00e9n es posible calentar la llanta antes de aplicar las calcoman\u00edas para asegurar una buena adherencia de los adhesivos. Una temperatura demasiado fr\u00eda no permitir\u00e1 una adherencia \u00f3ptima de las calcoman\u00edas.<\/li>\n<li>A\u00f1ada nuestro <a href=\"https:\/\/www.m-stickers.com\/es\/product\/raclette-de-pose-translates-to-bandeja-de-colocacion-or-bandeja-de-aplicacion-in-spanish-the-best-choice-depends-on-the-specific-context\/\">Placa de raclette con adhesivo<\/a> en tu pedido para no perderte la instalaci\u00f3n de tus stickers de llanta de moto<\/li>\n<li>Despu\u00e9s de la colocaci\u00f3n, evitar el contacto con el fr\u00edo y la humedad para asegurar una buena adherencia.<\/li>\n<\/ul>\n<p><strong><a href=\"https:\/\/www.m-stickers.com\/es\/como-colocar-tus-calcomanias-de-llantas-de-moto\/\">TUTORIAL completo para instalar tu kit de decoraci\u00f3n de llantas. <\/a><a href=\"https:\/\/www.m-stickers.com\/es\/como-colocar-tus-calcomanias-de-llantas-de-moto\/\"><img decoding=\"async\" class=\"alignnone wp-image-6382\" src=\"https:\/\/www.m-stickers.com\/wp-content\/uploads\/2021\/01\/bouton-tuto-300x74.png\" alt=\"\" width=\"150\" height=\"37\" srcset=\"https:\/\/www.m-stickers.com\/wp-content\/uploads\/2021\/01\/bouton-tuto-300x74.png 300w, https:\/\/www.m-stickers.com\/wp-content\/uploads\/2021\/01\/bouton-tuto.png 413w\" sizes=\"(max-width: 150px) 100vw, 150px\" \/><\/a><\/strong><\/p>\n<h4>V\u00eddeo tutorial completo de instalaci\u00f3n del kit de decoraci\u00f3n de llantas:<\/h4>\n<p><iframe title=\"Reproductor de v\u00eddeo de YouTube\" src=\"https:\/\/www.youtube.com\/embed\/1AJhkFaZIsk\" width=\"1120\" height=\"630\" frameborder=\"0\" allowfullscreen=\"allowfullscreen\" data-mce-fragment=\"1\"><\/iframe><\/p>\n<hr \/>\n<h3>Kit de llantas y bandas de llanta baratas, Kit EXPRESS, \u00bfqu\u00e9 colores son posibles?<\/h3>\n<ul>\n<li>Nuestros kits de calcoman\u00edas para llantas de motocicleta est\u00e1n disponibles por defecto en los colores siguientes: Blanco \/ Rojo \/ Naranja \/ Amarillo \/ Verde \/ Azul.<\/li>\n<\/ul>\n<hr \/>\n<h4>\u00bfTiene alguna pregunta sobre el kit decorativo para llantas? \u00bfSolicitud de personalizaci\u00f3n? No dude en contactarnos a trav\u00e9s de la p\u00e1gina de contacto: <a href=\"https:\/\/www.m-stickers.com\/es\/contacto\/\"><img decoding=\"async\" class=\"alignnone wp-image-6381\" src=\"https:\/\/www.m-stickers.com\/wp-content\/uploads\/2021\/01\/bouton-contact-300x74.png\" alt=\"\" width=\"150\" height=\"37\" srcset=\"https:\/\/www.m-stickers.com\/wp-content\/uploads\/2021\/01\/bouton-contact-300x74.png 300w, https:\/\/www.m-stickers.com\/wp-content\/uploads\/2021\/01\/bouton-contact.png 413w\" sizes=\"(max-width: 150px) 100vw, 150px\" \/><\/a><\/h4>\n<p><span style=\"color: #999999;\"><strong>Palabras Clave:<\/strong> Calcoman\u00edas de motocicleta, calcoman\u00edas de llantas, kit decorativo para motocicleta, calcoman\u00edas de llanta, kit de decoraci\u00f3n moto, calcoman\u00eda para llantas, Kit EXPRESS, personalizaci\u00f3n de motos, vinilos de alta calidad, tutorial para colocar calcoman\u00edas, personalizaci\u00f3n de llantas, efectos de calcoman\u00edas, colores personalizados.<\/span><\/p>","protected":false},"excerpt":{"rendered":"<h2 style=\"text-align: left;\"><span style=\"color: #ff0000;\"><strong>Kit EXPRESS CALCOMAN\u00cdAS<\/strong><\/span><\/h2>\n<ul>\n<li><strong><span style=\"color: #ffffff;\">Personalizaci\u00f3n r\u00e1pida con el logo de la marca de tu motocicleta.<\/span><\/strong><\/li>\n<li><strong><span style=\"color: #ffffff;\">Selecci\u00f3n de colores para las llantas<\/span><\/strong><\/li>\n<li><strong><span style=\"color: #ffffff;\">Pedido sencillo, entrega r\u00e1pida<\/span><\/strong><\/li>\n<li><strong><span style=\"color: #ffffff;\">Calidad de M-Stickers garantizada<\/span><\/strong><\/li>\n<\/ul>","protected":false},"featured_media":60084,"comment_status":"open","ping_status":"closed","template":"","meta":[],"product_brand":[],"product_cat":[1231],"product_tag":[1418,1415,204,213,1417,138,137,192,1416,250],"class_list":{"0":"post-60025","1":"product","2":"type-product","3":"status-publish","4":"has-post-thumbnail","6":"product_cat-nettoyant-jante","7":"product_tag-exrpress","8":"product_tag-kawa","9":"product_tag-kawasaki","10":"product_tag-ktm","11":"product_tag-rapide","12":"product_tag-stickers","13":"product_tag-suzuki","14":"product_tag-triumph","15":"product_tag-yam","16":"product_tag-yamaha","17":"product_shipping_class-standard","19":"entry","20":"has-media","22":"first","23":"instock","24":"taxable","25":"shipping-taxable","26":"purchasable","27":"product-type-simple","28":"col","29":"span_1_of_5","30":"owp-content-center","31":"item-entry","32":"owp-thumbs-layout-horizontal","33":"owp-btn-big","34":"owp-tabs-layout-horizontal","35":"has-no-thumbnails"},"ase":null,"_links":{"self":[{"href":"https:\/\/www.m-stickers.com\/es\/wp-json\/wp\/v2\/product\/60025","targetHints":{"allow":["GET"]}}],"collection":[{"href":"https:\/\/www.m-stickers.com\/es\/wp-json\/wp\/v2\/product"}],"about":[{"href":"https:\/\/www.m-stickers.com\/es\/wp-json\/wp\/v2\/types\/product"}],"replies":[{"embeddable":true,"href":"https:\/\/www.m-stickers.com\/es\/wp-json\/wp\/v2\/comments?post=60025"}],"wp:featuredmedia":[{"embeddable":true,"href":"https:\/\/www.m-stickers.com\/es\/wp-json\/wp\/v2\/media\/60084"}],"wp:attachment":[{"href":"https:\/\/www.m-stickers.com\/es\/wp-json\/wp\/v2\/media?parent=60025"}],"wp:term":[{"taxonomy":"product_brand","embeddable":true,"href":"https:\/\/www.m-stickers.com\/es\/wp-json\/wp\/v2\/product_brand?post=60025"},{"taxonomy":"product_cat","embeddable":true,"href":"https:\/\/www.m-stickers.com\/es\/wp-json\/wp\/v2\/product_cat?post=60025"},{"taxonomy":"product_tag","embeddable":true,"href":"https:\/\/www.m-stickers.com\/es\/wp-json\/wp\/v2\/product_tag?post=60025"}],"curies":[{"name":"(No translation possible without context.  \"wp\" is ambiguous.)","href":"https:\/\/api.w.org\/{rel}","templated":true}]}}