{"id":6465,"date":"2021-01-20T19:13:01","date_gmt":"2021-01-20T18:13:01","guid":{"rendered":"https:\/\/www.m-stickers.com\/?post_type=product&#038;p=6465"},"modified":"2026-02-12T19:43:39","modified_gmt":"2026-02-12T18:43:39","slug":"kit-de-rebajes-para-llantas-de-carrera","status":"publish","type":"product","link":"https:\/\/www.m-stickers.com\/es\/produit\/kit-liserets-jantes-race\/","title":{"rendered":"Arista de llanta RACE"},"content":{"rendered":"<h2>Relleno de llanta RACE para las 2 llantas que incluyen:<\/h2>\n<ul>\n<li>8 calcas de llanta personalizada para motocicleta con la inscripci\u00f3n \u00abRACE\u00bb + 2 adicionales por si acaso.<\/li>\n<li>8 calzos de llanta de moto personalizados con la inscripci\u00f3n \"RACE\" + 2 adicionales en caso de error.<\/li>\n<\/ul>\n<p>Un total de 20 ribetes.<\/p>\n<p>L\u00edmite de llanta RACE autoadhesivo con adhesivo mon\u00f3mero al 100%, que proporciona una fijaci\u00f3n permanente, as\u00ed como resistencia a las salpicaduras de agua y a los rayos UV.<br \/>\nNuestros Vinilos de alta calidad est\u00e1n dise\u00f1ados y fabricados en Francia.<\/p>\n<hr \/>\n<h3>L\u00edmite de llanta de moto RACE \u2013 \u00bfc\u00f3mo colocarlos?<\/h3>\n<p>El kit de tiras decorativas para jantes RACE es f\u00e1cil de instalar, sea cual sea el tama\u00f1o o la superficie de la jante, el proceso sigue siendo el mismo. A continuaci\u00f3n encontrar\u00e1 un tutorial para ayudarle a instalar correctamente su kit de tiras decorativas para jantes. . <span style=\"color: #ff0000;\">Antes que nada, aqu\u00ed est\u00e1n las precauciones que se deben tomar:<\/span><\/p>\n<ul>\n<li>Verificar que el aro debe estar perfectamente liso.<\/li>\n<li>Limpiar bien y desengrasar la llanta con agua jabonosa\/alcohol. <span style=\"color: #ff0000;\">No usar WD40 ni otros productos con silicona.\u00a0<\/span>El aro debe estar perfectamente limpio.<\/li>\n<li>No manipular las pegatinas por el lado del pegamento.<\/li>\n<li>Si las calcoman\u00edas no se pegan inmediatamente, gu\u00e1rdalas en un lugar seco y protegido de la luz solar.<\/li>\n<li>\u00a0Al momento de la instalaci\u00f3n, seleccione una pieza con una temperatura de al menos 15\u00b0C, protegida del viento y del polvo. Tambi\u00e9n es posible calentar la llanta antes de aplicar las calcoman\u00edas para asegurar una buena adherencia de los adhesivos. Una temperatura demasiado fr\u00eda no permitir\u00e1 una adherencia \u00f3ptima de las calcoman\u00edas.<\/li>\n<li>A\u00f1ada nuestro <a href=\"https:\/\/www.m-stickers.com\/es\/product\/raclette-de-pose-translates-to-bandeja-de-colocacion-or-bandeja-de-aplicacion-in-spanish-the-best-choice-depends-on-the-specific-context\/\">Placa de raclette con adhesivo<\/a> en tu pedido para no perderte la instalaci\u00f3n de tus stickers de llanta de moto<\/li>\n<li>Despu\u00e9s de la aplicaci\u00f3n, evitar el contacto con el fr\u00edo y la humedad para garantizar una buena adherencia de los adhesivos.<\/li>\n<\/ul>\n<p><strong><a href=\"https:\/\/www.m-stickers.com\/es\/como-colocar-tus-calcomanias-de-llantas-de-moto\/\">GU\u00cdA completa para instalar tu kit de llantas: <\/a><a href=\"https:\/\/www.m-stickers.com\/es\/como-colocar-tus-calcomanias-de-llantas-de-moto\/\"><img decoding=\"async\" class=\"alignnone wp-image-6382\" src=\"https:\/\/www.m-stickers.com\/wp-content\/uploads\/2021\/01\/bouton-tuto-300x74.png\" alt=\"\" width=\"150\" height=\"37\" srcset=\"https:\/\/www.m-stickers.com\/wp-content\/uploads\/2021\/01\/bouton-tuto-300x74.png 300w, https:\/\/www.m-stickers.com\/wp-content\/uploads\/2021\/01\/bouton-tuto.png 413w\" sizes=\"(max-width: 150px) 100vw, 150px\" \/><\/a><\/strong><\/p>\n<h4>V\u00eddeo tutorial completo de instalaci\u00f3n del kit de llantas:<\/h4>\n<p><iframe title=\"Reproductor de v\u00eddeo de YouTube\" src=\"https:\/\/www.youtube.com\/embed\/1AJhkFaZIsk\" width=\"1120\" height=\"630\" frameborder=\"0\" allowfullscreen=\"allowfullscreen\" data-mce-fragment=\"1\"><\/iframe><\/p>\n<hr \/>\n<h2>\u00bfEs posible personalizar mis llantas RACE?<\/h2>\n<p>\u00a1Tira de llanta de moto personalizada gracias a nuestros efectos! Para tu kit decorativo de llantas ofrecemos los efectos: Hologr\u00e1fico \/ Fotoluminiscente \/ Retrorreflectante \/ Fluo \/ Brillante \/ Mate. <strong>Por favor, proporciona el texto en franc\u00e9s que deseas traducir al espa\u00f1ol. <a href=\"https:\/\/www.m-stickers.com\/es\/nuestros-adhesivos\/\">\u00a1Con\u00f3cenos aqu\u00ed para m\u00e1s informaci\u00f3n sobre nuestros efectos de pegatinas!<\/a><\/strong><\/p>\n<p>Tambi\u00e9n puedes personalizar tu propio kit decorativo de llantas con nuestro<strong> <a href=\"https:\/\/www.m-stickers.com\/es\/categorie-configurator\/\">\u00a1Configur\u00e1dor instant\u00e1neo! <\/a><a href=\"https:\/\/www.m-stickers.com\/es\/categorie-configurator\/\"><img decoding=\"async\" class=\"alignnone wp-image-6380\" src=\"https:\/\/www.m-stickers.com\/wp-content\/uploads\/2021\/01\/bouton-configurator-3-300x74.png\" alt=\"\" width=\"150\" height=\"37\" srcset=\"https:\/\/www.m-stickers.com\/wp-content\/uploads\/2021\/01\/bouton-configurator-3-300x74.png 300w, https:\/\/www.m-stickers.com\/wp-content\/uploads\/2021\/01\/bouton-configurator-3.png 413w\" sizes=\"(max-width: 150px) 100vw, 150px\" \/><\/a><\/strong><\/p>\n<hr \/>\n<h3>\u00bfQu\u00e9 colores son posibles para un aro de motocicleta personalizado Leseret?<\/h3>\n<p>Nuestros kits de franjas para llantas de moto est\u00e1n disponibles por defecto en los siguientes colores: Blanco \/ Negro \/ Rojo \/ Naranja \/ Amarillo \/ Verde \/ Cian \/ Azul \/ Rosa. \u00a1Tambi\u00e9n puedes elegir el color que desees con nuestra opci\u00f3n de color espec\u00edfica o yendo a nuestro configurador!<\/p>\n<hr \/>\n<h4>\u00bfTiene alguna pregunta sobre el kit decorativo para llantas? \u00bfSolicitud de personalizaci\u00f3n? No dude en contactarnos a trav\u00e9s de la p\u00e1gina de contacto:\u00a0<a href=\"https:\/\/www.m-stickers.com\/es\/contacto\/\"><img decoding=\"async\" class=\"alignnone wp-image-6381\" src=\"https:\/\/www.m-stickers.com\/wp-content\/uploads\/2021\/01\/bouton-contact-300x74.png\" alt=\"\" width=\"150\" height=\"37\" srcset=\"https:\/\/www.m-stickers.com\/wp-content\/uploads\/2021\/01\/bouton-contact-300x74.png 300w, https:\/\/www.m-stickers.com\/wp-content\/uploads\/2021\/01\/bouton-contact.png 413w\" sizes=\"(max-width: 150px) 100vw, 150px\" \/><\/a><\/h4>\n<p>&nbsp;<\/p>","protected":false},"excerpt":{"rendered":"<h2>Aro de llanta moto Kawasaki RACE (para 2 llantas):<\/h2>\n<p>El kit de llanta Kawasaki RACE para las 2 llantas incluye:<\/p>\n<ul>\n<li>8 llantares de rines con la inscripci\u00f3n \u00ab Kawasaki \u00bb + 2 adicionales en caso de error.<\/li>\n<li>8 llantas de aro con la inscripci\u00f3n \"RACE\" + 2 adicionales en caso de fallo.<\/li>\n<li>Color a elegir<\/li>\n<\/ul>","protected":false},"featured_media":6193,"comment_status":"open","ping_status":"closed","template":"","meta":[],"product_brand":[],"product_cat":[23,110],"product_tag":[406,403,398],"class_list":{"0":"post-6465","1":"product","2":"type-product","3":"status-publish","4":"has-post-thumbnail","6":"product_cat-liserets-jantes-moto","7":"product_cat-liserets-jantes-customs","8":"product_tag-liseret-jante","9":"product_tag-liserets","10":"product_tag-race","11":"product_shipping_class-standard","13":"entry","14":"has-media","16":"first","17":"instock","18":"taxable","19":"shipping-taxable","20":"purchasable","21":"product-type-variable","22":"has-default-attributes","23":"col","24":"span_1_of_5","25":"owp-content-center","26":"item-entry","27":"owp-thumbs-layout-horizontal","28":"owp-btn-big","29":"owp-tabs-layout-horizontal","30":"has-no-thumbnails"},"ase":null,"_links":{"self":[{"href":"https:\/\/www.m-stickers.com\/es\/wp-json\/wp\/v2\/product\/6465","targetHints":{"allow":["GET"]}}],"collection":[{"href":"https:\/\/www.m-stickers.com\/es\/wp-json\/wp\/v2\/product"}],"about":[{"href":"https:\/\/www.m-stickers.com\/es\/wp-json\/wp\/v2\/types\/product"}],"replies":[{"embeddable":true,"href":"https:\/\/www.m-stickers.com\/es\/wp-json\/wp\/v2\/comments?post=6465"}],"wp:featuredmedia":[{"embeddable":true,"href":"https:\/\/www.m-stickers.com\/es\/wp-json\/wp\/v2\/media\/6193"}],"wp:attachment":[{"href":"https:\/\/www.m-stickers.com\/es\/wp-json\/wp\/v2\/media?parent=6465"}],"wp:term":[{"taxonomy":"product_brand","embeddable":true,"href":"https:\/\/www.m-stickers.com\/es\/wp-json\/wp\/v2\/product_brand?post=6465"},{"taxonomy":"product_cat","embeddable":true,"href":"https:\/\/www.m-stickers.com\/es\/wp-json\/wp\/v2\/product_cat?post=6465"},{"taxonomy":"product_tag","embeddable":true,"href":"https:\/\/www.m-stickers.com\/es\/wp-json\/wp\/v2\/product_tag?post=6465"}],"curies":[{"name":"(No translation possible without context.  \"wp\" is ambiguous.)","href":"https:\/\/api.w.org\/{rel}","templated":true}]}}