{"id":6562,"date":"2021-01-22T20:41:43","date_gmt":"2021-01-22T19:41:43","guid":{"rendered":"https:\/\/www.m-stickers.com\/?post_type=product&#038;p=6562"},"modified":"2025-03-19T08:26:05","modified_gmt":"2025-03-19T07:26:05","slug":"kit-de-calcomanias-para-llantas-red-bull","status":"publish","type":"product","link":"https:\/\/www.m-stickers.com\/es\/produit\/kit-stickers-de-jantes-redbull\/","title":{"rendered":"Calcoman\u00edas Llantas Red Bull"},"content":{"rendered":"<h2>Calcoman\u00edas Redbull para llantas \u2013 Kit completo:<\/h2>\n<p>Impresiona tu moto con un estilo GP con nuestro kit de calcoman\u00edas Red Bull para llantas.<\/p>\n<p>El kit completo de calcoman\u00edas redbull incluye:<\/p>\n<ul>\n<li style=\"font-weight: 400;\"><span style=\"font-weight: 400;\">16 adhesivos precurvados de 8 mm Redbull,\u00a0<\/span><\/li>\n<li style=\"font-weight: 400;\"><span style=\"font-weight: 400;\">4 Grandes Calcoman\u00edas interiores de llantas Redbull<\/span><\/li>\n<li style=\"font-weight: 400;\"><span style=\"font-weight: 400;\">4 Calcoman\u00edas interiores de llantas Red Bull<\/span><\/li>\n<li style=\"font-weight: 400;\"><span style=\"font-weight: 400;\">1 Logo Red Bull<\/span><\/li>\n<\/ul>\n<p><b>Los m\u00e1s <\/b><span style=\"font-weight: 400;\">Calidad profesional, duradero, resistente al agua y a los rayos UV, personalizables 100%, f\u00e1cil de aplicar, <\/span><span style=\"font-weight: 400; color: #ff0000;\">Dise\u00f1ados y fabricados en Francia por moteros.\u00a0<\/span><\/p>\n<p><b>Materiales<\/b><span style=\"font-weight: 400;\"> Vinilos de alta calidad, adhesivos con pegamento mon\u00f3mero 100% (permanentes), acabado brillante.<\/span><\/p>\n<p>Nuestras calcoman\u00edas est\u00e1n dise\u00f1adas para durar.<\/p>\n<p>Y si quieres personalizar completamente tu moto para sentirte como Miguel Oliveira, aqu\u00ed tienes la oportunidad<a href=\"https:\/\/www.m-stickers.com\/es\/contacto\/\"> <span style=\"font-weight: 400;\">aqu\u00ed<\/span><\/a><span style=\"font-weight: 400;\"> !<\/span><\/p>\n<hr \/>\n<h2><b>Personaliza mi kit de calcoman\u00edas Red Bull para llantas<\/b><\/h2>\n<p><span style=\"font-weight: 400;\">Adem\u00e1s del color cl\u00e1sico de Redbull, puedes elegir uno de los colores propuestos para tu kit: <\/span><i><span style=\"font-weight: 400;\">Blanco<br \/>\n<\/span><\/i>Tambi\u00e9n puede solicitar un color espec\u00edfico a\u00f1adiendo el c\u00f3digo de color del tono en la nota del pedido.<\/p>\n<p><span style=\"font-weight: 400;\">Tambi\u00e9n es posible <strong>personalizar<\/strong> el kit de calcoman\u00edas Redbull en nuestro<\/span><a href=\"https:\/\/www.m-stickers.com\/es\/configurador\/configurar\/6555\/\"> <span style=\"font-weight: 400;\">configurator<\/span><\/a> si lo quieres mezclar con tu marca o modelo de motocicleta.<span style=\"font-weight: 400;\"><br \/>\n<\/span><\/p>\n<p><strong><a href=\"https:\/\/www.m-stickers.com\/es\/configurador\/configurar\/6555\/\"><img decoding=\"async\" class=\"aligncenter wp-image-6380\" src=\"https:\/\/www.m-stickers.com\/wp-content\/uploads\/2021\/01\/bouton-configurator-3-300x74.png\" alt=\"Configurador de calcoman\u00edas para llantas Kawasaki Z750\" width=\"150\" height=\"37\" srcset=\"https:\/\/www.m-stickers.com\/wp-content\/uploads\/2021\/01\/bouton-configurator-3-300x74.png 300w, https:\/\/www.m-stickers.com\/wp-content\/uploads\/2021\/01\/bouton-configurator-3.png 413w\" sizes=\"(max-width: 150px) 100vw, 150px\" \/><\/a><\/strong><\/p>\n<p><span style=\"font-weight: 400;\">Elija el dise\u00f1o y el color de cada pegatina uno por uno.<br \/>\nA\u00f1ada unas pegatinas de llanta y otras pegatinas complementarias.<br \/>\nA\u00f1ada efectos para completar el estilo: Hologr\u00e1fico \/ Fotoluminiscente \/ Retrorreflectante \/ Fluo \/ Brillante \/ Mate.<\/span><\/p>\n<p><a href=\"https:\/\/www.m-stickers.com\/es\/nuestros-adhesivos\/\"><b>Descubre aqu\u00ed los efectos de las calcoman\u00edas.<\/b><\/a><\/p>\n<hr \/>\n<h3><b>Colocar sus calcoman\u00edas de Red Bull\u00a0\u00a0<\/b><\/h3>\n<p><span style=\"font-weight: 400;\">Es f\u00e1cil colocar las calcoman\u00edas, pero hay que ser riguroso con la preparaci\u00f3n de las llantas y el material.<br \/>\nAqu\u00ed tienes algunos consejos para la colocaci\u00f3n de tus calcoman\u00edas.<\/span><\/p>\n<ul>\n<li style=\"font-weight: 400;\"><span style=\"font-weight: 400;\">Colocar los **adhesivos** al abrigo del viento y del polvo, a temperatura moderada (entre 15 y 25\u00b0C),<\/span><\/li>\n<li style=\"font-weight: 400;\"><span style=\"color: #ff0000;\"><b>No usar WD-40 ni otros productos con silicona para limpiar las llantas.<\/b><\/span><\/li>\n<li style=\"font-weight: 400;\"><span style=\"font-weight: 400;\">Las llantas deben estar limpias y lisas.<\/span><\/li>\n<li style=\"font-weight: 400;\"><span style=\"font-weight: 400;\">Si las calcoman\u00edas no se usan inmediatamente, gu\u00e1rdalas en un lugar seco y protegido de la luz solar.<\/span><\/li>\n<li style=\"font-weight: 400;\"><span style=\"font-weight: 400;\">Podr\u00e1s usar nuestro<\/span><a href=\"https:\/\/www.m-stickers.com\/es\/product\/raclette-de-pose-translates-to-bandeja-de-colocacion-or-bandeja-de-aplicacion-in-spanish-the-best-choice-depends-on-the-specific-context\/\"> <span style=\"font-weight: 400;\">Pegatinas de raclette<\/span><\/a><span style=\"font-weight: 400;\"> para lograr acabados limpios, eliminar arrugas y optimizar la longevidad de su kit,<\/span><\/li>\n<li style=\"font-weight: 400;\"><span style=\"font-weight: 400;\">Prefiera un tiempo de reposo despu\u00e9s de la instalaci\u00f3n de 24 a 48 horas para una sujeci\u00f3n \u00f3ptima.<\/span><\/li>\n<\/ul>\n<p><span style=\"font-weight: 400;\">Puedes seguir nuestro tutorial en v\u00eddeo o nuestro<\/span><a href=\"https:\/\/www.m-stickers.com\/es\/como-colocar-tus-calcomanias-de-llantas-de-moto\/\"> <span style=\"font-weight: 400;\">Art\u00edculo<\/span><\/a><span style=\"font-weight: 400;\"> Para conocer todos los pasos.<br \/>\n<\/span><\/p>\n<p><strong><a href=\"https:\/\/www.m-stickers.com\/es\/como-colocar-tus-calcomanias-de-llantas-de-moto\/\"><img decoding=\"async\" class=\"wp-image-6382 aligncenter\" src=\"https:\/\/www.m-stickers.com\/wp-content\/uploads\/2021\/01\/bouton-tuto-300x74.png\" alt=\"\" width=\"150\" height=\"37\" srcset=\"https:\/\/www.m-stickers.com\/wp-content\/uploads\/2021\/01\/bouton-tuto-300x74.png 300w, https:\/\/www.m-stickers.com\/wp-content\/uploads\/2021\/01\/bouton-tuto.png 413w\" sizes=\"(max-width: 150px) 100vw, 150px\" \/><\/a><\/strong><\/p>\n<p><b>\u00a1Pega tus stickers con nosotros!<\/b><\/p>\n<hr \/>\n<h2><b>Comentarios de clientes<\/b><\/h2>\n<p>\u00danete a nuestra lista de clientes satisfechos. Puedes ver los kits instalados en nuestros <a href=\"https:\/\/www.instagram.com\/m.stickers.officiel\/?hl=fr\">redes<\/a><\/p>\n<blockquote><p><span style=\"font-weight: 400;\">\u00a1Genial!\u00a0<\/span><\/p>\n<p>\u00a1Gran impulso para mi venta!<\/p>\n<p><span style=\"font-weight: 400;\">\u00a1Gracias M-Stickers por esta calidad!\u00a0<\/span><\/p>\n<p><span style=\"font-weight: 400;\">Es bonito\u00a0<\/span><\/p>\n<p><span style=\"font-weight: 400;\">Calcoman\u00edas personalizadas de alta calidad para tu Juguete.\u00a0<\/span><\/p><\/blockquote>\n<p><b>Escr\u00edbanos sus preguntas sobre los vinilos, o cualquier solicitud de personalizaci\u00f3n ??:<\/b><\/p>\n<h4><a href=\"https:\/\/www.m-stickers.com\/es\/contacto\/\"><img decoding=\"async\" class=\"alignnone wp-image-6381\" src=\"https:\/\/www.m-stickers.com\/wp-content\/uploads\/2021\/01\/bouton-contact-300x74.png\" alt=\"Calcoman\u00edas llantas Kawasaki Z750 contacto\" width=\"150\" height=\"37\" srcset=\"https:\/\/www.m-stickers.com\/wp-content\/uploads\/2021\/01\/bouton-contact-300x74.png 300w, https:\/\/www.m-stickers.com\/wp-content\/uploads\/2021\/01\/bouton-contact.png 413w\" sizes=\"(max-width: 150px) 100vw, 150px\" \/><\/a><\/h4>\n<p>&nbsp;<\/p>","protected":false},"excerpt":{"rendered":"<h2>Calcoman\u00edas Redbull para llantas.<\/h2>\n<p>El kit decorativo de llantas de motocicleta de 17 pulgadas Redbull incluye:<\/p>\n<ul>\n<li style=\"font-weight: 400;\"><span style=\"font-weight: 400;\">16 adhesivos precurvados de 8 mm Redbull,\u00a0<\/span><\/li>\n<li style=\"font-weight: 400;\"><span style=\"font-weight: 400;\">4 Grandes Calcoman\u00edas interiores de llantas Redbull<\/span><\/li>\n<li style=\"font-weight: 400;\"><span style=\"font-weight: 400;\">4 Calcoman\u00edas interiores de llantas Red Bull<\/span><\/li>\n<li style=\"font-weight: 400;\">1 Logo Red Bull.<\/li>\n<\/ul>\n<p>Alta calidad, durabilidad permanente, resistentes a la intemperie y a los rayos UV, 100% franc\u00e9s y motociclistas.<\/p>\n<p>Color a elegir y para m\u00e1s detalles, <strong><a href=\"https:\/\/www.m-stickers.com\/es\/configurador\/configurar\/6555\/\">\u00a1Personaliza tu kit decorativo para llantas con nuestro configurador online! <\/a><a href=\"https:\/\/www.m-stickers.com\/es\/configurador\/configurar\/6555\/\"><img loading=\"lazy\" decoding=\"async\" class=\"alignnone wp-image-6380\" src=\"https:\/\/www.m-stickers.com\/wp-content\/uploads\/2021\/01\/bouton-configurator-3-300x74.png\" alt=\"\" width=\"150\" height=\"37\" srcset=\"https:\/\/www.m-stickers.com\/wp-content\/uploads\/2021\/01\/bouton-configurator-3-300x74.png 300w, https:\/\/www.m-stickers.com\/wp-content\/uploads\/2021\/01\/bouton-configurator-3.png 413w\" sizes=\"(max-width: 150px) 100vw, 150px\" \/><\/a><\/strong><\/p>","protected":false},"featured_media":6566,"comment_status":"open","ping_status":"closed","template":"","meta":[],"product_brand":[],"product_cat":[15,70],"product_tag":[353,352],"class_list":{"0":"post-6562","1":"product","2":"type-product","3":"status-publish","4":"has-post-thumbnail","6":"product_cat-kits-stickers-jantes-moto-complet","7":"product_cat-kit-deco-jantes-monster-energy","8":"product_tag-red-bull","9":"product_tag-redbull","10":"product_shipping_class-standard","12":"entry","13":"has-media","15":"first","16":"instock","17":"taxable","18":"shipping-taxable","19":"purchasable","20":"product-type-variable","21":"has-default-attributes","22":"col","23":"span_1_of_5","24":"owp-content-center","25":"item-entry","26":"owp-thumbs-layout-horizontal","27":"owp-btn-big","28":"owp-tabs-layout-horizontal"},"ase":null,"_links":{"self":[{"href":"https:\/\/www.m-stickers.com\/es\/wp-json\/wp\/v2\/product\/6562","targetHints":{"allow":["GET"]}}],"collection":[{"href":"https:\/\/www.m-stickers.com\/es\/wp-json\/wp\/v2\/product"}],"about":[{"href":"https:\/\/www.m-stickers.com\/es\/wp-json\/wp\/v2\/types\/product"}],"replies":[{"embeddable":true,"href":"https:\/\/www.m-stickers.com\/es\/wp-json\/wp\/v2\/comments?post=6562"}],"wp:featuredmedia":[{"embeddable":true,"href":"https:\/\/www.m-stickers.com\/es\/wp-json\/wp\/v2\/media\/6566"}],"wp:attachment":[{"href":"https:\/\/www.m-stickers.com\/es\/wp-json\/wp\/v2\/media?parent=6562"}],"wp:term":[{"taxonomy":"product_brand","embeddable":true,"href":"https:\/\/www.m-stickers.com\/es\/wp-json\/wp\/v2\/product_brand?post=6562"},{"taxonomy":"product_cat","embeddable":true,"href":"https:\/\/www.m-stickers.com\/es\/wp-json\/wp\/v2\/product_cat?post=6562"},{"taxonomy":"product_tag","embeddable":true,"href":"https:\/\/www.m-stickers.com\/es\/wp-json\/wp\/v2\/product_tag?post=6562"}],"curies":[{"name":"(No translation possible without context.  \"wp\" is ambiguous.)","href":"https:\/\/api.w.org\/{rel}","templated":true}]}}