{"id":7441,"date":"2021-02-04T21:38:22","date_gmt":"2021-02-04T20:38:22","guid":{"rendered":"https:\/\/www.m-stickers.com\/?post_type=product&#038;p=7441"},"modified":"2026-02-12T19:13:32","modified_gmt":"2026-02-12T18:13:32","slug":"configurador-de-instagram","status":"publish","type":"product","link":"https:\/\/www.m-stickers.com\/es\/produit\/configurator-instagram\/","title":{"rendered":"Stickers personalizados de Instagram"},"content":{"rendered":"<h2>Stickers personalizados de Instagram<\/h2>\n<p>Cree su Stickers personalizado <b>Instagram<\/b>.<\/p>\n<p>M-stickers te ofrece la posibilidad de personalizar tu adhesivo con total facilidad para que se adapte mejor al estilo de tu motocicleta y publicitar tu red.<br \/>\nA su disposici\u00f3n, lo necesario para personalizar cada elemento del adhesivo, para tener el sticker que mejor se adapte a su motocicleta.<\/p>\n<h3><strong>Puedes personalizar:<\/strong><\/h3>\n<ul>\n<li>El texto, tu nombre de Instagram,<\/li>\n<li>Police del texto<\/li>\n<li>El dise\u00f1o del logotipo,<\/li>\n<li>El color,<\/li>\n<li>El tama\u00f1o.<\/li>\n<\/ul>\n<p>\u00a1Ideal para promocionar tu p\u00e1gina de Instagram y para compartir todas las fotos de tu moto o de tus excursiones!<br \/>\nLos adhesivos de redes sociales tambi\u00e9n son apreciados en eventos motociclistas, como carreras o salidas.<\/p>\n<p>&nbsp;<\/p>\n<hr \/>\n<h2>\u00bfC\u00f3mo colocar tus stickers de Instagram?<\/h2>\n<p>Al igual que con todos nuestros adhesivos, los vinilos se adhieren a cualquier superficie. La \u00fanica condici\u00f3n: una buena preparaci\u00f3n.<\/p>\n<p>Para una buena preparaci\u00f3n de su instalaci\u00f3n, limpie el soporte con desengrasante o alcohol y aseg\u00farese de que no est\u00e9 da\u00f1ado y de que su superficie sea lisa.<br \/>\n<span style=\"color: #ff0000;\">Atenci\u00f3n, no utilice productos que contengan silicona o WD40.<br \/>\n<\/span><\/p>\n<p><span style=\"color: #000000;\">Puede pegar su adhesivo en su motocicleta, casco, equipo o coche.<\/span><\/p>\n<p>Para que tu sticker se adhiera correctamente, puedes calentar la superficie y el sticker. Tambi\u00e9n puedes usar nuestro<a href=\"https:\/\/www.m-stickers.com\/es\/product\/raclette-de-pose-translates-to-bandeja-de-colocacion-or-bandeja-de-aplicacion-in-spanish-the-best-choice-depends-on-the-specific-context\/\"> Placa de instalaci\u00f3n para vinilo<\/a> \u00a1para quitar los pliegues y asegurar un acabado limpio y sin arrugas!<br \/>\nSe recomienda colocar los adhesivos entre 15 y 25\u00b0C para una mejor adherencia, a resguardo del viento y del polvo.<\/p>\n<p>Puede seguir uno de nuestros <a href=\"https:\/\/www.m-stickers.com\/es\/como-colocar-tus-calcomanias-de-llantas-de-moto\/\">tutorial<\/a> Para colocar vuestros adhesivos, el principio es el mismo.<\/p>\n<p><a href=\"https:\/\/www.m-stickers.com\/es\/como-colocar-tus-calcomanias-de-llantas-de-moto\/\"><img decoding=\"async\" class=\"wp-image-6382 aligncenter\" src=\"https:\/\/www.m-stickers.com\/wp-content\/uploads\/2021\/01\/bouton-tuto-300x74.png\" alt=\"\" width=\"231\" height=\"57\" srcset=\"https:\/\/www.m-stickers.com\/wp-content\/uploads\/2021\/01\/bouton-tuto-300x74.png 300w, https:\/\/www.m-stickers.com\/wp-content\/uploads\/2021\/01\/bouton-tuto.png 413w\" sizes=\"(max-width: 231px) 100vw, 231px\" \/><\/a><\/p>\n<p>Si no utilizas los adhesivos r\u00e1pidamente, gu\u00e1rdalos en un lugar seco y protegido del sol.<\/p>\n<hr \/>\n<p>&nbsp;<\/p>\n<p>Puede pedir su pegatina personalizada de Instagram al mismo tiempo que su kit de<a href=\"https:\/\/www.m-stickers.com\/es\/product-category\/kits-de-calcomanias-para-llantas-de-moto-completos\/\"> Calcoman\u00edas de llantas<\/a> \u00a1perfecto para realzar el estilo de tu moto!<br \/>\n\u00a1Tu nuevo look te generar\u00e1 nuevas vistas en tu red favorita!<\/p>\n<p>Tambi\u00e9n es una buena idea de regalo para un amigo aficionado a las redes sociales con una moto que \u00a1merece publicidad!<\/p>\n<p>&nbsp;<\/p>\n<hr \/>\n<p>&nbsp;<\/p>\n<p>Para cualquier solicitud de personalizaci\u00f3n adicional o si tiene alguna pregunta, no dude en contactarnos. <a href=\"https:\/\/www.m-stickers.com\/es\/contacto\/\">\u00a1Directamente aqu\u00ed!<\/a><br \/>\nTambi\u00e9n puedes solicitar unos adhesivos especiales. <a href=\"https:\/\/www.m-stickers.com\/es\/product\/calcomanias-o-producto-personalizado-unidad\/\">aqu\u00ed<\/a>.<a href=\"https:\/\/www.m-stickers.com\/es\/contacto\/\"><img decoding=\"async\" class=\"wp-image-6381 aligncenter\" src=\"https:\/\/www.m-stickers.com\/wp-content\/uploads\/2021\/01\/bouton-contact-300x74.png\" alt=\"\" width=\"231\" height=\"57\" srcset=\"https:\/\/www.m-stickers.com\/wp-content\/uploads\/2021\/01\/bouton-contact-300x74.png 300w, https:\/\/www.m-stickers.com\/wp-content\/uploads\/2021\/01\/bouton-contact.png 413w\" sizes=\"(max-width: 231px) 100vw, 231px\" \/><\/a><\/p>","protected":false},"excerpt":{"rendered":"<h2>Etiquetas de Instagram<\/h2>\n<p>Cree su calcoman\u00eda <strong>Instagram<\/strong> a medida<\/p>\n<p>Le ofrecemos la posibilidad de personalizar su sticker de forma sencilla para que se adapte mejor al estilo de su moto.<\/p>\n<p>Encontrar\u00e1s varios dise\u00f1os del logo de Instagram, varias fuentes y diferentes tama\u00f1os: 2, 3 y 4 cm.<br \/>\nTodo en cualquier color.<\/p>","protected":false},"featured_media":8289,"comment_status":"open","ping_status":"closed","template":"","meta":[],"product_brand":[],"product_cat":[1178],"product_tag":[440,1100,439],"class_list":{"0":"post-7441","1":"product","2":"type-product","3":"status-publish","4":"has-post-thumbnail","6":"product_cat-stickers-reseaux-sociaux","7":"product_tag-instagram","8":"product_tag-social","9":"product_tag-stickers-instagram","10":"product_shipping_class-standard","12":"entry","13":"has-media","15":"first","16":"instock","17":"taxable","18":"shipping-taxable","19":"purchasable","20":"product-type-simple","21":"col","22":"span_1_of_5","23":"owp-content-center","24":"item-entry","25":"owp-thumbs-layout-horizontal","26":"owp-btn-big","27":"owp-tabs-layout-horizontal"},"ase":null,"_links":{"self":[{"href":"https:\/\/www.m-stickers.com\/es\/wp-json\/wp\/v2\/product\/7441","targetHints":{"allow":["GET"]}}],"collection":[{"href":"https:\/\/www.m-stickers.com\/es\/wp-json\/wp\/v2\/product"}],"about":[{"href":"https:\/\/www.m-stickers.com\/es\/wp-json\/wp\/v2\/types\/product"}],"replies":[{"embeddable":true,"href":"https:\/\/www.m-stickers.com\/es\/wp-json\/wp\/v2\/comments?post=7441"}],"wp:featuredmedia":[{"embeddable":true,"href":"https:\/\/www.m-stickers.com\/es\/wp-json\/wp\/v2\/media\/8289"}],"wp:attachment":[{"href":"https:\/\/www.m-stickers.com\/es\/wp-json\/wp\/v2\/media?parent=7441"}],"wp:term":[{"taxonomy":"product_brand","embeddable":true,"href":"https:\/\/www.m-stickers.com\/es\/wp-json\/wp\/v2\/product_brand?post=7441"},{"taxonomy":"product_cat","embeddable":true,"href":"https:\/\/www.m-stickers.com\/es\/wp-json\/wp\/v2\/product_cat?post=7441"},{"taxonomy":"product_tag","embeddable":true,"href":"https:\/\/www.m-stickers.com\/es\/wp-json\/wp\/v2\/product_tag?post=7441"}],"curies":[{"name":"(No translation possible without context.  \"wp\" is ambiguous.)","href":"https:\/\/api.w.org\/{rel}","templated":true}]}}