{"id":7877,"date":"2021-02-15T09:54:24","date_gmt":"2021-02-15T08:54:24","guid":{"rendered":"https:\/\/www.m-stickers.com\/?post_type=product&#038;p=7877"},"modified":"2025-03-19T08:25:58","modified_gmt":"2025-03-19T07:25:58","slug":"kit-de-calcomanias-para-llantas-honda-vtr-1000","status":"publish","type":"product","link":"https:\/\/www.m-stickers.com\/es\/produit\/kit-stickers-de-jantes-honda-vtr-1000\/","title":{"rendered":"Calcoman\u00edas para llantas Honda VTR 1000"},"content":{"rendered":"<h2>Calcoman\u00edas para llantas Honda VTR 1000 (kit para 2 llantas)<\/h2>\n<p><strong>Transforma el aspecto de tu Honda VTR 1000 con nuestro kit de pegatinas para llantas de moto dise\u00f1ado para ambas llantas. Este kit incluye todo lo que necesitas para una personalizaci\u00f3n \u00fanica y de calidad. Fabricado en Francia con vinilos de alta calidad, este kit est\u00e1 disponible en una gama de colores para que coincida con tu estilo.<\/strong><\/p>\n<p>Calcoman\u00edas de llantas de motocicleta Honda VTR 1000 de 17 pulgadas para las 2 llantas. Incluye:<\/p>\n<ul>\n<li>20 cantoneras pre-curvadas de 8 mm<strong> Dise\u00f1o 1 <\/strong>(<span style=\"color: #ff0000;\">del color de las pegatinas seleccionadas<\/span>)<\/li>\n<li>10 llantas Honda y 10 llantas VTR 1000 (blancas)<\/li>\n<li>4 Calcoman\u00edas interiores para llantas Honda (blancas) \u2013 2 grandes y 2 peque\u00f1as (tama\u00f1o adaptado a las llantas del modelo).<\/li>\n<li>4 Calcoman\u00edas interiores de llantas VTR 1000 (blancas) \u2013 2 grandes y 2 peque\u00f1as (tama\u00f1o adaptado a las llantas del modelo)<\/li>\n<li>1 Logotipo Honda (<span style=\"color: #ff0000;\">del color de las pegatinas seleccionadas<\/span>) \u2013 Logotipo de 17x10 cm<\/li>\n<\/ul>\n<p>Autoadhesivos con adhesivo mon\u00f3mero de 100\u00b5 que permite una adherencia permanente, as\u00ed como resistencia a salpicaduras de agua y a los rayos UV.<br \/>\nNuestros Vinilos de alta calidad est\u00e1n dise\u00f1ados y fabricados en Francia.<\/p>\n<hr \/>\n<h3>Decales para llantas moto Honda VTR 1000 - \u00bfC\u00f3mo colocarlos?<\/h3>\n<p>El kit de adhesivos para llantas Honda VTR 1000 es f\u00e1cil de colocar. Independientemente del tama\u00f1o o la superficie de la llanta, el proceso sigue siendo el mismo. A continuaci\u00f3n encontrar\u00e1 un tutorial que le ayudar\u00e1 a colocar correctamente su kit de adhesivos para llantas VTR 1000. <span style=\"color: #ff0000;\">Antes que nada, aqu\u00ed est\u00e1n las precauciones que se deben tomar:<\/span><\/p>\n<ul>\n<li>Verificar que el aro debe estar perfectamente liso.<\/li>\n<li>Limpiar bien, desengrasar la llanta con nuestro producto. <a href=\"https:\/\/www.m-stickers.com\/es\/product\/limpiador-llantas-motos-adhesivos-100ml\/\"><span style=\"color: #ff0000;\"><strong>Limpiador de llantas especial para adhesivos<\/strong><\/span><\/a>. O con agua jabonosa (puede no ser suficiente para eliminar todos los residuos de grasa). O alcohol. <span style=\"color: #ff0000;\">No usar WD40 ni otros productos con silicona. <\/span>El aro debe estar perfectamente limpio.<\/li>\n<li>No manipular las pegatinas por el lado del pegamento.<\/li>\n<li>Si las calcoman\u00edas no se pegan inmediatamente, gu\u00e1rdalas en un lugar seco y protegido de la luz solar.<\/li>\n<li> Al momento de la instalaci\u00f3n, seleccione una pieza con una temperatura de al menos 15\u00b0C, protegida del viento y del polvo. Tambi\u00e9n es posible calentar la llanta antes de aplicar las calcoman\u00edas para asegurar una buena adherencia de los adhesivos. Una temperatura demasiado fr\u00eda no permitir\u00e1 una adherencia \u00f3ptima de las calcoman\u00edas.<\/li>\n<li>A\u00f1ada nuestro <a href=\"https:\/\/www.m-stickers.com\/es\/product\/raclette-de-pose-translates-to-bandeja-de-colocacion-or-bandeja-de-aplicacion-in-spanish-the-best-choice-depends-on-the-specific-context\/\">Placa de raclette con adhesivo<\/a> en tu pedido para no perderte la instalaci\u00f3n de tus stickers de llanta de moto<\/li>\n<li>Despu\u00e9s de la colocaci\u00f3n, evitar el contacto con el fr\u00edo y la humedad para asegurar una buena adherencia.<\/li>\n<\/ul>\n<p><strong><a href=\"https:\/\/www.m-stickers.com\/es\/como-colocar-tus-calcomanias-de-llantas-de-moto\/\">TUTORIAL completo para instalar tu kit de decoraci\u00f3n de llantas. <\/a><a href=\"https:\/\/www.m-stickers.com\/es\/como-colocar-tus-calcomanias-de-llantas-de-moto\/\"><img decoding=\"async\" class=\"alignnone wp-image-6382\" src=\"https:\/\/www.m-stickers.com\/wp-content\/uploads\/2021\/01\/bouton-tuto-300x74.png\" alt=\"\" width=\"150\" height=\"37\" srcset=\"https:\/\/www.m-stickers.com\/wp-content\/uploads\/2021\/01\/bouton-tuto-300x74.png 300w, https:\/\/www.m-stickers.com\/wp-content\/uploads\/2021\/01\/bouton-tuto.png 413w\" sizes=\"(max-width: 150px) 100vw, 150px\" \/><\/a><\/strong><\/p>\n<h4>V\u00eddeo tutorial completo de instalaci\u00f3n del kit de decoraci\u00f3n de llantas:<\/h4>\n<p><iframe title=\"Reproductor de v\u00eddeo de YouTube\" src=\"https:\/\/www.youtube.com\/embed\/1AJhkFaZIsk\" width=\"1120\" height=\"630\" frameborder=\"0\" allowfullscreen=\"allowfullscreen\" data-mce-fragment=\"1\"><\/iframe><\/p>\n<hr \/>\n<h2>\u00bfEs posible personalizar mis calcoman\u00edas de llantas Honda VTR 1000?<\/h2>\n<ul>\n<li>\u00a1Personaliza tus stickers de **llanta** de moto con nuestros efectos! Para tu kit decorativo de **llanta**, ofrecemos los efectos: Hologr\u00e1fico \/ Fotoluminiscente \/ Retrorreflectante \/ Fl\u00faor \/ Brillante \/ Mate \/ Reforzado \/ Dorado \/ Plateado. <strong>Por favor, proporciona el texto en franc\u00e9s que deseas traducir al espa\u00f1ol. <a href=\"https:\/\/www.m-stickers.com\/es\/nuestros-adhesivos\/\">\u00a1Descubre m\u00e1s sobre nuestros efectos de stickers aqu\u00ed! <\/a><\/strong><\/li>\n<li>Tambi\u00e9n puedes personalizar tu propio kit decorativo de llantas con una gran selecci\u00f3n de dise\u00f1os con nuestro<strong> <a href=\"https:\/\/www.m-stickers.com\/es\/categorie-configurator\/\">Configurador instant\u00e1neo<\/a><a href=\"https:\/\/www.m-stickers.com\/es\/categorie-configurator\/\"><img decoding=\"async\" class=\"alignnone wp-image-6380\" src=\"https:\/\/www.m-stickers.com\/wp-content\/uploads\/2021\/01\/bouton-configurator-3-300x74.png\" alt=\"\" width=\"150\" height=\"37\" srcset=\"https:\/\/www.m-stickers.com\/wp-content\/uploads\/2021\/01\/bouton-configurator-3-300x74.png 300w, https:\/\/www.m-stickers.com\/wp-content\/uploads\/2021\/01\/bouton-configurator-3.png 413w\" sizes=\"(max-width: 150px) 100vw, 150px\" \/><\/a><\/strong><\/li>\n<\/ul>\n<hr \/>\n<h3>Kit de calcas para llanta Honda VTR 1000, \u00bfqu\u00e9 colores son posibles?<\/h3>\n<ul>\n<li>Nuestros kits decorativos de **llantas** de moto est\u00e1n disponibles por defecto en los siguientes colores: Blanco \/ Negro \/ Rojo \/ Naranja \/ Amarillo \/ Verde \/ Cian \/ Azul \/ Rosa. Tambi\u00e9n puedes elegir el color que desees con nuestra opci\u00f3n de color espec\u00edfico o visitando nuestro configurador.<\/li>\n<li>Cita <a href=\"https:\/\/www.m-stickers.com\/es\/etiquetas-de-gama-de-colores\/\">aqu\u00ed<\/a> Para encontrar todas nuestras opciones de color con<a href=\"https:\/\/www.m-stickers.com\/es\/etiquetas-de-gama-de-colores\/\"><strong> El muestrario M-Stickers.<\/strong><\/a><\/li>\n<\/ul>\n<hr \/>\n<h4>\u00bfTiene alguna pregunta sobre el kit decorativo para llantas? \u00bfSolicitud de personalizaci\u00f3n? No dude en contactarnos a trav\u00e9s de la p\u00e1gina de contacto: <a href=\"https:\/\/www.m-stickers.com\/es\/contacto\/\"><img decoding=\"async\" class=\"alignnone wp-image-6381\" src=\"https:\/\/www.m-stickers.com\/wp-content\/uploads\/2021\/01\/bouton-contact-300x74.png\" alt=\"\" width=\"150\" height=\"37\" srcset=\"https:\/\/www.m-stickers.com\/wp-content\/uploads\/2021\/01\/bouton-contact-300x74.png 300w, https:\/\/www.m-stickers.com\/wp-content\/uploads\/2021\/01\/bouton-contact.png 413w\" sizes=\"(max-width: 150px) 100vw, 150px\" \/><\/a><\/h4>\n<p><span style=\"color: #999999;\"><strong>Palabras Clave:<\/strong> Calcoman\u00edas moto, calcoman\u00edas llantas, kit decorativo moto, calcoman\u00edas llanta, kit de decoraci\u00f3n moto, calcoman\u00eda llanta, Honda VTR 1000, personalizaci\u00f3n moto, vinilos de alta calidad, tutorial para colocar calcoman\u00edas, personalizaci\u00f3n llantas, efectos calcoman\u00edas, colores personalizados.<\/span><\/p>","protected":false},"excerpt":{"rendered":"<h2 style=\"text-align: center;\">Calcoman\u00edas de llantas Honda VTR 1000 (para 2 llantas)<\/h2>\n<hr \/>\n<h2 style=\"text-align: center;\"><span style=\"color: #ff0000;\"><strong>KIT PERSONALIZADO<\/strong><\/span><\/h2>\n<h3 style=\"text-align: justify; text-justify: inter-word;\"><strong><a href=\"https:\/\/www.m-stickers.com\/es\/configurador\/configurar\/7860\/\">\u00a1Personaliza tu kit decorativo para llantas con m\u00e1s dise\u00f1os, m\u00e1s colores y efectos exclusivos gracias a nuestro configurador!<\/a><\/strong><\/h3>\n<h3><strong><a href=\"https:\/\/www.m-stickers.com\/es\/configurador\/configurar\/7860\/\"><img loading=\"lazy\" decoding=\"async\" class=\"alignnone wp-image-6380 aligncenter\" src=\"https:\/\/www.m-stickers.com\/wp-content\/uploads\/2021\/01\/bouton-configurator-3-300x74.png\" alt=\"\" width=\"150\" height=\"37\" srcset=\"https:\/\/www.m-stickers.com\/wp-content\/uploads\/2021\/01\/bouton-configurator-3-300x74.png 300w, https:\/\/www.m-stickers.com\/wp-content\/uploads\/2021\/01\/bouton-configurator-3.png 413w\" sizes=\"(max-width: 150px) 100vw, 150px\" \/><\/a><\/strong><\/h3>\n<hr \/>\n<h2 style=\"text-align: center;\"><span style=\"color: #ff0000;\"><strong>KIT CL\u00c1SICO<\/strong><\/span><\/h2>","protected":false},"featured_media":7873,"comment_status":"open","ping_status":"closed","template":"","meta":[],"product_brand":[],"product_cat":[15,36],"product_tag":[139,348,347,346],"class_list":{"0":"post-7877","1":"product","2":"type-product","3":"status-publish","4":"has-post-thumbnail","6":"product_cat-kits-stickers-jantes-moto-complet","7":"product_cat-honda-kits-stickers-jante-moto-complet","8":"product_tag-honda","9":"product_tag-honda-vtr-1000","10":"product_tag-vtr-1000","11":"product_tag-vtr1000","12":"product_shipping_class-standard","14":"entry","15":"has-media","17":"first","18":"instock","19":"taxable","20":"shipping-taxable","21":"purchasable","22":"product-type-variable","23":"has-default-attributes","24":"col","25":"span_1_of_5","26":"owp-content-center","27":"item-entry","28":"owp-thumbs-layout-horizontal","29":"owp-btn-big","30":"owp-tabs-layout-horizontal"},"ase":null,"_links":{"self":[{"href":"https:\/\/www.m-stickers.com\/es\/wp-json\/wp\/v2\/product\/7877","targetHints":{"allow":["GET"]}}],"collection":[{"href":"https:\/\/www.m-stickers.com\/es\/wp-json\/wp\/v2\/product"}],"about":[{"href":"https:\/\/www.m-stickers.com\/es\/wp-json\/wp\/v2\/types\/product"}],"replies":[{"embeddable":true,"href":"https:\/\/www.m-stickers.com\/es\/wp-json\/wp\/v2\/comments?post=7877"}],"wp:featuredmedia":[{"embeddable":true,"href":"https:\/\/www.m-stickers.com\/es\/wp-json\/wp\/v2\/media\/7873"}],"wp:attachment":[{"href":"https:\/\/www.m-stickers.com\/es\/wp-json\/wp\/v2\/media?parent=7877"}],"wp:term":[{"taxonomy":"product_brand","embeddable":true,"href":"https:\/\/www.m-stickers.com\/es\/wp-json\/wp\/v2\/product_brand?post=7877"},{"taxonomy":"product_cat","embeddable":true,"href":"https:\/\/www.m-stickers.com\/es\/wp-json\/wp\/v2\/product_cat?post=7877"},{"taxonomy":"product_tag","embeddable":true,"href":"https:\/\/www.m-stickers.com\/es\/wp-json\/wp\/v2\/product_tag?post=7877"}],"curies":[{"name":"(No translation possible without context.  \"wp\" is ambiguous.)","href":"https:\/\/api.w.org\/{rel}","templated":true}]}}