{"id":9154,"date":"2021-03-26T11:51:07","date_gmt":"2021-03-26T10:51:07","guid":{"rendered":"https:\/\/www.m-stickers.com\/?post_type=product&#038;p=9154"},"modified":"2025-06-11T10:30:33","modified_gmt":"2025-06-11T08:30:33","slug":"raclette-de-pose-translates-to-bandeja-de-colocacion-or-bandeja-de-aplicacion-in-spanish-the-best-choice-depends-on-the-specific-context","status":"publish","type":"product","link":"https:\/\/www.m-stickers.com\/es\/produit\/raclette-de-pose\/","title":{"rendered":"Raclette de pose pour vinyle\n```\nRacle para vinilo\n```\nor, slightly more contextually appropriate:\n\n```\nRacle para instalar vinilo\n```"},"content":{"rendered":"<h2>Juego de aplicaci\u00f3n para vinilo - Llantas y carenados<\/h2>\n<p>\u00bfHas puesto tu kit decorativo o tus pegatinas para llantas en tu cesta? \u00a1No olvides a\u00f1adir una esp\u00e1tula de aplicaci\u00f3n de vinilo para aplicar f\u00e1cilmente tus pegatinas! Fabricada en pl\u00e1stico de alta calidad, esta esp\u00e1tula te permitir\u00e1 colocar los adhesivos de llanta y eliminar los pliegues.<\/p>\n<p>Dimensiones de la placa de instalaci\u00f3n: 10 cm x 7.3 cm<\/p>\n<hr \/>\n<h3>\u00a0\u00bfC\u00f3mo colocar sus pegatinas?<\/h3>\n<p>Colocar bien las pegatinas es f\u00e1cil pero indispensable para que duren.<br \/>\nPuede seguir nuestro tutorial en video o <a href=\"https:\/\/www.m-stickers.com\/es\/como-colocar-tus-calcomanias-de-llantas-de-moto\/\">Art\u00edculo<\/a> Para conocer los pasos.<\/p>\n<p><strong><a href=\"https:\/\/www.m-stickers.com\/es\/como-colocar-tus-calcomanias-de-llantas-de-moto\/\"><img decoding=\"async\" class=\"wp-image-6382 aligncenter\" src=\"https:\/\/www.m-stickers.com\/wp-content\/uploads\/2021\/01\/bouton-tuto-300x74.png\" alt=\"\" width=\"150\" height=\"37\" srcset=\"https:\/\/www.m-stickers.com\/wp-content\/uploads\/2021\/01\/bouton-tuto-300x74.png 300w, https:\/\/www.m-stickers.com\/wp-content\/uploads\/2021\/01\/bouton-tuto.png 413w\" sizes=\"(max-width: 150px) 100vw, 150px\" \/><\/a><\/strong><\/p>\n<p>Aqu\u00ed hay algunos consejos previos:<\/p>\n<ul>\n<li>Poser les stickers \u00e0 l\u2019abri du vent et de la poussi\u00e8re et lors d\u2019une temp\u00e9rature mod\u00e9r\u00e9e (entre 15 et 25\u00b0)<\/li>\n<li><strong><span style=\"color: #ff0000;\">No usar WD-40 ni otros productos con silicona para limpiar las llantas.<\/span><\/strong><\/li>\n<li>Las llantas deben estar perfectamente limpias.<\/li>\n<li>Si las calcoman\u00edas no se pegan inmediatamente, gu\u00e1rdalas en un lugar seco y a la sombra.<\/li>\n<li>Podr\u00e1s usar nuestro <a href=\"https:\/\/www.m-stickers.com\/es\/product\/raclette-de-pose-translates-to-bandeja-de-colocacion-or-bandeja-de-aplicacion-in-spanish-the-best-choice-depends-on-the-specific-context\/\">Placa de raclette con adhesivo<\/a> Para acabados limpios y optimizar la adherencia de las calcoman\u00edas,<\/li>\n<li>Preferiblemente, un tiempo de reposo despu\u00e9s de la instalaci\u00f3n de 24-48H.<\/li>\n<\/ul>\n<hr \/>\n<h3>\u00bfC\u00f3mo usar una rastrilla de aplicaci\u00f3n para vinilo?<\/h3>\n<p>Para una sujeci\u00f3n \u00f3ptima de sus pegatinas, puede usar la esp\u00e1tula varias veces.<\/p>\n<ul>\n<li>Utilice una escobilla de goma sobre sus stickers en una superficie plana para asegurar una buena adhesi\u00f3n a la pel\u00edcula de transferencia,<\/li>\n<li>Una vez que los adhesivos est\u00e9n colocados sobre la superficie donde se deben pegar, raspe de nuevo para que se adhieran bien.<\/li>\n<li>Una vez que hayas retirado la l\u00e1mina de transferencia, raspa los stickers mientras los calientas para eliminar burbujas o arrugas.<\/li>\n<li>En caso de burbujas persistentes, puedes pincharlas con una aguja de coser fina.<\/li>\n<\/ul>\n<p>Raspar y calentar las calcoman\u00edas, as\u00ed como la superficie, es el mejor truco para una buena colocaci\u00f3n y mejorar la durabilidad.<br \/>\nAdem\u00e1s, \u00a1no hay riesgo de romper tu tarjeta de cr\u00e9dito o de fidelidad rascando!<\/p>","protected":false},"excerpt":{"rendered":"<h2>Juego de aplicaci\u00f3n para vinilo - Llantas y carenados<\/h2>\n<p>\u00bfHas puesto tu kit decorativo o tus pegatinas para llantas en tu cesta? \u00a1No olvides a\u00f1adir una esp\u00e1tula de aplicaci\u00f3n de vinilo para aplicar f\u00e1cilmente tus pegatinas! Fabricada en pl\u00e1stico de alta calidad, esta esp\u00e1tula te permitir\u00e1 colocar los adhesivos de llanta y eliminar los pliegues.<\/p>\n<p>Dimensiones de la placa de instalaci\u00f3n: 10 cm x 7.3 cm<\/p>","protected":false},"featured_media":57051,"comment_status":"open","ping_status":"closed","template":"","meta":[],"product_brand":[],"product_cat":[1231],"product_tag":[434,435,436],"class_list":{"0":"post-9154","1":"product","2":"type-product","3":"status-publish","4":"has-post-thumbnail","6":"product_cat-nettoyant-jante","7":"product_tag-raclette","8":"product_tag-raclette-de-pose","9":"product_tag-raclette-pose-autocollant","10":"product_shipping_class-standard","12":"entry","13":"has-media","15":"first","16":"instock","17":"taxable","18":"shipping-taxable","19":"purchasable","20":"product-type-simple","21":"col","22":"span_1_of_5","23":"owp-content-center","24":"item-entry","25":"owp-thumbs-layout-horizontal","26":"owp-btn-big","27":"owp-tabs-layout-horizontal"},"ase":null,"_links":{"self":[{"href":"https:\/\/www.m-stickers.com\/es\/wp-json\/wp\/v2\/product\/9154","targetHints":{"allow":["GET"]}}],"collection":[{"href":"https:\/\/www.m-stickers.com\/es\/wp-json\/wp\/v2\/product"}],"about":[{"href":"https:\/\/www.m-stickers.com\/es\/wp-json\/wp\/v2\/types\/product"}],"replies":[{"embeddable":true,"href":"https:\/\/www.m-stickers.com\/es\/wp-json\/wp\/v2\/comments?post=9154"}],"wp:featuredmedia":[{"embeddable":true,"href":"https:\/\/www.m-stickers.com\/es\/wp-json\/wp\/v2\/media\/57051"}],"wp:attachment":[{"href":"https:\/\/www.m-stickers.com\/es\/wp-json\/wp\/v2\/media?parent=9154"}],"wp:term":[{"taxonomy":"product_brand","embeddable":true,"href":"https:\/\/www.m-stickers.com\/es\/wp-json\/wp\/v2\/product_brand?post=9154"},{"taxonomy":"product_cat","embeddable":true,"href":"https:\/\/www.m-stickers.com\/es\/wp-json\/wp\/v2\/product_cat?post=9154"},{"taxonomy":"product_tag","embeddable":true,"href":"https:\/\/www.m-stickers.com\/es\/wp-json\/wp\/v2\/product_tag?post=9154"}],"curies":[{"name":"(No translation possible without context.  \"wp\" is ambiguous.)","href":"https:\/\/api.w.org\/{rel}","templated":true}]}}