{"id":3,"date":"2020-11-06T17:15:35","date_gmt":"2020-11-06T16:15:35","guid":{"rendered":"https:\/\/www.m-stickers.com\/?page_id=3"},"modified":"2026-01-14T19:18:13","modified_gmt":"2026-01-14T18:18:13","slug":"informativa-sulla-privacy","status":"publish","type":"page","link":"https:\/\/www.m-stickers.com\/it\/politique-de-confidentialite\/","title":{"rendered":"Informativa sulla privacy"},"content":{"rendered":"<div data-elementor-type=\"wp-page\" data-elementor-id=\"3\" class=\"elementor elementor-3\" data-elementor-post-type=\"page\">\n\t\t\t\t\t\t<section class=\"elementor-section elementor-top-section elementor-element elementor-element-61d10604 elementor-section-boxed elementor-section-height-default elementor-section-height-default\" data-id=\"61d10604\" data-element_type=\"section\" data-e-type=\"section\">\n\t\t\t\t\t\t<div class=\"elementor-container elementor-column-gap-default\">\n\t\t\t\t\t<div class=\"elementor-column elementor-col-100 elementor-top-column elementor-element elementor-element-6e9344dc\" data-id=\"6e9344dc\" data-element_type=\"column\" data-e-type=\"column\">\n\t\t\t<div class=\"elementor-widget-wrap elementor-element-populated\">\n\t\t\t\t\t\t<div class=\"elementor-element elementor-element-374846cd elementor-widget elementor-widget-text-editor\" data-id=\"374846cd\" data-element_type=\"widget\" data-e-type=\"widget\" data-widget_type=\"text-editor.default\">\n\t\t\t\t<div class=\"elementor-widget-container\">\n\t\t\t\t\t\t\t\t\t<p><\/p>\n<h1 class=\"wp-block-heading\" style=\"text-align: center;\" data-start=\"376\" data-end=\"408\">Informativa sulla privacy<\/h1>\n<p data-start=\"409\" data-end=\"451\"><strong data-start=\"409\" data-end=\"451\">Sito: M-Stickers \u2013 <a class=\"decorated-link\" href=\"http:\/\/www.m-stickers.com\/it\/\" target=\"_new\" rel=\"noopener\" data-start=\"431\" data-end=\"449\">www.m-stickers.com<\/a><\/strong><\/p>\n<hr data-start=\"511\" data-end=\"514\" \/>\n<h2 data-start=\"516\" data-end=\"540\">ARTICOLO 1 \u2013 PREAMBOLO<\/h2>\n<p data-start=\"542\" data-end=\"674\">La presente informativa sulla privacy si applica al sito web <strong data-start=\"611\" data-end=\"633\"><a class=\"decorated-link\" href=\"http:\/\/www.m-stickers.com\/it\/\" target=\"_new\" rel=\"noopener\" data-start=\"613\" data-end=\"631\">www.m-stickers.com<\/a><\/strong>, gestito con il marchio <strong data-start=\"659\" data-end=\"673\">M-Stickers<\/strong>.<br \/><span style=\"font-size: 17px;\">Il marchio <\/span><strong style=\"font-size: 17px;\" data-start=\"686\" data-end=\"700\">M-Stickers<\/strong><span style=\"font-size: 17px;\"> \u00e8 un marchio commerciale gestito dalla societ\u00e0 <\/span><strong style=\"font-size: 17px;\" data-start=\"753\" data-end=\"773\">MSTKS HOLDING<\/strong><span style=\"font-size: 17px;\">, di seguito denominata \u00abl'Editore\u00bb.<\/span><\/p>\n<p data-start=\"809\" data-end=\"882\">Questa politica ha lo scopo di informare gli utenti del sito su:<\/p>\n<ul>\n<li data-start=\"886\" data-end=\"958\">la maniera in cui i loro dati personali vengono raccolti e trattati; ;<\/li>\n<li data-start=\"886\" data-end=\"958\"><span style=\"font-size: 17px;\">i diritti che hanno in merito a questi dati; ;<\/span><\/li>\n<li data-start=\"1018\" data-end=\"1089\">la responsabilit\u00e0 dell'Editore in materia di protezione dei dati; ;<\/li>\n<li data-start=\"1092\" data-end=\"1128\">un eventuale utilizzo di cookie.<\/li>\n<\/ul>\n<p data-start=\"1130\" data-end=\"1245\">Questa politica integra <strong data-start=\"1159\" data-end=\"1179\">Note legali<\/strong> e le <strong data-start=\"1187\" data-end=\"1220\">Condizioni Generali di Vendita<\/strong> disponibili sul sito.<\/p>\n<p data-start=\"1130\" data-end=\"1245\">\u00a0<\/p>\n<hr data-start=\"1247\" data-end=\"1250\" \/>\n<h2 data-start=\"1252\" data-end=\"1326\">ARTICOLO 2 \u2013 PRINCIPI GENERALI DI RACCOLTA E TRATTAMENTO DEI DATI<\/h2>\n<p data-start=\"1328\" data-end=\"1449\">In conformit\u00e0 al <strong data-start=\"1344\" data-end=\"1416\">Regolamento Generale sulla Protezione dei Dati (RGPD \u2013 UE 2016\/679)<\/strong>, i dati personali sono:<\/p>\n<ul>\n<li data-start=\"1453\" data-end=\"1511\">raccolte in modo <strong data-start=\"1475\" data-end=\"1509\">lecito, corretto e trasparente<\/strong> ;<\/li>\n<li data-start=\"1514\" data-end=\"1585\">usato per <strong data-start=\"1533\" data-end=\"1583\">finalit\u00e0 determinate, esplicite e legittime<\/strong> ;<\/li>\n<li data-start=\"1588\" data-end=\"1638\"><strong data-start=\"1588\" data-end=\"1600\">limitate<\/strong> a ci\u00f2 che \u00e8 strettamente necessario; ;<\/li>\n<li data-start=\"1641\" data-end=\"1680\"><strong data-start=\"1641\" data-end=\"1678\">conservate per un periodo limitato<\/strong> ;<\/li>\n<li data-start=\"1683\" data-end=\"1759\">protette da misure che ne garantiscono la <strong data-start=\"1727\" data-end=\"1758\">sicurezza e privacy<\/strong>.<\/li>\n<\/ul>\n<p data-start=\"1761\" data-end=\"1833\">Il trattamento dei dati si basa su una delle seguenti basi giuridiche:<\/p>\n<ul>\n<li data-start=\"1836\" data-end=\"1870\">il consenso dell'utente; ;<\/li>\n<li data-start=\"1873\" data-end=\"1937\">l'esecuzione di un contratto (ordine, consegna, servizio clienti); ;<\/li>\n<li data-start=\"1940\" data-end=\"1974\">il rispetto di obblighi di legge; ;<\/li>\n<li data-start=\"1977\" data-end=\"2045\">il legittimo interesse dell'Editor (miglioramento del servizio, sicurezza).<\/li>\n<\/ul>\n<p>\u00a0<\/p>\n<hr data-start=\"2047\" data-end=\"2050\" \/>\n<h2 data-start=\"2052\" data-end=\"2098\">ARTICOLO 3 \u2013 DATI PERSONALI RACCOLTI<\/h2>\n<h3 data-start=\"2100\" data-end=\"2126\">3.1 Dati raccolti<\/h3>\n<p data-start=\"2128\" data-end=\"2210\">I dati che possono essere raccolti sul sito M-Stickers includono:<\/p>\n<ul>\n<li data-start=\"2214\" data-end=\"2229\">Nome e cognome<\/li>\n<li data-start=\"2232\" data-end=\"2249\">Indirizzo postale<\/li>\n<li data-start=\"2252\" data-end=\"2268\">Indirizzo email<\/li>\n<li data-start=\"2271\" data-end=\"2292\">Numero di telefono<\/li>\n<li data-start=\"2295\" data-end=\"2365\">Informazioni su ordini e pagamenti (tramite fornitori sicuri)<\/li>\n<li data-start=\"2368\" data-end=\"2413\">Indirizzo IP e dati di navigazione (cookie)<\/li>\n<\/ul>\n<h3 data-start=\"2415\" data-end=\"2439\">3.2 Metodo di ritiro<\/h3>\n<p data-start=\"2441\" data-end=\"2492\">Questi dati vengono raccolti quando l'utente:<\/p>\n<ul>\n<li data-start=\"2496\" data-end=\"2528\">effettuare un ordine sul sito; ;<\/li>\n<li data-start=\"2531\" data-end=\"2554\">crea un account cliente; ;<\/li>\n<li data-start=\"2557\" data-end=\"2591\">compila un modulo di contatto; ;<\/li>\n<li data-start=\"2594\" data-end=\"2626\">cambio con il servizio clienti; ;<\/li>\n<li data-start=\"2629\" data-end=\"2659\">naviga sul sito (cookie).<\/li>\n<\/ul>\n<p>\u00a0<\/p>\n<hr data-start=\"2661\" data-end=\"2664\" \/>\n<h2 data-start=\"2666\" data-end=\"2704\">ARTICOLO 4 - FINALIT\u00c0 DEL TRATTAMENTO<\/h2>\n<p data-start=\"2706\" data-end=\"2766\">I dati personali sono utilizzati esclusivamente per:<\/p>\n<ul>\n<li data-start=\"2770\" data-end=\"2811\">il trattamento e il monitoraggio degli ordini; ;<\/li>\n<li data-start=\"2814\" data-end=\"2848\">la gestione delle relazioni con i clienti; ;<\/li>\n<li data-start=\"2851\" data-end=\"2882\">la fatturazione e il pagamento; ;<\/li>\n<li data-start=\"2885\" data-end=\"2912\">la consegna dei prodotti; ;<\/li>\n<li data-start=\"2915\" data-end=\"2967\">il servizio post-vendita e la gestione delle garanzie; ;<\/li>\n<li data-start=\"2970\" data-end=\"3014\">il miglioramento dell'esperienza utente; ;<\/li>\n<li data-start=\"3017\" data-end=\"3055\">la conformit\u00e0 agli obblighi legali.<\/li>\n<\/ul>\n<p data-start=\"3057\" data-end=\"3170\">Nessun dato viene utilizzato per scopi commerciali non previsti senza il consenso esplicito dell'utente.<\/p>\n<p data-start=\"3057\" data-end=\"3170\">\u00a0<\/p>\n<hr data-start=\"3172\" data-end=\"3175\" \/>\n<h2 data-start=\"3177\" data-end=\"3228\">ARTICOLO 5 \u2013 TRASMISSIONE DEI DATI A TERZI<\/h2>\n<p data-start=\"3230\" data-end=\"3365\">I dati personali possono essere trasmessi solo a terzi strettamente necessari per l'esecuzione dei servizi, in particolare:<\/p>\n<ul>\n<li data-start=\"3369\" data-end=\"3412\">fornitori di servizi di pagamento (Stripe, PayPal); ;<\/li>\n<li data-start=\"3415\" data-end=\"3457\">fornitori di logistica e consegna; ;<\/li>\n<li data-start=\"3460\" data-end=\"3479\">hosting del sito; ;<\/li>\n<li data-start=\"3482\" data-end=\"3523\">strumenti di analisi e di misurazione dell'audience.<\/li>\n<\/ul>\n<p data-start=\"3525\" data-end=\"3652\">Questi fornitori sono contrattualmente obbligati a rispettare la riservatezza e la sicurezza dei dati, in conformit\u00e0 al GDPR.<\/p>\n<p data-start=\"3654\" data-end=\"3739\">I dati non sono <strong data-start=\"3674\" data-end=\"3692\">mai vendute<\/strong> n\u00e9 cedute a terzi per scopi commerciali.<\/p>\n<p data-start=\"3654\" data-end=\"3739\">\u00a0<\/p>\n<hr data-start=\"3741\" data-end=\"3744\" \/>\n<h2 data-start=\"3746\" data-end=\"3784\">ARTICOLO 6 \u2013 CONSERVAZIONE DEI DATI<\/h2>\n<p data-start=\"3786\" data-end=\"3822\">Il sito M-Stickers \u00e8 ospitato da:<\/p>\n<ul>\n<li><strong data-start=\"3824\" data-end=\"3831\">OVH<\/strong><\/li>\n<\/ul>\n<p>I dati sono ospitati all'interno dell'Unione Europea o in paesi che offrono un livello di protezione adeguato ai sensi del GDPR.<\/p>\n<p>\u00a0<\/p>\n<hr data-start=\"3966\" data-end=\"3969\" \/>\n<h2 data-start=\"3971\" data-end=\"4011\">ARTICOLO 7 \u2013 TITOLARE DEL TRATTAMENTO<\/h2>\n<p data-start=\"4013\" data-end=\"4059\">Il responsabile del trattamento dei dati \u00e8:<\/p>\n<p data-start=\"4061\" data-end=\"4122\"><strong data-start=\"4061\" data-end=\"4081\">MSTKS HOLDING<\/strong><br data-start=\"4081\" data-end=\"4084\" \/>Operatore del marchio <strong data-start=\"4108\" data-end=\"4122\">M-Stickers<\/strong><\/p>\n<p data-start=\"4124\" data-end=\"4165\">Contatto:<br data-start=\"4133\" data-end=\"4136\" \/><img decoding=\"async\" class=\"emoji\" role=\"img\" draggable=\"false\" src=\"https:\/\/s.w.org\/images\/core\/emoji\/17.0.2\/svg\/1f4e7.svg\" alt=\"\ud83d\udce7\" \/> <strong data-start=\"4139\" data-end=\"4165\"><a class=\"decorated-link cursor-pointer\" rel=\"noopener\" data-start=\"4141\" data-end=\"4163\">contact@m-stickers.com<\/a><\/strong><\/p>\n<p data-start=\"4167\" data-end=\"4273\">Il titolare del trattamento determina le finalit\u00e0 e i mezzi del trattamento dei dati personali.<\/p>\n<p data-start=\"4167\" data-end=\"4273\">\u00a0<\/p>\n<hr data-start=\"4275\" data-end=\"4278\" \/>\n<h2 data-start=\"4280\" data-end=\"4328\">ARTICOLO 8 \u2013 DURATA DI CONSERVAZIONE DEI DATI<\/h2>\n<p data-start=\"4330\" data-end=\"4372\">I dati personali sono conservati:<\/p>\n<ul>\n<li data-start=\"4376\" data-end=\"4430\">per il tempo necessario all'esecuzione del contratto; ;<\/li>\n<li data-start=\"4433\" data-end=\"4531\">poi archiviate per una durata massima di <strong data-start=\"4475\" data-end=\"4484\">5 anni<\/strong> a fini legali, contabili o probatori.<\/li>\n<\/ul>\n<p data-start=\"4533\" data-end=\"4585\">Oltre questo, i dati vengono eliminati o resi anonimi.<\/p>\n<p data-start=\"4533\" data-end=\"4585\">\u00a0<\/p>\n<hr data-start=\"4587\" data-end=\"4590\" \/>\n<h2 data-start=\"4592\" data-end=\"4630\">ARTICOLO 9 \u2013 DIRITTI DEGLI UTENTI<\/h2>\n<p data-start=\"4632\" data-end=\"4697\">In conformit\u00e0 al GDPR, l'utente gode dei seguenti diritti:<\/p>\n<ul>\n<li data-start=\"4701\" data-end=\"4734\"><strong data-start=\"4701\" data-end=\"4718\">diritto di accesso<\/strong> ai suoi dati; ;<\/li>\n<li data-start=\"4737\" data-end=\"4765\"><strong data-start=\"4737\" data-end=\"4763\">diritto di rettifica<\/strong> ;<\/li>\n<li data-start=\"4768\" data-end=\"4794\"><strong data-start=\"4768\" data-end=\"4792\">diritto alla cancellazione<\/strong> ;<\/li>\n<li data-start=\"4797\" data-end=\"4838\"><strong data-start=\"4797\" data-end=\"4836\">diritto di limitazione del trattamento<\/strong> ;<\/li>\n<li data-start=\"4841\" data-end=\"4865\"><strong data-start=\"4841\" data-end=\"4863\">diritto di opposizione<\/strong> ;<\/li>\n<li data-start=\"4868\" data-end=\"4908\"><strong data-start=\"4868\" data-end=\"4894\">diritto alla portabilit\u00e0<\/strong> dati; ;<\/li>\n<li data-start=\"4911\" data-end=\"4963\"><strong data-start=\"4911\" data-end=\"4948\">diritto di revocare il proprio consenso<\/strong> in qualsiasi momento.<\/li>\n<\/ul>\n<p data-start=\"4965\" data-end=\"5052\">Per esercitare i suoi diritti, l'utente pu\u00f2 contattare:<br data-start=\"5020\" data-end=\"5023\" \/><img decoding=\"async\" class=\"emoji\" role=\"img\" draggable=\"false\" src=\"https:\/\/s.w.org\/images\/core\/emoji\/17.0.2\/svg\/1f4e7.svg\" alt=\"\ud83d\udce7\" \/> <strong data-start=\"5026\" data-end=\"5052\"><a class=\"decorated-link cursor-pointer\" rel=\"noopener\" data-start=\"5028\" data-end=\"5050\">contact@m-stickers.com<\/a><\/strong><\/p>\n<p data-start=\"5054\" data-end=\"5118\">Una risposta verr\u00e0 fornita entro un periodo massimo di <strong data-start=\"5105\" data-end=\"5117\">30 giorni<\/strong>.<\/p>\n<p data-start=\"5120\" data-end=\"5251\">L'utente pu\u00f2 anche presentare un reclamo all'autorit\u00e0 di controllo competente (CNIL o autorit\u00e0 equivalente).<\/p>\n<p data-start=\"5120\" data-end=\"5251\">\u00a0<\/p>\n<hr data-start=\"5253\" data-end=\"5256\" \/>\n<h2 data-start=\"5258\" data-end=\"5293\">ARTICOLO 10 \u2013 DATI DEI MINORI<\/h2>\n<p data-start=\"5295\" data-end=\"5439\">Il sito M-Stickers non \u00e8 destinato a persone di et\u00e0 inferiore a <strong data-start=\"5358\" data-end=\"5368\">15 anni<\/strong>.<br data-start=\"5369\" data-end=\"5372\" \/>Nessun dato personale di minori viene raccolto volontariamente.<\/p>\n<p data-start=\"5295\" data-end=\"5439\">\u00a0<\/p>\n<hr data-start=\"5441\" data-end=\"5444\" \/>\n<h2 data-start=\"5446\" data-end=\"5469\">ARTICOLO 11 \u2013 COOKIE<\/h2>\n<p data-start=\"5471\" data-end=\"5508\">Il nostro sito utilizza i cookie per:<\/p>\n<ul>\n<li data-start=\"5512\" data-end=\"5551\">assicurare il buon funzionamento del sito; ;<\/li>\n<li data-start=\"5554\" data-end=\"5604\">misurare il pubblico e migliorare le prestazioni; ;<\/li>\n<li data-start=\"5607\" data-end=\"5642\">migliorare l'esperienza dell'utente.<\/li>\n<\/ul>\n<p data-start=\"5644\" data-end=\"5751\">I cookie non essenziali sono soggetti a <strong data-start=\"5686\" data-end=\"5712\">consenso preventivo<\/strong> dell'utente tramite un banner dedicato.<\/p>\n<p data-start=\"5753\" data-end=\"5864\">L'utente pu\u00f2 in qualsiasi momento modificare le proprie preferenze tramite il proprio browser o lo strumento di gestione dei cookie.<\/p>\n<p data-start=\"5753\" data-end=\"5864\">\u00a0<\/p>\n<hr data-start=\"5866\" data-end=\"5869\" \/>\n<h2 data-start=\"5871\" data-end=\"5907\">ARTICOLO 12 \u2013 SICUREZZA DEI DATI<\/h2>\n<p data-start=\"5909\" data-end=\"6115\">Il sito \u00e8 protetto da un certificato SSL.<br data-start=\"5952\" data-end=\"5955\" \/>Vengono messe in atto misure tecniche e organizzative per proteggere i dati da qualsiasi perdita, alterazione, accesso o divulgazione non autorizzati.<\/p>\n<p data-start=\"5909\" data-end=\"6115\">\u00a0<\/p>\n<hr data-start=\"6117\" data-end=\"6120\" \/>\n<h2 data-start=\"6122\" data-end=\"6166\">ARTICOLO 13 \u2013 MODIFICA DELLA POLITICA<\/h2>\n<p data-start=\"6168\" data-end=\"6297\">La presente politica sulla privacy pu\u00f2 essere modificata in qualsiasi momento per rimanere conforme alle normative vigenti.<\/p>\n<p data-start=\"6299\" data-end=\"6358\">Gli utenti sono invitati a consultarla regolarmente.<\/p>\n<p><\/p>\t\t\t\t\t\t\t\t<\/div>\n\t\t\t\t<\/div>\n\t\t\t\t\t<\/div>\n\t\t<\/div>\n\t\t\t\t\t<\/div>\n\t\t<\/section>\n\t\t\t\t<\/div>","protected":false},"excerpt":{"rendered":"<p>POLITIQUE DE CONFIDENTIALIT\u00c9 Site : M-Stickers \u2013 www.m-stickers.com ARTICLE 1 \u2013 PR\u00c9AMBULE La pr\u00e9sente politique de confidentialit\u00e9 s\u2019applique au site internet www.m-stickers.com, exploit\u00e9 sous la marque M-Stickers.La marque M-Stickers est une marque commerciale exploit\u00e9e par la soci\u00e9t\u00e9 MSTKS HOLDING, ci-apr\u00e8s d\u00e9nomm\u00e9e \u00ab l\u2019\u00c9diteur \u00bb. Cette politique a pour objectif d\u2019informer les utilisateurs du site sur [&hellip;]<\/p>\n","protected":false},"author":1,"featured_media":0,"parent":0,"menu_order":0,"comment_status":"closed","ping_status":"closed","template":"","meta":{"footnotes":""},"class_list":["post-3","page","type-page","status-publish","hentry","entry","owp-thumbs-layout-horizontal","owp-btn-big","owp-tabs-layout-horizontal","has-no-thumbnails"],"ase":null,"_links":{"self":[{"href":"https:\/\/www.m-stickers.com\/it\/wp-json\/wp\/v2\/pages\/3","targetHints":{"allow":["GET"]}}],"collection":[{"href":"https:\/\/www.m-stickers.com\/it\/wp-json\/wp\/v2\/pages"}],"about":[{"href":"https:\/\/www.m-stickers.com\/it\/wp-json\/wp\/v2\/types\/page"}],"author":[{"embeddable":true,"href":"https:\/\/www.m-stickers.com\/it\/wp-json\/wp\/v2\/users\/1"}],"replies":[{"embeddable":true,"href":"https:\/\/www.m-stickers.com\/it\/wp-json\/wp\/v2\/comments?post=3"}],"version-history":[{"count":6,"href":"https:\/\/www.m-stickers.com\/it\/wp-json\/wp\/v2\/pages\/3\/revisions"}],"predecessor-version":[{"id":63932,"href":"https:\/\/www.m-stickers.com\/it\/wp-json\/wp\/v2\/pages\/3\/revisions\/63932"}],"wp:attachment":[{"href":"https:\/\/www.m-stickers.com\/it\/wp-json\/wp\/v2\/media?parent=3"}],"curies":[{"name":"Certo.","href":"https:\/\/api.w.org\/{rel}","templated":true}]}}