{"id":41478,"date":"2023-01-06T14:57:35","date_gmt":"2023-01-06T13:57:35","guid":{"rendered":"https:\/\/www.m-stickers.com\/?page_id=41478"},"modified":"2023-01-06T19:16:34","modified_gmt":"2023-01-06T18:16:34","slug":"coprire-adesivi-moto-m","status":"publish","type":"page","link":"https:\/\/www.m-stickers.com\/it\/covering-moto-m-stickers\/","title":{"rendered":"Coprendo adesivi moto M-Stickers"},"content":{"rendered":"<div data-elementor-type=\"wp-page\" data-elementor-id=\"41478\" class=\"elementor elementor-41478\" data-elementor-post-type=\"page\">\n\t\t\t\t\t\t<section class=\"elementor-section elementor-top-section elementor-element elementor-element-0a1408b elementor-section-boxed elementor-section-height-default elementor-section-height-default\" data-id=\"0a1408b\" data-element_type=\"section\" data-e-type=\"section\">\n\t\t\t\t\t\t<div class=\"elementor-container elementor-column-gap-default\">\n\t\t\t\t\t<div class=\"elementor-column elementor-col-100 elementor-top-column elementor-element elementor-element-7ab759e\" data-id=\"7ab759e\" data-element_type=\"column\" data-e-type=\"column\">\n\t\t\t<div class=\"elementor-widget-wrap elementor-element-populated\">\n\t\t\t\t\t\t<div class=\"elementor-element elementor-element-1da88e9 elementor-widget elementor-widget-heading\" data-id=\"1da88e9\" data-element_type=\"widget\" data-e-type=\"widget\" data-widget_type=\"heading.default\">\n\t\t\t\t<div class=\"elementor-widget-container\">\n\t\t\t\t\t<h1 class=\"elementor-heading-title elementor-size-xxl\">Coprendo moto<\/h1>\t\t\t\t<\/div>\n\t\t\t\t<\/div>\n\t\t\t\t<div class=\"elementor-element elementor-element-d94bdeb elementor-widget elementor-widget-heading\" data-id=\"d94bdeb\" data-element_type=\"widget\" data-e-type=\"widget\" data-widget_type=\"heading.default\">\n\t\t\t\t<div class=\"elementor-widget-container\">\n\t\t\t\t\t<h2 class=\"elementor-heading-title elementor-size-large\">100\u2009% Personalizzabile<\/h2>\t\t\t\t<\/div>\n\t\t\t\t<\/div>\n\t\t\t\t<div class=\"elementor-element elementor-element-ca69e9b elementor-widget elementor-widget-image\" data-id=\"ca69e9b\" data-element_type=\"widget\" data-e-type=\"widget\" data-widget_type=\"image.default\">\n\t\t\t\t<div class=\"elementor-widget-container\">\n\t\t\t\t\t\t\t\t\t\t\t\t\t\t\t<img fetchpriority=\"high\" decoding=\"async\" width=\"819\" height=\"1024\" src=\"https:\/\/www.m-stickers.com\/wp-content\/uploads\/2023\/01\/pexels-photo-10649676-819x1024.jpeg\" class=\"attachment-large size-large wp-image-41483\" alt=\"\" srcset=\"https:\/\/www.m-stickers.com\/wp-content\/uploads\/2023\/01\/pexels-photo-10649676-819x1024.jpeg 819w, https:\/\/www.m-stickers.com\/wp-content\/uploads\/2023\/01\/pexels-photo-10649676-240x300.jpeg 240w, https:\/\/www.m-stickers.com\/wp-content\/uploads\/2023\/01\/pexels-photo-10649676-768x960.jpeg 768w, https:\/\/www.m-stickers.com\/wp-content\/uploads\/2023\/01\/pexels-photo-10649676-scaled-600x750.jpeg 600w, https:\/\/www.m-stickers.com\/wp-content\/uploads\/2023\/01\/pexels-photo-10649676-1229x1536.jpeg 1229w, https:\/\/www.m-stickers.com\/wp-content\/uploads\/2023\/01\/pexels-photo-10649676-scaled.jpeg 1500w\" sizes=\"(max-width: 819px) 100vw, 819px\" \/>\t\t\t\t\t\t\t\t\t\t\t\t\t\t\t<\/div>\n\t\t\t\t<\/div>\n\t\t\t\t\t<\/div>\n\t\t<\/div>\n\t\t\t\t\t<\/div>\n\t\t<\/section>\n\t\t\t\t<section class=\"elementor-section elementor-top-section elementor-element elementor-element-10d8246 elementor-section-boxed elementor-section-height-default elementor-section-height-default\" data-id=\"10d8246\" data-element_type=\"section\" data-e-type=\"section\">\n\t\t\t\t\t\t<div class=\"elementor-container elementor-column-gap-default\">\n\t\t\t\t\t<div class=\"elementor-column elementor-col-50 elementor-top-column elementor-element elementor-element-63d29a9\" data-id=\"63d29a9\" data-element_type=\"column\" data-e-type=\"column\">\n\t\t\t<div class=\"elementor-widget-wrap elementor-element-populated\">\n\t\t\t\t\t\t<div class=\"elementor-element elementor-element-272284d elementor-widget elementor-widget-text-editor\" data-id=\"272284d\" data-element_type=\"widget\" data-e-type=\"widget\" data-widget_type=\"text-editor.default\">\n\t\t\t\t<div class=\"elementor-widget-container\">\n\t\t\t\t\t\t\t\t\t<p>Il covering per moto \u00e8 una tecnica di rivestimento superficiale che non richiede n\u00e9 carteggiatura n\u00e9 tempi di essiccazione durante l'applicazione, a differenza della verniciatura. Questa soluzione \u00e8 pratica, economica e garantisce un risultato impeccabile sulle moto. Pu\u00f2 essere utilizzata su tutti i tipi di moto, roadster, sportive, trail, motocross. Applicando questa \"seconda pelle\" sulle parti riverniciate, proteggerai il tuo veicolo a due ruote in modo ottimale e unico.<\/p>\t\t\t\t\t\t\t\t<\/div>\n\t\t\t\t<\/div>\n\t\t\t\t\t<\/div>\n\t\t<\/div>\n\t\t\t\t<div class=\"elementor-column elementor-col-50 elementor-top-column elementor-element elementor-element-77e832b\" data-id=\"77e832b\" data-element_type=\"column\" data-e-type=\"column\">\n\t\t\t<div class=\"elementor-widget-wrap elementor-element-populated\">\n\t\t\t\t\t\t<div class=\"elementor-element elementor-element-ba6e0e3 elementor-button-danger elementor-align-center elementor-widget elementor-widget-button\" data-id=\"ba6e0e3\" data-element_type=\"widget\" data-e-type=\"widget\" data-widget_type=\"button.default\">\n\t\t\t\t<div class=\"elementor-widget-container\">\n\t\t\t\t\t\t\t\t\t<div class=\"elementor-button-wrapper\">\n\t\t\t\t\t<a class=\"elementor-button elementor-button-link elementor-size-lg\" href=\"https:\/\/www.m-stickers.com\/it\/contatti\/\">\n\t\t\t\t\t\t<span class=\"elementor-button-content-wrapper\">\n\t\t\t\t\t\t\t\t\t<span class=\"elementor-button-text\">Contattaci<\/span>\n\t\t\t\t\t<\/span>\n\t\t\t\t\t<\/a>\n\t\t\t\t<\/div>\n\t\t\t\t\t\t\t\t<\/div>\n\t\t\t\t<\/div>\n\t\t\t\t\t<\/div>\n\t\t<\/div>\n\t\t\t\t\t<\/div>\n\t\t<\/section>\n\t\t\t\t<section class=\"elementor-section elementor-top-section elementor-element elementor-element-dc853a7 elementor-section-boxed elementor-section-height-default elementor-section-height-default\" data-id=\"dc853a7\" data-element_type=\"section\" data-e-type=\"section\" data-settings=\"{&quot;background_background&quot;:&quot;classic&quot;}\">\n\t\t\t\t\t\t<div class=\"elementor-container elementor-column-gap-default\">\n\t\t\t\t\t<div class=\"elementor-column elementor-col-100 elementor-top-column elementor-element elementor-element-5f2570c\" data-id=\"5f2570c\" data-element_type=\"column\" data-e-type=\"column\">\n\t\t\t<div class=\"elementor-widget-wrap elementor-element-populated\">\n\t\t\t\t\t\t<div class=\"elementor-element elementor-element-e36816c elementor-widget elementor-widget-heading\" data-id=\"e36816c\" data-element_type=\"widget\" data-e-type=\"widget\" data-widget_type=\"heading.default\">\n\t\t\t\t<div class=\"elementor-widget-container\">\n\t\t\t\t\t<h2 class=\"elementor-heading-title elementor-size-xl\">Moto copertura: creazioni senza limiti<\/h2>\t\t\t\t<\/div>\n\t\t\t\t<\/div>\n\t\t\t\t<div class=\"elementor-element elementor-element-f7519a6 elementor-widget-divider--view-line elementor-widget elementor-widget-divider\" data-id=\"f7519a6\" data-element_type=\"widget\" data-e-type=\"widget\" data-widget_type=\"divider.default\">\n\t\t\t\t<div class=\"elementor-widget-container\">\n\t\t\t\t\t\t\t<div class=\"elementor-divider\">\n\t\t\t<span class=\"elementor-divider-separator\">\n\t\t\t\t\t\t<\/span>\n\t\t<\/div>\n\t\t\t\t\t\t<\/div>\n\t\t\t\t<\/div>\n\t\t\t\t<div class=\"elementor-element elementor-element-978b3a2 elementor-widget elementor-widget-text-editor\" data-id=\"978b3a2\" data-element_type=\"widget\" data-e-type=\"widget\" data-widget_type=\"text-editor.default\">\n\t\t\t\t<div class=\"elementor-widget-container\">\n\t\t\t\t\t\t\t\t\t<p><span style=\"color: #ff0000;\"><span style=\"color: #ffffff;\">Da<\/span><strong> M-Stickers<\/strong><\/span> We offer a service of motorcycle covering creation and application, of course, <strong>100% personalizzabile<\/strong> ! Vuoi cambiare il colore e lo stile della tua moto rapidamente e a basso costo? <strong>Allora non esitate pi\u00f9 e affidateci il vostro progetto.<\/strong>\u00a0 Personalizzazione illimitata grazie a centinaia di colori, scelte di materiali e texture come:\u00a0<\/p><ul><li><strong>Colore unito<\/strong> Opaco, lucido, satinato, metallizzato, ecc.<\/li><li><strong>Effetto carbonio<\/strong>in rilievo!<\/li><li><strong>Copertine Stampabili<\/strong> per un look unico. Con infinite possibilit\u00e0 di creazione, immagini, motivi, illustrazioni. Lasciate parlare la vostra immaginazione.<\/li><li><strong>Camouflage mimetico<\/strong> For a discreet finish<\/li><li><strong>Olografico<\/strong> Per un risultato unico<\/li><\/ul><p style=\"text-align: center;\">Le possibilit\u00e0 sono ancora numerose. <a href=\"https:\/\/www.m-stickers.com\/it\/2023\/01\/06\/il-rivestimento-moto-una-personalizzazione-economica\/\"><strong>Scopri di pi\u00f9 qui!<\/strong><\/a><\/p>\t\t\t\t\t\t\t\t<\/div>\n\t\t\t\t<\/div>\n\t\t\t\t\t<\/div>\n\t\t<\/div>\n\t\t\t\t\t<\/div>\n\t\t<\/section>\n\t\t\t\t<section class=\"elementor-section elementor-top-section elementor-element elementor-element-63e121e elementor-section-boxed elementor-section-height-default elementor-section-height-default\" data-id=\"63e121e\" data-element_type=\"section\" data-e-type=\"section\">\n\t\t\t\t\t\t<div class=\"elementor-container elementor-column-gap-default\">\n\t\t\t\t\t<div class=\"elementor-column elementor-col-100 elementor-top-column elementor-element elementor-element-ef7d42e\" data-id=\"ef7d42e\" data-element_type=\"column\" data-e-type=\"column\">\n\t\t\t<div class=\"elementor-widget-wrap elementor-element-populated\">\n\t\t\t\t\t\t<div class=\"elementor-element elementor-element-2920a74 elementor-widget elementor-widget-heading\" data-id=\"2920a74\" data-element_type=\"widget\" data-e-type=\"widget\" data-widget_type=\"heading.default\">\n\t\t\t\t<div class=\"elementor-widget-container\">\n\t\t\t\t\t<h3 class=\"elementor-heading-title elementor-size-xxl\">Personalizza la tua moto<\/h3>\t\t\t\t<\/div>\n\t\t\t\t<\/div>\n\t\t\t\t<div class=\"elementor-element elementor-element-e307ce4 elementor-widget elementor-widget-heading\" data-id=\"e307ce4\" data-element_type=\"widget\" data-e-type=\"widget\" data-widget_type=\"heading.default\">\n\t\t\t\t<div class=\"elementor-widget-container\">\n\t\t\t\t\t<h3 class=\"elementor-heading-title elementor-size-large\">Con un wrapping <\/h3>\t\t\t\t<\/div>\n\t\t\t\t<\/div>\n\t\t\t\t<div class=\"elementor-element elementor-element-1744f5b elementor-widget elementor-widget-image\" data-id=\"1744f5b\" data-element_type=\"widget\" data-e-type=\"widget\" data-widget_type=\"image.default\">\n\t\t\t\t<div class=\"elementor-widget-container\">\n\t\t\t\t\t\t\t\t\t\t\t\t\t\t\t<img decoding=\"async\" width=\"1024\" height=\"683\" src=\"https:\/\/www.m-stickers.com\/wp-content\/uploads\/2023\/01\/pexels-photo-9166718-1024x683.jpeg\" class=\"attachment-large size-large wp-image-41486\" alt=\"\" srcset=\"https:\/\/www.m-stickers.com\/wp-content\/uploads\/2023\/01\/pexels-photo-9166718-1024x683.jpeg 1024w, https:\/\/www.m-stickers.com\/wp-content\/uploads\/2023\/01\/pexels-photo-9166718-600x400.jpeg 600w, https:\/\/www.m-stickers.com\/wp-content\/uploads\/2023\/01\/pexels-photo-9166718-300x200.jpeg 300w, https:\/\/www.m-stickers.com\/wp-content\/uploads\/2023\/01\/pexels-photo-9166718-768x512.jpeg 768w, https:\/\/www.m-stickers.com\/wp-content\/uploads\/2023\/01\/pexels-photo-9166718.jpeg 1124w\" sizes=\"(max-width: 1024px) 100vw, 1024px\" \/>\t\t\t\t\t\t\t\t\t\t\t\t\t\t\t<\/div>\n\t\t\t\t<\/div>\n\t\t\t\t<div class=\"elementor-element elementor-element-afab710 elementor-button-danger elementor-align-center elementor-widget elementor-widget-button\" data-id=\"afab710\" data-element_type=\"widget\" data-e-type=\"widget\" data-widget_type=\"button.default\">\n\t\t\t\t<div class=\"elementor-widget-container\">\n\t\t\t\t\t\t\t\t\t<div class=\"elementor-button-wrapper\">\n\t\t\t\t\t<a class=\"elementor-button elementor-button-link elementor-size-lg\" href=\"https:\/\/www.m-stickers.com\/it\/contatti\/\">\n\t\t\t\t\t\t<span class=\"elementor-button-content-wrapper\">\n\t\t\t\t\t\t\t\t\t<span class=\"elementor-button-text\">Richiedi un preventivo<\/span>\n\t\t\t\t\t<\/span>\n\t\t\t\t\t<\/a>\n\t\t\t\t<\/div>\n\t\t\t\t\t\t\t\t<\/div>\n\t\t\t\t<\/div>\n\t\t\t\t\t<\/div>\n\t\t<\/div>\n\t\t\t\t\t<\/div>\n\t\t<\/section>\n\t\t\t\t<section class=\"elementor-section elementor-top-section elementor-element elementor-element-c90e697 elementor-section-boxed elementor-section-height-default elementor-section-height-default\" data-id=\"c90e697\" data-element_type=\"section\" data-e-type=\"section\">\n\t\t\t\t\t\t<div class=\"elementor-container elementor-column-gap-default\">\n\t\t\t\t\t<div class=\"elementor-column elementor-col-100 elementor-top-column elementor-element elementor-element-19469c6\" data-id=\"19469c6\" data-element_type=\"column\" data-e-type=\"column\">\n\t\t\t<div class=\"elementor-widget-wrap elementor-element-populated\">\n\t\t\t\t\t\t<div class=\"elementor-element elementor-element-bd01d5e elementor-widget elementor-widget-heading\" data-id=\"bd01d5e\" data-element_type=\"widget\" data-e-type=\"widget\" data-widget_type=\"heading.default\">\n\t\t\t\t<div class=\"elementor-widget-container\">\n\t\t\t\t\t<h2 class=\"elementor-heading-title elementor-size-xl\">Un rivestimento professionale<\/h2>\t\t\t\t<\/div>\n\t\t\t\t<\/div>\n\t\t\t\t<div class=\"elementor-element elementor-element-333c663 elementor-widget elementor-widget-text-editor\" data-id=\"333c663\" data-element_type=\"widget\" data-e-type=\"widget\" data-widget_type=\"text-editor.default\">\n\t\t\t\t<div class=\"elementor-widget-container\">\n\t\t\t\t\t\t\t\t\t<p>Affidateci la creazione e l'applicazione del vostro rivestimento moto! Avete un'idea precisa, o semplicemente il desiderio di un rivestimento, vi accompagniamo nella realizzazione del vostro progetto con il nostro team di grafici e installatori professionisti!\u00a0<\/p><p>Parlateci del vostro progetto e vedremo insieme come realizzarlo secondo le vostre esigenze e il vostro budget. Dalla posa di un wrapping di un colore unico alla creazione e stampa di un design complesso ed esclusivo. Un team di professionisti sar\u00e0 a vostra disposizione per consigliarvi.<\/p>\t\t\t\t\t\t\t\t<\/div>\n\t\t\t\t<\/div>\n\t\t\t\t<div class=\"elementor-element elementor-element-10a3b50 elementor-widget-divider--view-line elementor-widget elementor-widget-divider\" data-id=\"10a3b50\" data-element_type=\"widget\" data-e-type=\"widget\" data-widget_type=\"divider.default\">\n\t\t\t\t<div class=\"elementor-widget-container\">\n\t\t\t\t\t\t\t<div class=\"elementor-divider\">\n\t\t\t<span class=\"elementor-divider-separator\">\n\t\t\t\t\t\t<\/span>\n\t\t<\/div>\n\t\t\t\t\t\t<\/div>\n\t\t\t\t<\/div>\n\t\t\t\t<div class=\"elementor-element elementor-element-dd28038 elementor-widget elementor-widget-heading\" data-id=\"dd28038\" data-element_type=\"widget\" data-e-type=\"widget\" data-widget_type=\"heading.default\">\n\t\t\t\t<div class=\"elementor-widget-container\">\n\t\t\t\t\t<h2 class=\"elementor-heading-title elementor-size-large\">Il vantaggio di un wrapping per moto<\/h2>\t\t\t\t<\/div>\n\t\t\t\t<\/div>\n\t\t\t\t<div class=\"elementor-element elementor-element-023f91c elementor-widget elementor-widget-text-editor\" data-id=\"023f91c\" data-element_type=\"widget\" data-e-type=\"widget\" data-widget_type=\"text-editor.default\">\n\t\t\t\t<div class=\"elementor-widget-container\">\n\t\t\t\t\t\t\t\t\t<p><strong>Il wrapping moto<\/strong> Offre numerosi vantaggi rispetto a una verniciatura completa o un kit di decorazione tradizionale.<\/p><ul><li>Innanzitutto, \u00e8 <strong>meno costoso<\/strong>soprattutto se desideri cambiare regolarmente il colore della tua moto.  Infatti, l'applicazione di un wrapping sulla tua moto \u00e8 molto facile da rimuovere e sostituire.<\/li><li>Inoltre, il wrapping \u00e8 una soluzione efficace per <strong>proteggere la vernice<\/strong> Originale del veicolo. La protegge da eventuali graffi e da variazioni di colore causate dal sole e dalle intemperie.<\/li><li><strong>La personalizzazione<\/strong> della tua moto \u00e8 anche un punto di forza considerevole. Grazie al wrapping, \u00e8 possibile creare qualsiasi design, forma, colore e sfumatura. Che si tratti di una tua idea o di una creazione unica dei nostri grafici.\u00a0<\/li><li><strong>Una giornata<\/strong>Questo \u00e8 il tempo necessario al nostro team per applicare un wrapping completo alla tua moto. Pu\u00f2 variare a seconda dei modelli e della complessit\u00e0 del parafango.<\/li><\/ul>\t\t\t\t\t\t\t\t<\/div>\n\t\t\t\t<\/div>\n\t\t\t\t<div class=\"elementor-element elementor-element-53e115c elementor-widget elementor-widget-heading\" data-id=\"53e115c\" data-element_type=\"widget\" data-e-type=\"widget\" data-widget_type=\"heading.default\">\n\t\t\t\t<div class=\"elementor-widget-container\">\n\t\t\t\t\t<h2 class=\"elementor-heading-title elementor-size-default\">Coprimoto a Lione<\/h2>\t\t\t\t<\/div>\n\t\t\t\t<\/div>\n\t\t\t\t<div class=\"elementor-element elementor-element-0466f5c elementor-widget elementor-widget-text-editor\" data-id=\"0466f5c\" data-element_type=\"widget\" data-e-type=\"widget\" data-widget_type=\"text-editor.default\">\n\t\t\t\t<div class=\"elementor-widget-container\">\n\t\t\t\t\t\t\t\t\t<p>Il nostro laboratorio M-Stickers si trova a Lione, \u00e8 possibile venire sul posto previo appuntamento per l'installazione. La vostra moto non verr\u00e0 tenuta per pi\u00f9 di un giorno. Il nostro team di installatori pu\u00f2 anche spostarsi a seconda dei casi.<\/p>\t\t\t\t\t\t\t\t<\/div>\n\t\t\t\t<\/div>\n\t\t\t\t<div class=\"elementor-element elementor-element-63acacc elementor-button-danger elementor-align-center elementor-widget elementor-widget-button\" data-id=\"63acacc\" data-element_type=\"widget\" data-e-type=\"widget\" data-widget_type=\"button.default\">\n\t\t\t\t<div class=\"elementor-widget-container\">\n\t\t\t\t\t\t\t\t\t<div class=\"elementor-button-wrapper\">\n\t\t\t\t\t<a class=\"elementor-button elementor-button-link elementor-size-md\" href=\"https:\/\/www.m-stickers.com\/it\/contatti\/\">\n\t\t\t\t\t\t<span class=\"elementor-button-content-wrapper\">\n\t\t\t\t\t\t\t\t\t<span class=\"elementor-button-text\">Contattaci<\/span>\n\t\t\t\t\t<\/span>\n\t\t\t\t\t<\/a>\n\t\t\t\t<\/div>\n\t\t\t\t\t\t\t\t<\/div>\n\t\t\t\t<\/div>\n\t\t\t\t<div class=\"elementor-element elementor-element-85982f6 elementor-widget-divider--view-line elementor-widget elementor-widget-divider\" data-id=\"85982f6\" data-element_type=\"widget\" data-e-type=\"widget\" data-widget_type=\"divider.default\">\n\t\t\t\t<div class=\"elementor-widget-container\">\n\t\t\t\t\t\t\t<div class=\"elementor-divider\">\n\t\t\t<span class=\"elementor-divider-separator\">\n\t\t\t\t\t\t<\/span>\n\t\t<\/div>\n\t\t\t\t\t\t<\/div>\n\t\t\t\t<\/div>\n\t\t\t\t<div class=\"elementor-element elementor-element-5a99296 elementor-widget elementor-widget-heading\" data-id=\"5a99296\" data-element_type=\"widget\" data-e-type=\"widget\" data-widget_type=\"heading.default\">\n\t\t\t\t<div class=\"elementor-widget-container\">\n\t\t\t\t\t<h3 class=\"elementor-heading-title elementor-size-large\">I nostri altri prodotti - adesivi moto<\/h3>\t\t\t\t<\/div>\n\t\t\t\t<\/div>\n\t\t\t\t<div class=\"elementor-element elementor-element-67b145d elementor-grid-3 elementor-grid-tablet-3 elementor-grid-mobile-2 elementor-products-grid elementor-wc-products elementor-widget elementor-widget-wc-categories\" data-id=\"67b145d\" data-element_type=\"widget\" data-e-type=\"widget\" data-widget_type=\"wc-categories.default\">\n\t\t\t\t<div class=\"elementor-widget-container\">\n\t\t\t\t\t<div class=\"woocommerce columns-3\">\r\n<ul class=\"products elementor-grid oceanwp-row clr grid tablet-col tablet-2-col mobile-col mobile-1-col infinite-scroll-wrap\">\r\n<li class=\"product-category product first col span_1_of_3\">\n\t<a aria-label=\"Visita categoria del prodotto Stickers Jante\" href=\"https:\/\/www.m-stickers.com\/it\/categorie-produit\/kits-stickers-jantes-moto-complet\/\" data-no-translation-aria-label=\"\"><div class=\"product-inner clr\"><div class=\"woo-entry-image clr\"><a href=\"https:\/\/www.m-stickers.com\/it\/categorie-produit\/kits-stickers-jantes-moto-complet\/\"><img decoding=\"async\" src=\"https:\/\/www.m-stickers.com\/wp-content\/uploads\/2021\/01\/liniature-Kit-deco-300x300.png\" alt=\"Decal per cerchione\" width=\"300\" height=\"300\" srcset=\"https:\/\/www.m-stickers.com\/wp-content\/uploads\/2021\/01\/liniature-Kit-deco-300x300.png 300w, https:\/\/www.m-stickers.com\/wp-content\/uploads\/2021\/01\/liniature-Kit-deco-100x100.png 100w, https:\/\/www.m-stickers.com\/wp-content\/uploads\/2021\/01\/liniature-Kit-deco-150x150.png 150w\" sizes=\"(max-width: 300px) 100vw, 300px\" \/><\/a><\/div><div class=\"woo-entry-inner clr\"><a href=\"https:\/\/www.m-stickers.com\/it\/categorie-produit\/kits-stickers-jantes-moto-complet\/\">\t\t<h2 class=\"woocommerce-loop-category__title\">\n\t\t\tDecal per cerchione <mark class=\"count\">(223)<\/mark>\t\t<\/h2>\n\t\t<\/a><div class=\"woo-desc\"><div class=\"description\">D\u00e9couvrez nos kits stickers jante Con\u00e7us en France, nos kits d\u00e9co jante moto, stickers et liserets de jante\u00a0sont uniques.&hellip;<\/div><\/div><\/div><\/div><\/a><\/li>\n<li class=\"product-category product col span_1_of_3\">\n\t<a aria-label=\"Visita categoria del prodotto Kit D\u00e9co\" href=\"https:\/\/www.m-stickers.com\/it\/categorie-produit\/kit-deco\/\" data-no-translation-aria-label=\"\"><div class=\"product-inner clr\"><div class=\"woo-entry-image clr\"><a href=\"https:\/\/www.m-stickers.com\/it\/categorie-produit\/kit-deco\/\"><img loading=\"lazy\" decoding=\"async\" src=\"https:\/\/www.m-stickers.com\/wp-content\/uploads\/2021\/11\/kit-deco-1-300x300.png\" alt=\"Kit adesivi\" width=\"300\" height=\"300\" srcset=\"https:\/\/www.m-stickers.com\/wp-content\/uploads\/2021\/11\/kit-deco-1-300x300.png 300w, https:\/\/www.m-stickers.com\/wp-content\/uploads\/2021\/11\/kit-deco-1-100x100.png 100w, https:\/\/www.m-stickers.com\/wp-content\/uploads\/2021\/11\/kit-deco-1-150x150.png 150w\" sizes=\"(max-width: 300px) 100vw, 300px\" \/><\/a><\/div><div class=\"woo-entry-inner clr\"><a href=\"https:\/\/www.m-stickers.com\/it\/categorie-produit\/kit-deco\/\">\t\t<h2 class=\"woocommerce-loop-category__title\">\n\t\t\tKit adesivi <mark class=\"count\">(29)<\/mark>\t\t<\/h2>\n\t\t<\/a><div class=\"woo-desc\"><div class=\"description\">M-Stickers cr\u00e9e et pose des covering uniques pour votre moto. Rendez-vous ici pour en savoir plus ! D\u00e9couvrez nos&hellip;<\/div><\/div><\/div><\/div><\/a><\/li>\n<li class=\"product-category product last col span_1_of_3\">\n\t<a aria-label=\"Visita categoria del prodotto Stickers casque\" href=\"https:\/\/www.m-stickers.com\/it\/categorie-produit\/destockage\/stickers-casque\/\" data-no-translation-aria-label=\"\"><div class=\"product-inner clr\"><div class=\"woo-entry-image clr\"><a href=\"https:\/\/www.m-stickers.com\/it\/categorie-produit\/destockage\/stickers-casque\/\"><img loading=\"lazy\" decoding=\"async\" src=\"https:\/\/www.m-stickers.com\/wp-content\/uploads\/2022\/07\/miniature-casque-300x300.webp\" alt=\"Decalcomanie casco\" width=\"300\" height=\"300\" srcset=\"https:\/\/www.m-stickers.com\/wp-content\/uploads\/2022\/07\/miniature-casque-300x300.png 300w, https:\/\/www.m-stickers.com\/wp-content\/uploads\/2022\/07\/miniature-casque-100x100.png 100w, https:\/\/www.m-stickers.com\/wp-content\/uploads\/2022\/07\/miniature-casque-150x150.webp 150w\" sizes=\"(max-width: 300px) 100vw, 300px\" \/><\/a><\/div><div class=\"woo-entry-inner clr\"><a href=\"https:\/\/www.m-stickers.com\/it\/categorie-produit\/destockage\/stickers-casque\/\">\t\t<h2 class=\"woocommerce-loop-category__title\">\n\t\t\tDecalcomanie casco <mark class=\"count\">(2)<\/mark>\t\t<\/h2>\n\t\t<\/a><div class=\"woo-desc\"><div class=\"description\">Svendita e promozioni sui nostri prodotti e adesivi per casco moto. Fino al -50%.<\/div><\/div><\/div><\/div><\/a><\/li>\n<\/ul>\n<\/div>\t\t\t\t<\/div>\n\t\t\t\t<\/div>\n\t\t\t\t\t<\/div>\n\t\t<\/div>\n\t\t\t\t\t<\/div>\n\t\t<\/section>\n\t\t\t\t<\/div>","protected":false},"excerpt":{"rendered":"<p>Covering moto 100\u2009% Personnalisable Le covering moto est une technique de rev\u00eatement de surface qui ne n\u00e9cessite ni pon\u00e7age ni temps de s\u00e9chage lors de son application, contrairement \u00e0 la peinture. Cette solution est pratique, \u00e9conomique et garantit un rendu impeccable sur les motos. Elle peut \u00eatre utilis\u00e9e sur tous types de moto, roadster, sportive, [&hellip;]<\/p>\n","protected":false},"author":1,"featured_media":0,"parent":0,"menu_order":0,"comment_status":"closed","ping_status":"closed","template":"","meta":{"footnotes":""},"class_list":["post-41478","page","type-page","status-publish","hentry","entry","owp-thumbs-layout-horizontal","owp-btn-big","owp-tabs-layout-horizontal","has-no-thumbnails"],"_links":{"self":[{"href":"https:\/\/www.m-stickers.com\/it\/wp-json\/wp\/v2\/pages\/41478","targetHints":{"allow":["GET"]}}],"collection":[{"href":"https:\/\/www.m-stickers.com\/it\/wp-json\/wp\/v2\/pages"}],"about":[{"href":"https:\/\/www.m-stickers.com\/it\/wp-json\/wp\/v2\/types\/page"}],"author":[{"embeddable":true,"href":"https:\/\/www.m-stickers.com\/it\/wp-json\/wp\/v2\/users\/1"}],"replies":[{"embeddable":true,"href":"https:\/\/www.m-stickers.com\/it\/wp-json\/wp\/v2\/comments?post=41478"}],"version-history":[{"count":0,"href":"https:\/\/www.m-stickers.com\/it\/wp-json\/wp\/v2\/pages\/41478\/revisions"}],"wp:attachment":[{"href":"https:\/\/www.m-stickers.com\/it\/wp-json\/wp\/v2\/media?parent=41478"}],"curies":[{"name":"Certo.","href":"https:\/\/api.w.org\/{rel}","templated":true}]}}