{"id":4264,"date":"2020-11-12T14:52:26","date_gmt":"2020-11-12T13:52:26","guid":{"rendered":"https:\/\/www.m-stickers.com\/?page_id=4264"},"modified":"2021-11-25T20:53:41","modified_gmt":"2021-11-25T19:53:41","slug":"boutique","status":"publish","type":"page","link":"https:\/\/www.m-stickers.com\/it\/boutique\/","title":{"rendered":"Boutique"},"content":{"rendered":"<p>Trova tutti i nostri adesivi per cerchioni unici e personalizzabili al 100%. Progettati in Francia, i nostri <strong>Kit adesivi decorativi<\/strong>\u00a0e\u00a0<strong>Decal per cerchi moto<\/strong>\u00a0 sono unici e\u00a0<strong>100% personalizzabili<\/strong>La nostra gamma di<strong>\u00a0Decals per cerchi<\/strong>\u00a0<strong>moto<\/strong>\u00a0Sono realizzati con i migliori vinili per offrirti il miglior adesivo possibile, per una lunga durata. La nostra collezione di\u00a0<strong>stickers moto<\/strong>\u00a0\u00e8 declinata per adattarsi perfettamente a qualsiasi tipo di utilizzo: sportivo, urbano, quotidiano.\u00a0<strong>Il kit adesivi<\/strong>\u00a0\u00c8 la finitura definitiva della tua moto che la render\u00e0 sia personale che unica! Qui troverai un'ampia scelta di modelli di\u00a0<strong>Kit adesivi moto<\/strong>\u00a0e<strong>\u00a0Cerchioni<\/strong>\u00a0Per un'ampia scelta di gamma di moto. Se il tuo modello di moto non \u00e8 presente o desideri realizzare un\u00a0<strong>Kit adesivi moto<\/strong> Su misura: non esitate a contattarci!<\/p>","protected":false},"excerpt":{"rendered":"<p>Retrouvez tous nos stickers de jantes uniques et 100% personnalisables. Con\u00e7us en France, nos kits d\u00e9co\u00a0et\u00a0stickers de jantes motos\u00a0 sont uniques et\u00a0100% personnalisables. Notre gamme de\u00a0stickers de jantes\u00a0motos\u00a0sont fabriqu\u00e9s \u00e0 partir des meilleurs vinyles dans le but de vous offrir le meilleur adh\u00e9sif possible pour une tenue longue dur\u00e9e. Notre collection de\u00a0stickers moto\u00a0est d\u00e9clin\u00e9e afin [&hellip;]<\/p>\n","protected":false},"author":1,"featured_media":0,"parent":0,"menu_order":0,"comment_status":"closed","ping_status":"closed","template":"elementor_canvas","meta":{"footnotes":""},"class_list":["post-4264","page","type-page","status-publish","hentry","entry","owp-thumbs-layout-horizontal","owp-btn-big","owp-tabs-layout-horizontal","has-no-thumbnails"],"ase":null,"_links":{"self":[{"href":"https:\/\/www.m-stickers.com\/it\/wp-json\/wp\/v2\/pages\/4264","targetHints":{"allow":["GET"]}}],"collection":[{"href":"https:\/\/www.m-stickers.com\/it\/wp-json\/wp\/v2\/pages"}],"about":[{"href":"https:\/\/www.m-stickers.com\/it\/wp-json\/wp\/v2\/types\/page"}],"author":[{"embeddable":true,"href":"https:\/\/www.m-stickers.com\/it\/wp-json\/wp\/v2\/users\/1"}],"replies":[{"embeddable":true,"href":"https:\/\/www.m-stickers.com\/it\/wp-json\/wp\/v2\/comments?post=4264"}],"version-history":[{"count":0,"href":"https:\/\/www.m-stickers.com\/it\/wp-json\/wp\/v2\/pages\/4264\/revisions"}],"wp:attachment":[{"href":"https:\/\/www.m-stickers.com\/it\/wp-json\/wp\/v2\/media?parent=4264"}],"curies":[{"name":"Certo.","href":"https:\/\/api.w.org\/{rel}","templated":true}]}}