{"id":51796,"date":"2023-12-18T09:10:53","date_gmt":"2023-12-18T08:10:53","guid":{"rendered":"https:\/\/www.m-stickers.com\/?page_id=51796"},"modified":"2024-02-16T10:42:31","modified_gmt":"2024-02-16T09:42:31","slug":"i-nostri-adesivi","status":"publish","type":"page","link":"https:\/\/www.m-stickers.com\/it\/nos-stickers\/","title":{"rendered":"I nostri Adesivi"},"content":{"rendered":"<div data-elementor-type=\"wp-page\" data-elementor-id=\"51796\" class=\"elementor elementor-51796\" data-elementor-post-type=\"page\">\n\t\t\t\t\t\t<section class=\"elementor-section elementor-top-section elementor-element elementor-element-7300698 elementor-section-boxed elementor-section-height-default elementor-section-height-default\" data-id=\"7300698\" data-element_type=\"section\" data-e-type=\"section\">\n\t\t\t\t\t\t<div class=\"elementor-container elementor-column-gap-default\">\n\t\t\t\t\t<div class=\"elementor-column elementor-col-100 elementor-top-column elementor-element elementor-element-f606333\" data-id=\"f606333\" data-element_type=\"column\" data-e-type=\"column\">\n\t\t\t<div class=\"elementor-widget-wrap elementor-element-populated\">\n\t\t\t\t\t\t<div class=\"elementor-element elementor-element-4d95971 elementor-widget elementor-widget-heading\" data-id=\"4d95971\" data-element_type=\"widget\" data-e-type=\"widget\" data-widget_type=\"heading.default\">\n\t\t\t\t<div class=\"elementor-widget-container\">\n\t\t\t\t\t<h2 class=\"elementor-heading-title elementor-size-default\">I nostri adesivi: Qualit\u00e0 eccezionale per una personalizzazione ineguagliabile!<\/h2>\t\t\t\t<\/div>\n\t\t\t\t<\/div>\n\t\t\t\t<div class=\"elementor-element elementor-element-fa4ad2c elementor-widget-divider--view-line elementor-widget elementor-widget-divider\" data-id=\"fa4ad2c\" data-element_type=\"widget\" data-e-type=\"widget\" data-widget_type=\"divider.default\">\n\t\t\t\t<div class=\"elementor-widget-container\">\n\t\t\t\t\t\t\t<div class=\"elementor-divider\">\n\t\t\t<span class=\"elementor-divider-separator\">\n\t\t\t\t\t\t<\/span>\n\t\t<\/div>\n\t\t\t\t\t\t<\/div>\n\t\t\t\t<\/div>\n\t\t\t\t<div class=\"elementor-element elementor-element-d912ebf elementor-widget elementor-widget-text-editor\" data-id=\"d912ebf\" data-element_type=\"widget\" data-e-type=\"widget\" data-widget_type=\"text-editor.default\">\n\t\t\t\t<div class=\"elementor-widget-container\">\n\t\t\t\t\t\t\t\t\t<p><span style=\"font-size: 17px; color: #ffffff;\"> <img decoding=\"async\" class=\"wp-image-53780 alignleft\" src=\"https:\/\/www.m-stickers.com\/wp-content\/uploads\/2024\/02\/Garantie_6_ans-300x300.png\" alt=\"\" width=\"109\" height=\"109\" srcset=\"https:\/\/www.m-stickers.com\/wp-content\/uploads\/2024\/02\/Garantie_6_ans-300x300.png 300w, https:\/\/www.m-stickers.com\/wp-content\/uploads\/2024\/02\/Garantie_6_ans-150x150.png 150w, https:\/\/www.m-stickers.com\/wp-content\/uploads\/2024\/02\/Garantie_6_ans-100x100.png 100w, https:\/\/www.m-stickers.com\/wp-content\/uploads\/2024\/02\/Garantie_6_ans.png 400w\" sizes=\"(max-width: 109px) 100vw, 109px\" \/>Noi di M-Stickers siamo orgogliosi di offrirti adesivi di qualit\u00e0 eccezionale, <b><u>Tutti i nostri adesivi sono garantiti per 6 anni!<\/u><\/b> progettati per esaltare la personalizzazione della tua moto. Ecco le specifiche tecniche dei nostri materiali principali, in modo che tu sappia esattamente cosa distingue i nostri adesivi:<\/span><\/p>\t\t\t\t\t\t\t\t<\/div>\n\t\t\t\t<\/div>\n\t\t\t\t<div class=\"elementor-element elementor-element-d9197ac elementor-widget elementor-widget-text-editor\" data-id=\"d9197ac\" data-element_type=\"widget\" data-e-type=\"widget\" data-widget_type=\"text-editor.default\">\n\t\t\t\t<div class=\"elementor-widget-container\">\n\t\t\t\t\t\t\t\t\t<ul><li style=\"list-style-type: none;\"><ul><li><span style=\"color: #ffffff;\"><strong>Vinile Adesivo Polimero Bianco Lucido \u2013 Permanente \/ Grigio \u2013 70\u00b5m<\/strong><\/span><\/li><\/ul><\/li><\/ul><p><span style=\"color: #ffffff;\"><em><span style=\"text-decoration: underline;\">Descrizione<\/span> :<\/em> Il nostro adesivo \u00e8 un polimero bianco lucido, dotato di un adesivo permanente grigio. \u00c8 appositamente progettato per applicazioni esterne, garantendo un'adesione ottimale su varie superfici, compresi i veicoli.<\/span><\/p><p style=\"text-align: left;\"><span style=\"color: #ffffff;\"><em>Caratteristiche:<\/em><\/span><\/p><ul><li style=\"list-style-type: none;\"><ul><li style=\"text-align: left;\"><span style=\"color: #ffffff;\">Adesivo: Permanente, acrilico avanzato, grigio<\/span><\/li><li style=\"text-align: left;\"><span style=\"color: #ffffff;\">Liner: Silicone-coated paper with PE, 140 g\/m\u00b2, white color.<\/span><\/li><li style=\"text-align: left;\"><span style=\"color: #ffffff;\">Spessore: 70 \u00b5m<\/span><\/li><li style=\"text-align: left;\"><span style=\"color: #ffffff;\">Durata: 7 anni<\/span><\/li><li style=\"text-align: left;\"><span style=\"color: #ffffff;\">Resistenza alla temperatura: da -30 \u00b0C a 90 \u00b0C<\/span><\/li><li style=\"text-align: left;\"><span style=\"color: #ffffff;\">Resistenza alle inchiostri: Solvente, Eco-Solvente, UV, Lattice<\/span><\/li><\/ul><\/li><\/ul><p><span style=\"color: #ffffff;\"><em><span style=\"text-decoration: underline;\">Consigli per l'utilizzo<\/span> :<\/em> I nostri adesivi in vinile polimerico sono adatti per l'applicazione su cerchi moto, piani o leggermente curvi. Facili da applicare grazie al loro adesivo di qualit\u00e0 e <a href=\"https:\/\/www.m-stickers.com\/it\/tutoriali\/\"><b>nostri tutoriali di applicazione<\/b><\/a>Garantiscono un'aderenza ottimale e una durata eccezionale, resistenti alle intemperie e agli UV.<\/span><\/p>\t\t\t\t\t\t\t\t<\/div>\n\t\t\t\t<\/div>\n\t\t\t\t<div class=\"elementor-element elementor-element-8f42db8 elementor-widget elementor-widget-image\" data-id=\"8f42db8\" data-element_type=\"widget\" data-e-type=\"widget\" data-widget_type=\"image.default\">\n\t\t\t\t<div class=\"elementor-widget-container\">\n\t\t\t\t\t\t\t\t\t\t\t\t\t\t\t<img fetchpriority=\"high\" decoding=\"async\" width=\"300\" height=\"225\" src=\"https:\/\/www.m-stickers.com\/wp-content\/uploads\/2022\/01\/387322839_1299213127625743_8525349191360558234_n-300x225.jpg\" class=\"attachment-medium size-medium wp-image-49457\" alt=\"\" srcset=\"https:\/\/www.m-stickers.com\/wp-content\/uploads\/2022\/01\/387322839_1299213127625743_8525349191360558234_n-300x225.jpg 300w, https:\/\/www.m-stickers.com\/wp-content\/uploads\/2022\/01\/387322839_1299213127625743_8525349191360558234_n-600x450.jpg 600w, https:\/\/www.m-stickers.com\/wp-content\/uploads\/2022\/01\/387322839_1299213127625743_8525349191360558234_n-768x576.jpg 768w, https:\/\/www.m-stickers.com\/wp-content\/uploads\/2022\/01\/387322839_1299213127625743_8525349191360558234_n.jpg 960w\" sizes=\"(max-width: 300px) 100vw, 300px\" \/>\t\t\t\t\t\t\t\t\t\t\t\t\t\t\t<\/div>\n\t\t\t\t<\/div>\n\t\t\t\t<div class=\"elementor-element elementor-element-4ff965b elementor-widget elementor-widget-text-editor\" data-id=\"4ff965b\" data-element_type=\"widget\" data-e-type=\"widget\" data-widget_type=\"text-editor.default\">\n\t\t\t\t<div class=\"elementor-widget-container\">\n\t\t\t\t\t\t\t\t\t<ul><li style=\"list-style-type: none;\">\u00a0<\/li><\/ul><div><span style=\"color: #ffffff;\"><b>\u00a0<\/b><\/span><\/div><hr \/><ul><li style=\"list-style-type: none;\"><ul><li><span style=\"color: #ffffff;\"><strong>Laminato Polimero Premium \u2013 Trasparente Lucido \u2013 70\u00b5m<\/strong><\/span><\/li><\/ul><\/li><\/ul><p><span style=\"color: #ffffff;\"><em><span style=\"text-decoration: underline;\">Descrizione<\/span> :<\/em> La laminazione \u00e8 una protezione aggiuntiva che applichiamo a tutti i nostri adesivi. \u00c8 un polimero lucido Premium. Composta da plastificanti polimerici non migratori e stabilizzatori UV specifici, offre una resistenza massima alla luce e un'eccellente durata all'esterno.<\/span><\/p><p><span style=\"color: #ffffff;\"><em>Caratteristiche:<\/em><\/span><\/p><ul><li style=\"list-style-type: none;\"><ul><li><span style=\"color: #ffffff;\">Adesivo: Permanente, acrilico a base solvente, trasparente<\/span><\/li><li><span style=\"color: #ffffff;\">Liner: Silicone-coated paper with PE, 140 g\/m\u00b2, white color.<\/span><\/li><li><span style=\"color: #ffffff;\">Spessore: 70 \u00b5m<\/span><\/li><li><span style=\"color: #ffffff;\">Durata: 8 anni<\/span><\/li><li><span style=\"color: #ffffff;\">Resistenza alla temperatura: da -30 \u00b0C a 90 \u00b0C<\/span><\/li><\/ul><\/li><\/ul><p><span style=\"color: #ffffff;\"><em><span style=\"text-decoration: underline;\">Consigli per l'utilizzo<\/span> :<\/em> La nostra laminazione polimerica Premium \u00e8 progettata per prolungare la durata dei vostri stickers garantendo una protezione ottimale. Trasparente e lucida o opaca, offre una finitura impeccabile garantendo al contempo un'eccezionale resistenza alle condizioni esterne.<\/span><\/p>\t\t\t\t\t\t\t\t<\/div>\n\t\t\t\t<\/div>\n\t\t\t\t<div class=\"elementor-element elementor-element-f926ec1 elementor-widget elementor-widget-image\" data-id=\"f926ec1\" data-element_type=\"widget\" data-e-type=\"widget\" data-widget_type=\"image.default\">\n\t\t\t\t<div class=\"elementor-widget-container\">\n\t\t\t\t\t\t\t\t\t\t\t\t\t\t\t<img decoding=\"async\" width=\"150\" height=\"150\" src=\"https:\/\/www.m-stickers.com\/wp-content\/uploads\/2023\/12\/512ej05XmkL-150x150.jpg\" class=\"attachment-thumbnail size-thumbnail wp-image-51842\" alt=\"\" srcset=\"https:\/\/www.m-stickers.com\/wp-content\/uploads\/2023\/12\/512ej05XmkL-150x150.jpg 150w, https:\/\/www.m-stickers.com\/wp-content\/uploads\/2023\/12\/512ej05XmkL-300x297.jpg 300w, https:\/\/www.m-stickers.com\/wp-content\/uploads\/2023\/12\/512ej05XmkL-100x100.jpg 100w, https:\/\/www.m-stickers.com\/wp-content\/uploads\/2023\/12\/512ej05XmkL-600x600.jpg 600w, https:\/\/www.m-stickers.com\/wp-content\/uploads\/2023\/12\/512ej05XmkL-1024x1015.jpg 1024w, https:\/\/www.m-stickers.com\/wp-content\/uploads\/2023\/12\/512ej05XmkL-768x761.jpg 768w, https:\/\/www.m-stickers.com\/wp-content\/uploads\/2023\/12\/512ej05XmkL.jpg 1500w\" sizes=\"(max-width: 150px) 100vw, 150px\" \/>\t\t\t\t\t\t\t\t\t\t\t\t\t\t\t<\/div>\n\t\t\t\t<\/div>\n\t\t\t\t<div class=\"elementor-element elementor-element-eae01c1 elementor-widget elementor-widget-text-editor\" data-id=\"eae01c1\" data-element_type=\"widget\" data-e-type=\"widget\" data-widget_type=\"text-editor.default\">\n\t\t\t\t<div class=\"elementor-widget-container\">\n\t\t\t\t\t\t\t\t\t<ul><li style=\"list-style-type: none;\">\u00a0<\/li><\/ul><div><span style=\"color: #ffffff;\"><b>\u00a0<\/b><\/span><\/div><hr \/><ul><li style=\"list-style-type: none;\"><ul><li><span style=\"color: #ffffff;\"><strong>Laminato Ultra Resistente \u2013 Trasparente Lucido \u2013 305\u00b5m<\/strong><\/span><\/li><\/ul><\/li><\/ul><p><span style=\"color: #ffffff;\"><em style=\"font-family: Roboto, sans-serif; font-size: 17px; font-variant-ligatures: normal; font-variant-caps: normal; font-weight: 400;\"><span style=\"font-size: 17px;\">Descrizione<\/span>\u00a0:<\/em><span style=\"font-family: Roboto, sans-serif; font-size: 17px; font-style: normal; font-variant-ligatures: normal; font-variant-caps: normal; font-weight: 400;\">\u00a0<\/span>Our thick lamination is the ideal solution for <a href=\"https:\/\/www.m-stickers.com\/it\/product-category\/kit-decorazione\/\"><b>Kit adesivi carena<\/b><\/a> esposta a un'abrasione intensa. Offre una barriera estremamente duratura, proteggendo gli stickers e le grafiche pur mantenendo una chiarezza eccezionale.\u00a0<span style=\"font-size: 17px;\">La pellicola protettiva \u00e8 ideale per tutte le superfici leggermente curve e pu\u00f2 essere utilizzata su varie parti della moto.<\/span><\/span><\/p><p><span style=\"color: #ffffff;\"><em>Caratteristiche:<\/em><\/span><\/p><ul><li style=\"list-style-type: none;\"><ul><li><span style=\"color: #ffffff;\">Spessore: 305 \u00b5m<\/span><\/li><li><span style=\"color: #ffffff;\">Adesivo: Permanente, aderenza elevata, acrilico a base solvente<\/span><\/li><li><span style=\"color: #ffffff;\">Liner: Liner sintetico trasparente<\/span><\/li><li><span style=\"color: #ffffff;\">Temperatura di applicazione: da 10 \u00b0C a 26 \u00b0C<\/span><\/li><li><span style=\"color: #ffffff;\">Resistenza alla temperatura: da -40 \u00b0C a 80 \u00b0C<\/span><\/li><li><span style=\"color: #ffffff;\">Durata: 8 anni<\/span><\/li><\/ul><\/li><\/ul>\t\t\t\t\t\t\t\t<\/div>\n\t\t\t\t<\/div>\n\t\t\t\t<div class=\"elementor-element elementor-element-ca6aaa2 elementor-widget elementor-widget-image\" data-id=\"ca6aaa2\" data-element_type=\"widget\" data-e-type=\"widget\" data-widget_type=\"image.default\">\n\t\t\t\t<div class=\"elementor-widget-container\">\n\t\t\t\t\t\t\t\t\t\t\t\t\t\t\t<img loading=\"lazy\" decoding=\"async\" width=\"298\" height=\"300\" src=\"https:\/\/www.m-stickers.com\/wp-content\/uploads\/2023\/12\/eba5b8dcc45d7467f47150c37fb23ac1-298x300.jpg\" class=\"attachment-medium size-medium wp-image-51843\" alt=\"\" srcset=\"https:\/\/www.m-stickers.com\/wp-content\/uploads\/2023\/12\/eba5b8dcc45d7467f47150c37fb23ac1-298x300.jpg 298w, https:\/\/www.m-stickers.com\/wp-content\/uploads\/2023\/12\/eba5b8dcc45d7467f47150c37fb23ac1-100x100.jpg 100w, https:\/\/www.m-stickers.com\/wp-content\/uploads\/2023\/12\/eba5b8dcc45d7467f47150c37fb23ac1-600x603.jpg 600w, https:\/\/www.m-stickers.com\/wp-content\/uploads\/2023\/12\/eba5b8dcc45d7467f47150c37fb23ac1-150x150.jpg 150w, https:\/\/www.m-stickers.com\/wp-content\/uploads\/2023\/12\/eba5b8dcc45d7467f47150c37fb23ac1-768x772.jpg 768w, https:\/\/www.m-stickers.com\/wp-content\/uploads\/2023\/12\/eba5b8dcc45d7467f47150c37fb23ac1.jpg 886w\" sizes=\"(max-width: 298px) 100vw, 298px\" \/>\t\t\t\t\t\t\t\t\t\t\t\t\t\t\t<\/div>\n\t\t\t\t<\/div>\n\t\t\t\t<div class=\"elementor-element elementor-element-f97bb3f elementor-widget elementor-widget-text-editor\" data-id=\"f97bb3f\" data-element_type=\"widget\" data-e-type=\"widget\" data-widget_type=\"text-editor.default\">\n\t\t\t\t<div class=\"elementor-widget-container\">\n\t\t\t\t\t\t\t\t\t<ul>\n<li style=\"list-style-type: none;\">&nbsp;<\/li>\n<\/ul>\n<hr>\n<ul>\n<li style=\"list-style-type: none;\">\n<ul>\n<li><span style=\"color: #ffffff;\"><strong>Facile da Applicare con Strisce Applicatore e Tutorial Dettagliati:<\/strong><\/span><\/li>\n<\/ul>\n<\/li>\n<\/ul>\n<p><span style=\"color: #ffffff;\">Noi di M-Stickers, la soddisfazione dei nostri clienti \u00e8 fondamentale. Per questo abbiamo incluso un nastro applicatore ad ogni ordine per facilitare l'applicazione dei vostri stickers. Inoltre, <a href=\"https:\/\/www.m-stickers.com\/it\/tutoriali\/\"><b>I nostri tutorial dettagliati<\/b><\/a> ti guideranno passo dopo passo per un'applicazione impeccabile.<\/span><\/p>\n<ul>\n<li style=\"list-style-type: none;\">\n<ul>\n<li><span style=\"color: #ffffff;\"><strong>Effetti adesivi disponibili:<\/strong><\/span><\/li>\n<\/ul>\n<\/li>\n<\/ul>\n<p><span style=\"color: #ffffff;\">Scopri la nostra gamma diversificata di effetti materici per risultati unici:<\/span><\/p>\n<ul>\n<li style=\"list-style-type: none;\">\n<ul>\n<li><span style=\"color: #ffffff;\">Splendido<\/span><\/li>\n<li><span style=\"color: #ffffff;\">Materie<\/span><\/li>\n<li><span style=\"color: #ffffff;\">Olografico<\/span><\/li>\n<li><span style=\"color: #ffffff;\">Riflettenti<\/span><\/li>\n<li><span style=\"color: #ffffff;\">Trasparente<\/span><\/li>\n<li><span style=\"color: #ffffff;\">\u2026<\/span><\/li>\n<\/ul>\n<\/li>\n<\/ul>\n<p><span style=\"color: #ffffff;\">Per saperne di pi\u00f9 sui nostri diversi effetti, <a href=\"https:\/\/www.m-stickers.com\/it\/our-sticker-effects\/\"><b>consulta la nostra pagina dedicata agli Effetti degli adesivi.<\/b><\/a><\/span><\/p>\n<hr>\n<p style=\"text-align: center;\"><span style=\"color: #ffffff;\">Esprimiti con M-Stickers e trasforma la tua moto grazie ai nostri adesivi di qualit\u00e0 eccezionale!<\/span><\/p>\t\t\t\t\t\t\t\t<\/div>\n\t\t\t\t<\/div>\n\t\t\t\t\t<\/div>\n\t\t<\/div>\n\t\t\t\t\t<\/div>\n\t\t<\/section>\n\t\t\t\t<\/div>","protected":false},"excerpt":{"rendered":"<p>Nos Stickers : Qualit\u00e9 Exceptionnelle pour une Personnalisation Incomparable ! Chez M-Stickers, nous sommes fiers de vous offrir des stickers d&rsquo;une qualit\u00e9 exceptionnelle, tous nos stickers sont garantis pour une dur\u00e9e de 6 ans ! con\u00e7us pour sublimer la personnalisation de votre moto. Voici les sp\u00e9cifications techniques de nos principaux mat\u00e9riaux pour que vous sachiez [&hellip;]<\/p>\n","protected":false},"author":1,"featured_media":0,"parent":0,"menu_order":0,"comment_status":"closed","ping_status":"closed","template":"","meta":{"footnotes":""},"class_list":["post-51796","page","type-page","status-publish","hentry","entry","owp-thumbs-layout-horizontal","owp-btn-big","owp-tabs-layout-horizontal","has-no-thumbnails"],"ase":null,"_links":{"self":[{"href":"https:\/\/www.m-stickers.com\/it\/wp-json\/wp\/v2\/pages\/51796","targetHints":{"allow":["GET"]}}],"collection":[{"href":"https:\/\/www.m-stickers.com\/it\/wp-json\/wp\/v2\/pages"}],"about":[{"href":"https:\/\/www.m-stickers.com\/it\/wp-json\/wp\/v2\/types\/page"}],"author":[{"embeddable":true,"href":"https:\/\/www.m-stickers.com\/it\/wp-json\/wp\/v2\/users\/1"}],"replies":[{"embeddable":true,"href":"https:\/\/www.m-stickers.com\/it\/wp-json\/wp\/v2\/comments?post=51796"}],"version-history":[{"count":20,"href":"https:\/\/www.m-stickers.com\/it\/wp-json\/wp\/v2\/pages\/51796\/revisions"}],"predecessor-version":[{"id":53783,"href":"https:\/\/www.m-stickers.com\/it\/wp-json\/wp\/v2\/pages\/51796\/revisions\/53783"}],"wp:attachment":[{"href":"https:\/\/www.m-stickers.com\/it\/wp-json\/wp\/v2\/media?parent=51796"}],"curies":[{"name":"Certo.","href":"https:\/\/api.w.org\/{rel}","templated":true}]}}