{"id":59550,"date":"2024-09-05T11:53:28","date_gmt":"2024-09-05T09:53:28","guid":{"rendered":"https:\/\/www.m-stickers.com\/?page_id=59550"},"modified":"2024-09-05T11:58:11","modified_gmt":"2024-09-05T09:58:11","slug":"categoria-configuratore-benelli","status":"publish","type":"page","link":"https:\/\/www.m-stickers.com\/it\/categorie-configurator-benelli\/","title":{"rendered":"Configurazione Benelli"},"content":{"rendered":"\t\t<div data-elementor-type=\"wp-page\" data-elementor-id=\"59550\" class=\"elementor elementor-59550\" data-elementor-post-type=\"page\">\n\t\t\t\t\t\t<section class=\"elementor-section elementor-top-section elementor-element elementor-element-379d8db8 elementor-section-boxed elementor-section-height-default elementor-section-height-default\" data-id=\"379d8db8\" data-element_type=\"section\" data-e-type=\"section\">\n\t\t\t\t\t\t<div class=\"elementor-container elementor-column-gap-default\">\n\t\t\t\t\t<div class=\"elementor-column elementor-col-20 elementor-top-column elementor-element elementor-element-2089f0e5\" data-id=\"2089f0e5\" data-element_type=\"column\" data-e-type=\"column\">\n\t\t\t<div class=\"elementor-widget-wrap elementor-element-populated\">\n\t\t\t\t\t\t<div class=\"elementor-element elementor-element-f956a4e elementor-widget elementor-widget-heading\" data-id=\"f956a4e\" data-element_type=\"widget\" data-e-type=\"widget\" data-widget_type=\"heading.default\">\n\t\t\t\t<div class=\"elementor-widget-container\">\n\t\t\t\t\t<h1 class=\"elementor-heading-title elementor-size-default\">Configurateur<\/h1>\t\t\t\t<\/div>\n\t\t\t\t<\/div>\n\t\t\t\t<div class=\"elementor-element elementor-element-2168e52 elementor-widget elementor-widget-image\" data-id=\"2168e52\" data-element_type=\"widget\" data-e-type=\"widget\" data-widget_type=\"image.default\">\n\t\t\t\t<div class=\"elementor-widget-container\">\n\t\t\t\t\t\t\t\t\t\t\t\t\t\t\t<img fetchpriority=\"high\" decoding=\"async\" width=\"600\" height=\"400\" src=\"https:\/\/www.m-stickers.com\/wp-content\/uploads\/2024\/09\/Benelli.png\" class=\"attachment-large size-large wp-image-59454\" alt=\"\" srcset=\"https:\/\/www.m-stickers.com\/wp-content\/uploads\/2024\/09\/Benelli.png 600w, https:\/\/www.m-stickers.com\/wp-content\/uploads\/2024\/09\/Benelli-300x200.png 300w\" sizes=\"(max-width: 600px) 100vw, 600px\" \/>\t\t\t\t\t\t\t\t\t\t\t\t\t\t\t<\/div>\n\t\t\t\t<\/div>\n\t\t\t\t<div class=\"elementor-element elementor-element-a282136 elementor-widget elementor-widget-heading\" data-id=\"a282136\" data-element_type=\"widget\" data-e-type=\"widget\" data-widget_type=\"heading.default\">\n\t\t\t\t<div class=\"elementor-widget-container\">\n\t\t\t\t\t<h1 class=\"elementor-heading-title elementor-size-default\">Personnalisez vos stickers de jantes Benelli<\/h1>\t\t\t\t<\/div>\n\t\t\t\t<\/div>\n\t\t\t\t\t<\/div>\n\t\t<\/div>\n\t\t\t\t<div class=\"elementor-column elementor-col-20 elementor-top-column elementor-element elementor-element-462ed814\" data-id=\"462ed814\" data-element_type=\"column\" data-e-type=\"column\" data-settings=\"{&quot;background_background&quot;:&quot;classic&quot;}\">\n\t\t\t<div class=\"elementor-widget-wrap\">\n\t\t\t\t\t\t\t<\/div>\n\t\t<\/div>\n\t\t\t\t<div class=\"elementor-column elementor-col-20 elementor-top-column elementor-element elementor-element-7c3aaed3\" data-id=\"7c3aaed3\" data-element_type=\"column\" data-e-type=\"column\" data-settings=\"{&quot;background_background&quot;:&quot;gradient&quot;}\">\n\t\t\t<div class=\"elementor-widget-wrap\">\n\t\t\t\t\t\t\t<\/div>\n\t\t<\/div>\n\t\t\t\t<div class=\"elementor-column elementor-col-20 elementor-top-column elementor-element elementor-element-77973a3f\" data-id=\"77973a3f\" data-element_type=\"column\" data-e-type=\"column\">\n\t\t\t<div class=\"elementor-widget-wrap elementor-element-populated\">\n\t\t\t\t\t\t<div class=\"elementor-element elementor-element-0c84686 elementor-widget elementor-widget-heading\" data-id=\"0c84686\" data-element_type=\"widget\" data-e-type=\"widget\" data-widget_type=\"heading.default\">\n\t\t\t\t<div class=\"elementor-widget-container\">\n\t\t\t\t\t<h2 class=\"elementor-heading-title elementor-size-default\"><a href=\"https:\/\/www.m-stickers.com\/configurator\/configure\/59302\/\">Leoncino<\/a><\/h2>\t\t\t\t<\/div>\n\t\t\t\t<\/div>\n\t\t\t\t\t<\/div>\n\t\t<\/div>\n\t\t\t\t<div class=\"elementor-column elementor-col-20 elementor-top-column elementor-element elementor-element-100c2529\" data-id=\"100c2529\" data-element_type=\"column\" data-e-type=\"column\">\n\t\t\t<div class=\"elementor-widget-wrap\">\n\t\t\t\t\t\t\t<\/div>\n\t\t<\/div>\n\t\t\t\t\t<\/div>\n\t\t<\/section>\n\t\t\t\t<section class=\"elementor-section elementor-top-section elementor-element elementor-element-f1b983d elementor-section-boxed elementor-section-height-default elementor-section-height-default\" data-id=\"f1b983d\" data-element_type=\"section\" data-e-type=\"section\">\n\t\t\t\t\t\t<div class=\"elementor-container elementor-column-gap-default\">\n\t\t\t\t\t<div class=\"elementor-column elementor-col-100 elementor-top-column elementor-element elementor-element-0c3e397\" data-id=\"0c3e397\" data-element_type=\"column\" data-e-type=\"column\">\n\t\t\t<div class=\"elementor-widget-wrap elementor-element-populated\">\n\t\t\t\t\t\t<div class=\"elementor-element elementor-element-97da38d elementor-widget elementor-widget-heading\" data-id=\"97da38d\" data-element_type=\"widget\" data-e-type=\"widget\" data-widget_type=\"heading.default\">\n\t\t\t\t<div class=\"elementor-widget-container\">\n\t\t\t\t\t<h2 class=\"elementor-heading-title elementor-size-large\"><a href=\"https:\/\/www.m-stickers.com\/produit\/ta-moto-nest-pas-referencee\/\">Votre moto n\u2019est pas r\u00e9f\u00e9renc\u00e9e ?<\/a><\/h2>\t\t\t\t<\/div>\n\t\t\t\t<\/div>\n\t\t\t\t<div class=\"elementor-element elementor-element-9317201 elementor-button-danger elementor-align-center elementor-widget elementor-widget-button\" data-id=\"9317201\" data-element_type=\"widget\" data-e-type=\"widget\" data-widget_type=\"button.default\">\n\t\t\t\t<div class=\"elementor-widget-container\">\n\t\t\t\t\t\t\t\t\t<div class=\"elementor-button-wrapper\">\n\t\t\t\t\t<a class=\"elementor-button elementor-button-link elementor-size-sm\" href=\"https:\/\/www.m-stickers.com\/produit\/ta-moto-nest-pas-referencee\/\">\n\t\t\t\t\t\t<span class=\"elementor-button-content-wrapper\">\n\t\t\t\t\t\t\t\t\t<span class=\"elementor-button-text\">Cliquez ici !<\/span>\n\t\t\t\t\t<\/span>\n\t\t\t\t\t<\/a>\n\t\t\t\t<\/div>\n\t\t\t\t\t\t\t\t<\/div>\n\t\t\t\t<\/div>\n\t\t\t\t\t<\/div>\n\t\t<\/div>\n\t\t\t\t\t<\/div>\n\t\t<\/section>\n\t\t\t\t<section class=\"elementor-section elementor-top-section elementor-element elementor-element-4f05d05 elementor-section-boxed elementor-section-height-default elementor-section-height-default\" data-id=\"4f05d05\" data-element_type=\"section\" data-e-type=\"section\">\n\t\t\t\t\t\t<div class=\"elementor-container elementor-column-gap-default\">\n\t\t\t\t\t<div class=\"elementor-column elementor-col-100 elementor-top-column elementor-element elementor-element-3bb5ca1\" data-id=\"3bb5ca1\" data-element_type=\"column\" data-e-type=\"column\">\n\t\t\t<div class=\"elementor-widget-wrap elementor-element-populated\">\n\t\t\t\t\t\t<div class=\"elementor-element elementor-element-f6b91cc elementor-widget-divider--view-line elementor-widget elementor-widget-divider\" data-id=\"f6b91cc\" data-element_type=\"widget\" data-e-type=\"widget\" data-widget_type=\"divider.default\">\n\t\t\t\t<div class=\"elementor-widget-container\">\n\t\t\t\t\t\t\t<div class=\"elementor-divider\">\n\t\t\t<span class=\"elementor-divider-separator\">\n\t\t\t\t\t\t<\/span>\n\t\t<\/div>\n\t\t\t\t\t\t<\/div>\n\t\t\t\t<\/div>\n\t\t\t\t<div class=\"elementor-element elementor-element-4e0744e elementor-widget elementor-widget-text-editor\" data-id=\"4e0744e\" data-element_type=\"widget\" data-e-type=\"widget\" data-widget_type=\"text-editor.default\">\n\t\t\t\t<div class=\"elementor-widget-container\">\n\t\t\t\t\t\t\t\t\t<h1>Rendez votre moto unique avec des stickers jantes moto Benelli<\/h1>\nTransformez rapidement et \u00e0 un prix comp\u00e9titif votre moto gr\u00e2ce \u00e0 nos <strong>stickers jantes moto Benelli<\/strong> r\u00e9sistants et durables. \nD\u00e9couvrez des stickers pour jantes moto, ainsi que des <a href=\"https:\/\/www.m-stickers.com\/categorie-produit\/liserets-jantes-moto\/\">liserets<\/a> ou des kits complets pour <strong>personnaliser<\/strong> votre Benelli.\n\nLes d\u00e9tails font toute la diff\u00e9rence ! Parfaits pour vous d\u00e9marquer, nos stickers sont <strong>enti\u00e8rement personnalisables<\/strong> afin de satisfaire toutes vos envies.\nOptez pour notre <a href=\"https:\/\/www.m-stickers.com\/categorie-produit\/kits-stickers-jantes-moto-complet\/benelli\/\">kit<\/a> pr\u00e9-configur\u00e9 o\u00f9 vous pouvez ajuster les couleurs, ou allez plus loin avec notre <a href=\"https:\/\/www.m-stickers.com\/categorie-configurator-benelli\/\">configurateur<\/a> pour cr\u00e9er votre design de A \u00e0 Z. Visualisez en <strong>temps r\u00e9el<\/strong> les modifications.\n\nPersonnalisez :\n<ul>\n \t<li>Liserets,<\/li>\n \t<li>Stickers de marque,<\/li>\n \t<li>Logo Benelli,<\/li>\n \t<li>Int\u00e9rieur de jante,<\/li>\n \t<li>Coloris,<\/li>\n \t<li>Effets.<\/li>\n<\/ul>\nPlusieurs <strong>designs de stickers<\/strong> sont disponibles, pour que vous puissiez adapter le style \u00e0 votre go\u00fbt et cr\u00e9er une esth\u00e9tique unique. \nLes couleurs respectent la charte du constructeur, mais vous pouvez \u00e9galement demander une <strong>couleur sur-mesure<\/strong> en fournissant votre code couleur lors de la commande : #&#8230;\nVous pouvez aussi modifier le texte pour ajouter une touche encore plus personnelle \u00e0 votre kit de stickers.\n\nPour un style encore plus pouss\u00e9, optez pour un sticker d&rsquo;int\u00e9rieur de jante : <strong>racing, camouflage, \u00e9lectro<\/strong>&#8230; \u00e0 vous de choisir ! \nEnfin, offrez un look incomparable \u00e0 votre b\u00e9cane en ajoutant un <a href=\"https:\/\/www.m-stickers.com\/nos-effets-de-stickers\">effet<\/a> de finition \u00e0 vos stickers.\n\nL&rsquo;effet par d\u00e9faut est brillant, mais vous pouvez aussi choisir un effet <em>holographique, photoluminescent, r\u00e9fl\u00e9chissant, fluorescent, mat<\/em>. Chaque effet poss\u00e8de son propre charme et peut vous rendre plus visible dans l&rsquo;obscurit\u00e9, par exemple.\n\nRetrouvez nos <a href=\"https:\/\/www.m-stickers.com\/2022\/01\/24\/stickers-jante-moto-personnalise-choisir\/\">conseils de personnalisation<\/a>, ainsi que des astuces pour la pose et les avantages des stickers sur notre blog !\n<h2>Des stickers pour chaque moto Benelli<\/h2>\nChez M-Stickers, nous croyons en une personnalisation sans limites. Nous proposons des <strong>stickers jantes moto<\/strong> pour tous les mod\u00e8les Benelli. \nPeu importe l\u2019usage de votre moto, vous trouverez <strong>LE<\/strong> kit de stickers qui sublimera votre monture.\n\nNos kits sont con\u00e7us pour s&rsquo;harmoniser avec les mod\u00e8les du constructeur, offrant un rendu original et haut de gamme.\n\nD\u00e9couvrez nos kits pour les mod\u00e8les <strong>Benelli<\/strong> : <span style=\"color: #ff0000;\">TNT \/ TRK \/ Leoncino \/ Imperiale \/ 302S \/ 502C \/ 752S \/ 600 \/ 1200GT<\/span>.\n\nSi votre mod\u00e8le n&rsquo;est pas encore r\u00e9pertori\u00e9, <a href=\"https:\/\/www.m-stickers.com\/contact\/\">contactez-nous ici<\/a> pour obtenir un <strong>kit stickers jantes moto sur-mesure<\/strong> ! \nVous pouvez \u00e9galement nous envoyer vos id\u00e9es pour un kit de stickers de jantes unique.\n\n<h2>Des stickers de haute qualit\u00e9, durables et fabriqu\u00e9s en France<\/h2>\nEn tant que motards, nous savons que les motos sont soumises \u00e0 des contraintes importantes. Nos stickers jantes moto Benelli sont fabriqu\u00e9s \u00e0 partir de mat\u00e9riaux de qualit\u00e9 sup\u00e9rieure : <strong>vinyle haut de gamme<\/strong> pour une durabilit\u00e9 exceptionnelle, <strong>colle monom\u00e8re 100\u03bc permanente<\/strong> pour une adh\u00e9rence parfaite, et un vernis <strong>r\u00e9sistant aux UV et aux intemp\u00e9ries<\/strong> pour vous accompagner dans toutes vos aventures.\n\nNotre \u00e9quipe passionn\u00e9e cr\u00e9e vos <strong>stickers jantes moto Benelli<\/strong> \u00e0 Lyon pour une livraison rapide, \u00e9vitant ainsi les longs d\u00e9lais d&rsquo;attente !\nCon\u00e7us par des motards pour des motards, les stickers M-Stickers sont durables et styl\u00e9s.\n\nN&rsquo;h\u00e9sitez pas \u00e0 <a href=\"https:\/\/www.m-stickers.com\/contact\/\">nous contacter<\/a> pour tous vos projets de cr\u00e9ation et de personnalisation.\nCr\u00e9ons ensemble les kits de stickers qui rendront votre <strong>Benelli<\/strong> unique.\n\nPour garantir une pose parfaite et une longue tenue, consultez nos <a href=\"https:\/\/www.m-stickers.com\/tuto-comment-poser-ses-stickers-de-jantes-moto\/\">guides de pose<\/a>, o\u00f9 vous trouverez des conseils pratiques et des id\u00e9es <strong>d&rsquo;inspiration<\/strong> !\n\t\t\t\t\t\t\t\t<\/div>\n\t\t\t\t<\/div>\n\t\t\t\t<div class=\"elementor-element elementor-element-efcd113 elementor-widget elementor-widget-html\" data-id=\"efcd113\" data-element_type=\"widget\" data-e-type=\"widget\" data-widget_type=\"html.default\">\n\t\t\t\t<div class=\"elementor-widget-container\">\n\t\t\t\t\t<!-- Google Tag Manager -->\r\n<script>(function(w,d,s,l,i){w[l]=w[l]||[];w[l].push({'gtm.start':\r\nnew Date().getTime(),event:'gtm.js'});var f=d.getElementsByTagName(s)[0],\r\nj=d.createElement(s),dl=l!='dataLayer'?'&l='+l:'';j.async=true;j.src=\r\n'https:\/\/www.googletagmanager.com\/gtm.js?id='+i+dl;f.parentNode.insertBefore(j,f);\r\n})(window,document,'script','dataLayer','GTM-5WBV2JH');<\/script>\r\n<!-- End Google Tag Manager -->\r\n<head>\r\n\r\n<!-- Global site tag (gtag.js) - Google Ads: 966835575 --> <script async src=\"https:\/\/www.googletagmanager.com\/gtag\/js?id=AW-966835575\"><\/script> <script> window.dataLayer = window.dataLayer || []; function gtag(){dataLayer.push(arguments);} gtag('js', new Date()); gtag('config', 'AW-966835575'); <\/script>\r\n\r\n<\/head>\r\n<!-- Google Tag Manager (noscript) -->\r\n<noscript><iframe src=\"https:\/\/www.googletagmanager.com\/ns.html?id=GTM-5WBV2JH\"\r\nheight=\"0\" width=\"0\" style=\"display:none;visibility:hidden\"><\/iframe><\/noscript>\r\n<!-- End Google Tag Manager (noscript) -->\t\t\t\t<\/div>\n\t\t\t\t<\/div>\n\t\t\t\t\t<\/div>\n\t\t<\/div>\n\t\t\t\t\t<\/div>\n\t\t<\/section>\n\t\t\t\t<\/div>\n\t\t","protected":false},"excerpt":{"rendered":"<p>Configurateur Personnalisez vos stickers de jantes Benelli Leoncino Votre moto n\u2019est pas r\u00e9f\u00e9renc\u00e9e ? Cliquez ici ! Rendez votre moto unique avec des stickers jantes moto Benelli Transformez rapidement et \u00e0 un prix comp\u00e9titif votre moto gr\u00e2ce \u00e0 nos stickers jantes moto Benelli r\u00e9sistants et durables. D\u00e9couvrez des stickers pour jantes moto, ainsi que des [&hellip;]<\/p>\n","protected":false},"author":1,"featured_media":0,"parent":0,"menu_order":0,"comment_status":"closed","ping_status":"closed","template":"","meta":{"footnotes":""},"class_list":["post-59550","page","type-page","status-publish","hentry","entry","owp-thumbs-layout-horizontal","owp-btn-big","owp-tabs-layout-horizontal","has-no-thumbnails"],"ase":null,"_links":{"self":[{"href":"https:\/\/www.m-stickers.com\/it\/wp-json\/wp\/v2\/pages\/59550","targetHints":{"allow":["GET"]}}],"collection":[{"href":"https:\/\/www.m-stickers.com\/it\/wp-json\/wp\/v2\/pages"}],"about":[{"href":"https:\/\/www.m-stickers.com\/it\/wp-json\/wp\/v2\/types\/page"}],"author":[{"embeddable":true,"href":"https:\/\/www.m-stickers.com\/it\/wp-json\/wp\/v2\/users\/1"}],"replies":[{"embeddable":true,"href":"https:\/\/www.m-stickers.com\/it\/wp-json\/wp\/v2\/comments?post=59550"}],"version-history":[{"count":7,"href":"https:\/\/www.m-stickers.com\/it\/wp-json\/wp\/v2\/pages\/59550\/revisions"}],"predecessor-version":[{"id":59558,"href":"https:\/\/www.m-stickers.com\/it\/wp-json\/wp\/v2\/pages\/59550\/revisions\/59558"}],"wp:attachment":[{"href":"https:\/\/www.m-stickers.com\/it\/wp-json\/wp\/v2\/media?parent=59550"}],"curies":[{"name":"Certo.","href":"https:\/\/api.w.org\/{rel}","templated":true}]}}