{"id":61736,"date":"2025-02-20T11:12:32","date_gmt":"2025-02-20T10:12:32","guid":{"rendered":"https:\/\/www.m-stickers.com\/?page_id=61736"},"modified":"2025-02-20T11:35:22","modified_gmt":"2025-02-20T10:35:22","slug":"messaggio-importante","status":"publish","type":"page","link":"https:\/\/www.m-stickers.com\/it\/message-important\/","title":{"rendered":"Messaggio importante"},"content":{"rendered":"<div data-elementor-type=\"wp-page\" data-elementor-id=\"61736\" class=\"elementor elementor-61736\" data-elementor-post-type=\"page\">\n\t\t\t\t\t\t<section class=\"elementor-section elementor-top-section elementor-element elementor-element-c446f61 elementor-section-boxed elementor-section-height-default elementor-section-height-default\" data-id=\"c446f61\" data-element_type=\"section\" data-e-type=\"section\">\n\t\t\t\t\t\t<div class=\"elementor-container elementor-column-gap-default\">\n\t\t\t\t\t<div class=\"elementor-column elementor-col-100 elementor-top-column elementor-element elementor-element-af2fb63\" data-id=\"af2fb63\" data-element_type=\"column\" data-e-type=\"column\">\n\t\t\t<div class=\"elementor-widget-wrap elementor-element-populated\">\n\t\t\t\t\t\t<div class=\"elementor-element elementor-element-6953c22 elementor-widget elementor-widget-heading\" data-id=\"6953c22\" data-element_type=\"widget\" data-e-type=\"widget\" data-widget_type=\"heading.default\">\n\t\t\t\t<div class=\"elementor-widget-container\">\n\t\t\t\t\t<h1 class=\"elementor-heading-title elementor-size-default\">Messaggio importante<\/h1>\t\t\t\t<\/div>\n\t\t\t\t<\/div>\n\t\t\t\t\t<\/div>\n\t\t<\/div>\n\t\t\t\t\t<\/div>\n\t\t<\/section>\n\t\t\t\t<section class=\"elementor-section elementor-top-section elementor-element elementor-element-8492b36 elementor-section-boxed elementor-section-height-default elementor-section-height-default\" data-id=\"8492b36\" data-element_type=\"section\" data-e-type=\"section\">\n\t\t\t\t\t\t<div class=\"elementor-container elementor-column-gap-default\">\n\t\t\t\t\t<div class=\"elementor-column elementor-col-100 elementor-top-column elementor-element elementor-element-3b9994c\" data-id=\"3b9994c\" data-element_type=\"column\" data-e-type=\"column\">\n\t\t\t<div class=\"elementor-widget-wrap elementor-element-populated\">\n\t\t\t\t\t\t<div class=\"elementor-element elementor-element-dbd0bb1 elementor-widget elementor-widget-text-editor\" data-id=\"dbd0bb1\" data-element_type=\"widget\" data-e-type=\"widget\" data-widget_type=\"text-editor.default\">\n\t\t\t\t<div class=\"elementor-widget-container\">\n\t\t\t\t\t\t\t\t\t<p data-start=\"0\" data-end=\"14\"><span style=\"color: #ffffff;\">Cari clienti,<\/span><\/p><p data-start=\"16\" data-end=\"283\"><span style=\"color: #ffffff;\">Ci rendiamo conto che M-Stickers sta attraversando un periodo difficile a causa di problemi interni che incidono sulla nostra capacit\u00e0 di gestire la produzione interna. Questa situazione ha provocato ritardi significativi nell'elaborazione dei vostri ordini.<\/span><\/p><p data-start=\"285\" data-end=\"541\"><span style=\"color: #ffffff;\">Per fronte all'aumento dei costi di gestione, dei canoni e dei salari, abbiamo temporaneamente adeguato i nostri prezzi.  Questa misura mira a garantire la sopravvivenza della nostra azienda continuando a offrirvi prodotti di qualit\u00e0.<\/span><\/p><p data-start=\"543\" data-end=\"939\"><span style=\"color: #ffffff;\">Siete sicuri che tutti gli ordini gi\u00e0 effettuati saranno elaborati il prima possibile. Siamo a vostra disposizione per rispondere alle vostre domande, ma a causa dell'elevato volume di messaggi e dei tempi attuali, le nostre risposte potrebbero subire ritardi. Siamo un team di due persone che gestiscono tutte le operazioni e vi ringraziamo per la comprensione e la pazienza.<\/span><\/p><p data-start=\"941\" data-end=\"1209\"><span style=\"color: #ffffff;\">La nostra priorit\u00e0 \u00e8 trovare una soluzione per riprendere la produzione dei nostri adesivi in Francia, per mantenere un prodotto 100% made in France senza che i prezzi diventino proibitivi. Una volta trovata la soluzione, i nostri prezzi torneranno alla normalit\u00e0.<\/span><\/p><p data-start=\"1211\" data-end=\"1324\"><span style=\"color: #ffffff;\">Ci dispiace immensamente per l'inconveniente e ringraziamo per la vostra fedelt\u00e0.<\/span><\/p><p data-start=\"1326\" data-end=\"1339\"><span style=\"color: #ffffff;\">Cordiali saluti,<\/span><\/p><p data-start=\"1341\" data-end=\"1357\"><span style=\"color: #ffffff;\">Maxence e Mat\u00e9o<\/span><\/p><p data-start=\"1359\" data-end=\"1369\"><span style=\"color: #ffffff;\">M-Stickers<\/span><\/p>\t\t\t\t\t\t\t\t<\/div>\n\t\t\t\t<\/div>\n\t\t\t\t\t<\/div>\n\t\t<\/div>\n\t\t\t\t\t<\/div>\n\t\t<\/section>\n\t\t\t\t<\/div>","protected":false},"excerpt":{"rendered":"<p>Message Important Chers clients, Nous tenons \u00e0 vous informer que M-Stickers traverse actuellement une p\u00e9riode difficile en raison de probl\u00e8mes internes affectant notre capacit\u00e9 \u00e0 g\u00e9rer la production en interne. Cette situation a entra\u00een\u00e9 des retards significatifs dans le traitement de vos commandes. Pour faire face \u00e0 l&rsquo;augmentation des frais de gestion, des loyers et [&hellip;]<\/p>\n","protected":false},"author":1,"featured_media":0,"parent":0,"menu_order":0,"comment_status":"closed","ping_status":"closed","template":"","meta":{"footnotes":""},"class_list":["post-61736","page","type-page","status-publish","hentry","entry","owp-thumbs-layout-horizontal","owp-btn-big","owp-tabs-layout-horizontal","has-no-thumbnails"],"ase":null,"_links":{"self":[{"href":"https:\/\/www.m-stickers.com\/it\/wp-json\/wp\/v2\/pages\/61736","targetHints":{"allow":["GET"]}}],"collection":[{"href":"https:\/\/www.m-stickers.com\/it\/wp-json\/wp\/v2\/pages"}],"about":[{"href":"https:\/\/www.m-stickers.com\/it\/wp-json\/wp\/v2\/types\/page"}],"author":[{"embeddable":true,"href":"https:\/\/www.m-stickers.com\/it\/wp-json\/wp\/v2\/users\/1"}],"replies":[{"embeddable":true,"href":"https:\/\/www.m-stickers.com\/it\/wp-json\/wp\/v2\/comments?post=61736"}],"version-history":[{"count":4,"href":"https:\/\/www.m-stickers.com\/it\/wp-json\/wp\/v2\/pages\/61736\/revisions"}],"predecessor-version":[{"id":61741,"href":"https:\/\/www.m-stickers.com\/it\/wp-json\/wp\/v2\/pages\/61736\/revisions\/61741"}],"wp:attachment":[{"href":"https:\/\/www.m-stickers.com\/it\/wp-json\/wp\/v2\/media?parent=61736"}],"curies":[{"name":"Certo.","href":"https:\/\/api.w.org\/{rel}","templated":true}]}}