{"id":6488,"date":"2021-01-22T10:43:01","date_gmt":"2021-01-22T09:43:01","guid":{"rendered":"https:\/\/www.m-stickers.com\/?page_id=6488"},"modified":"2026-01-14T19:30:29","modified_gmt":"2026-01-14T18:30:29","slug":"consegna","status":"publish","type":"page","link":"https:\/\/www.m-stickers.com\/it\/livraison\/","title":{"rendered":"Consegna"},"content":{"rendered":"<div data-elementor-type=\"wp-page\" data-elementor-id=\"6488\" class=\"elementor elementor-6488\" data-elementor-post-type=\"page\">\n\t\t\t\t\t\t<section class=\"elementor-section elementor-top-section elementor-element elementor-element-3c3aae6 elementor-section-boxed elementor-section-height-default elementor-section-height-default\" data-id=\"3c3aae6\" data-element_type=\"section\" data-e-type=\"section\">\n\t\t\t\t\t\t<div class=\"elementor-container elementor-column-gap-default\">\n\t\t\t\t\t<div class=\"elementor-column elementor-col-100 elementor-top-column elementor-element elementor-element-1998c384\" data-id=\"1998c384\" data-element_type=\"column\" data-e-type=\"column\">\n\t\t\t<div class=\"elementor-widget-wrap elementor-element-populated\">\n\t\t\t\t\t\t<div class=\"elementor-element elementor-element-6133dbfe elementor-widget elementor-widget-text-editor\" data-id=\"6133dbfe\" data-element_type=\"widget\" data-e-type=\"widget\" data-widget_type=\"text-editor.default\">\n\t\t\t\t<div class=\"elementor-widget-container\">\n\t\t\t\t\t\t\t\t\t<h1 style=\"text-align: center;\" data-start=\"281\" data-end=\"294\">CONSEGNA<\/h1>\n<p data-start=\"295\" data-end=\"330\"><strong data-start=\"295\" data-end=\"330\">M-Stickers \u2013 <a class=\"decorated-link\" href=\"http:\/\/www.m-stickers.com\/it\/\" target=\"_new\" rel=\"noopener\" data-start=\"310\" data-end=\"328\">www.m-stickers.com<\/a><\/strong><\/p>\n<hr data-start=\"332\" data-end=\"335\" \/>\n<h2 data-start=\"337\" data-end=\"382\">\ud83d\udce6 Preparazione e spedizione degli ordini<\/h2>\n<p data-start=\"384\" data-end=\"540\">I prodotti M-Stickers sono fabbricati <strong data-start=\"423\" data-end=\"440\">al momento dell'ordine<\/strong>, spesso personalizzati in base alle scelte del cliente (colori, dimensioni, effetti, testi, finiture).<\/p>\n<p data-start=\"542\" data-end=\"712\">Non abbiamo scorte: ogni ordine viene preparato e prodotto specificamente per voi, per garantire un risultato di qualit\u00e0 e una personalizzazione ottimale.<\/p>\n<hr data-start=\"714\" data-end=\"717\" \/>\n<h2 data-start=\"719\" data-end=\"762\">\u23f1\ufe0f Tempi di preparazione e consegna<\/h2>\n<h3 data-start=\"764\" data-end=\"784\">Ritardi standard<\/h3>\n<p data-start=\"786\" data-end=\"848\">I tempi indicati di seguito sono solo a scopo illustrativo:<\/p>\n<ul>\n<li data-start=\"852\" data-end=\"916\"><strong data-start=\"852\" data-end=\"916\">Tempo di preparazione + spedizione standard: 10 giorni lavorativi<\/strong><\/li>\n<li data-start=\"919\" data-end=\"1042\">Per alcuni prodotti personalizzati o in periodi di forte richiesta, il tempo di consegna pu\u00f2 essere esteso fino a <strong data-start=\"1022\" data-end=\"1042\">20 giorni massimo<\/strong><\/li>\n<\/ul>\n<p data-start=\"1044\" data-end=\"1065\">Questi tempi includono:<\/p>\n<ul>\n<li data-start=\"1068\" data-end=\"1094\">la preparazione del file,<\/li>\n<li data-start=\"1097\" data-end=\"1110\">la stampa,<\/li>\n<li data-start=\"1113\" data-end=\"1124\">il taglio,<\/li>\n<li data-start=\"1127\" data-end=\"1146\">l'imballaggio,<\/li>\n<li data-start=\"1149\" data-end=\"1162\">la spedizione.<\/li>\n<\/ul>\n<hr data-start=\"1164\" data-end=\"1167\" \/>\n<h3 data-start=\"1169\" data-end=\"1191\">Tempi specifici<\/h3>\n<p data-start=\"1193\" data-end=\"1250\">I tempi di consegna potrebbero essere prolungati nei seguenti casi:<\/p>\n<ul>\n<li data-start=\"1253\" data-end=\"1295\">prodotti su misura o altamente personalizzati,<\/li>\n<li data-start=\"1298\" data-end=\"1327\">ordini all'ingrosso,<\/li>\n<li data-start=\"1330\" data-end=\"1369\">richieste specifiche o fuori catalogo,<\/li>\n<li data-start=\"1372\" data-end=\"1399\">periodi di punta.<\/li>\n<\/ul>\n<p data-start=\"1401\" data-end=\"1468\">In queste situazioni, si raccomanda di <strong data-start=\"1443\" data-end=\"1467\">ordinare in anticipo<\/strong>.<\/p>\n<hr data-start=\"1470\" data-end=\"1473\" \/>\n<h2 data-start=\"1475\" data-end=\"1509\">\ud83d\udcec Condizionamento dei prodotti<\/h2>\n<p data-start=\"1511\" data-end=\"1601\">I nostri prodotti vengono spediti con cura per garantirne la protezione durante il trasporto:<\/p>\n<ul>\n<li data-start=\"1605\" data-end=\"1690\">i kit decorativi e gli adesivi per cerchi vengono inviati in <strong data-start=\"1653\" data-end=\"1689\">buste di cartone rinforzate<\/strong>,<\/li>\n<li data-start=\"1693\" data-end=\"1785\">secondaire. <strong data-start=\"1767\" data-end=\"1784\">cartone adatto<\/strong>.<\/li>\n<\/ul>\n<hr data-start=\"1787\" data-end=\"1790\" \/>\n<h2 data-start=\"1792\" data-end=\"1816\">\ud83c\udf0d Aree di consegna<\/h2>\n<h3 data-start=\"1818\" data-end=\"1837\">Francia ed Europa<\/h3>\n<p data-start=\"1839\" data-end=\"1853\">Noi spediamo in:<\/p>\n<ul>\n<li data-start=\"1856\" data-end=\"1881\">in Italia metropolitana,<\/li>\n<li data-start=\"1884\" data-end=\"1920\">nella maggior parte dei paesi europei.<\/li>\n<\/ul>\n<p data-start=\"1922\" data-end=\"2031\">Le costo di consegna sono calcolate automaticamente al momento dell'ordine, in base al paese di destinazione.<\/p>\n<hr data-start=\"2033\" data-end=\"2036\" \/>\n<h3 data-start=\"2038\" data-end=\"2069\">Internazionale \/ Fuori dall'Europa<\/h3>\n<p data-start=\"2071\" data-end=\"2165\">La consegna \u00e8 possibile anche in alcuni paesi extraeuropei e territori d'oltremare.<\/p>\n<p data-start=\"2167\" data-end=\"2304\">Se il tuo paese non \u00e8 elencato al momento dell'ordine, <strong data-start=\"2239\" data-end=\"2273\">non esitate a contattarci<\/strong> al fine di studiare la fattibilit\u00e0.<\/p>\n<hr data-start=\"2306\" data-end=\"2309\" \/>\n<h2 data-start=\"2311\" data-end=\"2335\">\ud83d\udcb8 Spese di spedizione<\/h2>\n<p data-start=\"2337\" data-end=\"2420\">Le spese di spedizione sono indicate prima della conferma finale dell'ordine.<\/p>\n<p data-start=\"2422\" data-end=\"2562\">\ud83c\udf81 <strong data-start=\"2425\" data-end=\"2446\">Livraison offerte<\/strong><br data-start=\"2446\" data-end=\"2449\" \/>La spedizione \u00e8 gratuita per ordini di importo <strong data-start=\"2507\" data-end=\"2535\">superiore o uguale a 90 \u20ac<\/strong>, escluse le promozioni in corso.<\/p>\n<hr data-start=\"2564\" data-end=\"2567\" \/>\n<h2 data-start=\"2569\" data-end=\"2608\">\u26a0\ufe0f Ritardi e problemi di consegna<\/h2>\n<p data-start=\"2610\" data-end=\"2665\">I tempi di consegna sono forniti a titolo indicativo.<\/p>\n<p data-start=\"2667\" data-end=\"2819\">In caso di ritardo superiore a <strong data-start=\"2696\" data-end=\"2708\">30 giorni<\/strong> (salvo cause di forza maggiore), il cliente pu\u00f2 chiedere l'annullamento dell'ordine e il rimborso totale.<\/p>\n<hr data-start=\"2821\" data-end=\"2824\" \/>\n<h2 data-start=\"2826\" data-end=\"2850\">\ud83d\udce6 Ricezione del pacco<\/h2>\n<p data-start=\"2852\" data-end=\"2896\">Al momento della ricezione, \u00e8 responsabilit\u00e0 del cliente:<\/p>\n<ul>\n<li data-start=\"2899\" data-end=\"2924\">verificare lo stato del pacco\/collo,<\/li>\n<li data-start=\"2927\" data-end=\"3000\">segnalare qualsiasi anomalia (pacco danneggiato, prodotto mancante o deteriorato).<\/li>\n<\/ul>\n<p data-start=\"3002\" data-end=\"3041\">Tutti i reclami devono essere presentati:<\/p>\n<ul>\n<li data-start=\"3044\" data-end=\"3067\">presso il trasportatore,<\/li>\n<li data-start=\"3070\" data-end=\"3153\">e presso M-Stickers,<br \/>entro un periodo massimo di <strong data-start=\"3120\" data-end=\"3131\">3 giorni<\/strong> dopo il ricevimento.<\/li>\n<\/ul>\n<hr data-start=\"3155\" data-end=\"3158\" \/>\n<h2 data-start=\"3160\" data-end=\"3186\">\ud83d\udce9 Contatto &amp; assistenza<\/h2>\n<p data-start=\"3188\" data-end=\"3299\">Per qualsiasi domanda sulla spedizione, sui tempi di consegna o su un ordine in corso, il nostro team \u00e8 disponibile:<\/p>\n<p data-start=\"3301\" data-end=\"3401\">\ud83d\udce7 <strong data-start=\"3304\" data-end=\"3330\"><a class=\"decorated-link cursor-pointer\" rel=\"noopener\" data-start=\"3306\" data-end=\"3328\">contact@m-stickers.com<\/a><\/strong><br data-start=\"3330\" data-end=\"3333\" \/>\ud83d\udce9 tramite il modulo di contatto del sito<br data-start=\"3372\" data-end=\"3375\" \/>\ud83d\udcac tramite i nostri social network<\/p>\n<p data-start=\"3403\" data-end=\"3484\">Facciamo del nostro meglio per rispondere rapidamente e supportare ogni cliente.<\/p>\n<hr data-start=\"3486\" data-end=\"3489\" \/>\n<p data-start=\"3491\" data-end=\"3532\"><strong data-start=\"3491\" data-end=\"3514\">Il team M-Stickers<\/strong><br data-start=\"3514\" data-end=\"3517\" \/>Mat\u00e9o e Maxence<\/p>\t\t\t\t\t\t\t\t<\/div>\n\t\t\t\t<\/div>\n\t\t\t\t\t<\/div>\n\t\t<\/div>\n\t\t\t\t\t<\/div>\n\t\t<\/section>\n\t\t\t\t<\/div>","protected":false},"excerpt":{"rendered":"<p>LIVRAISON M-Stickers \u2013 www.m-stickers.com \ud83d\udce6 Pr\u00e9paration et exp\u00e9dition des commandes Les produits M-Stickers sont fabriqu\u00e9s \u00e0 la commande, souvent personnalis\u00e9s selon les choix du client (couleurs, dimensions, effets, textes, finitions). Nous ne disposons pas de stock : chaque commande est pr\u00e9par\u00e9e et produite sp\u00e9cifiquement pour vous, afin de garantir un rendu de qualit\u00e9 et une [&hellip;]<\/p>\n","protected":false},"author":1,"featured_media":0,"parent":0,"menu_order":0,"comment_status":"closed","ping_status":"closed","template":"","meta":{"footnotes":""},"class_list":["post-6488","page","type-page","status-publish","hentry","entry","owp-thumbs-layout-horizontal","owp-btn-big","owp-tabs-layout-horizontal","has-no-thumbnails"],"ase":null,"_links":{"self":[{"href":"https:\/\/www.m-stickers.com\/it\/wp-json\/wp\/v2\/pages\/6488","targetHints":{"allow":["GET"]}}],"collection":[{"href":"https:\/\/www.m-stickers.com\/it\/wp-json\/wp\/v2\/pages"}],"about":[{"href":"https:\/\/www.m-stickers.com\/it\/wp-json\/wp\/v2\/types\/page"}],"author":[{"embeddable":true,"href":"https:\/\/www.m-stickers.com\/it\/wp-json\/wp\/v2\/users\/1"}],"replies":[{"embeddable":true,"href":"https:\/\/www.m-stickers.com\/it\/wp-json\/wp\/v2\/comments?post=6488"}],"version-history":[{"count":6,"href":"https:\/\/www.m-stickers.com\/it\/wp-json\/wp\/v2\/pages\/6488\/revisions"}],"predecessor-version":[{"id":63938,"href":"https:\/\/www.m-stickers.com\/it\/wp-json\/wp\/v2\/pages\/6488\/revisions\/63938"}],"wp:attachment":[{"href":"https:\/\/www.m-stickers.com\/it\/wp-json\/wp\/v2\/media?parent=6488"}],"curies":[{"name":"Certo.","href":"https:\/\/api.w.org\/{rel}","templated":true}]}}