{"id":13201,"date":"2021-06-29T19:49:59","date_gmt":"2021-06-29T17:49:59","guid":{"rendered":"https:\/\/www.m-stickers.com\/?page_id=13201"},"modified":"2024-08-29T14:05:12","modified_gmt":"2024-08-29T12:05:12","slug":"categorie-configurateur-mv-agusta","status":"publish","type":"page","link":"https:\/\/www.m-stickers.com\/nl\/categorie-configurator-mv-agusta\/","title":{"rendered":"Categorie Configurator MV Agusta"},"content":{"rendered":"\t\t<div data-elementor-type=\"wp-page\" data-elementor-id=\"13201\" class=\"elementor elementor-13201\" data-elementor-post-type=\"page\">\n\t\t\t\t\t\t<section class=\"elementor-section elementor-top-section elementor-element elementor-element-4968c2b1 elementor-section-boxed elementor-section-height-default elementor-section-height-default\" data-id=\"4968c2b1\" data-element_type=\"section\" data-e-type=\"section\">\n\t\t\t\t\t\t<div class=\"elementor-container elementor-column-gap-default\">\n\t\t\t\t\t<div class=\"elementor-column elementor-col-20 elementor-top-column elementor-element elementor-element-7f6c42a2\" data-id=\"7f6c42a2\" data-element_type=\"column\" data-e-type=\"column\">\n\t\t\t<div class=\"elementor-widget-wrap elementor-element-populated\">\n\t\t\t\t\t\t<div class=\"elementor-element elementor-element-59e16030 elementor-widget elementor-widget-heading\" data-id=\"59e16030\" data-element_type=\"widget\" data-e-type=\"widget\" data-widget_type=\"heading.default\">\n\t\t\t\t<div class=\"elementor-widget-container\">\n\t\t\t\t\t<h1 class=\"elementor-heading-title elementor-size-default\">Configurateur<\/h1>\t\t\t\t<\/div>\n\t\t\t\t<\/div>\n\t\t\t\t<div class=\"elementor-element elementor-element-8b906a7 elementor-widget elementor-widget-image\" data-id=\"8b906a7\" data-element_type=\"widget\" data-e-type=\"widget\" data-widget_type=\"image.default\">\n\t\t\t\t<div class=\"elementor-widget-container\">\n\t\t\t\t\t\t\t\t\t\t\t\t\t\t\t\t<a href=\"https:\/\/www.m-stickers.com\/configurator\/configure\/32596\/\">\n\t\t\t\t\t\t\t<img fetchpriority=\"high\" decoding=\"async\" width=\"600\" height=\"400\" src=\"https:\/\/www.m-stickers.com\/wp-content\/uploads\/2021\/06\/miniature-Mv-agusta.png\" class=\"attachment-large size-large wp-image-13222\" alt=\"\" srcset=\"https:\/\/www.m-stickers.com\/wp-content\/uploads\/2021\/06\/miniature-Mv-agusta.png 600w, https:\/\/www.m-stickers.com\/wp-content\/uploads\/2021\/06\/miniature-Mv-agusta-300x200.png 300w\" sizes=\"(max-width: 600px) 100vw, 600px\" \/>\t\t\t\t\t\t\t\t<\/a>\n\t\t\t\t\t\t\t\t\t\t\t\t\t\t\t<\/div>\n\t\t\t\t<\/div>\n\t\t\t\t<div class=\"elementor-element elementor-element-60533e6 elementor-widget elementor-widget-heading\" data-id=\"60533e6\" data-element_type=\"widget\" data-e-type=\"widget\" data-widget_type=\"heading.default\">\n\t\t\t\t<div class=\"elementor-widget-container\">\n\t\t\t\t\t<h1 class=\"elementor-heading-title elementor-size-default\">Personnalisez vos stickers de jantes MV Agusta<\/h1>\t\t\t\t<\/div>\n\t\t\t\t<\/div>\n\t\t\t\t\t<\/div>\n\t\t<\/div>\n\t\t\t\t<div class=\"elementor-column elementor-col-20 elementor-top-column elementor-element elementor-element-2a972258\" data-id=\"2a972258\" data-element_type=\"column\" data-e-type=\"column\" data-settings=\"{&quot;background_background&quot;:&quot;classic&quot;}\">\n\t\t\t<div class=\"elementor-widget-wrap\">\n\t\t\t\t\t\t\t<\/div>\n\t\t<\/div>\n\t\t\t\t<div class=\"elementor-column elementor-col-20 elementor-top-column elementor-element elementor-element-59752a2c\" data-id=\"59752a2c\" data-element_type=\"column\" data-e-type=\"column\" data-settings=\"{&quot;background_background&quot;:&quot;gradient&quot;}\">\n\t\t\t<div class=\"elementor-widget-wrap\">\n\t\t\t\t\t\t\t<\/div>\n\t\t<\/div>\n\t\t\t\t<div class=\"elementor-column elementor-col-20 elementor-top-column elementor-element elementor-element-56c92971\" data-id=\"56c92971\" data-element_type=\"column\" data-e-type=\"column\">\n\t\t\t<div class=\"elementor-widget-wrap elementor-element-populated\">\n\t\t\t\t\t\t<div class=\"elementor-element elementor-element-383be4d elementor-widget elementor-widget-heading\" data-id=\"383be4d\" data-element_type=\"widget\" data-e-type=\"widget\" data-widget_type=\"heading.default\">\n\t\t\t\t<div class=\"elementor-widget-container\">\n\t\t\t\t\t<h2 class=\"elementor-heading-title elementor-size-default\"><a href=\"https:\/\/www.m-stickers.com\/configurator\/configure\/32596\/\">F3 675<\/a><\/h2>\t\t\t\t<\/div>\n\t\t\t\t<\/div>\n\t\t\t\t<div class=\"elementor-element elementor-element-8877135 elementor-widget elementor-widget-heading\" data-id=\"8877135\" data-element_type=\"widget\" data-e-type=\"widget\" data-widget_type=\"heading.default\">\n\t\t\t\t<div class=\"elementor-widget-container\">\n\t\t\t\t\t<h2 class=\"elementor-heading-title elementor-size-default\"><a href=\"https:\/\/www.m-stickers.com\/configurator\/configure\/32711\/\">F3 800 RC<\/a><\/h2>\t\t\t\t<\/div>\n\t\t\t\t<\/div>\n\t\t\t\t<div class=\"elementor-element elementor-element-4cd3665 elementor-widget elementor-widget-heading\" data-id=\"4cd3665\" data-element_type=\"widget\" data-e-type=\"widget\" data-widget_type=\"heading.default\">\n\t\t\t\t<div class=\"elementor-widget-container\">\n\t\t\t\t\t<h2 class=\"elementor-heading-title elementor-size-default\"><a href=\"https:\/\/www.m-stickers.com\/configurator\/configure\/20982\/\">Brutal 800<\/a><\/h2>\t\t\t\t<\/div>\n\t\t\t\t<\/div>\n\t\t\t\t<div class=\"elementor-element elementor-element-30ad93f elementor-widget elementor-widget-heading\" data-id=\"30ad93f\" data-element_type=\"widget\" data-e-type=\"widget\" data-widget_type=\"heading.default\">\n\t\t\t\t<div class=\"elementor-widget-container\">\n\t\t\t\t\t<h2 class=\"elementor-heading-title elementor-size-default\"><a href=\"https:\/\/www.m-stickers.com\/configurator\/configure\/13187\/\">F4 1000 RR<\/a><\/h2>\t\t\t\t<\/div>\n\t\t\t\t<\/div>\n\t\t\t\t<div class=\"elementor-element elementor-element-710c594 elementor-widget elementor-widget-heading\" data-id=\"710c594\" data-element_type=\"widget\" data-e-type=\"widget\" data-widget_type=\"heading.default\">\n\t\t\t\t<div class=\"elementor-widget-container\">\n\t\t\t\t\t<h2 class=\"elementor-heading-title elementor-size-default\"><a href=\"https:\/\/www.m-stickers.com\/configurator\/configure\/40732\/\">Turismo Veloce<\/a><\/h2>\t\t\t\t<\/div>\n\t\t\t\t<\/div>\n\t\t\t\t\t<\/div>\n\t\t<\/div>\n\t\t\t\t<div class=\"elementor-column elementor-col-20 elementor-top-column elementor-element elementor-element-30b8e071\" data-id=\"30b8e071\" data-element_type=\"column\" data-e-type=\"column\">\n\t\t\t<div class=\"elementor-widget-wrap\">\n\t\t\t\t\t\t\t<\/div>\n\t\t<\/div>\n\t\t\t\t\t<\/div>\n\t\t<\/section>\n\t\t\t\t<section class=\"elementor-section elementor-top-section elementor-element elementor-element-f1b983d elementor-section-boxed elementor-section-height-default elementor-section-height-default\" data-id=\"f1b983d\" data-element_type=\"section\" data-e-type=\"section\">\n\t\t\t\t\t\t<div class=\"elementor-container elementor-column-gap-default\">\n\t\t\t\t\t<div class=\"elementor-column elementor-col-100 elementor-top-column elementor-element elementor-element-0c3e397\" data-id=\"0c3e397\" data-element_type=\"column\" data-e-type=\"column\">\n\t\t\t<div class=\"elementor-widget-wrap elementor-element-populated\">\n\t\t\t\t\t\t<div class=\"elementor-element elementor-element-97da38d elementor-widget elementor-widget-heading\" data-id=\"97da38d\" data-element_type=\"widget\" data-e-type=\"widget\" data-widget_type=\"heading.default\">\n\t\t\t\t<div class=\"elementor-widget-container\">\n\t\t\t\t\t<h2 class=\"elementor-heading-title elementor-size-large\"><a href=\"https:\/\/www.m-stickers.com\/produit\/ta-moto-nest-pas-referencee\/\">Votre moto n\u2019est pas r\u00e9f\u00e9renc\u00e9e ?<\/a><\/h2>\t\t\t\t<\/div>\n\t\t\t\t<\/div>\n\t\t\t\t<div class=\"elementor-element elementor-element-9317201 elementor-button-danger elementor-align-center elementor-widget elementor-widget-button\" data-id=\"9317201\" data-element_type=\"widget\" data-e-type=\"widget\" data-widget_type=\"button.default\">\n\t\t\t\t<div class=\"elementor-widget-container\">\n\t\t\t\t\t\t\t\t\t<div class=\"elementor-button-wrapper\">\n\t\t\t\t\t<a class=\"elementor-button elementor-button-link elementor-size-sm\" href=\"https:\/\/www.m-stickers.com\/produit\/ta-moto-nest-pas-referencee\/\">\n\t\t\t\t\t\t<span class=\"elementor-button-content-wrapper\">\n\t\t\t\t\t\t\t\t\t<span class=\"elementor-button-text\">Cliquez ici !<\/span>\n\t\t\t\t\t<\/span>\n\t\t\t\t\t<\/a>\n\t\t\t\t<\/div>\n\t\t\t\t\t\t\t\t<\/div>\n\t\t\t\t<\/div>\n\t\t\t\t\t<\/div>\n\t\t<\/div>\n\t\t\t\t\t<\/div>\n\t\t<\/section>\n\t\t\t\t<section class=\"elementor-section elementor-top-section elementor-element elementor-element-4f05d05 elementor-section-boxed elementor-section-height-default elementor-section-height-default\" data-id=\"4f05d05\" data-element_type=\"section\" data-e-type=\"section\">\n\t\t\t\t\t\t<div class=\"elementor-container elementor-column-gap-default\">\n\t\t\t\t\t<div class=\"elementor-column elementor-col-100 elementor-top-column elementor-element elementor-element-3bb5ca1\" data-id=\"3bb5ca1\" data-element_type=\"column\" data-e-type=\"column\">\n\t\t\t<div class=\"elementor-widget-wrap elementor-element-populated\">\n\t\t\t\t\t\t<div class=\"elementor-element elementor-element-a89cc6e elementor-widget elementor-widget-text-editor\" data-id=\"a89cc6e\" data-element_type=\"widget\" data-e-type=\"widget\" data-widget_type=\"text-editor.default\">\n\t\t\t\t<div class=\"elementor-widget-container\">\n\t\t\t\t\t\t\t\t\t<h1>Personnalisez votre b\u00e9cane avec des stickers jantes moto MV Agusta<\/h1><p>Vous voulez rendre votre moto <strong>unique<\/strong> facilement, durablement et sans vous ruiner ?<br \/>M-Stickers vous propose les<strong> stickers jantes moto MV Agusta 100% personnalisables.<\/strong><\/p><p>Vous trouverez des stickers de jantes moto mais aussi des <strong>liserets<\/strong> ou des <strong>kits complets<\/strong> pour changer ou cr\u00e9er l&rsquo;identit\u00e9 de votre Agusta.<\/p><p>Parfois, un petit changement fait une grande diff\u00e9rence.<br \/>Les Stickers pour jantes sont l&rsquo;id\u00e9al pour se <strong>d\u00e9marquer<\/strong> et <strong>booster l&rsquo;esth\u00e9tique<\/strong> de votre moto.<\/p><p>En plus, vous pouvez personnaliser <strong>enti\u00e8rement<\/strong> votre kit de stickers de jantes afin qu&rsquo;ils correspondent \u00e0 vos envies.<\/p><p>Vous pouvez choisir notre <a href=\"https:\/\/www.m-stickers.com\/categorie-produit\/kits-stickers-jantes-moto-complet\/stickers-jantes-mv-agusta\/\">kit<\/a> pr\u00e9-configur\u00e9 de la marque dans lequel vous pouvez changer la couleur ou choisir de pousser plus loin votre personnalisation et vous lancer sur notre <a href=\"https:\/\/www.m-stickers.com\/categorie-configurator-mv-agusta\/\">configurateur<\/a>, pour une cr\u00e9ation de A \u00e0 Z avec visualisation en direct.<\/p><p>Personnalisez un \u00e0 un :<\/p><ul><li>Liserets,<\/li><li>Stickers de marque,<\/li><li>Logo de marque,<\/li><li>Int\u00e9rieur de jante,<\/li><li>Coloris,<\/li><li>Effet.<\/li><\/ul><p>Vous aurez le choix entre de nombreux choix de designs de stickers, pour coller \u00e0 votre style et vous permettre de cr\u00e9er votre esth\u00e9tique personnelle.<\/p><p>Les couleurs sont en accord avec la gamme constructeur, mais vous pouvez aussi demander une <strong>couleur diff\u00e9rente<\/strong> en envoyant votre code couleur lors de votre commande : #&#8230;<br \/>Le configurateur permet aussi de changer le contenu texte et de remplacer le nom de marque ou mod\u00e8le par le <strong>texte de votre choix.<\/strong><\/p><p>Choisissez un style plus os\u00e9 avec les<strong> stickers d&rsquo;int\u00e9rieur<\/strong> de jantes : racing, camo, electro&#8230;le choix vous appartient !<br \/>Et finalement, donnez un style de folie \u00e0 votre b\u00e9cane en ajoutant un effet de finition \u00e0 vos stickers.<br \/>L&rsquo;effet de base est brillant mais vous pouvez choisir l&rsquo;effet holographique, photoluminescent, r\u00e9fl\u00e9chissant, fluor\u00e9scent, mat.<\/p><p>Retrouvez nos <a href=\"https:\/\/www.m-stickers.com\/2022\/01\/24\/stickers-jante-moto-personnalise-choisir\/\">astuces pour bien choisir son kit<\/a>, des conseils pour la pose et l&rsquo;utilit\u00e9 des stickers jantes moto au quotidien !<\/p><h2>Customisez votre mod\u00e8le de MV Agusta avec des stickers de jantes<\/h2><p>Car il n&rsquo;y a pas de limite \u00e0 la <strong>customisation<\/strong>, chez M-Stickers, nous proposons des stickers jantes moto pour toutes les mod\u00e8les MV Agusta.<br \/>Qu&rsquo;elle soit urbaine, sportive, trail ou quotidienne, vous trouverez <strong>LE<\/strong> kit de stickers pour sublimer votre monture.<\/p><p>Retrouvez les stickers jantes moto MV Agusta pour les mod\u00e8les : <span style=\"color: #ff0000;\">F3 675, F3 800 RC, Brutal 800 et F4 1000 RR.<\/span><\/p><p>Vous pouvez aussi avoir un kit pour votre moto non r\u00e9f\u00e9renc\u00e9e sur le site <a href=\"https:\/\/www.m-stickers.com\/contact\/\">ici.<\/a><br \/>Envoyez vos id\u00e9es, images d&rsquo;inspirations et nous pourront aussi cr\u00e9er un kit <strong>sur-mesure<\/strong> pour votre b\u00e9cane !<\/p><p>\u00a0<\/p><h2>Des stickers durables et de haute qualit\u00e9 100% fran\u00e7ais<\/h2><p>Nous savons que les motos subissent des contraintes physiques non n\u00e9gligeables, c&rsquo;est pour cela que nos stickers jantes moto MV Agusta sont con\u00e7us avec les meilleurs mat\u00e9riaux pour garantir une tenue \u00e0 toutes \u00e9preuves :<\/p><ul><li><strong>vinyle de haute qualit\u00e9<\/strong>,<\/li><li><strong>colle monom\u00e8re 100\u03bc permanente,<\/strong><\/li><li>vernis <strong>r\u00e9sistant aux UV et aux intemp\u00e9ries.<\/strong><\/li><\/ul><p>Notre \u00e9quipe lyonnaise cr\u00e9\u00e9e avec passion vos <strong>stickers jantes moto MV Agusta.<br \/><\/strong>Cr\u00e9er par des motards, pour les motards, les meilleurs stickers jantes pour motos.<\/p><p>N&rsquo;h\u00e9sitez pas \u00e0 <a href=\"https:\/\/www.m-stickers.com\/contact\/\">nous contacter<\/a> pour toutes vos demandes ou id\u00e9es de personnalisation.<\/p><p>Vous pouvez faire un tour sur notre <a href=\"https:\/\/www.m-stickers.com\/tuto-comment-poser-ses-stickers-de-jantes-moto\/\">guide<\/a> pour une pose propre et une tenue longue dur\u00e9e.<\/p>\t\t\t\t\t\t\t\t<\/div>\n\t\t\t\t<\/div>\n\t\t\t\t<div class=\"elementor-element elementor-element-efcd113 elementor-widget elementor-widget-html\" data-id=\"efcd113\" data-element_type=\"widget\" data-e-type=\"widget\" data-widget_type=\"html.default\">\n\t\t\t\t<div class=\"elementor-widget-container\">\n\t\t\t\t\t<!-- Google Tag Manager -->\r\n<script>(function(w,d,s,l,i){w[l]=w[l]||[];w[l].push({'gtm.start':\r\nnew Date().getTime(),event:'gtm.js'});var f=d.getElementsByTagName(s)[0],\r\nj=d.createElement(s),dl=l!='dataLayer'?'&l='+l:'';j.async=true;j.src=\r\n'https:\/\/www.googletagmanager.com\/gtm.js?id='+i+dl;f.parentNode.insertBefore(j,f);\r\n})(window,document,'script','dataLayer','GTM-5WBV2JH');<\/script>\r\n<!-- End Google Tag Manager -->\r\n<head>\r\n\r\n<!-- Global site tag (gtag.js) - Google Ads: 966835575 --> <script async src=\"https:\/\/www.googletagmanager.com\/gtag\/js?id=AW-966835575\"><\/script> <script> window.dataLayer = window.dataLayer || []; function gtag(){dataLayer.push(arguments);} gtag('js', new Date()); gtag('config', 'AW-966835575'); <\/script>\r\n\r\n<\/head>\r\n<!-- Google Tag Manager (noscript) -->\r\n<noscript><iframe src=\"https:\/\/www.googletagmanager.com\/ns.html?id=GTM-5WBV2JH\"\r\nheight=\"0\" width=\"0\" style=\"display:none;visibility:hidden\"><\/iframe><\/noscript>\r\n<!-- End Google Tag Manager (noscript) -->\t\t\t\t<\/div>\n\t\t\t\t<\/div>\n\t\t\t\t\t<\/div>\n\t\t<\/div>\n\t\t\t\t\t<\/div>\n\t\t<\/section>\n\t\t\t\t<\/div>\n\t\t","protected":false},"excerpt":{"rendered":"<p>Configurateur Personnalisez vos stickers de jantes MV Agusta F3 675 F3 800 RC Brutal 800 F4 1000 RR Turismo Veloce Votre moto n\u2019est pas r\u00e9f\u00e9renc\u00e9e ? Cliquez ici ! Personnalisez votre b\u00e9cane avec des stickers jantes moto MV Agusta Vous voulez rendre votre moto unique facilement, durablement et sans vous ruiner ?M-Stickers vous propose les [&hellip;]<\/p>\n","protected":false},"author":1,"featured_media":0,"parent":0,"menu_order":0,"comment_status":"closed","ping_status":"closed","template":"","meta":{"footnotes":""},"class_list":["post-13201","page","type-page","status-publish","hentry","entry","owp-thumbs-layout-horizontal","owp-btn-big","owp-tabs-layout-horizontal","has-no-thumbnails"],"_links":{"self":[{"href":"https:\/\/www.m-stickers.com\/nl\/wp-json\/wp\/v2\/pages\/13201","targetHints":{"allow":["GET"]}}],"collection":[{"href":"https:\/\/www.m-stickers.com\/nl\/wp-json\/wp\/v2\/pages"}],"about":[{"href":"https:\/\/www.m-stickers.com\/nl\/wp-json\/wp\/v2\/types\/page"}],"author":[{"embeddable":true,"href":"https:\/\/www.m-stickers.com\/nl\/wp-json\/wp\/v2\/users\/1"}],"replies":[{"embeddable":true,"href":"https:\/\/www.m-stickers.com\/nl\/wp-json\/wp\/v2\/comments?post=13201"}],"version-history":[{"count":4,"href":"https:\/\/www.m-stickers.com\/nl\/wp-json\/wp\/v2\/pages\/13201\/revisions"}],"predecessor-version":[{"id":59179,"href":"https:\/\/www.m-stickers.com\/nl\/wp-json\/wp\/v2\/pages\/13201\/revisions\/59179"}],"wp:attachment":[{"href":"https:\/\/www.m-stickers.com\/nl\/wp-json\/wp\/v2\/media?parent=13201"}],"curies":[{"name":"motorfiets","href":"https:\/\/api.w.org\/{rel}","templated":true}]}}