{"id":24276,"date":"2022-02-08T17:03:23","date_gmt":"2022-02-08T16:03:23","guid":{"rendered":"https:\/\/www.m-stickers.com\/?page_id=24276"},"modified":"2024-08-29T11:16:03","modified_gmt":"2024-08-29T09:16:03","slug":"harley-davidson-categorieenconfigurator","status":"publish","type":"page","link":"https:\/\/www.m-stickers.com\/nl\/categorie-configurator-harley-davidson\/","title":{"rendered":"Harley Davidson Configurator categorie"},"content":{"rendered":"\t\t<div data-elementor-type=\"wp-page\" data-elementor-id=\"24276\" class=\"elementor elementor-24276\" data-elementor-post-type=\"page\">\n\t\t\t\t\t\t<section class=\"elementor-section elementor-top-section elementor-element elementor-element-5c05c62f elementor-section-boxed elementor-section-height-default elementor-section-height-default\" data-id=\"5c05c62f\" data-element_type=\"section\" data-e-type=\"section\">\n\t\t\t\t\t\t<div class=\"elementor-container elementor-column-gap-default\">\n\t\t\t\t\t<div class=\"elementor-column elementor-col-20 elementor-top-column elementor-element elementor-element-6c7321b1\" data-id=\"6c7321b1\" data-element_type=\"column\" data-e-type=\"column\">\n\t\t\t<div class=\"elementor-widget-wrap elementor-element-populated\">\n\t\t\t\t\t\t<div class=\"elementor-element elementor-element-5f0789cf elementor-widget elementor-widget-heading\" data-id=\"5f0789cf\" data-element_type=\"widget\" data-e-type=\"widget\" data-widget_type=\"heading.default\">\n\t\t\t\t<div class=\"elementor-widget-container\">\n\t\t\t\t\t<h1 class=\"elementor-heading-title elementor-size-default\">Configurateur<\/h1>\t\t\t\t<\/div>\n\t\t\t\t<\/div>\n\t\t\t\t<div class=\"elementor-element elementor-element-1acb2a1 elementor-widget elementor-widget-image\" data-id=\"1acb2a1\" data-element_type=\"widget\" data-e-type=\"widget\" data-widget_type=\"image.default\">\n\t\t\t\t<div class=\"elementor-widget-container\">\n\t\t\t\t\t\t\t\t\t\t\t\t\t\t\t<img fetchpriority=\"high\" decoding=\"async\" width=\"600\" height=\"400\" src=\"https:\/\/www.m-stickers.com\/wp-content\/uploads\/2022\/02\/miniature-harley-david.webp\" class=\"attachment-large size-large wp-image-24274\" alt=\"\" srcset=\"https:\/\/www.m-stickers.com\/wp-content\/uploads\/2022\/02\/miniature-harley-david.webp 600w, https:\/\/www.m-stickers.com\/wp-content\/uploads\/2022\/02\/miniature-harley-david-300x200.webp 300w\" sizes=\"(max-width: 600px) 100vw, 600px\" \/>\t\t\t\t\t\t\t\t\t\t\t\t\t\t\t<\/div>\n\t\t\t\t<\/div>\n\t\t\t\t<div class=\"elementor-element elementor-element-4def1f6d elementor-widget elementor-widget-heading\" data-id=\"4def1f6d\" data-element_type=\"widget\" data-e-type=\"widget\" data-widget_type=\"heading.default\">\n\t\t\t\t<div class=\"elementor-widget-container\">\n\t\t\t\t\t<h1 class=\"elementor-heading-title elementor-size-default\">Personnalisez vos stickers de jantes Harley<\/h1>\t\t\t\t<\/div>\n\t\t\t\t<\/div>\n\t\t\t\t\t<\/div>\n\t\t<\/div>\n\t\t\t\t<div class=\"elementor-column elementor-col-20 elementor-top-column elementor-element elementor-element-27f8014f\" data-id=\"27f8014f\" data-element_type=\"column\" data-e-type=\"column\" data-settings=\"{&quot;background_background&quot;:&quot;classic&quot;}\">\n\t\t\t<div class=\"elementor-widget-wrap\">\n\t\t\t\t\t\t\t<\/div>\n\t\t<\/div>\n\t\t\t\t<div class=\"elementor-column elementor-col-20 elementor-top-column elementor-element elementor-element-47ffdd8\" data-id=\"47ffdd8\" data-element_type=\"column\" data-e-type=\"column\" data-settings=\"{&quot;background_background&quot;:&quot;gradient&quot;}\">\n\t\t\t<div class=\"elementor-widget-wrap\">\n\t\t\t\t\t\t\t<\/div>\n\t\t<\/div>\n\t\t\t\t<div class=\"elementor-column elementor-col-20 elementor-top-column elementor-element elementor-element-1704b53d\" data-id=\"1704b53d\" data-element_type=\"column\" data-e-type=\"column\">\n\t\t\t<div class=\"elementor-widget-wrap elementor-element-populated\">\n\t\t\t\t\t\t<div class=\"elementor-element elementor-element-4b5dec3 elementor-widget elementor-widget-heading\" data-id=\"4b5dec3\" data-element_type=\"widget\" data-e-type=\"widget\" data-widget_type=\"heading.default\">\n\t\t\t\t<div class=\"elementor-widget-container\">\n\t\t\t\t\t<h2 class=\"elementor-heading-title elementor-size-default\"><a href=\"https:\/\/www.m-stickers.com\/configurator\/configure\/24272\/\">Breakout<\/a><\/h2>\t\t\t\t<\/div>\n\t\t\t\t<\/div>\n\t\t\t\t<div class=\"elementor-element elementor-element-e7d76ad elementor-widget elementor-widget-heading\" data-id=\"e7d76ad\" data-element_type=\"widget\" data-e-type=\"widget\" data-widget_type=\"heading.default\">\n\t\t\t\t<div class=\"elementor-widget-container\">\n\t\t\t\t\t<h2 class=\"elementor-heading-title elementor-size-default\"><a href=\"https:\/\/www.m-stickers.com\/configurator\/configure\/30901\/\">Dyna<\/a><\/h2>\t\t\t\t<\/div>\n\t\t\t\t<\/div>\n\t\t\t\t<div class=\"elementor-element elementor-element-90f94a1 elementor-widget elementor-widget-heading\" data-id=\"90f94a1\" data-element_type=\"widget\" data-e-type=\"widget\" data-widget_type=\"heading.default\">\n\t\t\t\t<div class=\"elementor-widget-container\">\n\t\t\t\t\t<h2 class=\"elementor-heading-title elementor-size-default\"><a href=\"https:\/\/www.m-stickers.com\/configurator\/configure\/34367\/\">Fatboy<\/a><\/h2>\t\t\t\t<\/div>\n\t\t\t\t<\/div>\n\t\t\t\t<div class=\"elementor-element elementor-element-ad1529d elementor-widget elementor-widget-heading\" data-id=\"ad1529d\" data-element_type=\"widget\" data-e-type=\"widget\" data-widget_type=\"heading.default\">\n\t\t\t\t<div class=\"elementor-widget-container\">\n\t\t\t\t\t<h2 class=\"elementor-heading-title elementor-size-default\"><a href=\"https:\/\/www.m-stickers.com\/configurator\/configure\/30844\/\">Pan America<\/a><\/h2>\t\t\t\t<\/div>\n\t\t\t\t<\/div>\n\t\t\t\t\t<\/div>\n\t\t<\/div>\n\t\t\t\t<div class=\"elementor-column elementor-col-20 elementor-top-column elementor-element elementor-element-365e0157\" data-id=\"365e0157\" data-element_type=\"column\" data-e-type=\"column\">\n\t\t\t<div class=\"elementor-widget-wrap\">\n\t\t\t\t\t\t\t<\/div>\n\t\t<\/div>\n\t\t\t\t\t<\/div>\n\t\t<\/section>\n\t\t\t\t<section class=\"elementor-section elementor-top-section elementor-element elementor-element-f1b983d elementor-section-boxed elementor-section-height-default elementor-section-height-default\" data-id=\"f1b983d\" data-element_type=\"section\" data-e-type=\"section\">\n\t\t\t\t\t\t<div class=\"elementor-container elementor-column-gap-default\">\n\t\t\t\t\t<div class=\"elementor-column elementor-col-100 elementor-top-column elementor-element elementor-element-0c3e397\" data-id=\"0c3e397\" data-element_type=\"column\" data-e-type=\"column\">\n\t\t\t<div class=\"elementor-widget-wrap elementor-element-populated\">\n\t\t\t\t\t\t<div class=\"elementor-element elementor-element-97da38d elementor-widget elementor-widget-heading\" data-id=\"97da38d\" data-element_type=\"widget\" data-e-type=\"widget\" data-widget_type=\"heading.default\">\n\t\t\t\t<div class=\"elementor-widget-container\">\n\t\t\t\t\t<h2 class=\"elementor-heading-title elementor-size-large\"><a href=\"https:\/\/www.m-stickers.com\/produit\/ta-moto-nest-pas-referencee\/\">Votre moto n\u2019est pas r\u00e9f\u00e9renc\u00e9e ?<\/a><\/h2>\t\t\t\t<\/div>\n\t\t\t\t<\/div>\n\t\t\t\t<div class=\"elementor-element elementor-element-9317201 elementor-button-danger elementor-align-center elementor-widget elementor-widget-button\" data-id=\"9317201\" data-element_type=\"widget\" data-e-type=\"widget\" data-widget_type=\"button.default\">\n\t\t\t\t<div class=\"elementor-widget-container\">\n\t\t\t\t\t\t\t\t\t<div class=\"elementor-button-wrapper\">\n\t\t\t\t\t<a class=\"elementor-button elementor-button-link elementor-size-sm\" href=\"https:\/\/www.m-stickers.com\/produit\/ta-moto-nest-pas-referencee\/\">\n\t\t\t\t\t\t<span class=\"elementor-button-content-wrapper\">\n\t\t\t\t\t\t\t\t\t<span class=\"elementor-button-text\">Cliquez ici !<\/span>\n\t\t\t\t\t<\/span>\n\t\t\t\t\t<\/a>\n\t\t\t\t<\/div>\n\t\t\t\t\t\t\t\t<\/div>\n\t\t\t\t<\/div>\n\t\t\t\t\t<\/div>\n\t\t<\/div>\n\t\t\t\t\t<\/div>\n\t\t<\/section>\n\t\t\t\t<section class=\"elementor-section elementor-top-section elementor-element elementor-element-4f05d05 elementor-section-boxed elementor-section-height-default elementor-section-height-default\" data-id=\"4f05d05\" data-element_type=\"section\" data-e-type=\"section\">\n\t\t\t\t\t\t<div class=\"elementor-container elementor-column-gap-default\">\n\t\t\t\t\t<div class=\"elementor-column elementor-col-100 elementor-top-column elementor-element elementor-element-3bb5ca1\" data-id=\"3bb5ca1\" data-element_type=\"column\" data-e-type=\"column\">\n\t\t\t<div class=\"elementor-widget-wrap elementor-element-populated\">\n\t\t\t\t\t\t<div class=\"elementor-element elementor-element-3f25b1c elementor-widget-divider--view-line elementor-widget elementor-widget-divider\" data-id=\"3f25b1c\" data-element_type=\"widget\" data-e-type=\"widget\" data-widget_type=\"divider.default\">\n\t\t\t\t<div class=\"elementor-widget-container\">\n\t\t\t\t\t\t\t<div class=\"elementor-divider\">\n\t\t\t<span class=\"elementor-divider-separator\">\n\t\t\t\t\t\t<\/span>\n\t\t<\/div>\n\t\t\t\t\t\t<\/div>\n\t\t\t\t<\/div>\n\t\t\t\t<div class=\"elementor-element elementor-element-4e0744e elementor-widget elementor-widget-text-editor\" data-id=\"4e0744e\" data-element_type=\"widget\" data-e-type=\"widget\" data-widget_type=\"text-editor.default\">\n\t\t\t\t<div class=\"elementor-widget-container\">\n\t\t\t\t\t\t\t\t\t<h1>Personnalisez votre b\u00e9cane avec des stickers jantes moto Harley Davidson<\/h1><p><strong>Personnalisez<\/strong>\u00a0les jantes de votre moto avec nos<strong> stickers jantes moto Harley Davidson<\/strong>.<br \/>Vous trouverez des stickers de jantes moto, mais aussi des liserets ou des kits complets pour changer ou cr\u00e9er l&rsquo;identit\u00e9 de votre moto avec des autocollants de qualit\u00e9.<\/p><p>Ce sont les d\u00e9tails qui font la diff\u00e9rence, parfaits pour <strong>se d\u00e9marquer<\/strong> m\u00eame au milieu 10 motos, nos stickers sont 100% personnalisables afin de r\u00e9pondre \u00e0 vos envies !<\/p><p>Vous pouvez choisir notre <a href=\"https:\/\/www.m-stickers.com\/categorie-produit\/kits-stickers-jantes-moto-complet\/harley-davidson\/\">kit pr\u00e9-configur\u00e9<\/a> dans lequel vous pouvez changer la couleur ou choisir de pousser plus loin la personnalisation et vous lancer dans notre <a href=\"https:\/\/www.m-stickers.com\/categorie-configurator-harley-davidson\/\">configurateur<\/a>, pour une cr\u00e9ation de A \u00e0 Z.<\/p><p>Personnalisez un \u00e0 un les \u00e9l\u00e9ments de votre kit :<\/p><ul><li>Liserets,<\/li><li>Stickers de marque,<\/li><li>Logo de marque,<\/li><li>Int\u00e9rieur de jante,<\/li><li>Coloris,<\/li><li>Effet.<\/li><\/ul><p>Vous aurez le choix entre plusieurs designs de stickers Harley, pour <strong>r\u00e9pondre \u00e0 vos envies<\/strong> et cr\u00e9er le kit qui vous correspond.<br \/>Les couleurs correspondent aux chartes graphiques du constructeur, mais vous pouvez aussi demander une nuance sp\u00e9ciale en envoyant votre code couleur lors de votre commande : #&#8230;<br \/>Le configurateur permet aussi de changer le contenu texte et le remplacer par un nom de team ou un num\u00e9ro.<\/p><p>Vous pouvez aussi ajouter un <strong>sticker d&rsquo;int\u00e9rieur de jante<\/strong> pour recouvrir vos jantes et avoir un style plus intense.<\/p><p>Et finalement, terminez votre style avec <a href=\"https:\/\/www.m-stickers.com\/nos-effets-de-stickers\">l&rsquo;effet<\/a> de votre choix.<br \/>L&rsquo;effet de base est brillant mais vous pouvez choisir l&rsquo;effet<span style=\"color: #ff0000;\"> mat, holographique, photoluminescent, r\u00e9fl\u00e9chissant, fluor\u00e9scent.<\/span><\/p><p>Les effets sont id\u00e9aux pour \u00eatre plus visible ou pour renforcer l&rsquo;esth\u00e9tique haut de gamme.<br \/>Retrouvez nos <a href=\"https:\/\/www.m-stickers.com\/2022\/01\/24\/stickers-jante-moto-personnalise-choisir\/\">astuces personnalisation<\/a> pour vous aider lors de votre choix.<\/p><h2>Les stickers adapt\u00e9 \u00e0 votre mod\u00e8le de Harley<\/h2><p>Car il n&rsquo;y a pas de limite \u00e0 la customisation, chez M-Stickers, nous proposons des <strong>stickers jantes moto pour tous les mod\u00e8les de Harley Davidson<\/strong>.<\/p><p>Sublimez votre monture avec nos kits de qualit\u00e9, permanents et en accord avec la gamme du constructeur.<\/p><p>Retrouvez les stickers jantes moto Harley Davidson pour les mod\u00e8les : <span style=\"color: #ff0000;\">CVO \/ Dyna \/ Fat Bob \/ Freewheeler \/ Heritage Softail \/ Road King \/ Roadster \/ Street Bob \/ Rocket\u00a0<\/span><\/p><p>Et si votre mod\u00e8le n&rsquo;est pas r\u00e9f\u00e9renc\u00e9 sur le site, vous pouvez nous <a href=\"https:\/\/www.m-stickers.com\/contact\/\">contacter<\/a> ici pour un kit sur-mesure !<\/p><h2>Des stickers durables, premium et 100% fran\u00e7ais<\/h2><p>Parce qu&rsquo;en tant que motards, nous savons que les motos subissent des <strong>contraintes physiques<\/strong>, nos <strong>stickers jantes moto Harley Davidson<\/strong> sont con\u00e7us pour resister aux intemp\u00e9ries et aux sollicitations.<\/p><p>Le secret pas si secret, des mat\u00e9riaux de haute qualit\u00e9 : <strong>vinyle haut de gamme<\/strong>\u00a0pour une tenue durable, <strong>colle monom\u00e8re 100\u03bc permanente<\/strong> pour une tenue optimale et vernis <strong>r\u00e9sistant aux UV et aux intemp\u00e9ries<\/strong> pour rouler par toute saison.<\/p><p>Notre \u00e9quipe Lyonnaise cr\u00e9\u00e9e avec passion vos <strong>stickers jantes moto Harley Davidson.\u00a0<\/strong><br \/>Par des motards, pour les motards, n&rsquo;ajoutez que le meilleur sur votre b\u00e9cane.<\/p><p>Vous pouvez aussi <a href=\"https:\/\/www.m-stickers.com\/contact\/\">nous contacter<\/a> pour tous vos projets de cr\u00e9ation et de personnalisation <strong>Harley Davidson<\/strong>.<br \/>Ne vous bridez plus \u00e0 ce qui existe d\u00e9j\u00e0 sur internet.<\/p><p>Pour une pose optimale et une tenue longue dur\u00e9e, consultez nos <a href=\"https:\/\/www.m-stickers.com\/tuto-comment-poser-ses-stickers-de-jantes-moto\/\">guides de pose<\/a> !<br \/>Et retrouvez toutes les infos et astuces concernant les <a href=\"https:\/\/www.m-stickers.com\/2022\/01\/24\/stickers-jante-moto-personnalise-choisir\/\">stickers de jantes moto.<\/a><\/p><p>\u00a0<\/p>\t\t\t\t\t\t\t\t<\/div>\n\t\t\t\t<\/div>\n\t\t\t\t<div class=\"elementor-element elementor-element-efcd113 elementor-widget elementor-widget-html\" data-id=\"efcd113\" data-element_type=\"widget\" data-e-type=\"widget\" data-widget_type=\"html.default\">\n\t\t\t\t<div class=\"elementor-widget-container\">\n\t\t\t\t\t<!-- Google Tag Manager -->\r\n<script>(function(w,d,s,l,i){w[l]=w[l]||[];w[l].push({'gtm.start':\r\nnew Date().getTime(),event:'gtm.js'});var f=d.getElementsByTagName(s)[0],\r\nj=d.createElement(s),dl=l!='dataLayer'?'&l='+l:'';j.async=true;j.src=\r\n'https:\/\/www.googletagmanager.com\/gtm.js?id='+i+dl;f.parentNode.insertBefore(j,f);\r\n})(window,document,'script','dataLayer','GTM-5WBV2JH');<\/script>\r\n<!-- End Google Tag Manager -->\r\n<head>\r\n\r\n<!-- Global site tag (gtag.js) - Google Ads: 966835575 --> <script async src=\"https:\/\/www.googletagmanager.com\/gtag\/js?id=AW-966835575\"><\/script> <script> window.dataLayer = window.dataLayer || []; function gtag(){dataLayer.push(arguments);} gtag('js', new Date()); gtag('config', 'AW-966835575'); <\/script>\r\n\r\n<\/head>\r\n<!-- Google Tag Manager (noscript) -->\r\n<noscript><iframe src=\"https:\/\/www.googletagmanager.com\/ns.html?id=GTM-5WBV2JH\"\r\nheight=\"0\" width=\"0\" style=\"display:none;visibility:hidden\"><\/iframe><\/noscript>\r\n<!-- End Google Tag Manager (noscript) -->\t\t\t\t<\/div>\n\t\t\t\t<\/div>\n\t\t\t\t\t<\/div>\n\t\t<\/div>\n\t\t\t\t\t<\/div>\n\t\t<\/section>\n\t\t\t\t<\/div>\n\t\t","protected":false},"excerpt":{"rendered":"<p>Configurateur Personnalisez vos stickers de jantes Harley Breakout Dyna Fatboy Pan America Votre moto n\u2019est pas r\u00e9f\u00e9renc\u00e9e ? Cliquez ici ! Personnalisez votre b\u00e9cane avec des stickers jantes moto Harley Davidson Personnalise\u00a0les jantes de votre moto avec nos stickers jantes moto Harley Davidson.Vous trouverez des stickers de jantes moto, mais aussi des liserets ou des [&hellip;]<\/p>\n","protected":false},"author":1,"featured_media":24273,"parent":0,"menu_order":0,"comment_status":"closed","ping_status":"closed","template":"","meta":{"footnotes":""},"class_list":["post-24276","page","type-page","status-publish","has-post-thumbnail","hentry","entry","has-media","owp-thumbs-layout-horizontal","owp-btn-big","owp-tabs-layout-horizontal","has-no-thumbnails"],"_links":{"self":[{"href":"https:\/\/www.m-stickers.com\/nl\/wp-json\/wp\/v2\/pages\/24276","targetHints":{"allow":["GET"]}}],"collection":[{"href":"https:\/\/www.m-stickers.com\/nl\/wp-json\/wp\/v2\/pages"}],"about":[{"href":"https:\/\/www.m-stickers.com\/nl\/wp-json\/wp\/v2\/types\/page"}],"author":[{"embeddable":true,"href":"https:\/\/www.m-stickers.com\/nl\/wp-json\/wp\/v2\/users\/1"}],"replies":[{"embeddable":true,"href":"https:\/\/www.m-stickers.com\/nl\/wp-json\/wp\/v2\/comments?post=24276"}],"version-history":[{"count":7,"href":"https:\/\/www.m-stickers.com\/nl\/wp-json\/wp\/v2\/pages\/24276\/revisions"}],"predecessor-version":[{"id":59155,"href":"https:\/\/www.m-stickers.com\/nl\/wp-json\/wp\/v2\/pages\/24276\/revisions\/59155"}],"wp:featuredmedia":[{"embeddable":true,"href":"https:\/\/www.m-stickers.com\/nl\/wp-json\/wp\/v2\/media\/24273"}],"wp:attachment":[{"href":"https:\/\/www.m-stickers.com\/nl\/wp-json\/wp\/v2\/media?parent=24276"}],"curies":[{"name":"motorfiets","href":"https:\/\/api.w.org\/{rel}","templated":true}]}}