{"id":3,"date":"2020-11-06T17:15:35","date_gmt":"2020-11-06T16:15:35","guid":{"rendered":"https:\/\/www.m-stickers.com\/?page_id=3"},"modified":"2026-01-14T19:18:13","modified_gmt":"2026-01-14T18:18:13","slug":"privacy-policy","status":"publish","type":"page","link":"https:\/\/www.m-stickers.com\/nl\/politique-de-confidentialite\/","title":{"rendered":"Privacybeleid"},"content":{"rendered":"<div data-elementor-type=\"wp-page\" data-elementor-id=\"3\" class=\"elementor elementor-3\" data-elementor-post-type=\"page\">\n\t\t\t\t\t\t<section class=\"elementor-section elementor-top-section elementor-element elementor-element-61d10604 elementor-section-boxed elementor-section-height-default elementor-section-height-default\" data-id=\"61d10604\" data-element_type=\"section\" data-e-type=\"section\">\n\t\t\t\t\t\t<div class=\"elementor-container elementor-column-gap-default\">\n\t\t\t\t\t<div class=\"elementor-column elementor-col-100 elementor-top-column elementor-element elementor-element-6e9344dc\" data-id=\"6e9344dc\" data-element_type=\"column\" data-e-type=\"column\">\n\t\t\t<div class=\"elementor-widget-wrap elementor-element-populated\">\n\t\t\t\t\t\t<div class=\"elementor-element elementor-element-374846cd elementor-widget elementor-widget-text-editor\" data-id=\"374846cd\" data-element_type=\"widget\" data-e-type=\"widget\" data-widget_type=\"text-editor.default\">\n\t\t\t\t<div class=\"elementor-widget-container\">\n\t\t\t\t\t\t\t\t\t<p><\/p>\n<h1 class=\"wp-block-heading\" style=\"text-align: center;\" data-start=\"376\" data-end=\"408\">GEHEIMHOUDINGSBELEID<\/h1>\n<p data-start=\"409\" data-end=\"451\"><strong data-start=\"409\" data-end=\"451\">Website: M-Stickers \u2013 <a class=\"decorated-link\" href=\"http:\/\/www.m-stickers.com\/nl\/\" target=\"_new\" rel=\"noopener\" data-start=\"431\" data-end=\"449\">www.m-stickers.com<\/a><\/strong><\/p>\n<hr data-start=\"511\" data-end=\"514\" \/>\n<h2 data-start=\"516\" data-end=\"540\">ARTIKEL 1 \u2013 PREAMBULE<\/h2>\n<p data-start=\"542\" data-end=\"674\">Dit privacybeleid is van toepassing op de website <strong data-start=\"611\" data-end=\"633\"><a class=\"decorated-link\" href=\"http:\/\/www.m-stickers.com\/nl\/\" target=\"_new\" rel=\"noopener\" data-start=\"613\" data-end=\"631\">www.m-stickers.com<\/a><\/strong>, beheerd onder het merk <strong data-start=\"659\" data-end=\"673\">M-Stickers<\/strong>.<br \/><span style=\"font-size: 17px;\">Het merk <\/span><strong style=\"font-size: 17px;\" data-start=\"686\" data-end=\"700\">M-Stickers<\/strong><span style=\"font-size: 17px;\"> is een merknaam die wordt ge\u00ebxploiteerd door het bedrijf <\/span><strong style=\"font-size: 17px;\" data-start=\"753\" data-end=\"773\">MSTKS HOLDING<\/strong><span style=\"font-size: 17px;\">, hierna te noemen \u00abde Uitgever\u00bb.<\/span><\/p>\n<p data-start=\"809\" data-end=\"882\">Dit beleid heeft tot doel de gebruikers van de site te informeren over:<\/p>\n<ul>\n<li data-start=\"886\" data-end=\"958\">hoe hun persoonsgegevens worden verzameld en verwerkt; ;<\/li>\n<li data-start=\"886\" data-end=\"958\"><span style=\"font-size: 17px;\">de rechten die zij hebben met betrekking tot deze gegevens; ;<\/span><\/li>\n<li data-start=\"1018\" data-end=\"1089\">de verantwoordelijkheden van de Uitgever op het gebied van gegevensbescherming; ;<\/li>\n<li data-start=\"1092\" data-end=\"1128\">het eventuele gebruik van cookies.<\/li>\n<\/ul>\n<p data-start=\"1130\" data-end=\"1245\">Dit beleid vult aan de <strong data-start=\"1159\" data-end=\"1179\">Juridische mededelingen<\/strong> en de <strong data-start=\"1187\" data-end=\"1220\">Algemene Verkoopvoorwaarden<\/strong> toegankelijk op de website.<\/p>\n<p data-start=\"1130\" data-end=\"1245\">\u00a0<\/p>\n<hr data-start=\"1247\" data-end=\"1250\" \/>\n<h2 data-start=\"1252\" data-end=\"1326\">ARTIKEL 2 \u2013 ALGEMENE BEGINSELEN VOOR HET VERZAMELEN EN VERWERKEN VAN GEGEVENS<\/h2>\n<p data-start=\"1328\" data-end=\"1449\">Conform de <strong data-start=\"1344\" data-end=\"1416\">Algemene Verordening Gegevensbescherming (AVG \u2013 EU 2016\/679)<\/strong>, de persoonlijke gegevens zijn:<\/p>\n<ul>\n<li data-start=\"1453\" data-end=\"1511\">verzameld door middel van <strong data-start=\"1475\" data-end=\"1509\">geoorloofd, eerlijk en transparant<\/strong> ;<\/li>\n<li data-start=\"1514\" data-end=\"1585\">gebruikt voor <strong data-start=\"1533\" data-end=\"1583\">bepaalde, uitdrukkelijke en legitieme doeleinden<\/strong> ;<\/li>\n<li data-start=\"1588\" data-end=\"1638\"><strong data-start=\"1588\" data-end=\"1600\">beperkt<\/strong> aan wat strikt noodzakelijk is; ;<\/li>\n<li data-start=\"1641\" data-end=\"1680\"><strong data-start=\"1641\" data-end=\"1678\">beperkte tijd bewaard<\/strong> ;<\/li>\n<li data-start=\"1683\" data-end=\"1759\">beschermd door maatregelen die hun garanderen <strong data-start=\"1727\" data-end=\"1758\">veiligheid en vertrouwelijkheid<\/strong>.<\/li>\n<\/ul>\n<p data-start=\"1761\" data-end=\"1833\">De gegevensverwerking is gebaseerd op een van de volgende wettelijke grondslagen:<\/p>\n<ul>\n<li data-start=\"1836\" data-end=\"1870\">de toestemming van de gebruiker; ;<\/li>\n<li data-start=\"1873\" data-end=\"1937\">de uitvoering van een contract (bestelling, levering, klantenservice); ;<\/li>\n<li data-start=\"1940\" data-end=\"1974\">de naleving van wettelijke verplichtingen; ;<\/li>\n<li data-start=\"1977\" data-end=\"2045\">het legitieme belang van de Uitgever (dienstverbetering, beveiliging).<\/li>\n<\/ul>\n<p>\u00a0<\/p>\n<hr data-start=\"2047\" data-end=\"2050\" \/>\n<h2 data-start=\"2052\" data-end=\"2098\">ARTIKEL 3 \u2013 VERZAMELDE PERSOONSGEGEVENS<\/h2>\n<h3 data-start=\"2100\" data-end=\"2126\">3.1 Verzamelde gegevens<\/h3>\n<p data-start=\"2128\" data-end=\"2210\">De gegevens die op de M-Stickers website kunnen worden verzameld zijn onder andere:<\/p>\n<ul>\n<li data-start=\"2214\" data-end=\"2229\">Naam en voornaam<\/li>\n<li data-start=\"2232\" data-end=\"2249\">Postadres<\/li>\n<li data-start=\"2252\" data-end=\"2268\">E-mailadres<\/li>\n<li data-start=\"2271\" data-end=\"2292\">Telefoonnummer<\/li>\n<li data-start=\"2295\" data-end=\"2365\">Bestel- en betalingsinformatie (via beveiligde providers)<\/li>\n<li data-start=\"2368\" data-end=\"2413\">IP-adres en navigatiegegevens (cookies)<\/li>\n<\/ul>\n<h3 data-start=\"2415\" data-end=\"2439\">3.2 Wijze van afhaling<\/h3>\n<p data-start=\"2441\" data-end=\"2492\">Deze gegevens worden verzameld wanneer de gebruiker:<\/p>\n<ul>\n<li data-start=\"2496\" data-end=\"2528\">plaats een bestelling op de website; ;<\/li>\n<li data-start=\"2531\" data-end=\"2554\">Maak een klantenaccount aan; ;<\/li>\n<li data-start=\"2557\" data-end=\"2591\">een contactformulier in te vullen; ;<\/li>\n<li data-start=\"2594\" data-end=\"2626\">ruilen met de klantenservice; ;<\/li>\n<li data-start=\"2629\" data-end=\"2659\">navigue sur le site (cookies).<\/li>\n<\/ul>\n<p>\u00a0<\/p>\n<hr data-start=\"2661\" data-end=\"2664\" \/>\n<h2 data-start=\"2666\" data-end=\"2704\">ARTIKEL 4 \u2013 DOELEINDEN VAN DE VERWERKING<\/h2>\n<p data-start=\"2706\" data-end=\"2766\">Persoonsgegevens worden uitsluitend gebruikt voor:<\/p>\n<ul>\n<li data-start=\"2770\" data-end=\"2811\">het verwerken en volgen van bestellingen; ;<\/li>\n<li data-start=\"2814\" data-end=\"2848\">klantrelatiebeheer; ;<\/li>\n<li data-start=\"2851\" data-end=\"2882\">de facturatie en de betaling; ;<\/li>\n<li data-start=\"2885\" data-end=\"2912\">de levering van de producten; ;<\/li>\n<li data-start=\"2915\" data-end=\"2967\">de klantenservice en het garantiebeheer; ;<\/li>\n<li data-start=\"2970\" data-end=\"3014\">de verbetering van de gebruikerservaring; ;<\/li>\n<li data-start=\"3017\" data-end=\"3055\">de naleving van de wettelijke verplichtingen.<\/li>\n<\/ul>\n<p data-start=\"3057\" data-end=\"3170\">Geen gegevens worden gebruikt voor onbedoelde commerci\u00eble doeleinden zonder de uitdrukkelijke toestemming van de gebruiker.<\/p>\n<p data-start=\"3057\" data-end=\"3170\">\u00a0<\/p>\n<hr data-start=\"3172\" data-end=\"3175\" \/>\n<h2 data-start=\"3177\" data-end=\"3228\">ARTIKEL 5 \u2013 GEGEVENSOVERDRACHT AAN DERDEN<\/h2>\n<p data-start=\"3230\" data-end=\"3365\">Persoonlijke gegevens mogen uitsluitend worden doorgegeven aan derden die strikt noodzakelijk zijn voor de uitvoering van de diensten, waaronder:<\/p>\n<ul>\n<li data-start=\"3369\" data-end=\"3412\">betalingsdienstaanbieders (Stripe, PayPal) ;<\/li>\n<li data-start=\"3415\" data-end=\"3457\">logistieke en leveringsdiensten; ;<\/li>\n<li data-start=\"3460\" data-end=\"3479\">sitehost; ;<\/li>\n<li data-start=\"3482\" data-end=\"3523\">analysehulpmiddelen en hulpmiddelen voor publieksmeting.<\/li>\n<\/ul>\n<p data-start=\"3525\" data-end=\"3652\">Deze dienstverleners zijn contractueel verplicht om de vertrouwelijkheid en veiligheid van gegevens te respecteren, in overeenstemming met de AVG.<\/p>\n<p data-start=\"3654\" data-end=\"3739\">De gegevens zijn niet <strong data-start=\"3674\" data-end=\"3692\">nooit verkocht<\/strong> noch voor commerci\u00eble doeleinden aan derden verkocht.<\/p>\n<p data-start=\"3654\" data-end=\"3739\">\u00a0<\/p>\n<hr data-start=\"3741\" data-end=\"3744\" \/>\n<h2 data-start=\"3746\" data-end=\"3784\">ARTIKEL 6 \u2013 GEGEVENS HOSTING<\/h2>\n<p data-start=\"3786\" data-end=\"3822\">De M-Stickers website wordt gehost door:<\/p>\n<ul>\n<li><strong data-start=\"3824\" data-end=\"3831\">OVH<\/strong><\/li>\n<\/ul>\n<p>De gegevens worden gehost binnen de Europese Unie of in landen die een adequaat beschermingsniveau bieden in de zin van de AVG.<\/p>\n<p>\u00a0<\/p>\n<hr data-start=\"3966\" data-end=\"3969\" \/>\n<h2 data-start=\"3971\" data-end=\"4011\">ARTIKEL 7 \u2013 VERWERKINGSVERANTWOORDELIJKE<\/h2>\n<p data-start=\"4013\" data-end=\"4059\">De verantwoordelijke voor de gegevensverwerking is:<\/p>\n<p data-start=\"4061\" data-end=\"4122\"><strong data-start=\"4061\" data-end=\"4081\">MSTKS HOLDING<\/strong><br data-start=\"4081\" data-end=\"4084\" \/>Exploitant van het merk <strong data-start=\"4108\" data-end=\"4122\">M-Stickers<\/strong><\/p>\n<p data-start=\"4124\" data-end=\"4165\">Contact:<br data-start=\"4133\" data-end=\"4136\" \/><img decoding=\"async\" class=\"emoji\" role=\"img\" draggable=\"false\" src=\"https:\/\/s.w.org\/images\/core\/emoji\/17.0.2\/svg\/1f4e7.svg\" alt=\"\ud83d\udce7\" \/> <strong data-start=\"4139\" data-end=\"4165\"><a class=\"decorated-link cursor-pointer\" rel=\"noopener\" data-start=\"4141\" data-end=\"4163\">contact@m-stickers.com<\/a><\/strong><\/p>\n<p data-start=\"4167\" data-end=\"4273\">De verwerkingsverantwoordelijke bepaalt het doel en de middelen van de verwerking van persoonsgegevens.<\/p>\n<p data-start=\"4167\" data-end=\"4273\">\u00a0<\/p>\n<hr data-start=\"4275\" data-end=\"4278\" \/>\n<h2 data-start=\"4280\" data-end=\"4328\">ARTIKEL 8 \u2013 BEWAARTERMIJN VOOR GEGEVENS<\/h2>\n<p data-start=\"4330\" data-end=\"4372\">Persoonsgegevens worden bewaard:<\/p>\n<ul>\n<li data-start=\"4376\" data-end=\"4430\">voor de duur die nodig is voor de uitvoering van het contract; ;<\/li>\n<li data-start=\"4433\" data-end=\"4531\">daarna gearchiveerd voor een maximale duur van <strong data-start=\"4475\" data-end=\"4484\">5 jaar<\/strong> voor wettelijke, boekhoudkundige of bewijsdoeleinden.<\/li>\n<\/ul>\n<p data-start=\"4533\" data-end=\"4585\">Daarboven worden gegevens verwijderd of geanonimiseerd.<\/p>\n<p data-start=\"4533\" data-end=\"4585\">\u00a0<\/p>\n<hr data-start=\"4587\" data-end=\"4590\" \/>\n<h2 data-start=\"4592\" data-end=\"4630\">ARTIKEL 9 \u2013 RECHTEN VAN GEBRUIKERS<\/h2>\n<p data-start=\"4632\" data-end=\"4697\">Conform de AVG, heeft de gebruiker de volgende rechten:<\/p>\n<ul>\n<li data-start=\"4701\" data-end=\"4734\"><strong data-start=\"4701\" data-end=\"4718\">toegangsrecht<\/strong> aan zijn gegevens; ;<\/li>\n<li data-start=\"4737\" data-end=\"4765\"><strong data-start=\"4737\" data-end=\"4763\">recht op rectificatie<\/strong> ;<\/li>\n<li data-start=\"4768\" data-end=\"4794\"><strong data-start=\"4768\" data-end=\"4792\">recht op wissen<\/strong> ;<\/li>\n<li data-start=\"4797\" data-end=\"4838\"><strong data-start=\"4797\" data-end=\"4836\">recht op beperking van de verwerking<\/strong> ;<\/li>\n<li data-start=\"4841\" data-end=\"4865\"><strong data-start=\"4841\" data-end=\"4863\">recht van bezwaar<\/strong> ;<\/li>\n<li data-start=\"4868\" data-end=\"4908\"><strong data-start=\"4868\" data-end=\"4894\">recht op overdraagbaarheid<\/strong> gegevens ;<\/li>\n<li data-start=\"4911\" data-end=\"4963\"><strong data-start=\"4911\" data-end=\"4948\">recht om uw toestemming in te trekken<\/strong> op elk moment.<\/li>\n<\/ul>\n<p data-start=\"4965\" data-end=\"5052\">Om zijn rechten uit te oefenen, kan de gebruiker contact opnemen met:<br data-start=\"5020\" data-end=\"5023\" \/><img decoding=\"async\" class=\"emoji\" role=\"img\" draggable=\"false\" src=\"https:\/\/s.w.org\/images\/core\/emoji\/17.0.2\/svg\/1f4e7.svg\" alt=\"\ud83d\udce7\" \/> <strong data-start=\"5026\" data-end=\"5052\"><a class=\"decorated-link cursor-pointer\" rel=\"noopener\" data-start=\"5028\" data-end=\"5050\">contact@m-stickers.com<\/a><\/strong><\/p>\n<p data-start=\"5054\" data-end=\"5118\">Een antwoord wordt binnen een maximale termijn van <strong data-start=\"5105\" data-end=\"5117\">30 dagen<\/strong>.<\/p>\n<p data-start=\"5120\" data-end=\"5251\">De gebruiker kan ook een klacht indienen bij de bevoegde toezichthoudende autoriteit (CNIL of gelijkwaardige autoriteit).<\/p>\n<p data-start=\"5120\" data-end=\"5251\">\u00a0<\/p>\n<hr data-start=\"5253\" data-end=\"5256\" \/>\n<h2 data-start=\"5258\" data-end=\"5293\">ARTIKEL 10 \u2013 GEGEVENS VAN MINDERJARIGEN<\/h2>\n<p data-start=\"5295\" data-end=\"5439\">De M-Stickers website is niet bedoeld voor personen onder de <strong data-start=\"5358\" data-end=\"5368\">15 jaar<\/strong>.<br data-start=\"5369\" data-end=\"5372\" \/>Er worden geen persoonlijke gegevens van minderjarigen vrijwillig verzameld.<\/p>\n<p data-start=\"5295\" data-end=\"5439\">\u00a0<\/p>\n<hr data-start=\"5441\" data-end=\"5444\" \/>\n<h2 data-start=\"5446\" data-end=\"5469\">ARTIKEL 11 \u2013 COOKIES<\/h2>\n<p data-start=\"5471\" data-end=\"5508\">De website gebruikt cookies om:<\/p>\n<ul>\n<li data-start=\"5512\" data-end=\"5551\">het goed functioneren van de site garanderen; ;<\/li>\n<li data-start=\"5554\" data-end=\"5604\">de doelgroep meten en de prestaties verbeteren; ;<\/li>\n<li data-start=\"5607\" data-end=\"5642\">de gebruikerservaring te verbeteren.<\/li>\n<\/ul>\n<p data-start=\"5644\" data-end=\"5751\">Niet-essenti\u00eble cookies zijn onderworpen aan de <strong data-start=\"5686\" data-end=\"5712\">voorafgaande toestemming<\/strong> van de gebruiker via een speciaal banner.<\/p>\n<p data-start=\"5753\" data-end=\"5864\">De gebruiker kan zijn voorkeuren op elk moment wijzigen via zijn browser of de cookiebeheertool.<\/p>\n<p data-start=\"5753\" data-end=\"5864\">\u00a0<\/p>\n<hr data-start=\"5866\" data-end=\"5869\" \/>\n<h2 data-start=\"5871\" data-end=\"5907\">ARTIKEL 12 \u2013 GEGEVENSBEVEILIGING<\/h2>\n<p data-start=\"5909\" data-end=\"6115\">De site is beveiligd via een SSL-certificaat.<br data-start=\"5952\" data-end=\"5955\" \/>Technische en organisatorische maatregelen zijn ingesteld om gegevens te beschermen tegen verlies, wijziging, ongeoorloofde toegang of openbaarmaking.<\/p>\n<p data-start=\"5909\" data-end=\"6115\">\u00a0<\/p>\n<hr data-start=\"6117\" data-end=\"6120\" \/>\n<h2 data-start=\"6122\" data-end=\"6166\">ARTIKEL 13 \u2013 WIJZIGING VAN HET BELEID<\/h2>\n<p data-start=\"6168\" data-end=\"6297\">Dit privacybeleid kan te allen tijde worden gewijzigd om in overeenstemming te blijven met de geldende regelgeving.<\/p>\n<p data-start=\"6299\" data-end=\"6358\">Gebruikers worden aangemoedigd om deze regelmatig te raadplegen.<\/p>\n<p><\/p>\t\t\t\t\t\t\t\t<\/div>\n\t\t\t\t<\/div>\n\t\t\t\t\t<\/div>\n\t\t<\/div>\n\t\t\t\t\t<\/div>\n\t\t<\/section>\n\t\t\t\t<\/div>","protected":false},"excerpt":{"rendered":"<p>POLITIQUE DE CONFIDENTIALIT\u00c9 Site : M-Stickers \u2013 www.m-stickers.com ARTICLE 1 \u2013 PR\u00c9AMBULE La pr\u00e9sente politique de confidentialit\u00e9 s\u2019applique au site internet www.m-stickers.com, exploit\u00e9 sous la marque M-Stickers.La marque M-Stickers est une marque commerciale exploit\u00e9e par la soci\u00e9t\u00e9 MSTKS HOLDING, ci-apr\u00e8s d\u00e9nomm\u00e9e \u00ab l\u2019\u00c9diteur \u00bb. Cette politique a pour objectif d\u2019informer les utilisateurs du site sur [&hellip;]<\/p>\n","protected":false},"author":1,"featured_media":0,"parent":0,"menu_order":0,"comment_status":"closed","ping_status":"closed","template":"","meta":{"footnotes":""},"class_list":["post-3","page","type-page","status-publish","hentry","entry","owp-thumbs-layout-horizontal","owp-btn-big","owp-tabs-layout-horizontal","has-no-thumbnails"],"_links":{"self":[{"href":"https:\/\/www.m-stickers.com\/nl\/wp-json\/wp\/v2\/pages\/3","targetHints":{"allow":["GET"]}}],"collection":[{"href":"https:\/\/www.m-stickers.com\/nl\/wp-json\/wp\/v2\/pages"}],"about":[{"href":"https:\/\/www.m-stickers.com\/nl\/wp-json\/wp\/v2\/types\/page"}],"author":[{"embeddable":true,"href":"https:\/\/www.m-stickers.com\/nl\/wp-json\/wp\/v2\/users\/1"}],"replies":[{"embeddable":true,"href":"https:\/\/www.m-stickers.com\/nl\/wp-json\/wp\/v2\/comments?post=3"}],"version-history":[{"count":6,"href":"https:\/\/www.m-stickers.com\/nl\/wp-json\/wp\/v2\/pages\/3\/revisions"}],"predecessor-version":[{"id":63932,"href":"https:\/\/www.m-stickers.com\/nl\/wp-json\/wp\/v2\/pages\/3\/revisions\/63932"}],"wp:attachment":[{"href":"https:\/\/www.m-stickers.com\/nl\/wp-json\/wp\/v2\/media?parent=3"}],"curies":[{"name":"motorfiets","href":"https:\/\/api.w.org\/{rel}","templated":true}]}}