{"id":31092,"date":"2022-05-10T09:09:21","date_gmt":"2022-05-10T07:09:21","guid":{"rendered":"https:\/\/www.m-stickers.com\/?page_id=31092"},"modified":"2022-10-18T15:49:56","modified_gmt":"2022-10-18T13:49:56","slug":"zontes-categorie-configurator","status":"publish","type":"page","link":"https:\/\/www.m-stickers.com\/nl\/categorie-configurator-zontes\/","title":{"rendered":"Zontes Configurator-categorie"},"content":{"rendered":"\t\t<div data-elementor-type=\"wp-page\" data-elementor-id=\"31092\" class=\"elementor elementor-31092\" data-elementor-post-type=\"page\">\n\t\t\t\t\t\t<section class=\"elementor-section elementor-top-section elementor-element elementor-element-ada2200 elementor-section-boxed elementor-section-height-default elementor-section-height-default\" data-id=\"ada2200\" data-element_type=\"section\" data-e-type=\"section\">\n\t\t\t\t\t\t<div class=\"elementor-container elementor-column-gap-default\">\n\t\t\t\t\t<div class=\"elementor-column elementor-col-33 elementor-top-column elementor-element elementor-element-4bb5e6f\" data-id=\"4bb5e6f\" data-element_type=\"column\" data-e-type=\"column\">\n\t\t\t<div class=\"elementor-widget-wrap elementor-element-populated\">\n\t\t\t\t\t\t<div class=\"elementor-element elementor-element-1acb2a1 elementor-widget elementor-widget-image\" data-id=\"1acb2a1\" data-element_type=\"widget\" data-e-type=\"widget\" data-widget_type=\"image.default\">\n\t\t\t\t<div class=\"elementor-widget-container\">\n\t\t\t\t\t\t\t\t\t\t\t\t\t\t\t\t<a href=\"https:\/\/www.m-stickers.com\/configurator\/configure\/31223\/\">\n\t\t\t\t\t\t\t<img fetchpriority=\"high\" decoding=\"async\" width=\"600\" height=\"400\" src=\"https:\/\/www.m-stickers.com\/wp-content\/uploads\/2022\/05\/miniature-zontes.webp\" class=\"attachment-large size-large wp-image-31090\" alt=\"\" srcset=\"https:\/\/www.m-stickers.com\/wp-content\/uploads\/2022\/05\/miniature-zontes.webp 600w, https:\/\/www.m-stickers.com\/wp-content\/uploads\/2022\/05\/miniature-zontes-300x200.webp 300w\" sizes=\"(max-width: 600px) 100vw, 600px\" \/>\t\t\t\t\t\t\t\t<\/a>\n\t\t\t\t\t\t\t\t\t\t\t\t\t\t\t<\/div>\n\t\t\t\t<\/div>\n\t\t\t\t<div class=\"elementor-element elementor-element-4b5dec3 elementor-widget elementor-widget-heading\" data-id=\"4b5dec3\" data-element_type=\"widget\" data-e-type=\"widget\" data-widget_type=\"heading.default\">\n\t\t\t\t<div class=\"elementor-widget-container\">\n\t\t\t\t\t<h2 class=\"elementor-heading-title elementor-size-default\"><a href=\"https:\/\/www.m-stickers.com\/configurator\/configure\/31223\/\">Zontes ZT 125<\/a><\/h2>\t\t\t\t<\/div>\n\t\t\t\t<\/div>\n\t\t\t\t\t<\/div>\n\t\t<\/div>\n\t\t\t\t<div class=\"elementor-column elementor-col-33 elementor-top-column elementor-element elementor-element-cf1c830\" data-id=\"cf1c830\" data-element_type=\"column\" data-e-type=\"column\">\n\t\t\t<div class=\"elementor-widget-wrap elementor-element-populated\">\n\t\t\t\t\t\t<div class=\"elementor-element elementor-element-8b9e0d6 elementor-widget elementor-widget-image\" data-id=\"8b9e0d6\" data-element_type=\"widget\" data-e-type=\"widget\" data-widget_type=\"image.default\">\n\t\t\t\t<div class=\"elementor-widget-container\">\n\t\t\t\t\t\t\t\t\t\t\t\t\t\t\t\t<a href=\"https:\/\/www.m-stickers.com\/configurator\/configure\/35970\/\">\n\t\t\t\t\t\t\t<img fetchpriority=\"high\" decoding=\"async\" width=\"600\" height=\"400\" src=\"https:\/\/www.m-stickers.com\/wp-content\/uploads\/2022\/05\/miniature-zontes.webp\" class=\"attachment-large size-large wp-image-31090\" alt=\"\" srcset=\"https:\/\/www.m-stickers.com\/wp-content\/uploads\/2022\/05\/miniature-zontes.webp 600w, https:\/\/www.m-stickers.com\/wp-content\/uploads\/2022\/05\/miniature-zontes-300x200.webp 300w\" sizes=\"(max-width: 600px) 100vw, 600px\" \/>\t\t\t\t\t\t\t\t<\/a>\n\t\t\t\t\t\t\t\t\t\t\t\t\t\t\t<\/div>\n\t\t\t\t<\/div>\n\t\t\t\t<div class=\"elementor-element elementor-element-9ac789b elementor-widget elementor-widget-heading\" data-id=\"9ac789b\" data-element_type=\"widget\" data-e-type=\"widget\" data-widget_type=\"heading.default\">\n\t\t\t\t<div class=\"elementor-widget-container\">\n\t\t\t\t\t<h2 class=\"elementor-heading-title elementor-size-default\"><a href=\"https:\/\/www.m-stickers.com\/configurator\/configure\/35970\/\">Zontes Hypertrail 125<\/a><\/h2>\t\t\t\t<\/div>\n\t\t\t\t<\/div>\n\t\t\t\t\t<\/div>\n\t\t<\/div>\n\t\t\t\t<div class=\"elementor-column elementor-col-33 elementor-top-column elementor-element elementor-element-71f0b8f\" data-id=\"71f0b8f\" data-element_type=\"column\" data-e-type=\"column\">\n\t\t\t<div class=\"elementor-widget-wrap elementor-element-populated\">\n\t\t\t\t\t\t<div class=\"elementor-element elementor-element-720b872 elementor-widget elementor-widget-image\" data-id=\"720b872\" data-element_type=\"widget\" data-e-type=\"widget\" data-widget_type=\"image.default\">\n\t\t\t\t<div class=\"elementor-widget-container\">\n\t\t\t\t\t\t\t\t\t\t\t\t\t\t\t\t<a href=\"https:\/\/www.m-stickers.com\/configurator\/configure\/36027\/\">\n\t\t\t\t\t\t\t<img fetchpriority=\"high\" decoding=\"async\" width=\"600\" height=\"400\" src=\"https:\/\/www.m-stickers.com\/wp-content\/uploads\/2022\/05\/miniature-zontes.webp\" class=\"attachment-large size-large wp-image-31090\" alt=\"\" srcset=\"https:\/\/www.m-stickers.com\/wp-content\/uploads\/2022\/05\/miniature-zontes.webp 600w, https:\/\/www.m-stickers.com\/wp-content\/uploads\/2022\/05\/miniature-zontes-300x200.webp 300w\" sizes=\"(max-width: 600px) 100vw, 600px\" \/>\t\t\t\t\t\t\t\t<\/a>\n\t\t\t\t\t\t\t\t\t\t\t\t\t\t\t<\/div>\n\t\t\t\t<\/div>\n\t\t\t\t<div class=\"elementor-element elementor-element-e62c79c elementor-widget elementor-widget-heading\" data-id=\"e62c79c\" data-element_type=\"widget\" data-e-type=\"widget\" data-widget_type=\"heading.default\">\n\t\t\t\t<div class=\"elementor-widget-container\">\n\t\t\t\t\t<h2 class=\"elementor-heading-title elementor-size-default\"><a href=\"https:\/\/www.m-stickers.com\/configurator\/configure\/36027\/\">Zontes Scrambler 125<\/a><\/h2>\t\t\t\t<\/div>\n\t\t\t\t<\/div>\n\t\t\t\t\t<\/div>\n\t\t<\/div>\n\t\t\t\t\t<\/div>\n\t\t<\/section>\n\t\t\t\t<section class=\"elementor-section elementor-top-section elementor-element elementor-element-f1b983d elementor-section-boxed elementor-section-height-default elementor-section-height-default\" data-id=\"f1b983d\" data-element_type=\"section\" data-e-type=\"section\">\n\t\t\t\t\t\t<div class=\"elementor-container elementor-column-gap-default\">\n\t\t\t\t\t<div class=\"elementor-column elementor-col-100 elementor-top-column elementor-element elementor-element-0c3e397\" data-id=\"0c3e397\" data-element_type=\"column\" data-e-type=\"column\">\n\t\t\t<div class=\"elementor-widget-wrap elementor-element-populated\">\n\t\t\t\t\t\t<div class=\"elementor-element elementor-element-97da38d elementor-widget elementor-widget-heading\" data-id=\"97da38d\" data-element_type=\"widget\" data-e-type=\"widget\" data-widget_type=\"heading.default\">\n\t\t\t\t<div class=\"elementor-widget-container\">\n\t\t\t\t\t<h2 class=\"elementor-heading-title elementor-size-large\"><a href=\"https:\/\/www.m-stickers.com\/produit\/ta-moto-nest-pas-referencee\/\">Votre moto n\u2019est pas r\u00e9f\u00e9renc\u00e9e ?<\/a><\/h2>\t\t\t\t<\/div>\n\t\t\t\t<\/div>\n\t\t\t\t<div class=\"elementor-element elementor-element-9317201 elementor-button-danger elementor-align-center elementor-widget elementor-widget-button\" data-id=\"9317201\" data-element_type=\"widget\" data-e-type=\"widget\" data-widget_type=\"button.default\">\n\t\t\t\t<div class=\"elementor-widget-container\">\n\t\t\t\t\t\t\t\t\t<div class=\"elementor-button-wrapper\">\n\t\t\t\t\t<a class=\"elementor-button elementor-button-link elementor-size-sm\" href=\"https:\/\/www.m-stickers.com\/produit\/ta-moto-nest-pas-referencee\/\">\n\t\t\t\t\t\t<span class=\"elementor-button-content-wrapper\">\n\t\t\t\t\t\t\t\t\t<span class=\"elementor-button-text\">Cliquez ici !<\/span>\n\t\t\t\t\t<\/span>\n\t\t\t\t\t<\/a>\n\t\t\t\t<\/div>\n\t\t\t\t\t\t\t\t<\/div>\n\t\t\t\t<\/div>\n\t\t\t\t\t<\/div>\n\t\t<\/div>\n\t\t\t\t\t<\/div>\n\t\t<\/section>\n\t\t\t\t<section class=\"elementor-section elementor-top-section elementor-element elementor-element-4f05d05 elementor-section-boxed elementor-section-height-default elementor-section-height-default\" data-id=\"4f05d05\" data-element_type=\"section\" data-e-type=\"section\">\n\t\t\t\t\t\t<div class=\"elementor-container elementor-column-gap-default\">\n\t\t\t\t\t<div class=\"elementor-column elementor-col-100 elementor-top-column elementor-element elementor-element-3bb5ca1\" data-id=\"3bb5ca1\" data-element_type=\"column\" data-e-type=\"column\">\n\t\t\t<div class=\"elementor-widget-wrap elementor-element-populated\">\n\t\t\t\t\t\t<div class=\"elementor-element elementor-element-3f25b1c elementor-widget-divider--view-line elementor-widget elementor-widget-divider\" data-id=\"3f25b1c\" data-element_type=\"widget\" data-e-type=\"widget\" data-widget_type=\"divider.default\">\n\t\t\t\t<div class=\"elementor-widget-container\">\n\t\t\t\t\t\t\t<div class=\"elementor-divider\">\n\t\t\t<span class=\"elementor-divider-separator\">\n\t\t\t\t\t\t<\/span>\n\t\t<\/div>\n\t\t\t\t\t\t<\/div>\n\t\t\t\t<\/div>\n\t\t\t\t<div class=\"elementor-element elementor-element-4e0744e elementor-widget elementor-widget-text-editor\" data-id=\"4e0744e\" data-element_type=\"widget\" data-e-type=\"widget\" data-widget_type=\"text-editor.default\">\n\t\t\t\t<div class=\"elementor-widget-container\">\n\t\t\t\t\t\t\t\t\t<h1>Rendez votre b\u00e9cane unique avec des stickers jantes moto Zontes<\/h1><p>Transformez rapidement et au meilleur prix votre b\u00e9cane avec des <strong>stickers jantes moto Zontes<\/strong>\u00a0de qualit\u00e9.<br \/>Vous trouverez des stickers de jantes moto, mais aussi des <a href=\"https:\/\/www.m-stickers.com\/categorie-produit\/liserets-jantes-moto\/liserets-jantes-yamaha\/\">liserets, <\/a>stickers de <a href=\"https:\/\/www.m-stickers.com\/categorie-produit\/stickers-casque-moto\/\">casque<\/a> pour changer ou cr\u00e9er l&rsquo;identit\u00e9 de votre moto et compl\u00e9ter votre style int\u00e9gral.<\/p><p>Ce sont les d\u00e9tails qui font la diff\u00e9rence, parfaits pour se d\u00e9marquer, nos stickers sont <strong>100% personnalisables<\/strong> afin de r\u00e9pondre \u00e0 vos envies.<br \/>Vous pouvez choisir notre<a href=\"https:\/\/www.m-stickers.com\/categorie-produit\/kits-stickers-jantes-moto-complet\/stickers-jante-zontes\/\"> kit pr\u00e9-configur\u00e9<\/a> dans lequel vous pouvez changer la couleur ou s\u00e9lectionner de pousser plus loin la personnalisation et vous lancer sur notre <a href=\"https:\/\/www.m-stickers.com\/categorie-configurator-zontes\/\">configurateur<\/a>, pour une cr\u00e9ation de A \u00e0 Z, visuel en direct !<\/p><p>Personnalisez chaque \u00e9l\u00e9ments du kit :<\/p><ul><li>Liserets,<\/li><li>Stickers de marque,<\/li><li>Logo de marque,<\/li><li>Int\u00e9rieur de jante,<\/li><li>Coloris,<\/li><li>Effet.<\/li><\/ul><p>Vous aurez le choix entre plusieurs designs de stickers, pour coller \u00e0 votre style et vous permettre de cr\u00e9er ton<strong> esth\u00e9tique personnelle<\/strong> : classique, sportif, flashy, discret etc.<\/p><p>Vous pouvez aussi demander une <strong>nuance sp\u00e9ciale<\/strong> en envoyant votre code couleur lors de votre commande : #&#8230;<\/p><p>Le configurateur permet aussi de changer le <strong>contenu texte<\/strong> et le remplacer par un nom de team ou un num\u00e9ro.<br \/>Pour un styl\u00e9 plus original, vous pouvez choisir d&rsquo;ajouter un sticker d<strong>&lsquo;int\u00e9rieur de jante<\/strong> : racing, camo, electro&#8230;le choix vous appartient !<br \/>Et finalement, donnez un style de folie \u00e0 votre b\u00e9cane en ajoutant un <a href=\"https:\/\/www.m-stickers.com\/nos-effets-de-stickers\">effet<\/a> de finition \u00e0 vos stickers.<\/p><p>L&rsquo;effet de base est brillant mais vous pouvez choisir l&rsquo;effet <em>holographique, photoluminescent, r\u00e9fl\u00e9chissant, fluor\u00e9scent, mat.<\/em><\/p><p>Retrouvez nos <a href=\"https:\/\/www.m-stickers.com\/2022\/01\/24\/stickers-jante-moto-personnalise-choisir\/\">astuces personnalisation<\/a>, pose et atouts des stickers sur notre blog !<\/p><h2>Des stickers pour chaque mod\u00e8le<\/h2><p>Chez M-Stickers, nous proposons des stickers jantes moto pour <strong>tous les mod\u00e8les.<\/strong><br \/>Qu&rsquo;elle soit urbaine, sportive, trail ou quotidienne, vous trouverez LE kit de stickers pour sublimer votre monture.<\/p><p>Retrouvez les stickers jantes moto Zontes pour les mod\u00e8les :\u00a0<span style=\"color: #ff0000;\">125 scrambler \/ 125 urban \/ 125 hyper trail \/ 125 roadster \/ 310 r1 \/ r2 \/ R \/ V \/ 310 M<\/span>.<\/p><p>Et si votre mod\u00e8le n&rsquo;est pas encore sur le site, <a href=\"https:\/\/www.m-stickers.com\/contact\/\">contactez-nous<\/a> ici pour un kit sp\u00e9cialement pour vous !<\/p><h2>Des stickers durables et de haute qualit\u00e9 100% fran\u00e7ais<\/h2><p>Parce qu&rsquo;en tant que motards, nous savons que les motos subissent des contraintes physiques, nos stickers jantes moto Zontes sont con\u00e7us avec les meilleurs mat\u00e9riaux pour une tenue longue dur\u00e9e :<\/p><ul><li><strong>vinyle de haute qualit\u00e9<\/strong>,<\/li><li><strong>colle monom\u00e8re 100\u03bc permanente,<\/strong><\/li><li>vernis <strong>r\u00e9sistant aux UV et aux intemp\u00e9ries.<\/strong><\/li><\/ul><p>Notre \u00e9quipe cr\u00e9\u00e9e avec passion vos <strong>stickers jantes moto Zontes<\/strong> sur Lyon.<br \/>Personnalisez votre moto avec les <strong>meilleurs stickers au meilleur prix<\/strong>.<\/p><p>Pour une pose de qualit\u00e9 et une tenue longue dur\u00e9e, consultez nos <a href=\"https:\/\/www.m-stickers.com\/tuto-comment-poser-ses-stickers-de-jantes-moto\/\">guides de pose<\/a> !<\/p>\t\t\t\t\t\t\t\t<\/div>\n\t\t\t\t<\/div>\n\t\t\t\t<div class=\"elementor-element elementor-element-efcd113 elementor-widget elementor-widget-html\" data-id=\"efcd113\" data-element_type=\"widget\" data-e-type=\"widget\" data-widget_type=\"html.default\">\n\t\t\t\t<div class=\"elementor-widget-container\">\n\t\t\t\t\t<!-- Google Tag Manager -->\r\n<script>(function(w,d,s,l,i){w[l]=w[l]||[];w[l].push({'gtm.start':\r\nnew Date().getTime(),event:'gtm.js'});var f=d.getElementsByTagName(s)[0],\r\nj=d.createElement(s),dl=l!='dataLayer'?'&l='+l:'';j.async=true;j.src=\r\n'https:\/\/www.googletagmanager.com\/gtm.js?id='+i+dl;f.parentNode.insertBefore(j,f);\r\n})(window,document,'script','dataLayer','GTM-5WBV2JH');<\/script>\r\n<!-- End Google Tag Manager -->\r\n<head>\r\n\r\n<!-- Global site tag (gtag.js) - Google Ads: 966835575 --> <script async src=\"https:\/\/www.googletagmanager.com\/gtag\/js?id=AW-966835575\"><\/script> <script> window.dataLayer = window.dataLayer || []; function gtag(){dataLayer.push(arguments);} gtag('js', new Date()); gtag('config', 'AW-966835575'); <\/script>\r\n\r\n<\/head>\r\n<!-- Google Tag Manager (noscript) -->\r\n<noscript><iframe src=\"https:\/\/www.googletagmanager.com\/ns.html?id=GTM-5WBV2JH\"\r\nheight=\"0\" width=\"0\" style=\"display:none;visibility:hidden\"><\/iframe><\/noscript>\r\n<!-- End Google Tag Manager (noscript) -->\t\t\t\t<\/div>\n\t\t\t\t<\/div>\n\t\t\t\t\t<\/div>\n\t\t<\/div>\n\t\t\t\t\t<\/div>\n\t\t<\/section>\n\t\t\t\t<\/div>\n\t\t","protected":false},"excerpt":{"rendered":"<p>Zontes ZT 125 Zontes Hypertrail 125 Zontes Scrambler 125 Votre moto n\u2019est pas r\u00e9f\u00e9renc\u00e9e ? Cliquez ici ! Rendez votre b\u00e9cane unique avec des stickers jantes moto Zontes Transformez rapidement et au meilleur prix votre b\u00e9cane avec des stickers jantes moto Zontes\u00a0de qualit\u00e9.Vous trouverez des stickers de jantes moto, mais aussi des liserets, stickers de [&hellip;]<\/p>\n","protected":false},"author":1,"featured_media":31094,"parent":0,"menu_order":0,"comment_status":"closed","ping_status":"closed","template":"","meta":{"footnotes":""},"class_list":["post-31092","page","type-page","status-publish","has-post-thumbnail","hentry","entry","has-media","owp-thumbs-layout-horizontal","owp-btn-big","owp-tabs-layout-horizontal","has-no-thumbnails"],"_links":{"self":[{"href":"https:\/\/www.m-stickers.com\/nl\/wp-json\/wp\/v2\/pages\/31092","targetHints":{"allow":["GET"]}}],"collection":[{"href":"https:\/\/www.m-stickers.com\/nl\/wp-json\/wp\/v2\/pages"}],"about":[{"href":"https:\/\/www.m-stickers.com\/nl\/wp-json\/wp\/v2\/types\/page"}],"author":[{"embeddable":true,"href":"https:\/\/www.m-stickers.com\/nl\/wp-json\/wp\/v2\/users\/1"}],"replies":[{"embeddable":true,"href":"https:\/\/www.m-stickers.com\/nl\/wp-json\/wp\/v2\/comments?post=31092"}],"version-history":[{"count":0,"href":"https:\/\/www.m-stickers.com\/nl\/wp-json\/wp\/v2\/pages\/31092\/revisions"}],"wp:featuredmedia":[{"embeddable":true,"href":"https:\/\/www.m-stickers.com\/nl\/wp-json\/wp\/v2\/media\/31094"}],"wp:attachment":[{"href":"https:\/\/www.m-stickers.com\/nl\/wp-json\/wp\/v2\/media?parent=31092"}],"curies":[{"name":"motorfiets","href":"https:\/\/api.w.org\/{rel}","templated":true}]}}