{"id":41478,"date":"2023-01-06T14:57:35","date_gmt":"2023-01-06T13:57:35","guid":{"rendered":"https:\/\/www.m-stickers.com\/?page_id=41478"},"modified":"2023-01-06T19:16:34","modified_gmt":"2023-01-06T18:16:34","slug":"afdekking-van-moto-m-stickers","status":"publish","type":"page","link":"https:\/\/www.m-stickers.com\/nl\/covering-moto-m-stickers\/","title":{"rendered":"Motorfiets M-Stickers bedekking"},"content":{"rendered":"<div data-elementor-type=\"wp-page\" data-elementor-id=\"41478\" class=\"elementor elementor-41478\" data-elementor-post-type=\"page\">\n\t\t\t\t\t\t<section class=\"elementor-section elementor-top-section elementor-element elementor-element-0a1408b elementor-section-boxed elementor-section-height-default elementor-section-height-default\" data-id=\"0a1408b\" data-element_type=\"section\" data-e-type=\"section\">\n\t\t\t\t\t\t<div class=\"elementor-container elementor-column-gap-default\">\n\t\t\t\t\t<div class=\"elementor-column elementor-col-100 elementor-top-column elementor-element elementor-element-7ab759e\" data-id=\"7ab759e\" data-element_type=\"column\" data-e-type=\"column\">\n\t\t\t<div class=\"elementor-widget-wrap elementor-element-populated\">\n\t\t\t\t\t\t<div class=\"elementor-element elementor-element-1da88e9 elementor-widget elementor-widget-heading\" data-id=\"1da88e9\" data-element_type=\"widget\" data-e-type=\"widget\" data-widget_type=\"heading.default\">\n\t\t\t\t<div class=\"elementor-widget-container\">\n\t\t\t\t\t<h1 class=\"elementor-heading-title elementor-size-xxl\">Motorhoes<\/h1>\t\t\t\t<\/div>\n\t\t\t\t<\/div>\n\t\t\t\t<div class=\"elementor-element elementor-element-d94bdeb elementor-widget elementor-widget-heading\" data-id=\"d94bdeb\" data-element_type=\"widget\" data-e-type=\"widget\" data-widget_type=\"heading.default\">\n\t\t\t\t<div class=\"elementor-widget-container\">\n\t\t\t\t\t<h2 class=\"elementor-heading-title elementor-size-large\">100\u2009% Personaliseerbaar<\/h2>\t\t\t\t<\/div>\n\t\t\t\t<\/div>\n\t\t\t\t<div class=\"elementor-element elementor-element-ca69e9b elementor-widget elementor-widget-image\" data-id=\"ca69e9b\" data-element_type=\"widget\" data-e-type=\"widget\" data-widget_type=\"image.default\">\n\t\t\t\t<div class=\"elementor-widget-container\">\n\t\t\t\t\t\t\t\t\t\t\t\t\t\t\t<img fetchpriority=\"high\" decoding=\"async\" width=\"819\" height=\"1024\" src=\"https:\/\/www.m-stickers.com\/wp-content\/uploads\/2023\/01\/pexels-photo-10649676-819x1024.jpeg\" class=\"attachment-large size-large wp-image-41483\" alt=\"\" srcset=\"https:\/\/www.m-stickers.com\/wp-content\/uploads\/2023\/01\/pexels-photo-10649676-819x1024.jpeg 819w, https:\/\/www.m-stickers.com\/wp-content\/uploads\/2023\/01\/pexels-photo-10649676-240x300.jpeg 240w, https:\/\/www.m-stickers.com\/wp-content\/uploads\/2023\/01\/pexels-photo-10649676-768x960.jpeg 768w, https:\/\/www.m-stickers.com\/wp-content\/uploads\/2023\/01\/pexels-photo-10649676-scaled-600x750.jpeg 600w, https:\/\/www.m-stickers.com\/wp-content\/uploads\/2023\/01\/pexels-photo-10649676-1229x1536.jpeg 1229w, https:\/\/www.m-stickers.com\/wp-content\/uploads\/2023\/01\/pexels-photo-10649676-scaled.jpeg 1500w\" sizes=\"(max-width: 819px) 100vw, 819px\" \/>\t\t\t\t\t\t\t\t\t\t\t\t\t\t\t<\/div>\n\t\t\t\t<\/div>\n\t\t\t\t\t<\/div>\n\t\t<\/div>\n\t\t\t\t\t<\/div>\n\t\t<\/section>\n\t\t\t\t<section class=\"elementor-section elementor-top-section elementor-element elementor-element-10d8246 elementor-section-boxed elementor-section-height-default elementor-section-height-default\" data-id=\"10d8246\" data-element_type=\"section\" data-e-type=\"section\">\n\t\t\t\t\t\t<div class=\"elementor-container elementor-column-gap-default\">\n\t\t\t\t\t<div class=\"elementor-column elementor-col-50 elementor-top-column elementor-element elementor-element-63d29a9\" data-id=\"63d29a9\" data-element_type=\"column\" data-e-type=\"column\">\n\t\t\t<div class=\"elementor-widget-wrap elementor-element-populated\">\n\t\t\t\t\t\t<div class=\"elementor-element elementor-element-272284d elementor-widget elementor-widget-text-editor\" data-id=\"272284d\" data-element_type=\"widget\" data-e-type=\"widget\" data-widget_type=\"text-editor.default\">\n\t\t\t\t<div class=\"elementor-widget-container\">\n\t\t\t\t\t\t\t\t\t<p>De covering voor motorfietsen is een oppervlaktebekledingstechniek die geen schuurwerk of droogtijd vereist bij de aanbrengen, in tegenstelling tot schilderen. Deze oplossing is praktisch, economisch en garandeert een onberispelijk resultaat op motorfietsen. Het kan worden toegepast op alle soorten motorfietsen, roadster, sport, trail, motocross. Door deze \"tweede huid\" op de opnieuw geschilderde delen aan te brengen, beschermt u uw tweewieler optimaal en uniek.<\/p>\t\t\t\t\t\t\t\t<\/div>\n\t\t\t\t<\/div>\n\t\t\t\t\t<\/div>\n\t\t<\/div>\n\t\t\t\t<div class=\"elementor-column elementor-col-50 elementor-top-column elementor-element elementor-element-77e832b\" data-id=\"77e832b\" data-element_type=\"column\" data-e-type=\"column\">\n\t\t\t<div class=\"elementor-widget-wrap elementor-element-populated\">\n\t\t\t\t\t\t<div class=\"elementor-element elementor-element-ba6e0e3 elementor-button-danger elementor-align-center elementor-widget elementor-widget-button\" data-id=\"ba6e0e3\" data-element_type=\"widget\" data-e-type=\"widget\" data-widget_type=\"button.default\">\n\t\t\t\t<div class=\"elementor-widget-container\">\n\t\t\t\t\t\t\t\t\t<div class=\"elementor-button-wrapper\">\n\t\t\t\t\t<a class=\"elementor-button elementor-button-link elementor-size-lg\" href=\"https:\/\/www.m-stickers.com\/nl\/contact\/\">\n\t\t\t\t\t\t<span class=\"elementor-button-content-wrapper\">\n\t\t\t\t\t\t\t\t\t<span class=\"elementor-button-text\">Neem contact met ons op<\/span>\n\t\t\t\t\t<\/span>\n\t\t\t\t\t<\/a>\n\t\t\t\t<\/div>\n\t\t\t\t\t\t\t\t<\/div>\n\t\t\t\t<\/div>\n\t\t\t\t\t<\/div>\n\t\t<\/div>\n\t\t\t\t\t<\/div>\n\t\t<\/section>\n\t\t\t\t<section class=\"elementor-section elementor-top-section elementor-element elementor-element-dc853a7 elementor-section-boxed elementor-section-height-default elementor-section-height-default\" data-id=\"dc853a7\" data-element_type=\"section\" data-e-type=\"section\" data-settings=\"{&quot;background_background&quot;:&quot;classic&quot;}\">\n\t\t\t\t\t\t<div class=\"elementor-container elementor-column-gap-default\">\n\t\t\t\t\t<div class=\"elementor-column elementor-col-100 elementor-top-column elementor-element elementor-element-5f2570c\" data-id=\"5f2570c\" data-element_type=\"column\" data-e-type=\"column\">\n\t\t\t<div class=\"elementor-widget-wrap elementor-element-populated\">\n\t\t\t\t\t\t<div class=\"elementor-element elementor-element-e36816c elementor-widget elementor-widget-heading\" data-id=\"e36816c\" data-element_type=\"widget\" data-e-type=\"widget\" data-widget_type=\"heading.default\">\n\t\t\t\t<div class=\"elementor-widget-container\">\n\t\t\t\t\t<h2 class=\"elementor-heading-title elementor-size-xl\">Moto afdekkingen: Creatieve mogelijkheden zonder grenzen<\/h2>\t\t\t\t<\/div>\n\t\t\t\t<\/div>\n\t\t\t\t<div class=\"elementor-element elementor-element-f7519a6 elementor-widget-divider--view-line elementor-widget elementor-widget-divider\" data-id=\"f7519a6\" data-element_type=\"widget\" data-e-type=\"widget\" data-widget_type=\"divider.default\">\n\t\t\t\t<div class=\"elementor-widget-container\">\n\t\t\t\t\t\t\t<div class=\"elementor-divider\">\n\t\t\t<span class=\"elementor-divider-separator\">\n\t\t\t\t\t\t<\/span>\n\t\t<\/div>\n\t\t\t\t\t\t<\/div>\n\t\t\t\t<\/div>\n\t\t\t\t<div class=\"elementor-element elementor-element-978b3a2 elementor-widget elementor-widget-text-editor\" data-id=\"978b3a2\" data-element_type=\"widget\" data-e-type=\"widget\" data-widget_type=\"text-editor.default\">\n\t\t\t\t<div class=\"elementor-widget-container\">\n\t\t\t\t\t\t\t\t\t<p><span style=\"color: #ff0000;\"><span style=\"color: #ffffff;\">Bij<\/span><strong> M-Stickers<\/strong><\/span> Wij bieden u een service voor het cre\u00ebren en aanbrengen van moto-bedekking, natuurlijk. <strong>100% personaliseerbaar<\/strong> ! Wilt u de kleur en stijl van uw motorfiets snel en voordelig veranderen? <strong>Aarzel dus niet langer en vertrouw ons uw project toe.<\/strong>\u00a0 Een onbeperkte personalisatie dankzij honderden kleuren, materiaalkeuzes, texturen zoals:\u00a0<\/p><ul><li><strong>E\u00e9nkleurig<\/strong> In mat, glanzend, gesatineerd, metallic, enz.<\/li><li><strong>Effect carbon<\/strong>In reli\u00ebf!<\/li><li><strong>Dekkende Printbare<\/strong> voor een unieke look. Met oneindig veel creatieve mogelijkheden, afbeeldingen, patronen, illustraties. Laat uw fantasie de vrije loop.<\/li><li><strong>Camouflage camouflage<\/strong> Voor een subtiel effect<\/li><li><strong>Holografisch<\/strong> Voor een unieke uitstraling<\/li><\/ul><p style=\"text-align: center;\">De mogelijkheden zijn nog talrijk. <a href=\"https:\/\/www.m-stickers.com\/nl\/2023\/01\/06\/een-economische-motorcustomisatie\/\"><strong>Ontdek het hier!<\/strong><\/a><\/p>\t\t\t\t\t\t\t\t<\/div>\n\t\t\t\t<\/div>\n\t\t\t\t\t<\/div>\n\t\t<\/div>\n\t\t\t\t\t<\/div>\n\t\t<\/section>\n\t\t\t\t<section class=\"elementor-section elementor-top-section elementor-element elementor-element-63e121e elementor-section-boxed elementor-section-height-default elementor-section-height-default\" data-id=\"63e121e\" data-element_type=\"section\" data-e-type=\"section\">\n\t\t\t\t\t\t<div class=\"elementor-container elementor-column-gap-default\">\n\t\t\t\t\t<div class=\"elementor-column elementor-col-100 elementor-top-column elementor-element elementor-element-ef7d42e\" data-id=\"ef7d42e\" data-element_type=\"column\" data-e-type=\"column\">\n\t\t\t<div class=\"elementor-widget-wrap elementor-element-populated\">\n\t\t\t\t\t\t<div class=\"elementor-element elementor-element-2920a74 elementor-widget elementor-widget-heading\" data-id=\"2920a74\" data-element_type=\"widget\" data-e-type=\"widget\" data-widget_type=\"heading.default\">\n\t\t\t\t<div class=\"elementor-widget-container\">\n\t\t\t\t\t<h3 class=\"elementor-heading-title elementor-size-xxl\">Personaliseer uw motorfiets<\/h3>\t\t\t\t<\/div>\n\t\t\t\t<\/div>\n\t\t\t\t<div class=\"elementor-element elementor-element-e307ce4 elementor-widget elementor-widget-heading\" data-id=\"e307ce4\" data-element_type=\"widget\" data-e-type=\"widget\" data-widget_type=\"heading.default\">\n\t\t\t\t<div class=\"elementor-widget-container\">\n\t\t\t\t\t<h3 class=\"elementor-heading-title elementor-size-large\">Met een covering <\/h3>\t\t\t\t<\/div>\n\t\t\t\t<\/div>\n\t\t\t\t<div class=\"elementor-element elementor-element-1744f5b elementor-widget elementor-widget-image\" data-id=\"1744f5b\" data-element_type=\"widget\" data-e-type=\"widget\" data-widget_type=\"image.default\">\n\t\t\t\t<div class=\"elementor-widget-container\">\n\t\t\t\t\t\t\t\t\t\t\t\t\t\t\t<img decoding=\"async\" width=\"1024\" height=\"683\" src=\"https:\/\/www.m-stickers.com\/wp-content\/uploads\/2023\/01\/pexels-photo-9166718-1024x683.jpeg\" class=\"attachment-large size-large wp-image-41486\" alt=\"\" srcset=\"https:\/\/www.m-stickers.com\/wp-content\/uploads\/2023\/01\/pexels-photo-9166718-1024x683.jpeg 1024w, https:\/\/www.m-stickers.com\/wp-content\/uploads\/2023\/01\/pexels-photo-9166718-600x400.jpeg 600w, https:\/\/www.m-stickers.com\/wp-content\/uploads\/2023\/01\/pexels-photo-9166718-300x200.jpeg 300w, https:\/\/www.m-stickers.com\/wp-content\/uploads\/2023\/01\/pexels-photo-9166718-768x512.jpeg 768w, https:\/\/www.m-stickers.com\/wp-content\/uploads\/2023\/01\/pexels-photo-9166718.jpeg 1124w\" sizes=\"(max-width: 1024px) 100vw, 1024px\" \/>\t\t\t\t\t\t\t\t\t\t\t\t\t\t\t<\/div>\n\t\t\t\t<\/div>\n\t\t\t\t<div class=\"elementor-element elementor-element-afab710 elementor-button-danger elementor-align-center elementor-widget elementor-widget-button\" data-id=\"afab710\" data-element_type=\"widget\" data-e-type=\"widget\" data-widget_type=\"button.default\">\n\t\t\t\t<div class=\"elementor-widget-container\">\n\t\t\t\t\t\t\t\t\t<div class=\"elementor-button-wrapper\">\n\t\t\t\t\t<a class=\"elementor-button elementor-button-link elementor-size-lg\" href=\"https:\/\/www.m-stickers.com\/nl\/contact\/\">\n\t\t\t\t\t\t<span class=\"elementor-button-content-wrapper\">\n\t\t\t\t\t\t\t\t\t<span class=\"elementor-button-text\">Vraag een offerte aan<\/span>\n\t\t\t\t\t<\/span>\n\t\t\t\t\t<\/a>\n\t\t\t\t<\/div>\n\t\t\t\t\t\t\t\t<\/div>\n\t\t\t\t<\/div>\n\t\t\t\t\t<\/div>\n\t\t<\/div>\n\t\t\t\t\t<\/div>\n\t\t<\/section>\n\t\t\t\t<section class=\"elementor-section elementor-top-section elementor-element elementor-element-c90e697 elementor-section-boxed elementor-section-height-default elementor-section-height-default\" data-id=\"c90e697\" data-element_type=\"section\" data-e-type=\"section\">\n\t\t\t\t\t\t<div class=\"elementor-container elementor-column-gap-default\">\n\t\t\t\t\t<div class=\"elementor-column elementor-col-100 elementor-top-column elementor-element elementor-element-19469c6\" data-id=\"19469c6\" data-element_type=\"column\" data-e-type=\"column\">\n\t\t\t<div class=\"elementor-widget-wrap elementor-element-populated\">\n\t\t\t\t\t\t<div class=\"elementor-element elementor-element-bd01d5e elementor-widget elementor-widget-heading\" data-id=\"bd01d5e\" data-element_type=\"widget\" data-e-type=\"widget\" data-widget_type=\"heading.default\">\n\t\t\t\t<div class=\"elementor-widget-container\">\n\t\t\t\t\t<h2 class=\"elementor-heading-title elementor-size-xl\">Een professionele bekleding<\/h2>\t\t\t\t<\/div>\n\t\t\t\t<\/div>\n\t\t\t\t<div class=\"elementor-element elementor-element-333c663 elementor-widget elementor-widget-text-editor\" data-id=\"333c663\" data-element_type=\"widget\" data-e-type=\"widget\" data-widget_type=\"text-editor.default\">\n\t\t\t\t<div class=\"elementor-widget-container\">\n\t\t\t\t\t\t\t\t\t<p>Laat ons de creatie en installatie van uw motorbekleding verzorgen! Of u nu een specifiek idee heeft, of gewoon een verlangen naar bekleding, wij begeleiden u bij de realisatie van uw project met ons team van grafisch ontwerpers en professionele installateurs!\u00a0<\/p><p>Vertel ons over uw project en we bekijken samen hoe we het kunnen realiseren aan de hand van uw wensen en budget. Van het aanbrengen van een effen kleurfolie tot het cre\u00ebren en afdrukken van een complex en uniek ontwerp. Een team van professionals staat klaar om u te adviseren.<\/p>\t\t\t\t\t\t\t\t<\/div>\n\t\t\t\t<\/div>\n\t\t\t\t<div class=\"elementor-element elementor-element-10a3b50 elementor-widget-divider--view-line elementor-widget elementor-widget-divider\" data-id=\"10a3b50\" data-element_type=\"widget\" data-e-type=\"widget\" data-widget_type=\"divider.default\">\n\t\t\t\t<div class=\"elementor-widget-container\">\n\t\t\t\t\t\t\t<div class=\"elementor-divider\">\n\t\t\t<span class=\"elementor-divider-separator\">\n\t\t\t\t\t\t<\/span>\n\t\t<\/div>\n\t\t\t\t\t\t<\/div>\n\t\t\t\t<\/div>\n\t\t\t\t<div class=\"elementor-element elementor-element-dd28038 elementor-widget elementor-widget-heading\" data-id=\"dd28038\" data-element_type=\"widget\" data-e-type=\"widget\" data-widget_type=\"heading.default\">\n\t\t\t\t<div class=\"elementor-widget-container\">\n\t\t\t\t\t<h2 class=\"elementor-heading-title elementor-size-large\">Het voordeel van een motorfiets-covering<\/h2>\t\t\t\t<\/div>\n\t\t\t\t<\/div>\n\t\t\t\t<div class=\"elementor-element elementor-element-023f91c elementor-widget elementor-widget-text-editor\" data-id=\"023f91c\" data-element_type=\"widget\" data-e-type=\"widget\" data-widget_type=\"text-editor.default\">\n\t\t\t\t<div class=\"elementor-widget-container\">\n\t\t\t\t\t\t\t\t\t<p><strong>De motorfietsbekleding<\/strong> Het biedt talrijke voordelen ten opzichte van een volledige lak of een traditioneel decoratiekit.<\/p><ul><li>Allereerst is het <strong>Goedkoper<\/strong>Zeker als je de kleur van je motor regelmatig wilt veranderen.  Een coating op je motor is namelijk zeer eenvoudig te verwijderen en te vervangen.<\/li><li>Bovendien is beklede folie een effectieve oplossing om <strong>de verf beschermen<\/strong> Van origine van het voertuig. Het voorkomt mogelijke krassen en kleurvariaties veroorzaakt door de zon en weersinvloeden.<\/li><li><strong>De personalisatie<\/strong> van uw motor is ook een opmerkelijk hoogtepunt. Dankzij de carrosseriefolie is het mogelijk om elk ontwerp, elke vorm, kleur en elk kleurverloop te cre\u00ebren. Of het nu uw eigen idee is of een unieke creatie van onze grafisch ontwerpers.\u00a0<\/li><li><strong>Een dag<\/strong>Dat is de tijd die ons team nodig heeft om een complete bedekking op uw motorfiets aan te brengen. Dit kan vari\u00ebren afhankelijk van de modellen en de complexiteit van de carrosserie.<\/li><\/ul>\t\t\t\t\t\t\t\t<\/div>\n\t\t\t\t<\/div>\n\t\t\t\t<div class=\"elementor-element elementor-element-53e115c elementor-widget elementor-widget-heading\" data-id=\"53e115c\" data-element_type=\"widget\" data-e-type=\"widget\" data-widget_type=\"heading.default\">\n\t\t\t\t<div class=\"elementor-widget-container\">\n\t\t\t\t\t<h2 class=\"elementor-heading-title elementor-size-default\">Motorfietsonderdelen in Lyon<\/h2>\t\t\t\t<\/div>\n\t\t\t\t<\/div>\n\t\t\t\t<div class=\"elementor-element elementor-element-0466f5c elementor-widget elementor-widget-text-editor\" data-id=\"0466f5c\" data-element_type=\"widget\" data-e-type=\"widget\" data-widget_type=\"text-editor.default\">\n\t\t\t\t<div class=\"elementor-widget-container\">\n\t\t\t\t\t\t\t\t\t<p>Onze M-Stickers werkplaats bevindt zich in Lyon; u kunt langskomen op afspraak voor de installatie. Uw motorfiets wordt niet langer dan \u00e9\u00e9n dag bewaard. Ons installatieteam kan in sommige gevallen ook op locatie komen.<\/p>\t\t\t\t\t\t\t\t<\/div>\n\t\t\t\t<\/div>\n\t\t\t\t<div class=\"elementor-element elementor-element-63acacc elementor-button-danger elementor-align-center elementor-widget elementor-widget-button\" data-id=\"63acacc\" data-element_type=\"widget\" data-e-type=\"widget\" data-widget_type=\"button.default\">\n\t\t\t\t<div class=\"elementor-widget-container\">\n\t\t\t\t\t\t\t\t\t<div class=\"elementor-button-wrapper\">\n\t\t\t\t\t<a class=\"elementor-button elementor-button-link elementor-size-md\" href=\"https:\/\/www.m-stickers.com\/nl\/contact\/\">\n\t\t\t\t\t\t<span class=\"elementor-button-content-wrapper\">\n\t\t\t\t\t\t\t\t\t<span class=\"elementor-button-text\">Neem contact met ons op<\/span>\n\t\t\t\t\t<\/span>\n\t\t\t\t\t<\/a>\n\t\t\t\t<\/div>\n\t\t\t\t\t\t\t\t<\/div>\n\t\t\t\t<\/div>\n\t\t\t\t<div class=\"elementor-element elementor-element-85982f6 elementor-widget-divider--view-line elementor-widget elementor-widget-divider\" data-id=\"85982f6\" data-element_type=\"widget\" data-e-type=\"widget\" data-widget_type=\"divider.default\">\n\t\t\t\t<div class=\"elementor-widget-container\">\n\t\t\t\t\t\t\t<div class=\"elementor-divider\">\n\t\t\t<span class=\"elementor-divider-separator\">\n\t\t\t\t\t\t<\/span>\n\t\t<\/div>\n\t\t\t\t\t\t<\/div>\n\t\t\t\t<\/div>\n\t\t\t\t<div class=\"elementor-element elementor-element-5a99296 elementor-widget elementor-widget-heading\" data-id=\"5a99296\" data-element_type=\"widget\" data-e-type=\"widget\" data-widget_type=\"heading.default\">\n\t\t\t\t<div class=\"elementor-widget-container\">\n\t\t\t\t\t<h3 class=\"elementor-heading-title elementor-size-large\">Onze andere producten - motorfietsstickers<\/h3>\t\t\t\t<\/div>\n\t\t\t\t<\/div>\n\t\t\t\t<div class=\"elementor-element elementor-element-67b145d elementor-grid-3 elementor-grid-tablet-3 elementor-grid-mobile-2 elementor-products-grid elementor-wc-products elementor-widget elementor-widget-wc-categories\" data-id=\"67b145d\" data-element_type=\"widget\" data-e-type=\"widget\" data-widget_type=\"wc-categories.default\">\n\t\t\t\t<div class=\"elementor-widget-container\">\n\t\t\t\t\t<div class=\"woocommerce columns-3\">\r\n<ul class=\"products elementor-grid oceanwp-row clr grid tablet-col tablet-2-col mobile-col mobile-1-col infinite-scroll-wrap\">\r\n<li class=\"product-category product first col span_1_of_3\">\n\t<a aria-label=\"Productcategorie bekijken Stickers Jante\" href=\"https:\/\/www.m-stickers.com\/nl\/categorie-produit\/kits-stickers-jantes-moto-complet\/\" data-no-translation-aria-label=\"\"><div class=\"product-inner clr\"><div class=\"woo-entry-image clr\"><a href=\"https:\/\/www.m-stickers.com\/nl\/categorie-produit\/kits-stickers-jantes-moto-complet\/\"><img decoding=\"async\" src=\"https:\/\/www.m-stickers.com\/wp-content\/uploads\/2021\/01\/liniature-Kit-deco-300x300.png\" alt=\"Stickers voor wielen\" width=\"300\" height=\"300\" srcset=\"https:\/\/www.m-stickers.com\/wp-content\/uploads\/2021\/01\/liniature-Kit-deco-300x300.png 300w, https:\/\/www.m-stickers.com\/wp-content\/uploads\/2021\/01\/liniature-Kit-deco-100x100.png 100w, https:\/\/www.m-stickers.com\/wp-content\/uploads\/2021\/01\/liniature-Kit-deco-150x150.png 150w\" sizes=\"(max-width: 300px) 100vw, 300px\" \/><\/a><\/div><div class=\"woo-entry-inner clr\"><a href=\"https:\/\/www.m-stickers.com\/nl\/categorie-produit\/kits-stickers-jantes-moto-complet\/\">\t\t<h2 class=\"woocommerce-loop-category__title\">\n\t\t\tStickers voor wielen <mark class=\"count\">(223)<\/mark>\t\t<\/h2>\n\t\t<\/a><div class=\"woo-desc\"><div class=\"description\">Ontdek onze velgstickersets Made in France, onze motorfiets velgdeco kits, stickers en velgranden zijn uniek....<\/div><\/div><\/div><\/div><\/a><\/li>\n<li class=\"product-category product col span_1_of_3\">\n\t<a aria-label=\"Productcategorie bekijken Kit D\u00e9co\" href=\"https:\/\/www.m-stickers.com\/nl\/categorie-produit\/kit-deco\/\" data-no-translation-aria-label=\"\"><div class=\"product-inner clr\"><div class=\"woo-entry-image clr\"><a href=\"https:\/\/www.m-stickers.com\/nl\/categorie-produit\/kit-deco\/\"><img loading=\"lazy\" decoding=\"async\" src=\"https:\/\/www.m-stickers.com\/wp-content\/uploads\/2021\/11\/kit-deco-1-300x300.png\" alt=\"Deco Kit\" width=\"300\" height=\"300\" srcset=\"https:\/\/www.m-stickers.com\/wp-content\/uploads\/2021\/11\/kit-deco-1-300x300.png 300w, https:\/\/www.m-stickers.com\/wp-content\/uploads\/2021\/11\/kit-deco-1-100x100.png 100w, https:\/\/www.m-stickers.com\/wp-content\/uploads\/2021\/11\/kit-deco-1-150x150.png 150w\" sizes=\"(max-width: 300px) 100vw, 300px\" \/><\/a><\/div><div class=\"woo-entry-inner clr\"><a href=\"https:\/\/www.m-stickers.com\/nl\/categorie-produit\/kit-deco\/\">\t\t<h2 class=\"woocommerce-loop-category__title\">\n\t\t\tDeco Kit <mark class=\"count\">(29)<\/mark>\t\t<\/h2>\n\t\t<\/a><div class=\"woo-desc\"><div class=\"description\">M-Stickers maakt en brengt unieke bekleding aan voor je motor. Klik hier voor meer informatie! Ontdek onze...<\/div><\/div><\/div><\/div><\/a><\/li>\n<li class=\"product-category product last col span_1_of_3\">\n\t<a aria-label=\"Productcategorie bekijken Stickers casque\" href=\"https:\/\/www.m-stickers.com\/nl\/categorie-produit\/destockage\/stickers-casque\/\" data-no-translation-aria-label=\"\"><div class=\"product-inner clr\"><div class=\"woo-entry-image clr\"><a href=\"https:\/\/www.m-stickers.com\/nl\/categorie-produit\/destockage\/stickers-casque\/\"><img loading=\"lazy\" decoding=\"async\" src=\"https:\/\/www.m-stickers.com\/wp-content\/uploads\/2022\/07\/miniature-casque-300x300.webp\" alt=\"Helm stickers\" width=\"300\" height=\"300\" srcset=\"https:\/\/www.m-stickers.com\/wp-content\/uploads\/2022\/07\/miniature-casque-300x300.png 300w, https:\/\/www.m-stickers.com\/wp-content\/uploads\/2022\/07\/miniature-casque-100x100.png 100w, https:\/\/www.m-stickers.com\/wp-content\/uploads\/2022\/07\/miniature-casque-150x150.webp 150w\" sizes=\"(max-width: 300px) 100vw, 300px\" \/><\/a><\/div><div class=\"woo-entry-inner clr\"><a href=\"https:\/\/www.m-stickers.com\/nl\/categorie-produit\/destockage\/stickers-casque\/\">\t\t<h2 class=\"woocommerce-loop-category__title\">\n\t\t\tHelm stickers <mark class=\"count\">(2)<\/mark>\t\t<\/h2>\n\t\t<\/a><div class=\"woo-desc\"><div class=\"description\">Opruiming en promoties op onze producten en motorhelmstickers. Tot -50%.<\/div><\/div><\/div><\/div><\/a><\/li>\n<\/ul>\n<\/div>\t\t\t\t<\/div>\n\t\t\t\t<\/div>\n\t\t\t\t\t<\/div>\n\t\t<\/div>\n\t\t\t\t\t<\/div>\n\t\t<\/section>\n\t\t\t\t<\/div>","protected":false},"excerpt":{"rendered":"<p>Covering moto 100\u2009% Personnalisable Le covering moto est une technique de rev\u00eatement de surface qui ne n\u00e9cessite ni pon\u00e7age ni temps de s\u00e9chage lors de son application, contrairement \u00e0 la peinture. Cette solution est pratique, \u00e9conomique et garantit un rendu impeccable sur les motos. Elle peut \u00eatre utilis\u00e9e sur tous types de moto, roadster, sportive, [&hellip;]<\/p>\n","protected":false},"author":1,"featured_media":0,"parent":0,"menu_order":0,"comment_status":"closed","ping_status":"closed","template":"","meta":{"footnotes":""},"class_list":["post-41478","page","type-page","status-publish","hentry","entry","owp-thumbs-layout-horizontal","owp-btn-big","owp-tabs-layout-horizontal","has-no-thumbnails"],"ase":null,"_links":{"self":[{"href":"https:\/\/www.m-stickers.com\/nl\/wp-json\/wp\/v2\/pages\/41478","targetHints":{"allow":["GET"]}}],"collection":[{"href":"https:\/\/www.m-stickers.com\/nl\/wp-json\/wp\/v2\/pages"}],"about":[{"href":"https:\/\/www.m-stickers.com\/nl\/wp-json\/wp\/v2\/types\/page"}],"author":[{"embeddable":true,"href":"https:\/\/www.m-stickers.com\/nl\/wp-json\/wp\/v2\/users\/1"}],"replies":[{"embeddable":true,"href":"https:\/\/www.m-stickers.com\/nl\/wp-json\/wp\/v2\/comments?post=41478"}],"version-history":[{"count":0,"href":"https:\/\/www.m-stickers.com\/nl\/wp-json\/wp\/v2\/pages\/41478\/revisions"}],"wp:attachment":[{"href":"https:\/\/www.m-stickers.com\/nl\/wp-json\/wp\/v2\/media?parent=41478"}],"curies":[{"name":"motorfiets","href":"https:\/\/api.w.org\/{rel}","templated":true}]}}