{"id":4264,"date":"2020-11-12T14:52:26","date_gmt":"2020-11-12T13:52:26","guid":{"rendered":"https:\/\/www.m-stickers.com\/?page_id=4264"},"modified":"2021-11-25T20:53:41","modified_gmt":"2021-11-25T19:53:41","slug":"boetiek","status":"publish","type":"page","link":"https:\/\/www.m-stickers.com\/nl\/boutique\/","title":{"rendered":"Winkel op"},"content":{"rendered":"<p>Ontdek al onze unieke en 100% aanpasbare M-Stickers velgstickers. Ontworpen in Frankrijk, onze <strong>Decoratiekits<\/strong>\u00a0et\u00a0<strong>Velg stickers voor motorfietsen<\/strong>\u00a0 zijn uniek en\u00a0<strong>100% personaliseerbaar<\/strong>Onze collectie<strong>\u00a0Velg stickers<\/strong>\u00a0<strong>motorfietsen<\/strong>\u00a0worden gemaakt van de beste vinyls om u de beste sticker te bieden voor een lange levensduur. Onze collectie\u00a0<strong>stickers voor motorfietsen<\/strong>\u00a0om aan elke gebruikswijze te voldoen: sportief, stedelijk, dagelijks.\u00a0<strong>De decoratiekit<\/strong>\u00a0De afwerking van uw motorfiets die hem zowel persoonlijk als uniek maakt! Hier vindt u een ruime keuze aan modellen van\u00a0<strong>Moto decoratiekits<\/strong>\u00a0et<strong>\u00a0Velgstrips<\/strong>\u00a0Voor een grote keuze aan motorfietsen. Als uw motormodel niet aanwezig is of u een\u00a0<strong>Moto decoratiekit<\/strong> Op maat gemaakt: aarzel niet om contact met ons op te nemen!<\/p>","protected":false},"excerpt":{"rendered":"<p>Retrouvez tous nos stickers de jantes uniques et 100% personnalisables. Con\u00e7us en France, nos kits d\u00e9co\u00a0et\u00a0stickers de jantes motos\u00a0 sont uniques et\u00a0100% personnalisables. Notre gamme de\u00a0stickers de jantes\u00a0motos\u00a0sont fabriqu\u00e9s \u00e0 partir des meilleurs vinyles dans le but de vous offrir le meilleur adh\u00e9sif possible pour une tenue longue dur\u00e9e. Notre collection de\u00a0stickers moto\u00a0est d\u00e9clin\u00e9e afin [&hellip;]<\/p>\n","protected":false},"author":1,"featured_media":0,"parent":0,"menu_order":0,"comment_status":"closed","ping_status":"closed","template":"elementor_canvas","meta":{"footnotes":""},"class_list":["post-4264","page","type-page","status-publish","hentry","entry","owp-thumbs-layout-horizontal","owp-btn-big","owp-tabs-layout-horizontal","has-no-thumbnails"],"ase":null,"_links":{"self":[{"href":"https:\/\/www.m-stickers.com\/nl\/wp-json\/wp\/v2\/pages\/4264","targetHints":{"allow":["GET"]}}],"collection":[{"href":"https:\/\/www.m-stickers.com\/nl\/wp-json\/wp\/v2\/pages"}],"about":[{"href":"https:\/\/www.m-stickers.com\/nl\/wp-json\/wp\/v2\/types\/page"}],"author":[{"embeddable":true,"href":"https:\/\/www.m-stickers.com\/nl\/wp-json\/wp\/v2\/users\/1"}],"replies":[{"embeddable":true,"href":"https:\/\/www.m-stickers.com\/nl\/wp-json\/wp\/v2\/comments?post=4264"}],"version-history":[{"count":0,"href":"https:\/\/www.m-stickers.com\/nl\/wp-json\/wp\/v2\/pages\/4264\/revisions"}],"wp:attachment":[{"href":"https:\/\/www.m-stickers.com\/nl\/wp-json\/wp\/v2\/media?parent=4264"}],"curies":[{"name":"motorfiets","href":"https:\/\/api.w.org\/{rel}","templated":true}]}}