{"id":4390,"date":"2020-11-18T23:42:20","date_gmt":"2020-11-18T22:42:20","guid":{"rendered":"https:\/\/www.m-stickers.com\/?page_id=4390"},"modified":"2026-01-14T20:12:11","modified_gmt":"2026-01-14T19:12:11","slug":"algemene-verkoopvoorwaarden","status":"publish","type":"page","link":"https:\/\/www.m-stickers.com\/nl\/conditions-generales-de-vente\/","title":{"rendered":"Verkoopvoorwaarden"},"content":{"rendered":"<div data-elementor-type=\"wp-page\" data-elementor-id=\"4390\" class=\"elementor elementor-4390\" data-elementor-post-type=\"page\">\n\t\t\t\t\t\t<section class=\"elementor-section elementor-top-section elementor-element elementor-element-2ce336a9 elementor-section-boxed elementor-section-height-default elementor-section-height-default\" data-id=\"2ce336a9\" data-element_type=\"section\" data-e-type=\"section\">\n\t\t\t\t\t\t<div class=\"elementor-container elementor-column-gap-default\">\n\t\t\t\t\t<div class=\"elementor-column elementor-col-100 elementor-top-column elementor-element elementor-element-27358880\" data-id=\"27358880\" data-element_type=\"column\" data-e-type=\"column\">\n\t\t\t<div class=\"elementor-widget-wrap elementor-element-populated\">\n\t\t\t\t\t\t<div class=\"elementor-element elementor-element-61298ac7 elementor-widget elementor-widget-text-editor\" data-id=\"61298ac7\" data-element_type=\"widget\" data-e-type=\"widget\" data-widget_type=\"text-editor.default\">\n\t\t\t\t<div class=\"elementor-widget-container\">\n\t\t\t\t\t\t\t\t\t<hr data-start=\"696\" data-end=\"699\">\n<h1 style=\"text-align: center;\" data-start=\"701\" data-end=\"734\">ALGEMENE VERKOOPVOORWAARDEN<\/h1>\n<p data-start=\"735\" data-end=\"770\"><strong data-start=\"735\" data-end=\"770\">M-Stickers \u2013 <a class=\"decorated-link\" href=\"http:\/\/www.m-stickers.com\/nl\/\" target=\"_new\" rel=\"noopener\" data-start=\"750\" data-end=\"768\">www.m-stickers.com<\/a><\/strong><\/p>\n<hr data-start=\"814\" data-end=\"817\">\n<h2 data-start=\"819\" data-end=\"831\">Inleiding<\/h2>\n<p data-start=\"833\" data-end=\"981\">De huidige Algemene Verkoopvoorwaarden (hierna \u00abAVW\u00bb) regelen alle verkopen die via de website worden gesloten <strong data-start=\"958\" data-end=\"980\"><a class=\"decorated-link\" href=\"http:\/\/www.m-stickers.com\/nl\/\" target=\"_new\" rel=\"noopener\" data-start=\"960\" data-end=\"978\">www.m-stickers.com<\/a><\/strong>.<\/p>\n<p data-start=\"983\" data-end=\"1112\">Het merk <strong data-start=\"993\" data-end=\"1007\">M-Stickers<\/strong> is een merknaam die wordt ge\u00ebxploiteerd door het bedrijf <strong data-start=\"1060\" data-end=\"1077\">MSTKS HOLDING<\/strong>, hierna te noemen \u00abde Verkoper\u00bb.<\/p>\n<p data-start=\"1114\" data-end=\"1236\">Elke bestelling geplaatst op de website impliceert de volledige, gehele en onvoorwaardelijke acceptatie van deze Algemene Verkoopvoorwaarden door de Koper.<\/p>\n<hr data-start=\"1238\" data-end=\"1241\">\n<h2 data-start=\"1243\" data-end=\"1278\">ARTIKEL 1 \u2013 IDENTITEIT VAN DE PARTIJEN<\/h2>\n<h3 data-start=\"1280\" data-end=\"1294\">De Verkoper<\/h3>\n<p data-start=\"1296\" data-end=\"1390\">Het merk <strong data-start=\"1306\" data-end=\"1320\">M-Stickers<\/strong>, beheerd door <strong data-start=\"1336\" data-end=\"1353\">MSTKS HOLDING<\/strong>,<br data-start=\"1354\" data-end=\"1357\">hierna te noemen de \u00abVerkoper\u00bb.<\/p>\n<p data-start=\"1392\" data-end=\"1453\">Contact:<br data-start=\"1401\" data-end=\"1404\"><img decoding=\"async\" draggable=\"false\" role=\"img\" class=\"emoji\" alt=\"\ud83d\udce7\" src=\"https:\/\/s.w.org\/images\/core\/emoji\/17.0.2\/svg\/1f4e7.svg\"> <a class=\"decorated-link cursor-pointer\" rel=\"noopener\" data-start=\"1407\" data-end=\"1429\">contact@m-stickers.com<\/a><br data-start=\"1429\" data-end=\"1432\"><img decoding=\"async\" draggable=\"false\" role=\"img\" class=\"emoji\" alt=\"\ud83c\udf10\" src=\"https:\/\/s.w.org\/images\/core\/emoji\/17.0.2\/svg\/1f310.svg\"> <a class=\"decorated-link\" href=\"http:\/\/www.m-stickers.com\/nl\/\" target=\"_new\" rel=\"noopener\" data-start=\"1435\" data-end=\"1453\">www.m-stickers.com<\/a><\/p>\n<hr data-start=\"1455\" data-end=\"1458\">\n<h3 data-start=\"1460\" data-end=\"1474\">De koper<\/h3>\n<p data-start=\"1476\" data-end=\"1609\">Elke natuurlijke of rechtspersoon die producten aankoopt via de website <a class=\"decorated-link\" href=\"http:\/\/www.m-stickers.com\/nl\/\" target=\"_new\" rel=\"noopener\" data-start=\"1554\" data-end=\"1572\">www.m-stickers.com<\/a>,<br data-start=\"1573\" data-end=\"1576\">hierna te noemen de \u00abKoper\u00bb.<\/p>\n<hr data-start=\"1611\" data-end=\"1614\">\n<h2 data-start=\"1616\" data-end=\"1644\">ARTIKEL 2 \u2013 VOORWERP VAN DE ALGEMENE VOORWAARDEN<\/h2>\n<p data-start=\"1646\" data-end=\"1691\">Deze Algemene Voorwaarden hebben tot doel te defini\u00ebren:<\/p>\n<ul>\n<li data-start=\"1695\" data-end=\"1756\">de verkoopvoorwaarden van de producten aangeboden door M-Stickers,<\/li>\n<li data-start=\"1759\" data-end=\"1824\">de wederzijdse rechten en plichten van de Verkoper en de Koper,<\/li>\n<li data-start=\"1827\" data-end=\"1895\">de bestel-, betalings-, leverings- en garantievoorwaarden.<\/li>\n<\/ul>\n<p data-start=\"1897\" data-end=\"1984\">Ze zijn op elk moment op de site te raadplegen en hebben voorrang op andere documenten.<\/p>\n<hr data-start=\"1986\" data-end=\"1989\">\n<h2 data-start=\"1991\" data-end=\"2014\">ARTIKEL 3 \u2013 PRODUCTEN<\/h2>\n<h3 data-start=\"2016\" data-end=\"2043\">3.1. Aard van de producten<\/h3>\n<p data-start=\"2045\" data-end=\"2099\">De producten die te koop worden aangeboden zijn voornamelijk:<\/p>\n<ul>\n<li data-start=\"2103\" data-end=\"2132\">decoratieve kits voor motorfiets velgen,<\/li>\n<li data-start=\"2135\" data-end=\"2148\">wielstripings,<\/li>\n<li data-start=\"2151\" data-end=\"2185\">stickers en aanverwante producten.<\/li>\n<\/ul>\n<p data-start=\"2187\" data-end=\"2358\">De meeste producten zijn <strong data-start=\"2217\" data-end=\"2244\">op bestelling gemaakt<\/strong>, vaak <strong data-start=\"2254\" data-end=\"2271\">aangepast<\/strong> afhankelijk van de keuzes van de koper (afmetingen, kleuren, afwerkingen, effecten, teksten, etc.).<\/p>\n<hr data-start=\"2360\" data-end=\"2363\">\n<h3 data-start=\"2365\" data-end=\"2385\">3.2 Introductie<\/h3>\n<p data-start=\"2387\" data-end=\"2495\">Elk product wordt op de site gepresenteerd met een gedetailleerde beschrijving van de belangrijkste kenmerken.<\/p>\n<p data-start=\"2497\" data-end=\"2789\">De afbeeldingen, foto's, 3D-renders, simulaties uit de configurator of voorbeelden van realisaties worden geleverd <strong data-start=\"2613\" data-end=\"2653\">ter indicatie en niet bindend<\/strong>.<br data-start=\"2654\" data-end=\"2657\">Lichte variaties in kleur, weergave of afwerking kunnen voorkomen afhankelijk van schermen, ondergronden of drukmethoden.<\/p>\n<hr data-start=\"2791\" data-end=\"2794\">\n<h2 data-start=\"2796\" data-end=\"2815\">ARTIKEL 4 \u2013 PRIJS<\/h2>\n<h3 data-start=\"2817\" data-end=\"2838\">4.1 Weergegeven prijzen<\/h3>\n<p data-start=\"2635\" data-end=\"2688\">Productprijzen worden weergegeven in euro's <strong data-start=\"2680\" data-end=\"2687\">BTW inbegrepen<\/strong>.<\/p><p data-start=\"2690\" data-end=\"2863\">Conform artikel <strong data-start=\"2715\" data-end=\"2750\">293B van het Algemene Belastingwetboek<\/strong>, de <strong data-start=\"2755\" data-end=\"2783\">btw niet van toepassing<\/strong>.<br data-start=\"2784\" data-end=\"2787\">\nDe getoonde prijzen omvatten daarom niet <strong data-start=\"2825\" data-end=\"2862\">geen btw<\/strong>.<\/p><p data-start=\"2865\" data-end=\"2968\">De verzendkosten worden v\u00f3\u00f3r de bevestiging van de bestelling aangegeven en worden aan het totaalbedrag toegevoegd.<\/p><p data-start=\"2840\" data-end=\"2930\">\n\n\n<\/p><p data-start=\"2970\" data-end=\"3155\">M-Stickers behoudt zich het recht voor om zijn prijzen te allen tijde te wijzigen.<br data-start=\"3036\" data-end=\"3039\">\nDe producten worden echter gefactureerd op basis van de tarieven die gelden op het moment van de orderbevestiging.<\/p>\n<p data-start=\"2932\" data-end=\"3015\">De verzendkosten worden vermeld voordat de bestelling definitief wordt bevestigd.<\/p>\n<hr data-start=\"3017\" data-end=\"3020\">\n<h3 data-start=\"3022\" data-end=\"3051\">4.2 Prijswijzigingen<\/h3>\n<p data-start=\"3053\" data-end=\"3119\">De Verkoper behoudt zich het recht voor om zijn prijzen te allen tijde te wijzigen.<\/p>\n<p data-start=\"3121\" data-end=\"3248\">Echter, de producten worden gefactureerd op basis van het tarief dat geldig is op het moment dat de bestelling door de Koper wordt gevalideerd.<\/p>\n<hr data-start=\"3250\" data-end=\"3253\">\n<h2 data-start=\"3255\" data-end=\"3278\">ARTIKEL 5 \u2013 BESTELLING<\/h2>\n<h3 data-start=\"3280\" data-end=\"3309\">5.1 Bestelproces<\/h3>\n<p data-start=\"3311\" data-end=\"3448\">De koper selecteert zijn producten, controleert het besteloverzicht (producten, opties, prijs, levering) en gaat vervolgens over tot betaling.<\/p>\n<p data-start=\"3450\" data-end=\"3485\">De orderbevestiging is:<\/p>\n<ul>\n<li data-start=\"3489\" data-end=\"3510\">prijsacceptatie,<\/li>\n<li data-start=\"3513\" data-end=\"3551\">acceptatie van productbeschrijvingen,<\/li>\n<li data-start=\"3554\" data-end=\"3584\">acceptatie van deze Algemene Verkoopvoorwaarden,<\/li>\n<li data-start=\"3587\" data-end=\"3628\">definitieve vorming van het verkoopcontract.<\/li>\n<\/ul>\n<hr data-start=\"3630\" data-end=\"3633\">\n<h3 data-start=\"3635\" data-end=\"3674\">5.2 Weigering of annulering van een bestelling<\/h3>\n<p data-start=\"3676\" data-end=\"3754\">De Verkoper behoudt zich het recht voor om elke bestelling te weigeren of te annuleren in geval van:<\/p>\n<ul>\n<li data-start=\"3758\" data-end=\"3794\">eerder geschil met de Koper,<\/li>\n<li data-start=\"3797\" data-end=\"3813\">de wanbetaling,<\/li>\n<li data-start=\"3816\" data-end=\"3839\">verdenking van fraude,<\/li>\n<li data-start=\"3842\" data-end=\"3893\">duidelijke fout in de prijs of configuratie.<\/li>\n<\/ul>\n<hr data-start=\"3895\" data-end=\"3898\">\n<h2 data-start=\"3900\" data-end=\"3923\">ARTIKEL 6 \u2013 BETALING<\/h2>\n<h3 data-start=\"3925\" data-end=\"3942\">6.1 Voorwaarden<\/h3>\n<p data-start=\"3944\" data-end=\"3997\">Betaling is onmiddellijk verschuldigd bij bestelling.<\/p>\n<p data-start=\"3999\" data-end=\"4028\">Geaccepteerde betaalmethoden:<\/p>\n<ul>\n<li data-start=\"4031\" data-end=\"4046\">bankkaart,<\/li>\n<li data-start=\"4049\" data-end=\"4056\">PayPal.<\/li>\n<\/ul>\n<p data-start=\"4058\" data-end=\"4130\">Betalingen zijn beveiligd via gecertificeerde betalingsproviders.<\/p>\n<hr data-start=\"4132\" data-end=\"4135\">\n<h3 data-start=\"4137\" data-end=\"4153\">6.2 Veiligheid<\/h3>\n<p data-start=\"4155\" data-end=\"4260\">Op geen enkel moment worden de bankgegevens van de Koper door de Verkoper doorgegeven of opgeslagen.<\/p>\n<hr data-start=\"4262\" data-end=\"4265\">\n<h2 data-start=\"4267\" data-end=\"4302\">ARTICLE 7 \u2013 R\u00c9SERVE DE PROPRI\u00c9T\u00c9<\/h2>\n<p data-start=\"4304\" data-end=\"4408\">De producten blijven eigendom van de Verkoper tot de volledige betaling van de prijs, inclusief kosten en belastingen.<\/p>\n<hr data-start=\"4410\" data-end=\"4413\">\n<h2 data-start=\"4415\" data-end=\"4451\">ARTIKEL 8 \u2013 HERROEPINGSRECHT<\/h2>\n<h3 data-start=\"4453\" data-end=\"4477\">8.1 Algemeen principe<\/h3>\n<p data-start=\"4479\" data-end=\"4675\">Conformiteit aan artikel L221-18 en volgende van het Burgerlijk Wetboek, de koper heeft een termijn van <strong data-start=\"4586\" data-end=\"4598\">14 dagen<\/strong> vanaf de ontvangst van het product om zijn herroepingsrecht uit te oefenen.<\/p>\n<hr data-start=\"4677\" data-end=\"4680\">\n<h3 data-start=\"4682\" data-end=\"4724\">8.2 Uitzondering \u2013 Gepersonaliseerde producten<\/h3>\n<p data-start=\"4726\" data-end=\"4742\"><img decoding=\"async\" draggable=\"false\" role=\"img\" class=\"emoji\" alt=\"\u26a0\ufe0f\" src=\"https:\/\/s.w.org\/images\/core\/emoji\/17.0.2\/svg\/26a0.svg\"> <strong data-start=\"4729\" data-end=\"4742\">BELANGRIJK<\/strong><\/p>\n<p data-start=\"4744\" data-end=\"4891\">Conform\u00e9ment \u00e0 l\u2019article L221-28 du Code de la consommation, <strong data-start=\"4805\" data-end=\"4878\">Het herroepingsrecht is niet van toepassing op gepersonaliseerde producten<\/strong>, namelijk:<\/p>\n<ul>\n<li data-start=\"4895\" data-end=\"4914\">specifieke vormen,<\/li>\n<li data-start=\"4917\" data-end=\"4941\">aangepaste kleuren,<\/li>\n<li data-start=\"4944\" data-end=\"4976\">teksten of grafische afbeeldingen op maat,<\/li>\n<li data-start=\"4979\" data-end=\"5004\">afwijkende afmetingen,<\/li>\n<li data-start=\"5007\" data-end=\"5046\">producten gerealiseerd via de configurator.<\/li>\n<\/ul>\n<p data-start=\"5048\" data-end=\"5155\">Geen retour, omruiling of terugbetaling kan voor deze producten worden ge\u00ebist, behalve in geval van een bewezen defect.<\/p>\n<hr data-start=\"5157\" data-end=\"5160\">\n<h2 data-start=\"5162\" data-end=\"5186\">ARTIKEL 9 \u2013 LEVERING<\/h2>\n<h3 data-start=\"5188\" data-end=\"5205\">9.1 Voorwaarden<\/h3>\n<p data-start=\"5207\" data-end=\"5288\">De producten worden geleverd op het adres dat door de Koper is opgegeven bij de bestelling.<\/p>\n<p data-start=\"5290\" data-end=\"5414\">Ze worden verzonden in versterkte kartonnen enveloppen of geschikte dozen, afhankelijk van de grootte en de bestelde hoeveelheid.<\/p>\n<hr data-start=\"5416\" data-end=\"5419\">\n<h3 data-start=\"5421\" data-end=\"5435\">9.2 Levertijden<\/h3>\n<p data-start=\"5437\" data-end=\"5492\">De levertijden zijn indicatief:<\/p>\n<ul>\n<li data-start=\"5496\" data-end=\"5538\"><strong data-start=\"5496\" data-end=\"5515\">10 werkdagen<\/strong> bij standaard levering,<\/li>\n<li data-start=\"5541\" data-end=\"5633\">tot <strong data-start=\"5549\" data-end=\"5569\">maximaal 20 dagen<\/strong> voor gepersonaliseerde producten of tijdens periodes van grote vraag.<\/li>\n<\/ul>\n<p data-start=\"5635\" data-end=\"5697\">M-Stickers werkt op bestelling, zonder voorraad.<\/p>\n<hr data-start=\"5699\" data-end=\"5702\">\n<h3 data-start=\"5704\" data-end=\"5719\">9.3 Vertragingen<\/h3>\n<p data-start=\"5721\" data-end=\"5888\">Bij een vertraging van meer dan <strong data-start=\"5750\" data-end=\"5762\">30 dagen<\/strong>, niet gerechtvaardigd door overmacht, kan de Koper de annulering van de bestelling en volledige terugbetaling aanvragen.<\/p>\n<hr data-start=\"5890\" data-end=\"5893\">\n<h3 data-start=\"5895\" data-end=\"5912\">9.4 Ontvangst<\/h3>\n<p data-start=\"5914\" data-end=\"6077\">Het is aan de Koper om de staat van het pakket bij ontvangst te controleren.<br data-start=\"5981\" data-end=\"5984\">Elke afwijking moet binnen een termijn van door de vervoerder en de verkoper worden gemeld. <strong data-start=\"6065\" data-end=\"6076\">3 dagen<\/strong>.<\/p>\n<hr data-start=\"6079\" data-end=\"6082\">\n<h2 data-start=\"6084\" data-end=\"6109\">ARTIKEL 10 \u2013 GARANTIES<\/h2>\n<h3 data-start=\"6111\" data-end=\"6137\">10.1 Wettelijke garanties<\/h3>\n<p data-start=\"6139\" data-end=\"6161\">De Koper profiteert van:<\/p>\n<ul>\n<li data-start=\"6165\" data-end=\"6258\">De wettelijke conformiteitsgarantie (artikelen L217-3 en verder van het Burgerlijk Wetboek).<\/li>\n<li data-start=\"6261\" data-end=\"6342\">de garantie tegen verborgen gebreken (artikelen 1641 en volgende van het Burgerlijk Wetboek).<\/li>\n<\/ul>\n<hr data-start=\"6344\" data-end=\"6347\">\n<h3 data-start=\"6349\" data-end=\"6400\">10.2 Handelsgarantie voor duurzaamheid \u2013 6 jaar<\/h3>\n<p data-start=\"6402\" data-end=\"6558\">Ongeacht de wettelijke garanties, biedt M-Stickers een <strong data-start=\"6463\" data-end=\"6510\">commerci\u00eble duurzaamheidsgarantie van 6 jaar<\/strong> dekking van voortijdig loslaten van de stickers.<\/p>\n<h4 data-start=\"6560\" data-end=\"6596\">Verplichte installatievoorwaarden<\/h4>\n<p data-start=\"6598\" data-end=\"6659\">Om aanspraak te kunnen maken op garantie, moet de installatie uitgevoerd worden:<\/p>\n<ul>\n<li data-start=\"6663\" data-end=\"6707\">op een schoon, droog en vetvrij oppervlak,<\/li>\n<li data-start=\"6710\" data-end=\"6752\">conform de verstrekte aanbevelingen,<\/li>\n<li data-start=\"6755\" data-end=\"6805\">met een minimale droogtijd van <strong data-start=\"6791\" data-end=\"6804\">48 uur<\/strong>.<\/li>\n<\/ul>\n<hr data-start=\"6807\" data-end=\"6810\">\n<h4 data-start=\"6812\" data-end=\"6841\">Klachtenprocedure<\/h4>\n<p data-start=\"6843\" data-end=\"6868\">De Koper moet het volgende verstrekken:<\/p>\n<ol>\n<li data-start=\"6872\" data-end=\"6908\">heldere en gedateerde foto's,<\/li>\n<li data-start=\"6912\" data-end=\"6951\">een beschrijving van de gebruiksvoorwaarden,<\/li>\n<li data-start=\"6955\" data-end=\"6979\">een kopie van de factuur.<\/li>\n<\/ol>\n<p data-start=\"6981\" data-end=\"7088\">Na verificatie wordt het aankoopbedrag binnen maximaal terugbetaald. <strong data-start=\"7068\" data-end=\"7087\">60 werkdagen<\/strong>.<\/p>\n<hr data-start=\"7090\" data-end=\"7093\">\n<h4 data-start=\"7095\" data-end=\"7110\">Uitsluitingen<\/h4>\n<p data-start=\"7112\" data-end=\"7139\">De garantie dekt niet:<\/p>\n<ul>\n<li data-start=\"7142\" data-end=\"7160\">een slechte installatie,<\/li>\n<li data-start=\"7163\" data-end=\"7192\">oneigenlijk gebruik,<\/li>\n<li data-start=\"7195\" data-end=\"7234\">blootstelling aan extreme omstandigheden,<\/li>\n<li data-start=\"7237\" data-end=\"7276\">nalatigheid of gebrek aan onderhoud.<\/li>\n<\/ul>\n<hr data-start=\"7278\" data-end=\"7281\">\n<h2 data-start=\"7283\" data-end=\"7313\">ARTIKEL 11 \u2013 AANSPRAKELIJKHEID<\/h2>\n<p data-start=\"7315\" data-end=\"7366\">De Verkoper is een <strong data-start=\"7341\" data-end=\"7365\">inspanningsverplichting<\/strong>.<\/p>\n<p data-start=\"7368\" data-end=\"7418\">Zijn aansprakelijkheid kan niet worden ingeroepen in geval van:<\/p>\n<ul>\n<li data-start=\"7421\" data-end=\"7445\">onjuist gebruik,<\/li>\n<li data-start=\"7448\" data-end=\"7469\">foutieve installatie,<\/li>\n<li data-start=\"7472\" data-end=\"7494\">indirecte schade,<\/li>\n<li data-start=\"7497\" data-end=\"7513\">normale slijtage.<\/li>\n<\/ul>\n<hr data-start=\"7515\" data-end=\"7518\">\n<h2 data-start=\"7520\" data-end=\"7560\">ARTIKEL 12 \u2013 INTELLECTUELE EIGENDOM<\/h2>\n<p data-start=\"7562\" data-end=\"7678\">Alle elementen van de site (teksten, visuals, logo's, afbeeldingen, configurator) zijn het exclusieve eigendom van M-Stickers.<\/p>\n<p data-start=\"7680\" data-end=\"7747\">Elke reproductie of exploitatie zonder toestemming is verboden.<\/p>\n<hr data-start=\"7749\" data-end=\"7752\">\n<h2 data-start=\"7754\" data-end=\"7790\">ARTIKEL 13 \u2013 PERSOONLIJKE GEGEVENS<\/h2>\n<p data-start=\"7792\" data-end=\"7905\">De persoonlijke gegevens worden verwerkt overeenkomstig de <strong data-start=\"7849\" data-end=\"7881\">Privacybeleid<\/strong> beschikbaar op de website.<\/p>\n<hr data-start=\"7907\" data-end=\"7910\">\n<h2 data-start=\"7912\" data-end=\"7955\">ARTIKEL 14 \u2013 TOEPASSELIJK RECHT EN GESCHILLEN<\/h2>\n<p data-start=\"7957\" data-end=\"8011\">De huidige Algemene Verkoopvoorwaarden zijn onderworpen aan <strong data-start=\"7992\" data-end=\"8010\">Frans recht<\/strong>.<\/p>\n<p data-start=\"8013\" data-end=\"8188\">In geval van een geschil kan de Koper een beroep doen op een consumentenmediator.<br data-start=\"8090\" data-end=\"8093\">Bij gebrek aan een minnelijke schikking zijn de bevoegde rechtbanken die van de vestigingsplaats van de Verkoper.<\/p>\t\t\t\t\t\t\t\t<\/div>\n\t\t\t\t<\/div>\n\t\t\t\t\t<\/div>\n\t\t<\/div>\n\t\t\t\t\t<\/div>\n\t\t<\/section>\n\t\t\t\t<\/div>","protected":false},"excerpt":{"rendered":"<p>CONDITIONS G\u00c9N\u00c9RALES DE VENTE M-Stickers \u2013 www.m-stickers.com PR\u00c9AMBULE Les pr\u00e9sentes Conditions G\u00e9n\u00e9rales de Vente (ci-apr\u00e8s \u00ab CGV \u00bb) r\u00e9gissent l\u2019ensemble des ventes conclues via le site internet www.m-stickers.com. La marque M-Stickers est une marque commerciale exploit\u00e9e par la soci\u00e9t\u00e9 MSTKS HOLDING, ci-apr\u00e8s d\u00e9nomm\u00e9e \u00ab le Vendeur \u00bb. Toute commande pass\u00e9e sur le site implique l\u2019acceptation [&hellip;]<\/p>\n","protected":false},"author":1,"featured_media":0,"parent":0,"menu_order":0,"comment_status":"closed","ping_status":"closed","template":"","meta":{"footnotes":""},"class_list":["post-4390","page","type-page","status-publish","hentry","entry","owp-thumbs-layout-horizontal","owp-btn-big","owp-tabs-layout-horizontal","has-no-thumbnails"],"ase":null,"_links":{"self":[{"href":"https:\/\/www.m-stickers.com\/nl\/wp-json\/wp\/v2\/pages\/4390","targetHints":{"allow":["GET"]}}],"collection":[{"href":"https:\/\/www.m-stickers.com\/nl\/wp-json\/wp\/v2\/pages"}],"about":[{"href":"https:\/\/www.m-stickers.com\/nl\/wp-json\/wp\/v2\/types\/page"}],"author":[{"embeddable":true,"href":"https:\/\/www.m-stickers.com\/nl\/wp-json\/wp\/v2\/users\/1"}],"replies":[{"embeddable":true,"href":"https:\/\/www.m-stickers.com\/nl\/wp-json\/wp\/v2\/comments?post=4390"}],"version-history":[{"count":20,"href":"https:\/\/www.m-stickers.com\/nl\/wp-json\/wp\/v2\/pages\/4390\/revisions"}],"predecessor-version":[{"id":63953,"href":"https:\/\/www.m-stickers.com\/nl\/wp-json\/wp\/v2\/pages\/4390\/revisions\/63953"}],"wp:attachment":[{"href":"https:\/\/www.m-stickers.com\/nl\/wp-json\/wp\/v2\/media?parent=4390"}],"curies":[{"name":"motorfiets","href":"https:\/\/api.w.org\/{rel}","templated":true}]}}