{"id":49536,"date":"2023-11-02T13:46:26","date_gmt":"2023-11-02T12:46:26","guid":{"rendered":"https:\/\/www.m-stickers.com\/?page_id=49536"},"modified":"2026-02-14T12:50:12","modified_gmt":"2026-02-14T11:50:12","slug":"mijn-profiel","status":"publish","type":"page","link":"https:\/\/www.m-stickers.com\/nl\/mon-compte-pro\/","title":{"rendered":"Mijn account \u2013 Pro"},"content":{"rendered":"\t\t<div data-elementor-type=\"wp-page\" data-elementor-id=\"49536\" class=\"elementor elementor-49536\" data-elementor-post-type=\"page\">\n\t\t\t\t\t\t<section class=\"elementor-section elementor-top-section elementor-element elementor-element-625df3d stax-condition-yes stax-user_role_enabled-yes elementor-section-boxed elementor-section-height-default elementor-section-height-default\" data-id=\"625df3d\" data-element_type=\"section\" data-e-type=\"section\">\n\t\t\t\t\t\t<div class=\"elementor-container elementor-column-gap-default\">\n\t\t\t\t\t<div class=\"elementor-column elementor-col-100 elementor-top-column elementor-element elementor-element-3a1b0f3\" data-id=\"3a1b0f3\" data-element_type=\"column\" data-e-type=\"column\">\n\t\t\t<div class=\"elementor-widget-wrap elementor-element-populated\">\n\t\t\t\t\t\t<div class=\"elementor-element elementor-element-883ee5a stax-condition-yes stax-user_role_enabled-yes elementor-widget elementor-widget-heading\" data-id=\"883ee5a\" data-element_type=\"widget\" data-e-type=\"widget\" data-widget_type=\"heading.default\">\n\t\t\t\t<div class=\"elementor-widget-container\">\n\t\t\t\t\t<h1 class=\"elementor-heading-title elementor-size-default\">Inscription pour compte professionnel<\/h1>\t\t\t\t<\/div>\n\t\t\t\t<\/div>\n\t\t\t\t<div class=\"elementor-element elementor-element-6b45e46 elementor-widget elementor-widget-eael-login-register\" data-id=\"6b45e46\" data-element_type=\"widget\" data-e-type=\"widget\" data-widget_type=\"eael-login-register.default\">\n\t\t\t\t<div class=\"elementor-widget-container\">\n\t\t\t\t\t        <div class=\"eael-login-registration-wrapper \"\n             data-is-ajax=\"\"\n             data-widget-id=\"6b45e46\"\n             data-page-id=\"49536\"\n             data-recaptcha-sitekey=\"\"\n\t\t\t data-recaptcha-sitekey-v3=\"\"\n\t\t\t data-login-recaptcha-version=\"v2\"\n\t\t\t data-register-recaptcha-version=\"v2\"\n\t\t\t data-lostpassword-recaptcha-version=\"v2\"\n             data-redirect-to=\"https:\/\/www.m-stickers.com\/mon-compte\/\"\n             data-resetpassword-redirect-to=\"https:\/\/www.m-stickers.com\/nl\/mon-compte-pro\/\"\n        >\n\t\t\t            <section id=\"eael-login-form-wrapper\" class=\"eael-lr-d-none\" data-recaptcha-theme=\"light\" data-recaptcha-size=\"normal\">\n                <div class=\"eael-login-form-wrapper eael-lr-form-wrapper style-2 \">\n\t\t\t\t\t                        <div class=\"lr-form-wrapper\">\n\t\t\t\t\t\t\t        <div class=\"lr-form-header header-left\">\n\t\t\t\n\t\t\t                <div class=\"form-dsc\">\n\t\t\t\t\t<h4>Connexion<\/h4>                <\/div>\n\t\t\t        <\/div>\n\t\t\t\t\t\t\t\t\t                            <form class=\"eael-login-form eael-lr-form\"\n                                  id=\"eael-login-form\"\n                                  method=\"post\">\n\t\t\t\t\t\t\t\t                                <div class=\"eael-lr-form-group eael-user-login\">\n\t\t\t\t\t\t\t\t\t<label for=\"eael-user-login\" class=\"eael-field-label\">Email<\/label>                                    <input type=\"text\"\n                                           name=\"eael-user-login\"\n                                           id=\"eael-user-login\"\n                                           class=\"eael-lr-form-control\"\n                                           placeholder=\"Email\"\n                                           required autocomplete=\"username email\">\n\t\t\t\t\t\t\t\t\t                                <\/div>\n                                <div class=\"eael-lr-form-group eael-user-password\">\n\t\t\t\t\t\t\t\t\t<label for=\"eael-user-password\" class=\"eael-field-label\">Mot de passe<\/label>                                    <div class=\"eael-lr-password-wrapper\">\n                                        <input type=\"password\"\n                                               name=\"eael-user-password\"\n                                               class=\"eael-lr-form-control\"\n                                               id=\"eael-user-password\"\n                                               placeholder=\"Mot de passe\"\n                                               required autocomplete=\"current-password\">\n\t\t\t\t\t\t\t\t\t\t                                            <button type=\"button\"\n                                                    id=\"wp-hide-pw\"\n                                                    class=\"wp-hide-pw hide-if-no-js\"\n                                                    aria-label=\"Show password\">\n                                                <span class=\"dashicons dashicons-visibility\"\n                                                      aria-hidden=\"true\"><\/span>\n                                            <\/button>\n\t\t\t\t\t\t\t\t\t\t\t\t\t\t\t\t\t\t\t\t                                    <\/div>\n                                <\/div>\n                                <div class=\"eael-forever-forget eael-lr-form-group\">\n\t\t\t\t\t\t\t\t\t                                        <p class=\"forget-menot\">\n                                            <input name=\"eael-rememberme\" type=\"checkbox\" id=\"rememberme\" checked class=\"remember-me \" value=\"forever\">\n                                            <label for=\"rememberme\" class=\"eael-checkbox-label rememberme\">Se rappeler de moi<\/label>\n                                        <\/p>\n\t\t\t\t\t\t\t\t\t<p class=\"forget-pass\"><a id=\"eael-lr-lostpassword-toggle\" href=\"\" data-action=\"form\">Mot de passe oubli\u00e9 ? <\/a><\/p>\n                                <\/div>\n\n\t\t\t\t\t\t\t\t\n\n                                <div class=\"eael-lr-footer\">\n\t\t\t\t\t\t\t\t\t<div class=\"eael-lr-form-loader-wrapper\">\n\t\t\t\t\t\t\t\t\t\t<button type=\"submit\" name=\"eael-login-submit\" id=\"eael-login-submit\" class=\"g-recaptcha eael-lr-btn eael-lr-btn-block \">\n\t\t\t\t\t\t\t\t\t\t\tConnexion\t\t\t\t\t\t\t\t\t\t<\/button>\n\t\t\t\t\t\t\t\t\t\t\n\t\t\t\t\t\t\t\t\t\t\n\t\t\t\t\t\t\t\t\t<\/div>\n\t\t\t\t\t\t\t\t\t                                        <div class=\"eael-sign-wrapper \">\n\t\t\t\t\t\t\t\t\t\t\t<span class=\"d-ib\"> <\/span> <a href=\"https:\/\/www.m-stickers.com\/mon-compte-pre-pro\/\" id=\"eael-lr-reg-toggle\" class=\"eael-lr-link\" data-action=\"custom\">S'inscrire (pro)<\/a>                                        <\/div>\n\t\t\t\t\t\t\t\t\t\n                                <\/div>\n\t\t\t\t\t\t\t\t<div class=\"eael-form-validation-container\"><\/div>                <input type=\"hidden\"\n                       name=\"redirect_to\"\n                       value=\"https:\/\/www.m-stickers.com\/mon-compte\/\">\n\t\t\t<input type=\"hidden\" id=\"eael-login-nonce\" name=\"eael-login-nonce\" value=\"4c65d9cf24\" \/><input type=\"hidden\" name=\"_wp_http_referer\" value=\"\/nl\/wp-json\/wp\/v2\/pages\/49536\" \/>        <input type=\"hidden\"\n               name=\"page_id\"\n               value=\"49536\">\n\t\t<input type=\"hidden\"\n               name=\"page_id_for_popup\"\n               value=\"49536\">\t   \n\t\t<input type=\"hidden\"\n               name=\"resetpassword_in_popup_selector\"\n               value=\"\">\n        <input type=\"hidden\"\n               name=\"widget_id\"\n               value=\"6b45e46\">\n\t\t                            <\/form>\n\t\t\t\t\t\t\t                        <\/div>\n\t\t\t\t\t\t                <\/div>\n\n            <\/section>\n\n\t\t\t<script>\n\t\t\t\tjQuery(document).ready(function($){\n\t\t\t\t\tvar eael_get_login_status = localStorage.getItem( 'eael-is-login-form' );\n\t\t\t\t\tif( eael_get_login_status === 'true' ) {\n\t\t\t\t\t\tsetTimeout(function() {\n\t\t\t\t\t\t\tvar button = jQuery('[eael-login=\"yes\"]');\n\t\t\t\t\t\t\tif( ! button.hasClass('eael-clicked') ) {\n\t\t\t\t\t\t\t\tbutton.trigger('click').addClass('eael-clicked');\n\t\t\t\t\t\t\t}\n\t\t\t\t\t\t}, 100);\n\n\t\t\t\t\t\tsetTimeout(function() {\n\t\t\t\t\t\t\tjQuery('[eael-login=\"yes\"]').removeClass('eael-clicked')\n\t\t\t\t\t\t}, 500);\n\t\t\t\t\t}\n\t\t\t\t});\n\t\t\t<\/script>\n\t\t\t            <section\n                    id=\"eael-register-form-wrapper\"\n                    class=\"\"\n                    data-recaptcha-theme=\"light\"\n                    data-recaptcha-size=\"normal\"\n                    data-use-weak-password=\"1\"\n                    data-password-min-length=\"\"\n                    data-password-one-uppercase=\"\"\n                    data-password-one-lowercase=\"\"\n                    data-password-one-number=\"\"\n                    data-password-one-special=\"\"\n\t\t\t\t\t>\n                <div class=\"eael-register-form-wrapper eael-lr-form-wrapper style-2 \">\n\t\t\t\t\t                    <div class=\"lr-form-wrapper\">\n\t\t\t\t\t\t        <div class=\"lr-form-header header-left\">\n\t\t\t\n\t\t\t                <div class=\"form-dsc\">\n\t\t\t\t\t<h4>Inscription<\/h4>                <\/div>\n\t\t\t        <\/div>\n\t\t                        <form class=\"eael-register-form eael-lr-form\"\n                              id=\"eael-register-form\"\n                              method=\"post\"\n\t\t\t\t\t\t\t  \t\t\t\t\t\t\t  >\n\t\t\t\t\t\t\t\t\t\t\t\t\t\t                                <div class=\"eael-lr-form-group elementor-repeater-item-cf2146a eael-field-type-nom_de_l\\&#039;entreprise\">\n\t\t\t\t\t\t\t\t\t<label for=\"form-field-nom_de_l\\&#039;entreprise\" class=\"eael-field-label mark-required\">Nom de l'entreprise<\/label><input name=\"nom_de_l\\&#039;entreprise\" type=\"text\" placeholder=\"D\u00e9nomination social\" class=\"eael-lr-form-control form-field-nom_de_l\\&#039;entreprise\" id=\"form-field-nom_de_l\\&#039;entreprise\" required=\"required\" aria-required=\"true\">\n\t\t\t\t\t\t\t\t<\/div>                                <div class=\"eael-lr-form-group elementor-repeater-item-5b19896 eael-field-type-n\u00b0_siret\">\n\t\t\t\t\t\t\t\t\t<label for=\"form-field-n\u00b0_siret\" class=\"eael-field-label mark-required\">N\u00b0SIRET<\/label><input name=\"n\u00b0_siret\" type=\"text\" placeholder=\"\" class=\"eael-lr-form-control form-field-n\u00b0_siret\" id=\"form-field-n\u00b0_siret\" required=\"required\" aria-required=\"true\">\n\t\t\t\t\t\t\t\t<\/div>                                <div class=\"eael-lr-form-group elementor-repeater-item-5bbe8b4 eael-field-type-email\">\n\t\t\t\t\t\t\t\t\t<label for=\"form-field-email\" class=\"eael-field-label mark-required\">Email<\/label><input name=\"email\" type=\"email\" placeholder=\"Email\" class=\"eael-lr-form-control form-field-email\" id=\"form-field-email\" required=\"required\" aria-required=\"true\">\n\t\t\t\t\t\t\t\t<\/div>                                <div class=\"eael-lr-form-group elementor-repeater-item-81dee92 eael-field-type-first_name\">\n\t\t\t\t\t\t\t\t\t<label for=\"form-field-first_name\" class=\"eael-field-label mark-required\">Pr\u00e9nom<\/label><input name=\"first_name\" type=\"text\" placeholder=\"\" class=\"eael-lr-form-control form-field-first_name\" id=\"form-field-first_name\" required=\"required\" aria-required=\"true\">\n\t\t\t\t\t\t\t\t<\/div>                                <div class=\"eael-lr-form-group elementor-repeater-item-f2c4acf eael-field-type-last_name\">\n\t\t\t\t\t\t\t\t\t<label for=\"form-field-last_name\" class=\"eael-field-label mark-required\">Nom<\/label><input name=\"last_name\" type=\"text\" placeholder=\"\" class=\"eael-lr-form-control form-field-last_name\" id=\"form-field-last_name\" required=\"required\" aria-required=\"true\">\n\t\t\t\t\t\t\t\t<\/div>                                <div class=\"eael-lr-form-group elementor-repeater-item-55ec693 eael-field-type-eael_phone_number\">\n\t\t\t\t\t\t\t\t\t<label for=\"form-field-eael_phone_number\" class=\"eael-field-label\">T\u00e9l\u00e9phone<\/label><input name=\"eael_phone_number\" type=\"text\" placeholder=\"T\u00e9l\u00e9phone\" class=\"eael-lr-form-control form-field-eael_phone_number\" id=\"form-field-eael_phone_number\">\n\t\t\t\t\t\t\t\t<\/div>                                <div class=\"eael-lr-form-group elementor-repeater-item-ca6463a eael-field-type-website\">\n\t\t\t\t\t\t\t\t\t<label for=\"form-field-website\" class=\"eael-field-label\">Site Web<\/label><input name=\"website\" type=\"url\" placeholder=\"Site Web\" class=\"eael-lr-form-control form-field-website\" id=\"form-field-website\">\n\t\t\t\t\t\t\t\t<\/div>                                <div class=\"eael-lr-form-group elementor-repeater-item-0fb2abb eael-field-type-password\">\n\t\t\t\t\t\t\t\t\t<label for=\"form-field-password\" class=\"eael-field-label mark-required\">Mot de passe<\/label><div class=\"eael-lr-password-wrapper-register\"><input name=\"password\" type=\"password\" placeholder=\"Mot de passe\" class=\"eael-lr-form-control form-field-password\" id=\"form-field-password\" required=\"required\" aria-required=\"true\">\t\t\t\t\t\t\t\t\t\t\t\t<button type=\"button\"\n\t\t\t\t\t\t\t\t\t\t\t\t\t\tid=\"wp-hide-pw-register\"\n\t\t\t\t\t\t\t\t\t\t\t\t\t\tclass=\"wp-hide-pw hide-if-no-js\"\n\t\t\t\t\t\t\t\t\t\t\t\t\t\taria-label=\"Show password\">\n\t\t\t\t\t\t\t\t\t\t\t\t\t<span class=\"dashicons dashicons-visibility\"\n\t\t\t\t\t\t\t\t\t\t\t\t\t\taria-hidden=\"true\"><\/span>\n\t\t\t\t\t\t\t\t\t\t\t\t<\/button>\n\t\t\t\t\t\t\t\t\t\t\t<\/div>\n\t\t\t\t\t\t\t\t<\/div>                                <div class=\"eael-lr-form-group elementor-repeater-item-78e85a5 eael-field-type-confirm_pass\">\n\t\t\t\t\t\t\t\t\t<label for=\"form-field-confirm_pass\" class=\"eael-field-label mark-required\">Confirmer le mot de passe<\/label><input name=\"confirm_pass\" type=\"password\" placeholder=\"Confirmer le mot de passe\" class=\"eael-lr-form-control form-field-confirm_pass\" id=\"form-field-confirm_pass\" required=\"required\" aria-required=\"true\">\n\t\t\t\t\t\t\t\t<\/div><input type=\"hidden\" id=\"eael-register-nonce\" name=\"eael-register-nonce\" value=\"d8304ff9d5\" \/><input type=\"hidden\" name=\"_wp_http_referer\" value=\"\/nl\/wp-json\/wp\/v2\/pages\/49536\" \/>        <input type=\"hidden\"\n               name=\"page_id\"\n               value=\"49536\">\n\t\t<input type=\"hidden\"\n               name=\"page_id_for_popup\"\n               value=\"49536\">\t   \n\t\t<input type=\"hidden\"\n               name=\"resetpassword_in_popup_selector\"\n               value=\"\">\n        <input type=\"hidden\"\n               name=\"widget_id\"\n               value=\"6b45e46\">\n\t\t        <div class=\"eael_accept_tnc_wrap\">\n            <input type=\"hidden\"\n                   name=\"eael_tnc_active\"\n                   value=\"1\">\n            <input type=\"checkbox\"\n                   name=\"eael_accept_tnc\"\n                   class=\"eael_accept_tnc lr-toggle\"\n                   value=\"1\"\n                   id=\"eael_accept_tnc\">\n            <label for=\"eael_accept_tnc\"\n                   class=\"eael-checkbox-label check-accept\">\n\t\t\t\tJ&#039;accepte            <\/label>\n\t\t\t<a href=\"https:\/\/www.m-stickers.com\/nl\/politique-de-confidentialite\/\" id=\"eael-lr-tnc-link\" class=\"eael-lr-tnc-link\" target=\"_blank\" rel=\"nofollow\"> les Termes et conditions.<\/a>        <\/div>\n\n\t\t<div class=\"eael-lr-tnc-wrap\"><\/div>\n                            <div class=\"eael-lr-footer\">\n\t\t\t\t\t\t\t\t<div class=\"eael-lr-form-loader-wrapper\">\n\t\t\t\t\t\t\t\t\t<button type=\"submit\" name=\"eael-register-submit\" id=\"eael-register-submit\" class=\"eael-lr-btn eael-lr-btn-block\">\n\t\t\t\t\t\t\t\t\t\tS&#039;inscrire\t\t\t\t\t\t\t\t\t<\/button>\n\t\t\t\t\t\t\t\t\t\t\n\t\t\t\t\t\t\t\t\t\n\t\t\t\t\t\t\t\t<\/div>\n\t\t\t\t\t\t\t\t                            <\/div>\n\n\t\t\t\t\t\t\t<div class=\"eael-form-validation-container\"><\/div>\t\t\t\t\t\t\t                        <\/form>\n\t\t\t\t\t\t                    <\/div>\n\t\t\t\t\t                <\/div>\n            <\/section>\n\t\t\t            <section\n                    id=\"eael-lostpassword-form-wrapper\"\n                    class=\"eael-lr-d-none\"\n\t\t\t\t\tdata-recaptcha-theme=\"light\"\n                    data-recaptcha-size=\"normal\"\n                    >\n                <div class=\"eael-lostpassword-form-wrapper eael-lr-form-wrapper style-2 \">\n\t\t\t\t\t\t\t\t\t\t<div class=\"lr-form-wrapper\">\n\t\t\t\t\t\t        <div class=\"lr-form-header header-left\">\n\t\t\t\n\t\t\t                <div class=\"form-dsc\">\n\t\t\t\t\t<h4>Mot de passe oublier<\/h4>                <\/div>\n\t\t\t        <\/div>\n\t\t\t\t\t\t\t\t\t\t\t\t\t\t<form class=\"eael-lostpassword-form eael-lr-form\" id=\"eael-lostpassword-form\" method=\"post\">\n\t\t\t\t\t\t\t\t\t\t\t\t\t\t<div class=\"eael-lr-form-group \">\n\t\t\t\t\t\t\t\t<label for=\"eael-user-lostpassword\" class=\"eael-field-label\">Gebruikersnaam of e-mailadres<\/label>\t\t\t\t\t\t\t\t<input type=\"text\" name=\"eael-user-lostpassword\" id=\"eael-user-lostpassword\" class=\"eael-lr-form-control\" placeholder=\"Gebruikersnaam of e-mailadres\" required>\n\t\t\t\t\t\t\t\t\t\t\t\t\t\t\t<\/div>\n\n\t\t\t\t\t\t\t\n\t\t\t\t\t\t\t<div class=\"eael-lr-footer\">\n\t\t\t\t\t\t\t\t<button type=\"submit\" name=\"eael-lostpassword-submit\" id=\"eael-lostpassword-submit\" class=\"g-recaptcha eael-lr-btn eael-lr-btn-block   \">r\u00e9initialiser<\/button>\n\t\t\t\t\t\t\t\t\t\t\t\t\t\t\t\t\t<div class=\"eael-sign-wrapper \">\n\t\t\t\t\t\t\t\t\t\t<span class=\"d-ib\"> <\/span> <a href=\"\" id=\"eael-lr-login-toggle-lostpassword\" class=\"eael-lr-link\" data-action=\"form\">Connexion<\/a>\t\t\t\t\t\t\t\t\t<\/div>\n\t\t\t\t\t\t\t\t\n\t\t\t\t\t\t\t<\/div>\n\t\t\t\t\t\t\t<div class=\"eael-form-validation-container\"><\/div><input type=\"hidden\" id=\"eael-lostpassword-nonce\" name=\"eael-lostpassword-nonce\" value=\"ae99778ed0\" \/><input type=\"hidden\" name=\"_wp_http_referer\" value=\"\/nl\/wp-json\/wp\/v2\/pages\/49536\" \/>        <input type=\"hidden\"\n               name=\"page_id\"\n               value=\"49536\">\n\t\t<input type=\"hidden\"\n               name=\"page_id_for_popup\"\n               value=\"49536\">\t   \n\t\t<input type=\"hidden\"\n               name=\"resetpassword_in_popup_selector\"\n               value=\"\">\n        <input type=\"hidden\"\n               name=\"widget_id\"\n               value=\"6b45e46\">\n\t\t\t\t\t\t\t\t<\/form>\n\t\t\t\t\t\t\t\t\t\t\t<\/div>\n\t\t\t\t\t                <\/div>\n\n            <\/section>\n\t\t\t        <\/div>\n\n\t\t\t\t\t\t<\/div>\n\t\t\t\t<\/div>\n\t\t\t\t<div class=\"elementor-element elementor-element-523c0ac stax-condition-yes stax-user_role_enabled-yes elementor-widget elementor-widget-heading\" data-id=\"523c0ac\" data-element_type=\"widget\" data-e-type=\"widget\" data-widget_type=\"heading.default\">\n\t\t\t\t<div class=\"elementor-widget-container\">\n\t\t\t\t\t<h1 class=\"elementor-heading-title elementor-size-medium\">L'inscription d'un compte professionnel sera soumise \u00e0 v\u00e9rification. Il est possible que des documents soient demand\u00e9s par la suite pour finaliser l'inscription. Toute information fausse ou manquante entra\u00eenera la suppression du compte.<\/h1>\t\t\t\t<\/div>\n\t\t\t\t<\/div>\n\t\t\t\t\t<\/div>\n\t\t<\/div>\n\t\t\t\t\t<\/div>\n\t\t<\/section>\n\t\t\t\t<\/div>\n\t\t","protected":false},"excerpt":{"rendered":"<p>Compte professionnel. Acc\u00e9dez \u00e0 nos offres revendeur ici : Pack Revendeur ACCUEIL MES COMMANDES MES INFORMATIONS MOYENS DE PAIEMENT ADRESSES SAUVGARDES KIT DECO BESOIN D&rsquo;AIDE ? 07 65 63 46 53 Nous r\u00e9pondons \u00e0 toutes vos questions !\u00a0 Contactez-nous ici SE DECONNECTER \u00a0 \u00a0 Code promo unique Professionnel : PRO-87621 Nos packs revendeurs disponibles&nbsp;ici&nbsp;! Les [&hellip;]<\/p>\n","protected":false},"author":1,"featured_media":0,"parent":0,"menu_order":0,"comment_status":"closed","ping_status":"closed","template":"","meta":{"footnotes":""},"class_list":["post-49536","page","type-page","status-publish","hentry","entry","owp-thumbs-layout-horizontal","owp-btn-big","owp-tabs-layout-horizontal","has-no-thumbnails"],"_links":{"self":[{"href":"https:\/\/www.m-stickers.com\/nl\/wp-json\/wp\/v2\/pages\/49536","targetHints":{"allow":["GET"]}}],"collection":[{"href":"https:\/\/www.m-stickers.com\/nl\/wp-json\/wp\/v2\/pages"}],"about":[{"href":"https:\/\/www.m-stickers.com\/nl\/wp-json\/wp\/v2\/types\/page"}],"author":[{"embeddable":true,"href":"https:\/\/www.m-stickers.com\/nl\/wp-json\/wp\/v2\/users\/1"}],"replies":[{"embeddable":true,"href":"https:\/\/www.m-stickers.com\/nl\/wp-json\/wp\/v2\/comments?post=49536"}],"version-history":[{"count":20,"href":"https:\/\/www.m-stickers.com\/nl\/wp-json\/wp\/v2\/pages\/49536\/revisions"}],"predecessor-version":[{"id":64420,"href":"https:\/\/www.m-stickers.com\/nl\/wp-json\/wp\/v2\/pages\/49536\/revisions\/64420"}],"wp:attachment":[{"href":"https:\/\/www.m-stickers.com\/nl\/wp-json\/wp\/v2\/media?parent=49536"}],"curies":[{"name":"motorfiets","href":"https:\/\/api.w.org\/{rel}","templated":true}]}}