{"id":51796,"date":"2023-12-18T09:10:53","date_gmt":"2023-12-18T08:10:53","guid":{"rendered":"https:\/\/www.m-stickers.com\/?page_id=51796"},"modified":"2024-02-16T10:42:31","modified_gmt":"2024-02-16T09:42:31","slug":"our-stickers","status":"publish","type":"page","link":"https:\/\/www.m-stickers.com\/nl\/nos-stickers\/","title":{"rendered":"Onze Stickers"},"content":{"rendered":"<div data-elementor-type=\"wp-page\" data-elementor-id=\"51796\" class=\"elementor elementor-51796\" data-elementor-post-type=\"page\">\n\t\t\t\t\t\t<section class=\"elementor-section elementor-top-section elementor-element elementor-element-7300698 elementor-section-boxed elementor-section-height-default elementor-section-height-default\" data-id=\"7300698\" data-element_type=\"section\" data-e-type=\"section\">\n\t\t\t\t\t\t<div class=\"elementor-container elementor-column-gap-default\">\n\t\t\t\t\t<div class=\"elementor-column elementor-col-100 elementor-top-column elementor-element elementor-element-f606333\" data-id=\"f606333\" data-element_type=\"column\" data-e-type=\"column\">\n\t\t\t<div class=\"elementor-widget-wrap elementor-element-populated\">\n\t\t\t\t\t\t<div class=\"elementor-element elementor-element-4d95971 elementor-widget elementor-widget-heading\" data-id=\"4d95971\" data-element_type=\"widget\" data-e-type=\"widget\" data-widget_type=\"heading.default\">\n\t\t\t\t<div class=\"elementor-widget-container\">\n\t\t\t\t\t<h2 class=\"elementor-heading-title elementor-size-default\">Onze Stickers: Uitstekende kwaliteit voor een onge\u00ebvenaarde personalisatie!<\/h2>\t\t\t\t<\/div>\n\t\t\t\t<\/div>\n\t\t\t\t<div class=\"elementor-element elementor-element-fa4ad2c elementor-widget-divider--view-line elementor-widget elementor-widget-divider\" data-id=\"fa4ad2c\" data-element_type=\"widget\" data-e-type=\"widget\" data-widget_type=\"divider.default\">\n\t\t\t\t<div class=\"elementor-widget-container\">\n\t\t\t\t\t\t\t<div class=\"elementor-divider\">\n\t\t\t<span class=\"elementor-divider-separator\">\n\t\t\t\t\t\t<\/span>\n\t\t<\/div>\n\t\t\t\t\t\t<\/div>\n\t\t\t\t<\/div>\n\t\t\t\t<div class=\"elementor-element elementor-element-d912ebf elementor-widget elementor-widget-text-editor\" data-id=\"d912ebf\" data-element_type=\"widget\" data-e-type=\"widget\" data-widget_type=\"text-editor.default\">\n\t\t\t\t<div class=\"elementor-widget-container\">\n\t\t\t\t\t\t\t\t\t<p><span style=\"font-size: 17px; color: #ffffff;\"> <img decoding=\"async\" class=\"wp-image-53780 alignleft\" src=\"https:\/\/www.m-stickers.com\/wp-content\/uploads\/2024\/02\/Garantie_6_ans-300x300.png\" alt=\"\" width=\"109\" height=\"109\" srcset=\"https:\/\/www.m-stickers.com\/wp-content\/uploads\/2024\/02\/Garantie_6_ans-300x300.png 300w, https:\/\/www.m-stickers.com\/wp-content\/uploads\/2024\/02\/Garantie_6_ans-150x150.png 150w, https:\/\/www.m-stickers.com\/wp-content\/uploads\/2024\/02\/Garantie_6_ans-100x100.png 100w, https:\/\/www.m-stickers.com\/wp-content\/uploads\/2024\/02\/Garantie_6_ans.png 400w\" sizes=\"(max-width: 109px) 100vw, 109px\" \/>Bij M-Stickers zijn we er trots op u stickers van uitzonderlijke kwaliteit te bieden, <b><u>Al onze stickers zijn 6 jaar lang gegarandeerd!<\/u><\/b> ontworpen om de personalisatie van uw motorfiets te verbeteren. Hier zijn de technische specificaties van onze belangrijkste materialen, zodat u precies weet wat onze stickers onderscheidt:<\/span><\/p>\t\t\t\t\t\t\t\t<\/div>\n\t\t\t\t<\/div>\n\t\t\t\t<div class=\"elementor-element elementor-element-d9197ac elementor-widget elementor-widget-text-editor\" data-id=\"d9197ac\" data-element_type=\"widget\" data-e-type=\"widget\" data-widget_type=\"text-editor.default\">\n\t\t\t\t<div class=\"elementor-widget-container\">\n\t\t\t\t\t\t\t\t\t<ul><li style=\"list-style-type: none;\"><ul><li><span style=\"color: #ffffff;\"><strong>Zelfklevende Polymeer Vinyl - Glans Wit - Permanent \/ Grijs - 70\u00b5m<\/strong><\/span><\/li><\/ul><\/li><\/ul><p><span style=\"color: #ffffff;\"><em><span style=\"text-decoration: underline;\">Beschrijving<\/span> :<\/em> Onze zelfklevende folie is een glanzend wit polymeer met een grijs permanent lijmlaagje.  Het is speciaal ontworpen voor buitengebruik en garandeert optimale hechting op diverse oppervlakken, waaronder voertuigen.<\/span><\/p><p style=\"text-align: left;\"><span style=\"color: #ffffff;\"><em>Kenmerken:<\/em><\/span><\/p><ul><li style=\"list-style-type: none;\"><ul><li style=\"text-align: left;\"><span style=\"color: #ffffff;\">Sticker: Permanent, geavanceerd acryl, grijs<\/span><\/li><li style=\"text-align: left;\"><span style=\"color: #ffffff;\">Liner: Silicium bedekt papier met PE, 140 g\/m\u00b2, wit<\/span><\/li><li style=\"text-align: left;\"><span style=\"color: #ffffff;\">Dikte: 70 \u00b5m<\/span><\/li><li style=\"text-align: left;\"><span style=\"color: #ffffff;\">Duurzaamheid: 7 jaar<\/span><\/li><li style=\"text-align: left;\"><span style=\"color: #ffffff;\">Temperatuurbereik: van -30 \u00b0C tot 90 \u00b0C<\/span><\/li><li style=\"text-align: left;\"><span style=\"color: #ffffff;\">Kleurvastheid: Oplosmiddel, Eco-oplosmiddel, UV, Latex<\/span><\/li><\/ul><\/li><\/ul><p><span style=\"color: #ffffff;\"><em><span style=\"text-decoration: underline;\">Gebruikersadvies<\/span> :<\/em> Onze stickers van polymeer vinyl zijn geschikt voor het aanbrengen op motorfietsvelgen, zowel vlak als licht gebogen. Makkelijk aan te brengen dankzij hun hoogwaardige lijm. <a href=\"https:\/\/www.m-stickers.com\/nl\/zelfstudievideos\/\"><b>onze montagehandleidingen<\/b><\/a>Ze garanderen een optimale pasvorm en uitzonderlijke duurzaamheid, bestand tegen weersinvloeden en UV-straling.<\/span><\/p>\t\t\t\t\t\t\t\t<\/div>\n\t\t\t\t<\/div>\n\t\t\t\t<div class=\"elementor-element elementor-element-8f42db8 elementor-widget elementor-widget-image\" data-id=\"8f42db8\" data-element_type=\"widget\" data-e-type=\"widget\" data-widget_type=\"image.default\">\n\t\t\t\t<div class=\"elementor-widget-container\">\n\t\t\t\t\t\t\t\t\t\t\t\t\t\t\t<img fetchpriority=\"high\" decoding=\"async\" width=\"300\" height=\"225\" src=\"https:\/\/www.m-stickers.com\/wp-content\/uploads\/2022\/01\/387322839_1299213127625743_8525349191360558234_n-300x225.jpg\" class=\"attachment-medium size-medium wp-image-49457\" alt=\"\" srcset=\"https:\/\/www.m-stickers.com\/wp-content\/uploads\/2022\/01\/387322839_1299213127625743_8525349191360558234_n-300x225.jpg 300w, https:\/\/www.m-stickers.com\/wp-content\/uploads\/2022\/01\/387322839_1299213127625743_8525349191360558234_n-600x450.jpg 600w, https:\/\/www.m-stickers.com\/wp-content\/uploads\/2022\/01\/387322839_1299213127625743_8525349191360558234_n-768x576.jpg 768w, https:\/\/www.m-stickers.com\/wp-content\/uploads\/2022\/01\/387322839_1299213127625743_8525349191360558234_n.jpg 960w\" sizes=\"(max-width: 300px) 100vw, 300px\" \/>\t\t\t\t\t\t\t\t\t\t\t\t\t\t\t<\/div>\n\t\t\t\t<\/div>\n\t\t\t\t<div class=\"elementor-element elementor-element-4ff965b elementor-widget elementor-widget-text-editor\" data-id=\"4ff965b\" data-element_type=\"widget\" data-e-type=\"widget\" data-widget_type=\"text-editor.default\">\n\t\t\t\t<div class=\"elementor-widget-container\">\n\t\t\t\t\t\t\t\t\t<ul><li style=\"list-style-type: none;\">\u00a0<\/li><\/ul><div><span style=\"color: #ffffff;\"><b>\u00a0<\/b><\/span><\/div><hr \/><ul><li style=\"list-style-type: none;\"><ul><li><span style=\"color: #ffffff;\"><strong>Premium Polymeer Laminering \u2013 Heldere Glanzende \u2013 70\u00b5m<\/strong><\/span><\/li><\/ul><\/li><\/ul><p><span style=\"color: #ffffff;\"><em><span style=\"text-decoration: underline;\">Beschrijving<\/span> :<\/em> De laminering is een extra bescherming die we aan al onze stickers aanbrengen. Het is een glanzend premium polymeer. Samengesteld uit niet-migrerende polymeerplastificatoren en specifieke UV-stabilisatoren, biedt het maximale weerstand tegen licht en een uitstekende buitenduurzaamheid.<\/span><\/p><p><span style=\"color: #ffffff;\"><em>Kenmerken:<\/em><\/span><\/p><ul><li style=\"list-style-type: none;\"><ul><li><span style=\"color: #ffffff;\">Sticker: Permanent, acrylaat oplosmiddelbasis, transparant<\/span><\/li><li><span style=\"color: #ffffff;\">Liner: Silicium bedekt papier met PE, 140 g\/m\u00b2, wit<\/span><\/li><li><span style=\"color: #ffffff;\">Dikte: 70 \u00b5m<\/span><\/li><li><span style=\"color: #ffffff;\">Duurzaamheid: 8 jaar<\/span><\/li><li><span style=\"color: #ffffff;\">Temperatuurbereik: van -30 \u00b0C tot 90 \u00b0C<\/span><\/li><\/ul><\/li><\/ul><p><span style=\"color: #ffffff;\"><em><span style=\"text-decoration: underline;\">Gebruikersadvies<\/span> :<\/em> Onze Premium polymere laminering is ontworpen om de levensduur van uw stickers te verlengen door een optimale bescherming te bieden. Transparant en glanzend of mat, het biedt een onberispelijke afwerking terwijl het een uitzonderlijke weerstand tegen externe omstandigheden garandeert.<\/span><\/p>\t\t\t\t\t\t\t\t<\/div>\n\t\t\t\t<\/div>\n\t\t\t\t<div class=\"elementor-element elementor-element-f926ec1 elementor-widget elementor-widget-image\" data-id=\"f926ec1\" data-element_type=\"widget\" data-e-type=\"widget\" data-widget_type=\"image.default\">\n\t\t\t\t<div class=\"elementor-widget-container\">\n\t\t\t\t\t\t\t\t\t\t\t\t\t\t\t<img decoding=\"async\" width=\"150\" height=\"150\" src=\"https:\/\/www.m-stickers.com\/wp-content\/uploads\/2023\/12\/512ej05XmkL-150x150.jpg\" class=\"attachment-thumbnail size-thumbnail wp-image-51842\" alt=\"\" srcset=\"https:\/\/www.m-stickers.com\/wp-content\/uploads\/2023\/12\/512ej05XmkL-150x150.jpg 150w, https:\/\/www.m-stickers.com\/wp-content\/uploads\/2023\/12\/512ej05XmkL-300x297.jpg 300w, https:\/\/www.m-stickers.com\/wp-content\/uploads\/2023\/12\/512ej05XmkL-100x100.jpg 100w, https:\/\/www.m-stickers.com\/wp-content\/uploads\/2023\/12\/512ej05XmkL-600x600.jpg 600w, https:\/\/www.m-stickers.com\/wp-content\/uploads\/2023\/12\/512ej05XmkL-1024x1015.jpg 1024w, https:\/\/www.m-stickers.com\/wp-content\/uploads\/2023\/12\/512ej05XmkL-768x761.jpg 768w, https:\/\/www.m-stickers.com\/wp-content\/uploads\/2023\/12\/512ej05XmkL.jpg 1500w\" sizes=\"(max-width: 150px) 100vw, 150px\" \/>\t\t\t\t\t\t\t\t\t\t\t\t\t\t\t<\/div>\n\t\t\t\t<\/div>\n\t\t\t\t<div class=\"elementor-element elementor-element-eae01c1 elementor-widget elementor-widget-text-editor\" data-id=\"eae01c1\" data-element_type=\"widget\" data-e-type=\"widget\" data-widget_type=\"text-editor.default\">\n\t\t\t\t<div class=\"elementor-widget-container\">\n\t\t\t\t\t\t\t\t\t<ul><li style=\"list-style-type: none;\">\u00a0<\/li><\/ul><div><span style=\"color: #ffffff;\"><b>\u00a0<\/b><\/span><\/div><hr \/><ul><li style=\"list-style-type: none;\"><ul><li><span style=\"color: #ffffff;\"><strong>Ultra-sterke laminaat \u2013 Heldere glans \u2013 305\u00b5m<\/strong><\/span><\/li><\/ul><\/li><\/ul><p><span style=\"color: #ffffff;\"><em style=\"font-family: Roboto, sans-serif; font-size: 17px; font-variant-ligatures: normal; font-variant-caps: normal; font-weight: 400;\"><span style=\"font-size: 17px;\">Beschrijving<\/span>\u00a0:<\/em><span style=\"font-family: Roboto, sans-serif; font-size: 17px; font-style: normal; font-variant-ligatures: normal; font-variant-caps: normal; font-weight: 400;\">\u00a0<\/span>Onze dikke laminering is de ideale oplossing voor de <a href=\"https:\/\/www.m-stickers.com\/nl\/product-category\/kit-deco-translates-to-decoratiekit-in-dutch\/\"><b>Decoratie-set carrosserie<\/b><\/a> blootgesteld aan intense slijtage. Het biedt een extreem duurzame barri\u00e8re, beschermt uw stickers en visuals terwijl de uitzonderlijke helderheid behouden blijft.\u00a0<span style=\"font-size: 17px;\">Ontworpen om zich aan te passen aan licht gebogen oppervlakken, is deze laminering veelzijdig en past perfect op verschillende onderdelen van uw motor.<\/span><\/span><\/p><p><span style=\"color: #ffffff;\"><em>Kenmerken:<\/em><\/span><\/p><ul><li style=\"list-style-type: none;\"><ul><li><span style=\"color: #ffffff;\">Dikte: 305 \u00b5m<\/span><\/li><li><span style=\"color: #ffffff;\">Adhesieven: Permanent, sterk plakvermogen, acrylaat op basis van oplosmiddel<\/span><\/li><li><span style=\"color: #ffffff;\">Liner: Synthetische transparante liner<\/span><\/li><li><span style=\"color: #ffffff;\">Temperatuur voor toepassing: van 10 \u00b0C tot 26 \u00b0C<\/span><\/li><li><span style=\"color: #ffffff;\">Temperatuurbereik: van -40 \u00b0C tot 80 \u00b0C<\/span><\/li><li><span style=\"color: #ffffff;\">Duurzaamheid: 8 jaar<\/span><\/li><\/ul><\/li><\/ul>\t\t\t\t\t\t\t\t<\/div>\n\t\t\t\t<\/div>\n\t\t\t\t<div class=\"elementor-element elementor-element-ca6aaa2 elementor-widget elementor-widget-image\" data-id=\"ca6aaa2\" data-element_type=\"widget\" data-e-type=\"widget\" data-widget_type=\"image.default\">\n\t\t\t\t<div class=\"elementor-widget-container\">\n\t\t\t\t\t\t\t\t\t\t\t\t\t\t\t<img loading=\"lazy\" decoding=\"async\" width=\"298\" height=\"300\" src=\"https:\/\/www.m-stickers.com\/wp-content\/uploads\/2023\/12\/eba5b8dcc45d7467f47150c37fb23ac1-298x300.jpg\" class=\"attachment-medium size-medium wp-image-51843\" alt=\"\" srcset=\"https:\/\/www.m-stickers.com\/wp-content\/uploads\/2023\/12\/eba5b8dcc45d7467f47150c37fb23ac1-298x300.jpg 298w, https:\/\/www.m-stickers.com\/wp-content\/uploads\/2023\/12\/eba5b8dcc45d7467f47150c37fb23ac1-100x100.jpg 100w, https:\/\/www.m-stickers.com\/wp-content\/uploads\/2023\/12\/eba5b8dcc45d7467f47150c37fb23ac1-600x603.jpg 600w, https:\/\/www.m-stickers.com\/wp-content\/uploads\/2023\/12\/eba5b8dcc45d7467f47150c37fb23ac1-150x150.jpg 150w, https:\/\/www.m-stickers.com\/wp-content\/uploads\/2023\/12\/eba5b8dcc45d7467f47150c37fb23ac1-768x772.jpg 768w, https:\/\/www.m-stickers.com\/wp-content\/uploads\/2023\/12\/eba5b8dcc45d7467f47150c37fb23ac1.jpg 886w\" sizes=\"(max-width: 298px) 100vw, 298px\" \/>\t\t\t\t\t\t\t\t\t\t\t\t\t\t\t<\/div>\n\t\t\t\t<\/div>\n\t\t\t\t<div class=\"elementor-element elementor-element-f97bb3f elementor-widget elementor-widget-text-editor\" data-id=\"f97bb3f\" data-element_type=\"widget\" data-e-type=\"widget\" data-widget_type=\"text-editor.default\">\n\t\t\t\t<div class=\"elementor-widget-container\">\n\t\t\t\t\t\t\t\t\t<ul>\n<li style=\"list-style-type: none;\">&nbsp;<\/li>\n<\/ul>\n<hr>\n<ul>\n<li style=\"list-style-type: none;\">\n<ul>\n<li><span style=\"color: #ffffff;\"><strong>Makkelijk aan te brengen met applicatortape en gedetailleerde tutorials:<\/strong><\/span><\/li>\n<\/ul>\n<\/li>\n<\/ul>\n<p><span style=\"color: #ffffff;\">Bij M-Stickers is de tevredenheid van onze klanten van het grootste belang. Daarom hebben we bij elke bestelling een applicatietape meegeleverd om het aanbrengen van uw stickers te vergemakkelijken. Bovendien, <a href=\"https:\/\/www.m-stickers.com\/nl\/zelfstudievideos\/\"><b>Onze gedetailleerde handleidingen<\/b><\/a> begeleiden u stap voor stap voor een vlekkeloze toepassing.<\/span><\/p>\n<ul>\n<li style=\"list-style-type: none;\">\n<ul>\n<li><span style=\"color: #ffffff;\"><strong>Sticker effecten beschikbaar:<\/strong><\/span><\/li>\n<\/ul>\n<\/li>\n<\/ul>\n<p><span style=\"color: #ffffff;\">Ontdek ons diverse assortiment materiaaleffecten voor unieke resultaten:<\/span><\/p>\n<ul>\n<li style=\"list-style-type: none;\">\n<ul>\n<li><span style=\"color: #ffffff;\">Briljant<\/span><\/li>\n<li><span style=\"color: #ffffff;\">Mat<\/span><\/li>\n<li><span style=\"color: #ffffff;\">Holografisch<\/span><\/li>\n<li><span style=\"color: #ffffff;\">Reflecterend<\/span><\/li>\n<li><span style=\"color: #ffffff;\">Transparant<\/span><\/li>\n<li><span style=\"color: #ffffff;\">M-STICKERS VERTALING v16  \nfr \u2192 nl  \n\n**KERNREGELS**  \n1. **Merk**: Vertaal\/wijzig nooit \"M-Stickers\" varianten.  \n2. **Te vertalen termen**:  \n   - \"jante(s)\" \u2192 nl motorfiets term voor \"wielvelg(en)\"  \n   - \"liseret(s)\" \u2192 nl term voor \"velgstrip(s)\"  \n   - \"d\u00e9co Kit\/deco Kit\" \u2192 nl \"decoratieset\"  \n   - \"stickers\" \u2192 beste nl voertuigsticker term  \n3. **Behoud**: Motormodelnamen, jaartallen met \"+\", opmaak (HTML\/H1-H6). Behoud couponcodes ongewijzigd.  \n4. **Datums**: Converteer naar nl locale.  \n5. **Noodoplossing**: Bij twijfel \u2192 gebruik generieke mototermen. GEEN toelichtingen.  \n\n**FORMAT**: Alleen vertaalde tekst.<\/span><\/li>\n<\/ul>\n<\/li>\n<\/ul>\n<p><span style=\"color: #ffffff;\">Om meer te weten te komen over onze verschillende effecten, <a href=\"https:\/\/www.m-stickers.com\/nl\/onze-sticker-effecten\/\"><b>bekijk onze pagina met sticker-effecten.<\/b><\/a><\/span><\/p>\n<hr>\n<p style=\"text-align: center;\"><span style=\"color: #ffffff;\">Druk uzelf uit met M-Stickers en transformeer uw motorfiets dankzij onze decoratiekits van uitzonderlijke kwaliteit!<\/span><\/p>\t\t\t\t\t\t\t\t<\/div>\n\t\t\t\t<\/div>\n\t\t\t\t\t<\/div>\n\t\t<\/div>\n\t\t\t\t\t<\/div>\n\t\t<\/section>\n\t\t\t\t<\/div>","protected":false},"excerpt":{"rendered":"<p>Nos Stickers : Qualit\u00e9 Exceptionnelle pour une Personnalisation Incomparable ! Chez M-Stickers, nous sommes fiers de vous offrir des stickers d&rsquo;une qualit\u00e9 exceptionnelle, tous nos stickers sont garantis pour une dur\u00e9e de 6 ans ! con\u00e7us pour sublimer la personnalisation de votre moto. Voici les sp\u00e9cifications techniques de nos principaux mat\u00e9riaux pour que vous sachiez [&hellip;]<\/p>\n","protected":false},"author":1,"featured_media":0,"parent":0,"menu_order":0,"comment_status":"closed","ping_status":"closed","template":"","meta":{"footnotes":""},"class_list":["post-51796","page","type-page","status-publish","hentry","entry","owp-thumbs-layout-horizontal","owp-btn-big","owp-tabs-layout-horizontal","has-no-thumbnails"],"ase":null,"_links":{"self":[{"href":"https:\/\/www.m-stickers.com\/nl\/wp-json\/wp\/v2\/pages\/51796","targetHints":{"allow":["GET"]}}],"collection":[{"href":"https:\/\/www.m-stickers.com\/nl\/wp-json\/wp\/v2\/pages"}],"about":[{"href":"https:\/\/www.m-stickers.com\/nl\/wp-json\/wp\/v2\/types\/page"}],"author":[{"embeddable":true,"href":"https:\/\/www.m-stickers.com\/nl\/wp-json\/wp\/v2\/users\/1"}],"replies":[{"embeddable":true,"href":"https:\/\/www.m-stickers.com\/nl\/wp-json\/wp\/v2\/comments?post=51796"}],"version-history":[{"count":20,"href":"https:\/\/www.m-stickers.com\/nl\/wp-json\/wp\/v2\/pages\/51796\/revisions"}],"predecessor-version":[{"id":53783,"href":"https:\/\/www.m-stickers.com\/nl\/wp-json\/wp\/v2\/pages\/51796\/revisions\/53783"}],"wp:attachment":[{"href":"https:\/\/www.m-stickers.com\/nl\/wp-json\/wp\/v2\/media?parent=51796"}],"curies":[{"name":"motorfiets","href":"https:\/\/api.w.org\/{rel}","templated":true}]}}