{"id":58500,"date":"2024-08-14T17:47:01","date_gmt":"2024-08-14T15:47:01","guid":{"rendered":"https:\/\/www.m-stickers.com\/?page_id=58500"},"modified":"2024-08-14T17:51:53","modified_gmt":"2024-08-14T15:51:53","slug":"categorie-configurator-super-soco","status":"publish","type":"page","link":"https:\/\/www.m-stickers.com\/nl\/categorie-configurator-super-soco\/","title":{"rendered":"Super Soco Configurator Categorie"},"content":{"rendered":"\t\t<div data-elementor-type=\"wp-page\" data-elementor-id=\"58500\" class=\"elementor elementor-58500\" data-elementor-post-type=\"page\">\n\t\t\t\t\t\t<section class=\"elementor-section elementor-top-section elementor-element elementor-element-ada2200 elementor-section-boxed elementor-section-height-default elementor-section-height-default\" data-id=\"ada2200\" data-element_type=\"section\" data-e-type=\"section\">\n\t\t\t\t\t\t<div class=\"elementor-container elementor-column-gap-default\">\n\t\t\t\t\t<div class=\"elementor-column elementor-col-33 elementor-top-column elementor-element elementor-element-4bb5e6f\" data-id=\"4bb5e6f\" data-element_type=\"column\" data-e-type=\"column\">\n\t\t\t<div class=\"elementor-widget-wrap\">\n\t\t\t\t\t\t\t<\/div>\n\t\t<\/div>\n\t\t\t\t<div class=\"elementor-column elementor-col-33 elementor-top-column elementor-element elementor-element-730f5bb\" data-id=\"730f5bb\" data-element_type=\"column\" data-e-type=\"column\">\n\t\t\t<div class=\"elementor-widget-wrap elementor-element-populated\">\n\t\t\t\t\t\t<div class=\"elementor-element elementor-element-52984f1 elementor-widget elementor-widget-image\" data-id=\"52984f1\" data-element_type=\"widget\" data-e-type=\"widget\" data-widget_type=\"image.default\">\n\t\t\t\t<div class=\"elementor-widget-container\">\n\t\t\t\t\t\t\t\t\t\t\t\t\t\t\t\t<a href=\"https:\/\/www.m-stickers.com\/configurator\/configure\/58473\/\">\n\t\t\t\t\t\t\t<img fetchpriority=\"high\" decoding=\"async\" width=\"600\" height=\"400\" src=\"https:\/\/www.m-stickers.com\/wp-content\/uploads\/2024\/08\/Super-Soco.png\" class=\"attachment-large size-large wp-image-58499\" alt=\"\" srcset=\"https:\/\/www.m-stickers.com\/wp-content\/uploads\/2024\/08\/Super-Soco.png 600w, https:\/\/www.m-stickers.com\/wp-content\/uploads\/2024\/08\/Super-Soco-300x200.png 300w\" sizes=\"(max-width: 600px) 100vw, 600px\" \/>\t\t\t\t\t\t\t\t<\/a>\n\t\t\t\t\t\t\t\t\t\t\t\t\t\t\t<\/div>\n\t\t\t\t<\/div>\n\t\t\t\t<div class=\"elementor-element elementor-element-7de41ec elementor-widget elementor-widget-heading\" data-id=\"7de41ec\" data-element_type=\"widget\" data-e-type=\"widget\" data-widget_type=\"heading.default\">\n\t\t\t\t<div class=\"elementor-widget-container\">\n\t\t\t\t\t<h2 class=\"elementor-heading-title elementor-size-default\"><a href=\"https:\/\/www.m-stickers.com\/configurator\/configure\/58473\/\">TS Street Hunter<\/a><\/h2>\t\t\t\t<\/div>\n\t\t\t\t<\/div>\n\t\t\t\t\t<\/div>\n\t\t<\/div>\n\t\t\t\t<div class=\"elementor-column elementor-col-33 elementor-top-column elementor-element elementor-element-116c73c\" data-id=\"116c73c\" data-element_type=\"column\" data-e-type=\"column\">\n\t\t\t<div class=\"elementor-widget-wrap\">\n\t\t\t\t\t\t\t<\/div>\n\t\t<\/div>\n\t\t\t\t\t<\/div>\n\t\t<\/section>\n\t\t\t\t<section class=\"elementor-section elementor-top-section elementor-element elementor-element-f1b983d elementor-section-boxed elementor-section-height-default elementor-section-height-default\" data-id=\"f1b983d\" data-element_type=\"section\" data-e-type=\"section\">\n\t\t\t\t\t\t<div class=\"elementor-container elementor-column-gap-default\">\n\t\t\t\t\t<div class=\"elementor-column elementor-col-100 elementor-top-column elementor-element elementor-element-0c3e397\" data-id=\"0c3e397\" data-element_type=\"column\" data-e-type=\"column\">\n\t\t\t<div class=\"elementor-widget-wrap elementor-element-populated\">\n\t\t\t\t\t\t<div class=\"elementor-element elementor-element-97da38d elementor-widget elementor-widget-heading\" data-id=\"97da38d\" data-element_type=\"widget\" data-e-type=\"widget\" data-widget_type=\"heading.default\">\n\t\t\t\t<div class=\"elementor-widget-container\">\n\t\t\t\t\t<h2 class=\"elementor-heading-title elementor-size-large\"><a href=\"https:\/\/www.m-stickers.com\/produit\/ta-moto-nest-pas-referencee\/\">Votre moto n\u2019est pas r\u00e9f\u00e9renc\u00e9e ?<\/a><\/h2>\t\t\t\t<\/div>\n\t\t\t\t<\/div>\n\t\t\t\t<div class=\"elementor-element elementor-element-9317201 elementor-button-danger elementor-align-center elementor-widget elementor-widget-button\" data-id=\"9317201\" data-element_type=\"widget\" data-e-type=\"widget\" data-widget_type=\"button.default\">\n\t\t\t\t<div class=\"elementor-widget-container\">\n\t\t\t\t\t\t\t\t\t<div class=\"elementor-button-wrapper\">\n\t\t\t\t\t<a class=\"elementor-button elementor-button-link elementor-size-sm\" href=\"https:\/\/www.m-stickers.com\/produit\/ta-moto-nest-pas-referencee\/\">\n\t\t\t\t\t\t<span class=\"elementor-button-content-wrapper\">\n\t\t\t\t\t\t\t\t\t<span class=\"elementor-button-text\">Cliquez ici !<\/span>\n\t\t\t\t\t<\/span>\n\t\t\t\t\t<\/a>\n\t\t\t\t<\/div>\n\t\t\t\t\t\t\t\t<\/div>\n\t\t\t\t<\/div>\n\t\t\t\t\t<\/div>\n\t\t<\/div>\n\t\t\t\t\t<\/div>\n\t\t<\/section>\n\t\t\t\t<section class=\"elementor-section elementor-top-section elementor-element elementor-element-4f05d05 elementor-section-boxed elementor-section-height-default elementor-section-height-default\" data-id=\"4f05d05\" data-element_type=\"section\" data-e-type=\"section\">\n\t\t\t\t\t\t<div class=\"elementor-container elementor-column-gap-default\">\n\t\t\t\t\t<div class=\"elementor-column elementor-col-100 elementor-top-column elementor-element elementor-element-3bb5ca1\" data-id=\"3bb5ca1\" data-element_type=\"column\" data-e-type=\"column\">\n\t\t\t<div class=\"elementor-widget-wrap elementor-element-populated\">\n\t\t\t\t\t\t<div class=\"elementor-element elementor-element-3f25b1c elementor-widget-divider--view-line elementor-widget elementor-widget-divider\" data-id=\"3f25b1c\" data-element_type=\"widget\" data-e-type=\"widget\" data-widget_type=\"divider.default\">\n\t\t\t\t<div class=\"elementor-widget-container\">\n\t\t\t\t\t\t\t<div class=\"elementor-divider\">\n\t\t\t<span class=\"elementor-divider-separator\">\n\t\t\t\t\t\t<\/span>\n\t\t<\/div>\n\t\t\t\t\t\t<\/div>\n\t\t\t\t<\/div>\n\t\t\t\t<div class=\"elementor-element elementor-element-4e0744e elementor-widget elementor-widget-text-editor\" data-id=\"4e0744e\" data-element_type=\"widget\" data-e-type=\"widget\" data-widget_type=\"text-editor.default\">\n\t\t\t\t<div class=\"elementor-widget-container\">\n\t\t\t\t\t\t\t\t\t<h1><span style=\"color: #ffffff;\">Personnalisez votre Super Soco avec des stickers de jantes uniques<\/span><\/h1><p><span style=\"color: #ffffff;\">Transformez votre b\u00e9cane rapidement et \u00e0 moindre co\u00fbt avec des stickers de jantes moto Super Soco de qualit\u00e9 sup\u00e9rieure. Nous vous proposons une large gamme de stickers de jantes moto, liserets, et kits complets pour red\u00e9finir ou cr\u00e9er l&rsquo;identit\u00e9 de votre moto.<\/span><\/p><p><span style=\"color: #ffffff;\">Les petits d\u00e9tails font toute la diff\u00e9rence. Nos stickers sont enti\u00e8rement personnalisables pour r\u00e9pondre \u00e0 toutes vos envies ! Choisissez parmi nos kits pr\u00e9-configur\u00e9s, o\u00f9 vous pouvez ajuster les couleurs, ou explorez notre configurateur pour une cr\u00e9ation sur-mesure de A \u00e0 Z.<\/span><\/p><p><span style=\"color: #ffffff;\">Personnalisez votre kit avec :<\/span><\/p><ul><li><span style=\"color: #ffffff;\">Liserets,<\/span><\/li><li><span style=\"color: #ffffff;\">Stickers de marque,<\/span><\/li><li><span style=\"color: #ffffff;\">Logos,<\/span><\/li><li><span style=\"color: #ffffff;\">Int\u00e9rieur de jante,<\/span><\/li><li><span style=\"color: #ffffff;\">Coloris,<\/span><\/li><li><span style=\"color: #ffffff;\">Effets sp\u00e9ciaux.<\/span><\/li><\/ul><p><span style=\"color: #ffffff;\">Nous vous proposons plusieurs designs pour que vous trouviez celui qui correspond \u00e0 votre style, et que vous cr\u00e9es une esth\u00e9tique qui vous ressemble. Les couleurs sont adapt\u00e9es \u00e0 la charte graphique du constructeur, mais vous pouvez aussi nous fournir votre code couleur personnalis\u00e9 lors de votre commande : #&#8230; Le configurateur vous permet \u00e9galement de modifier le texte pour afficher un nom d\u2019\u00e9quipe ou un num\u00e9ro.<\/span><\/p><p><span style=\"color: #ffffff;\">Pour un style encore plus affirm\u00e9, ajoutez un sticker pour l\u2019int\u00e9rieur des jantes : racing, camouflage, electro&#8230; c&rsquo;est vous qui choisissez ! Enfin, donnez \u00e0 votre moto un look incroyable en ajoutant un effet de finition \u00e0 vos stickers.<\/span><\/p><p><span style=\"color: #ffffff;\">L&rsquo;effet par d\u00e9faut est brillant, mais vous pouvez aussi opter pour un effet holographique, photoluminescent, r\u00e9fl\u00e9chissant, fluorescent, ou mat.<\/span><\/p><p><span style=\"color: #ffffff;\">D\u00e9couvrez nos astuces de personnalisation, conseils de pose et les avantages des stickers sur notre blog !<\/span><\/p><p><span style=\"color: #ffffff;\">Des stickers pour chaque mod\u00e8le Chez M-Stickers, la customisation n&rsquo;a pas de limites. Nous proposons des stickers de jantes moto pour tous les mod\u00e8les. Que votre moto soit urbaine, sportive, trail ou quotidienne, nous avons LE kit de stickers parfait pour sublimer votre monture.<\/span><\/p><p><span style=\"color: #ffffff;\">Retrouvez nos stickers de jantes moto pour les mod\u00e8les Super Soco : CUx, CPx, TSx, TC, TC Max, TS, CU.<\/span><\/p><p><span style=\"color: #ffffff;\">Si votre mod\u00e8le n&rsquo;est pas encore r\u00e9f\u00e9renc\u00e9, pas de souci ! Contactez-nous pour un kit sur-mesure. Vous pouvez aussi nous envoyer vos inspirations pour un kit de stickers de jantes totalement unique.<\/span><\/p><p><span style=\"color: #ffffff;\">Des stickers durables et de haute qualit\u00e9, fabriqu\u00e9s en France En tant que motards, nous comprenons les exigences que subissent les motos. C&rsquo;est pourquoi nos stickers de jantes moto Super Soco sont fabriqu\u00e9s avec les meilleurs mat\u00e9riaux : vinyle de haute qualit\u00e9 pour une tenue longue dur\u00e9e, colle monom\u00e8re 100\u03bc permanente pour une adh\u00e9rence optimale, et un vernis r\u00e9sistant aux UV et aux intemp\u00e9ries, parfait pour toutes les conditions !<\/span><\/p><p><span style=\"color: #ffffff;\">Notre \u00e9quipe, bas\u00e9e \u00e0 Lyon, cr\u00e9e avec passion vos stickers de jantes moto Super Soco, afin que vous n&rsquo;ayez pas \u00e0 attendre un mois pour recevoir votre kit ! Con\u00e7us par des motards pour des motards, les stickers M-Stickers sont durables et propos\u00e9s au meilleur prix.<\/span><\/p><p><span style=\"color: #ffffff;\">Contactez-nous pour tous vos projets de cr\u00e9ation et de personnalisation. Ensemble, cr\u00e9ons les kits de stickers qui rendront votre Super Soco unique.<\/span><\/p><p><span style=\"color: #ffffff;\">Pour une pose optimale et une tenue longue dur\u00e9e, consultez nos guides de pose !<\/span><\/p>\t\t\t\t\t\t\t\t<\/div>\n\t\t\t\t<\/div>\n\t\t\t\t<div class=\"elementor-element elementor-element-efcd113 elementor-widget elementor-widget-html\" data-id=\"efcd113\" data-element_type=\"widget\" data-e-type=\"widget\" data-widget_type=\"html.default\">\n\t\t\t\t<div class=\"elementor-widget-container\">\n\t\t\t\t\t<!-- Google Tag Manager -->\r\n<script>(function(w,d,s,l,i){w[l]=w[l]||[];w[l].push({'gtm.start':\r\nnew Date().getTime(),event:'gtm.js'});var f=d.getElementsByTagName(s)[0],\r\nj=d.createElement(s),dl=l!='dataLayer'?'&l='+l:'';j.async=true;j.src=\r\n'https:\/\/www.googletagmanager.com\/gtm.js?id='+i+dl;f.parentNode.insertBefore(j,f);\r\n})(window,document,'script','dataLayer','GTM-5WBV2JH');<\/script>\r\n<!-- End Google Tag Manager -->\r\n<head>\r\n\r\n<!-- Global site tag (gtag.js) - Google Ads: 966835575 --> <script async src=\"https:\/\/www.googletagmanager.com\/gtag\/js?id=AW-966835575\"><\/script> <script> window.dataLayer = window.dataLayer || []; function gtag(){dataLayer.push(arguments);} gtag('js', new Date()); gtag('config', 'AW-966835575'); <\/script>\r\n\r\n<\/head>\r\n<!-- Google Tag Manager (noscript) -->\r\n<noscript><iframe src=\"https:\/\/www.googletagmanager.com\/ns.html?id=GTM-5WBV2JH\"\r\nheight=\"0\" width=\"0\" style=\"display:none;visibility:hidden\"><\/iframe><\/noscript>\r\n<!-- End Google Tag Manager (noscript) -->\t\t\t\t<\/div>\n\t\t\t\t<\/div>\n\t\t\t\t\t<\/div>\n\t\t<\/div>\n\t\t\t\t\t<\/div>\n\t\t<\/section>\n\t\t\t\t<\/div>\n\t\t","protected":false},"excerpt":{"rendered":"<p>TS Street Hunter Votre moto n\u2019est pas r\u00e9f\u00e9renc\u00e9e ? Cliquez ici ! Personnalisez votre Super Soco avec des stickers de jantes uniques Transformez votre b\u00e9cane rapidement et \u00e0 moindre co\u00fbt avec des stickers de jantes moto Super Soco de qualit\u00e9 sup\u00e9rieure. Nous vous proposons une large gamme de stickers de jantes moto, liserets, et kits [&hellip;]<\/p>\n","protected":false},"author":4053,"featured_media":7713,"parent":0,"menu_order":0,"comment_status":"closed","ping_status":"closed","template":"","meta":{"footnotes":""},"class_list":["post-58500","page","type-page","status-publish","has-post-thumbnail","hentry","entry","has-media","owp-thumbs-layout-horizontal","owp-btn-big","owp-tabs-layout-horizontal","has-no-thumbnails"],"_links":{"self":[{"href":"https:\/\/www.m-stickers.com\/nl\/wp-json\/wp\/v2\/pages\/58500","targetHints":{"allow":["GET"]}}],"collection":[{"href":"https:\/\/www.m-stickers.com\/nl\/wp-json\/wp\/v2\/pages"}],"about":[{"href":"https:\/\/www.m-stickers.com\/nl\/wp-json\/wp\/v2\/types\/page"}],"author":[{"embeddable":true,"href":"https:\/\/www.m-stickers.com\/nl\/wp-json\/wp\/v2\/users\/4053"}],"replies":[{"embeddable":true,"href":"https:\/\/www.m-stickers.com\/nl\/wp-json\/wp\/v2\/comments?post=58500"}],"version-history":[{"count":7,"href":"https:\/\/www.m-stickers.com\/nl\/wp-json\/wp\/v2\/pages\/58500\/revisions"}],"predecessor-version":[{"id":58508,"href":"https:\/\/www.m-stickers.com\/nl\/wp-json\/wp\/v2\/pages\/58500\/revisions\/58508"}],"wp:featuredmedia":[{"embeddable":true,"href":"https:\/\/www.m-stickers.com\/nl\/wp-json\/wp\/v2\/media\/7713"}],"wp:attachment":[{"href":"https:\/\/www.m-stickers.com\/nl\/wp-json\/wp\/v2\/media?parent=58500"}],"curies":[{"name":"motorfiets","href":"https:\/\/api.w.org\/{rel}","templated":true}]}}