{"id":61736,"date":"2025-02-20T11:12:32","date_gmt":"2025-02-20T10:12:32","guid":{"rendered":"https:\/\/www.m-stickers.com\/?page_id=61736"},"modified":"2025-02-20T11:35:22","modified_gmt":"2025-02-20T10:35:22","slug":"belangrijke-mededeling","status":"publish","type":"page","link":"https:\/\/www.m-stickers.com\/nl\/message-important\/","title":{"rendered":"Belangrijke mededeling"},"content":{"rendered":"<div data-elementor-type=\"wp-page\" data-elementor-id=\"61736\" class=\"elementor elementor-61736\" data-elementor-post-type=\"page\">\n\t\t\t\t\t\t<section class=\"elementor-section elementor-top-section elementor-element elementor-element-c446f61 elementor-section-boxed elementor-section-height-default elementor-section-height-default\" data-id=\"c446f61\" data-element_type=\"section\" data-e-type=\"section\">\n\t\t\t\t\t\t<div class=\"elementor-container elementor-column-gap-default\">\n\t\t\t\t\t<div class=\"elementor-column elementor-col-100 elementor-top-column elementor-element elementor-element-af2fb63\" data-id=\"af2fb63\" data-element_type=\"column\" data-e-type=\"column\">\n\t\t\t<div class=\"elementor-widget-wrap elementor-element-populated\">\n\t\t\t\t\t\t<div class=\"elementor-element elementor-element-6953c22 elementor-widget elementor-widget-heading\" data-id=\"6953c22\" data-element_type=\"widget\" data-e-type=\"widget\" data-widget_type=\"heading.default\">\n\t\t\t\t<div class=\"elementor-widget-container\">\n\t\t\t\t\t<h1 class=\"elementor-heading-title elementor-size-default\">Belangrijke mededeling<\/h1>\t\t\t\t<\/div>\n\t\t\t\t<\/div>\n\t\t\t\t\t<\/div>\n\t\t<\/div>\n\t\t\t\t\t<\/div>\n\t\t<\/section>\n\t\t\t\t<section class=\"elementor-section elementor-top-section elementor-element elementor-element-8492b36 elementor-section-boxed elementor-section-height-default elementor-section-height-default\" data-id=\"8492b36\" data-element_type=\"section\" data-e-type=\"section\">\n\t\t\t\t\t\t<div class=\"elementor-container elementor-column-gap-default\">\n\t\t\t\t\t<div class=\"elementor-column elementor-col-100 elementor-top-column elementor-element elementor-element-3b9994c\" data-id=\"3b9994c\" data-element_type=\"column\" data-e-type=\"column\">\n\t\t\t<div class=\"elementor-widget-wrap elementor-element-populated\">\n\t\t\t\t\t\t<div class=\"elementor-element elementor-element-dbd0bb1 elementor-widget elementor-widget-text-editor\" data-id=\"dbd0bb1\" data-element_type=\"widget\" data-e-type=\"widget\" data-widget_type=\"text-editor.default\">\n\t\t\t\t<div class=\"elementor-widget-container\">\n\t\t\t\t\t\t\t\t\t<p data-start=\"0\" data-end=\"14\"><span style=\"color: #ffffff;\">Geachte klanten,<\/span><\/p><p data-start=\"16\" data-end=\"283\"><span style=\"color: #ffffff;\">Wij informeren u dat M-Stickers momenteel een moeilijke periode doormaakt vanwege interne problemen die onze eigen productiecapaciteit be\u00efnvloeden.  Dit heeft geleid tot aanzienlijke vertragingen in de afhandeling van uw bestellingen.<\/span><\/p><p data-start=\"285\" data-end=\"541\"><span style=\"color: #ffffff;\">Om de stijgende beheerskosten, huurprijzen en personeelskosten het hoofd te bieden, hebben we onze prijzen tijdelijk aangepast. Deze maatregel is bedoeld om de continu\u00efteit van ons bedrijf te waarborgen en tegelijkertijd u producten van hoge kwaliteit aan te bieden.<\/span><\/p><p data-start=\"543\" data-end=\"939\"><span style=\"color: #ffffff;\">Zorg ervoor dat alle reeds geplaatste bestellingen zo snel mogelijk worden verwerkt.  We staan klaar om uw vragen te beantwoorden, maar vanwege de grote hoeveelheid berichten en de huidige levertijden kunnen onze antwoorden vertraagd zijn. We zijn een team van twee personen die de volledige operaties beheren, en danken u voor uw begrip en geduld.<\/span><\/p><p data-start=\"941\" data-end=\"1209\"><span style=\"color: #ffffff;\">Onze prioriteit is een oplossing te vinden om de productie van onze stickers in Frankrijk te hervatten, om een 100% product 'made in France' te behouden zonder dat de prijzen onbetaalbaar worden.  Zodra deze oplossing is ge\u00efmplementeerd, zullen onze prijzen weer normaal zijn.<\/span><\/p><p data-start=\"1211\" data-end=\"1324\"><span style=\"color: #ffffff;\">Wij verontschuldigen ons ten zeerste voor het ongemak en danken u voor uw loyaliteit.<\/span><\/p><p data-start=\"1326\" data-end=\"1339\"><span style=\"color: #ffffff;\">Hartelijk<\/span><\/p><p data-start=\"1341\" data-end=\"1357\"><span style=\"color: #ffffff;\">Maxence en Mat\u00e9o<\/span><\/p><p data-start=\"1359\" data-end=\"1369\"><span style=\"color: #ffffff;\">M-Stickers<\/span><\/p>\t\t\t\t\t\t\t\t<\/div>\n\t\t\t\t<\/div>\n\t\t\t\t\t<\/div>\n\t\t<\/div>\n\t\t\t\t\t<\/div>\n\t\t<\/section>\n\t\t\t\t<\/div>","protected":false},"excerpt":{"rendered":"<p>Message Important Chers clients, Nous tenons \u00e0 vous informer que M-Stickers traverse actuellement une p\u00e9riode difficile en raison de probl\u00e8mes internes affectant notre capacit\u00e9 \u00e0 g\u00e9rer la production en interne. Cette situation a entra\u00een\u00e9 des retards significatifs dans le traitement de vos commandes. Pour faire face \u00e0 l&rsquo;augmentation des frais de gestion, des loyers et [&hellip;]<\/p>\n","protected":false},"author":1,"featured_media":0,"parent":0,"menu_order":0,"comment_status":"closed","ping_status":"closed","template":"","meta":{"footnotes":""},"class_list":["post-61736","page","type-page","status-publish","hentry","entry","owp-thumbs-layout-horizontal","owp-btn-big","owp-tabs-layout-horizontal","has-no-thumbnails"],"ase":null,"_links":{"self":[{"href":"https:\/\/www.m-stickers.com\/nl\/wp-json\/wp\/v2\/pages\/61736","targetHints":{"allow":["GET"]}}],"collection":[{"href":"https:\/\/www.m-stickers.com\/nl\/wp-json\/wp\/v2\/pages"}],"about":[{"href":"https:\/\/www.m-stickers.com\/nl\/wp-json\/wp\/v2\/types\/page"}],"author":[{"embeddable":true,"href":"https:\/\/www.m-stickers.com\/nl\/wp-json\/wp\/v2\/users\/1"}],"replies":[{"embeddable":true,"href":"https:\/\/www.m-stickers.com\/nl\/wp-json\/wp\/v2\/comments?post=61736"}],"version-history":[{"count":4,"href":"https:\/\/www.m-stickers.com\/nl\/wp-json\/wp\/v2\/pages\/61736\/revisions"}],"predecessor-version":[{"id":61741,"href":"https:\/\/www.m-stickers.com\/nl\/wp-json\/wp\/v2\/pages\/61736\/revisions\/61741"}],"wp:attachment":[{"href":"https:\/\/www.m-stickers.com\/nl\/wp-json\/wp\/v2\/media?parent=61736"}],"curies":[{"name":"motorfiets","href":"https:\/\/api.w.org\/{rel}","templated":true}]}}