{"id":62370,"date":"2025-05-23T22:06:38","date_gmt":"2025-05-23T20:06:38","guid":{"rendered":"https:\/\/www.m-stickers.com\/?page_id=62370"},"modified":"2025-05-25T15:32:27","modified_gmt":"2025-05-25T13:32:27","slug":"m-stickers-beoordelingen","status":"publish","type":"page","link":"https:\/\/www.m-stickers.com\/nl\/avis-m-stickers\/","title":{"rendered":"M-Stickers recensies"},"content":{"rendered":"<div data-elementor-type=\"wp-page\" data-elementor-id=\"62370\" class=\"elementor elementor-62370\" data-elementor-post-type=\"page\">\n\t\t\t\t\t\t<section class=\"elementor-section elementor-top-section elementor-element elementor-element-b1afef7 elementor-section-boxed elementor-section-height-default elementor-section-height-default\" data-id=\"b1afef7\" data-element_type=\"section\" data-e-type=\"section\">\n\t\t\t\t\t\t<div class=\"elementor-container elementor-column-gap-default\">\n\t\t\t\t\t<div class=\"elementor-column elementor-col-100 elementor-top-column elementor-element elementor-element-612e312\" data-id=\"612e312\" data-element_type=\"column\" data-e-type=\"column\">\n\t\t\t<div class=\"elementor-widget-wrap elementor-element-populated\">\n\t\t\t\t\t\t<section class=\"elementor-section elementor-inner-section elementor-element elementor-element-39ffd49 elementor-section-boxed elementor-section-height-default elementor-section-height-default\" data-id=\"39ffd49\" data-element_type=\"section\" data-e-type=\"section\">\n\t\t\t\t\t\t<div class=\"elementor-container elementor-column-gap-default\">\n\t\t\t\t\t<div class=\"elementor-column elementor-col-33 elementor-inner-column elementor-element elementor-element-ab960d9\" data-id=\"ab960d9\" data-element_type=\"column\" data-e-type=\"column\">\n\t\t\t<div class=\"elementor-widget-wrap elementor-element-populated\">\n\t\t\t\t\t\t<div class=\"elementor-element elementor-element-0885f0a elementor-widget elementor-widget-heading\" data-id=\"0885f0a\" data-element_type=\"widget\" data-e-type=\"widget\" data-widget_type=\"heading.default\">\n\t\t\t\t<div class=\"elementor-widget-container\">\n\t\t\t\t\t<h1 class=\"elementor-heading-title elementor-size-default\">Wat onze klanten vinden \u2014 MStickers beoordelingen<\/h1>\t\t\t\t<\/div>\n\t\t\t\t<\/div>\n\t\t\t\t\t<\/div>\n\t\t<\/div>\n\t\t\t\t<div class=\"elementor-column elementor-col-33 elementor-inner-column elementor-element elementor-element-94584df\" data-id=\"94584df\" data-element_type=\"column\" data-e-type=\"column\">\n\t\t\t<div class=\"elementor-widget-wrap elementor-element-populated\">\n\t\t\t\t\t\t<div class=\"elementor-element elementor-element-2420756 elementor-widget__width-initial elementor-widget elementor-widget-rating\" data-id=\"2420756\" data-element_type=\"widget\" data-e-type=\"widget\" data-widget_type=\"rating.default\">\n\t\t\t\t<div class=\"elementor-widget-container\">\n\t\t\t\t\t\t\t<div class=\"e-rating\" itemtype=\"https:\/\/schema.org\/Rating\" itemscope=\"\" itemprop=\"reviewRating\">\n\t\t\t<meta itemprop=\"worstRating\" content=\"0\">\n\t\t\t<meta itemprop=\"bestRating\" content=\"5\">\n\t\t\t<div class=\"e-rating-wrapper\" itemprop=\"ratingValue\" content=\"4.7\" role=\"img\" aria-label=\"Valorado con 4.7 de 5\" data-no-translation-aria-label=\"\">\n\t\t\t\t\t\t\t<div class=\"e-icon\">\n\t\t\t\t<div class=\"e-icon-wrapper e-icon-marked\">\n\t\t\t\t\t<i aria-hidden=\"true\" class=\"eicon-star\"><\/i>\t\t\t\t<\/div>\n\t\t\t\t<div class=\"e-icon-wrapper e-icon-unmarked\">\n\t\t\t\t\t<i aria-hidden=\"true\" class=\"eicon-star\"><\/i>\t\t\t\t<\/div>\n\t\t\t<\/div>\n\t\t\t\t\t\t<div class=\"e-icon\">\n\t\t\t\t<div class=\"e-icon-wrapper e-icon-marked\">\n\t\t\t\t\t<i aria-hidden=\"true\" class=\"eicon-star\"><\/i>\t\t\t\t<\/div>\n\t\t\t\t<div class=\"e-icon-wrapper e-icon-unmarked\">\n\t\t\t\t\t<i aria-hidden=\"true\" class=\"eicon-star\"><\/i>\t\t\t\t<\/div>\n\t\t\t<\/div>\n\t\t\t\t\t\t<div class=\"e-icon\">\n\t\t\t\t<div class=\"e-icon-wrapper e-icon-marked\">\n\t\t\t\t\t<i aria-hidden=\"true\" class=\"eicon-star\"><\/i>\t\t\t\t<\/div>\n\t\t\t\t<div class=\"e-icon-wrapper e-icon-unmarked\">\n\t\t\t\t\t<i aria-hidden=\"true\" class=\"eicon-star\"><\/i>\t\t\t\t<\/div>\n\t\t\t<\/div>\n\t\t\t\t\t\t<div class=\"e-icon\">\n\t\t\t\t<div class=\"e-icon-wrapper e-icon-marked\">\n\t\t\t\t\t<i aria-hidden=\"true\" class=\"eicon-star\"><\/i>\t\t\t\t<\/div>\n\t\t\t\t<div class=\"e-icon-wrapper e-icon-unmarked\">\n\t\t\t\t\t<i aria-hidden=\"true\" class=\"eicon-star\"><\/i>\t\t\t\t<\/div>\n\t\t\t<\/div>\n\t\t\t\t\t\t<div class=\"e-icon\">\n\t\t\t\t<div class=\"e-icon-wrapper e-icon-marked\" style=\"--e-rating-icon-marked-width: 70%;\">\n\t\t\t\t\t<i aria-hidden=\"true\" class=\"eicon-star\"><\/i>\t\t\t\t<\/div>\n\t\t\t\t<div class=\"e-icon-wrapper e-icon-unmarked\">\n\t\t\t\t\t<i aria-hidden=\"true\" class=\"eicon-star\"><\/i>\t\t\t\t<\/div>\n\t\t\t<\/div>\n\t\t\t\t\t\t<\/div>\n\t\t<\/div>\n\t\t\t\t\t\t<\/div>\n\t\t\t\t<\/div>\n\t\t\t\t\t<\/div>\n\t\t<\/div>\n\t\t\t\t<div class=\"elementor-column elementor-col-33 elementor-inner-column elementor-element elementor-element-473ab13\" data-id=\"473ab13\" data-element_type=\"column\" data-e-type=\"column\">\n\t\t\t<div class=\"elementor-widget-wrap elementor-element-populated\">\n\t\t\t\t\t\t<div class=\"elementor-element elementor-element-829f06c elementor-widget elementor-widget-text-editor\" data-id=\"829f06c\" data-element_type=\"widget\" data-e-type=\"widget\" data-widget_type=\"text-editor.default\">\n\t\t\t\t<div class=\"elementor-widget-container\">\n\t\t\t\t\t\t\t\t\t<p><span style=\"color: #ffffff;\"><strong>4,7\/5<\/strong><\/span><\/p>\t\t\t\t\t\t\t\t<\/div>\n\t\t\t\t<\/div>\n\t\t\t\t\t<\/div>\n\t\t<\/div>\n\t\t\t\t\t<\/div>\n\t\t<\/section>\n\t\t\t\t<div class=\"elementor-element elementor-element-7704c0f elementor-widget elementor-widget-text-editor\" data-id=\"7704c0f\" data-element_type=\"widget\" data-e-type=\"widget\" data-widget_type=\"text-editor.default\">\n\t\t\t\t<div class=\"elementor-widget-container\">\n\t\t\t\t\t\t\t\t\t<p>De tevredenheid van onze klanten staat centraal in ons werk. Of het nu gaat om aangepaste stickers, decoratieve kits voor motoren of op maat gemaakte afdrukken, we doen er alles aan om een onberispelijke kwaliteit en een snelle service te garanderen.  Dit is wat onze klanten zeggen over hun ervaring met M-Stickers.<\/p>\t\t\t\t\t\t\t\t<\/div>\n\t\t\t\t<\/div>\n\t\t\t\t<div class=\"elementor-element elementor-element-0cd3361 elementor-widget elementor-widget-text-editor\" data-id=\"0cd3361\" data-element_type=\"widget\" data-e-type=\"widget\" data-widget_type=\"text-editor.default\">\n\t\t\t\t<div class=\"elementor-widget-container\">\n\t\t\t\t\t\t\t\t\t<!-- Elfsight Google Reviews | Untitled Google Reviews -->\n<script src=\"https:\/\/static.elfsight.com\/platform\/platform.js\" async><\/script>\n<div class=\"elfsight-app-108764a6-de94-4c8e-ba22-271e02f886cd\" data-elfsight-app-lazy><\/div>\t\t\t\t\t\t\t\t<\/div>\n\t\t\t\t<\/div>\n\t\t\t\t<section class=\"elementor-section elementor-inner-section elementor-element elementor-element-11720bb elementor-section-boxed elementor-section-height-default elementor-section-height-default\" data-id=\"11720bb\" data-element_type=\"section\" data-e-type=\"section\" data-settings=\"{&quot;background_background&quot;:&quot;classic&quot;}\">\n\t\t\t\t\t\t<div class=\"elementor-container elementor-column-gap-default\">\n\t\t\t\t\t<div class=\"elementor-column elementor-col-100 elementor-inner-column elementor-element elementor-element-c5dd5e3\" data-id=\"c5dd5e3\" data-element_type=\"column\" data-e-type=\"column\">\n\t\t\t<div class=\"elementor-widget-wrap\">\n\t\t\t\t\t\t\t<\/div>\n\t\t<\/div>\n\t\t\t\t\t<\/div>\n\t\t<\/section>\n\t\t\t\t<div class=\"elementor-element elementor-element-2a4ca50 elementor-widget elementor-widget-text-editor\" data-id=\"2a4ca50\" data-element_type=\"widget\" data-e-type=\"widget\" data-widget_type=\"text-editor.default\">\n\t\t\t\t<div class=\"elementor-widget-container\">\n\t\t\t\t\t\t\t\t\t<p><!-- Elfsight Facebook Reviews | Untitled Facebook Reviews --><br \/><script src=\"https:\/\/static.elfsight.com\/platform\/platform.js\" async><\/script><\/p><div class=\"elfsight-app-43d671fb-3fac-49a1-bab9-5013fec9c134\" data-elfsight-app-lazy=\"\">\u00a0<\/div>\t\t\t\t\t\t\t\t<\/div>\n\t\t\t\t<\/div>\n\t\t\t\t\t<\/div>\n\t\t<\/div>\n\t\t\t\t\t<\/div>\n\t\t<\/section>\n\t\t\t\t<section class=\"elementor-section elementor-top-section elementor-element elementor-element-aaa1d99 elementor-section-boxed elementor-section-height-default elementor-section-height-default\" data-id=\"aaa1d99\" data-element_type=\"section\" data-e-type=\"section\" data-settings=\"{&quot;background_background&quot;:&quot;classic&quot;}\">\n\t\t\t\t\t\t<div class=\"elementor-container elementor-column-gap-default\">\n\t\t\t\t\t<div class=\"elementor-column elementor-col-100 elementor-top-column elementor-element elementor-element-4d017e1\" data-id=\"4d017e1\" data-element_type=\"column\" data-e-type=\"column\">\n\t\t\t<div class=\"elementor-widget-wrap\">\n\t\t\t\t\t\t\t<\/div>\n\t\t<\/div>\n\t\t\t\t\t<\/div>\n\t\t<\/section>\n\t\t\t\t<section class=\"elementor-section elementor-top-section elementor-element elementor-element-f07c60f elementor-section-boxed elementor-section-height-default elementor-section-height-default\" data-id=\"f07c60f\" data-element_type=\"section\" data-e-type=\"section\">\n\t\t\t\t\t\t<div class=\"elementor-container elementor-column-gap-default\">\n\t\t\t\t\t<div class=\"elementor-column elementor-col-100 elementor-top-column elementor-element elementor-element-01799d6\" data-id=\"01799d6\" data-element_type=\"column\" data-e-type=\"column\">\n\t\t\t<div class=\"elementor-widget-wrap elementor-element-populated\">\n\t\t\t\t\t\t<div class=\"elementor-element elementor-element-0c4f080 elementor-widget elementor-widget-text-editor\" data-id=\"0c4f080\" data-element_type=\"widget\" data-e-type=\"widget\" data-widget_type=\"text-editor.default\">\n\t\t\t\t<div class=\"elementor-widget-container\">\n\t\t\t\t\t\t\t\t\t<section class=\"faq-section\"><h2>Veelgestelde vragen over M-Stickers<\/h2><div class=\"faq-item\"><h3>Is M-Stickers een betrouwbaar bedrijf?<\/h3><p>Ja, M-Stickers is een Frans bedrijf gespecialiseerd in het printen van motorfietsstickers, met een gemiddelde score van <strong>4,6\/5 op Google en Facebook<\/strong>Wij werken met hoogwaardige materialen, een snelle klantenservice en op maat gemaakte productie in onze werkplaats bij Lyon.<\/p><\/div><div class=\"faq-item\"><h3>Waar kan ik M-Stickers reviews lezen?<\/h3><p>U kunt de reviews van onze klanten direct op deze pagina lezen, of ons profiel bekijken op<br \/><a href=\"https:\/\/www.google.com\/search?q=avis+m-stickers\" target=\"_blank\" rel=\"noopener\">Google<\/a> et\u00a0<a href=\"https:\/\/www.facebook.com\/mstickers.official\/reviews\/\" target=\"_blank\" rel=\"noopener\">Facebook<\/a>De reviews worden achtergelaten door echte klanten na hun bestelling.<\/p><\/div><div class=\"faq-item\"><h3>Is de kwaliteit goed?<\/h3><p>Ja, we gebruiken hoogwaardige vinyls (Avery Dennison, Hexis, Oracal\u2026) en al onze afdrukken zijn gemaakt met professionele inkt om duurzaamheid, UV-bestendigheid en een perfecte afwerking te garanderen.<\/p><\/div><div class=\"faq-item\"><h3>Wat te doen als ik een probleem heb met mijn bestelling?<\/h3><p>U kunt ons rechtstreeks contacteren op het volgende adres<br \/><a href=\"mailto:m.stickers.pro@gmail.com\">m.stickers.pro@gmail.com<\/a>.<br \/>Onze klantenservice is snel en we doen ons best om problemen snel op te lossen (vervanging, aanpassing, enz.).<\/p><\/div><div class=\"faq-item\"><h3>Waarom zijn er slechte beoordelingen over \"My-Sticker.com\"?<\/h3><p>Pas op voor verwarring <strong>M-Stickers<\/strong> met <strong>Mijn-Sticker.com<\/strong>Een ander bedrijf, vandaag de dag niet meer actief. Sommige negatieve online beoordelingen betreffen ons bedrijf niet. Onze echte klantenrecensies zijn hier, op Google en Facebook beschikbaar.<\/p><\/div><div class=\"faq-item\"><h3>Zijn de stickers gemakkelijk aan te brengen?<\/h3><p>Ja! Elke bestelling wordt geleverd met een duidelijke en eenvoudige montagehandleiding. Onze vinyls zijn droog repositioneerbaar en kunnen zonder luchtbellen worden aangebracht met een rakel. Indien nodig bieden wij zelfs video-tutorials.<\/p><\/div><div class=\"faq-item\"><h3>Welke leveringstijden zijn er?<\/h3><p>De bestellingen worden doorgaans binnen 10 werkdagen geproduceerd en vervolgens verzonden met aangetekende brief of Colissimo. De totale levertijd varieert van 10 tot 20 werkdagen, afhankelijk van het type sticker en de vervoerder.<\/p><\/div><\/section>\t\t\t\t\t\t\t\t<\/div>\n\t\t\t\t<\/div>\n\t\t\t\t\t<\/div>\n\t\t<\/div>\n\t\t\t\t\t<\/div>\n\t\t<\/section>\n\t\t\t\t<\/div>","protected":false},"excerpt":{"rendered":"<p>Ce que pensent nos clients \u2014 Avis MStickers 4,7\/5 la satisfaction de nos clients est au c\u0153ur de notre m\u00e9tier. Que ce soit pour des stickers personnalis\u00e9s, des kits d\u00e9co pour moto ou des impressions sur mesure, nous mettons tout en \u0153uvre pour garantir une qualit\u00e9 irr\u00e9prochable et un service r\u00e9actif. Voici ce que disent [&hellip;]<\/p>\n","protected":false},"author":1,"featured_media":0,"parent":0,"menu_order":0,"comment_status":"closed","ping_status":"closed","template":"","meta":{"footnotes":""},"class_list":["post-62370","page","type-page","status-publish","hentry","entry","owp-thumbs-layout-horizontal","owp-btn-big","owp-tabs-layout-horizontal","has-no-thumbnails"],"ase":null,"_links":{"self":[{"href":"https:\/\/www.m-stickers.com\/nl\/wp-json\/wp\/v2\/pages\/62370","targetHints":{"allow":["GET"]}}],"collection":[{"href":"https:\/\/www.m-stickers.com\/nl\/wp-json\/wp\/v2\/pages"}],"about":[{"href":"https:\/\/www.m-stickers.com\/nl\/wp-json\/wp\/v2\/types\/page"}],"author":[{"embeddable":true,"href":"https:\/\/www.m-stickers.com\/nl\/wp-json\/wp\/v2\/users\/1"}],"replies":[{"embeddable":true,"href":"https:\/\/www.m-stickers.com\/nl\/wp-json\/wp\/v2\/comments?post=62370"}],"version-history":[{"count":17,"href":"https:\/\/www.m-stickers.com\/nl\/wp-json\/wp\/v2\/pages\/62370\/revisions"}],"predecessor-version":[{"id":62405,"href":"https:\/\/www.m-stickers.com\/nl\/wp-json\/wp\/v2\/pages\/62370\/revisions\/62405"}],"wp:attachment":[{"href":"https:\/\/www.m-stickers.com\/nl\/wp-json\/wp\/v2\/media?parent=62370"}],"curies":[{"name":"motorfiets","href":"https:\/\/api.w.org\/{rel}","templated":true}]}}