{"id":6488,"date":"2021-01-22T10:43:01","date_gmt":"2021-01-22T09:43:01","guid":{"rendered":"https:\/\/www.m-stickers.com\/?page_id=6488"},"modified":"2026-01-14T19:30:29","modified_gmt":"2026-01-14T18:30:29","slug":"levering","status":"publish","type":"page","link":"https:\/\/www.m-stickers.com\/nl\/livraison\/","title":{"rendered":"Levering"},"content":{"rendered":"<div data-elementor-type=\"wp-page\" data-elementor-id=\"6488\" class=\"elementor elementor-6488\" data-elementor-post-type=\"page\">\n\t\t\t\t\t\t<section class=\"elementor-section elementor-top-section elementor-element elementor-element-3c3aae6 elementor-section-boxed elementor-section-height-default elementor-section-height-default\" data-id=\"3c3aae6\" data-element_type=\"section\" data-e-type=\"section\">\n\t\t\t\t\t\t<div class=\"elementor-container elementor-column-gap-default\">\n\t\t\t\t\t<div class=\"elementor-column elementor-col-100 elementor-top-column elementor-element elementor-element-1998c384\" data-id=\"1998c384\" data-element_type=\"column\" data-e-type=\"column\">\n\t\t\t<div class=\"elementor-widget-wrap elementor-element-populated\">\n\t\t\t\t\t\t<div class=\"elementor-element elementor-element-6133dbfe elementor-widget elementor-widget-text-editor\" data-id=\"6133dbfe\" data-element_type=\"widget\" data-e-type=\"widget\" data-widget_type=\"text-editor.default\">\n\t\t\t\t<div class=\"elementor-widget-container\">\n\t\t\t\t\t\t\t\t\t<h1 style=\"text-align: center;\" data-start=\"281\" data-end=\"294\">LEVERING<\/h1>\n<p data-start=\"295\" data-end=\"330\"><strong data-start=\"295\" data-end=\"330\">M-Stickers \u2013 <a class=\"decorated-link\" href=\"http:\/\/www.m-stickers.com\/nl\/\" target=\"_new\" rel=\"noopener\" data-start=\"310\" data-end=\"328\">www.m-stickers.com<\/a><\/strong><\/p>\n<hr data-start=\"332\" data-end=\"335\" \/>\n<h2 data-start=\"337\" data-end=\"382\">\ud83d\udce6 Voorbereiding en verzending van bestellingen<\/h2>\n<p data-start=\"384\" data-end=\"540\">De M-Stickers producten worden vervaardigd <strong data-start=\"423\" data-end=\"440\">bij bestelling<\/strong>, vaak gepersonaliseerd volgens de keuzes van de klant (kleuren, afmetingen, effecten, teksten, afwerkingen).<\/p>\n<p data-start=\"542\" data-end=\"712\">We hebben geen voorraad: elke bestelling wordt specifiek voor u voorbereid en geproduceerd, om een kwaliteitsvolle uitvoering en optimale personalisatie te garanderen.<\/p>\n<hr data-start=\"714\" data-end=\"717\" \/>\n<h2 data-start=\"719\" data-end=\"762\">\u23f1\ufe0f Voorbereidings- en levertijden<\/h2>\n<h3 data-start=\"764\" data-end=\"784\">Standaard levertijden<\/h3>\n<p data-start=\"786\" data-end=\"848\">Onderstaande termijnen zijn indicatief:<\/p>\n<ul>\n<li data-start=\"852\" data-end=\"916\"><strong data-start=\"852\" data-end=\"916\">Voorbereiding + standaard verzendtijd: 10 werkdagen<\/strong><\/li>\n<li data-start=\"919\" data-end=\"1042\">Voor sommige gepersonaliseerde producten of tijdens periodes van grote vraag kan de levertijd worden verlengd tot <strong data-start=\"1022\" data-end=\"1042\">maximaal 20 dagen<\/strong><\/li>\n<\/ul>\n<p data-start=\"1044\" data-end=\"1065\">Deze termijnen omvatten:<\/p>\n<ul>\n<li data-start=\"1068\" data-end=\"1094\">de voorbereiding van het bestand,<\/li>\n<li data-start=\"1097\" data-end=\"1110\">de afdruk,<\/li>\n<li data-start=\"1113\" data-end=\"1124\">de snede,<\/li>\n<li data-start=\"1127\" data-end=\"1146\">de conditionering,<\/li>\n<li data-start=\"1149\" data-end=\"1162\">de verzending.<\/li>\n<\/ul>\n<hr data-start=\"1164\" data-end=\"1167\" \/>\n<h3 data-start=\"1169\" data-end=\"1191\">Specifieke levertijden<\/h3>\n<p data-start=\"1193\" data-end=\"1250\">De levertijden kunnen in de volgende gevallen langer zijn:<\/p>\n<ul>\n<li data-start=\"1253\" data-end=\"1295\">producten op maat of zeer gepersonaliseerde artikelen,<\/li>\n<li data-start=\"1298\" data-end=\"1327\">bulkbestellingen,<\/li>\n<li data-start=\"1330\" data-end=\"1369\">specifieke aanvragen of buiten de catalogus,<\/li>\n<li data-start=\"1372\" data-end=\"1399\">piekperiodes.<\/li>\n<\/ul>\n<p data-start=\"1401\" data-end=\"1468\">In deze situaties raden wij aan om <strong data-start=\"1443\" data-end=\"1467\">vooraf bestellen<\/strong>.<\/p>\n<hr data-start=\"1470\" data-end=\"1473\" \/>\n<h2 data-start=\"1475\" data-end=\"1509\">\ud83d\udcec Productverpakking<\/h2>\n<p data-start=\"1511\" data-end=\"1601\">Onze producten worden zorgvuldig verzonden om hun bescherming tijdens het transport te garanderen:<\/p>\n<ul>\n<li data-start=\"1605\" data-end=\"1690\">decoratieve kits en velgstrips worden verzonden in <strong data-start=\"1653\" data-end=\"1689\">verstevigde kartonnen enveloppen<\/strong>,<\/li>\n<li data-start=\"1693\" data-end=\"1785\">afhankelijk van de grootte en de hoeveelheid kunnen de producten worden verzonden in een <strong data-start=\"1767\" data-end=\"1784\">geschikte doos<\/strong>.<\/li>\n<\/ul>\n<hr data-start=\"1787\" data-end=\"1790\" \/>\n<h2 data-start=\"1792\" data-end=\"1816\">\ud83c\udf0d Leveringsgebieden<\/h2>\n<h3 data-start=\"1818\" data-end=\"1837\">Frankrijk en Europa<\/h3>\n<p data-start=\"1839\" data-end=\"1853\">Wij leveren:<\/p>\n<ul>\n<li data-start=\"1856\" data-end=\"1881\">in Europees Frankrijk,<\/li>\n<li data-start=\"1884\" data-end=\"1920\">in de meeste Europese landen.<\/li>\n<\/ul>\n<p data-start=\"1922\" data-end=\"2031\">Verzendkosten worden automatisch berekend bij het afrekenen, afhankelijk van het land van bestemming.<\/p>\n<hr data-start=\"2033\" data-end=\"2036\" \/>\n<h3 data-start=\"2038\" data-end=\"2069\">Internationaal \/ Buiten Europa<\/h3>\n<p data-start=\"2071\" data-end=\"2165\">Levering is ook mogelijk in bepaalde landen buiten Europa en de overzeese gebiedsdelen.<\/p>\n<p data-start=\"2167\" data-end=\"2304\">Als uw land niet in de lijst voorkomt die wordt aangeboden bij het bestellen, <strong data-start=\"2239\" data-end=\"2273\">neem gerust contact met ons op<\/strong> om de haalbaarheid te onderzoeken.<\/p>\n<hr data-start=\"2306\" data-end=\"2309\" \/>\n<h2 data-start=\"2311\" data-end=\"2335\">\ud83d\udcb8 Bezorgkosten<\/h2>\n<p data-start=\"2337\" data-end=\"2420\">De verzendkosten worden weergegeven voordat de bestelling definitief wordt bevestigd.<\/p>\n<p data-start=\"2422\" data-end=\"2562\">\ud83c\udf81 <strong data-start=\"2425\" data-end=\"2446\">Livraison offerte<\/strong><br data-start=\"2446\" data-end=\"2449\" \/>De levering is gratis voor elke bestelling vanaf een bedrag van <strong data-start=\"2507\" data-end=\"2535\">groter dan of gelijk aan \u20ac 90<\/strong>, exclusief lopende promoties.<\/p>\n<hr data-start=\"2564\" data-end=\"2567\" \/>\n<h2 data-start=\"2569\" data-end=\"2608\">\u26a0\ufe0f Vertragingen en leveringsproblemen<\/h2>\n<p data-start=\"2610\" data-end=\"2665\">De levertijden zijn indicatief.<\/p>\n<p data-start=\"2667\" data-end=\"2819\">Bij een vertraging van meer dan <strong data-start=\"2696\" data-end=\"2708\">30 dagen<\/strong> (behalve in geval van overmacht) kan de klant de annulering van de bestelling en volledige terugbetaling aanvragen.<\/p>\n<hr data-start=\"2821\" data-end=\"2824\" \/>\n<h2 data-start=\"2826\" data-end=\"2850\">\ud83d\udce6 Ontvangst van het pakket<\/h2>\n<p data-start=\"2852\" data-end=\"2896\">Bij ontvangst is het de verantwoordelijkheid van de klant om:<\/p>\n<ul>\n<li data-start=\"2899\" data-end=\"2924\">controleer de staat van het pakket,<\/li>\n<li data-start=\"2927\" data-end=\"3000\">meld eventuele afwijkingen (beschadigd pakket, ontbrekend of beschadigd product).<\/li>\n<\/ul>\n<p data-start=\"3002\" data-end=\"3041\">Alle klachten dienen te worden ingediend:<\/p>\n<ul>\n<li data-start=\"3044\" data-end=\"3067\">bij de vervoerder,<\/li>\n<li data-start=\"3070\" data-end=\"3153\">en bij M-Stickers,<br \/>uiterlijk <strong data-start=\"3120\" data-end=\"3131\">3 dagen<\/strong> na ontvangst.<\/li>\n<\/ul>\n<hr data-start=\"3155\" data-end=\"3158\" \/>\n<h2 data-start=\"3160\" data-end=\"3186\">\ud83d\udce9 Contact &amp; ondersteuning<\/h2>\n<p data-start=\"3188\" data-end=\"3299\">Voor vragen over levering, levertijden of een lopende bestelling is ons team beschikbaar:<\/p>\n<p data-start=\"3301\" data-end=\"3401\">\ud83d\udce7 <strong data-start=\"3304\" data-end=\"3330\"><a class=\"decorated-link cursor-pointer\" rel=\"noopener\" data-start=\"3306\" data-end=\"3328\">contact@m-stickers.com<\/a><\/strong><br data-start=\"3330\" data-end=\"3333\" \/>\ud83d\udce9 via het contactformulier op de website<br data-start=\"3372\" data-end=\"3375\" \/>\ud83d\udcac via onze sociale netwerken<\/p>\n<p data-start=\"3403\" data-end=\"3484\">Wij doen ons uiterste best om snel te reageren en elke klant te begeleiden.<\/p>\n<hr data-start=\"3486\" data-end=\"3489\" \/>\n<p data-start=\"3491\" data-end=\"3532\"><strong data-start=\"3491\" data-end=\"3514\">Het M-Stickers team<\/strong><br data-start=\"3514\" data-end=\"3517\" \/>Mat\u00e9o &amp; Maxence<\/p>\t\t\t\t\t\t\t\t<\/div>\n\t\t\t\t<\/div>\n\t\t\t\t\t<\/div>\n\t\t<\/div>\n\t\t\t\t\t<\/div>\n\t\t<\/section>\n\t\t\t\t<\/div>","protected":false},"excerpt":{"rendered":"<p>LIVRAISON M-Stickers \u2013 www.m-stickers.com \ud83d\udce6 Pr\u00e9paration et exp\u00e9dition des commandes Les produits M-Stickers sont fabriqu\u00e9s \u00e0 la commande, souvent personnalis\u00e9s selon les choix du client (couleurs, dimensions, effets, textes, finitions). Nous ne disposons pas de stock : chaque commande est pr\u00e9par\u00e9e et produite sp\u00e9cifiquement pour vous, afin de garantir un rendu de qualit\u00e9 et une [&hellip;]<\/p>\n","protected":false},"author":1,"featured_media":0,"parent":0,"menu_order":0,"comment_status":"closed","ping_status":"closed","template":"","meta":{"footnotes":""},"class_list":["post-6488","page","type-page","status-publish","hentry","entry","owp-thumbs-layout-horizontal","owp-btn-big","owp-tabs-layout-horizontal","has-no-thumbnails"],"ase":null,"_links":{"self":[{"href":"https:\/\/www.m-stickers.com\/nl\/wp-json\/wp\/v2\/pages\/6488","targetHints":{"allow":["GET"]}}],"collection":[{"href":"https:\/\/www.m-stickers.com\/nl\/wp-json\/wp\/v2\/pages"}],"about":[{"href":"https:\/\/www.m-stickers.com\/nl\/wp-json\/wp\/v2\/types\/page"}],"author":[{"embeddable":true,"href":"https:\/\/www.m-stickers.com\/nl\/wp-json\/wp\/v2\/users\/1"}],"replies":[{"embeddable":true,"href":"https:\/\/www.m-stickers.com\/nl\/wp-json\/wp\/v2\/comments?post=6488"}],"version-history":[{"count":6,"href":"https:\/\/www.m-stickers.com\/nl\/wp-json\/wp\/v2\/pages\/6488\/revisions"}],"predecessor-version":[{"id":63938,"href":"https:\/\/www.m-stickers.com\/nl\/wp-json\/wp\/v2\/pages\/6488\/revisions\/63938"}],"wp:attachment":[{"href":"https:\/\/www.m-stickers.com\/nl\/wp-json\/wp\/v2\/media?parent=6488"}],"curies":[{"name":"motorfiets","href":"https:\/\/api.w.org\/{rel}","templated":true}]}}