{"id":6735,"date":"2022-08-30T14:17:59","date_gmt":"2022-08-30T12:17:59","guid":{"rendered":"https:\/\/www.m-stickers.com\/?page_id=6735"},"modified":"2025-03-18T11:37:10","modified_gmt":"2025-03-18T10:37:10","slug":"kleurvarianten-m-stickers","status":"publish","type":"page","link":"https:\/\/www.m-stickers.com\/nl\/nuancier-m-stickers\/","title":{"rendered":"Nuancier M-Stickers"},"content":{"rendered":"<div data-elementor-type=\"wp-page\" data-elementor-id=\"6735\" class=\"elementor elementor-6735\" data-elementor-post-type=\"page\">\n\t\t\t\t\t\t<section class=\"elementor-section elementor-top-section elementor-element elementor-element-2caa00b2 elementor-section-full_width elementor-section-height-default elementor-section-height-default\" data-id=\"2caa00b2\" data-element_type=\"section\" data-e-type=\"section\">\n\t\t\t\t\t\t<div class=\"elementor-container elementor-column-gap-default\">\n\t\t\t\t\t<div class=\"elementor-column elementor-col-100 elementor-top-column elementor-element elementor-element-46857871\" data-id=\"46857871\" data-element_type=\"column\" data-e-type=\"column\">\n\t\t\t<div class=\"elementor-widget-wrap elementor-element-populated\">\n\t\t\t\t\t\t<div class=\"elementor-element elementor-element-18d876d elementor-widget elementor-widget-heading\" data-id=\"18d876d\" data-element_type=\"widget\" data-e-type=\"widget\" data-widget_type=\"heading.default\">\n\t\t\t\t<div class=\"elementor-widget-container\">\n\t\t\t\t\t<h2 class=\"elementor-heading-title elementor-size-default\">Nuancier M-Stickers<\/h2>\t\t\t\t<\/div>\n\t\t\t\t<\/div>\n\t\t\t\t<div class=\"elementor-element elementor-element-7dbdd3c elementor-widget-divider--view-line elementor-widget elementor-widget-divider\" data-id=\"7dbdd3c\" data-element_type=\"widget\" data-e-type=\"widget\" data-widget_type=\"divider.default\">\n\t\t\t\t<div class=\"elementor-widget-container\">\n\t\t\t\t\t\t\t<div class=\"elementor-divider\">\n\t\t\t<span class=\"elementor-divider-separator\">\n\t\t\t\t\t\t<\/span>\n\t\t<\/div>\n\t\t\t\t\t\t<\/div>\n\t\t\t\t<\/div>\n\t\t\t\t<div class=\"elementor-element elementor-element-074d2a5 elementor-widget elementor-widget-text-editor\" data-id=\"074d2a5\" data-element_type=\"widget\" data-e-type=\"widget\" data-widget_type=\"text-editor.default\">\n\t\t\t\t<div class=\"elementor-widget-container\">\n\t\t\t\t\t\t\t\t\t<p>Hier kunt u alle kleuren vinden die we kunnen afdrukken. Voor de optie \u00abspecifieke kleur\u00bb, raadpleeg deze lijst en kies een code (bijv. RVW-PR01K) en vermeld deze in de bestelnotities.<\/p><p><a href=\"https:\/\/www.m-stickers.com\/nl\/product\/kleurstalenmonsters\/\">Het is ook mogelijk om monsters te bestellen. <span style=\"color: #ff0000;\">hier<\/span> !<\/a><\/p>\t\t\t\t\t\t\t\t<\/div>\n\t\t\t\t<\/div>\n\t\t\t\t<div class=\"elementor-element elementor-element-fd69faa elementor-widget-divider--view-line elementor-widget elementor-widget-divider\" data-id=\"fd69faa\" data-element_type=\"widget\" data-e-type=\"widget\" data-widget_type=\"divider.default\">\n\t\t\t\t<div class=\"elementor-widget-container\">\n\t\t\t\t\t\t\t<div class=\"elementor-divider\">\n\t\t\t<span class=\"elementor-divider-separator\">\n\t\t\t\t\t\t<\/span>\n\t\t<\/div>\n\t\t\t\t\t\t<\/div>\n\t\t\t\t<\/div>\n\t\t\t\t<div class=\"elementor-element elementor-element-8767725 elementor-widget elementor-widget-text-editor\" data-id=\"8767725\" data-element_type=\"widget\" data-e-type=\"widget\" data-widget_type=\"text-editor.default\">\n\t\t\t\t<div class=\"elementor-widget-container\">\n\t\t\t\t\t\t\t\t\t<h1 style=\"text-align: center;\"><span style=\"color: #ffffff;\">Om de beschikbare kleuren te bekijken -&gt;<\/span><span style=\"text-decoration: underline;\"><strong><a href=\"https:\/\/www.m-stickers.com\/wp-content\/uploads\/2025\/01\/Roland-Color-Matching-System.pdf\">Download de PDF HD hier!<\/a><\/strong><\/span><\/h1>\t\t\t\t\t\t\t\t<\/div>\n\t\t\t\t<\/div>\n\t\t\t\t<div class=\"elementor-element elementor-element-71e2aa9 elementor-widget-divider--view-line elementor-widget elementor-widget-divider\" data-id=\"71e2aa9\" data-element_type=\"widget\" data-e-type=\"widget\" data-widget_type=\"divider.default\">\n\t\t\t\t<div class=\"elementor-widget-container\">\n\t\t\t\t\t\t\t<div class=\"elementor-divider\">\n\t\t\t<span class=\"elementor-divider-separator\">\n\t\t\t\t\t\t<\/span>\n\t\t<\/div>\n\t\t\t\t\t\t<\/div>\n\t\t\t\t<\/div>\n\t\t\t\t<div class=\"elementor-element elementor-element-7486615 elementor-hidden-desktop elementor-hidden-tablet elementor-hidden-mobile elementor-widget elementor-widget-text-editor\" data-id=\"7486615\" data-element_type=\"widget\" data-e-type=\"widget\" data-widget_type=\"text-editor.default\">\n\t\t\t\t<div class=\"elementor-widget-container\">\n\t\t\t\t\t\t\t\t\t<p>Vind gemakkelijk uw kleur:\u00a0<\/p><ul><li><a href=\"#classique\">Klassieke kleuren<\/a><\/li><li><a href=\"#sombre\">Donkere kleuren<\/a><\/li><li><a href=\"#orange\">Oranje kleuren<\/a><\/li><li><a href=\"#vert\">Groene kleuren<\/a><\/li><\/ul>\t\t\t\t\t\t\t\t<\/div>\n\t\t\t\t<\/div>\n\t\t\t\t<div class=\"elementor-element elementor-element-51288c5c elementor-hidden-desktop elementor-hidden-tablet elementor-hidden-mobile elementor-widget elementor-widget-text-editor\" data-id=\"51288c5c\" data-element_type=\"widget\" data-e-type=\"widget\" id=\"clasique\" data-widget_type=\"text-editor.default\">\n\t\t\t\t<div class=\"elementor-widget-container\">\n\t\t\t\t\t\t\t\t\t<p><img fetchpriority=\"high\" decoding=\"async\" class=\"aligncenter wp-image-45519 size-full\" src=\"https:\/\/www.m-stickers.com\/wp-content\/uploads\/2023\/05\/classique.jpg\" alt=\"\" width=\"2330\" height=\"12842\" \/><\/p>\t\t\t\t\t\t\t\t<\/div>\n\t\t\t\t<\/div>\n\t\t\t\t<div class=\"elementor-element elementor-element-7277ba9 elementor-hidden-desktop elementor-hidden-tablet elementor-hidden-mobile elementor-widget elementor-widget-text-editor\" data-id=\"7277ba9\" data-element_type=\"widget\" data-e-type=\"widget\" id=\"sombre\" data-widget_type=\"text-editor.default\">\n\t\t\t\t<div class=\"elementor-widget-container\">\n\t\t\t\t\t\t\t\t\t<p><img decoding=\"async\" class=\"aligncenter wp-image-45521 size-full\" src=\"https:\/\/www.m-stickers.com\/wp-content\/uploads\/2023\/05\/sombre.jpg\" alt=\"\" width=\"2330\" height=\"14990\" \/><\/p>\t\t\t\t\t\t\t\t<\/div>\n\t\t\t\t<\/div>\n\t\t\t\t<div class=\"elementor-element elementor-element-1ae87cd elementor-hidden-desktop elementor-hidden-tablet elementor-hidden-mobile elementor-widget elementor-widget-text-editor\" data-id=\"1ae87cd\" data-element_type=\"widget\" data-e-type=\"widget\" id=\"orange\" data-widget_type=\"text-editor.default\">\n\t\t\t\t<div class=\"elementor-widget-container\">\n\t\t\t\t\t\t\t\t\t<p><img decoding=\"async\" class=\"aligncenter wp-image-45520 size-full\" src=\"https:\/\/www.m-stickers.com\/wp-content\/uploads\/2023\/05\/orange.jpg\" alt=\"\" width=\"2330\" height=\"4534\" \/><\/p>\t\t\t\t\t\t\t\t<\/div>\n\t\t\t\t<\/div>\n\t\t\t\t<div class=\"elementor-element elementor-element-a71e9df elementor-widget elementor-widget-text-editor\" data-id=\"a71e9df\" data-element_type=\"widget\" data-e-type=\"widget\" id=\"vert\" data-widget_type=\"text-editor.default\">\n\t\t\t\t<div class=\"elementor-widget-container\">\n\t\t\t\t\t\t\t\t\t<img decoding=\"async\" src=\"https:\/\/drive.google.com\/uc?id=1B-oQcn8Vu_j5AYhLP_xYEJXcTevL5fX4\" alt=\"We don&#039;t forget it.\" \/>\t\t\t\t\t\t\t\t<\/div>\n\t\t\t\t<\/div>\n\t\t\t\t\t<\/div>\n\t\t<\/div>\n\t\t\t\t\t<\/div>\n\t\t<\/section>\n\t\t\t\t<\/div>","protected":false},"excerpt":{"rendered":"<p>Nuancier M-Stickers Retrouvez ici toutes les couleurs que nous pouvons imprimer. Pour l&rsquo;option \u00ab\u00a0couleur sp\u00e9cifique\u00a0\u00bb, consultez cette liste et choisissez un code (ex: RVW-PR01K) et indiquez-le en note de commande. Il est \u00e9galement possible de commander des \u00e9chantillons directement ici ! Pour visualiser les couleurs disponibles -&gt;T\u00e9l\u00e9charger le PDF HD ici ! Retrouvez facilement votre [&hellip;]<\/p>\n","protected":false},"author":1,"featured_media":0,"parent":0,"menu_order":0,"comment_status":"closed","ping_status":"closed","template":"","meta":{"footnotes":""},"class_list":["post-6735","page","type-page","status-publish","hentry","entry","owp-thumbs-layout-horizontal","owp-btn-big","owp-tabs-layout-horizontal","has-no-thumbnails"],"_links":{"self":[{"href":"https:\/\/www.m-stickers.com\/nl\/wp-json\/wp\/v2\/pages\/6735","targetHints":{"allow":["GET"]}}],"collection":[{"href":"https:\/\/www.m-stickers.com\/nl\/wp-json\/wp\/v2\/pages"}],"about":[{"href":"https:\/\/www.m-stickers.com\/nl\/wp-json\/wp\/v2\/types\/page"}],"author":[{"embeddable":true,"href":"https:\/\/www.m-stickers.com\/nl\/wp-json\/wp\/v2\/users\/1"}],"replies":[{"embeddable":true,"href":"https:\/\/www.m-stickers.com\/nl\/wp-json\/wp\/v2\/comments?post=6735"}],"version-history":[{"count":12,"href":"https:\/\/www.m-stickers.com\/nl\/wp-json\/wp\/v2\/pages\/6735\/revisions"}],"predecessor-version":[{"id":61957,"href":"https:\/\/www.m-stickers.com\/nl\/wp-json\/wp\/v2\/pages\/6735\/revisions\/61957"}],"wp:attachment":[{"href":"https:\/\/www.m-stickers.com\/nl\/wp-json\/wp\/v2\/media?parent=6735"}],"curies":[{"name":"motorfiets","href":"https:\/\/api.w.org\/{rel}","templated":true}]}}