{"id":7148,"date":"2021-02-03T14:05:18","date_gmt":"2021-02-03T13:05:18","guid":{"rendered":"https:\/\/www.m-stickers.com\/?page_id=7148"},"modified":"2024-09-03T16:50:16","modified_gmt":"2024-09-03T14:50:16","slug":"categorie-configurateur-ducati-2","status":"publish","type":"page","link":"https:\/\/www.m-stickers.com\/nl\/categorie-configurator-ducati-2\/","title":{"rendered":"Ducati Configurator categorie"},"content":{"rendered":"\t\t<div data-elementor-type=\"wp-page\" data-elementor-id=\"7148\" class=\"elementor elementor-7148\" data-elementor-post-type=\"page\">\n\t\t\t\t\t\t<section class=\"elementor-section elementor-top-section elementor-element elementor-element-1f51cea8 elementor-section-boxed elementor-section-height-default elementor-section-height-default\" data-id=\"1f51cea8\" data-element_type=\"section\" data-e-type=\"section\">\n\t\t\t\t\t\t<div class=\"elementor-container elementor-column-gap-default\">\n\t\t\t\t\t<div class=\"elementor-column elementor-col-20 elementor-top-column elementor-element elementor-element-6961b8ee\" data-id=\"6961b8ee\" data-element_type=\"column\" data-e-type=\"column\">\n\t\t\t<div class=\"elementor-widget-wrap elementor-element-populated\">\n\t\t\t\t\t\t<div class=\"elementor-element elementor-element-57b44ac2 elementor-widget elementor-widget-heading\" data-id=\"57b44ac2\" data-element_type=\"widget\" data-e-type=\"widget\" data-widget_type=\"heading.default\">\n\t\t\t\t<div class=\"elementor-widget-container\">\n\t\t\t\t\t<h1 class=\"elementor-heading-title elementor-size-default\">Configurateur<\/h1>\t\t\t\t<\/div>\n\t\t\t\t<\/div>\n\t\t\t\t<div class=\"elementor-element elementor-element-bff175b elementor-widget elementor-widget-image\" data-id=\"bff175b\" data-element_type=\"widget\" data-e-type=\"widget\" data-widget_type=\"image.default\">\n\t\t\t\t<div class=\"elementor-widget-container\">\n\t\t\t\t\t\t\t\t\t\t\t\t\t\t\t<img fetchpriority=\"high\" decoding=\"async\" width=\"600\" height=\"400\" src=\"https:\/\/www.m-stickers.com\/wp-content\/uploads\/2021\/02\/miniature-Ducati.png\" class=\"attachment-large size-large wp-image-7144\" alt=\"logo ducati\" srcset=\"https:\/\/www.m-stickers.com\/wp-content\/uploads\/2021\/02\/miniature-Ducati.png 600w, https:\/\/www.m-stickers.com\/wp-content\/uploads\/2021\/02\/miniature-Ducati-300x200.png 300w\" sizes=\"(max-width: 600px) 100vw, 600px\" \/>\t\t\t\t\t\t\t\t\t\t\t\t\t\t\t<\/div>\n\t\t\t\t<\/div>\n\t\t\t\t<div class=\"elementor-element elementor-element-44a46bda elementor-widget elementor-widget-heading\" data-id=\"44a46bda\" data-element_type=\"widget\" data-e-type=\"widget\" data-widget_type=\"heading.default\">\n\t\t\t\t<div class=\"elementor-widget-container\">\n\t\t\t\t\t<h1 class=\"elementor-heading-title elementor-size-default\">Personnalisez vos stickers de jantes Ducati<\/h1>\t\t\t\t<\/div>\n\t\t\t\t<\/div>\n\t\t\t\t\t<\/div>\n\t\t<\/div>\n\t\t\t\t<div class=\"elementor-column elementor-col-20 elementor-top-column elementor-element elementor-element-7c98cb4a\" data-id=\"7c98cb4a\" data-element_type=\"column\" data-e-type=\"column\" data-settings=\"{&quot;background_background&quot;:&quot;classic&quot;}\">\n\t\t\t<div class=\"elementor-widget-wrap\">\n\t\t\t\t\t\t\t<\/div>\n\t\t<\/div>\n\t\t\t\t<div class=\"elementor-column elementor-col-20 elementor-top-column elementor-element elementor-element-1478fc0a\" data-id=\"1478fc0a\" data-element_type=\"column\" data-e-type=\"column\" data-settings=\"{&quot;background_background&quot;:&quot;gradient&quot;}\">\n\t\t\t<div class=\"elementor-widget-wrap\">\n\t\t\t\t\t\t\t<\/div>\n\t\t<\/div>\n\t\t\t\t<div class=\"elementor-column elementor-col-20 elementor-top-column elementor-element elementor-element-120430ff\" data-id=\"120430ff\" data-element_type=\"column\" data-e-type=\"column\">\n\t\t\t<div class=\"elementor-widget-wrap elementor-element-populated\">\n\t\t\t\t\t\t<div class=\"elementor-element elementor-element-5ad83f1 elementor-widget elementor-widget-heading\" data-id=\"5ad83f1\" data-element_type=\"widget\" data-e-type=\"widget\" data-widget_type=\"heading.default\">\n\t\t\t\t<div class=\"elementor-widget-container\">\n\t\t\t\t\t<h2 class=\"elementor-heading-title elementor-size-default\"><a href=\"https:\/\/www.m-stickers.com\/configurator\/configure\/35251\/\">Diavel 1260 S<\/a><\/h2>\t\t\t\t<\/div>\n\t\t\t\t<\/div>\n\t\t\t\t<div class=\"elementor-element elementor-element-0376662 elementor-widget elementor-widget-heading\" data-id=\"0376662\" data-element_type=\"widget\" data-e-type=\"widget\" data-widget_type=\"heading.default\">\n\t\t\t\t<div class=\"elementor-widget-container\">\n\t\t\t\t\t<h2 class=\"elementor-heading-title elementor-size-default\"><a href=\"https:\/\/www.m-stickers.com\/configurator\/configure\/31687\/\">Hypermotard 821<\/a><\/h2>\t\t\t\t<\/div>\n\t\t\t\t<\/div>\n\t\t\t\t<div class=\"elementor-element elementor-element-a4eecc9 elementor-widget elementor-widget-heading\" data-id=\"a4eecc9\" data-element_type=\"widget\" data-e-type=\"widget\" data-widget_type=\"heading.default\">\n\t\t\t\t<div class=\"elementor-widget-container\">\n\t\t\t\t\t<h2 class=\"elementor-heading-title elementor-size-default\"><a href=\"https:\/\/www.m-stickers.com\/configurator\/configure\/35426\/\">Monster 797<\/a><\/h2>\t\t\t\t<\/div>\n\t\t\t\t<\/div>\n\t\t\t\t<div class=\"elementor-element elementor-element-9beba01 elementor-widget elementor-widget-heading\" data-id=\"9beba01\" data-element_type=\"widget\" data-e-type=\"widget\" data-widget_type=\"heading.default\">\n\t\t\t\t<div class=\"elementor-widget-container\">\n\t\t\t\t\t<h2 class=\"elementor-heading-title elementor-size-default\"><a href=\"https:\/\/www.m-stickers.com\/configurator\/configure\/23536\/\">Monster 950<\/a><\/h2>\t\t\t\t<\/div>\n\t\t\t\t<\/div>\n\t\t\t\t<div class=\"elementor-element elementor-element-720ac5f elementor-widget elementor-widget-heading\" data-id=\"720ac5f\" data-element_type=\"widget\" data-e-type=\"widget\" data-widget_type=\"heading.default\">\n\t\t\t\t<div class=\"elementor-widget-container\">\n\t\t\t\t\t<h2 class=\"elementor-heading-title elementor-size-default\"><a href=\"https:\/\/www.m-stickers.com\/configurator\/configure\/40056\/\">Monster 1100 S<\/a><\/h2>\t\t\t\t<\/div>\n\t\t\t\t<\/div>\n\t\t\t\t<div class=\"elementor-element elementor-element-8277866 elementor-widget elementor-widget-heading\" data-id=\"8277866\" data-element_type=\"widget\" data-e-type=\"widget\" data-widget_type=\"heading.default\">\n\t\t\t\t<div class=\"elementor-widget-container\">\n\t\t\t\t\t<h2 class=\"elementor-heading-title elementor-size-default\"><a href=\"https:\/\/www.m-stickers.com\/configurator\/configure\/7143\/\">Multistrada V4 S<\/a><\/h2>\t\t\t\t<\/div>\n\t\t\t\t<\/div>\n\t\t\t\t<div class=\"elementor-element elementor-element-6df867e elementor-widget elementor-widget-heading\" data-id=\"6df867e\" data-element_type=\"widget\" data-e-type=\"widget\" data-widget_type=\"heading.default\">\n\t\t\t\t<div class=\"elementor-widget-container\">\n\t\t\t\t\t<h2 class=\"elementor-heading-title elementor-size-default\"><a href=\"https:\/\/www.m-stickers.com\/configurator\/configure\/11770\/\">Panigale 899<\/a><\/h2>\t\t\t\t<\/div>\n\t\t\t\t<\/div>\n\t\t\t\t<div class=\"elementor-element elementor-element-e7a794c elementor-widget elementor-widget-heading\" data-id=\"e7a794c\" data-element_type=\"widget\" data-e-type=\"widget\" data-widget_type=\"heading.default\">\n\t\t\t\t<div class=\"elementor-widget-container\">\n\t\t\t\t\t<h2 class=\"elementor-heading-title elementor-size-default\"><a href=\"https:\/\/www.m-stickers.com\/configurator\/configure\/50907\/\">Panigale 1199<\/a><\/h2>\t\t\t\t<\/div>\n\t\t\t\t<\/div>\n\t\t\t\t<div class=\"elementor-element elementor-element-37fead4 elementor-widget elementor-widget-heading\" data-id=\"37fead4\" data-element_type=\"widget\" data-e-type=\"widget\" data-widget_type=\"heading.default\">\n\t\t\t\t<div class=\"elementor-widget-container\">\n\t\t\t\t\t<h2 class=\"elementor-heading-title elementor-size-default\"><a href=\"https:\/\/www.m-stickers.com\/configurator\/configure\/8416\/\">Panigale V4<\/a><\/h2>\t\t\t\t<\/div>\n\t\t\t\t<\/div>\n\t\t\t\t\t<\/div>\n\t\t<\/div>\n\t\t\t\t<div class=\"elementor-column elementor-col-20 elementor-top-column elementor-element elementor-element-4f7f8c10\" data-id=\"4f7f8c10\" data-element_type=\"column\" data-e-type=\"column\">\n\t\t\t<div class=\"elementor-widget-wrap elementor-element-populated\">\n\t\t\t\t\t\t<div class=\"elementor-element elementor-element-f228ed8 elementor-widget elementor-widget-heading\" data-id=\"f228ed8\" data-element_type=\"widget\" data-e-type=\"widget\" data-widget_type=\"heading.default\">\n\t\t\t\t<div class=\"elementor-widget-container\">\n\t\t\t\t\t<h2 class=\"elementor-heading-title elementor-size-default\"><a href=\"https:\/\/www.m-stickers.com\/configurator\/configure\/59450\/\">Scrambler Ducati<\/a><\/h2>\t\t\t\t<\/div>\n\t\t\t\t<\/div>\n\t\t\t\t<div class=\"elementor-element elementor-element-7fc1457 elementor-widget elementor-widget-heading\" data-id=\"7fc1457\" data-element_type=\"widget\" data-e-type=\"widget\" data-widget_type=\"heading.default\">\n\t\t\t\t<div class=\"elementor-widget-container\">\n\t\t\t\t\t<h2 class=\"elementor-heading-title elementor-size-default\"><a href=\"https:\/\/www.m-stickers.com\/configurator\/configure\/9259\/\">Streetfighter 848<\/a><\/h2>\t\t\t\t<\/div>\n\t\t\t\t<\/div>\n\t\t\t\t<div class=\"elementor-element elementor-element-4e3050a elementor-widget elementor-widget-heading\" data-id=\"4e3050a\" data-element_type=\"widget\" data-e-type=\"widget\" data-widget_type=\"heading.default\">\n\t\t\t\t<div class=\"elementor-widget-container\">\n\t\t\t\t\t<h2 class=\"elementor-heading-title elementor-size-default\"><a href=\"https:\/\/www.m-stickers.com\/configurator\/configure\/9261\/\">Streetfighter v4<\/a><\/h2>\t\t\t\t<\/div>\n\t\t\t\t<\/div>\n\t\t\t\t<div class=\"elementor-element elementor-element-88ce16b elementor-widget elementor-widget-heading\" data-id=\"88ce16b\" data-element_type=\"widget\" data-e-type=\"widget\" data-widget_type=\"heading.default\">\n\t\t\t\t<div class=\"elementor-widget-container\">\n\t\t\t\t\t<h2 class=\"elementor-heading-title elementor-size-default\"><a href=\"https:\/\/www.m-stickers.com\/configurator\/configure\/30412\/\">Streetfighter V4S<\/a><\/h2>\t\t\t\t<\/div>\n\t\t\t\t<\/div>\n\t\t\t\t<div class=\"elementor-element elementor-element-a1fa4c2 elementor-widget elementor-widget-heading\" data-id=\"a1fa4c2\" data-element_type=\"widget\" data-e-type=\"widget\" data-widget_type=\"heading.default\">\n\t\t\t\t<div class=\"elementor-widget-container\">\n\t\t\t\t\t<h2 class=\"elementor-heading-title elementor-size-default\"><a href=\"https:\/\/www.m-stickers.com\/configurator\/configure\/38254\/\">Streetfighter V2<\/a><\/h2>\t\t\t\t<\/div>\n\t\t\t\t<\/div>\n\t\t\t\t<div class=\"elementor-element elementor-element-29ce31c elementor-widget elementor-widget-heading\" data-id=\"29ce31c\" data-element_type=\"widget\" data-e-type=\"widget\" data-widget_type=\"heading.default\">\n\t\t\t\t<div class=\"elementor-widget-container\">\n\t\t\t\t\t<h2 class=\"elementor-heading-title elementor-size-default\"><a href=\"https:\/\/www.m-stickers.com\/configurator\/configure\/35602\/\">Supersport 950 S<\/a><\/h2>\t\t\t\t<\/div>\n\t\t\t\t<\/div>\n\t\t\t\t<div class=\"elementor-element elementor-element-e570020 elementor-widget elementor-widget-heading\" data-id=\"e570020\" data-element_type=\"widget\" data-e-type=\"widget\" data-widget_type=\"heading.default\">\n\t\t\t\t<div class=\"elementor-widget-container\">\n\t\t\t\t\t<h2 class=\"elementor-heading-title elementor-size-default\"><a href=\"https:\/\/www.m-stickers.com\/configurator\/configure\/39540\/\">Superbike 1098 S<\/a><\/h2>\t\t\t\t<\/div>\n\t\t\t\t<\/div>\n\t\t\t\t\t<\/div>\n\t\t<\/div>\n\t\t\t\t\t<\/div>\n\t\t<\/section>\n\t\t\t\t<section class=\"elementor-section elementor-top-section elementor-element elementor-element-f1b983d elementor-section-boxed elementor-section-height-default elementor-section-height-default\" data-id=\"f1b983d\" data-element_type=\"section\" data-e-type=\"section\">\n\t\t\t\t\t\t<div class=\"elementor-container elementor-column-gap-default\">\n\t\t\t\t\t<div class=\"elementor-column elementor-col-100 elementor-top-column elementor-element elementor-element-0c3e397\" data-id=\"0c3e397\" data-element_type=\"column\" data-e-type=\"column\">\n\t\t\t<div class=\"elementor-widget-wrap elementor-element-populated\">\n\t\t\t\t\t\t<div class=\"elementor-element elementor-element-97da38d elementor-widget elementor-widget-heading\" data-id=\"97da38d\" data-element_type=\"widget\" data-e-type=\"widget\" data-widget_type=\"heading.default\">\n\t\t\t\t<div class=\"elementor-widget-container\">\n\t\t\t\t\t<h2 class=\"elementor-heading-title elementor-size-large\"><a href=\"https:\/\/www.m-stickers.com\/produit\/ta-moto-nest-pas-referencee\/\">Votre moto n\u2019est pas r\u00e9f\u00e9renc\u00e9e ?<\/a><\/h2>\t\t\t\t<\/div>\n\t\t\t\t<\/div>\n\t\t\t\t<div class=\"elementor-element elementor-element-9317201 elementor-button-danger elementor-align-center elementor-widget elementor-widget-button\" data-id=\"9317201\" data-element_type=\"widget\" data-e-type=\"widget\" data-widget_type=\"button.default\">\n\t\t\t\t<div class=\"elementor-widget-container\">\n\t\t\t\t\t\t\t\t\t<div class=\"elementor-button-wrapper\">\n\t\t\t\t\t<a class=\"elementor-button elementor-button-link elementor-size-sm\" href=\"https:\/\/www.m-stickers.com\/produit\/ta-moto-nest-pas-referencee\/\">\n\t\t\t\t\t\t<span class=\"elementor-button-content-wrapper\">\n\t\t\t\t\t\t\t\t\t<span class=\"elementor-button-text\">Cliquez ici !<\/span>\n\t\t\t\t\t<\/span>\n\t\t\t\t\t<\/a>\n\t\t\t\t<\/div>\n\t\t\t\t\t\t\t\t<\/div>\n\t\t\t\t<\/div>\n\t\t\t\t\t<\/div>\n\t\t<\/div>\n\t\t\t\t\t<\/div>\n\t\t<\/section>\n\t\t\t\t<section class=\"elementor-section elementor-top-section elementor-element elementor-element-4f05d05 elementor-section-boxed elementor-section-height-default elementor-section-height-default\" data-id=\"4f05d05\" data-element_type=\"section\" data-e-type=\"section\">\n\t\t\t\t\t\t<div class=\"elementor-container elementor-column-gap-default\">\n\t\t\t\t\t<div class=\"elementor-column elementor-col-100 elementor-top-column elementor-element elementor-element-3bb5ca1\" data-id=\"3bb5ca1\" data-element_type=\"column\" data-e-type=\"column\">\n\t\t\t<div class=\"elementor-widget-wrap elementor-element-populated\">\n\t\t\t\t\t\t<div class=\"elementor-element elementor-element-b63cef4 elementor-widget-divider--view-line elementor-widget elementor-widget-divider\" data-id=\"b63cef4\" data-element_type=\"widget\" data-e-type=\"widget\" data-widget_type=\"divider.default\">\n\t\t\t\t<div class=\"elementor-widget-container\">\n\t\t\t\t\t\t\t<div class=\"elementor-divider\">\n\t\t\t<span class=\"elementor-divider-separator\">\n\t\t\t\t\t\t<\/span>\n\t\t<\/div>\n\t\t\t\t\t\t<\/div>\n\t\t\t\t<\/div>\n\t\t\t\t<div class=\"elementor-element elementor-element-92d64d9 elementor-widget elementor-widget-text-editor\" data-id=\"92d64d9\" data-element_type=\"widget\" data-e-type=\"widget\" data-widget_type=\"text-editor.default\">\n\t\t\t\t<div class=\"elementor-widget-container\">\n\t\t\t\t\t\t\t\t\t<h1>Customisez votre b\u00e9cane avec des stickers jantes moto Ducati<\/h1><p>Customisez rapidement et au meilleur prix votre b\u00e9cane avec des <strong>stickers jantes moto Ducati<\/strong>\u00a0de qualit\u00e9.<\/p><p>Con\u00e7us par des <strong>motards passionn\u00e9s<\/strong>, nos stickers sont l&rsquo;id\u00e9al pour personnaliser votre Ducati avec des <strong>autocollants de qualit\u00e9.<\/strong><\/p><p>Rendez votre moto <strong>unique<\/strong> avec nos stickers jantes moto Ducati <strong>100% personnalisables<\/strong>.<\/p><p>Vous pouvez choisir notre <a href=\"https:\/\/www.m-stickers.com\/categorie-produit\/kits-stickers-jantes-moto-complet\/kit-deco-jantes-ducati\/\">kit<\/a> pr\u00e9-configur\u00e9 pour le mod\u00e8le de votre b\u00e9cane dans lequel vous pouvez changer la couleur<br \/>Pour une <strong>personnalisation<\/strong> plus pouss\u00e9e, c&rsquo;est sur notre <a href=\"https:\/\/www.m-stickers.com\/categorie-configurator-ducati-2\/\">configurateur que \u00e7a se passe.<\/a><br \/>Une cr\u00e9ation de A \u00e0 Z avec une multitude de choix !<\/p><p>Personnalisez les \u00e9l\u00e9ments de votre kit un \u00e0 un :<\/p><ul><li>Liserets,<\/li><li>Stickers de marque,<\/li><li>Logo Ducati,<\/li><li>Int\u00e9rieur de jante,<\/li><li>Coloris,<\/li><li>Effet.<\/li><\/ul><p>Vous aurez le choix entre plusieurs designs de stickers, pour coller \u00e0 votre style et vous permettre de cr\u00e9er votre esth\u00e9tique personnelle : <em>Sportif, classique, discret, flashy&#8230;<\/em><\/p><p>Les couleurs correspondent \u00e0 la charte graphique <strong>Ducati<\/strong>, mais vous pouvez aussi demander une <strong>nuance sp\u00e9ciale<\/strong> en envoyant votre code couleur lors de votre commande : #&#8230;<br \/>Le configurateur permet aussi de changer le contenu texte et le remplacer par ce que vous voulez.<\/p><p>Si vous voulez un gros contraste de couleur ou quelque chose de plus voyant, vous pouvez <strong>recouvrir<\/strong> vos jantes avec nos stickers d&rsquo;int\u00e9rieur de jante : Camo, electro, race etc.<\/p><p>Et finalement, donnez un style de folie \u00e0 votre b\u00e9cane en ajoutant un <a href=\"https:\/\/www.m-stickers.com\/nos-effets-de-stickers\">effet<\/a> de finition \u00e0 vos stickers.<br \/>L&rsquo;effet de base est brillant mais vous pouvez choisir l&rsquo;effet<em> holographique, photoluminescent, r\u00e9fl\u00e9chissant, fluor\u00e9scent, mat.<\/em><\/p><p>Retrouvez nos <a href=\"https:\/\/www.m-stickers.com\/2022\/02\/14\/stickers-jantes-moto-ducati\/\">astuces personnalisation <\/a>pour vous inspirer.<\/p><h2>Les stickers de jantes moto pour votre Ducati<\/h2><p>Chez M-Stickers, <strong>pas de limites<\/strong> \u00e0 la personnalisation.<br \/>Peu importe l&rsquo;utilisation de votre moto et sa gamme, vous trouverez <strong><span style=\"color: #000000;\">LE<\/span><\/strong> kit de stickers pour la sublimer.<\/p><p>Retrouvez les stickers jantes moto Ducati pour les mod\u00e8les : <span style=\"color: #ff0000;\">Multistrata V4, Monster 797, Monster 950, Panigale 899, Panigale V4, Streetfighter v4, Streetfighter v4S, Streetfighter 848, Hypermotard 821, Supersport 950S et Diavel 1260 S.<\/span><\/p><p>Et si votre mod\u00e8le n&rsquo;est pas r\u00e9f\u00e9renc\u00e9 et que vous voulez un kit de stickers pour vos jantes, <a href=\"https:\/\/www.m-stickers.com\/contact\/\">vous pouvez nous contacter ici<\/a> pour un kit sur-mesure !<br \/>Vous pouvez aussi nous envoyer vos inspirations pour un kit de stickers de jantes unique.<\/p><h2>Stickers durables et de haute qualit\u00e9 100% fran\u00e7ais<\/h2><p>Parce qu&rsquo;en tant que motards, nous savons que les motos subissent des contraintes physiques, nos stickers jantes moto Ducati sont con\u00e7us avec les <strong>meilleurs mat\u00e9riaux<\/strong> :<\/p><ul><li><strong>vinyle de haute qualit\u00e9<\/strong> pour une tenue durable,<\/li><li><strong>colle monom\u00e8re 100\u03bc permanente<\/strong> pour une tenue optimale,<\/li><li>vernis <strong>r\u00e9sistant aux UV et aux intemp\u00e9ries<\/strong> pour rouler partout et par tous les temps !<\/li><\/ul><p>Notre \u00e9quipe cr\u00e9\u00e9e avec passion vos <strong>stickers jantes moto Ducati<\/strong> sur Lyon et vous \u00e9viter d&rsquo;attendre 1 mois la livraison de votre kit !<br \/>Cr\u00e9er par des motards, pour les motards, les stickers M-Stickers sont durables et sauront sublimer votre Ducat&rsquo;.<\/p><p>Vous pouvez aussi <a href=\"https:\/\/www.m-stickers.com\/contact\/\">nous contacter<\/a> pour tous vos projets de cr\u00e9ation et de personnalisation.<br \/>Cr\u00e9ons ensemble les kits de stickers pour personnaliser votre <strong>Ducati<\/strong>.<\/p><p>Retrouvez tous nos conseils pour la pose de vos stickers dans nos <a href=\"https:\/\/www.m-stickers.com\/tuto-comment-poser-ses-stickers-de-jantes-moto\/\">guides de pose<\/a> !<\/p>\t\t\t\t\t\t\t\t<\/div>\n\t\t\t\t<\/div>\n\t\t\t\t<div class=\"elementor-element elementor-element-efcd113 elementor-widget elementor-widget-html\" data-id=\"efcd113\" data-element_type=\"widget\" data-e-type=\"widget\" data-widget_type=\"html.default\">\n\t\t\t\t<div class=\"elementor-widget-container\">\n\t\t\t\t\t<!-- Google Tag Manager -->\r\n<script>(function(w,d,s,l,i){w[l]=w[l]||[];w[l].push({'gtm.start':\r\nnew Date().getTime(),event:'gtm.js'});var f=d.getElementsByTagName(s)[0],\r\nj=d.createElement(s),dl=l!='dataLayer'?'&l='+l:'';j.async=true;j.src=\r\n'https:\/\/www.googletagmanager.com\/gtm.js?id='+i+dl;f.parentNode.insertBefore(j,f);\r\n})(window,document,'script','dataLayer','GTM-5WBV2JH');<\/script>\r\n<!-- End Google Tag Manager -->\r\n<head>\r\n\r\n<!-- Global site tag (gtag.js) - Google Ads: 966835575 --> <script async src=\"https:\/\/www.googletagmanager.com\/gtag\/js?id=AW-966835575\"><\/script> <script> window.dataLayer = window.dataLayer || []; function gtag(){dataLayer.push(arguments);} gtag('js', new Date()); gtag('config', 'AW-966835575'); <\/script>\r\n\r\n<\/head>\r\n<!-- Google Tag Manager (noscript) -->\r\n<noscript><iframe src=\"https:\/\/www.googletagmanager.com\/ns.html?id=GTM-5WBV2JH\"\r\nheight=\"0\" width=\"0\" style=\"display:none;visibility:hidden\"><\/iframe><\/noscript>\r\n<!-- End Google Tag Manager (noscript) -->\t\t\t\t<\/div>\n\t\t\t\t<\/div>\n\t\t\t\t\t<\/div>\n\t\t<\/div>\n\t\t\t\t\t<\/div>\n\t\t<\/section>\n\t\t\t\t<\/div>\n\t\t","protected":false},"excerpt":{"rendered":"<p>Configurateur Personnalisez vos stickers de jantes Ducati Diavel 1260 S Hypermotard 821 Monster 797 Monster 950 Monster 1100 S Multistrada V4 S Panigale 899 Panigale 1199 Panigale V4 Scrambler Ducati Streetfighter 848 Streetfighter v4 Streetfighter V4S Streetfighter V2 Supersport 950 S Superbike 1098 S Votre moto n\u2019est pas r\u00e9f\u00e9renc\u00e9e ? Cliquez ici ! Customisez votre [&hellip;]<\/p>\n","protected":false},"author":1,"featured_media":0,"parent":0,"menu_order":0,"comment_status":"closed","ping_status":"closed","template":"","meta":{"footnotes":""},"class_list":["post-7148","page","type-page","status-publish","hentry","entry","owp-thumbs-layout-horizontal","owp-btn-big","owp-tabs-layout-horizontal","has-no-thumbnails"],"_links":{"self":[{"href":"https:\/\/www.m-stickers.com\/nl\/wp-json\/wp\/v2\/pages\/7148","targetHints":{"allow":["GET"]}}],"collection":[{"href":"https:\/\/www.m-stickers.com\/nl\/wp-json\/wp\/v2\/pages"}],"about":[{"href":"https:\/\/www.m-stickers.com\/nl\/wp-json\/wp\/v2\/types\/page"}],"author":[{"embeddable":true,"href":"https:\/\/www.m-stickers.com\/nl\/wp-json\/wp\/v2\/users\/1"}],"replies":[{"embeddable":true,"href":"https:\/\/www.m-stickers.com\/nl\/wp-json\/wp\/v2\/comments?post=7148"}],"version-history":[{"count":20,"href":"https:\/\/www.m-stickers.com\/nl\/wp-json\/wp\/v2\/pages\/7148\/revisions"}],"predecessor-version":[{"id":59453,"href":"https:\/\/www.m-stickers.com\/nl\/wp-json\/wp\/v2\/pages\/7148\/revisions\/59453"}],"wp:attachment":[{"href":"https:\/\/www.m-stickers.com\/nl\/wp-json\/wp\/v2\/media?parent=7148"}],"curies":[{"name":"motorfiets","href":"https:\/\/api.w.org\/{rel}","templated":true}]}}