{"id":7288,"date":"2021-02-04T11:39:21","date_gmt":"2021-02-04T10:39:21","guid":{"rendered":"https:\/\/www.m-stickers.com\/?page_id=7288"},"modified":"2024-08-29T11:09:35","modified_gmt":"2024-08-29T09:09:35","slug":"bmw-categorie-configurator","status":"publish","type":"page","link":"https:\/\/www.m-stickers.com\/nl\/categorie-configurator-bmw\/","title":{"rendered":"BMW Configurator categorie"},"content":{"rendered":"\t\t<div data-elementor-type=\"wp-page\" data-elementor-id=\"7288\" class=\"elementor elementor-7288\" data-elementor-post-type=\"page\">\n\t\t\t\t\t\t<section class=\"elementor-section elementor-top-section elementor-element elementor-element-3fc2e052 elementor-section-boxed elementor-section-height-default elementor-section-height-default\" data-id=\"3fc2e052\" data-element_type=\"section\" data-e-type=\"section\">\n\t\t\t\t\t\t<div class=\"elementor-container elementor-column-gap-default\">\n\t\t\t\t\t<div class=\"elementor-column elementor-col-20 elementor-top-column elementor-element elementor-element-61e08391\" data-id=\"61e08391\" data-element_type=\"column\" data-e-type=\"column\">\n\t\t\t<div class=\"elementor-widget-wrap elementor-element-populated\">\n\t\t\t\t\t\t<div class=\"elementor-element elementor-element-447539a8 elementor-widget elementor-widget-heading\" data-id=\"447539a8\" data-element_type=\"widget\" data-e-type=\"widget\" data-widget_type=\"heading.default\">\n\t\t\t\t<div class=\"elementor-widget-container\">\n\t\t\t\t\t<h1 class=\"elementor-heading-title elementor-size-default\">Configurateur<\/h1>\t\t\t\t<\/div>\n\t\t\t\t<\/div>\n\t\t\t\t<div class=\"elementor-element elementor-element-edd1d61 elementor-widget elementor-widget-image\" data-id=\"edd1d61\" data-element_type=\"widget\" data-e-type=\"widget\" data-widget_type=\"image.default\">\n\t\t\t\t<div class=\"elementor-widget-container\">\n\t\t\t\t\t\t\t\t\t\t\t\t\t\t\t<img fetchpriority=\"high\" decoding=\"async\" width=\"600\" height=\"400\" src=\"https:\/\/www.m-stickers.com\/wp-content\/uploads\/2021\/02\/miniature-BMW.png\" class=\"attachment-large size-large wp-image-7287\" alt=\"logo BMW\" srcset=\"https:\/\/www.m-stickers.com\/wp-content\/uploads\/2021\/02\/miniature-BMW.png 600w, https:\/\/www.m-stickers.com\/wp-content\/uploads\/2021\/02\/miniature-BMW-300x200.png 300w\" sizes=\"(max-width: 600px) 100vw, 600px\" \/>\t\t\t\t\t\t\t\t\t\t\t\t\t\t\t<\/div>\n\t\t\t\t<\/div>\n\t\t\t\t<div class=\"elementor-element elementor-element-6736beb1 elementor-widget elementor-widget-heading\" data-id=\"6736beb1\" data-element_type=\"widget\" data-e-type=\"widget\" data-widget_type=\"heading.default\">\n\t\t\t\t<div class=\"elementor-widget-container\">\n\t\t\t\t\t<h1 class=\"elementor-heading-title elementor-size-default\">Personnalisez vos stickers de jantes BMW<\/h1>\t\t\t\t<\/div>\n\t\t\t\t<\/div>\n\t\t\t\t\t<\/div>\n\t\t<\/div>\n\t\t\t\t<div class=\"elementor-column elementor-col-20 elementor-top-column elementor-element elementor-element-4d4f3351\" data-id=\"4d4f3351\" data-element_type=\"column\" data-e-type=\"column\">\n\t\t\t<div class=\"elementor-widget-wrap\">\n\t\t\t\t\t\t\t<\/div>\n\t\t<\/div>\n\t\t\t\t<div class=\"elementor-column elementor-col-20 elementor-top-column elementor-element elementor-element-bea3fc9\" data-id=\"bea3fc9\" data-element_type=\"column\" data-e-type=\"column\" data-settings=\"{&quot;background_background&quot;:&quot;gradient&quot;}\">\n\t\t\t<div class=\"elementor-widget-wrap\">\n\t\t\t\t\t\t\t<\/div>\n\t\t<\/div>\n\t\t\t\t<div class=\"elementor-column elementor-col-20 elementor-top-column elementor-element elementor-element-133adb6f\" data-id=\"133adb6f\" data-element_type=\"column\" data-e-type=\"column\">\n\t\t\t<div class=\"elementor-widget-wrap elementor-element-populated\">\n\t\t\t\t\t\t<div class=\"elementor-element elementor-element-4cd9518 elementor-widget elementor-widget-heading\" data-id=\"4cd9518\" data-element_type=\"widget\" data-e-type=\"widget\" data-widget_type=\"heading.default\">\n\t\t\t\t<div class=\"elementor-widget-container\">\n\t\t\t\t\t<h2 class=\"elementor-heading-title elementor-size-default\"><a href=\"https:\/\/www.m-stickers.com\/configurator\/configure\/24708\/\">C400GT<\/a><\/h2>\t\t\t\t<\/div>\n\t\t\t\t<\/div>\n\t\t\t\t<div class=\"elementor-element elementor-element-c4b763e elementor-widget elementor-widget-heading\" data-id=\"c4b763e\" data-element_type=\"widget\" data-e-type=\"widget\" data-widget_type=\"heading.default\">\n\t\t\t\t<div class=\"elementor-widget-container\">\n\t\t\t\t\t<h2 class=\"elementor-heading-title elementor-size-default\"><a href=\"https:\/\/www.m-stickers.com\/configurator\/configure\/38091\/\">CE-04<\/a><\/h2>\t\t\t\t<\/div>\n\t\t\t\t<\/div>\n\t\t\t\t<div class=\"elementor-element elementor-element-e11291a elementor-widget elementor-widget-heading\" data-id=\"e11291a\" data-element_type=\"widget\" data-e-type=\"widget\" data-widget_type=\"heading.default\">\n\t\t\t\t<div class=\"elementor-widget-container\">\n\t\t\t\t\t<h2 class=\"elementor-heading-title elementor-size-default\"><a href=\"https:\/\/www.m-stickers.com\/configurator\/configure\/32183\/\">F800R<\/a><\/h2>\t\t\t\t<\/div>\n\t\t\t\t<\/div>\n\t\t\t\t<div class=\"elementor-element elementor-element-710e291 elementor-widget elementor-widget-heading\" data-id=\"710e291\" data-element_type=\"widget\" data-e-type=\"widget\" data-widget_type=\"heading.default\">\n\t\t\t\t<div class=\"elementor-widget-container\">\n\t\t\t\t\t<h2 class=\"elementor-heading-title elementor-size-default\"><a href=\"https:\/\/www.m-stickers.com\/configurator\/configure\/8769\/\">F900R<\/a><\/h2>\t\t\t\t<\/div>\n\t\t\t\t<\/div>\n\t\t\t\t<div class=\"elementor-element elementor-element-a4fbb14 elementor-widget elementor-widget-heading\" data-id=\"a4fbb14\" data-element_type=\"widget\" data-e-type=\"widget\" data-widget_type=\"heading.default\">\n\t\t\t\t<div class=\"elementor-widget-container\">\n\t\t\t\t\t<h2 class=\"elementor-heading-title elementor-size-default\"><a href=\"https:\/\/www.m-stickers.com\/configurator\/configure\/32081\/\">F900 XR<\/a><\/h2>\t\t\t\t<\/div>\n\t\t\t\t<\/div>\n\t\t\t\t<div class=\"elementor-element elementor-element-2dc6ae0 elementor-widget elementor-widget-heading\" data-id=\"2dc6ae0\" data-element_type=\"widget\" data-e-type=\"widget\" data-widget_type=\"heading.default\">\n\t\t\t\t<div class=\"elementor-widget-container\">\n\t\t\t\t\t<h2 class=\"elementor-heading-title elementor-size-default\"><a href=\"https:\/\/www.m-stickers.com\/configurator\/configure\/25283\/\">G310R<\/a><\/h2>\t\t\t\t<\/div>\n\t\t\t\t<\/div>\n\t\t\t\t<div class=\"elementor-element elementor-element-013148d elementor-widget elementor-widget-heading\" data-id=\"013148d\" data-element_type=\"widget\" data-e-type=\"widget\" data-widget_type=\"heading.default\">\n\t\t\t\t<div class=\"elementor-widget-container\">\n\t\t\t\t\t<h2 class=\"elementor-heading-title elementor-size-default\"><a href=\"https:\/\/www.m-stickers.com\/configurator\/configure\/37694\/\">K1200R<\/a><\/h2>\t\t\t\t<\/div>\n\t\t\t\t<\/div>\n\t\t\t\t<div class=\"elementor-element elementor-element-bb54e84 elementor-widget elementor-widget-heading\" data-id=\"bb54e84\" data-element_type=\"widget\" data-e-type=\"widget\" data-widget_type=\"heading.default\">\n\t\t\t\t<div class=\"elementor-widget-container\">\n\t\t\t\t\t<h2 class=\"elementor-heading-title elementor-size-default\"><a href=\"https:\/\/www.m-stickers.com\/configurator\/configure\/39383\/\">K1200GT<\/a><\/h2>\t\t\t\t<\/div>\n\t\t\t\t<\/div>\n\t\t\t\t<div class=\"elementor-element elementor-element-401a685 elementor-widget elementor-widget-heading\" data-id=\"401a685\" data-element_type=\"widget\" data-e-type=\"widget\" data-widget_type=\"heading.default\">\n\t\t\t\t<div class=\"elementor-widget-container\">\n\t\t\t\t\t<h2 class=\"elementor-heading-title elementor-size-default\"><a href=\"https:\/\/www.m-stickers.com\/configurator\/configure\/35747\/\">K1600 GT<\/a><\/h2>\t\t\t\t<\/div>\n\t\t\t\t<\/div>\n\t\t\t\t\t<\/div>\n\t\t<\/div>\n\t\t\t\t<div class=\"elementor-column elementor-col-20 elementor-top-column elementor-element elementor-element-074ad4f\" data-id=\"074ad4f\" data-element_type=\"column\" data-e-type=\"column\">\n\t\t\t<div class=\"elementor-widget-wrap elementor-element-populated\">\n\t\t\t\t\t\t<div class=\"elementor-element elementor-element-139a48a elementor-widget elementor-widget-heading\" data-id=\"139a48a\" data-element_type=\"widget\" data-e-type=\"widget\" data-widget_type=\"heading.default\">\n\t\t\t\t<div class=\"elementor-widget-container\">\n\t\t\t\t\t<h2 class=\"elementor-heading-title elementor-size-default\"><a href=\"https:\/\/www.m-stickers.com\/configurator\/configure\/19323\/\">NineT<\/a><\/h2>\t\t\t\t<\/div>\n\t\t\t\t<\/div>\n\t\t\t\t<div class=\"elementor-element elementor-element-39f9300 elementor-widget elementor-widget-heading\" data-id=\"39f9300\" data-element_type=\"widget\" data-e-type=\"widget\" data-widget_type=\"heading.default\">\n\t\t\t\t<div class=\"elementor-widget-container\">\n\t\t\t\t\t<h2 class=\"elementor-heading-title elementor-size-default\"><a href=\"https:\/\/www.m-stickers.com\/configurator\/configure\/25004\/\">R 1200 GS Adventure<\/a><\/h2>\t\t\t\t<\/div>\n\t\t\t\t<\/div>\n\t\t\t\t<div class=\"elementor-element elementor-element-b103833 elementor-widget elementor-widget-heading\" data-id=\"b103833\" data-element_type=\"widget\" data-e-type=\"widget\" data-widget_type=\"heading.default\">\n\t\t\t\t<div class=\"elementor-widget-container\">\n\t\t\t\t\t<h2 class=\"elementor-heading-title elementor-size-default\"><a href=\"https:\/\/www.m-stickers.com\/configurator\/configure\/31995\/\">R 1250 RS<\/a><\/h2>\t\t\t\t<\/div>\n\t\t\t\t<\/div>\n\t\t\t\t<div class=\"elementor-element elementor-element-0579551 elementor-widget elementor-widget-heading\" data-id=\"0579551\" data-element_type=\"widget\" data-e-type=\"widget\" data-widget_type=\"heading.default\">\n\t\t\t\t<div class=\"elementor-widget-container\">\n\t\t\t\t\t<h2 class=\"elementor-heading-title elementor-size-default\"><a href=\"https:\/\/www.m-stickers.com\/configurator\/configure\/46802\/\">R 1250 GS<\/a><\/h2>\t\t\t\t<\/div>\n\t\t\t\t<\/div>\n\t\t\t\t<div class=\"elementor-element elementor-element-be0e6e1 elementor-widget elementor-widget-heading\" data-id=\"be0e6e1\" data-element_type=\"widget\" data-e-type=\"widget\" data-widget_type=\"heading.default\">\n\t\t\t\t<div class=\"elementor-widget-container\">\n\t\t\t\t\t<h2 class=\"elementor-heading-title elementor-size-default\"><a href=\"https:\/\/www.m-stickers.com\/configurator\/configure\/7286\/\">S1000R<\/a><\/h2>\t\t\t\t<\/div>\n\t\t\t\t<\/div>\n\t\t\t\t<div class=\"elementor-element elementor-element-53744dd elementor-widget elementor-widget-heading\" data-id=\"53744dd\" data-element_type=\"widget\" data-e-type=\"widget\" data-widget_type=\"heading.default\">\n\t\t\t\t<div class=\"elementor-widget-container\">\n\t\t\t\t\t<h2 class=\"elementor-heading-title elementor-size-default\"><a href=\"https:\/\/www.m-stickers.com\/configurator\/configure\/7344\/\">S1000RR<\/a><\/h2>\t\t\t\t<\/div>\n\t\t\t\t<\/div>\n\t\t\t\t<div class=\"elementor-element elementor-element-82874ed elementor-widget elementor-widget-heading\" data-id=\"82874ed\" data-element_type=\"widget\" data-e-type=\"widget\" data-widget_type=\"heading.default\">\n\t\t\t\t<div class=\"elementor-widget-container\">\n\t\t\t\t\t<h2 class=\"elementor-heading-title elementor-size-default\"><a href=\"https:\/\/www.m-stickers.com\/configurator\/configure\/31839\/\">S1000XR<\/a><\/h2>\t\t\t\t<\/div>\n\t\t\t\t<\/div>\n\t\t\t\t<div class=\"elementor-element elementor-element-76eec74 elementor-widget elementor-widget-heading\" data-id=\"76eec74\" data-element_type=\"widget\" data-e-type=\"widget\" data-widget_type=\"heading.default\">\n\t\t\t\t<div class=\"elementor-widget-container\">\n\t\t\t\t\t<h2 class=\"elementor-heading-title elementor-size-default\"><a href=\"https:\/\/www.m-stickers.com\/configurator\/configure\/45701\/\">M1000R<\/a><\/h2>\t\t\t\t<\/div>\n\t\t\t\t<\/div>\n\t\t\t\t\t<\/div>\n\t\t<\/div>\n\t\t\t\t\t<\/div>\n\t\t<\/section>\n\t\t\t\t<section class=\"elementor-section elementor-top-section elementor-element elementor-element-f1b983d elementor-section-boxed elementor-section-height-default elementor-section-height-default\" data-id=\"f1b983d\" data-element_type=\"section\" data-e-type=\"section\">\n\t\t\t\t\t\t<div class=\"elementor-container elementor-column-gap-default\">\n\t\t\t\t\t<div class=\"elementor-column elementor-col-100 elementor-top-column elementor-element elementor-element-0c3e397\" data-id=\"0c3e397\" data-element_type=\"column\" data-e-type=\"column\">\n\t\t\t<div class=\"elementor-widget-wrap elementor-element-populated\">\n\t\t\t\t\t\t<div class=\"elementor-element elementor-element-97da38d elementor-widget elementor-widget-heading\" data-id=\"97da38d\" data-element_type=\"widget\" data-e-type=\"widget\" data-widget_type=\"heading.default\">\n\t\t\t\t<div class=\"elementor-widget-container\">\n\t\t\t\t\t<h2 class=\"elementor-heading-title elementor-size-large\"><a href=\"https:\/\/www.m-stickers.com\/produit\/ta-moto-nest-pas-referencee\/\">Votre moto n\u2019est pas r\u00e9f\u00e9renc\u00e9e ?<\/a><\/h2>\t\t\t\t<\/div>\n\t\t\t\t<\/div>\n\t\t\t\t<div class=\"elementor-element elementor-element-9317201 elementor-button-danger elementor-align-center elementor-widget elementor-widget-button\" data-id=\"9317201\" data-element_type=\"widget\" data-e-type=\"widget\" data-widget_type=\"button.default\">\n\t\t\t\t<div class=\"elementor-widget-container\">\n\t\t\t\t\t\t\t\t\t<div class=\"elementor-button-wrapper\">\n\t\t\t\t\t<a class=\"elementor-button elementor-button-link elementor-size-sm\" href=\"https:\/\/www.m-stickers.com\/produit\/ta-moto-nest-pas-referencee\/\">\n\t\t\t\t\t\t<span class=\"elementor-button-content-wrapper\">\n\t\t\t\t\t\t\t\t\t<span class=\"elementor-button-text\">Cliquez ici !<\/span>\n\t\t\t\t\t<\/span>\n\t\t\t\t\t<\/a>\n\t\t\t\t<\/div>\n\t\t\t\t\t\t\t\t<\/div>\n\t\t\t\t<\/div>\n\t\t\t\t\t<\/div>\n\t\t<\/div>\n\t\t\t\t\t<\/div>\n\t\t<\/section>\n\t\t\t\t<section class=\"elementor-section elementor-top-section elementor-element elementor-element-4f05d05 elementor-section-boxed elementor-section-height-default elementor-section-height-default\" data-id=\"4f05d05\" data-element_type=\"section\" data-e-type=\"section\">\n\t\t\t\t\t\t<div class=\"elementor-container elementor-column-gap-default\">\n\t\t\t\t\t<div class=\"elementor-column elementor-col-100 elementor-top-column elementor-element elementor-element-3bb5ca1\" data-id=\"3bb5ca1\" data-element_type=\"column\" data-e-type=\"column\">\n\t\t\t<div class=\"elementor-widget-wrap elementor-element-populated\">\n\t\t\t\t\t\t<div class=\"elementor-element elementor-element-b345588 elementor-widget-divider--view-line elementor-widget elementor-widget-divider\" data-id=\"b345588\" data-element_type=\"widget\" data-e-type=\"widget\" data-widget_type=\"divider.default\">\n\t\t\t\t<div class=\"elementor-widget-container\">\n\t\t\t\t\t\t\t<div class=\"elementor-divider\">\n\t\t\t<span class=\"elementor-divider-separator\">\n\t\t\t\t\t\t<\/span>\n\t\t<\/div>\n\t\t\t\t\t\t<\/div>\n\t\t\t\t<\/div>\n\t\t\t\t<div class=\"elementor-element elementor-element-f11cca0 elementor-widget elementor-widget-text-editor\" data-id=\"f11cca0\" data-element_type=\"widget\" data-e-type=\"widget\" data-widget_type=\"text-editor.default\">\n\t\t\t\t<div class=\"elementor-widget-container\">\n\t\t\t\t\t\t\t\t\t<h1>Personnalisez votre b\u00e9cane avec des stickers jantes moto BMW<\/h1><p>Personnalisez rapidement et au meilleur prix votre b\u00e9cane avec des <strong>stickers jantes moto BMW<\/strong> de top qualit\u00e9.<br \/>Vous trouverez des stickers de jantes moto 17 pouces, mais aussi des <a href=\"https:\/\/www.m-stickers.com\/categorie-produit\/liserets-jantes-moto\/\">liserets<\/a> ou des kits complets pour cr\u00e9er l&rsquo;identit\u00e9 de votre b\u00e9cane et la rendre unique.<\/p><p>Les petits d\u00e9tails font la diff\u00e9rence, pas besoin de tout changer pour se d\u00e9marquer. Les stickers de jantes transforment votre moto et m\u00eame pas besoin de d\u00e9monter les jantes.<\/p><p>Nos stickers sont 100% personnalisables, cr\u00e9\u00e9 le kit qui vous correspond.<br \/>Vous pouvez choisir notre kit pr\u00e9-configur\u00e9 dans lequel vous pouvez changer la couleur ou choisir de pousser plus loin la personnalisation et vous lancer dans notre <a href=\"https:\/\/www.m-stickers.com\/categorie-configurator-bmw\/\">configurateur<\/a>, pour une <strong>cr\u00e9ation de A \u00e0 Z<\/strong>.<\/p><p>Choisissez :<\/p><ul><li>Liserets,<\/li><li>Stickers de marque,<\/li><li>Logo de marque,<\/li><li>Int\u00e9rieur de jante,<\/li><li>Coloris,<\/li><li>Effet.<\/li><\/ul><p>Vous aurez le <strong>choix<\/strong> entre plusieurs styles de stickers, pour coller \u00e0 votre style et vous permettre de cr\u00e9er votre esth\u00e9tique personnelle.<br \/>Vous pouvez choisir une couleur de base ou demander une <strong>nuance sp\u00e9ciale<\/strong> en envoyant votre code couleur lors de votre commande : #&#8230;<br \/>Le configurateur permet aussi de changer le contenu texte et le remplacer par un nom de team, un num\u00e9ro ou ce que vous voulez.<\/p><p>Pour un styl\u00e9 plus pouss\u00e9, vous pouvez choisir d&rsquo;ajouter un <strong>sticker d&rsquo;int\u00e9rieur de jante<\/strong> : racing, camo, electro&#8230;le choix vous appartient !<\/p><p>Et finalement, donnez un style de folie \u00e0 votre b\u00e9cane en ajoutant un <a href=\"https:\/\/www.m-stickers.com\/nos-effets-de-stickers\">effet<\/a> de finition \u00e0 vos stickers de jantes.<br \/>L&rsquo;effet de base est brillant mais vous pouvez choisir l&rsquo;effet holographique, <em>photoluminescent, r\u00e9fl\u00e9chissant, fluor\u00e9scent, mat.<\/em><br \/>Plus de visibilit\u00e9 et plus de style.<\/p><p>Retrouvez nos <a href=\"https:\/\/www.m-stickers.com\/2022\/02\/28\/stickers-jantes-moto-bmw\/\">conseils de personnalisation<\/a> pour<strong> moto BMW<\/strong>, mais aussi d&rsquo;autres informations sur notre blog !<\/p><h2>Les stickers de jantes moto pour votre BMW<\/h2><p>Chez M-Stickers, nous proposons des stickers jantes moto pour toutes les b\u00e9canes, la gamme de A \u00e0 Z pour une<strong> personnalisation illimit\u00e9e.\u00a0<\/strong><br \/>Qu&rsquo;elle soit urbaine, sportive, trail ou quotidienne, vous trouverez <strong>LE<\/strong> kit de stickers pour sublimer votre b\u00e9cane.<\/p><p>Nous proposons des kits en accord avec les gammes BMW pour un effet original et haut de gamme.<\/p><p>Retrouvez les<strong> stickers jantes moto BMW<\/strong> pour les mod\u00e8les : <span style=\"color: #ff0000;\">HP2 \/ HP4 \/ S1000R \/ S1000RR \/ S1000XR \/ G450 \/ G650 \/ F650 \/ F7500 \/ F800 \/ K1200 \/ K1600 \/ K75 \/ K100 \/ R1200gs \/ R1200<\/span><\/p><p>Et si votre mod\u00e8le n&rsquo;est pas encore r\u00e9f\u00e9renc\u00e9, vous pouvez <a href=\"https:\/\/www.m-stickers.com\/contact\/\">nous contacter<\/a> ici pour un kit sur-mesure !<br \/>Vous pouvez aussi nous envoyer vos inspirations ou des id\u00e9es pour un kit de stickers de jantes unique.<\/p><h2>Des stickers durables et de haute qualit\u00e9 100% fran\u00e7ais !<\/h2><p>Parce qu&rsquo;en tant que motards, nous savons que les motos subissent des <strong>contraintes<\/strong> physiques, nos<strong> stickers jantes moto BMW<\/strong> sont con\u00e7us avec les meilleurs mat\u00e9riaux pour \u00eatre \u00e0 la hauteur de la marque :<\/p><ul><li><strong>vinyle de haute qualit\u00e9<\/strong> pour une tenue durable,<\/li><li><strong>colle monom\u00e8re 100\u03bc permanente<\/strong> pour une tenue optimale,<\/li><li>vernis <strong>r\u00e9sistant aux UV et aux intemp\u00e9ries<\/strong> pour rouler partout et par tous les temps !<\/li><\/ul><p>Notre \u00e9quipe cr\u00e9\u00e9e avec passion vos <strong>stickers jantes moto BMW<\/strong> en France.<br \/>Cr\u00e9er par des motards, pour les motards, les autocollants M-Stickers de haute qualit\u00e9 au meilleur prix.<\/p><p>Vous pouvez aussi <a href=\"https:\/\/www.m-stickers.com\/contact\/\">nous contacter<\/a> pour tous vos projets de cr\u00e9ation et de personnalisation.<br \/>Cr\u00e9ons ensemble les kits de stickers pour personnaliser votre <strong>BMW<\/strong>, des jantes jusqu&rsquo;\u00e0 votre <a href=\"https:\/\/www.m-stickers.com\/categorie-produit\/stickers-casque-moto\/\">casque<\/a> en passant par le car\u00e9nage.<\/p><p>Pour une pose optimale et une tenue longue dur\u00e9e, consultez nos <a href=\"https:\/\/www.m-stickers.com\/tuto-comment-poser-ses-stickers-de-jantes-moto\/\">guides de pose<\/a> !<\/p>\t\t\t\t\t\t\t\t<\/div>\n\t\t\t\t<\/div>\n\t\t\t\t<div class=\"elementor-element elementor-element-efcd113 elementor-widget elementor-widget-html\" data-id=\"efcd113\" data-element_type=\"widget\" data-e-type=\"widget\" data-widget_type=\"html.default\">\n\t\t\t\t<div class=\"elementor-widget-container\">\n\t\t\t\t\t<!-- Google Tag Manager -->\r\n<script>(function(w,d,s,l,i){w[l]=w[l]||[];w[l].push({'gtm.start':\r\nnew Date().getTime(),event:'gtm.js'});var f=d.getElementsByTagName(s)[0],\r\nj=d.createElement(s),dl=l!='dataLayer'?'&l='+l:'';j.async=true;j.src=\r\n'https:\/\/www.googletagmanager.com\/gtm.js?id='+i+dl;f.parentNode.insertBefore(j,f);\r\n})(window,document,'script','dataLayer','GTM-5WBV2JH');<\/script>\r\n<!-- End Google Tag Manager -->\r\n<head>\r\n\r\n<!-- Global site tag (gtag.js) - Google Ads: 966835575 --> <script async src=\"https:\/\/www.googletagmanager.com\/gtag\/js?id=AW-966835575\"><\/script> <script> window.dataLayer = window.dataLayer || []; function gtag(){dataLayer.push(arguments);} gtag('js', new Date()); gtag('config', 'AW-966835575'); <\/script>\r\n\r\n<\/head>\r\n<!-- Google Tag Manager (noscript) -->\r\n<noscript><iframe src=\"https:\/\/www.googletagmanager.com\/ns.html?id=GTM-5WBV2JH\"\r\nheight=\"0\" width=\"0\" style=\"display:none;visibility:hidden\"><\/iframe><\/noscript>\r\n<!-- End Google Tag Manager (noscript) -->\t\t\t\t<\/div>\n\t\t\t\t<\/div>\n\t\t\t\t\t<\/div>\n\t\t<\/div>\n\t\t\t\t\t<\/div>\n\t\t<\/section>\n\t\t\t\t<\/div>\n\t\t","protected":false},"excerpt":{"rendered":"<p>Configurateur Personnalisez vos stickers de jantes BMW C400GT CE-04 F800R F900R F900 XR G310R K1200R K1200GT K1600 GT NineT R 1200 GS Adventure R 1250 RS R 1250 GS S1000R S1000RR S1000XR M1000R Votre moto n\u2019est pas r\u00e9f\u00e9renc\u00e9e ? Cliquez ici ! Personnalisez votre b\u00e9cane avec des stickers jantes moto BMW Personnalisez rapidement et au [&hellip;]<\/p>\n","protected":false},"author":1,"featured_media":7287,"parent":0,"menu_order":0,"comment_status":"closed","ping_status":"closed","template":"","meta":{"footnotes":""},"class_list":["post-7288","page","type-page","status-publish","has-post-thumbnail","hentry","entry","has-media","owp-thumbs-layout-horizontal","owp-btn-big","owp-tabs-layout-horizontal","has-no-thumbnails"],"_links":{"self":[{"href":"https:\/\/www.m-stickers.com\/nl\/wp-json\/wp\/v2\/pages\/7288","targetHints":{"allow":["GET"]}}],"collection":[{"href":"https:\/\/www.m-stickers.com\/nl\/wp-json\/wp\/v2\/pages"}],"about":[{"href":"https:\/\/www.m-stickers.com\/nl\/wp-json\/wp\/v2\/types\/page"}],"author":[{"embeddable":true,"href":"https:\/\/www.m-stickers.com\/nl\/wp-json\/wp\/v2\/users\/1"}],"replies":[{"embeddable":true,"href":"https:\/\/www.m-stickers.com\/nl\/wp-json\/wp\/v2\/comments?post=7288"}],"version-history":[{"count":20,"href":"https:\/\/www.m-stickers.com\/nl\/wp-json\/wp\/v2\/pages\/7288\/revisions"}],"predecessor-version":[{"id":59141,"href":"https:\/\/www.m-stickers.com\/nl\/wp-json\/wp\/v2\/pages\/7288\/revisions\/59141"}],"wp:featuredmedia":[{"embeddable":true,"href":"https:\/\/www.m-stickers.com\/nl\/wp-json\/wp\/v2\/media\/7287"}],"wp:attachment":[{"href":"https:\/\/www.m-stickers.com\/nl\/wp-json\/wp\/v2\/media?parent=7288"}],"curies":[{"name":"motorfiets","href":"https:\/\/api.w.org\/{rel}","templated":true}]}}