{"id":7792,"date":"2021-02-12T10:25:31","date_gmt":"2021-02-12T09:25:31","guid":{"rendered":"https:\/\/www.m-stickers.com\/?page_id=7792"},"modified":"2024-08-29T11:13:45","modified_gmt":"2024-08-29T09:13:45","slug":"categorie-configurator-aprilia","status":"publish","type":"page","link":"https:\/\/www.m-stickers.com\/nl\/categorie-configurator-aprilia\/","title":{"rendered":"Aprilia Configurator categorie"},"content":{"rendered":"\t\t<div data-elementor-type=\"wp-page\" data-elementor-id=\"7792\" class=\"elementor elementor-7792\" data-elementor-post-type=\"page\">\n\t\t\t\t\t\t<section class=\"elementor-section elementor-top-section elementor-element elementor-element-5044c0cf elementor-section-boxed elementor-section-height-default elementor-section-height-default\" data-id=\"5044c0cf\" data-element_type=\"section\" data-e-type=\"section\">\n\t\t\t\t\t\t<div class=\"elementor-container elementor-column-gap-default\">\n\t\t\t\t\t<div class=\"elementor-column elementor-col-20 elementor-top-column elementor-element elementor-element-6805b64\" data-id=\"6805b64\" data-element_type=\"column\" data-e-type=\"column\">\n\t\t\t<div class=\"elementor-widget-wrap elementor-element-populated\">\n\t\t\t\t\t\t<div class=\"elementor-element elementor-element-55f610a2 elementor-widget elementor-widget-heading\" data-id=\"55f610a2\" data-element_type=\"widget\" data-e-type=\"widget\" data-widget_type=\"heading.default\">\n\t\t\t\t<div class=\"elementor-widget-container\">\n\t\t\t\t\t<h1 class=\"elementor-heading-title elementor-size-default\">Configurateur<\/h1>\t\t\t\t<\/div>\n\t\t\t\t<\/div>\n\t\t\t\t<div class=\"elementor-element elementor-element-341c1e5c elementor-widget elementor-widget-image\" data-id=\"341c1e5c\" data-element_type=\"widget\" data-e-type=\"widget\" data-widget_type=\"image.default\">\n\t\t\t\t<div class=\"elementor-widget-container\">\n\t\t\t\t\t\t\t\t\t\t\t\t\t\t\t<img fetchpriority=\"high\" decoding=\"async\" width=\"600\" height=\"400\" src=\"https:\/\/www.m-stickers.com\/wp-content\/uploads\/2021\/02\/miniature-Aprilia.png\" class=\"attachment-large size-large wp-image-7713\" alt=\"Logo aprilia\" srcset=\"https:\/\/www.m-stickers.com\/wp-content\/uploads\/2021\/02\/miniature-Aprilia.png 600w, https:\/\/www.m-stickers.com\/wp-content\/uploads\/2021\/02\/miniature-Aprilia-300x200.png 300w\" sizes=\"(max-width: 600px) 100vw, 600px\" \/>\t\t\t\t\t\t\t\t\t\t\t\t\t\t\t<\/div>\n\t\t\t\t<\/div>\n\t\t\t\t<div class=\"elementor-element elementor-element-301e0088 elementor-widget elementor-widget-heading\" data-id=\"301e0088\" data-element_type=\"widget\" data-e-type=\"widget\" data-widget_type=\"heading.default\">\n\t\t\t\t<div class=\"elementor-widget-container\">\n\t\t\t\t\t<h1 class=\"elementor-heading-title elementor-size-default\">Personnalisez vos stickers de jantes Aprilia<\/h1>\t\t\t\t<\/div>\n\t\t\t\t<\/div>\n\t\t\t\t\t<\/div>\n\t\t<\/div>\n\t\t\t\t<div class=\"elementor-column elementor-col-20 elementor-top-column elementor-element elementor-element-2a6be083\" data-id=\"2a6be083\" data-element_type=\"column\" data-e-type=\"column\" data-settings=\"{&quot;background_background&quot;:&quot;classic&quot;}\">\n\t\t\t<div class=\"elementor-widget-wrap\">\n\t\t\t\t\t\t\t<\/div>\n\t\t<\/div>\n\t\t\t\t<div class=\"elementor-column elementor-col-20 elementor-top-column elementor-element elementor-element-24120bf\" data-id=\"24120bf\" data-element_type=\"column\" data-e-type=\"column\" data-settings=\"{&quot;background_background&quot;:&quot;gradient&quot;}\">\n\t\t\t<div class=\"elementor-widget-wrap\">\n\t\t\t\t\t\t\t<\/div>\n\t\t<\/div>\n\t\t\t\t<div class=\"elementor-column elementor-col-20 elementor-top-column elementor-element elementor-element-6b096b51\" data-id=\"6b096b51\" data-element_type=\"column\" data-e-type=\"column\">\n\t\t\t<div class=\"elementor-widget-wrap elementor-element-populated\">\n\t\t\t\t\t\t<div class=\"elementor-element elementor-element-75edefa2 elementor-widget elementor-widget-heading\" data-id=\"75edefa2\" data-element_type=\"widget\" data-e-type=\"widget\" data-settings=\"{&quot;_animation&quot;:&quot;none&quot;}\" data-widget_type=\"heading.default\">\n\t\t\t\t<div class=\"elementor-widget-container\">\n\t\t\t\t\t<h2 class=\"elementor-heading-title elementor-size-default\"><a href=\"https:\/\/www.m-stickers.com\/configurator\/configure\/30144\/\">Caponord<\/a><\/h2>\t\t\t\t<\/div>\n\t\t\t\t<\/div>\n\t\t\t\t<div class=\"elementor-element elementor-element-4fcc688 elementor-widget elementor-widget-heading\" data-id=\"4fcc688\" data-element_type=\"widget\" data-e-type=\"widget\" data-widget_type=\"heading.default\">\n\t\t\t\t<div class=\"elementor-widget-container\">\n\t\t\t\t\t<h2 class=\"elementor-heading-title elementor-size-default\"><a href=\"https:\/\/www.m-stickers.com\/configurator\/configure\/22908\/\">Dorsoduro 750<\/a><\/h2>\t\t\t\t<\/div>\n\t\t\t\t<\/div>\n\t\t\t\t<div class=\"elementor-element elementor-element-7cda49ae elementor-widget elementor-widget-heading\" data-id=\"7cda49ae\" data-element_type=\"widget\" data-e-type=\"widget\" data-widget_type=\"heading.default\">\n\t\t\t\t<div class=\"elementor-widget-container\">\n\t\t\t\t\t<h2 class=\"elementor-heading-title elementor-size-default\"><a href=\"https:\/\/www.m-stickers.com\/configurator\/configure\/30541\/\">Dorsoduro 900<\/a><\/h2>\t\t\t\t<\/div>\n\t\t\t\t<\/div>\n\t\t\t\t<div class=\"elementor-element elementor-element-50d3fbb elementor-widget elementor-widget-heading\" data-id=\"50d3fbb\" data-element_type=\"widget\" data-e-type=\"widget\" data-widget_type=\"heading.default\">\n\t\t\t\t<div class=\"elementor-widget-container\">\n\t\t\t\t\t<h2 class=\"elementor-heading-title elementor-size-default\"><a href=\"https:\/\/www.m-stickers.com\/configurator\/configure\/23090\/\">Dorsoduro 1200<\/a><\/h2>\t\t\t\t<\/div>\n\t\t\t\t<\/div>\n\t\t\t\t<div class=\"elementor-element elementor-element-59222a39 elementor-widget elementor-widget-heading\" data-id=\"59222a39\" data-element_type=\"widget\" data-e-type=\"widget\" data-widget_type=\"heading.default\">\n\t\t\t\t<div class=\"elementor-widget-container\">\n\t\t\t\t\t<h2 class=\"elementor-heading-title elementor-size-default\"><a href=\"https:\/\/www.m-stickers.com\/configurator\/configure\/8244\/\">RS660<\/a><\/h2>\t\t\t\t<\/div>\n\t\t\t\t<\/div>\n\t\t\t\t<div class=\"elementor-element elementor-element-4c4e33cd elementor-widget elementor-widget-heading\" data-id=\"4c4e33cd\" data-element_type=\"widget\" data-e-type=\"widget\" data-widget_type=\"heading.default\">\n\t\t\t\t<div class=\"elementor-widget-container\">\n\t\t\t\t\t<h2 class=\"elementor-heading-title elementor-size-default\"><a href=\"https:\/\/www.m-stickers.com\/configurator\/configure\/7791\/\">RSV4<\/a><\/h2>\t\t\t\t<\/div>\n\t\t\t\t<\/div>\n\t\t\t\t<div class=\"elementor-element elementor-element-cc262c8 elementor-widget elementor-widget-heading\" data-id=\"cc262c8\" data-element_type=\"widget\" data-e-type=\"widget\" data-widget_type=\"heading.default\">\n\t\t\t\t<div class=\"elementor-widget-container\">\n\t\t\t\t\t<h2 class=\"elementor-heading-title elementor-size-default\"><a href=\"https:\/\/www.m-stickers.com\/configurator\/configure\/39121\/\">Shiver 750<\/a><\/h2>\t\t\t\t<\/div>\n\t\t\t\t<\/div>\n\t\t\t\t\t<\/div>\n\t\t<\/div>\n\t\t\t\t<div class=\"elementor-column elementor-col-20 elementor-top-column elementor-element elementor-element-17610ad\" data-id=\"17610ad\" data-element_type=\"column\" data-e-type=\"column\">\n\t\t\t<div class=\"elementor-widget-wrap elementor-element-populated\">\n\t\t\t\t\t\t<div class=\"elementor-element elementor-element-07969a3 elementor-widget elementor-widget-heading\" data-id=\"07969a3\" data-element_type=\"widget\" data-e-type=\"widget\" data-widget_type=\"heading.default\">\n\t\t\t\t<div class=\"elementor-widget-container\">\n\t\t\t\t\t<h2 class=\"elementor-heading-title elementor-size-default\"><a href=\"https:\/\/www.m-stickers.com\/configurator\/configure\/29957\/\">Tuono 125<\/a><\/h2>\t\t\t\t<\/div>\n\t\t\t\t<\/div>\n\t\t\t\t<div class=\"elementor-element elementor-element-c5ee1f0 elementor-widget elementor-widget-heading\" data-id=\"c5ee1f0\" data-element_type=\"widget\" data-e-type=\"widget\" data-widget_type=\"heading.default\">\n\t\t\t\t<div class=\"elementor-widget-container\">\n\t\t\t\t\t<h2 class=\"elementor-heading-title elementor-size-default\"><a href=\"https:\/\/www.m-stickers.com\/configurator\/configure\/30277\/\">Tuono 1000 R<\/a><\/h2>\t\t\t\t<\/div>\n\t\t\t\t<\/div>\n\t\t\t\t<div class=\"elementor-element elementor-element-26897bc elementor-widget elementor-widget-heading\" data-id=\"26897bc\" data-element_type=\"widget\" data-e-type=\"widget\" data-widget_type=\"heading.default\">\n\t\t\t\t<div class=\"elementor-widget-container\">\n\t\t\t\t\t<h2 class=\"elementor-heading-title elementor-size-default\"><a href=\"https:\/\/www.m-stickers.com\/configurator\/configure\/22578\/\">Tuono V4<\/a><\/h2>\t\t\t\t<\/div>\n\t\t\t\t<\/div>\n\t\t\t\t<div class=\"elementor-element elementor-element-039aabc elementor-widget elementor-widget-heading\" data-id=\"039aabc\" data-element_type=\"widget\" data-e-type=\"widget\" data-widget_type=\"heading.default\">\n\t\t\t\t<div class=\"elementor-widget-container\">\n\t\t\t\t\t<h2 class=\"elementor-heading-title elementor-size-default\"><a href=\"https:\/\/www.m-stickers.com\/configurator\/configure\/53211\/\">Tuono 660 Factory<\/a><\/h2>\t\t\t\t<\/div>\n\t\t\t\t<\/div>\n\t\t\t\t\t<\/div>\n\t\t<\/div>\n\t\t\t\t\t<\/div>\n\t\t<\/section>\n\t\t\t\t<section class=\"elementor-section elementor-top-section elementor-element elementor-element-f1b983d elementor-section-boxed elementor-section-height-default elementor-section-height-default\" data-id=\"f1b983d\" data-element_type=\"section\" data-e-type=\"section\">\n\t\t\t\t\t\t<div class=\"elementor-container elementor-column-gap-default\">\n\t\t\t\t\t<div class=\"elementor-column elementor-col-100 elementor-top-column elementor-element elementor-element-0c3e397\" data-id=\"0c3e397\" data-element_type=\"column\" data-e-type=\"column\">\n\t\t\t<div class=\"elementor-widget-wrap elementor-element-populated\">\n\t\t\t\t\t\t<div class=\"elementor-element elementor-element-97da38d elementor-widget elementor-widget-heading\" data-id=\"97da38d\" data-element_type=\"widget\" data-e-type=\"widget\" data-widget_type=\"heading.default\">\n\t\t\t\t<div class=\"elementor-widget-container\">\n\t\t\t\t\t<h2 class=\"elementor-heading-title elementor-size-large\"><a href=\"https:\/\/www.m-stickers.com\/produit\/ta-moto-nest-pas-referencee\/\">Votre moto n\u2019est pas r\u00e9f\u00e9renc\u00e9e ?<\/a><\/h2>\t\t\t\t<\/div>\n\t\t\t\t<\/div>\n\t\t\t\t<div class=\"elementor-element elementor-element-9317201 elementor-button-danger elementor-align-center elementor-widget elementor-widget-button\" data-id=\"9317201\" data-element_type=\"widget\" data-e-type=\"widget\" data-widget_type=\"button.default\">\n\t\t\t\t<div class=\"elementor-widget-container\">\n\t\t\t\t\t\t\t\t\t<div class=\"elementor-button-wrapper\">\n\t\t\t\t\t<a class=\"elementor-button elementor-button-link elementor-size-sm\" href=\"https:\/\/www.m-stickers.com\/produit\/ta-moto-nest-pas-referencee\/\">\n\t\t\t\t\t\t<span class=\"elementor-button-content-wrapper\">\n\t\t\t\t\t\t\t\t\t<span class=\"elementor-button-text\">Cliquez ici !<\/span>\n\t\t\t\t\t<\/span>\n\t\t\t\t\t<\/a>\n\t\t\t\t<\/div>\n\t\t\t\t\t\t\t\t<\/div>\n\t\t\t\t<\/div>\n\t\t\t\t\t<\/div>\n\t\t<\/div>\n\t\t\t\t\t<\/div>\n\t\t<\/section>\n\t\t\t\t<section class=\"elementor-section elementor-top-section elementor-element elementor-element-4f05d05 elementor-section-boxed elementor-section-height-default elementor-section-height-default\" data-id=\"4f05d05\" data-element_type=\"section\" data-e-type=\"section\">\n\t\t\t\t\t\t<div class=\"elementor-container elementor-column-gap-default\">\n\t\t\t\t\t<div class=\"elementor-column elementor-col-100 elementor-top-column elementor-element elementor-element-3bb5ca1\" data-id=\"3bb5ca1\" data-element_type=\"column\" data-e-type=\"column\">\n\t\t\t<div class=\"elementor-widget-wrap elementor-element-populated\">\n\t\t\t\t\t\t<div class=\"elementor-element elementor-element-3f25b1c elementor-widget-divider--view-line elementor-widget elementor-widget-divider\" data-id=\"3f25b1c\" data-element_type=\"widget\" data-e-type=\"widget\" data-widget_type=\"divider.default\">\n\t\t\t\t<div class=\"elementor-widget-container\">\n\t\t\t\t\t\t\t<div class=\"elementor-divider\">\n\t\t\t<span class=\"elementor-divider-separator\">\n\t\t\t\t\t\t<\/span>\n\t\t<\/div>\n\t\t\t\t\t\t<\/div>\n\t\t\t\t<\/div>\n\t\t\t\t<div class=\"elementor-element elementor-element-4e0744e elementor-widget elementor-widget-text-editor\" data-id=\"4e0744e\" data-element_type=\"widget\" data-e-type=\"widget\" data-widget_type=\"text-editor.default\">\n\t\t\t\t<div class=\"elementor-widget-container\">\n\t\t\t\t\t\t\t\t\t<h1 style=\"text-align: left;\">Personnalisez votre b\u00e9cane avec des stickers jantes moto Aprillia<\/h1><p>Transformez rapidement et au meilleur prix votre b\u00e9cane avec des <strong>stickers jantes moto Aprillia<\/strong> de qualit\u00e9.<br \/>Vous trouverez des stickers de jantes moto, mais aussi des liserets ou des kits complets pour changer ou cr\u00e9er l&rsquo;identit\u00e9 de votre moto.<\/p><p>Ce sont les d\u00e9tails qui font la diff\u00e9rence, parfaits pour se d\u00e9marquer, nos stickers sont 100% personnalisables afin de r\u00e9pondre \u00e0 vos envies !<br \/>Vous pouvez choisir notre <a href=\"https:\/\/www.m-stickers.com\/categorie-produit\/kits-stickers-jantes-moto-complet\/kit-deco-jantes-aprilia\/\">kit pr\u00e9-configur\u00e9<\/a> dans lequel vous pouvez changer la couleur ou choisir de pousser plus loin la personnalisation et vous lancer dans notre <a href=\"https:\/\/www.m-stickers.com\/categorie-configurator-aprilia\/\">configurateur<\/a>, pour une cr\u00e9ation de A \u00e0 Z.<\/p><p>Personnalisez votre kit :<\/p><ul><li>Liserets,<\/li><li>Stickers de marque,<\/li><li>Logo de marque,<\/li><li>Int\u00e9rieur de jante,<\/li><li>Coloris,<\/li><li>Effet.<\/li><\/ul><p>Vous aurez le<strong> choix entre plusieurs designs<\/strong> de stickers, pour coller \u00e0 votre style et vous permettre de cr\u00e9er votre esth\u00e9tique personnelle.<br \/>Les couleurs correspondent \u00e0 la charte graphique du constructeur, mais vous pouvez aussi demander une <strong>nuance sp\u00e9ciale<\/strong> en envoyant votre code couleur lors de votre commande : #&#8230;<br \/>Le configurateur permet aussi de changer le contenu texte et le remplacer par un nom de team ou un num\u00e9ro.<\/p><p>Pour un styl\u00e9 plus pouss\u00e9, vous pouvez choisir d&rsquo;ajouter un sticker d&rsquo;int\u00e9rieur de jante : racing, camo, electro&#8230;le choix vous appartient !<br \/>Et finalement, donnez un style de folie \u00e0 votre b\u00e9cane en ajoutant un <a href=\"https:\/\/www.m-stickers.com\/nos-effets-de-stickers\">effet<\/a> de finition \u00e0 vos stickers.<\/p><p>L&rsquo;effet de base est brillant mais vous pouvez choisir l&rsquo;effet <em>holographique, photoluminescent, r\u00e9fl\u00e9chissant, fluor\u00e9scent, mat.<\/em><\/p><p>Retrouvez nos <a href=\"https:\/\/www.m-stickers.com\/2022\/03\/21\/stickers-moto-aprilia\/\">astuces personnalisation<\/a>, pose et int\u00e9r\u00eats des stickers sur notre blog !<\/p><h2>Des stickers pour chaque mod\u00e8le<\/h2><p>Car il n&rsquo;y a pas de limite \u00e0 la <strong>customisation<\/strong>, chez M-Stickers, nous proposons des stickers jantes moto pour toutes les b\u00e9canes.<br \/>Qu&rsquo;elle soit urbaine, sportive, trail ou quotidienne, vous trouverez LE kit de stickers pour sublimer votre monture.<\/p><p>Retrouvez les stickers jantes moto Aprillia pour les mod\u00e8les : <span style=\"color: #ff0000;\">Under \/ TX \/ Tuono \/ Tuareg \/ TL \/ SXV \/ SMV 750 \/ SL 750 \/ RXV \/ SX \/ SR \/ RX \/ RSV4 \/ RSV \/ RST \/ RS \/ RC.<\/span><\/p><p>Et si votre mod\u00e8le n&rsquo;est pas r\u00e9f\u00e9renc\u00e9 et que vous voulez un kit de stickers pour vos jantes, vous pouvez nous <a href=\"https:\/\/www.m-stickers.com\/contact\/\">contacter ici<\/a> pour un kit sur-mesure !<br \/>Vous pouvez aussi nous envoyer vos inspirations pour un kit de stickers de jantes unique.<\/p><h2>Des stickers durables et de haute qualit\u00e9 100% fran\u00e7ais<\/h2><p>Parce qu&rsquo;en tant que motards, nous savons que les motos subissent des contraintes physiques, nos stickers jantes moto Aprillia sont con\u00e7us avec les meilleurs mat\u00e9riaux : <strong>vinyle de haute qualit\u00e9<\/strong> pour une tenue durable, <strong>colle monom\u00e8re 100\u03bc permanente<\/strong> pour une tenue optimale et vernis <strong>r\u00e9sistant aux UV et aux intemp\u00e9ries<\/strong> pour rouler partout et par tous les temps !<\/p><p>Notre \u00e9quipe cr\u00e9\u00e9e avec passion vos <strong>stickers jantes moto Aprillia<\/strong> sur Lyon et vous \u00e9viter d&rsquo;attendre 1 mois la livraison de votre kit !<br \/>Cr\u00e9er par des motards, pour les motards, les stickers M-Stickers sont durables et au meilleur prix.<\/p><p>Vous pouvez aussi <a href=\"https:\/\/www.m-stickers.com\/contact\/\">nous contacter<\/a> pour tous vos projets de cr\u00e9ation et de personnalisation.<br \/>Cr\u00e9ons ensemble les kits de stickers pour personnaliser votre <strong>Aprillia<\/strong>.<\/p><p>Pour une pose optimale et une tenue longue dur\u00e9e, consultez nos <a href=\"https:\/\/www.m-stickers.com\/tuto-comment-poser-ses-stickers-de-jantes-moto\/\">guides de pose<\/a> !<\/p>\t\t\t\t\t\t\t\t<\/div>\n\t\t\t\t<\/div>\n\t\t\t\t<div class=\"elementor-element elementor-element-efcd113 elementor-widget elementor-widget-html\" data-id=\"efcd113\" data-element_type=\"widget\" data-e-type=\"widget\" data-widget_type=\"html.default\">\n\t\t\t\t<div class=\"elementor-widget-container\">\n\t\t\t\t\t<!-- Google Tag Manager -->\r\n<script>(function(w,d,s,l,i){w[l]=w[l]||[];w[l].push({'gtm.start':\r\nnew Date().getTime(),event:'gtm.js'});var f=d.getElementsByTagName(s)[0],\r\nj=d.createElement(s),dl=l!='dataLayer'?'&l='+l:'';j.async=true;j.src=\r\n'https:\/\/www.googletagmanager.com\/gtm.js?id='+i+dl;f.parentNode.insertBefore(j,f);\r\n})(window,document,'script','dataLayer','GTM-5WBV2JH');<\/script>\r\n<!-- End Google Tag Manager -->\r\n<head>\r\n\r\n<!-- Global site tag (gtag.js) - Google Ads: 966835575 --> <script async src=\"https:\/\/www.googletagmanager.com\/gtag\/js?id=AW-966835575\"><\/script> <script> window.dataLayer = window.dataLayer || []; function gtag(){dataLayer.push(arguments);} gtag('js', new Date()); gtag('config', 'AW-966835575'); <\/script>\r\n\r\n<\/head>\r\n<!-- Google Tag Manager (noscript) -->\r\n<noscript><iframe src=\"https:\/\/www.googletagmanager.com\/ns.html?id=GTM-5WBV2JH\"\r\nheight=\"0\" width=\"0\" style=\"display:none;visibility:hidden\"><\/iframe><\/noscript>\r\n<!-- End Google Tag Manager (noscript) -->\t\t\t\t<\/div>\n\t\t\t\t<\/div>\n\t\t\t\t\t<\/div>\n\t\t<\/div>\n\t\t\t\t\t<\/div>\n\t\t<\/section>\n\t\t\t\t<\/div>\n\t\t","protected":false},"excerpt":{"rendered":"<p>Configurateur Personnalisez vos stickers de jantes Aprilia Caponord Dorsoduro 750 Dorsoduro 900 Dorsoduro 1200 RS660 RSV4 Shiver 750 Tuono 125 Tuono 1000 R Tuono V4 Tuono 660 Factory Votre moto n\u2019est pas r\u00e9f\u00e9renc\u00e9e ? Cliquez ici ! Personnalisez votre b\u00e9cane avec des stickers jantes moto Aprillia Transformez rapidement et au meilleur prix votre b\u00e9cane avec [&hellip;]<\/p>\n","protected":false},"author":1,"featured_media":7713,"parent":0,"menu_order":0,"comment_status":"closed","ping_status":"closed","template":"","meta":{"footnotes":""},"class_list":["post-7792","page","type-page","status-publish","has-post-thumbnail","hentry","entry","has-media","owp-thumbs-layout-horizontal","owp-btn-big","owp-tabs-layout-horizontal","has-no-thumbnails"],"_links":{"self":[{"href":"https:\/\/www.m-stickers.com\/nl\/wp-json\/wp\/v2\/pages\/7792","targetHints":{"allow":["GET"]}}],"collection":[{"href":"https:\/\/www.m-stickers.com\/nl\/wp-json\/wp\/v2\/pages"}],"about":[{"href":"https:\/\/www.m-stickers.com\/nl\/wp-json\/wp\/v2\/types\/page"}],"author":[{"embeddable":true,"href":"https:\/\/www.m-stickers.com\/nl\/wp-json\/wp\/v2\/users\/1"}],"replies":[{"embeddable":true,"href":"https:\/\/www.m-stickers.com\/nl\/wp-json\/wp\/v2\/comments?post=7792"}],"version-history":[{"count":21,"href":"https:\/\/www.m-stickers.com\/nl\/wp-json\/wp\/v2\/pages\/7792\/revisions"}],"predecessor-version":[{"id":59149,"href":"https:\/\/www.m-stickers.com\/nl\/wp-json\/wp\/v2\/pages\/7792\/revisions\/59149"}],"wp:featuredmedia":[{"embeddable":true,"href":"https:\/\/www.m-stickers.com\/nl\/wp-json\/wp\/v2\/media\/7713"}],"wp:attachment":[{"href":"https:\/\/www.m-stickers.com\/nl\/wp-json\/wp\/v2\/media?parent=7792"}],"curies":[{"name":"motorfiets","href":"https:\/\/api.w.org\/{rel}","templated":true}]}}