{"id":20233,"date":"2021-12-07T13:50:31","date_gmt":"2021-12-07T12:50:31","guid":{"rendered":"https:\/\/www.m-stickers.com\/?page_id=20233"},"modified":"2022-10-18T15:43:36","modified_gmt":"2022-10-18T13:43:36","slug":"configurador-de-categorias-orcal","status":"publish","type":"page","link":"https:\/\/www.m-stickers.com\/pt\/categorie-configurator-orcal\/","title":{"rendered":"Categoria Configurador Orcal"},"content":{"rendered":"\t\t<div data-elementor-type=\"wp-page\" data-elementor-id=\"20233\" class=\"elementor elementor-20233\" data-elementor-post-type=\"page\">\n\t\t\t\t\t\t<section class=\"elementor-section elementor-top-section elementor-element elementor-element-ada2200 elementor-section-boxed elementor-section-height-default elementor-section-height-default\" data-id=\"ada2200\" data-element_type=\"section\" data-e-type=\"section\">\n\t\t\t\t\t\t<div class=\"elementor-container elementor-column-gap-default\">\n\t\t\t\t\t<div class=\"elementor-column elementor-col-33 elementor-top-column elementor-element elementor-element-4bb5e6f\" data-id=\"4bb5e6f\" data-element_type=\"column\" data-e-type=\"column\">\n\t\t\t<div class=\"elementor-widget-wrap elementor-element-populated\">\n\t\t\t\t\t\t<div class=\"elementor-element elementor-element-1acb2a1 elementor-widget elementor-widget-image\" data-id=\"1acb2a1\" data-element_type=\"widget\" data-e-type=\"widget\" data-widget_type=\"image.default\">\n\t\t\t\t<div class=\"elementor-widget-container\">\n\t\t\t\t\t\t\t\t\t\t\t\t\t\t\t\t<a href=\"https:\/\/www.m-stickers.com\/configurator\/configure\/20240\/\">\n\t\t\t\t\t\t\t<img fetchpriority=\"high\" decoding=\"async\" width=\"600\" height=\"400\" src=\"https:\/\/www.m-stickers.com\/wp-content\/uploads\/2021\/12\/miniature-Orcla.webp\" class=\"attachment-large size-large wp-image-20236\" alt=\"\" srcset=\"https:\/\/www.m-stickers.com\/wp-content\/uploads\/2021\/12\/miniature-Orcla.webp 600w, https:\/\/www.m-stickers.com\/wp-content\/uploads\/2021\/12\/miniature-Orcla-300x200.webp 300w\" sizes=\"(max-width: 600px) 100vw, 600px\" \/>\t\t\t\t\t\t\t\t<\/a>\n\t\t\t\t\t\t\t\t\t\t\t\t\t\t\t<\/div>\n\t\t\t\t<\/div>\n\t\t\t\t<div class=\"elementor-element elementor-element-4b5dec3 elementor-widget elementor-widget-heading\" data-id=\"4b5dec3\" data-element_type=\"widget\" data-e-type=\"widget\" data-widget_type=\"heading.default\">\n\t\t\t\t<div class=\"elementor-widget-container\">\n\t\t\t\t\t<h2 class=\"elementor-heading-title elementor-size-default\"><a href=\"https:\/\/www.m-stickers.com\/configurator\/configure\/20240\/\">Orcal SK01<\/a><\/h2>\t\t\t\t<\/div>\n\t\t\t\t<\/div>\n\t\t\t\t\t<\/div>\n\t\t<\/div>\n\t\t\t\t<div class=\"elementor-column elementor-col-33 elementor-top-column elementor-element elementor-element-116c73c\" data-id=\"116c73c\" data-element_type=\"column\" data-e-type=\"column\">\n\t\t\t<div class=\"elementor-widget-wrap\">\n\t\t\t\t\t\t\t<\/div>\n\t\t<\/div>\n\t\t\t\t<div class=\"elementor-column elementor-col-33 elementor-top-column elementor-element elementor-element-3fabe19\" data-id=\"3fabe19\" data-element_type=\"column\" data-e-type=\"column\">\n\t\t\t<div class=\"elementor-widget-wrap\">\n\t\t\t\t\t\t\t<\/div>\n\t\t<\/div>\n\t\t\t\t\t<\/div>\n\t\t<\/section>\n\t\t\t\t<section class=\"elementor-section elementor-top-section elementor-element elementor-element-f1b983d elementor-section-boxed elementor-section-height-default elementor-section-height-default\" data-id=\"f1b983d\" data-element_type=\"section\" data-e-type=\"section\">\n\t\t\t\t\t\t<div class=\"elementor-container elementor-column-gap-default\">\n\t\t\t\t\t<div class=\"elementor-column elementor-col-100 elementor-top-column elementor-element elementor-element-0c3e397\" data-id=\"0c3e397\" data-element_type=\"column\" data-e-type=\"column\">\n\t\t\t<div class=\"elementor-widget-wrap elementor-element-populated\">\n\t\t\t\t\t\t<div class=\"elementor-element elementor-element-97da38d elementor-widget elementor-widget-heading\" data-id=\"97da38d\" data-element_type=\"widget\" data-e-type=\"widget\" data-widget_type=\"heading.default\">\n\t\t\t\t<div class=\"elementor-widget-container\">\n\t\t\t\t\t<h2 class=\"elementor-heading-title elementor-size-large\"><a href=\"https:\/\/www.m-stickers.com\/produit\/ta-moto-nest-pas-referencee\/\">Votre moto n\u2019est pas r\u00e9f\u00e9renc\u00e9e ?<\/a><\/h2>\t\t\t\t<\/div>\n\t\t\t\t<\/div>\n\t\t\t\t<div class=\"elementor-element elementor-element-9317201 elementor-button-danger elementor-align-center elementor-widget elementor-widget-button\" data-id=\"9317201\" data-element_type=\"widget\" data-e-type=\"widget\" data-widget_type=\"button.default\">\n\t\t\t\t<div class=\"elementor-widget-container\">\n\t\t\t\t\t\t\t\t\t<div class=\"elementor-button-wrapper\">\n\t\t\t\t\t<a class=\"elementor-button elementor-button-link elementor-size-sm\" href=\"https:\/\/www.m-stickers.com\/produit\/ta-moto-nest-pas-referencee\/\">\n\t\t\t\t\t\t<span class=\"elementor-button-content-wrapper\">\n\t\t\t\t\t\t\t\t\t<span class=\"elementor-button-text\">Cliquez ici !<\/span>\n\t\t\t\t\t<\/span>\n\t\t\t\t\t<\/a>\n\t\t\t\t<\/div>\n\t\t\t\t\t\t\t\t<\/div>\n\t\t\t\t<\/div>\n\t\t\t\t\t<\/div>\n\t\t<\/div>\n\t\t\t\t\t<\/div>\n\t\t<\/section>\n\t\t\t\t<section class=\"elementor-section elementor-top-section elementor-element elementor-element-4f05d05 elementor-section-boxed elementor-section-height-default elementor-section-height-default\" data-id=\"4f05d05\" data-element_type=\"section\" data-e-type=\"section\">\n\t\t\t\t\t\t<div class=\"elementor-container elementor-column-gap-default\">\n\t\t\t\t\t<div class=\"elementor-column elementor-col-100 elementor-top-column elementor-element elementor-element-3bb5ca1\" data-id=\"3bb5ca1\" data-element_type=\"column\" data-e-type=\"column\">\n\t\t\t<div class=\"elementor-widget-wrap elementor-element-populated\">\n\t\t\t\t\t\t<div class=\"elementor-element elementor-element-eb6309f elementor-widget elementor-widget-text-editor\" data-id=\"eb6309f\" data-element_type=\"widget\" data-e-type=\"widget\" data-widget_type=\"text-editor.default\">\n\t\t\t\t<div class=\"elementor-widget-container\">\n\t\t\t\t\t\t\t\t\t<h1>Transformez votre b\u00e9cane avec des stickers jantes moto Orcal<\/h1><p>Vous voulez rendre votre moto unique ou rafraichir son style ?<br \/>Personnalisez votre moto avec des<strong> stickers jantes moto Orcal.<\/strong><br \/>Des stickers con\u00e7us et <strong>fabriqu\u00e9s en France<\/strong> par des motards passionn\u00e9s.<\/p><p>Parfaits pour se <strong>d\u00e9marquer<\/strong> et avoir une b\u00e9cane qui vous ressemble, les stickers pour jantes sont la petite touche qui fait la diff\u00e9rence <strong>esth\u00e9tiquement sans se ruiner.<\/strong><\/p><p>Pour habiller vos jantes, vous pouvez choisir notre <a href=\"https:\/\/www.m-stickers.com\/categorie-produit\/kits-stickers-jantes-moto-complet\/stickers-jante-orcal\/\">kit<\/a> pr\u00e9-configur\u00e9 dans lequel vous pouvez changer la couleur ou choisir de tout personnaliser avec notre <a href=\"https:\/\/www.m-stickers.com\/categorie-configurator-orcal\/\">configurateur.<\/a><\/p><p>Personnalisez un \u00e0 un chaque \u00e9l\u00e9ment de votre kit :<\/p><ul><li>Liserets,<\/li><li>Stickers de marque,<\/li><li>Logo de marque,<\/li><li>Int\u00e9rieur de jante,<\/li><li>Coloris,<\/li><li>Effet.<\/li><\/ul><p>Vous aurez le choix entre plusieurs designs de stickers, pour coller \u00e0 votre style et vous permettre de cr\u00e9er votre style.<br \/>Les <strong>couleurs<\/strong> correspondent \u00e0 la charte graphique Orcal pour un r\u00e9sultat haut de gamme\/<\/p><p>Vous pouvez aussi demander une <strong>nuance sp\u00e9ciale<\/strong> en envoyant votre code couleur lors de votre commande : #&#8230;<br \/>Le configurateur permet aussi de changer le <strong>contenu texte<\/strong> par celui de votre choix.<\/p><p>Et finalement, donnez un style de folie \u00e0 votre b\u00e9cane en ajoutant un <a href=\"https:\/\/www.m-stickers.com\/nos-effets-de-stickers\">effet<\/a> \u00e0 vos stickers.<br \/>L&rsquo;effet de base est brillant mais vous pouvez choisir l&rsquo;effet <strong>holographique, photoluminescent, r\u00e9fl\u00e9chissant, fluor\u00e9scent et mat.<\/strong><\/p><p>Retrouvez nos trucs et <a href=\"https:\/\/www.m-stickers.com\/2022\/01\/24\/stickers-jante-moto-personnalise-choisir\/\">astuces<\/a>, pour choisir et poser vos stickers de jantes !<\/p><h2>Les stickers de jantes pour votre Orcal<\/h2><p>Pas de limite \u00e0 la <strong>customisation<\/strong> chez M-Stickers.<br \/>Nous proposons des stickers jantes moto pour toutes les b\u00e9canes, nous proposons le kit pour SK01 si vous avez un autre mod\u00e8le, c&rsquo;es <a href=\"https:\/\/www.m-stickers.com\/contact\/\">ici<\/a> que \u00e7a se passe.<\/p><p>Vous pouvez aussi nous \u00e9crire pour une <strong>demande sp\u00e9ciale<\/strong>, une cr\u00e9ation originale ou si vous voulez mixer plusieurs kits.<\/p><h2>Des stickers durables et de haute qualit\u00e9 100% fran\u00e7ais<\/h2><p>Parce que nous avons \u00e0 c\u0153ur de fournir des stickers <strong>permanents<\/strong> et de qualit\u00e9, qui <strong>r\u00e9sistants aux intemp\u00e9ries, aux uv<\/strong> et aux contraintes que subie la moto, nos stickers sont fabriqu\u00e9s avec les meilleurs mat\u00e9riaux :<\/p><ul><li>vinyle haut de gamme.<\/li><li><strong>colle monom\u00e8re 100\u03bc,<\/strong><\/li><li>vernis <strong>r\u00e9sistant aux UV et aux intemp\u00e9ries.<\/strong><\/li><\/ul><p>Les motards de <strong>M-Stickers<\/strong> d\u00e9veloppent vos kits \u00e0 Lyon avec passion pour vous garantir la <strong>meilleure qualit\u00e9.<\/strong><\/p><p>Consultez nos <a href=\"https:\/\/www.m-stickers.com\/tuto-comment-poser-ses-stickers-de-jantes-moto\/\">guides de pose<\/a> pour toutes nos recommandations.<\/p>\t\t\t\t\t\t\t\t<\/div>\n\t\t\t\t<\/div>\n\t\t\t\t<div class=\"elementor-element elementor-element-efcd113 elementor-widget elementor-widget-html\" data-id=\"efcd113\" data-element_type=\"widget\" data-e-type=\"widget\" data-widget_type=\"html.default\">\n\t\t\t\t<div class=\"elementor-widget-container\">\n\t\t\t\t\t<!-- Google Tag Manager -->\r\n<script>(function(w,d,s,l,i){w[l]=w[l]||[];w[l].push({'gtm.start':\r\nnew Date().getTime(),event:'gtm.js'});var f=d.getElementsByTagName(s)[0],\r\nj=d.createElement(s),dl=l!='dataLayer'?'&l='+l:'';j.async=true;j.src=\r\n'https:\/\/www.googletagmanager.com\/gtm.js?id='+i+dl;f.parentNode.insertBefore(j,f);\r\n})(window,document,'script','dataLayer','GTM-5WBV2JH');<\/script>\r\n<!-- End Google Tag Manager -->\r\n<head>\r\n\r\n<!-- Global site tag (gtag.js) - Google Ads: 966835575 --> <script async src=\"https:\/\/www.googletagmanager.com\/gtag\/js?id=AW-966835575\"><\/script> <script> window.dataLayer = window.dataLayer || []; function gtag(){dataLayer.push(arguments);} gtag('js', new Date()); gtag('config', 'AW-966835575'); <\/script>\r\n\r\n<\/head>\r\n<!-- Google Tag Manager (noscript) -->\r\n<noscript><iframe src=\"https:\/\/www.googletagmanager.com\/ns.html?id=GTM-5WBV2JH\"\r\nheight=\"0\" width=\"0\" style=\"display:none;visibility:hidden\"><\/iframe><\/noscript>\r\n<!-- End Google Tag Manager (noscript) -->\t\t\t\t<\/div>\n\t\t\t\t<\/div>\n\t\t\t\t\t<\/div>\n\t\t<\/div>\n\t\t\t\t\t<\/div>\n\t\t<\/section>\n\t\t\t\t<\/div>\n\t\t","protected":false},"excerpt":{"rendered":"<p>Orcal SK01 Votre moto n\u2019est pas r\u00e9f\u00e9renc\u00e9e ? Cliquez ici ! Transformez votre b\u00e9cane avec des stickers jantes moto Orcal Vous voulez rendre votre moto unique ou rafraichir son style ?Personnalisez votre moto avec des stickers jantes moto Orcal.Des stickers con\u00e7us et fabriqu\u00e9s en France par des motards passionn\u00e9s. Parfaits pour se d\u00e9marquer et avoir [&hellip;]<\/p>\n","protected":false},"author":1,"featured_media":0,"parent":0,"menu_order":0,"comment_status":"closed","ping_status":"closed","template":"","meta":{"footnotes":""},"class_list":["post-20233","page","type-page","status-publish","hentry","entry","owp-thumbs-layout-horizontal","owp-btn-big","owp-tabs-layout-horizontal","has-no-thumbnails"],"ase":null,"_links":{"self":[{"href":"https:\/\/www.m-stickers.com\/pt\/wp-json\/wp\/v2\/pages\/20233","targetHints":{"allow":["GET"]}}],"collection":[{"href":"https:\/\/www.m-stickers.com\/pt\/wp-json\/wp\/v2\/pages"}],"about":[{"href":"https:\/\/www.m-stickers.com\/pt\/wp-json\/wp\/v2\/types\/page"}],"author":[{"embeddable":true,"href":"https:\/\/www.m-stickers.com\/pt\/wp-json\/wp\/v2\/users\/1"}],"replies":[{"embeddable":true,"href":"https:\/\/www.m-stickers.com\/pt\/wp-json\/wp\/v2\/comments?post=20233"}],"version-history":[{"count":0,"href":"https:\/\/www.m-stickers.com\/pt\/wp-json\/wp\/v2\/pages\/20233\/revisions"}],"wp:attachment":[{"href":"https:\/\/www.m-stickers.com\/pt\/wp-json\/wp\/v2\/media?parent=20233"}],"curies":[{"name":"Pneu","href":"https:\/\/api.w.org\/{rel}","templated":true}]}}