{"id":41478,"date":"2023-01-06T14:57:35","date_gmt":"2023-01-06T13:57:35","guid":{"rendered":"https:\/\/www.m-stickers.com\/?page_id=41478"},"modified":"2023-01-06T19:16:34","modified_gmt":"2023-01-06T18:16:34","slug":"etiquetas-adesivas-de-motos","status":"publish","type":"page","link":"https:\/\/www.m-stickers.com\/pt\/covering-moto-m-stickers\/","title":{"rendered":"Adesivos para motos M-Stickers"},"content":{"rendered":"<div data-elementor-type=\"wp-page\" data-elementor-id=\"41478\" class=\"elementor elementor-41478\" data-elementor-post-type=\"page\">\n\t\t\t\t\t\t<section class=\"elementor-section elementor-top-section elementor-element elementor-element-0a1408b elementor-section-boxed elementor-section-height-default elementor-section-height-default\" data-id=\"0a1408b\" data-element_type=\"section\" data-e-type=\"section\">\n\t\t\t\t\t\t<div class=\"elementor-container elementor-column-gap-default\">\n\t\t\t\t\t<div class=\"elementor-column elementor-col-100 elementor-top-column elementor-element elementor-element-7ab759e\" data-id=\"7ab759e\" data-element_type=\"column\" data-e-type=\"column\">\n\t\t\t<div class=\"elementor-widget-wrap elementor-element-populated\">\n\t\t\t\t\t\t<div class=\"elementor-element elementor-element-1da88e9 elementor-widget elementor-widget-heading\" data-id=\"1da88e9\" data-element_type=\"widget\" data-e-type=\"widget\" data-widget_type=\"heading.default\">\n\t\t\t\t<div class=\"elementor-widget-container\">\n\t\t\t\t\t<h1 class=\"elementor-heading-title elementor-size-xxl\">Cobertura de motas<\/h1>\t\t\t\t<\/div>\n\t\t\t\t<\/div>\n\t\t\t\t<div class=\"elementor-element elementor-element-d94bdeb elementor-widget elementor-widget-heading\" data-id=\"d94bdeb\" data-element_type=\"widget\" data-e-type=\"widget\" data-widget_type=\"heading.default\">\n\t\t\t\t<div class=\"elementor-widget-container\">\n\t\t\t\t\t<h2 class=\"elementor-heading-title elementor-size-large\">100 % Personaliz\u00e1vel<\/h2>\t\t\t\t<\/div>\n\t\t\t\t<\/div>\n\t\t\t\t<div class=\"elementor-element elementor-element-ca69e9b elementor-widget elementor-widget-image\" data-id=\"ca69e9b\" data-element_type=\"widget\" data-e-type=\"widget\" data-widget_type=\"image.default\">\n\t\t\t\t<div class=\"elementor-widget-container\">\n\t\t\t\t\t\t\t\t\t\t\t\t\t\t\t<img fetchpriority=\"high\" decoding=\"async\" width=\"819\" height=\"1024\" src=\"https:\/\/www.m-stickers.com\/wp-content\/uploads\/2023\/01\/pexels-photo-10649676-819x1024.jpeg\" class=\"attachment-large size-large wp-image-41483\" alt=\"\" srcset=\"https:\/\/www.m-stickers.com\/wp-content\/uploads\/2023\/01\/pexels-photo-10649676-819x1024.jpeg 819w, https:\/\/www.m-stickers.com\/wp-content\/uploads\/2023\/01\/pexels-photo-10649676-240x300.jpeg 240w, https:\/\/www.m-stickers.com\/wp-content\/uploads\/2023\/01\/pexels-photo-10649676-768x960.jpeg 768w, https:\/\/www.m-stickers.com\/wp-content\/uploads\/2023\/01\/pexels-photo-10649676-scaled-600x750.jpeg 600w, https:\/\/www.m-stickers.com\/wp-content\/uploads\/2023\/01\/pexels-photo-10649676-1229x1536.jpeg 1229w, https:\/\/www.m-stickers.com\/wp-content\/uploads\/2023\/01\/pexels-photo-10649676-scaled.jpeg 1500w\" sizes=\"(max-width: 819px) 100vw, 819px\" \/>\t\t\t\t\t\t\t\t\t\t\t\t\t\t\t<\/div>\n\t\t\t\t<\/div>\n\t\t\t\t\t<\/div>\n\t\t<\/div>\n\t\t\t\t\t<\/div>\n\t\t<\/section>\n\t\t\t\t<section class=\"elementor-section elementor-top-section elementor-element elementor-element-10d8246 elementor-section-boxed elementor-section-height-default elementor-section-height-default\" data-id=\"10d8246\" data-element_type=\"section\" data-e-type=\"section\">\n\t\t\t\t\t\t<div class=\"elementor-container elementor-column-gap-default\">\n\t\t\t\t\t<div class=\"elementor-column elementor-col-50 elementor-top-column elementor-element elementor-element-63d29a9\" data-id=\"63d29a9\" data-element_type=\"column\" data-e-type=\"column\">\n\t\t\t<div class=\"elementor-widget-wrap elementor-element-populated\">\n\t\t\t\t\t\t<div class=\"elementor-element elementor-element-272284d elementor-widget elementor-widget-text-editor\" data-id=\"272284d\" data-element_type=\"widget\" data-e-type=\"widget\" data-widget_type=\"text-editor.default\">\n\t\t\t\t<div class=\"elementor-widget-container\">\n\t\t\t\t\t\t\t\t\t<p>O revestimento de moto \u00e9 uma t\u00e9cnica de revestimento de superf\u00edcie que n\u00e3o requer lixamento nem tempo de secagem na aplica\u00e7\u00e3o, ao contr\u00e1rio da pintura. Esta solu\u00e7\u00e3o \u00e9 pr\u00e1tica, econ\u00f4mica e garante um acabamento impec\u00e1vel nas motos. Pode ser usada em todos os tipos de motos, roadster, esportivas, trail, motocross. Ao aplicar esta \"segunda pele\" nas partes repintadas, voc\u00ea proteger\u00e1 sua moto de duas rodas de forma otimizada e \u00fanica.<\/p>\t\t\t\t\t\t\t\t<\/div>\n\t\t\t\t<\/div>\n\t\t\t\t\t<\/div>\n\t\t<\/div>\n\t\t\t\t<div class=\"elementor-column elementor-col-50 elementor-top-column elementor-element elementor-element-77e832b\" data-id=\"77e832b\" data-element_type=\"column\" data-e-type=\"column\">\n\t\t\t<div class=\"elementor-widget-wrap elementor-element-populated\">\n\t\t\t\t\t\t<div class=\"elementor-element elementor-element-ba6e0e3 elementor-button-danger elementor-align-center elementor-widget elementor-widget-button\" data-id=\"ba6e0e3\" data-element_type=\"widget\" data-e-type=\"widget\" data-widget_type=\"button.default\">\n\t\t\t\t<div class=\"elementor-widget-container\">\n\t\t\t\t\t\t\t\t\t<div class=\"elementor-button-wrapper\">\n\t\t\t\t\t<a class=\"elementor-button elementor-button-link elementor-size-lg\" href=\"https:\/\/www.m-stickers.com\/pt\/contato\/\">\n\t\t\t\t\t\t<span class=\"elementor-button-content-wrapper\">\n\t\t\t\t\t\t\t\t\t<span class=\"elementor-button-text\">Entre em contato conosco<\/span>\n\t\t\t\t\t<\/span>\n\t\t\t\t\t<\/a>\n\t\t\t\t<\/div>\n\t\t\t\t\t\t\t\t<\/div>\n\t\t\t\t<\/div>\n\t\t\t\t\t<\/div>\n\t\t<\/div>\n\t\t\t\t\t<\/div>\n\t\t<\/section>\n\t\t\t\t<section class=\"elementor-section elementor-top-section elementor-element elementor-element-dc853a7 elementor-section-boxed elementor-section-height-default elementor-section-height-default\" data-id=\"dc853a7\" data-element_type=\"section\" data-e-type=\"section\" data-settings=\"{&quot;background_background&quot;:&quot;classic&quot;}\">\n\t\t\t\t\t\t<div class=\"elementor-container elementor-column-gap-default\">\n\t\t\t\t\t<div class=\"elementor-column elementor-col-100 elementor-top-column elementor-element elementor-element-5f2570c\" data-id=\"5f2570c\" data-element_type=\"column\" data-e-type=\"column\">\n\t\t\t<div class=\"elementor-widget-wrap elementor-element-populated\">\n\t\t\t\t\t\t<div class=\"elementor-element elementor-element-e36816c elementor-widget elementor-widget-heading\" data-id=\"e36816c\" data-element_type=\"widget\" data-e-type=\"widget\" data-widget_type=\"heading.default\">\n\t\t\t\t<div class=\"elementor-widget-container\">\n\t\t\t\t\t<h2 class=\"elementor-heading-title elementor-size-xl\">Coberturas Moto: cria\u00e7\u00f5es sem limites<\/h2>\t\t\t\t<\/div>\n\t\t\t\t<\/div>\n\t\t\t\t<div class=\"elementor-element elementor-element-f7519a6 elementor-widget-divider--view-line elementor-widget elementor-widget-divider\" data-id=\"f7519a6\" data-element_type=\"widget\" data-e-type=\"widget\" data-widget_type=\"divider.default\">\n\t\t\t\t<div class=\"elementor-widget-container\">\n\t\t\t\t\t\t\t<div class=\"elementor-divider\">\n\t\t\t<span class=\"elementor-divider-separator\">\n\t\t\t\t\t\t<\/span>\n\t\t<\/div>\n\t\t\t\t\t\t<\/div>\n\t\t\t\t<\/div>\n\t\t\t\t<div class=\"elementor-element elementor-element-978b3a2 elementor-widget elementor-widget-text-editor\" data-id=\"978b3a2\" data-element_type=\"widget\" data-e-type=\"widget\" data-widget_type=\"text-editor.default\">\n\t\t\t\t<div class=\"elementor-widget-container\">\n\t\t\t\t\t\t\t\t\t<p><span style=\"color: #ff0000;\"><span style=\"color: #ffffff;\">Em<\/span><strong> M-Stickers<\/strong><\/span> N\u00f3s lhe oferecemos um servi\u00e7o de cria\u00e7\u00e3o e instala\u00e7\u00e3o de capas para motos, claro. <strong>100% personaliz\u00e1vel<\/strong> ! Voc\u00ea quer mudar a cor e o estilo da sua moto de forma r\u00e1pida e econ\u00f4mica? <strong>Ent\u00e3o, n\u00e3o hesite mais e confie-nos o seu projeto.<\/strong>\u00a0 Personaliza\u00e7\u00e3o ilimitada gra\u00e7as a centenas de cores, escolha de materiais, texturas como:\u00a0<\/p><ul><li><strong>Cor s\u00f3lida<\/strong> Em fosco, brilhante, acetinado, metalizado, etc.<\/li><li><strong>Efeito carbono<\/strong>Em relevo!<\/li><li><strong>Revestindo Imprim\u00edvel<\/strong> para um visual \u00fanico. Com infinitas possibilidades de cria\u00e7\u00e3o: imagem, padr\u00e3o, ilustra\u00e7\u00e3o. Deixe sua imagina\u00e7\u00e3o falar.<\/li><li><strong>Camuflagem<\/strong> para um resultado discreto<\/li><li><strong>Hologr\u00e1fico<\/strong> Para um resultado \u00fanico<\/li><\/ul><p style=\"text-align: center;\">As possibilidades ainda s\u00e3o muitas. <a href=\"https:\/\/www.m-stickers.com\/pt\/2023\/01\/06\/le-covering-moto-une-personnalisation-economique\/\"><strong>Descubra mais aqui!<\/strong><\/a><\/p>\t\t\t\t\t\t\t\t<\/div>\n\t\t\t\t<\/div>\n\t\t\t\t\t<\/div>\n\t\t<\/div>\n\t\t\t\t\t<\/div>\n\t\t<\/section>\n\t\t\t\t<section class=\"elementor-section elementor-top-section elementor-element elementor-element-63e121e elementor-section-boxed elementor-section-height-default elementor-section-height-default\" data-id=\"63e121e\" data-element_type=\"section\" data-e-type=\"section\">\n\t\t\t\t\t\t<div class=\"elementor-container elementor-column-gap-default\">\n\t\t\t\t\t<div class=\"elementor-column elementor-col-100 elementor-top-column elementor-element elementor-element-ef7d42e\" data-id=\"ef7d42e\" data-element_type=\"column\" data-e-type=\"column\">\n\t\t\t<div class=\"elementor-widget-wrap elementor-element-populated\">\n\t\t\t\t\t\t<div class=\"elementor-element elementor-element-2920a74 elementor-widget elementor-widget-heading\" data-id=\"2920a74\" data-element_type=\"widget\" data-e-type=\"widget\" data-widget_type=\"heading.default\">\n\t\t\t\t<div class=\"elementor-widget-container\">\n\t\t\t\t\t<h3 class=\"elementor-heading-title elementor-size-xxl\">Personalize a sua moto<\/h3>\t\t\t\t<\/div>\n\t\t\t\t<\/div>\n\t\t\t\t<div class=\"elementor-element elementor-element-e307ce4 elementor-widget elementor-widget-heading\" data-id=\"e307ce4\" data-element_type=\"widget\" data-e-type=\"widget\" data-widget_type=\"heading.default\">\n\t\t\t\t<div class=\"elementor-widget-container\">\n\t\t\t\t\t<h3 class=\"elementor-heading-title elementor-size-large\">Com um revestimento <\/h3>\t\t\t\t<\/div>\n\t\t\t\t<\/div>\n\t\t\t\t<div class=\"elementor-element elementor-element-1744f5b elementor-widget elementor-widget-image\" data-id=\"1744f5b\" data-element_type=\"widget\" data-e-type=\"widget\" data-widget_type=\"image.default\">\n\t\t\t\t<div class=\"elementor-widget-container\">\n\t\t\t\t\t\t\t\t\t\t\t\t\t\t\t<img decoding=\"async\" width=\"1024\" height=\"683\" src=\"https:\/\/www.m-stickers.com\/wp-content\/uploads\/2023\/01\/pexels-photo-9166718-1024x683.jpeg\" class=\"attachment-large size-large wp-image-41486\" alt=\"\" srcset=\"https:\/\/www.m-stickers.com\/wp-content\/uploads\/2023\/01\/pexels-photo-9166718-1024x683.jpeg 1024w, https:\/\/www.m-stickers.com\/wp-content\/uploads\/2023\/01\/pexels-photo-9166718-600x400.jpeg 600w, https:\/\/www.m-stickers.com\/wp-content\/uploads\/2023\/01\/pexels-photo-9166718-300x200.jpeg 300w, https:\/\/www.m-stickers.com\/wp-content\/uploads\/2023\/01\/pexels-photo-9166718-768x512.jpeg 768w, https:\/\/www.m-stickers.com\/wp-content\/uploads\/2023\/01\/pexels-photo-9166718.jpeg 1124w\" sizes=\"(max-width: 1024px) 100vw, 1024px\" \/>\t\t\t\t\t\t\t\t\t\t\t\t\t\t\t<\/div>\n\t\t\t\t<\/div>\n\t\t\t\t<div class=\"elementor-element elementor-element-afab710 elementor-button-danger elementor-align-center elementor-widget elementor-widget-button\" data-id=\"afab710\" data-element_type=\"widget\" data-e-type=\"widget\" data-widget_type=\"button.default\">\n\t\t\t\t<div class=\"elementor-widget-container\">\n\t\t\t\t\t\t\t\t\t<div class=\"elementor-button-wrapper\">\n\t\t\t\t\t<a class=\"elementor-button elementor-button-link elementor-size-lg\" href=\"https:\/\/www.m-stickers.com\/pt\/contato\/\">\n\t\t\t\t\t\t<span class=\"elementor-button-content-wrapper\">\n\t\t\t\t\t\t\t\t\t<span class=\"elementor-button-text\">Solicite um or\u00e7amento<\/span>\n\t\t\t\t\t<\/span>\n\t\t\t\t\t<\/a>\n\t\t\t\t<\/div>\n\t\t\t\t\t\t\t\t<\/div>\n\t\t\t\t<\/div>\n\t\t\t\t\t<\/div>\n\t\t<\/div>\n\t\t\t\t\t<\/div>\n\t\t<\/section>\n\t\t\t\t<section class=\"elementor-section elementor-top-section elementor-element elementor-element-c90e697 elementor-section-boxed elementor-section-height-default elementor-section-height-default\" data-id=\"c90e697\" data-element_type=\"section\" data-e-type=\"section\">\n\t\t\t\t\t\t<div class=\"elementor-container elementor-column-gap-default\">\n\t\t\t\t\t<div class=\"elementor-column elementor-col-100 elementor-top-column elementor-element elementor-element-19469c6\" data-id=\"19469c6\" data-element_type=\"column\" data-e-type=\"column\">\n\t\t\t<div class=\"elementor-widget-wrap elementor-element-populated\">\n\t\t\t\t\t\t<div class=\"elementor-element elementor-element-bd01d5e elementor-widget elementor-widget-heading\" data-id=\"bd01d5e\" data-element_type=\"widget\" data-e-type=\"widget\" data-widget_type=\"heading.default\">\n\t\t\t\t<div class=\"elementor-widget-container\">\n\t\t\t\t\t<h2 class=\"elementor-heading-title elementor-size-xl\">Uma aplica\u00e7\u00e3o de revestimento profissional<\/h2>\t\t\t\t<\/div>\n\t\t\t\t<\/div>\n\t\t\t\t<div class=\"elementor-element elementor-element-333c663 elementor-widget elementor-widget-text-editor\" data-id=\"333c663\" data-element_type=\"widget\" data-e-type=\"widget\" data-widget_type=\"text-editor.default\">\n\t\t\t\t<div class=\"elementor-widget-container\">\n\t\t\t\t\t\t\t\t\t<p>Confie-nos a cria\u00e7\u00e3o e a instala\u00e7\u00e3o do seu covering de moto! Quer tenha uma ideia precisa, ou apenas um desejo de covering, n\u00f3s acompanhamo-lo na realiza\u00e7\u00e3o do seu projeto com a nossa equipa de designers gr\u00e1ficos e instaladores profissionais!\u00a0<\/p><p>Fale-nos sobre seu projeto e veremos juntos como realiz\u00e1-lo de acordo com suas expectativas e seu or\u00e7amento. Da aplica\u00e7\u00e3o de um revestimento de cor s\u00f3lida \u00e0 cria\u00e7\u00e3o e impress\u00e3o de um design complexo e \u00fanico. Uma equipe de profissionais estar\u00e1 dispon\u00edvel para lhe aconselhar.<\/p>\t\t\t\t\t\t\t\t<\/div>\n\t\t\t\t<\/div>\n\t\t\t\t<div class=\"elementor-element elementor-element-10a3b50 elementor-widget-divider--view-line elementor-widget elementor-widget-divider\" data-id=\"10a3b50\" data-element_type=\"widget\" data-e-type=\"widget\" data-widget_type=\"divider.default\">\n\t\t\t\t<div class=\"elementor-widget-container\">\n\t\t\t\t\t\t\t<div class=\"elementor-divider\">\n\t\t\t<span class=\"elementor-divider-separator\">\n\t\t\t\t\t\t<\/span>\n\t\t<\/div>\n\t\t\t\t\t\t<\/div>\n\t\t\t\t<\/div>\n\t\t\t\t<div class=\"elementor-element elementor-element-dd28038 elementor-widget elementor-widget-heading\" data-id=\"dd28038\" data-element_type=\"widget\" data-e-type=\"widget\" data-widget_type=\"heading.default\">\n\t\t\t\t<div class=\"elementor-widget-container\">\n\t\t\t\t\t<h2 class=\"elementor-heading-title elementor-size-large\">A vantagem de um revestimento para moto<\/h2>\t\t\t\t<\/div>\n\t\t\t\t<\/div>\n\t\t\t\t<div class=\"elementor-element elementor-element-023f91c elementor-widget elementor-widget-text-editor\" data-id=\"023f91c\" data-element_type=\"widget\" data-e-type=\"widget\" data-widget_type=\"text-editor.default\">\n\t\t\t\t<div class=\"elementor-widget-container\">\n\t\t\t\t\t\t\t\t\t<p><strong>O revestimento de moto<\/strong> apresenta muitas vantagens em compara\u00e7\u00e3o com uma pintura completa ou um kit de decora\u00e7\u00e3o tradicional.<\/p><ul><li>Primeiro, ele(a) \u00e9 <strong>menos caro<\/strong>Principalmente se voc\u00ea deseja mudar frequentemente a cor da sua moto.  De fato, aplicar um covering na sua moto \u00e9 muito f\u00e1cil de remover e substituir.<\/li><li>Al\u00e9m disso, o adesivamento \u00e9 uma solu\u00e7\u00e3o eficaz para <strong>proteger a pintura<\/strong> Da origem do ve\u00edculo. Ele a protege de poss\u00edveis arranh\u00f5es e varia\u00e7\u00f5es de tom causadas pelo sol e pelas intemp\u00e9ries.<\/li><li><strong>Personaliza\u00e7\u00e3o<\/strong> de sua motocicleta \u00e9 um ponto forte igualmente not\u00e1vel. Gra\u00e7as ao envelopamento, \u00e9 poss\u00edvel criar qualquer design, forma, cor e gradiente. Seja sua ideia ou uma realiza\u00e7\u00e3o \u00fanica de nossos designers gr\u00e1ficos.\u00a0<\/li><li><strong>Um dia<\/strong>\u00c9ste o tempo que nossa equipe leva para aplicar um covering completo na sua moto. Isso pode variar de acordo com o modelo e a complexidade do carenagem.<\/li><\/ul>\t\t\t\t\t\t\t\t<\/div>\n\t\t\t\t<\/div>\n\t\t\t\t<div class=\"elementor-element elementor-element-53e115c elementor-widget elementor-widget-heading\" data-id=\"53e115c\" data-element_type=\"widget\" data-e-type=\"widget\" data-widget_type=\"heading.default\">\n\t\t\t\t<div class=\"elementor-widget-container\">\n\t\t\t\t\t<h2 class=\"elementor-heading-title elementor-size-default\">Cobrindo moto em Lyon<\/h2>\t\t\t\t<\/div>\n\t\t\t\t<\/div>\n\t\t\t\t<div class=\"elementor-element elementor-element-0466f5c elementor-widget elementor-widget-text-editor\" data-id=\"0466f5c\" data-element_type=\"widget\" data-e-type=\"widget\" data-widget_type=\"text-editor.default\">\n\t\t\t\t<div class=\"elementor-widget-container\">\n\t\t\t\t\t\t\t\t\t<p>Nosso ateli\u00ea M-Stickers fica em Lyon; \u00e9 poss\u00edvel vir ao local, ap\u00f3s agendamento pr\u00e9vio, para a instala\u00e7\u00e3o. A sua moto n\u00e3o ficar\u00e1 guardada por mais de um dia. A nossa equipe de instaladores tamb\u00e9m pode deslocar-se, dependendo do caso.<\/p>\t\t\t\t\t\t\t\t<\/div>\n\t\t\t\t<\/div>\n\t\t\t\t<div class=\"elementor-element elementor-element-63acacc elementor-button-danger elementor-align-center elementor-widget elementor-widget-button\" data-id=\"63acacc\" data-element_type=\"widget\" data-e-type=\"widget\" data-widget_type=\"button.default\">\n\t\t\t\t<div class=\"elementor-widget-container\">\n\t\t\t\t\t\t\t\t\t<div class=\"elementor-button-wrapper\">\n\t\t\t\t\t<a class=\"elementor-button elementor-button-link elementor-size-md\" href=\"https:\/\/www.m-stickers.com\/pt\/contato\/\">\n\t\t\t\t\t\t<span class=\"elementor-button-content-wrapper\">\n\t\t\t\t\t\t\t\t\t<span class=\"elementor-button-text\">Entre em contato conosco<\/span>\n\t\t\t\t\t<\/span>\n\t\t\t\t\t<\/a>\n\t\t\t\t<\/div>\n\t\t\t\t\t\t\t\t<\/div>\n\t\t\t\t<\/div>\n\t\t\t\t<div class=\"elementor-element elementor-element-85982f6 elementor-widget-divider--view-line elementor-widget elementor-widget-divider\" data-id=\"85982f6\" data-element_type=\"widget\" data-e-type=\"widget\" data-widget_type=\"divider.default\">\n\t\t\t\t<div class=\"elementor-widget-container\">\n\t\t\t\t\t\t\t<div class=\"elementor-divider\">\n\t\t\t<span class=\"elementor-divider-separator\">\n\t\t\t\t\t\t<\/span>\n\t\t<\/div>\n\t\t\t\t\t\t<\/div>\n\t\t\t\t<\/div>\n\t\t\t\t<div class=\"elementor-element elementor-element-5a99296 elementor-widget elementor-widget-heading\" data-id=\"5a99296\" data-element_type=\"widget\" data-e-type=\"widget\" data-widget_type=\"heading.default\">\n\t\t\t\t<div class=\"elementor-widget-container\">\n\t\t\t\t\t<h3 class=\"elementor-heading-title elementor-size-large\">Nossos outros produtos - adesivos para motos<\/h3>\t\t\t\t<\/div>\n\t\t\t\t<\/div>\n\t\t\t\t<div class=\"elementor-element elementor-element-67b145d elementor-grid-3 elementor-grid-tablet-3 elementor-grid-mobile-2 elementor-products-grid elementor-wc-products elementor-widget elementor-widget-wc-categories\" data-id=\"67b145d\" data-element_type=\"widget\" data-e-type=\"widget\" data-widget_type=\"wc-categories.default\">\n\t\t\t\t<div class=\"elementor-widget-container\">\n\t\t\t\t\t<div class=\"woocommerce columns-3\">\r\n<ul class=\"products elementor-grid oceanwp-row clr grid tablet-col tablet-2-col mobile-col mobile-1-col infinite-scroll-wrap\">\r\n<li class=\"product-category product first col span_1_of_3\">\n\t<a aria-label=\"Visite a categoria de produto Stickers Jante\" href=\"https:\/\/www.m-stickers.com\/pt\/categorie-produit\/kits-stickers-jantes-moto-complet\/\" data-no-translation-aria-label=\"\"><div class=\"product-inner clr\"><div class=\"woo-entry-image clr\"><a href=\"https:\/\/www.m-stickers.com\/pt\/categorie-produit\/kits-stickers-jantes-moto-complet\/\"><img decoding=\"async\" src=\"https:\/\/www.m-stickers.com\/wp-content\/uploads\/2021\/01\/liniature-Kit-deco-300x300.png\" alt=\"Autocolantes para rodas\" width=\"300\" height=\"300\" srcset=\"https:\/\/www.m-stickers.com\/wp-content\/uploads\/2021\/01\/liniature-Kit-deco-300x300.png 300w, https:\/\/www.m-stickers.com\/wp-content\/uploads\/2021\/01\/liniature-Kit-deco-100x100.png 100w, https:\/\/www.m-stickers.com\/wp-content\/uploads\/2021\/01\/liniature-Kit-deco-150x150.png 150w\" sizes=\"(max-width: 300px) 100vw, 300px\" \/><\/a><\/div><div class=\"woo-entry-inner clr\"><a href=\"https:\/\/www.m-stickers.com\/pt\/categorie-produit\/kits-stickers-jantes-moto-complet\/\">\t\t<h2 class=\"woocommerce-loop-category__title\">\n\t\t\tAutocolantes para rodas <mark class=\"count\">(223)<\/mark>\t\t<\/h2>\n\t\t<\/a><div class=\"woo-desc\"><div class=\"description\">Descubra os nossos kits de autocolantes para jantes Fabricados em Fran\u00e7a, os nossos kits de decora\u00e7\u00e3o de jantes, autocolantes e orlas para motos s\u00e3o \u00fanicos....<\/div><\/div><\/div><\/div><\/a><\/li>\n<li class=\"product-category product col span_1_of_3\">\n\t<a aria-label=\"Visite a categoria de produto Kit D\u00e9co\" href=\"https:\/\/www.m-stickers.com\/pt\/categorie-produit\/kit-deco\/\" data-no-translation-aria-label=\"\"><div class=\"product-inner clr\"><div class=\"woo-entry-image clr\"><a href=\"https:\/\/www.m-stickers.com\/pt\/categorie-produit\/kit-deco\/\"><img loading=\"lazy\" decoding=\"async\" src=\"https:\/\/www.m-stickers.com\/wp-content\/uploads\/2021\/11\/kit-deco-1-300x300.png\" alt=\"Kit Deco\" width=\"300\" height=\"300\" srcset=\"https:\/\/www.m-stickers.com\/wp-content\/uploads\/2021\/11\/kit-deco-1-300x300.png 300w, https:\/\/www.m-stickers.com\/wp-content\/uploads\/2021\/11\/kit-deco-1-100x100.png 100w, https:\/\/www.m-stickers.com\/wp-content\/uploads\/2021\/11\/kit-deco-1-150x150.png 150w\" sizes=\"(max-width: 300px) 100vw, 300px\" \/><\/a><\/div><div class=\"woo-entry-inner clr\"><a href=\"https:\/\/www.m-stickers.com\/pt\/categorie-produit\/kit-deco\/\">\t\t<h2 class=\"woocommerce-loop-category__title\">\n\t\t\tKit Deco <mark class=\"count\">(29)<\/mark>\t\t<\/h2>\n\t\t<\/a><div class=\"woo-desc\"><div class=\"description\">A M-Stickers cria e aplica revestimentos \u00fanicos para a sua mota. Clique aqui para saber mais! Descubra os nossos...<\/div><\/div><\/div><\/div><\/a><\/li>\n<li class=\"product-category product last col span_1_of_3\">\n\t<a aria-label=\"Visite a categoria de produto Stickers casque\" href=\"https:\/\/www.m-stickers.com\/pt\/categorie-produit\/destockage\/stickers-casque\/\" data-no-translation-aria-label=\"\"><div class=\"product-inner clr\"><div class=\"woo-entry-image clr\"><a href=\"https:\/\/www.m-stickers.com\/pt\/categorie-produit\/destockage\/stickers-casque\/\"><img loading=\"lazy\" decoding=\"async\" src=\"https:\/\/www.m-stickers.com\/wp-content\/uploads\/2022\/07\/miniature-casque-300x300.webp\" alt=\"Etiquetas para capacete\" width=\"300\" height=\"300\" srcset=\"https:\/\/www.m-stickers.com\/wp-content\/uploads\/2022\/07\/miniature-casque-300x300.png 300w, https:\/\/www.m-stickers.com\/wp-content\/uploads\/2022\/07\/miniature-casque-100x100.png 100w, https:\/\/www.m-stickers.com\/wp-content\/uploads\/2022\/07\/miniature-casque-150x150.webp 150w\" sizes=\"(max-width: 300px) 100vw, 300px\" \/><\/a><\/div><div class=\"woo-entry-inner clr\"><a href=\"https:\/\/www.m-stickers.com\/pt\/categorie-produit\/destockage\/stickers-casque\/\">\t\t<h2 class=\"woocommerce-loop-category__title\">\n\t\t\tEtiquetas para capacete <mark class=\"count\">(2)<\/mark>\t\t<\/h2>\n\t\t<\/a><div class=\"woo-desc\"><div class=\"description\">Liquida\u00e7\u00e3o e promo\u00e7\u00f5es nos nossos produtos e vinis de capacete de moto. At\u00e9 -50%.<\/div><\/div><\/div><\/div><\/a><\/li>\n<\/ul>\n<\/div>\t\t\t\t<\/div>\n\t\t\t\t<\/div>\n\t\t\t\t\t<\/div>\n\t\t<\/div>\n\t\t\t\t\t<\/div>\n\t\t<\/section>\n\t\t\t\t<\/div>","protected":false},"excerpt":{"rendered":"<p>Covering moto 100\u2009% Personnalisable Le covering moto est une technique de rev\u00eatement de surface qui ne n\u00e9cessite ni pon\u00e7age ni temps de s\u00e9chage lors de son application, contrairement \u00e0 la peinture. Cette solution est pratique, \u00e9conomique et garantit un rendu impeccable sur les motos. Elle peut \u00eatre utilis\u00e9e sur tous types de moto, roadster, sportive, [&hellip;]<\/p>\n","protected":false},"author":1,"featured_media":0,"parent":0,"menu_order":0,"comment_status":"closed","ping_status":"closed","template":"","meta":{"footnotes":""},"class_list":["post-41478","page","type-page","status-publish","hentry","entry","owp-thumbs-layout-horizontal","owp-btn-big","owp-tabs-layout-horizontal","has-no-thumbnails"],"ase":null,"_links":{"self":[{"href":"https:\/\/www.m-stickers.com\/pt\/wp-json\/wp\/v2\/pages\/41478","targetHints":{"allow":["GET"]}}],"collection":[{"href":"https:\/\/www.m-stickers.com\/pt\/wp-json\/wp\/v2\/pages"}],"about":[{"href":"https:\/\/www.m-stickers.com\/pt\/wp-json\/wp\/v2\/types\/page"}],"author":[{"embeddable":true,"href":"https:\/\/www.m-stickers.com\/pt\/wp-json\/wp\/v2\/users\/1"}],"replies":[{"embeddable":true,"href":"https:\/\/www.m-stickers.com\/pt\/wp-json\/wp\/v2\/comments?post=41478"}],"version-history":[{"count":0,"href":"https:\/\/www.m-stickers.com\/pt\/wp-json\/wp\/v2\/pages\/41478\/revisions"}],"wp:attachment":[{"href":"https:\/\/www.m-stickers.com\/pt\/wp-json\/wp\/v2\/media?parent=41478"}],"curies":[{"name":"Pneu","href":"https:\/\/api.w.org\/{rel}","templated":true}]}}