{"id":4390,"date":"2020-11-18T23:42:20","date_gmt":"2020-11-18T22:42:20","guid":{"rendered":"https:\/\/www.m-stickers.com\/?page_id=4390"},"modified":"2026-01-14T20:12:11","modified_gmt":"2026-01-14T19:12:11","slug":"condicoes-gerais-de-venda","status":"publish","type":"page","link":"https:\/\/www.m-stickers.com\/pt\/conditions-generales-de-vente\/","title":{"rendered":"Termos e condi\u00e7\u00f5es de venda"},"content":{"rendered":"<div data-elementor-type=\"wp-page\" data-elementor-id=\"4390\" class=\"elementor elementor-4390\" data-elementor-post-type=\"page\">\n\t\t\t\t\t\t<section class=\"elementor-section elementor-top-section elementor-element elementor-element-2ce336a9 elementor-section-boxed elementor-section-height-default elementor-section-height-default\" data-id=\"2ce336a9\" data-element_type=\"section\" data-e-type=\"section\">\n\t\t\t\t\t\t<div class=\"elementor-container elementor-column-gap-default\">\n\t\t\t\t\t<div class=\"elementor-column elementor-col-100 elementor-top-column elementor-element elementor-element-27358880\" data-id=\"27358880\" data-element_type=\"column\" data-e-type=\"column\">\n\t\t\t<div class=\"elementor-widget-wrap elementor-element-populated\">\n\t\t\t\t\t\t<div class=\"elementor-element elementor-element-61298ac7 elementor-widget elementor-widget-text-editor\" data-id=\"61298ac7\" data-element_type=\"widget\" data-e-type=\"widget\" data-widget_type=\"text-editor.default\">\n\t\t\t\t<div class=\"elementor-widget-container\">\n\t\t\t\t\t\t\t\t\t<hr data-start=\"696\" data-end=\"699\">\n<h1 style=\"text-align: center;\" data-start=\"701\" data-end=\"734\">CONDI\u00c7\u00d5ES GERAIS DE VENDA<\/h1>\n<p data-start=\"735\" data-end=\"770\"><strong data-start=\"735\" data-end=\"770\">M-Stickers \u2013 <a class=\"decorated-link\" href=\"http:\/\/www.m-stickers.com\/pt\/\" target=\"_new\" rel=\"noopener\" data-start=\"750\" data-end=\"768\">www.m-stickers.com<\/a><\/strong><\/p>\n<hr data-start=\"814\" data-end=\"817\">\n<h2 data-start=\"819\" data-end=\"831\">PRE\u00c2MBULO<\/h2>\n<p data-start=\"833\" data-end=\"981\">As presentes Condi\u00e7\u00f5es Gerais de Venda (doravante designadas por \u00abCGV\u00bb) regem todas as vendas celebradas atrav\u00e9s do website <strong data-start=\"958\" data-end=\"980\"><a class=\"decorated-link\" href=\"http:\/\/www.m-stickers.com\/pt\/\" target=\"_new\" rel=\"noopener\" data-start=\"960\" data-end=\"978\">www.m-stickers.com<\/a><\/strong>.<\/p>\n<p data-start=\"983\" data-end=\"1112\">A marca <strong data-start=\"993\" data-end=\"1007\">M-Stickers<\/strong> \u00e9 uma marca comercial operada pela empresa <strong data-start=\"1060\" data-end=\"1077\">MSTKS HOLDING<\/strong>, doravante denominada \u00ab o Vendedor \u00bb.<\/p>\n<p data-start=\"1114\" data-end=\"1236\">Todo pedido feito no site implica na aceita\u00e7\u00e3o plena, integral e sem reservas destas CGV pelo Comprador.<\/p>\n<hr data-start=\"1238\" data-end=\"1241\">\n<h2 data-start=\"1243\" data-end=\"1278\">ARTIGO 1 \u2013 IDENTIDADE DAS PARTES<\/h2>\n<h3 data-start=\"1280\" data-end=\"1294\">O Vendedor<\/h3>\n<p data-start=\"1296\" data-end=\"1390\">A marca <strong data-start=\"1306\" data-end=\"1320\">M-Stickers<\/strong>, operado por <strong data-start=\"1336\" data-end=\"1353\">MSTKS HOLDING<\/strong>,<br data-start=\"1354\" data-end=\"1357\">doravante denominada \u00abo Vendedor\u00bb.<\/p>\n<p data-start=\"1392\" data-end=\"1453\">Contato :<br data-start=\"1401\" data-end=\"1404\"><img decoding=\"async\" draggable=\"false\" role=\"img\" class=\"emoji\" alt=\"\ud83d\udce7\" src=\"https:\/\/s.w.org\/images\/core\/emoji\/17.0.2\/svg\/1f4e7.svg\"> <a class=\"decorated-link cursor-pointer\" rel=\"noopener\" data-start=\"1407\" data-end=\"1429\">contact@m-stickers.com<\/a><br data-start=\"1429\" data-end=\"1432\"><img decoding=\"async\" draggable=\"false\" role=\"img\" class=\"emoji\" alt=\"\ud83c\udf10\" src=\"https:\/\/s.w.org\/images\/core\/emoji\/17.0.2\/svg\/1f310.svg\"> <a class=\"decorated-link\" href=\"http:\/\/www.m-stickers.com\/pt\/\" target=\"_new\" rel=\"noopener\" data-start=\"1435\" data-end=\"1453\">www.m-stickers.com<\/a><\/p>\n<hr data-start=\"1455\" data-end=\"1458\">\n<h3 data-start=\"1460\" data-end=\"1474\">O comprador<\/h3>\n<p data-start=\"1476\" data-end=\"1609\">Qualquer pessoa f\u00edsica ou jur\u00eddica que compra produtos atrav\u00e9s do site <a class=\"decorated-link\" href=\"http:\/\/www.m-stickers.com\/pt\/\" target=\"_new\" rel=\"noopener\" data-start=\"1554\" data-end=\"1572\">www.m-stickers.com<\/a>,<br data-start=\"1573\" data-end=\"1576\">doravante denominado \u00abo Comprador\u00bb.<\/p>\n<hr data-start=\"1611\" data-end=\"1614\">\n<h2 data-start=\"1616\" data-end=\"1644\">ARTIGO 2 \u2013 OBJETO DAS CONDI\u00c7\u00d5ES GERAIS DE VENDA<\/h2>\n<p data-start=\"1646\" data-end=\"1691\">O objetivo destes Termos e Condi\u00e7\u00f5es \u00e9 definir:<\/p>\n<ul>\n<li data-start=\"1695\" data-end=\"1756\">termos de venda dos produtos oferecidos pela M-Stickers,<\/li>\n<li data-start=\"1759\" data-end=\"1824\">os direitos e obriga\u00e7\u00f5es respetivos do Vendedor e do Comprador,<\/li>\n<li data-start=\"1827\" data-end=\"1895\">os termos de pedido, pagamento, entrega e garantia.<\/li>\n<\/ul>\n<p data-start=\"1897\" data-end=\"1984\">Est\u00e3o dispon\u00edveis a qualquer momento no site e prevalecem sobre qualquer outro documento.<\/p>\n<hr data-start=\"1986\" data-end=\"1989\">\n<h2 data-start=\"1991\" data-end=\"2014\">ARTIGO 3 \u2013 PRODUTOS<\/h2>\n<h3 data-start=\"2016\" data-end=\"2043\">3.1 Natureza dos produtos<\/h3>\n<p data-start=\"2045\" data-end=\"2099\">Os produtos oferecidos para venda s\u00e3o principalmente:<\/p>\n<ul>\n<li data-start=\"2103\" data-end=\"2132\">kits decorativos de aros de motocicleta,<\/li>\n<li data-start=\"2135\" data-end=\"2148\">um jogo de faixas decorativas para jantes,<\/li>\n<li data-start=\"2151\" data-end=\"2185\">decalques e produtos relacionados.<\/li>\n<\/ul>\n<p data-start=\"2187\" data-end=\"2358\">A maioria dos produtos s\u00e3o <strong data-start=\"2217\" data-end=\"2244\">feitos sob encomenda<\/strong>, muitas vezes <strong data-start=\"2254\" data-end=\"2271\">personalizados<\/strong> dependendo das escolhas do Comprador (dimens\u00f5es, cores, acabamentos, efeitos, textos, etc.).<\/p>\n<hr data-start=\"2360\" data-end=\"2363\">\n<h3 data-start=\"2365\" data-end=\"2385\">### 3.2 Apresenta\u00e7\u00e3o<\/h3>\n<p data-start=\"2387\" data-end=\"2495\">Cada produto \u00e9 apresentado no site com uma descri\u00e7\u00e3o detalhada das suas caracter\u00edsticas essenciais.<\/p>\n<p data-start=\"2497\" data-end=\"2789\">Os visuais, fotografias, renderiza\u00e7\u00f5es 3D, simula\u00e7\u00f5es do configurador ou exemplos de trabalhos realizados s\u00e3o fornecidos <strong data-start=\"2613\" data-end=\"2653\">para fins informativos e n\u00e3o contratuais<\/strong>.<br data-start=\"2654\" data-end=\"2657\">Pode haver ligeiras varia\u00e7\u00f5es de cor, aspeto ou acabamento dependendo dos ecr\u00e3s, suportes ou processos de impress\u00e3o.<\/p>\n<hr data-start=\"2791\" data-end=\"2794\">\n<h2 data-start=\"2796\" data-end=\"2815\">ARTIGO 4 \u2013 PRE\u00c7O<\/h2>\n<h3 data-start=\"2817\" data-end=\"2838\">4.1 Pre\u00e7os exibidos<\/h3>\n<p data-start=\"2635\" data-end=\"2688\">O pre\u00e7o do produto \u00e9 indicado em euros <strong data-start=\"2680\" data-end=\"2687\">IVA inclu\u00eddo<\/strong>.<\/p><p data-start=\"2690\" data-end=\"2863\">Conforme ao artigo <strong data-start=\"2715\" data-end=\"2750\">293B do C\u00f3digo Tribut\u00e1rio Geral<\/strong>, a <strong data-start=\"2755\" data-end=\"2783\">IVA n\u00e3o aplic\u00e1vel<\/strong>.<br data-start=\"2784\" data-end=\"2787\">\nOs pre\u00e7os exibidos n\u00e3o incluem, portanto, <strong data-start=\"2825\" data-end=\"2862\">sem valor adicional<\/strong>.<\/p><p data-start=\"2865\" data-end=\"2968\">Os custos de envio s\u00e3o indicados antes da valida\u00e7\u00e3o do pedido e adicionados ao valor total.<\/p><p data-start=\"2840\" data-end=\"2930\">\n\n\n<\/p><p data-start=\"2970\" data-end=\"3155\">A M-Stickers reserva-se o direito de alterar os seus pre\u00e7os a qualquer momento.<br data-start=\"3036\" data-end=\"3039\">\nNo entanto, os produtos ser\u00e3o faturados com base nos pre\u00e7os em vigor no momento da valida\u00e7\u00e3o do pedido.<\/p>\n<p data-start=\"2932\" data-end=\"3015\">Os custos de envio s\u00e3o especificados antes da valida\u00e7\u00e3o final do pedido.<\/p>\n<hr data-start=\"3017\" data-end=\"3020\">\n<h3 data-start=\"3022\" data-end=\"3051\">4.2 Modifica\u00e7\u00e3o de Pre\u00e7os<\/h3>\n<p data-start=\"3053\" data-end=\"3119\">O Vendedor reserva-se o direito de alterar os seus pre\u00e7os a qualquer momento.<\/p>\n<p data-start=\"3121\" data-end=\"3248\">Contudo, os produtos s\u00e3o faturados com base na tarifa em vigor no momento da valida\u00e7\u00e3o da encomenda pelo Comprador.<\/p>\n<hr data-start=\"3250\" data-end=\"3253\">\n<h2 data-start=\"3255\" data-end=\"3278\">ARTIGO 5 \u2013 ENCOMENDA<\/h2>\n<h3 data-start=\"3280\" data-end=\"3309\">5.1 Processo de encomenda<\/h3>\n<p data-start=\"3311\" data-end=\"3448\">O Comprador seleciona os seus produtos, verifica o resumo da encomenda (produtos, op\u00e7\u00f5es, pre\u00e7o, entrega) e depois procede ao pagamento.<\/p>\n<p data-start=\"3450\" data-end=\"3485\">A valida\u00e7\u00e3o do pedido vale:<\/p>\n<ul>\n<li data-start=\"3489\" data-end=\"3510\">aceita\u00e7\u00e3o dos pre\u00e7os,<\/li>\n<li data-start=\"3513\" data-end=\"3551\">aceita\u00e7\u00e3o das descri\u00e7\u00f5es dos produtos,<\/li>\n<li data-start=\"3554\" data-end=\"3584\">aceita\u00e7\u00e3o destes Termos e Condi\u00e7\u00f5es,<\/li>\n<li data-start=\"3587\" data-end=\"3628\">forma\u00e7\u00e3o definitiva do contrato de venda.<\/li>\n<\/ul>\n<hr data-start=\"3630\" data-end=\"3633\">\n<h3 data-start=\"3635\" data-end=\"3674\">5.2 Recusa ou cancelamento de pedido<\/h3>\n<p data-start=\"3676\" data-end=\"3754\">O Vendedor reserva-se o direito de recusar ou cancelar qualquer encomenda em caso de:<\/p>\n<ul>\n<li data-start=\"3758\" data-end=\"3794\">de lit\u00edgio anterior com o Comprador,<\/li>\n<li data-start=\"3797\" data-end=\"3813\">de n\u00e3o pagamento,<\/li>\n<li data-start=\"3816\" data-end=\"3839\">de suspeita de fraude,<\/li>\n<li data-start=\"3842\" data-end=\"3893\">de erro manifesto no pre\u00e7o ou na configura\u00e7\u00e3o.<\/li>\n<\/ul>\n<hr data-start=\"3895\" data-end=\"3898\">\n<h2 data-start=\"3900\" data-end=\"3923\">ARTIGO 6 \u2013 PAGAMENTO<\/h2>\n<h3 data-start=\"3925\" data-end=\"3942\">6.1 Modalidades<\/h3>\n<p data-start=\"3944\" data-end=\"3997\">O pagamento \u00e9 exig\u00edvel imediatamente na encomenda.<\/p>\n<p data-start=\"3999\" data-end=\"4028\">Meios de pagamento aceites:<\/p>\n<ul>\n<li data-start=\"4031\" data-end=\"4046\">Cart\u00e3o de cr\u00e9dito,<\/li>\n<li data-start=\"4049\" data-end=\"4056\">Paypal.<\/li>\n<\/ul>\n<p data-start=\"4058\" data-end=\"4130\">Os pagamentos s\u00e3o seguros atrav\u00e9s de provedores de pagamento certificados.<\/p>\n<hr data-start=\"4132\" data-end=\"4135\">\n<h3 data-start=\"4137\" data-end=\"4153\">6.2 Seguran\u00e7a<\/h3>\n<p data-start=\"4155\" data-end=\"4260\">Em nenhum momento as informa\u00e7\u00f5es banc\u00e1rias do Comprador s\u00e3o transmitidas ou armazenadas pelo Vendedor.<\/p>\n<hr data-start=\"4262\" data-end=\"4265\">\n<h2 data-start=\"4267\" data-end=\"4302\">ARTIGO 7 \u2013 RESERVA DE PROPRIEDADE<\/h2>\n<p data-start=\"4304\" data-end=\"4408\">Os produtos permanecem propriedade do Vendedor at\u00e9 o pagamento integral do pre\u00e7o, incluindo taxas e impostos.<\/p>\n<hr data-start=\"4410\" data-end=\"4413\">\n<h2 data-start=\"4415\" data-end=\"4451\">ARTIGO 8 \u2013 DIREITO DE LIVRE RESOLU\u00c7\u00c3O<\/h2>\n<h3 data-start=\"4453\" data-end=\"4477\">8.1 Princ\u00edpio geral<\/h3>\n<p data-start=\"4479\" data-end=\"4675\">De acordo com os artigos L221-18 e seguintes do C\u00f3digo de Consumidores, o Comprador disp\u00f5e de um prazo de <strong data-start=\"4586\" data-end=\"4598\">14 dias<\/strong> a partir do recebimento do produto para exercer o seu direito de retracta\u00e7\u00e3o.<\/p>\n<hr data-start=\"4677\" data-end=\"4680\">\n<h3 data-start=\"4682\" data-end=\"4724\">8.2 Exce\u00e7\u00e3o \u2013 Produtos Personalizados<\/h3>\n<p data-start=\"4726\" data-end=\"4742\"><img decoding=\"async\" draggable=\"false\" role=\"img\" class=\"emoji\" alt=\"\u26a0\ufe0f\" src=\"https:\/\/s.w.org\/images\/core\/emoji\/17.0.2\/svg\/26a0.svg\"> <strong data-start=\"4729\" data-end=\"4742\">IMPORTANTE<\/strong><\/p>\n<p data-start=\"4744\" data-end=\"4891\">Conforme ao artigo L221-28 do C\u00f3digo do Consumidor, <strong data-start=\"4805\" data-end=\"4878\">O direito de retracta\u00e7\u00e3o n\u00e3o se aplica a produtos personalizados<\/strong>, especificamente:<\/p>\n<ul>\n<li data-start=\"4895\" data-end=\"4914\">formas espec\u00edficas,<\/li>\n<li data-start=\"4917\" data-end=\"4941\">Cores personalizadas,<\/li>\n<li data-start=\"4944\" data-end=\"4976\">textos ou gr\u00e1ficos personalizados,<\/li>\n<li data-start=\"4979\" data-end=\"5004\">dimens\u00f5es espec\u00edficas,<\/li>\n<li data-start=\"5007\" data-end=\"5046\">produtos criados atrav\u00e9s do configurador.<\/li>\n<\/ul>\n<p data-start=\"5048\" data-end=\"5155\">Nenhum retorno, troca ou reembolso pode ser exigido para estes produtos, exceto em caso de defeito comprovado.<\/p>\n<hr data-start=\"5157\" data-end=\"5160\">\n<h2 data-start=\"5162\" data-end=\"5186\">ARTIGO 9 \u2013 ENTREGA<\/h2>\n<h3 data-start=\"5188\" data-end=\"5205\">9.1 Termos<\/h3>\n<p data-start=\"5207\" data-end=\"5288\">Os produtos s\u00e3o entregues no endere\u00e7o indicado pelo Comprador no momento da encomenda.<\/p>\n<p data-start=\"5290\" data-end=\"5414\">Eles s\u00e3o enviados em envelopes de cart\u00e3o refor\u00e7ados ou caixas de papel\u00e3o adequadas, dependendo do tamanho e da quantidade encomendada.<\/p>\n<hr data-start=\"5416\" data-end=\"5419\">\n<h3 data-start=\"5421\" data-end=\"5435\">9.2 Prazos<\/h3>\n<p data-start=\"5437\" data-end=\"5492\">Os prazos de entrega s\u00e3o indicativos:<\/p>\n<ul>\n<li data-start=\"5496\" data-end=\"5538\"><strong data-start=\"5496\" data-end=\"5515\">10 dias \u00fateis<\/strong> em entrega normal,<\/li>\n<li data-start=\"5541\" data-end=\"5633\">at\u00e9 <strong data-start=\"5549\" data-end=\"5569\">20 dias no m\u00e1ximo<\/strong> para produtos personalizados ou durante per\u00edodos de alta demanda.<\/li>\n<\/ul>\n<p data-start=\"5635\" data-end=\"5697\">M-Stickers funciona com produ\u00e7\u00e3o sob demanda, sem estoque.<\/p>\n<hr data-start=\"5699\" data-end=\"5702\">\n<h3 data-start=\"5704\" data-end=\"5719\">9.3 Atrasos<\/h3>\n<p data-start=\"5721\" data-end=\"5888\">Em caso de atraso superior a <strong data-start=\"5750\" data-end=\"5762\">30 dias<\/strong>, n\u00e3o justificado por um caso de for\u00e7a maior, o Comprador pode solicitar o cancelamento do pedido e o reembolso total.<\/p>\n<hr data-start=\"5890\" data-end=\"5893\">\n<h3 data-start=\"5895\" data-end=\"5912\">9.4 Recebimento<\/h3>\n<p data-start=\"5914\" data-end=\"6077\">Cabe ao Comprador verificar o estado da encomenda no ato do recebimento.<br data-start=\"5981\" data-end=\"5984\">Qualquer anomalia deve ser comunicada \u00e0 transportadora e ao Vendedor no prazo de <strong data-start=\"6065\" data-end=\"6076\">3 dias<\/strong>.<\/p>\n<hr data-start=\"6079\" data-end=\"6082\">\n<h2 data-start=\"6084\" data-end=\"6109\">ARTIGO 10 \u2013 GARANTIAS<\/h2>\n<h3 data-start=\"6111\" data-end=\"6137\">10.1 Garantias Legais<\/h3>\n<p data-start=\"6139\" data-end=\"6161\">O Comprador beneficia de:<\/p>\n<ul>\n<li data-start=\"6165\" data-end=\"6258\">da garantia legal de conformidade (artigos L217-3 e seguintes do C\u00f3digo de Consumidor).<\/li>\n<li data-start=\"6261\" data-end=\"6342\">Garantia contra v\u00edcios ocultos (artigos 1641 e seguintes do C\u00f3digo Civil).<\/li>\n<\/ul>\n<hr data-start=\"6344\" data-end=\"6347\">\n<h3 data-start=\"6349\" data-end=\"6400\">10.2 Garantia comercial de durabilidade \u2013 6 anos<\/h3>\n<p data-start=\"6402\" data-end=\"6558\">Independentemente das garantias legais, a M-Stickers oferece um <strong data-start=\"6463\" data-end=\"6510\">garantia comercial de durabilidade de 6 anos<\/strong> cobrindo o descolamento prematuro dos autocolantes.<\/p>\n<h4 data-start=\"6560\" data-end=\"6596\">Condi\u00e7\u00f5es de aplica\u00e7\u00e3o obrigat\u00f3rias<\/h4>\n<p data-start=\"6598\" data-end=\"6659\">Para que a garantia seja v\u00e1lida, a instala\u00e7\u00e3o deve ser feita:<\/p>\n<ul>\n<li data-start=\"6663\" data-end=\"6707\">em uma superf\u00edcie limpa, seca e desengordurada,<\/li>\n<li data-start=\"6710\" data-end=\"6752\">conforme \u00e0s recomenda\u00e7\u00f5es fornecidas,<\/li>\n<li data-start=\"6755\" data-end=\"6805\">com um tempo de secagem m\u00ednimo de <strong data-start=\"6791\" data-end=\"6804\">48 horas<\/strong>.<\/li>\n<\/ul>\n<hr data-start=\"6807\" data-end=\"6810\">\n<h4 data-start=\"6812\" data-end=\"6841\">Procedimento de Reclama\u00e7\u00e3o<\/h4>\n<p data-start=\"6843\" data-end=\"6868\">O comprador deve fornecer:<\/p>\n<ol>\n<li data-start=\"6872\" data-end=\"6908\">fotografias claras e datadas,<\/li>\n<li data-start=\"6912\" data-end=\"6951\">uma descri\u00e7\u00e3o das condi\u00e7\u00f5es de uso,<\/li>\n<li data-start=\"6955\" data-end=\"6979\">uma c\u00f3pia da fatura.<\/li>\n<\/ol>\n<p data-start=\"6981\" data-end=\"7088\">Ap\u00f3s verifica\u00e7\u00e3o, o reembolso do produto ser\u00e1 efetuado no prazo m\u00e1ximo de <strong data-start=\"7068\" data-end=\"7087\">60 dias \u00fateis<\/strong>.<\/p>\n<hr data-start=\"7090\" data-end=\"7093\">\n<h4 data-start=\"7095\" data-end=\"7110\">Exclus\u00f5es<\/h4>\n<p data-start=\"7112\" data-end=\"7139\">A garantia n\u00e3o cobre:<\/p>\n<ul>\n<li data-start=\"7142\" data-end=\"7160\">uma instala\u00e7\u00e3o incorreta,<\/li>\n<li data-start=\"7163\" data-end=\"7192\">uso indevido,<\/li>\n<li data-start=\"7195\" data-end=\"7234\">a exposi\u00e7\u00e3o a condi\u00e7\u00f5es extremas,<\/li>\n<li data-start=\"7237\" data-end=\"7276\">neglig\u00eancia ou falta de manuten\u00e7\u00e3o.<\/li>\n<\/ul>\n<hr data-start=\"7278\" data-end=\"7281\">\n<h2 data-start=\"7283\" data-end=\"7313\">ARTIGO 11 \u2013 RESPONSABILIDADE<\/h2>\n<p data-start=\"7315\" data-end=\"7366\">O Vendedor \u00e9 obrigado a uma <strong data-start=\"7341\" data-end=\"7365\">obriga\u00e7\u00e3o de meios<\/strong>.<\/p>\n<p data-start=\"7368\" data-end=\"7418\">A sua responsabilidade n\u00e3o ser\u00e1 assumida em caso de:<\/p>\n<ul>\n<li data-start=\"7421\" data-end=\"7445\">mau uso,<\/li>\n<li data-start=\"7448\" data-end=\"7469\">de instala\u00e7\u00e3o n\u00e3o conforme,<\/li>\n<li data-start=\"7472\" data-end=\"7494\">de danos indiretos,<\/li>\n<li data-start=\"7497\" data-end=\"7513\">de desgaste normal.<\/li>\n<\/ul>\n<hr data-start=\"7515\" data-end=\"7518\">\n<h2 data-start=\"7520\" data-end=\"7560\">ARTIGO 12 \u2013 PROPRIEDADE INTELECTUAL<\/h2>\n<p data-start=\"7562\" data-end=\"7678\">Todos os elementos do site (textos, visuais, logotipos, imagens, configurador) s\u00e3o propriedade exclusiva da M-Stickers.<\/p>\n<p data-start=\"7680\" data-end=\"7747\">\u00c9 proibida a reprodu\u00e7\u00e3o ou explora\u00e7\u00e3o n\u00e3o autorizada.<\/p>\n<hr data-start=\"7749\" data-end=\"7752\">\n<h2 data-start=\"7754\" data-end=\"7790\">ARTIGO 13 \u2013 DADOS PESSOAIS<\/h2>\n<p data-start=\"7792\" data-end=\"7905\">Os dados pessoais s\u00e3o processados de acordo com a <strong data-start=\"7849\" data-end=\"7881\">Pol\u00edtica de privacidade<\/strong> dispon\u00edvel no site.<\/p>\n<hr data-start=\"7907\" data-end=\"7910\">\n<h2 data-start=\"7912\" data-end=\"7955\">ARTIGO 14 \u2013 LEI APLIC\u00c1VEL E LIT\u00cdGIOS<\/h2>\n<p data-start=\"7957\" data-end=\"8011\">As presentes Condi\u00e7\u00f5es Gerais de Venda est\u00e3o sujeitas a <strong data-start=\"7992\" data-end=\"8010\">Direito franc\u00eas<\/strong>.<\/p>\n<p data-start=\"8013\" data-end=\"8188\">Em caso de disputa, o Comprador pode recorrer a um mediador de consumo.<br data-start=\"8090\" data-end=\"8093\">Na falta de acordo amig\u00e1vel, os tribunais competentes ser\u00e3o os da jurisdi\u00e7\u00e3o da sede do Vendedor.<\/p>\t\t\t\t\t\t\t\t<\/div>\n\t\t\t\t<\/div>\n\t\t\t\t\t<\/div>\n\t\t<\/div>\n\t\t\t\t\t<\/div>\n\t\t<\/section>\n\t\t\t\t<\/div>","protected":false},"excerpt":{"rendered":"<p>CONDITIONS G\u00c9N\u00c9RALES DE VENTE M-Stickers \u2013 www.m-stickers.com PR\u00c9AMBULE Les pr\u00e9sentes Conditions G\u00e9n\u00e9rales de Vente (ci-apr\u00e8s \u00ab CGV \u00bb) r\u00e9gissent l\u2019ensemble des ventes conclues via le site internet www.m-stickers.com. La marque M-Stickers est une marque commerciale exploit\u00e9e par la soci\u00e9t\u00e9 MSTKS HOLDING, ci-apr\u00e8s d\u00e9nomm\u00e9e \u00ab le Vendeur \u00bb. Toute commande pass\u00e9e sur le site implique l\u2019acceptation [&hellip;]<\/p>\n","protected":false},"author":1,"featured_media":0,"parent":0,"menu_order":0,"comment_status":"closed","ping_status":"closed","template":"","meta":{"footnotes":""},"class_list":["post-4390","page","type-page","status-publish","hentry","entry","owp-thumbs-layout-horizontal","owp-btn-big","owp-tabs-layout-horizontal","has-no-thumbnails"],"ase":null,"_links":{"self":[{"href":"https:\/\/www.m-stickers.com\/pt\/wp-json\/wp\/v2\/pages\/4390","targetHints":{"allow":["GET"]}}],"collection":[{"href":"https:\/\/www.m-stickers.com\/pt\/wp-json\/wp\/v2\/pages"}],"about":[{"href":"https:\/\/www.m-stickers.com\/pt\/wp-json\/wp\/v2\/types\/page"}],"author":[{"embeddable":true,"href":"https:\/\/www.m-stickers.com\/pt\/wp-json\/wp\/v2\/users\/1"}],"replies":[{"embeddable":true,"href":"https:\/\/www.m-stickers.com\/pt\/wp-json\/wp\/v2\/comments?post=4390"}],"version-history":[{"count":20,"href":"https:\/\/www.m-stickers.com\/pt\/wp-json\/wp\/v2\/pages\/4390\/revisions"}],"predecessor-version":[{"id":63953,"href":"https:\/\/www.m-stickers.com\/pt\/wp-json\/wp\/v2\/pages\/4390\/revisions\/63953"}],"wp:attachment":[{"href":"https:\/\/www.m-stickers.com\/pt\/wp-json\/wp\/v2\/media?parent=4390"}],"curies":[{"name":"Pneu","href":"https:\/\/api.w.org\/{rel}","templated":true}]}}