{"id":51796,"date":"2023-12-18T09:10:53","date_gmt":"2023-12-18T08:10:53","guid":{"rendered":"https:\/\/www.m-stickers.com\/?page_id=51796"},"modified":"2024-02-16T10:42:31","modified_gmt":"2024-02-16T09:42:31","slug":"nossos-adesivos-2","status":"publish","type":"page","link":"https:\/\/www.m-stickers.com\/pt\/nos-stickers\/","title":{"rendered":"Nossos Adesivos"},"content":{"rendered":"<div data-elementor-type=\"wp-page\" data-elementor-id=\"51796\" class=\"elementor elementor-51796\" data-elementor-post-type=\"page\">\n\t\t\t\t\t\t<section class=\"elementor-section elementor-top-section elementor-element elementor-element-7300698 elementor-section-boxed elementor-section-height-default elementor-section-height-default\" data-id=\"7300698\" data-element_type=\"section\" data-e-type=\"section\">\n\t\t\t\t\t\t<div class=\"elementor-container elementor-column-gap-default\">\n\t\t\t\t\t<div class=\"elementor-column elementor-col-100 elementor-top-column elementor-element elementor-element-f606333\" data-id=\"f606333\" data-element_type=\"column\" data-e-type=\"column\">\n\t\t\t<div class=\"elementor-widget-wrap elementor-element-populated\">\n\t\t\t\t\t\t<div class=\"elementor-element elementor-element-4d95971 elementor-widget elementor-widget-heading\" data-id=\"4d95971\" data-element_type=\"widget\" data-e-type=\"widget\" data-widget_type=\"heading.default\">\n\t\t\t\t<div class=\"elementor-widget-container\">\n\t\t\t\t\t<h2 class=\"elementor-heading-title elementor-size-default\">Nossos Adesivos: Qualidade Excepcional para uma Personaliza\u00e7\u00e3o Incompar\u00e1vel!<\/h2>\t\t\t\t<\/div>\n\t\t\t\t<\/div>\n\t\t\t\t<div class=\"elementor-element elementor-element-fa4ad2c elementor-widget-divider--view-line elementor-widget elementor-widget-divider\" data-id=\"fa4ad2c\" data-element_type=\"widget\" data-e-type=\"widget\" data-widget_type=\"divider.default\">\n\t\t\t\t<div class=\"elementor-widget-container\">\n\t\t\t\t\t\t\t<div class=\"elementor-divider\">\n\t\t\t<span class=\"elementor-divider-separator\">\n\t\t\t\t\t\t<\/span>\n\t\t<\/div>\n\t\t\t\t\t\t<\/div>\n\t\t\t\t<\/div>\n\t\t\t\t<div class=\"elementor-element elementor-element-d912ebf elementor-widget elementor-widget-text-editor\" data-id=\"d912ebf\" data-element_type=\"widget\" data-e-type=\"widget\" data-widget_type=\"text-editor.default\">\n\t\t\t\t<div class=\"elementor-widget-container\">\n\t\t\t\t\t\t\t\t\t<p><span style=\"font-size: 17px; color: #ffffff;\"> <img decoding=\"async\" class=\"wp-image-53780 alignleft\" src=\"https:\/\/www.m-stickers.com\/wp-content\/uploads\/2024\/02\/Garantie_6_ans-300x300.png\" alt=\"\" width=\"109\" height=\"109\" srcset=\"https:\/\/www.m-stickers.com\/wp-content\/uploads\/2024\/02\/Garantie_6_ans-300x300.png 300w, https:\/\/www.m-stickers.com\/wp-content\/uploads\/2024\/02\/Garantie_6_ans-150x150.png 150w, https:\/\/www.m-stickers.com\/wp-content\/uploads\/2024\/02\/Garantie_6_ans-100x100.png 100w, https:\/\/www.m-stickers.com\/wp-content\/uploads\/2024\/02\/Garantie_6_ans.png 400w\" sizes=\"(max-width: 109px) 100vw, 109px\" \/>Na M-Stickers, orgulhamo-nos de oferecer autocolantes de qualidade excecional, <b><u>Todos os nossos adesivos s\u00e3o garantidos por 6 anos!<\/u><\/b> projetado para real\u00e7ar a personaliza\u00e7\u00e3o da sua moto. Aqui est\u00e3o as especifica\u00e7\u00f5es t\u00e9cnicas dos nossos principais materiais, para que voc\u00ea saiba exatamente o que diferencia os nossos autocolantes:<\/span><\/p>\t\t\t\t\t\t\t\t<\/div>\n\t\t\t\t<\/div>\n\t\t\t\t<div class=\"elementor-element elementor-element-d9197ac elementor-widget elementor-widget-text-editor\" data-id=\"d9197ac\" data-element_type=\"widget\" data-e-type=\"widget\" data-widget_type=\"text-editor.default\">\n\t\t\t\t<div class=\"elementor-widget-container\">\n\t\t\t\t\t\t\t\t\t<ul><li style=\"list-style-type: none;\"><ul><li><span style=\"color: #ffffff;\"><strong>Vinil Adesivo Polimerizado Brilhante Branco - Permanente \/ Cinza - 70\u00b5m<\/strong><\/span><\/li><\/ul><\/li><\/ul><p><span style=\"color: #ffffff;\"><em><span style=\"text-decoration: underline;\">Descri\u00e7\u00e3o<\/span> :<\/em> Nosso adesivo \u00e9 um pol\u00edmero branco brilhante, com adesivo permanente cinza. \u00c9 especialmente projetado para aplica\u00e7\u00f5es externas, garantindo ader\u00eancia \u00f3tima em diversas superf\u00edcies, incluindo ve\u00edculos.<\/span><\/p><p style=\"text-align: left;\"><span style=\"color: #ffffff;\"><em>Caracter\u00edsticas:<\/em><\/span><\/p><ul><li style=\"list-style-type: none;\"><ul><li style=\"text-align: left;\"><span style=\"color: #ffffff;\">Adesivo: Permanente, acr\u00edlico avan\u00e7ado, cinza<\/span><\/li><li style=\"text-align: left;\"><span style=\"color: #ffffff;\">Liner: Papel siliconado revestido de PE, 140 g\/m\u00b2, cor branca<\/span><\/li><li style=\"text-align: left;\"><span style=\"color: #ffffff;\">Espessura: 70 \u00b5m<\/span><\/li><li style=\"text-align: left;\"><span style=\"color: #ffffff;\">Durabilidade: 7 anos<\/span><\/li><li style=\"text-align: left;\"><span style=\"color: #ffffff;\">Resist\u00eancia \u00e0 temperatura: de -30 \u00b0C a 90 \u00b0C<\/span><\/li><li style=\"text-align: left;\"><span style=\"color: #ffffff;\">Resist\u00eancia a tintas: Solvente, Eco-Solvente, UV, L\u00e1tex<\/span><\/li><\/ul><\/li><\/ul><p><span style=\"color: #ffffff;\"><em><span style=\"text-decoration: underline;\">Dicas de Utiliza\u00e7\u00e3o<\/span> :<\/em> Nossos adesivos em vinil pol\u00edmero s\u00e3o adequados para aplica\u00e7\u00e3o em aros de moto, sejam eles planos ou levemente curvados. F\u00e1ceis de aplicar gra\u00e7as ao seu adesivo de qualidade e <a href=\"https:\/\/www.m-stickers.com\/pt\/tutoriais\/\"><b>nossos tutoriais de aplica\u00e7\u00e3o<\/b><\/a>Eles garantem um ajuste ideal e durabilidade excepcional, resistindo \u00e0s intemp\u00e9ries e aos raios UV.<\/span><\/p>\t\t\t\t\t\t\t\t<\/div>\n\t\t\t\t<\/div>\n\t\t\t\t<div class=\"elementor-element elementor-element-8f42db8 elementor-widget elementor-widget-image\" data-id=\"8f42db8\" data-element_type=\"widget\" data-e-type=\"widget\" data-widget_type=\"image.default\">\n\t\t\t\t<div class=\"elementor-widget-container\">\n\t\t\t\t\t\t\t\t\t\t\t\t\t\t\t<img fetchpriority=\"high\" decoding=\"async\" width=\"300\" height=\"225\" src=\"https:\/\/www.m-stickers.com\/wp-content\/uploads\/2022\/01\/387322839_1299213127625743_8525349191360558234_n-300x225.jpg\" class=\"attachment-medium size-medium wp-image-49457\" alt=\"\" srcset=\"https:\/\/www.m-stickers.com\/wp-content\/uploads\/2022\/01\/387322839_1299213127625743_8525349191360558234_n-300x225.jpg 300w, https:\/\/www.m-stickers.com\/wp-content\/uploads\/2022\/01\/387322839_1299213127625743_8525349191360558234_n-600x450.jpg 600w, https:\/\/www.m-stickers.com\/wp-content\/uploads\/2022\/01\/387322839_1299213127625743_8525349191360558234_n-768x576.jpg 768w, https:\/\/www.m-stickers.com\/wp-content\/uploads\/2022\/01\/387322839_1299213127625743_8525349191360558234_n.jpg 960w\" sizes=\"(max-width: 300px) 100vw, 300px\" \/>\t\t\t\t\t\t\t\t\t\t\t\t\t\t\t<\/div>\n\t\t\t\t<\/div>\n\t\t\t\t<div class=\"elementor-element elementor-element-4ff965b elementor-widget elementor-widget-text-editor\" data-id=\"4ff965b\" data-element_type=\"widget\" data-e-type=\"widget\" data-widget_type=\"text-editor.default\">\n\t\t\t\t<div class=\"elementor-widget-container\">\n\t\t\t\t\t\t\t\t\t<ul><li style=\"list-style-type: none;\">\u00a0<\/li><\/ul><div><span style=\"color: #ffffff;\"><b>\u00a0<\/b><\/span><\/div><hr \/><ul><li style=\"list-style-type: none;\"><ul><li><span style=\"color: #ffffff;\"><strong>Laminga\u00e7\u00e3o Premium de Pol\u00edmero \u2013 Transparente Brilhante \u2013 70\u00b5m<\/strong><\/span><\/li><\/ul><\/li><\/ul><p><span style=\"color: #ffffff;\"><em><span style=\"text-decoration: underline;\">Descri\u00e7\u00e3o<\/span> :<\/em> A lamina\u00e7\u00e3o \u00e9 uma prote\u00e7\u00e3o extra que aplicamos a todos os nossos adesivos. \u00c9 um pol\u00edmero brilhante Premium. Composta por plastificantes polim\u00e9ricos n\u00e3o migrat\u00f3rios e estabilizadores UV espec\u00edficos, oferece resist\u00eancia m\u00e1xima \u00e0 luz e excelente durabilidade exterior.<\/span><\/p><p><span style=\"color: #ffffff;\"><em>Caracter\u00edsticas:<\/em><\/span><\/p><ul><li style=\"list-style-type: none;\"><ul><li><span style=\"color: #ffffff;\">Adesivo: Permanente, acr\u00edlico \u00e0 base de solvente, transparente<\/span><\/li><li><span style=\"color: #ffffff;\">Liner: Papel siliconado revestido de PE, 140 g\/m\u00b2, cor branca<\/span><\/li><li><span style=\"color: #ffffff;\">Espessura: 70 \u00b5m<\/span><\/li><li><span style=\"color: #ffffff;\">Durabilidade: 8 anos<\/span><\/li><li><span style=\"color: #ffffff;\">Resist\u00eancia \u00e0 temperatura: de -30 \u00b0C a 90 \u00b0C<\/span><\/li><\/ul><\/li><\/ul><p><span style=\"color: #ffffff;\"><em><span style=\"text-decoration: underline;\">Dicas de Utiliza\u00e7\u00e3o<\/span> :<\/em> A nossa lamina\u00e7\u00e3o de pol\u00edmero Premium foi concebida para prolongar a vida \u00fatil dos seus autocolantes, garantindo uma prote\u00e7\u00e3o \u00f3ptima. Transparente e brilhante ou mate, oferece um acabamento impec\u00e1vel, garantindo uma resist\u00eancia excecional \u00e0s condi\u00e7\u00f5es exteriores.<\/span><\/p>\t\t\t\t\t\t\t\t<\/div>\n\t\t\t\t<\/div>\n\t\t\t\t<div class=\"elementor-element elementor-element-f926ec1 elementor-widget elementor-widget-image\" data-id=\"f926ec1\" data-element_type=\"widget\" data-e-type=\"widget\" data-widget_type=\"image.default\">\n\t\t\t\t<div class=\"elementor-widget-container\">\n\t\t\t\t\t\t\t\t\t\t\t\t\t\t\t<img decoding=\"async\" width=\"150\" height=\"150\" src=\"https:\/\/www.m-stickers.com\/wp-content\/uploads\/2023\/12\/512ej05XmkL-150x150.jpg\" class=\"attachment-thumbnail size-thumbnail wp-image-51842\" alt=\"\" srcset=\"https:\/\/www.m-stickers.com\/wp-content\/uploads\/2023\/12\/512ej05XmkL-150x150.jpg 150w, https:\/\/www.m-stickers.com\/wp-content\/uploads\/2023\/12\/512ej05XmkL-300x297.jpg 300w, https:\/\/www.m-stickers.com\/wp-content\/uploads\/2023\/12\/512ej05XmkL-100x100.jpg 100w, https:\/\/www.m-stickers.com\/wp-content\/uploads\/2023\/12\/512ej05XmkL-600x600.jpg 600w, https:\/\/www.m-stickers.com\/wp-content\/uploads\/2023\/12\/512ej05XmkL-1024x1015.jpg 1024w, https:\/\/www.m-stickers.com\/wp-content\/uploads\/2023\/12\/512ej05XmkL-768x761.jpg 768w, https:\/\/www.m-stickers.com\/wp-content\/uploads\/2023\/12\/512ej05XmkL.jpg 1500w\" sizes=\"(max-width: 150px) 100vw, 150px\" \/>\t\t\t\t\t\t\t\t\t\t\t\t\t\t\t<\/div>\n\t\t\t\t<\/div>\n\t\t\t\t<div class=\"elementor-element elementor-element-eae01c1 elementor-widget elementor-widget-text-editor\" data-id=\"eae01c1\" data-element_type=\"widget\" data-e-type=\"widget\" data-widget_type=\"text-editor.default\">\n\t\t\t\t<div class=\"elementor-widget-container\">\n\t\t\t\t\t\t\t\t\t<ul><li style=\"list-style-type: none;\">\u00a0<\/li><\/ul><div><span style=\"color: #ffffff;\"><b>\u00a0<\/b><\/span><\/div><hr \/><ul><li style=\"list-style-type: none;\"><ul><li><span style=\"color: #ffffff;\"><strong>Laminado Ultra-Resistente \u2013 Transparente Brilhante \u2013 305\u00b5m<\/strong><\/span><\/li><\/ul><\/li><\/ul><p><span style=\"color: #ffffff;\"><em style=\"font-family: Roboto, sans-serif; font-size: 17px; font-variant-ligatures: normal; font-variant-caps: normal; font-weight: 400;\"><span style=\"font-size: 17px;\">Descri\u00e7\u00e3o<\/span>\u00a0:<\/em><span style=\"font-family: Roboto, sans-serif; font-size: 17px; font-style: normal; font-variant-ligatures: normal; font-variant-caps: normal; font-weight: 400;\">\u00a0<\/span>Nossa lamina\u00e7\u00e3o espessa \u00e9 a solu\u00e7\u00e3o ideal para os <a href=\"https:\/\/www.m-stickers.com\/pt\/product-category\/kit-de-decoracao\/\"><b>Kit de decora\u00e7\u00e3o de carenagem<\/b><\/a> exposta a intensa abras\u00e3o. Oferece uma barreira extremamente dur\u00e1vel, protegendo os seus autocolantes e visuais, mantendo uma clareza excecional.\u00a0<span style=\"font-size: 17px;\">Projetada para se adaptar a superf\u00edcies ligeiramente curvas, esta lamina\u00e7\u00e3o \u00e9 vers\u00e1til e se adapta perfeitamente a diferentes partes da sua moto.<\/span><\/span><\/p><p><span style=\"color: #ffffff;\"><em>Caracter\u00edsticas:<\/em><\/span><\/p><ul><li style=\"list-style-type: none;\"><ul><li><span style=\"color: #ffffff;\">Espessura: 305 \u00b5m<\/span><\/li><li><span style=\"color: #ffffff;\">Adesivo: Permanente, alta ader\u00eancia, acr\u00edlico \u00e0 base de solvente<\/span><\/li><li><span style=\"color: #ffffff;\">Liner: Liner sint\u00e9tico transparente<\/span><\/li><li><span style=\"color: #ffffff;\">Temperatura de aplica\u00e7\u00e3o: de 10 \u00b0C a 26 \u00b0C<\/span><\/li><li><span style=\"color: #ffffff;\">Resist\u00eancia \u00e0 temperatura: de -40 \u00b0C a 80 \u00b0C<\/span><\/li><li><span style=\"color: #ffffff;\">Durabilidade: 8 anos<\/span><\/li><\/ul><\/li><\/ul>\t\t\t\t\t\t\t\t<\/div>\n\t\t\t\t<\/div>\n\t\t\t\t<div class=\"elementor-element elementor-element-ca6aaa2 elementor-widget elementor-widget-image\" data-id=\"ca6aaa2\" data-element_type=\"widget\" data-e-type=\"widget\" data-widget_type=\"image.default\">\n\t\t\t\t<div class=\"elementor-widget-container\">\n\t\t\t\t\t\t\t\t\t\t\t\t\t\t\t<img loading=\"lazy\" decoding=\"async\" width=\"298\" height=\"300\" src=\"https:\/\/www.m-stickers.com\/wp-content\/uploads\/2023\/12\/eba5b8dcc45d7467f47150c37fb23ac1-298x300.jpg\" class=\"attachment-medium size-medium wp-image-51843\" alt=\"\" srcset=\"https:\/\/www.m-stickers.com\/wp-content\/uploads\/2023\/12\/eba5b8dcc45d7467f47150c37fb23ac1-298x300.jpg 298w, https:\/\/www.m-stickers.com\/wp-content\/uploads\/2023\/12\/eba5b8dcc45d7467f47150c37fb23ac1-100x100.jpg 100w, https:\/\/www.m-stickers.com\/wp-content\/uploads\/2023\/12\/eba5b8dcc45d7467f47150c37fb23ac1-600x603.jpg 600w, https:\/\/www.m-stickers.com\/wp-content\/uploads\/2023\/12\/eba5b8dcc45d7467f47150c37fb23ac1-150x150.jpg 150w, https:\/\/www.m-stickers.com\/wp-content\/uploads\/2023\/12\/eba5b8dcc45d7467f47150c37fb23ac1-768x772.jpg 768w, https:\/\/www.m-stickers.com\/wp-content\/uploads\/2023\/12\/eba5b8dcc45d7467f47150c37fb23ac1.jpg 886w\" sizes=\"(max-width: 298px) 100vw, 298px\" \/>\t\t\t\t\t\t\t\t\t\t\t\t\t\t\t<\/div>\n\t\t\t\t<\/div>\n\t\t\t\t<div class=\"elementor-element elementor-element-f97bb3f elementor-widget elementor-widget-text-editor\" data-id=\"f97bb3f\" data-element_type=\"widget\" data-e-type=\"widget\" data-widget_type=\"text-editor.default\">\n\t\t\t\t<div class=\"elementor-widget-container\">\n\t\t\t\t\t\t\t\t\t<ul>\n<li style=\"list-style-type: none;\">&nbsp;<\/li>\n<\/ul>\n<hr>\n<ul>\n<li style=\"list-style-type: none;\">\n<ul>\n<li><span style=\"color: #ffffff;\"><strong>Facilidade de Aplica\u00e7\u00e3o com Fita Aplic\u00e1vel e Tutoriais Detalhes:<\/strong><\/span><\/li>\n<\/ul>\n<\/li>\n<\/ul>\n<p><span style=\"color: #ffffff;\">Na M-Stickers, a satisfa\u00e7\u00e3o dos nossos clientes \u00e9 primordial. \u00c9 por isso que inclu\u00edmos uma fita aplicadora em cada pedido para facilitar a aplica\u00e7\u00e3o dos seus autocolantes. Al\u00e9m disso, <a href=\"https:\/\/www.m-stickers.com\/pt\/tutoriais\/\"><b>nossos tutoriais detalhados<\/b><\/a> ir\u00e3o gui\u00e1-lo passo a passo para uma aplica\u00e7\u00e3o impec\u00e1vel.<\/span><\/p>\n<ul>\n<li style=\"list-style-type: none;\">\n<ul>\n<li><span style=\"color: #ffffff;\"><strong>Efeitos de adesivos Dispon\u00edveis:<\/strong><\/span><\/li>\n<\/ul>\n<\/li>\n<\/ul>\n<p><span style=\"color: #ffffff;\">Descubra a nossa diversificada gama de efeitos de materiais para resultados \u00fanicos:<\/span><\/p>\n<ul>\n<li style=\"list-style-type: none;\">\n<ul>\n<li><span style=\"color: #ffffff;\">Brilhante<\/span><\/li>\n<li><span style=\"color: #ffffff;\">Mat<\/span><\/li>\n<li><span style=\"color: #ffffff;\">Hologr\u00e1fico<\/span><\/li>\n<li><span style=\"color: #ffffff;\">Refletindo<\/span><\/li>\n<li><span style=\"color: #ffffff;\">Transparente<\/span><\/li>\n<li><span style=\"color: #ffffff;\">\u2026<\/span><\/li>\n<\/ul>\n<\/li>\n<\/ul>\n<p><span style=\"color: #ffffff;\">Para saber mais sobre nossos diferentes efeitos, <a href=\"https:\/\/www.m-stickers.com\/pt\/nossos-adesivos\/\"><b>consulte a nossa p\u00e1gina dedicada aos Efeitos de autocolantes.<\/b><\/a><\/span><\/p>\n<hr>\n<p style=\"text-align: center;\"><span style=\"color: #ffffff;\">Expresse-se com M-Stickers e transforme a sua moto gra\u00e7as aos nossos autocolantes de qualidade excecional!<\/span><\/p>\t\t\t\t\t\t\t\t<\/div>\n\t\t\t\t<\/div>\n\t\t\t\t\t<\/div>\n\t\t<\/div>\n\t\t\t\t\t<\/div>\n\t\t<\/section>\n\t\t\t\t<\/div>","protected":false},"excerpt":{"rendered":"<p>Nos Stickers : Qualit\u00e9 Exceptionnelle pour une Personnalisation Incomparable ! Chez M-Stickers, nous sommes fiers de vous offrir des stickers d&rsquo;une qualit\u00e9 exceptionnelle, tous nos stickers sont garantis pour une dur\u00e9e de 6 ans ! con\u00e7us pour sublimer la personnalisation de votre moto. Voici les sp\u00e9cifications techniques de nos principaux mat\u00e9riaux pour que vous sachiez [&hellip;]<\/p>\n","protected":false},"author":1,"featured_media":0,"parent":0,"menu_order":0,"comment_status":"closed","ping_status":"closed","template":"","meta":{"footnotes":""},"class_list":["post-51796","page","type-page","status-publish","hentry","entry","owp-thumbs-layout-horizontal","owp-btn-big","owp-tabs-layout-horizontal","has-no-thumbnails"],"ase":null,"_links":{"self":[{"href":"https:\/\/www.m-stickers.com\/pt\/wp-json\/wp\/v2\/pages\/51796","targetHints":{"allow":["GET"]}}],"collection":[{"href":"https:\/\/www.m-stickers.com\/pt\/wp-json\/wp\/v2\/pages"}],"about":[{"href":"https:\/\/www.m-stickers.com\/pt\/wp-json\/wp\/v2\/types\/page"}],"author":[{"embeddable":true,"href":"https:\/\/www.m-stickers.com\/pt\/wp-json\/wp\/v2\/users\/1"}],"replies":[{"embeddable":true,"href":"https:\/\/www.m-stickers.com\/pt\/wp-json\/wp\/v2\/comments?post=51796"}],"version-history":[{"count":20,"href":"https:\/\/www.m-stickers.com\/pt\/wp-json\/wp\/v2\/pages\/51796\/revisions"}],"predecessor-version":[{"id":53783,"href":"https:\/\/www.m-stickers.com\/pt\/wp-json\/wp\/v2\/pages\/51796\/revisions\/53783"}],"wp:attachment":[{"href":"https:\/\/www.m-stickers.com\/pt\/wp-json\/wp\/v2\/media?parent=51796"}],"curies":[{"name":"Pneu","href":"https:\/\/api.w.org\/{rel}","templated":true}]}}