{"id":62370,"date":"2025-05-23T22:06:38","date_gmt":"2025-05-23T20:06:38","guid":{"rendered":"https:\/\/www.m-stickers.com\/?page_id=62370"},"modified":"2025-05-25T15:32:27","modified_gmt":"2025-05-25T13:32:27","slug":"comentarios-de-adesivos-m","status":"publish","type":"page","link":"https:\/\/www.m-stickers.com\/pt\/avis-m-stickers\/","title":{"rendered":"Avalia\u00e7\u00f5es M-Stickers"},"content":{"rendered":"<div data-elementor-type=\"wp-page\" data-elementor-id=\"62370\" class=\"elementor elementor-62370\" data-elementor-post-type=\"page\">\n\t\t\t\t\t\t<section class=\"elementor-section elementor-top-section elementor-element elementor-element-b1afef7 elementor-section-boxed elementor-section-height-default elementor-section-height-default\" data-id=\"b1afef7\" data-element_type=\"section\" data-e-type=\"section\">\n\t\t\t\t\t\t<div class=\"elementor-container elementor-column-gap-default\">\n\t\t\t\t\t<div class=\"elementor-column elementor-col-100 elementor-top-column elementor-element elementor-element-612e312\" data-id=\"612e312\" data-element_type=\"column\" data-e-type=\"column\">\n\t\t\t<div class=\"elementor-widget-wrap elementor-element-populated\">\n\t\t\t\t\t\t<section class=\"elementor-section elementor-inner-section elementor-element elementor-element-39ffd49 elementor-section-boxed elementor-section-height-default elementor-section-height-default\" data-id=\"39ffd49\" data-element_type=\"section\" data-e-type=\"section\">\n\t\t\t\t\t\t<div class=\"elementor-container elementor-column-gap-default\">\n\t\t\t\t\t<div class=\"elementor-column elementor-col-33 elementor-inner-column elementor-element elementor-element-ab960d9\" data-id=\"ab960d9\" data-element_type=\"column\" data-e-type=\"column\">\n\t\t\t<div class=\"elementor-widget-wrap elementor-element-populated\">\n\t\t\t\t\t\t<div class=\"elementor-element elementor-element-0885f0a elementor-widget elementor-widget-heading\" data-id=\"0885f0a\" data-element_type=\"widget\" data-e-type=\"widget\" data-widget_type=\"heading.default\">\n\t\t\t\t<div class=\"elementor-widget-container\">\n\t\t\t\t\t<h1 class=\"elementor-heading-title elementor-size-default\">O que dizem os nossos clientes \u2014 Avalia\u00e7\u00f5es MStickers<\/h1>\t\t\t\t<\/div>\n\t\t\t\t<\/div>\n\t\t\t\t\t<\/div>\n\t\t<\/div>\n\t\t\t\t<div class=\"elementor-column elementor-col-33 elementor-inner-column elementor-element elementor-element-94584df\" data-id=\"94584df\" data-element_type=\"column\" data-e-type=\"column\">\n\t\t\t<div class=\"elementor-widget-wrap elementor-element-populated\">\n\t\t\t\t\t\t<div class=\"elementor-element elementor-element-2420756 elementor-widget__width-initial elementor-widget elementor-widget-rating\" data-id=\"2420756\" data-element_type=\"widget\" data-e-type=\"widget\" data-widget_type=\"rating.default\">\n\t\t\t\t<div class=\"elementor-widget-container\">\n\t\t\t\t\t\t\t<div class=\"e-rating\" itemtype=\"https:\/\/schema.org\/Rating\" itemscope=\"\" itemprop=\"reviewRating\">\n\t\t\t<meta itemprop=\"worstRating\" content=\"0\">\n\t\t\t<meta itemprop=\"bestRating\" content=\"5\">\n\t\t\t<div class=\"e-rating-wrapper\" itemprop=\"ratingValue\" content=\"4.7\" role=\"img\" aria-label=\"Valorado con 4.7 de 5\" data-no-translation-aria-label=\"\">\n\t\t\t\t\t\t\t<div class=\"e-icon\">\n\t\t\t\t<div class=\"e-icon-wrapper e-icon-marked\">\n\t\t\t\t\t<i aria-hidden=\"true\" class=\"eicon-star\"><\/i>\t\t\t\t<\/div>\n\t\t\t\t<div class=\"e-icon-wrapper e-icon-unmarked\">\n\t\t\t\t\t<i aria-hidden=\"true\" class=\"eicon-star\"><\/i>\t\t\t\t<\/div>\n\t\t\t<\/div>\n\t\t\t\t\t\t<div class=\"e-icon\">\n\t\t\t\t<div class=\"e-icon-wrapper e-icon-marked\">\n\t\t\t\t\t<i aria-hidden=\"true\" class=\"eicon-star\"><\/i>\t\t\t\t<\/div>\n\t\t\t\t<div class=\"e-icon-wrapper e-icon-unmarked\">\n\t\t\t\t\t<i aria-hidden=\"true\" class=\"eicon-star\"><\/i>\t\t\t\t<\/div>\n\t\t\t<\/div>\n\t\t\t\t\t\t<div class=\"e-icon\">\n\t\t\t\t<div class=\"e-icon-wrapper e-icon-marked\">\n\t\t\t\t\t<i aria-hidden=\"true\" class=\"eicon-star\"><\/i>\t\t\t\t<\/div>\n\t\t\t\t<div class=\"e-icon-wrapper e-icon-unmarked\">\n\t\t\t\t\t<i aria-hidden=\"true\" class=\"eicon-star\"><\/i>\t\t\t\t<\/div>\n\t\t\t<\/div>\n\t\t\t\t\t\t<div class=\"e-icon\">\n\t\t\t\t<div class=\"e-icon-wrapper e-icon-marked\">\n\t\t\t\t\t<i aria-hidden=\"true\" class=\"eicon-star\"><\/i>\t\t\t\t<\/div>\n\t\t\t\t<div class=\"e-icon-wrapper e-icon-unmarked\">\n\t\t\t\t\t<i aria-hidden=\"true\" class=\"eicon-star\"><\/i>\t\t\t\t<\/div>\n\t\t\t<\/div>\n\t\t\t\t\t\t<div class=\"e-icon\">\n\t\t\t\t<div class=\"e-icon-wrapper e-icon-marked\" style=\"--e-rating-icon-marked-width: 70%;\">\n\t\t\t\t\t<i aria-hidden=\"true\" class=\"eicon-star\"><\/i>\t\t\t\t<\/div>\n\t\t\t\t<div class=\"e-icon-wrapper e-icon-unmarked\">\n\t\t\t\t\t<i aria-hidden=\"true\" class=\"eicon-star\"><\/i>\t\t\t\t<\/div>\n\t\t\t<\/div>\n\t\t\t\t\t\t<\/div>\n\t\t<\/div>\n\t\t\t\t\t\t<\/div>\n\t\t\t\t<\/div>\n\t\t\t\t\t<\/div>\n\t\t<\/div>\n\t\t\t\t<div class=\"elementor-column elementor-col-33 elementor-inner-column elementor-element elementor-element-473ab13\" data-id=\"473ab13\" data-element_type=\"column\" data-e-type=\"column\">\n\t\t\t<div class=\"elementor-widget-wrap elementor-element-populated\">\n\t\t\t\t\t\t<div class=\"elementor-element elementor-element-829f06c elementor-widget elementor-widget-text-editor\" data-id=\"829f06c\" data-element_type=\"widget\" data-e-type=\"widget\" data-widget_type=\"text-editor.default\">\n\t\t\t\t<div class=\"elementor-widget-container\">\n\t\t\t\t\t\t\t\t\t<p><span style=\"color: #ffffff;\"><strong>4,7\/5<\/strong><\/span><\/p>\t\t\t\t\t\t\t\t<\/div>\n\t\t\t\t<\/div>\n\t\t\t\t\t<\/div>\n\t\t<\/div>\n\t\t\t\t\t<\/div>\n\t\t<\/section>\n\t\t\t\t<div class=\"elementor-element elementor-element-7704c0f elementor-widget elementor-widget-text-editor\" data-id=\"7704c0f\" data-element_type=\"widget\" data-e-type=\"widget\" data-widget_type=\"text-editor.default\">\n\t\t\t\t<div class=\"elementor-widget-container\">\n\t\t\t\t\t\t\t\t\t<p>A satisfa\u00e7\u00e3o dos nossos clientes est\u00e1 no centro do nosso trabalho. Seja para adesivos personalizados, kits decorativos para motos ou impress\u00f5es sob medida, fazemos todo o poss\u00edvel para garantir uma qualidade impec\u00e1vel e um servi\u00e7o reativo. Veja o que os nossos clientes dizem sobre a sua experi\u00eancia com M-Stickers.<\/p>\t\t\t\t\t\t\t\t<\/div>\n\t\t\t\t<\/div>\n\t\t\t\t<div class=\"elementor-element elementor-element-0cd3361 elementor-widget elementor-widget-text-editor\" data-id=\"0cd3361\" data-element_type=\"widget\" data-e-type=\"widget\" data-widget_type=\"text-editor.default\">\n\t\t\t\t<div class=\"elementor-widget-container\">\n\t\t\t\t\t\t\t\t\t<!-- Elfsight Google Reviews | Untitled Google Reviews -->\n<script src=\"https:\/\/static.elfsight.com\/platform\/platform.js\" async><\/script>\n<div class=\"elfsight-app-108764a6-de94-4c8e-ba22-271e02f886cd\" data-elfsight-app-lazy><\/div>\t\t\t\t\t\t\t\t<\/div>\n\t\t\t\t<\/div>\n\t\t\t\t<section class=\"elementor-section elementor-inner-section elementor-element elementor-element-11720bb elementor-section-boxed elementor-section-height-default elementor-section-height-default\" data-id=\"11720bb\" data-element_type=\"section\" data-e-type=\"section\" data-settings=\"{&quot;background_background&quot;:&quot;classic&quot;}\">\n\t\t\t\t\t\t<div class=\"elementor-container elementor-column-gap-default\">\n\t\t\t\t\t<div class=\"elementor-column elementor-col-100 elementor-inner-column elementor-element elementor-element-c5dd5e3\" data-id=\"c5dd5e3\" data-element_type=\"column\" data-e-type=\"column\">\n\t\t\t<div class=\"elementor-widget-wrap\">\n\t\t\t\t\t\t\t<\/div>\n\t\t<\/div>\n\t\t\t\t\t<\/div>\n\t\t<\/section>\n\t\t\t\t<div class=\"elementor-element elementor-element-2a4ca50 elementor-widget elementor-widget-text-editor\" data-id=\"2a4ca50\" data-element_type=\"widget\" data-e-type=\"widget\" data-widget_type=\"text-editor.default\">\n\t\t\t\t<div class=\"elementor-widget-container\">\n\t\t\t\t\t\t\t\t\t<p><!-- Elfsight Facebook Reviews | Untitled Facebook Reviews --><br \/><script src=\"https:\/\/static.elfsight.com\/platform\/platform.js\" async><\/script><\/p><div class=\"elfsight-app-43d671fb-3fac-49a1-bab9-5013fec9c134\" data-elfsight-app-lazy=\"\">\u00a0<\/div>\t\t\t\t\t\t\t\t<\/div>\n\t\t\t\t<\/div>\n\t\t\t\t\t<\/div>\n\t\t<\/div>\n\t\t\t\t\t<\/div>\n\t\t<\/section>\n\t\t\t\t<section class=\"elementor-section elementor-top-section elementor-element elementor-element-aaa1d99 elementor-section-boxed elementor-section-height-default elementor-section-height-default\" data-id=\"aaa1d99\" data-element_type=\"section\" data-e-type=\"section\" data-settings=\"{&quot;background_background&quot;:&quot;classic&quot;}\">\n\t\t\t\t\t\t<div class=\"elementor-container elementor-column-gap-default\">\n\t\t\t\t\t<div class=\"elementor-column elementor-col-100 elementor-top-column elementor-element elementor-element-4d017e1\" data-id=\"4d017e1\" data-element_type=\"column\" data-e-type=\"column\">\n\t\t\t<div class=\"elementor-widget-wrap\">\n\t\t\t\t\t\t\t<\/div>\n\t\t<\/div>\n\t\t\t\t\t<\/div>\n\t\t<\/section>\n\t\t\t\t<section class=\"elementor-section elementor-top-section elementor-element elementor-element-f07c60f elementor-section-boxed elementor-section-height-default elementor-section-height-default\" data-id=\"f07c60f\" data-element_type=\"section\" data-e-type=\"section\">\n\t\t\t\t\t\t<div class=\"elementor-container elementor-column-gap-default\">\n\t\t\t\t\t<div class=\"elementor-column elementor-col-100 elementor-top-column elementor-element elementor-element-01799d6\" data-id=\"01799d6\" data-element_type=\"column\" data-e-type=\"column\">\n\t\t\t<div class=\"elementor-widget-wrap elementor-element-populated\">\n\t\t\t\t\t\t<div class=\"elementor-element elementor-element-0c4f080 elementor-widget elementor-widget-text-editor\" data-id=\"0c4f080\" data-element_type=\"widget\" data-e-type=\"widget\" data-widget_type=\"text-editor.default\">\n\t\t\t\t<div class=\"elementor-widget-container\">\n\t\t\t\t\t\t\t\t\t<section class=\"faq-section\"><h2>Perguntas frequentes sobre M-Stickers<\/h2><div class=\"faq-item\"><h3>\u00c9 uma empresa confi\u00e1vel a M-Stickers?<\/h3><p>Sim, a M-Stickers \u00e9 uma empresa francesa especializada na impress\u00e3o de adesivos para motociclos, com uma classifica\u00e7\u00e3o m\u00e9dia de <strong>4,6\/5 no Google e Facebook<\/strong>Trabalhamos com materiais de qualidade, um atendimento ao cliente \u00e1gil e produ\u00e7\u00e3o sob medida na nossa oficina perto de Lyon.<\/p><\/div><div class=\"faq-item\"><h3>Onde posso ver as avalia\u00e7\u00f5es de M-Stickers?<\/h3><p>Pode ler as avalia\u00e7\u00f5es dos nossos clientes diretamente nesta p\u00e1gina, ou consultar o nosso perfil em<br \/><a href=\"https:\/\/www.google.com\/search?q=avis+m-stickers\" target=\"_blank\" rel=\"noopener\">Google<\/a> e\u00a0<a href=\"https:\/\/www.facebook.com\/mstickers.official\/reviews\/\" target=\"_blank\" rel=\"noopener\">Facebook<\/a>Os coment\u00e1rios s\u00e3o deixados por clientes reais ap\u00f3s a sua compra.<\/p><\/div><div class=\"faq-item\"><h3>Os produtos s\u00e3o de boa qualidade?<\/h3><p>Sim, utilizamos vinis de alta qualidade (Avery Dennison, Hexis, Oracal\u2026) e todas as nossas impress\u00f5es s\u00e3o feitas com tintas profissionais para garantir durabilidade, resist\u00eancia aos raios UV e um acabamento perfeito.<\/p><\/div><div class=\"faq-item\"><h3>O que fazer se tiver um problema com o meu pedido?<\/h3><p>Podem contactar-nos diretamente para o endere\u00e7o<br \/><a href=\"mailto:m.stickers.pro@gmail.com\">m.stickers.pro@gmail.com<\/a>.<br \/>O nosso servi\u00e7o de atendimento ao cliente \u00e9 reativo e fazemos o poss\u00edvel para resolver os problemas rapidamente (substitui\u00e7\u00e3o, ajuste, etc.).<\/p><\/div><div class=\"faq-item\"><h3>Porqu\u00ea existem m\u00e1s avalia\u00e7\u00f5es em \"My-Sticker.com\"?<\/h3><p>Cuidado para n\u00e3o confundir <strong>M-Stickers (o nosso site oficial: m-stickers.com)<\/strong> com <strong>Meu-Sticker.com<\/strong>Outra empresa, atualmente inativa. Alguns coment\u00e1rios negativos online n\u00e3o se referem \u00e0 nossa empresa. Os nossos verdadeiros coment\u00e1rios de clientes est\u00e3o dispon\u00edveis aqui, no Google e no Facebook.<\/p><\/div><div class=\"faq-item\"><h3>S\u00e3o os autocolantes f\u00e1ceis de aplicar?<\/h3><p>Sim, cada encomenda inclui um guia de aplica\u00e7\u00e3o claro e simples. Os nossos adesivos s\u00e3o reajust\u00e1veis a seco e podem ser aplicados sem bolhas com uma raspador. Se necess\u00e1rio, oferecemos at\u00e9 v\u00eddeos tutoriais.<\/p><\/div><div class=\"faq-item\"><h3>Quais os prazos de entrega?<\/h3><p>As encomendas s\u00e3o normalmente produzidas em 10 dias \u00fateis e depois enviadas em correio registado ou Colissimo. O prazo total varia de 10 a 20 dias \u00fateis, dependendo do tipo de decalque e do transportador.<\/p><\/div><\/section>\t\t\t\t\t\t\t\t<\/div>\n\t\t\t\t<\/div>\n\t\t\t\t\t<\/div>\n\t\t<\/div>\n\t\t\t\t\t<\/div>\n\t\t<\/section>\n\t\t\t\t<\/div>","protected":false},"excerpt":{"rendered":"<p>Ce que pensent nos clients \u2014 Avis MStickers 4,7\/5 la satisfaction de nos clients est au c\u0153ur de notre m\u00e9tier. Que ce soit pour des stickers personnalis\u00e9s, des kits d\u00e9co pour moto ou des impressions sur mesure, nous mettons tout en \u0153uvre pour garantir une qualit\u00e9 irr\u00e9prochable et un service r\u00e9actif. Voici ce que disent [&hellip;]<\/p>\n","protected":false},"author":1,"featured_media":0,"parent":0,"menu_order":0,"comment_status":"closed","ping_status":"closed","template":"","meta":{"footnotes":""},"class_list":["post-62370","page","type-page","status-publish","hentry","entry","owp-thumbs-layout-horizontal","owp-btn-big","owp-tabs-layout-horizontal","has-no-thumbnails"],"ase":null,"_links":{"self":[{"href":"https:\/\/www.m-stickers.com\/pt\/wp-json\/wp\/v2\/pages\/62370","targetHints":{"allow":["GET"]}}],"collection":[{"href":"https:\/\/www.m-stickers.com\/pt\/wp-json\/wp\/v2\/pages"}],"about":[{"href":"https:\/\/www.m-stickers.com\/pt\/wp-json\/wp\/v2\/types\/page"}],"author":[{"embeddable":true,"href":"https:\/\/www.m-stickers.com\/pt\/wp-json\/wp\/v2\/users\/1"}],"replies":[{"embeddable":true,"href":"https:\/\/www.m-stickers.com\/pt\/wp-json\/wp\/v2\/comments?post=62370"}],"version-history":[{"count":17,"href":"https:\/\/www.m-stickers.com\/pt\/wp-json\/wp\/v2\/pages\/62370\/revisions"}],"predecessor-version":[{"id":62405,"href":"https:\/\/www.m-stickers.com\/pt\/wp-json\/wp\/v2\/pages\/62370\/revisions\/62405"}],"wp:attachment":[{"href":"https:\/\/www.m-stickers.com\/pt\/wp-json\/wp\/v2\/media?parent=62370"}],"curies":[{"name":"Pneu","href":"https:\/\/api.w.org\/{rel}","templated":true}]}}