{"id":6488,"date":"2021-01-22T10:43:01","date_gmt":"2021-01-22T09:43:01","guid":{"rendered":"https:\/\/www.m-stickers.com\/?page_id=6488"},"modified":"2026-01-14T19:30:29","modified_gmt":"2026-01-14T18:30:29","slug":"entrega","status":"publish","type":"page","link":"https:\/\/www.m-stickers.com\/pt\/livraison\/","title":{"rendered":"Entrega"},"content":{"rendered":"<div data-elementor-type=\"wp-page\" data-elementor-id=\"6488\" class=\"elementor elementor-6488\" data-elementor-post-type=\"page\">\n\t\t\t\t\t\t<section class=\"elementor-section elementor-top-section elementor-element elementor-element-3c3aae6 elementor-section-boxed elementor-section-height-default elementor-section-height-default\" data-id=\"3c3aae6\" data-element_type=\"section\" data-e-type=\"section\">\n\t\t\t\t\t\t<div class=\"elementor-container elementor-column-gap-default\">\n\t\t\t\t\t<div class=\"elementor-column elementor-col-100 elementor-top-column elementor-element elementor-element-1998c384\" data-id=\"1998c384\" data-element_type=\"column\" data-e-type=\"column\">\n\t\t\t<div class=\"elementor-widget-wrap elementor-element-populated\">\n\t\t\t\t\t\t<div class=\"elementor-element elementor-element-6133dbfe elementor-widget elementor-widget-text-editor\" data-id=\"6133dbfe\" data-element_type=\"widget\" data-e-type=\"widget\" data-widget_type=\"text-editor.default\">\n\t\t\t\t<div class=\"elementor-widget-container\">\n\t\t\t\t\t\t\t\t\t<h1 style=\"text-align: center;\" data-start=\"281\" data-end=\"294\">ENTREGA<\/h1>\n<p data-start=\"295\" data-end=\"330\"><strong data-start=\"295\" data-end=\"330\">M-Stickers \u2013 <a class=\"decorated-link\" href=\"http:\/\/www.m-stickers.com\/pt\/\" target=\"_new\" rel=\"noopener\" data-start=\"310\" data-end=\"328\">www.m-stickers.com<\/a><\/strong><\/p>\n<hr data-start=\"332\" data-end=\"335\" \/>\n<h2 data-start=\"337\" data-end=\"382\">\ud83d\udce6 Prepara\u00e7\u00e3o e envio de pedidos<\/h2>\n<p data-start=\"384\" data-end=\"540\">Os produtos M-Stickers s\u00e3o fabricados <strong data-start=\"423\" data-end=\"440\">na encomenda<\/strong>, muitas vezes personalizados de acordo com as escolhas do cliente (cores, dimens\u00f5es, efeitos, textos, acabamentos).<\/p>\n<p data-start=\"542\" data-end=\"712\">N\u00e3o temos stock: cada encomenda \u00e9 preparada e produzida especificamente para si, para garantir um acabamento de qualidade e uma personaliza\u00e7\u00e3o \u00f3ptima.<\/p>\n<hr data-start=\"714\" data-end=\"717\" \/>\n<h2 data-start=\"719\" data-end=\"762\">\u23f1\ufe0f Prazos de prepara\u00e7\u00e3o e entrega<\/h2>\n<h3 data-start=\"764\" data-end=\"784\">Prazos padr\u00e3o<\/h3>\n<p data-start=\"786\" data-end=\"848\">Os prazos indicados abaixo s\u00e3o apenas para refer\u00eancia:<\/p>\n<ul>\n<li data-start=\"852\" data-end=\"916\"><strong data-start=\"852\" data-end=\"916\">Tempo de prepara\u00e7\u00e3o + envio padr\u00e3o: 10 dias \u00fateis<\/strong><\/li>\n<li data-start=\"919\" data-end=\"1042\">Para alguns produtos personalizados ou em per\u00edodos de alta demanda, o prazo pode ser estendido at\u00e9 <strong data-start=\"1022\" data-end=\"1042\">20 dias no m\u00e1ximo<\/strong><\/li>\n<\/ul>\n<p data-start=\"1044\" data-end=\"1065\">Estes prazos incluem:<\/p>\n<ul>\n<li data-start=\"1068\" data-end=\"1094\">a prepara\u00e7\u00e3o do ficheiro,<\/li>\n<li data-start=\"1097\" data-end=\"1110\">a impress\u00e3o,<\/li>\n<li data-start=\"1113\" data-end=\"1124\">o corte,<\/li>\n<li data-start=\"1127\" data-end=\"1146\">a embalagem,<\/li>\n<li data-start=\"1149\" data-end=\"1162\">o envio.<\/li>\n<\/ul>\n<hr data-start=\"1164\" data-end=\"1167\" \/>\n<h3 data-start=\"1169\" data-end=\"1191\">Prazos espec\u00edficos<\/h3>\n<p data-start=\"1193\" data-end=\"1250\">Os prazos de entrega podem ser estendidos nos seguintes casos:<\/p>\n<ul>\n<li data-start=\"1253\" data-end=\"1295\">produtos feitos sob medida ou altamente personalizados,<\/li>\n<li data-start=\"1298\" data-end=\"1327\">pedidos em grandes quantidades,<\/li>\n<li data-start=\"1330\" data-end=\"1369\">pedidos espec\u00edficos ou fora do cat\u00e1logo,<\/li>\n<li data-start=\"1372\" data-end=\"1399\">Per\u00edodos de alta atividade.<\/li>\n<\/ul>\n<p data-start=\"1401\" data-end=\"1468\">Nessas situa\u00e7\u00f5es, recomendamos <strong data-start=\"1443\" data-end=\"1467\">encomendar com anteced\u00eancia<\/strong>.<\/p>\n<hr data-start=\"1470\" data-end=\"1473\" \/>\n<h2 data-start=\"1475\" data-end=\"1509\">\ud83d\udcec Embalagem do produto<\/h2>\n<p data-start=\"1511\" data-end=\"1601\">Nossos produtos s\u00e3o enviados com cuidado para garantir sua prote\u00e7\u00e3o durante o transporte:<\/p>\n<ul>\n<li data-start=\"1605\" data-end=\"1690\">Os kits decorativos e as faixas para aros s\u00e3o enviados em <strong data-start=\"1653\" data-end=\"1689\">envelopes de papel\u00e3o refor\u00e7adas<\/strong>,<\/li>\n<li data-start=\"1693\" data-end=\"1785\">dependendo do tamanho e da quantidade, os produtos podem ser enviados em um <strong data-start=\"1767\" data-end=\"1784\">caixa adaptada<\/strong>.<\/li>\n<\/ul>\n<hr data-start=\"1787\" data-end=\"1790\" \/>\n<h2 data-start=\"1792\" data-end=\"1816\">\ud83c\udf0d Zonas de entrega<\/h2>\n<h3 data-start=\"1818\" data-end=\"1837\">Fran\u00e7a &amp; Europa<\/h3>\n<p data-start=\"1839\" data-end=\"1853\">N\u00f3s entregamos:<\/p>\n<ul>\n<li data-start=\"1856\" data-end=\"1881\">em Portugal continental,<\/li>\n<li data-start=\"1884\" data-end=\"1920\">na maioria dos pa\u00edses europeus.<\/li>\n<\/ul>\n<p data-start=\"1922\" data-end=\"2031\">Os custos de envio s\u00e3o calculados automaticamente no momento da encomenda, com base no pa\u00eds de destino.<\/p>\n<hr data-start=\"2033\" data-end=\"2036\" \/>\n<h3 data-start=\"2038\" data-end=\"2069\">Internacional \/ Fora da Europa<\/h3>\n<p data-start=\"2071\" data-end=\"2165\">A entrega tamb\u00e9m \u00e9 poss\u00edvel em alguns pa\u00edses fora da Europa e territ\u00f3rios ultramarinos.<\/p>\n<p data-start=\"2167\" data-end=\"2304\">Se o seu pa\u00eds n\u00e3o estiver listado nas op\u00e7\u00f5es no momento da encomenda, <strong data-start=\"2239\" data-end=\"2273\">n\u00e3o hesite em nos contatar<\/strong> para estudar a viabilidade.<\/p>\n<hr data-start=\"2306\" data-end=\"2309\" \/>\n<h2 data-start=\"2311\" data-end=\"2335\">\ud83d\udcb8 Custos de envio<\/h2>\n<p data-start=\"2337\" data-end=\"2420\">Os custos de envio s\u00e3o indicados antes da valida\u00e7\u00e3o final da encomenda.<\/p>\n<p data-start=\"2422\" data-end=\"2562\">\ud83c\udf81 <strong data-start=\"2425\" data-end=\"2446\">Entrega gr\u00e1tis<\/strong><br data-start=\"2446\" data-end=\"2449\" \/>A entrega \u00e9 gratuita para qualquer encomenda de valor <strong data-start=\"2507\" data-end=\"2535\">superior ou igual a 90 \u20ac<\/strong>, excluindo promo\u00e7\u00f5es em curso.<\/p>\n<hr data-start=\"2564\" data-end=\"2567\" \/>\n<h2 data-start=\"2569\" data-end=\"2608\">\u26a0\ufe0f Atrasos e incidentes na entrega<\/h2>\n<p data-start=\"2610\" data-end=\"2665\">Os prazos de entrega s\u00e3o fornecidos apenas para fins indicativos.<\/p>\n<p data-start=\"2667\" data-end=\"2819\">Em caso de atraso superior a <strong data-start=\"2696\" data-end=\"2708\">30 dias<\/strong> (exceto em casos de for\u00e7a maior), o cliente pode solicitar o cancelamento do pedido e o reembolso total.<\/p>\n<hr data-start=\"2821\" data-end=\"2824\" \/>\n<h2 data-start=\"2826\" data-end=\"2850\">\ud83d\udce6 Recebimento do Pacote<\/h2>\n<p data-start=\"2852\" data-end=\"2896\">Ap\u00f3s o recebimento, o cliente deve:<\/p>\n<ul>\n<li data-start=\"2899\" data-end=\"2924\">verificar o estado da embalagem,<\/li>\n<li data-start=\"2927\" data-end=\"3000\">denuncie qualquer anomalia (pacote danificado, produto ausente ou danificado).<\/li>\n<\/ul>\n<p data-start=\"3002\" data-end=\"3041\">Todas as reclama\u00e7\u00f5es devem ser feitas:<\/p>\n<ul>\n<li data-start=\"3044\" data-end=\"3067\">junto \u00e0 transportadora,<\/li>\n<li data-start=\"3070\" data-end=\"3153\">e junto \u00e0 M-Stickers,<br \/>dentro de um prazo m\u00e1ximo de <strong data-start=\"3120\" data-end=\"3131\">3 dias<\/strong> ap\u00f3s o recebimento.<\/li>\n<\/ul>\n<hr data-start=\"3155\" data-end=\"3158\" \/>\n<h2 data-start=\"3160\" data-end=\"3186\">\ud83d\udce9 Contato e assist\u00eancia<\/h2>\n<p data-start=\"3188\" data-end=\"3299\">Para qualquer quest\u00e3o relativa \u00e0 entrega, prazos ou a uma encomenda em curso, a nossa equipa est\u00e1 dispon\u00edvel:<\/p>\n<p data-start=\"3301\" data-end=\"3401\">\ud83d\udce7 <strong data-start=\"3304\" data-end=\"3330\"><a class=\"decorated-link cursor-pointer\" rel=\"noopener\" data-start=\"3306\" data-end=\"3328\">contact@m-stickers.com<\/a><\/strong><br data-start=\"3330\" data-end=\"3333\" \/>\ud83d\udce9 via o formul\u00e1rio de contato do site<br data-start=\"3372\" data-end=\"3375\" \/>\ud83d\udcac Atrav\u00e9s das nossas redes sociais<\/p>\n<p data-start=\"3403\" data-end=\"3484\">Fazemos o nosso melhor para responder rapidamente e apoiar cada cliente.<\/p>\n<hr data-start=\"3486\" data-end=\"3489\" \/>\n<p data-start=\"3491\" data-end=\"3532\"><strong data-start=\"3491\" data-end=\"3514\">A equipa M-Stickers<\/strong><br data-start=\"3514\" data-end=\"3517\" \/>Mat\u00e9o &amp; Maxence<\/p>\t\t\t\t\t\t\t\t<\/div>\n\t\t\t\t<\/div>\n\t\t\t\t\t<\/div>\n\t\t<\/div>\n\t\t\t\t\t<\/div>\n\t\t<\/section>\n\t\t\t\t<\/div>","protected":false},"excerpt":{"rendered":"<p>LIVRAISON M-Stickers \u2013 www.m-stickers.com \ud83d\udce6 Pr\u00e9paration et exp\u00e9dition des commandes Les produits M-Stickers sont fabriqu\u00e9s \u00e0 la commande, souvent personnalis\u00e9s selon les choix du client (couleurs, dimensions, effets, textes, finitions). Nous ne disposons pas de stock : chaque commande est pr\u00e9par\u00e9e et produite sp\u00e9cifiquement pour vous, afin de garantir un rendu de qualit\u00e9 et une [&hellip;]<\/p>\n","protected":false},"author":1,"featured_media":0,"parent":0,"menu_order":0,"comment_status":"closed","ping_status":"closed","template":"","meta":{"footnotes":""},"class_list":["post-6488","page","type-page","status-publish","hentry","entry","owp-thumbs-layout-horizontal","owp-btn-big","owp-tabs-layout-horizontal","has-no-thumbnails"],"ase":null,"_links":{"self":[{"href":"https:\/\/www.m-stickers.com\/pt\/wp-json\/wp\/v2\/pages\/6488","targetHints":{"allow":["GET"]}}],"collection":[{"href":"https:\/\/www.m-stickers.com\/pt\/wp-json\/wp\/v2\/pages"}],"about":[{"href":"https:\/\/www.m-stickers.com\/pt\/wp-json\/wp\/v2\/types\/page"}],"author":[{"embeddable":true,"href":"https:\/\/www.m-stickers.com\/pt\/wp-json\/wp\/v2\/users\/1"}],"replies":[{"embeddable":true,"href":"https:\/\/www.m-stickers.com\/pt\/wp-json\/wp\/v2\/comments?post=6488"}],"version-history":[{"count":6,"href":"https:\/\/www.m-stickers.com\/pt\/wp-json\/wp\/v2\/pages\/6488\/revisions"}],"predecessor-version":[{"id":63938,"href":"https:\/\/www.m-stickers.com\/pt\/wp-json\/wp\/v2\/pages\/6488\/revisions\/63938"}],"wp:attachment":[{"href":"https:\/\/www.m-stickers.com\/pt\/wp-json\/wp\/v2\/media?parent=6488"}],"curies":[{"name":"Pneu","href":"https:\/\/api.w.org\/{rel}","templated":true}]}}