{"id":13956,"date":"2021-07-26T17:07:51","date_gmt":"2021-07-26T15:07:51","guid":{"rendered":"https:\/\/www.m-stickers.com\/?post_type=product&#038;p=13956"},"modified":"2026-02-10T17:25:02","modified_gmt":"2026-02-10T16:25:02","slug":"kit-de-adesivos-para-rodas-full-camuflagem-1","status":"publish","type":"product","link":"https:\/\/www.m-stickers.com\/pt\/produit\/kit-stickers-de-jantes-full-camo-1\/","title":{"rendered":"Calotas de Liga \u2013 Camuflagem 1"},"content":{"rendered":"<h2>Kit de Adesivos para Pneus Aro - Camuflagem 1 (para 2 aros)<\/h2>\n<p><span style=\"color: #ff0000;\"><strong>!! Aten\u00e7\u00e3o: este kit requer a desmontagem das duas rodas para a instala\u00e7\u00e3o!!<\/strong><\/span><br \/>\nO kit de decora\u00e7\u00e3o de rodas Anel \u2013 Camuflagem 1 inclui:<\/p>\n<ul>\n<li>2 adesivos circulares para o aro da frente.<\/li>\n<li>2 adesivos circulares para o aro traseiro.<\/li>\n<\/ul>\n<p>Todos os nossos adesivos t\u00eam uma plastifica\u00e7\u00e3o que garante durabilidade permanente, bem como resist\u00eancia a respingos de \u00e1gua e aos raios UV. Fabricados na Fran\u00e7a com vinis de alta qualidade, nossos adesivos para rodas <strong>Anelo \u2013 Camuflagem 1<\/strong> Tamb\u00e9m oferecem prote\u00e7\u00e3o ideal para suas rodas.<\/p>\n<h3>Dicas e tutorial para aplicar o Kit de decora\u00e7\u00e3o de roda de moto de 17 polegadas com anel:<\/h3>\n<p>Os autocolantes de aros de jantes anel \u2013 Bicolores s\u00e3o muito f\u00e1ceis de aplicar. Aqui est\u00e1 um tutorial para ajud\u00e1-lo a aplicar corretamente o seu kit de autocolantes Full. <span style=\"color: #ff0000;\">Antes de come\u00e7ar, veja as precau\u00e7\u00f5es a tomar:<\/span><\/p>\n<ul>\n<li>Verifique se a superf\u00edcie da **roda** est\u00e1 lisa.<\/li>\n<li>Limpe e desengordure cuidadosamente a jante com o nosso <strong><a href=\"https:\/\/www.m-stickers.com\/pt\/product-tag\/limpador-de-aros\/\">Limpador de para-lamas para adesivos.<\/a><\/strong> ! \u00c1gua com sab\u00e3o pode ser usada, mas talvez n\u00e3o seja suficiente para remover res\u00edduos de gordura teimosos. O \u00e1lcool \u00e9 uma alternativa, mas <span style=\"color: #ff0000;\">n\u00e3o utilize WD40 ou qualquer outro produto que contenha silicone<\/span>A roda deve estar impecavelmente limpa.<\/li>\n<li>Evite manusear os adesivos pelo lado adesivo.<\/li>\n<li>Se n\u00e3o aplicar os autocolantes imediatamente, guarde-os num local seco e afastado da luz solar direta.<\/li>\n<li>Durante a aplica\u00e7\u00e3o, escolha um local com temperatura de pelo menos 15\u00b0C, protegido do vento e da poeira. Aquecer ligeiramente a jante antes da instala\u00e7\u00e3o tamb\u00e9m pode melhorar a ader\u00eancia dos autocolantes. Uma temperatura muito baixa pode comprometer a ades\u00e3o ideal dos autocolantes.<\/li>\n<li>Ap\u00f3s a aplica\u00e7\u00e3o, evite a exposi\u00e7\u00e3o ao frio e \u00e0 humidade para garantir uma boa ader\u00eancia.<\/li>\n<\/ul>\n<p><a href=\"https:\/\/www.m-stickers.com\/pt\/tutorial-how-to-install-your-wheel-decor-kit-rings\/\"><strong>Dicas e tutorial para instalar o seu kit decorativo <\/strong><\/a><a href=\"https:\/\/www.m-stickers.com\/pt\/tutorial-how-to-install-your-wheel-decor-kit-rings\/\"><img decoding=\"async\" class=\"alignnone wp-image-6382\" src=\"https:\/\/www.m-stickers.com\/wp-content\/uploads\/2021\/01\/bouton-tuto-300x74.png\" alt=\"\" width=\"150\" height=\"37\" srcset=\"https:\/\/www.m-stickers.com\/wp-content\/uploads\/2021\/01\/bouton-tuto-300x74.png 300w, https:\/\/www.m-stickers.com\/wp-content\/uploads\/2021\/01\/bouton-tuto.png 413w\" sizes=\"(max-width: 150px) 100vw, 150px\" \/><\/a><\/p>\n<h4><a href=\"https:\/\/www.youtube.com\/watch?v=0O3GAvq4GVQ\">V\u00eddeo tutorial completo para instalar o kit de decora\u00e7\u00e3o de rodas An\u00e9is<\/a><\/h4>\n<hr \/>\n<h2>\u00c9 poss\u00edvel personalizar os adesivos de aro de roda?<\/h2>\n<p>Voc\u00ea pode personalizar seu kit decorativo de aros Anel escolhendo entre nossos efeitos! Oferecemos op\u00e7\u00f5es como: Hologr\u00e1fico \/ Fotoluminescente \/ Retrorrefletivo \/ Fluorescente \/ Brilhante \/ Fosco. <strong>-&gt; <a href=\"https:\/\/www.m-stickers.com\/pt\/nossos-adesivos\/\">Clique aqui para saber mais sobre nossos efeitos de decalques!<\/a><\/strong><br \/>\nVoc\u00ea tamb\u00e9m pode criar seu pr\u00f3prio kit decorativo para aros An\u00e9is com nosso <strong><a href=\"https:\/\/www.m-stickers.com\/pt\/categorie-configurator\/\">Configurador instant\u00e2neo!<\/a><a href=\"https:\/\/www.m-stickers.com\/pt\/categorie-configurator\/\"><img decoding=\"async\" class=\"alignnone wp-image-6380\" src=\"https:\/\/www.m-stickers.com\/wp-content\/uploads\/2021\/01\/bouton-configurator-3-300x74.png\" alt=\"\" width=\"150\" height=\"37\" srcset=\"https:\/\/www.m-stickers.com\/wp-content\/uploads\/2021\/01\/bouton-configurator-3-300x74.png 300w, https:\/\/www.m-stickers.com\/wp-content\/uploads\/2021\/01\/bouton-configurator-3.png 413w\" sizes=\"(max-width: 150px) 100vw, 150px\" \/><\/a><\/strong><\/p>\n<hr \/>\n<h3>Kit de decora\u00e7\u00e3o de roda de moto de 17 polegadas Anel: quais s\u00e3o as cores dispon\u00edveis?<\/h3>\n<p>Nossos kits decorativos para aros de moto s\u00e3o oferecidos por padr\u00e3o nas seguintes cores: Branco \/ Preto \/ Vermelho \/ Laranja \/ Amarelo \/ Verde \/ Ciano \/ Azul \/ Rosa. Voc\u00ea tamb\u00e9m pode escolher uma cor personalizada atrav\u00e9s de nossa op\u00e7\u00e3o de cor espec\u00edfica ou consultando nossa cartela de cores: <a href=\"https:\/\/www.m-stickers.com\/pt\/nuancier-de-adesivos\/\">Nuancier M-Stickers\n```\nNuancier M-Stickers\n```<\/a>.<\/p>\n<hr \/>\n<h4>Uma pergunta sobre o kit decorativo para roda? Um pedido de personaliza\u00e7\u00e3o? N\u00e3o hesite em nos contatar atrav\u00e9s da p\u00e1gina de contato: <a href=\"https:\/\/www.m-stickers.com\/pt\/contato\/\"><img decoding=\"async\" class=\"alignnone wp-image-6381\" src=\"https:\/\/www.m-stickers.com\/wp-content\/uploads\/2021\/01\/bouton-contact-300x74.png\" alt=\"\" width=\"150\" height=\"37\" srcset=\"https:\/\/www.m-stickers.com\/wp-content\/uploads\/2021\/01\/bouton-contact-300x74.png 300w, https:\/\/www.m-stickers.com\/wp-content\/uploads\/2021\/01\/bouton-contact.png 413w\" sizes=\"(max-width: 150px) 100vw, 150px\" \/><\/a><\/h4>\n<h4><\/h4>","protected":false},"excerpt":{"rendered":"<h2 style=\"text-align: center;\">Kit de Adesivos de Liga de Aro \u2013 Camuflagem 1 (para 2 rodas)<\/h2>\n<hr \/>\n<h2 style=\"text-align: center;\"><span style=\"color: #ff0000;\"><strong>KIT DE ANEL PERSONALIZADO<\/strong><\/span><\/h2>\n<h3 style=\"text-align: justify; text-justify: inter-word;\"><strong><a href=\"https:\/\/www.m-stickers.com\/pt\/configurador\/configurar\/53173\/\">Personalize seu kit decorativo de aros de jante com mais designs, mais cores e efeitos exclusivos gra\u00e7as ao nosso configurador!<\/a><\/strong><\/h3>\n<h3><strong><a href=\"https:\/\/www.m-stickers.com\/pt\/configurador\/configurar\/53173\/\"><img loading=\"lazy\" decoding=\"async\" class=\"aligncenter wp-image-6380\" src=\"https:\/\/www.m-stickers.com\/wp-content\/uploads\/2021\/01\/bouton-configurator-3-300x74.png\" alt=\"\" width=\"150\" height=\"37\" srcset=\"https:\/\/www.m-stickers.com\/wp-content\/uploads\/2021\/01\/bouton-configurator-3-300x74.png 300w, https:\/\/www.m-stickers.com\/wp-content\/uploads\/2021\/01\/bouton-configurator-3.png 413w\" sizes=\"(max-width: 150px) 100vw, 150px\" \/><\/a><\/strong><\/h3>\n<hr \/>\n<h2 style=\"text-align: center;\"><span style=\"color: #ff0000;\"><strong>KIT ANEL<\/strong><\/span><\/h2>","protected":false},"featured_media":13983,"comment_status":"open","ping_status":"closed","template":"","meta":[],"product_brand":[],"product_cat":[132],"product_tag":[354,400,133,127],"class_list":{"0":"post-13956","1":"product","2":"type-product","3":"status-publish","4":"has-post-thumbnail","6":"product_cat-kits-full","7":"product_tag-anneau","8":"product_tag-anneaux","9":"product_tag-stickers-full","10":"product_tag-stickers-jantes","11":"product_shipping_class-anneau","13":"entry","14":"has-media","16":"first","17":"instock","18":"taxable","19":"shipping-taxable","20":"purchasable","21":"product-type-variable","22":"has-default-attributes","23":"col","24":"span_1_of_5","25":"owp-content-center","26":"item-entry","27":"owp-thumbs-layout-horizontal","28":"owp-btn-big","29":"owp-tabs-layout-horizontal","30":"has-no-thumbnails"},"ase":null,"_links":{"self":[{"href":"https:\/\/www.m-stickers.com\/pt\/wp-json\/wp\/v2\/product\/13956","targetHints":{"allow":["GET"]}}],"collection":[{"href":"https:\/\/www.m-stickers.com\/pt\/wp-json\/wp\/v2\/product"}],"about":[{"href":"https:\/\/www.m-stickers.com\/pt\/wp-json\/wp\/v2\/types\/product"}],"replies":[{"embeddable":true,"href":"https:\/\/www.m-stickers.com\/pt\/wp-json\/wp\/v2\/comments?post=13956"}],"wp:featuredmedia":[{"embeddable":true,"href":"https:\/\/www.m-stickers.com\/pt\/wp-json\/wp\/v2\/media\/13983"}],"wp:attachment":[{"href":"https:\/\/www.m-stickers.com\/pt\/wp-json\/wp\/v2\/media?parent=13956"}],"wp:term":[{"taxonomy":"product_brand","embeddable":true,"href":"https:\/\/www.m-stickers.com\/pt\/wp-json\/wp\/v2\/product_brand?post=13956"},{"taxonomy":"product_cat","embeddable":true,"href":"https:\/\/www.m-stickers.com\/pt\/wp-json\/wp\/v2\/product_cat?post=13956"},{"taxonomy":"product_tag","embeddable":true,"href":"https:\/\/www.m-stickers.com\/pt\/wp-json\/wp\/v2\/product_tag?post=13956"}],"curies":[{"name":"Pneu","href":"https:\/\/api.w.org\/{rel}","templated":true}]}}